{"id":140224,"date":"2022-10-04T15:55:56","date_gmt":"2022-10-04T12:55:56","guid":{"rendered":"https:\/\/mediatrade.fi\/tapahtumat\/"},"modified":"2024-03-20T13:13:16","modified_gmt":"2024-03-20T11:13:16","slug":"events","status":"publish","type":"page","link":"https:\/\/mediatrade.fi\/en\/events\/","title":{"rendered":"Events"},"content":{"rendered":"\n<section id=\"hero-subpage\" class=\"block block-hero-subpage hero-item container-fluid \">\n    <div class=\"container\">\n        <div class=\"row justify-content-end justify-content-md-between\">\n                            <div class=\"col-12 col-md-8 offset-md-4 image-col\">\n                    <div class=\"image-wrapper\">\n                        <div class=\"image\">\n                                                                                        <img decoding=\"async\" src=\"https:\/\/mediatrade.fi\/wp-content\/uploads\/2022\/10\/ARRI-tapahtumasta-PS-copy-e1665060589916.jpg\" width=\"840\" height=\"464\" class=\"desktop\" alt=\"\" loading=\"lazy\">                                <img decoding=\"async\" src=\"https:\/\/mediatrade.fi\/wp-content\/uploads\/2022\/10\/Untitled-1-copy-e1665753257937.jpg\" width=\"840\" height=\"596\" class=\"mobile\" alt=\"\" loading=\"lazy\">                                                                                <\/div>\n                    <\/div>\n                <\/div>\n            \n            <div class=\"col-12 col-md-4 order-md-2\">\n                <div class=\"ingress desktop hero-arrow-down\">We organize various workshops and events in our showroom and with partners in different locations.<\/div>\n            <\/div>\n            <div class=\"col-12 col-md-7 order-md-1 content-col\">\n                <div class=\"entry-content\">\n                    <h1 class=\"block-title\">Events<\/h1>\n                    <div class=\"ingress mobile\">We organize various workshops and events in our showroom and with partners in different locations.<\/div>\n                <\/div>\n            <\/div>\n        <\/div>\n    <\/div>\n<\/section>\n\n\n<section id=\"acf-block-69e9eca6cab77\" class=\"block block-content-wrapper container-fluid \">\n    <div class=\"container\">\n        <div class=\"row\">\n                        <div class=\"col-12 col-xl-10 offset-xl-1 col-hd-8 offset-hd-2\">\n                <main class=\"entry-content\">\n                    \n\n<h2 class=\"wp-block-heading has-text-align-center\">Previous events<\/h2>\n\n\n                <\/main>\n            <\/div>\n        <\/div>\n    <\/div>\n<\/section>\n\n\n<section id=\"acf-block-69e9eca6cc1f5\" class=\"block block-media-card container-fluid \">\n    <div class=\"container\">\n        <div class=\"row \">\n            <div class=\"col-12 col-lg-7 col-xl-8\">\n                <div class=\"image-card-wrapper \">\n                                                                <img decoding=\"async\" src=\"https:\/\/mediatrade.fi\/wp-content\/uploads\/2024\/02\/Aputure-electro-storm-1024x1024.jpg\" alt=\"\" loading=\"lazy\">                                                        <\/div>\n            <\/div>\n            <div class=\"col-12 col-lg-5 col-xl-4 text-wrapper\">\n\n                <main class=\"entry-content card-entry-content color-grey \">\n                    \n\n<h2 class=\"wp-block-heading\">OPEN HOUSE<\/h2>\n\n\n\n<h3 class=\"wp-block-heading\"><br>APUTURE<\/h3>\n\n\n\n<h3 class=\"wp-block-heading\"><strong>ELECTRO STORM <\/strong><br><span style=\"font-size: 1.5rem;\"><\/span><\/h3>\n\n\n\n<h4 class=\"wp-block-heading\">Mediatrade Showroom,       <span style=\"font-size: 1.2rem;\"><strong>February 28,<\/strong> 17:00-19:00<\/span><\/h4>\n\n\n\n<p><strong>Come and test<\/strong> Aputure Electro Storm lights with Aputure&#8217;s Jason Stewart.<\/p>\n\n\n\n<p><span style=\"font-size: 1.2rem;\"><\/span><\/p>\n\n\n\n<div class=\"wp-block-button\"><a class=\"wp-block-button__link wp-element-button\" href=\"https:\/\/mediatrade.fi\/merkit\/aputure\/aputure-open-house\/\" target=\"_blank\" rel=\"noreferrer noopener\">Register for the event<\/a><\/div>\n\n\n\n<div class=\"wp-block-button\"><a class=\"wp-block-button__link wp-element-button\" href=\"https:\/\/www.facebook.com\/events\/412651457776749\/\" target=\"_blank\" rel=\"noreferrer noopener\">Facebook event<\/a><\/div>\n\n\n                <\/main>\n            <\/div>\n        <\/div>\n    <\/div>\n<\/section>\n\n\n<section id=\"acf-block-69e9eca6ccf81\" class=\"block block-media-card container-fluid \">\n    <div class=\"container\">\n        <div class=\"row \">\n            <div class=\"col-12 col-lg-7 col-xl-8\">\n                <div class=\"image-card-wrapper \">\n                                                                <img decoding=\"async\" src=\"https:\/\/mediatrade.fi\/wp-content\/uploads\/2024\/01\/ISE-AOTO-Panel-PNG-1024x1024.png\" alt=\"\" loading=\"lazy\">                                                        <\/div>\n            <\/div>\n            <div class=\"col-12 col-lg-5 col-xl-4 text-wrapper\">\n\n                <main class=\"entry-content card-entry-content color-grey \">\n                    \n\n<h2 class=\"wp-block-heading\">ISE PANEL 2024<\/h2>\n\n\n\n<h4 class=\"wp-block-heading\">AOTO booth, 2:30pm, Thursday 1st Feb.<\/h4>\n\n\n\n<p><strong>Tommi Rosnell<\/strong> is participating in the ISE panel discussion &#8220;Filming with Virtual Production: Who is involved?&#8221;.<\/p>\n\n\n\n<div class=\"wp-block-button\"><a class=\"wp-block-button__link wp-element-button\" href=\"https:\/\/www.iseurope.org\/ise-2024-conference-programme\" target=\"_blank\" rel=\"noreferrer noopener\">ISE OFFICIAL WEBSITE<\/a><\/div>\n\n\n                <\/main>\n            <\/div>\n        <\/div>\n    <\/div>\n<\/section>\n\n\n<section id=\"acf-block-69e9eca6cdcad\" class=\"block block-media-card container-fluid \">\n    <div class=\"container\">\n        <div class=\"row flip-content\">\n            <div class=\"col-12 col-lg-7 col-xl-8\">\n                <div class=\"image-card-wrapper \">\n                                                                <img decoding=\"async\" src=\"https:\/\/mediatrade.fi\/wp-content\/uploads\/2023\/10\/1920x960_XR_Auku-1024x512.jpg\" alt=\"\" loading=\"lazy\">                                                        <\/div>\n            <\/div>\n            <div class=\"col-12 col-lg-5 col-xl-4 text-wrapper\">\n\n                <main class=\"entry-content card-entry-content color-grey \">\n                    \n\n<h2 class=\"wp-block-heading\">AUDIOVISUAL EXPO 2023<\/h2>\n\n\n\n<h3 class=\"wp-block-heading\">Esitelm\u00e4, <strong>Tommi Rosnell<\/strong><span style=\"font-size: revert; color: initial;\"><\/span><\/h3>\n\n\n\n<h4 class=\"wp-block-heading\">12.10. klo 13-13:45<\/h4>\n\n\n\n<p><br><span style=\"font-size: revert; color: initial;\"><\/span><\/p>\n\n\n\n<p>Valaisun kehitys in-camera VFX tuotannossa Mandalorianista t\u00e4h\u00e4n p\u00e4iv\u00e4\u00e4n.<\/p>\n\n\n\n<div class=\"wp-block-button has-custom-width wp-block-button__width-50\"><a class=\"wp-block-button__link wp-element-button\" href=\"https:\/\/audiovisualexpo.messukeskus.com\/ohjelma\/#programmeDay=1697101200&amp;programmePerformer=Tommi%20Rosnell\" target=\"_blank\" rel=\"noreferrer noopener\">LUE LIS\u00c4\u00c4<\/a><\/div>\n\n\n                <\/main>\n            <\/div>\n        <\/div>\n    <\/div>\n<\/section>\n\n\n<section id=\"acf-block-69e9eca6ce826\" class=\"block block-media-card container-fluid \">\n    <div class=\"container\">\n        <div class=\"row \">\n            <div class=\"col-12 col-lg-7 col-xl-8\">\n                <div class=\"image-card-wrapper \">\n                                                                <img decoding=\"async\" src=\"https:\/\/mediatrade.fi\/wp-content\/uploads\/2023\/10\/Turvallisuus-LiveU-1024x427.jpg\" alt=\"\" loading=\"lazy\">                                                        <\/div>\n            <\/div>\n            <div class=\"col-12 col-lg-5 col-xl-4 text-wrapper\">\n\n                <main class=\"entry-content card-entry-content color-grey \">\n                    \n\n<h2 class=\"wp-block-heading\">Mediatrade ja LiveU Turvallisuus-messuilla<\/h2>\n\n\n\n<p>Tule tapaamaan meit\u00e4 pisteelle 6s59!<\/p>\n\n\n\n<div class=\"wp-block-button\"><a class=\"wp-block-button__link wp-element-button\" href=\"https:\/\/turvallisuus.messukeskus.com\/yritys\/52884\/liveu\/#programmeDay=36000\" target=\"_blank\" rel=\"noreferrer noopener\">LUE LIS\u00c4\u00c4<\/a><\/div>\n\n\n                <\/main>\n            <\/div>\n        <\/div>\n    <\/div>\n<\/section>\n\n\n<section id=\"acf-block-69e9eca6cf385\" class=\"block block-media-card container-fluid \">\n    <div class=\"container\">\n        <div class=\"row \">\n            <div class=\"col-12 col-lg-7 col-xl-8\">\n                <div class=\"image-card-wrapper \">\n                                                                <img decoding=\"async\" src=\"https:\/\/mediatrade.fi\/wp-content\/uploads\/2023\/09\/BMD-6K-Face-1024x536.jpeg\" alt=\"\" loading=\"lazy\">                                                        <\/div>\n            <\/div>\n            <div class=\"col-12 col-lg-5 col-xl-4 text-wrapper\">\n\n                <main class=\"entry-content card-entry-content color-grey \">\n                    \n\n<h2 class=\"wp-block-heading\">Blackmagic Cinema Camera 6K Hands On<\/h2>\n\n\n\n<h4 class=\"wp-block-heading\">5.10, klo 15:00-18:00, Mediatrade<\/h4>\n\n\n\n<div class=\"wp-block-button\"><a class=\"wp-block-button__link wp-element-button\" href=\"https:\/\/mediatrade.fi\/tapahtumat\/blackmagic-cinema-camera-6k-open-house\/\" target=\"_blank\" rel=\"noreferrer noopener\">LUE LIS\u00c4\u00c4<\/a><\/div>\n\n\n                <\/main>\n            <\/div>\n        <\/div>\n    <\/div>\n<\/section>\n\n\n<section id=\"acf-block-69e9eca6cfeb1\" class=\"block block-media-card container-fluid \">\n    <div class=\"container\">\n        <div class=\"row \">\n            <div class=\"col-12 col-lg-7 col-xl-8\">\n                <div class=\"image-card-wrapper \">\n                                                                <img decoding=\"async\" src=\"https:\/\/mediatrade.fi\/wp-content\/uploads\/2023\/06\/XR-stage-Mediatrade-1024x576.jpg\" alt=\"\" loading=\"lazy\">                                                        <\/div>\n            <\/div>\n            <div class=\"col-12 col-lg-5 col-xl-4 text-wrapper\">\n\n                <main class=\"entry-content card-entry-content color-grey \">\n                    \n\n<h2 class=\"wp-block-heading\">ARRI Alexa 35 on XR Stage<\/h2>\n\n\n\n<h4 class=\"wp-block-heading\">June 20th, 17:00-19:00<\/h4>\n\n\n\n<p>Attendees will gain insight into the latest trends, techniques, and applications of XR production.<\/p>\n\n\n\n<div class=\"wp-block-button\"><a class=\"wp-block-button__link wp-element-button\" href=\"https:\/\/mediatrade.fi\/tapahtumat\/arri-alexa-35-on-xr-stage\/\" target=\"_blank\" rel=\"noreferrer noopener\">READ MORE<\/a><\/div>\n\n\n                <\/main>\n            <\/div>\n        <\/div>\n    <\/div>\n<\/section>\n\n\n<section id=\"acf-block-69e9eca6d0af9\" class=\"block block-media-card container-fluid \">\n    <div class=\"container\">\n        <div class=\"row \">\n            <div class=\"col-12 col-lg-7 col-xl-8\">\n                <div class=\"image-card-wrapper \">\n                                                                <img decoding=\"async\" src=\"https:\/\/mediatrade.fi\/wp-content\/uploads\/2023\/01\/MediaTrade-Open-House-1080x1080-1-1024x1024.jpg\" alt=\"\" loading=\"lazy\">                                                        <\/div>\n            <\/div>\n            <div class=\"col-12 col-lg-5 col-xl-4 text-wrapper\">\n\n                <main class=\"entry-content card-entry-content color-grey \">\n                    \n\n<h3 class=\"wp-block-heading\">CANON &#8211; MEDIATRADE<\/h3>\n\n\n\n<h2 class=\"wp-block-heading\">Robottikamerat striimauksessa<\/h2>\n\n\n\n<h4 class=\"wp-block-heading\">15.2.2023, Mediatraden showroom, klo 14-18<\/h4>\n\n\n\n<p><strong>Testaa<\/strong> Canonin robottikameroita yhdess\u00e4 Canonin ja Mediatraden asiantuntijoiden kanssa. <\/p>\n\n\n\n<p>Tutustu erilaisiin striimausvaihtoehtoihin ja Canonin vastajulkaistuihin kameroihin, linsseihin ja p\u00e4ivityksiin.<\/p>\n\n\n\n<div class=\"wp-block-button\"><a class=\"wp-block-button__link wp-element-button\" href=\"https:\/\/www.eventbrite.com\/e\/robottikamerat-striimauksessa-tickets-500045458427\" target=\"_blank\" rel=\"noreferrer noopener\">ILMOITTAUTUMInen ja lis\u00e4tietoja<\/a><\/div>\n\n\n                <\/main>\n            <\/div>\n        <\/div>\n    <\/div>\n<\/section>\n\n\n<section id=\"acf-block-69e9eca6d168c\" class=\"block block-media-card container-fluid \">\n    <div class=\"container\">\n        <div class=\"row \">\n            <div class=\"col-12 col-lg-7 col-xl-8\">\n                <div class=\"image-card-wrapper \">\n                                                                <img decoding=\"async\" src=\"https:\/\/mediatrade.fi\/wp-content\/uploads\/2022\/10\/ATEM-SDI-tapahtumat-1024x576.jpg\" alt=\"\" loading=\"lazy\">                                                        <\/div>\n            <\/div>\n            <div class=\"col-12 col-lg-5 col-xl-4 text-wrapper\">\n\n                <main class=\"entry-content card-entry-content color-pink \">\n                    \n\n<h3 class=\"wp-block-heading\">BLACKMAGIC DESIGN &#8211; MEDIATRADE<\/h3>\n\n\n\n<h2 class=\"wp-block-heading\">ATEM SDI Live Production Workshop<\/h2>\n\n\n\n<h4 class=\"wp-block-heading\">23.11. klo 13-16, Rental Studio Helsinki<\/h4>\n\n\n\n<div class=\"wp-block-button\"><a class=\"wp-block-button__link wp-element-button\" href=\"https:\/\/mediatrade.fi\/tapahtumat\/atem-sdi-live-production-workshop\/\" target=\"_blank\" rel=\"noreferrer noopener\">LUE LIS\u00c4\u00c4<\/a><\/div>\n\n\n                <\/main>\n            <\/div>\n        <\/div>\n    <\/div>\n<\/section>\n\n\n<section id=\"acf-block-69e9eca6d2106\" class=\"block block-media-card container-fluid \">\n    <div class=\"container\">\n        <div class=\"row flip-content\">\n            <div class=\"col-12 col-lg-7 col-xl-8\">\n                <div class=\"image-card-wrapper \">\n                                                                <img decoding=\"async\" src=\"https:\/\/mediatrade.fi\/wp-content\/uploads\/2022\/10\/Afterworkshop-fb-cover-e1666704589276.jpg\" alt=\"\" loading=\"lazy\">                                                        <\/div>\n            <\/div>\n            <div class=\"col-12 col-lg-5 col-xl-4 text-wrapper\">\n\n                <main class=\"entry-content card-entry-content color-grey \">\n                    \n\n<h3 class=\"wp-block-heading\" id=\"kinosmediatradeambient\">KINOS &#8211; MEDIATRADE &#8211; AMBIENT<\/h3>\n\n\n\n<h2 class=\"wp-block-heading\">KINOS afterWORKSHOP<br>AMBIENT <\/h2>\n\n\n\n<h4 class=\"wp-block-heading\">18.11. klo 18, KINOS RENTALS STUDIO<\/h4>\n\n\n                <\/main>\n            <\/div>\n        <\/div>\n    <\/div>\n<\/section>","protected":false},"excerpt":{"rendered":"","protected":false},"author":1842,"featured_media":0,"parent":0,"menu_order":0,"comment_status":"closed","ping_status":"closed","template":"","meta":{"_acf_changed":false,"_relevanssi_hide_post":"","_relevanssi_hide_content":"","_relevanssi_pin_for_all":"","_relevanssi_pin_keywords":"","_relevanssi_unpin_keywords":"","_relevanssi_related_keywords":"","_relevanssi_related_include_ids":"","_relevanssi_related_exclude_ids":"","_relevanssi_related_no_append":"","_relevanssi_related_not_related":"","_relevanssi_related_posts":"194189,194190,194997,184453,193994,194994","_relevanssi_noindex_reason":"","footnotes":""},"class_list":["post-140224","page","type-page","status-publish","hentry"],"acf":[],"yoast_head":"<!-- This site is optimized with the Yoast SEO plugin v27.4 - https:\/\/yoast.com\/product\/yoast-seo-wordpress\/ -->\n<title>Events - Mediatrade<\/title>\n<meta name=\"description\" content=\"T\u00e4lt\u00e4 sivulta l\u00f6yd\u00e4t tietoa tulevista tapahtumistamme.J\u00e4rjest\u00e4mme monenlaisia tapahtumia showroomisamme ja kumppaniemme kanssa eri paikoissa.\" \/>\n<meta name=\"robots\" content=\"index, follow, max-snippet:-1, max-image-preview:large, max-video-preview:-1\" \/>\n<link rel=\"canonical\" href=\"https:\/\/mediatrade.fi\/en\/events\/\" \/>\n<meta property=\"og:locale\" content=\"en_US\" \/>\n<meta property=\"og:type\" content=\"article\" \/>\n<meta property=\"og:title\" content=\"Events - Mediatrade\" \/>\n<meta property=\"og:description\" content=\"T\u00e4lt\u00e4 sivulta l\u00f6yd\u00e4t tietoa tulevista tapahtumistamme.J\u00e4rjest\u00e4mme monenlaisia tapahtumia showroomisamme ja kumppaniemme kanssa eri paikoissa.\" \/>\n<meta property=\"og:url\" content=\"https:\/\/mediatrade.fi\/en\/events\/\" \/>\n<meta property=\"og:site_name\" content=\"Mediatrade\" \/>\n<meta property=\"article:modified_time\" content=\"2024-03-20T11:13:16+00:00\" \/>\n<meta name=\"twitter:card\" content=\"summary_large_image\" \/>\n<meta name=\"twitter:label1\" content=\"Est. reading time\" \/>\n\t<meta name=\"twitter:data1\" content=\"5 minutes\" \/>\n<script type=\"application\/ld+json\" class=\"yoast-schema-graph\">{\"@context\":\"https:\\\/\\\/schema.org\",\"@graph\":[{\"@type\":\"WebPage\",\"@id\":\"https:\\\/\\\/mediatrade.fi\\\/en\\\/events\\\/\",\"url\":\"https:\\\/\\\/mediatrade.fi\\\/en\\\/events\\\/\",\"name\":\"Events - Mediatrade\",\"isPartOf\":{\"@id\":\"https:\\\/\\\/mediatrade.fi\\\/en\\\/#website\"},\"datePublished\":\"2022-10-04T12:55:56+00:00\",\"dateModified\":\"2024-03-20T11:13:16+00:00\",\"description\":\"T\u00e4lt\u00e4 sivulta l\u00f6yd\u00e4t tietoa tulevista tapahtumistamme.J\u00e4rjest\u00e4mme monenlaisia tapahtumia showroomisamme ja kumppaniemme kanssa eri paikoissa.\",\"breadcrumb\":{\"@id\":\"https:\\\/\\\/mediatrade.fi\\\/en\\\/events\\\/#breadcrumb\"},\"inLanguage\":\"en-US\",\"potentialAction\":[{\"@type\":\"ReadAction\",\"target\":[\"https:\\\/\\\/mediatrade.fi\\\/en\\\/events\\\/\"]}]},{\"@type\":\"BreadcrumbList\",\"@id\":\"https:\\\/\\\/mediatrade.fi\\\/en\\\/events\\\/#breadcrumb\",\"itemListElement\":[{\"@type\":\"ListItem\",\"position\":1,\"name\":\"Front Page\",\"item\":\"https:\\\/\\\/mediatrade.fi\\\/en\\\/\"},{\"@type\":\"ListItem\",\"position\":2,\"name\":\"Events\"}]},{\"@type\":\"WebSite\",\"@id\":\"https:\\\/\\\/mediatrade.fi\\\/en\\\/#website\",\"url\":\"https:\\\/\\\/mediatrade.fi\\\/en\\\/\",\"name\":\"Mediatrade\",\"description\":\"\",\"publisher\":{\"@id\":\"https:\\\/\\\/mediatrade.fi\\\/en\\\/#organization\"},\"potentialAction\":[{\"@type\":\"SearchAction\",\"target\":{\"@type\":\"EntryPoint\",\"urlTemplate\":\"https:\\\/\\\/mediatrade.fi\\\/en\\\/?s={search_term_string}\"},\"query-input\":{\"@type\":\"PropertyValueSpecification\",\"valueRequired\":true,\"valueName\":\"search_term_string\"}}],\"inLanguage\":\"en-US\"},{\"@type\":\"Organization\",\"@id\":\"https:\\\/\\\/mediatrade.fi\\\/en\\\/#organization\",\"name\":\"Mediatrade\",\"url\":\"https:\\\/\\\/mediatrade.fi\\\/en\\\/\",\"logo\":{\"@type\":\"ImageObject\",\"inLanguage\":\"en-US\",\"@id\":\"https:\\\/\\\/mediatrade.fi\\\/en\\\/#\\\/schema\\\/logo\\\/image\\\/\",\"url\":\"https:\\\/\\\/mediatrade.fi\\\/wp-content\\\/uploads\\\/2022\\\/04\\\/Group-640.svg\",\"contentUrl\":\"https:\\\/\\\/mediatrade.fi\\\/wp-content\\\/uploads\\\/2022\\\/04\\\/Group-640.svg\",\"width\":128,\"height\":43,\"caption\":\"Mediatrade\"},\"image\":{\"@id\":\"https:\\\/\\\/mediatrade.fi\\\/en\\\/#\\\/schema\\\/logo\\\/image\\\/\"}}]}<\/script>\n<!-- \/ Yoast SEO plugin. -->","yoast_head_json":{"title":"Events - Mediatrade","description":"T\u00e4lt\u00e4 sivulta l\u00f6yd\u00e4t tietoa tulevista tapahtumistamme.J\u00e4rjest\u00e4mme monenlaisia tapahtumia showroomisamme ja kumppaniemme kanssa eri paikoissa.","robots":{"index":"index","follow":"follow","max-snippet":"max-snippet:-1","max-image-preview":"max-image-preview:large","max-video-preview":"max-video-preview:-1"},"canonical":"https:\/\/mediatrade.fi\/en\/events\/","og_locale":"en_US","og_type":"article","og_title":"Events - Mediatrade","og_description":"T\u00e4lt\u00e4 sivulta l\u00f6yd\u00e4t tietoa tulevista tapahtumistamme.J\u00e4rjest\u00e4mme monenlaisia tapahtumia showroomisamme ja kumppaniemme kanssa eri paikoissa.","og_url":"https:\/\/mediatrade.fi\/en\/events\/","og_site_name":"Mediatrade","article_modified_time":"2024-03-20T11:13:16+00:00","twitter_card":"summary_large_image","twitter_misc":{"Est. reading time":"5 minutes"},"schema":{"@context":"https:\/\/schema.org","@graph":[{"@type":"WebPage","@id":"https:\/\/mediatrade.fi\/en\/events\/","url":"https:\/\/mediatrade.fi\/en\/events\/","name":"Events - Mediatrade","isPartOf":{"@id":"https:\/\/mediatrade.fi\/en\/#website"},"datePublished":"2022-10-04T12:55:56+00:00","dateModified":"2024-03-20T11:13:16+00:00","description":"T\u00e4lt\u00e4 sivulta l\u00f6yd\u00e4t tietoa tulevista tapahtumistamme.J\u00e4rjest\u00e4mme monenlaisia tapahtumia showroomisamme ja kumppaniemme kanssa eri paikoissa.","breadcrumb":{"@id":"https:\/\/mediatrade.fi\/en\/events\/#breadcrumb"},"inLanguage":"en-US","potentialAction":[{"@type":"ReadAction","target":["https:\/\/mediatrade.fi\/en\/events\/"]}]},{"@type":"BreadcrumbList","@id":"https:\/\/mediatrade.fi\/en\/events\/#breadcrumb","itemListElement":[{"@type":"ListItem","position":1,"name":"Front Page","item":"https:\/\/mediatrade.fi\/en\/"},{"@type":"ListItem","position":2,"name":"Events"}]},{"@type":"WebSite","@id":"https:\/\/mediatrade.fi\/en\/#website","url":"https:\/\/mediatrade.fi\/en\/","name":"Mediatrade","description":"","publisher":{"@id":"https:\/\/mediatrade.fi\/en\/#organization"},"potentialAction":[{"@type":"SearchAction","target":{"@type":"EntryPoint","urlTemplate":"https:\/\/mediatrade.fi\/en\/?s={search_term_string}"},"query-input":{"@type":"PropertyValueSpecification","valueRequired":true,"valueName":"search_term_string"}}],"inLanguage":"en-US"},{"@type":"Organization","@id":"https:\/\/mediatrade.fi\/en\/#organization","name":"Mediatrade","url":"https:\/\/mediatrade.fi\/en\/","logo":{"@type":"ImageObject","inLanguage":"en-US","@id":"https:\/\/mediatrade.fi\/en\/#\/schema\/logo\/image\/","url":"https:\/\/mediatrade.fi\/wp-content\/uploads\/2022\/04\/Group-640.svg","contentUrl":"https:\/\/mediatrade.fi\/wp-content\/uploads\/2022\/04\/Group-640.svg","width":128,"height":43,"caption":"Mediatrade"},"image":{"@id":"https:\/\/mediatrade.fi\/en\/#\/schema\/logo\/image\/"}}]}},"_links":{"self":[{"href":"https:\/\/mediatrade.fi\/en\/wp-json\/wp\/v2\/pages\/140224","targetHints":{"allow":["GET"]}}],"collection":[{"href":"https:\/\/mediatrade.fi\/en\/wp-json\/wp\/v2\/pages"}],"about":[{"href":"https:\/\/mediatrade.fi\/en\/wp-json\/wp\/v2\/types\/page"}],"author":[{"embeddable":true,"href":"https:\/\/mediatrade.fi\/en\/wp-json\/wp\/v2\/users\/1842"}],"replies":[{"embeddable":true,"href":"https:\/\/mediatrade.fi\/en\/wp-json\/wp\/v2\/comments?post=140224"}],"version-history":[{"count":2,"href":"https:\/\/mediatrade.fi\/en\/wp-json\/wp\/v2\/pages\/140224\/revisions"}],"predecessor-version":[{"id":140228,"href":"https:\/\/mediatrade.fi\/en\/wp-json\/wp\/v2\/pages\/140224\/revisions\/140228"}],"wp:attachment":[{"href":"https:\/\/mediatrade.fi\/en\/wp-json\/wp\/v2\/media?parent=140224"}],"curies":[{"name":"wp","href":"https:\/\/api.w.org\/{rel}","templated":true}]}}