{"id":140254,"date":"2023-04-12T16:04:03","date_gmt":"2023-04-12T13:04:03","guid":{"rendered":"https:\/\/mediatrade.fi\/contact-us\/ajo-ohjeet\/"},"modified":"2024-03-20T20:29:06","modified_gmt":"2024-03-20T18:29:06","slug":"how-to-get-there","status":"publish","type":"page","link":"https:\/\/mediatrade.fi\/en\/contact-us\/how-to-get-there\/","title":{"rendered":"How to get there"},"content":{"rendered":"\n<section id=\"acf-block-69e34a2b5cc1c\" class=\"block block-content-wrapper container-fluid \">\n    <div class=\"container\">\n        <div class=\"row\">\n                        <div class=\"col-12 col-xl-10 offset-xl-1 col-hd-8 offset-hd-2\">\n                <main class=\"entry-content\">\n                    \n\n<h2 class=\"wp-block-heading\">How to get to Mediatrade<\/h2>\n\n\n\n<h3 class=\"wp-block-heading\">Location<\/h3>\n\n\n\n<p>Our office is located in Vallila, Helsinki, with good connections. It is easy to find your way on foot, by car and by public transport.<\/p>\n\n\n\n<h3 class=\"wp-block-heading\">Opening hours<\/h3>\n\n\n\n<p>Our showroom and store are open on weekdays from 10 am to 3 pm.<br>Reception of goods on weekdays from 10 am to 4 pm.<br><br>At other times we serve as agreed, our experts will be happy to help!<\/p>\n\n\n\n<iframe src=\"https:\/\/www.google.com\/maps\/embed?pb=!1m18!1m12!1m3!1d1983.19612645255!2d24.94842291608118!3d60.19403708196972!2m3!1f0!2f0!3f0!3m2!1i1024!2i768!4f13.1!3m3!1m2!1s0x4692098379df2257%3A0xa3708bf6459e4fe0!2sElim%C3%A4enkatu%209a%2C%2000510%20Helsinki%2C%20Finland!5e0!3m2!1sen!2spt!4v1681304969310!5m2!1sen!2spt\" width=\"600\" height=\"450\" style=\"border:0;\" allowfullscreen=\"\" loading=\"lazy\" referrerpolicy=\"no-referrer-when-downgrade\"><\/iframe>\n\n\n\n<p><strong>Mediatrade Oy<\/strong><br>Elim\u00e4enkatu 9 A, 6-floor<br>FI-00510 Helsinki, Finland<\/p>\n\n\n\n<h2 class=\"wp-block-heading\">Arrival instructions<\/h2>\n\n\n\n<section class=\"block block-accordion container-fluid \">\n    <div class=\"container\">\n        <div class=\"row justify-content-center\">\n            <div class=\"col-12\">\n                \n                                \n<div class=\"accordion\" id=\"accordion-69e34a2b5c789\">\n    <div class=\"card\">\n        <div class=\"card-header\" id=\"accordion-69e34a2b5c789-header\">\n            <h2 class=\"mb-0 title h4\">\n                <button class=\"header-btn collapsed\" type=\"button\" data-toggle=\"collapse\" data-target=\"#accordion-69e34a2b5c789-collapse\" aria-expanded=\"false\" aria-controls=\"accordion-69e34a2b5c789-collapse\">\n                    Suppliers                <\/button>\n            <\/h2>\n        <\/div>\n\n        <div id=\"accordion-69e34a2b5c789-collapse\" class=\"collapse\" aria-labelledby=\"accordion-69e34a2b5c789-header\" data-parent=\"#accordion-69e34a2b5c789\">\n            <div class=\"card-body entry-content\"><p><!-- wp:paragraph --><\/p>\n<p><strong>Logistics:<\/strong> +358201557713<br \/>\n<span style=\"font-size: 1rem;\"><strong>Back office:<\/strong> +358201557734<\/span><\/p>\n<p><!-- \/wp:paragraph --> <!-- wp:paragraph --><\/p>\n<p>It is very convenient for us to arrive both from the city center and via the largest freeways, as Vallila is located at the intersection of several busy roads.<\/p>\n<p><!-- \/wp:paragraph --> <!-- wp:paragraph --><\/p>\n<p>The gate, from where you drive to the backyard, is located immediately to the right of the Kravattitehdas p-hall and bike park, between the Kravattitehdas restaurant and the A-block. The gateway is on the right when coming from Sturenkatu and on the left when coming from the direction of M\u00e4kel\u00e4nkatu.<\/p>\n<p><strong>The entrance to the backyard is open on weekdays, from 8 am to 6 pm.<\/strong> We will open the gate in case it is closed during office hours and as agreed.<\/p>\n<p><!-- \/wp:paragraph --> <!-- wp:paragraph --><\/p>\n<p>Unloading and loading takes place via a freight elevator on the backyard of the Kravattitehdas. The loading docks are located behind the building A. Primarily, we use a pier with a blue lift. When you arrive, you can find the logistics contact information on the elevator information board. Please note that we do not have a forklift.<\/p>\n<p><!-- \/wp:paragraph --><\/p>\n<\/div>\n        <\/div>\n    <\/div>\n<\/div>                                \n<div class=\"accordion\" id=\"accordion-69e34a2b5c799\">\n    <div class=\"card\">\n        <div class=\"card-header\" id=\"accordion-69e34a2b5c799-header\">\n            <h2 class=\"mb-0 title h4\">\n                <button class=\"header-btn collapsed\" type=\"button\" data-toggle=\"collapse\" data-target=\"#accordion-69e34a2b5c799-collapse\" aria-expanded=\"false\" aria-controls=\"accordion-69e34a2b5c799-collapse\">\n                    Customers                <\/button>\n            <\/h2>\n        <\/div>\n\n        <div id=\"accordion-69e34a2b5c799-collapse\" class=\"collapse\" aria-labelledby=\"accordion-69e34a2b5c799-header\" data-parent=\"#accordion-69e34a2b5c799\">\n            <div class=\"card-body entry-content\"><p><!-- wp:paragraph --><\/p>\n<p><strong>Customer service and sales:<\/strong> +358201557712<br \/>\nsales@mediatrade.fi<\/p>\n<p><!-- \/wp:paragraph --> <!-- wp:paragraph --><\/p>\n<p>The backyard of Kravattitehdas has four guest parking places for cars.<\/p>\n<p><!-- \/wp:paragraph --> <!-- wp:paragraph --><\/p>\n<p>The gateway, from where you enter the backyard, is open on weekdays, <strong>from 8 am to 6 pm.<\/strong><\/p>\n<p><!-- \/wp:paragraph --> <!-- wp:paragraph --><\/p>\n<p>Parking is subject to a fee by the street (06:00-21:00) and in the nearby Aimo Park.<\/p>\n<p><!-- \/wp:paragraph --> <!-- wp:paragraph --><\/p>\n<p>If you arrive by public transport e.g. tram 9, buses 59, 500, 510, and 70 run close to Elim\u00e4enkatu. Walking from Pasila station or S\u00f6rn\u00e4inen metro station to our office takes about 15 minutes.<\/p>\n<p><!-- \/wp:paragraph --> <!-- wp:paragraph --><\/p>\n<p>The bike park is located in the backyard of Kravattitehdas, it is accessed from the gateway on the right side of the 9 A-block.<\/p>\n<p>WELCOME!<\/p>\n<p><!-- \/wp:paragraph --><\/p>\n<\/div>\n        <\/div>\n    <\/div>\n<\/div>                            <\/div>\n        <\/div>\n    <\/div>\n<\/section>\n\n                <\/main>\n            <\/div>\n        <\/div>\n    <\/div>\n<\/section>\n\n\n","protected":false},"excerpt":{"rendered":"","protected":false},"author":1842,"featured_media":0,"parent":90435,"menu_order":0,"comment_status":"closed","ping_status":"closed","template":"","meta":{"_acf_changed":false,"_relevanssi_hide_post":"","_relevanssi_hide_content":"","_relevanssi_pin_for_all":"","_relevanssi_pin_keywords":"","_relevanssi_unpin_keywords":"","_relevanssi_related_keywords":"","_relevanssi_related_include_ids":"","_relevanssi_related_exclude_ids":"","_relevanssi_related_no_append":"","_relevanssi_related_not_related":"","_relevanssi_related_posts":"183560,194693,176535,185461,229000,229497","_relevanssi_noindex_reason":"","footnotes":""},"class_list":["post-140254","page","type-page","status-publish","hentry"],"acf":[],"yoast_head":"<!-- This site is optimized with the Yoast SEO plugin v27.4 - https:\/\/yoast.com\/product\/yoast-seo-wordpress\/ -->\n<title>How to get there - Mediatrade<\/title>\n<meta name=\"description\" content=\"Our office is located in Vallila, Helsinki, with good connections. It is easy to find your way on foot, by car and by public transport.\" \/>\n<meta name=\"robots\" content=\"index, follow, max-snippet:-1, max-image-preview:large, max-video-preview:-1\" \/>\n<link rel=\"canonical\" href=\"https:\/\/mediatrade.fi\/en\/contact-us\/how-to-get-there\/\" \/>\n<meta property=\"og:locale\" content=\"en_US\" \/>\n<meta property=\"og:type\" content=\"article\" \/>\n<meta property=\"og:title\" content=\"Saapuminen Mediatradelle\" \/>\n<meta property=\"og:description\" content=\"Toimistomme sijaitsee Helsingin Vallilassa, hyvien kulkuyhteyksien varrella.\u00a0\u00a0Perille on helppo l\u00f6yt\u00e4\u00e4 niin jalan, autolla kuin julkisillakin.\" \/>\n<meta property=\"og:url\" content=\"https:\/\/mediatrade.fi\/en\/contact-us\/how-to-get-there\/\" \/>\n<meta property=\"og:site_name\" content=\"Mediatrade\" \/>\n<meta property=\"article:modified_time\" content=\"2024-03-20T18:29:06+00:00\" \/>\n<meta property=\"og:image\" content=\"https:\/\/mediatrade.fi\/wp-content\/uploads\/2023\/04\/Mediatrade-kartalla.png\" \/>\n\t<meta property=\"og:image:width\" content=\"1512\" \/>\n\t<meta property=\"og:image:height\" content=\"1010\" \/>\n\t<meta property=\"og:image:type\" content=\"image\/png\" \/>\n<meta name=\"twitter:card\" content=\"summary_large_image\" \/>\n<meta name=\"twitter:label1\" content=\"Est. reading time\" \/>\n\t<meta name=\"twitter:data1\" content=\"1 minute\" \/>\n<script type=\"application\/ld+json\" class=\"yoast-schema-graph\">{\"@context\":\"https:\\\/\\\/schema.org\",\"@graph\":[{\"@type\":\"WebPage\",\"@id\":\"https:\\\/\\\/mediatrade.fi\\\/en\\\/contact-us\\\/how-to-get-there\\\/\",\"url\":\"https:\\\/\\\/mediatrade.fi\\\/en\\\/contact-us\\\/how-to-get-there\\\/\",\"name\":\"How to get there - Mediatrade\",\"isPartOf\":{\"@id\":\"https:\\\/\\\/mediatrade.fi\\\/en\\\/#website\"},\"datePublished\":\"2023-04-12T13:04:03+00:00\",\"dateModified\":\"2024-03-20T18:29:06+00:00\",\"description\":\"Our office is located in Vallila, Helsinki, with good connections. It is easy to find your way on foot, by car and by public transport.\",\"breadcrumb\":{\"@id\":\"https:\\\/\\\/mediatrade.fi\\\/en\\\/contact-us\\\/how-to-get-there\\\/#breadcrumb\"},\"inLanguage\":\"en-US\",\"potentialAction\":[{\"@type\":\"ReadAction\",\"target\":[\"https:\\\/\\\/mediatrade.fi\\\/en\\\/contact-us\\\/how-to-get-there\\\/\"]}]},{\"@type\":\"BreadcrumbList\",\"@id\":\"https:\\\/\\\/mediatrade.fi\\\/en\\\/contact-us\\\/how-to-get-there\\\/#breadcrumb\",\"itemListElement\":[{\"@type\":\"ListItem\",\"position\":1,\"name\":\"Front Page\",\"item\":\"https:\\\/\\\/mediatrade.fi\\\/en\\\/\"},{\"@type\":\"ListItem\",\"position\":2,\"name\":\"Contact us\",\"item\":\"https:\\\/\\\/mediatrade.fi\\\/en\\\/contact-us\\\/\"},{\"@type\":\"ListItem\",\"position\":3,\"name\":\"How to get there\"}]},{\"@type\":\"WebSite\",\"@id\":\"https:\\\/\\\/mediatrade.fi\\\/en\\\/#website\",\"url\":\"https:\\\/\\\/mediatrade.fi\\\/en\\\/\",\"name\":\"Mediatrade\",\"description\":\"\",\"publisher\":{\"@id\":\"https:\\\/\\\/mediatrade.fi\\\/en\\\/#organization\"},\"potentialAction\":[{\"@type\":\"SearchAction\",\"target\":{\"@type\":\"EntryPoint\",\"urlTemplate\":\"https:\\\/\\\/mediatrade.fi\\\/en\\\/?s={search_term_string}\"},\"query-input\":{\"@type\":\"PropertyValueSpecification\",\"valueRequired\":true,\"valueName\":\"search_term_string\"}}],\"inLanguage\":\"en-US\"},{\"@type\":\"Organization\",\"@id\":\"https:\\\/\\\/mediatrade.fi\\\/en\\\/#organization\",\"name\":\"Mediatrade\",\"url\":\"https:\\\/\\\/mediatrade.fi\\\/en\\\/\",\"logo\":{\"@type\":\"ImageObject\",\"inLanguage\":\"en-US\",\"@id\":\"https:\\\/\\\/mediatrade.fi\\\/en\\\/#\\\/schema\\\/logo\\\/image\\\/\",\"url\":\"https:\\\/\\\/mediatrade.fi\\\/wp-content\\\/uploads\\\/2022\\\/04\\\/Group-640.svg\",\"contentUrl\":\"https:\\\/\\\/mediatrade.fi\\\/wp-content\\\/uploads\\\/2022\\\/04\\\/Group-640.svg\",\"width\":128,\"height\":43,\"caption\":\"Mediatrade\"},\"image\":{\"@id\":\"https:\\\/\\\/mediatrade.fi\\\/en\\\/#\\\/schema\\\/logo\\\/image\\\/\"}}]}<\/script>\n<!-- \/ Yoast SEO plugin. -->","yoast_head_json":{"title":"How to get there - Mediatrade","description":"Our office is located in Vallila, Helsinki, with good connections. It is easy to find your way on foot, by car and by public transport.","robots":{"index":"index","follow":"follow","max-snippet":"max-snippet:-1","max-image-preview":"max-image-preview:large","max-video-preview":"max-video-preview:-1"},"canonical":"https:\/\/mediatrade.fi\/en\/contact-us\/how-to-get-there\/","og_locale":"en_US","og_type":"article","og_title":"Saapuminen Mediatradelle","og_description":"Toimistomme sijaitsee Helsingin Vallilassa, hyvien kulkuyhteyksien varrella.\u00a0\u00a0Perille on helppo l\u00f6yt\u00e4\u00e4 niin jalan, autolla kuin julkisillakin.","og_url":"https:\/\/mediatrade.fi\/en\/contact-us\/how-to-get-there\/","og_site_name":"Mediatrade","article_modified_time":"2024-03-20T18:29:06+00:00","og_image":[{"width":1512,"height":1010,"url":"https:\/\/mediatrade.fi\/wp-content\/uploads\/2023\/04\/Mediatrade-kartalla.png","type":"image\/png"}],"twitter_card":"summary_large_image","twitter_misc":{"Est. reading time":"1 minute"},"schema":{"@context":"https:\/\/schema.org","@graph":[{"@type":"WebPage","@id":"https:\/\/mediatrade.fi\/en\/contact-us\/how-to-get-there\/","url":"https:\/\/mediatrade.fi\/en\/contact-us\/how-to-get-there\/","name":"How to get there - Mediatrade","isPartOf":{"@id":"https:\/\/mediatrade.fi\/en\/#website"},"datePublished":"2023-04-12T13:04:03+00:00","dateModified":"2024-03-20T18:29:06+00:00","description":"Our office is located in Vallila, Helsinki, with good connections. It is easy to find your way on foot, by car and by public transport.","breadcrumb":{"@id":"https:\/\/mediatrade.fi\/en\/contact-us\/how-to-get-there\/#breadcrumb"},"inLanguage":"en-US","potentialAction":[{"@type":"ReadAction","target":["https:\/\/mediatrade.fi\/en\/contact-us\/how-to-get-there\/"]}]},{"@type":"BreadcrumbList","@id":"https:\/\/mediatrade.fi\/en\/contact-us\/how-to-get-there\/#breadcrumb","itemListElement":[{"@type":"ListItem","position":1,"name":"Front Page","item":"https:\/\/mediatrade.fi\/en\/"},{"@type":"ListItem","position":2,"name":"Contact us","item":"https:\/\/mediatrade.fi\/en\/contact-us\/"},{"@type":"ListItem","position":3,"name":"How to get there"}]},{"@type":"WebSite","@id":"https:\/\/mediatrade.fi\/en\/#website","url":"https:\/\/mediatrade.fi\/en\/","name":"Mediatrade","description":"","publisher":{"@id":"https:\/\/mediatrade.fi\/en\/#organization"},"potentialAction":[{"@type":"SearchAction","target":{"@type":"EntryPoint","urlTemplate":"https:\/\/mediatrade.fi\/en\/?s={search_term_string}"},"query-input":{"@type":"PropertyValueSpecification","valueRequired":true,"valueName":"search_term_string"}}],"inLanguage":"en-US"},{"@type":"Organization","@id":"https:\/\/mediatrade.fi\/en\/#organization","name":"Mediatrade","url":"https:\/\/mediatrade.fi\/en\/","logo":{"@type":"ImageObject","inLanguage":"en-US","@id":"https:\/\/mediatrade.fi\/en\/#\/schema\/logo\/image\/","url":"https:\/\/mediatrade.fi\/wp-content\/uploads\/2022\/04\/Group-640.svg","contentUrl":"https:\/\/mediatrade.fi\/wp-content\/uploads\/2022\/04\/Group-640.svg","width":128,"height":43,"caption":"Mediatrade"},"image":{"@id":"https:\/\/mediatrade.fi\/en\/#\/schema\/logo\/image\/"}}]}},"_links":{"self":[{"href":"https:\/\/mediatrade.fi\/en\/wp-json\/wp\/v2\/pages\/140254","targetHints":{"allow":["GET"]}}],"collection":[{"href":"https:\/\/mediatrade.fi\/en\/wp-json\/wp\/v2\/pages"}],"about":[{"href":"https:\/\/mediatrade.fi\/en\/wp-json\/wp\/v2\/types\/page"}],"author":[{"embeddable":true,"href":"https:\/\/mediatrade.fi\/en\/wp-json\/wp\/v2\/users\/1842"}],"replies":[{"embeddable":true,"href":"https:\/\/mediatrade.fi\/en\/wp-json\/wp\/v2\/comments?post=140254"}],"version-history":[{"count":2,"href":"https:\/\/mediatrade.fi\/en\/wp-json\/wp\/v2\/pages\/140254\/revisions"}],"predecessor-version":[{"id":140257,"href":"https:\/\/mediatrade.fi\/en\/wp-json\/wp\/v2\/pages\/140254\/revisions\/140257"}],"up":[{"embeddable":true,"href":"https:\/\/mediatrade.fi\/en\/wp-json\/wp\/v2\/pages\/90435"}],"wp:attachment":[{"href":"https:\/\/mediatrade.fi\/en\/wp-json\/wp\/v2\/media?parent=140254"}],"curies":[{"name":"wp","href":"https:\/\/api.w.org\/{rel}","templated":true}]}}