{"id":435261,"date":"2022-05-24T19:56:32","date_gmt":"2022-05-24T16:56:32","guid":{"rendered":"https:\/\/mediatrade.fi\/tietosuoja\/"},"modified":"2025-02-06T15:48:21","modified_gmt":"2025-02-06T13:48:21","slug":"privacy-policy","status":"publish","type":"page","link":"https:\/\/mediatrade.fi\/en\/privacy-policy\/","title":{"rendered":"Privacy Policy"},"content":{"rendered":"\n<section id=\"acf-block-69d0ea1da9a23\" class=\"block block-content-wrapper container-fluid \">\n    <div class=\"container\">\n        <div class=\"row\">\n                        <div class=\"col-12 col-xl-10 offset-xl-1 col-hd-8 offset-hd-2\">\n                <main class=\"entry-content\">\n                    \n\n<h1 class=\"wp-block-heading\">Privacy Policy<\/h1>\n\n\n\n<h3 class=\"wp-block-heading\">Cookies<\/h3>\n\n\n\n<p>When you use our website, it may place cookies on your computer to enhance your browsing experience and enable certain services. By using our site, you agree to accept these cookies. <\/p>\n\n\n\n<p>Cookies may collect information such as the webpage you navigated from, the specific pages you visited on our site and when, the browser you are using, your screen resolution, your computer\u2019s operating system, and your IP address (i.e., the internet address from which your data is sent and received).<\/p>\n\n\n\n<p>The data collected through cookies allows Mediatrade Oy and its partners to monitor website traffic. We analyze this data to improve our website and better serve our customers. In addition, our partners may use cookies to deliver targeted advertisements based on your visits to this and other websites. However, targeted advertising does not identify individual users, nor is it linked to any personal data collected from you through other means. <\/p>\n\n\n\n<p>Analysoimme seurannan avulla saadun tiedon ja t\u00e4m\u00e4n perusteella kehit\u00e4mme sivustoamme asiakkaitamme paremmin palvelevaksi. Mediatrade Oy:n yhteisty\u00f6kumppanit saattavat lis\u00e4ksi k\u00e4ytt\u00e4\u00e4 mainonnan kohdentamiseksi ev\u00e4steit\u00e4, joilla ker\u00e4t\u00e4\u00e4n tietoa k\u00e4vij\u00e4n vierailuista t\u00e4ll\u00e4 ja muilla sivustoilla. N\u00e4in ker\u00e4tty\u00e4 tietoa k\u00e4ytet\u00e4\u00e4n k\u00e4vij\u00e4n kiinnostusten kohteiden perusteella kohdennetun mainonnan tuottamiseen. Ev\u00e4steiden avulla kohdennetun mainonnan yhteydess\u00e4 sivustollamme k\u00e4vij\u00e4\u00e4 ei yksil\u00f6id\u00e4 eik\u00e4 tietoja yhdistet\u00e4 k\u00e4vij\u00e4lt\u00e4 mahdollisesti muussa yhteydess\u00e4 saatuihin henkil\u00f6tietoihin.<\/p>\n\n\n\n<p>Verkkosivuillamme k\u00e4vij\u00e4n on mahdollisuus est\u00e4\u00e4 ev\u00e4steiden k\u00e4ytt\u00f6 muuttamalla selaimensa asetuksia siten, ett\u00e4 selain ei salli ev\u00e4steiden tallentamista. T\u00e4ll\u00f6in k\u00e4vij\u00e4 hyv\u00e4ksyy, ett\u00e4 ev\u00e4steiden k\u00e4yt\u00f6n est\u00e4minen saattaa vaikuttaa palvelun toiminnallisuuteen joidenkin palveluiden osalta.<\/p>\n\n\n\n<p>K\u00e4yt\u00e4mme my\u00f6s kolmannen osapuolen palveluntoimittajia yll\u00e4 mainittujen tietojen ker\u00e4\u00e4miseen. T\u00e4ll\u00f6in ker\u00e4tyt tiedot l\u00e4hetet\u00e4\u00e4n kolmannen osapuolen palveluntarjoajalle k\u00e4sitelt\u00e4viksi.<\/p>\n\n\n\n<p>Useimmat Internet-selaimet hyv\u00e4ksyv\u00e4t ev\u00e4steet automaattisesti. Voit halutessasi lopettaa edell\u00e4 kuvattujen tietojesi ker\u00e4\u00e4misen selaimesi asetuksia muuttamalla tai kielt\u00e4m\u00e4ll\u00e4 ev\u00e4steiden asentamisen koneellesi ko. kolmannen osapuolen sivuilla alla olevien linkkien ohjeiden avulla.<\/p>\n\n\n\n<p>Google analytics: <a href=\"https:\/\/support.google.com\/analytics\/answer\/6004245\" target=\"_blank\" rel=\"noreferrer noopener\">Lue lis\u00e4\u00e4<\/a><\/p>\n\n\n\n<p><a href=\"https:\/\/tools.google.com\/dlpage\/gaoptout\">Kielt\u00e4ydy tietojen keruusta<\/a><\/p>\n\n\n\n<h3 class=\"wp-block-heading\">Tietosuojaseloste<\/h3>\n\n\n\n<p><strong>REKISTERINPIT\u00c4J\u00c4<\/strong><\/p>\n\n\n\n<p>Mediatrade Oy, Elim\u00e4enkatu 9 A, 00510 Helsinki, Y-tunnus 0659327-3<\/p>\n\n\n\n<p><strong>REKISTERIN K\u00c4YTT\u00d6TARKOITUS<\/strong><\/p>\n\n\n\n<p>Asiakasrekisterin tietoja k\u00e4ytet\u00e4\u00e4n tilausten k\u00e4sittelyyn, toimituksen seurantaan, laskutukseen, asiakkuuksien hoitoon, markkinointiviestint\u00e4\u00e4n sek\u00e4 asiakassuhteeseen liittyv\u00e4\u00e4n viestint\u00e4\u00e4n.<\/p>\n\n\n\n<p><strong>YHTEYSHENKIL\u00d6 ASIAKASREKISTERIIN LIITTYVISS\u00c4 ASIOISSA<\/strong><\/p>\n\n\n\n<p>Jos sinulla kysymyksi\u00e4 henkil\u00f6tietojesi k\u00e4sittelyst\u00e4, voit olla yhteydess\u00e4 asiakaspalveluumme osoitteessa <a href=\"mailto:sales@mediatrade.fi\">sales@mediatrade.fi<\/a>.<\/p>\n\n\n\n<p><strong>HENKIL\u00d6TIETOJEN K\u00c4SITTELYN OIKEUSPERUSTE<\/strong><\/p>\n\n\n\n<p>Yll\u00e4mainittujen toimintojen toteuttamiseksi Mediatraden on tarpeellista k\u00e4sitell\u00e4 henkil\u00f6tietojasi. Jos olet antanut meille yhteystietosi tilauksen tai oston yhteydess\u00e4, niin k\u00e4sittelemme henkil\u00f6tietojasi \u2019sopimuksen suorittamiseksi\u2019. Molemmissa mainituissa tilanteissa tietojesi k\u00e4sittely on tarpeellista ko. toiminnon onnistumiseksi.<\/p>\n\n\n\n<p>Silt\u00e4 osin kun olet antanut meille yhteystietosi muussa kuin yll\u00e4mainituissa tilanteissa, k\u00e4sittelemme tietojasi suostumuksellasi. Suostumuksesi voit milloin tahansa peruuttaa ilmoittamalla meille osoitteeseen: sales@mediatrade.fi. T\u00e4m\u00e4n j\u00e4lkeen emme en\u00e4\u00e4 l\u00e4hesty sinua ko. aihealueen viesteill\u00e4.<\/p>\n\n\n\n<p><strong>HENKIL\u00d6TIETOJEN LUOVUTUSTEN JA SIIRTOJEN KOHTEET<\/strong><\/p>\n\n\n\n<p>Asiakasrekisterin tietoja ei luovuteta ulkopuolisille muutoin kuin mit\u00e4 on tarpeen tarjouksen laatimiseksi tai tarjouksen tai tilauksen t\u00e4ytt\u00e4miseksi. Mediatrade Oy on kuitenkin velvoitettu luovuttamaan asiakasta koskevia tietoja viranomaisten k\u00e4ytt\u00f6\u00f6n, mik\u00e4li asiakas on toiminut lain ja hyv\u00e4n tavan vastaisesti.<\/p>\n\n\n\n<p><strong>TIETOJEN S\u00c4ILYTYSAIKA<\/strong><\/p>\n\n\n\n<p>Yritysasiakkuussuhteisiin liittyv\u00e4t tiedot tallennetaan niin pitk\u00e4\u00e4n kun niill\u00e4 voi todenn\u00e4k\u00f6isesti olla tarvetta ko. asiakkuuteen \/ kumppanuuteen liittyviss\u00e4 toimissa.<\/p>\n\n\n\n<p>Yksityisasiakkaiden tiedot tallennetaan yksil\u00f6it\u00e4v\u00e4ss\u00e4 muodossa sopimuksen \/ takuuajan keston ajan, ja t\u00e4m\u00e4n j\u00e4lkeen aina viiteen vuoteen saakka, jotta voimme taata jatkuvan asiakaskokemuksen palaaville asiakkaille.<\/p>\n\n\n\n<p>Tiedot poistetaan yll\u00e4olevien m\u00e4\u00e4ritteiden mukaisesti.<\/p>\n\n\n\n<p><strong>SINUN OIKEUTESI<\/strong><\/p>\n\n\n\n<p>K\u00e4ytt\u00e4j\u00e4ll\u00e4 on oikeus tarkistaa itse\u00e4\u00e4n koskevat tiedot, pyyt\u00e4\u00e4 korjaamaan ne tai pyyt\u00e4\u00e4 poistamaan tiedot rekisterist\u00e4. Asiakkaalla on oikeus pyyt\u00e4\u00e4 tiedottamisen ja markkinoinnin lopettaminen.&nbsp;<\/p>\n\n\n\n<p>Asiakkailla on lis\u00e4ksi oikeus pyyt\u00e4\u00e4 tietonsa siirron mahdollistamiseksi, teknisesti yhteensopivassa muodossa. Mik\u00e4li emme toimi yll\u00e4olevan ja tietosuoja-asetuksen s\u00e4\u00e4nt\u00f6jen mukaisesti, on sinulla oikeus valittaa toiminnastamme tietosuojavaltuutetulle.<\/p>\n\n\n\n<p><strong>MUUTOKSET<\/strong><\/p>\n\n\n\n<p>Mediatrade varaa oikeuden p\u00e4ivitt\u00e4\u00e4 t\u00e4t\u00e4 rekisteriselostetta aika ajoin pit\u00e4\u00e4kseen sen ajantasaisena.<\/p>\n\n\n                <\/main>\n            <\/div>\n        <\/div>\n    <\/div>\n<\/section>","protected":false},"excerpt":{"rendered":"","protected":false},"author":1842,"featured_media":0,"parent":0,"menu_order":0,"comment_status":"closed","ping_status":"closed","template":"","meta":{"_acf_changed":false,"_relevanssi_hide_post":"","_relevanssi_hide_content":"","_relevanssi_pin_for_all":"","_relevanssi_pin_keywords":"","_relevanssi_unpin_keywords":"","_relevanssi_related_keywords":"","_relevanssi_related_include_ids":"","_relevanssi_related_exclude_ids":"","_relevanssi_related_no_append":"","_relevanssi_related_not_related":"","_relevanssi_related_posts":"","_relevanssi_noindex_reason":"","footnotes":""},"class_list":["post-435261","page","type-page","status-publish","hentry"],"acf":[],"yoast_head":"<!-- This site is optimized with the Yoast SEO plugin v27.1.1 - https:\/\/yoast.com\/product\/yoast-seo-wordpress\/ -->\n<title>Privacy Policy - Mediatrade<\/title>\n<meta name=\"description\" content=\"Mediatrade pit\u00e4\u00e4 huolta tietosuojastasi.\" \/>\n<meta name=\"robots\" content=\"index, follow, max-snippet:-1, max-image-preview:large, max-video-preview:-1\" \/>\n<link rel=\"canonical\" href=\"https:\/\/mediatrade.fi\/en\/privacy-policy\/\" \/>\n<meta property=\"og:locale\" content=\"en_US\" \/>\n<meta property=\"og:type\" content=\"article\" \/>\n<meta property=\"og:title\" content=\"Privacy Policy - Mediatrade\" \/>\n<meta property=\"og:description\" content=\"Mediatrade pit\u00e4\u00e4 huolta tietosuojastasi.\" \/>\n<meta property=\"og:url\" content=\"https:\/\/mediatrade.fi\/en\/privacy-policy\/\" \/>\n<meta property=\"og:site_name\" content=\"Mediatrade\" \/>\n<meta property=\"article:modified_time\" content=\"2025-02-06T13:48:21+00:00\" \/>\n<meta name=\"twitter:card\" content=\"summary_large_image\" \/>\n<meta name=\"twitter:label1\" content=\"Est. reading time\" \/>\n\t<meta name=\"twitter:data1\" content=\"7 minutes\" \/>\n<script type=\"application\/ld+json\" class=\"yoast-schema-graph\">{\"@context\":\"https:\/\/schema.org\",\"@graph\":[{\"@type\":\"WebPage\",\"@id\":\"https:\/\/mediatrade.fi\/en\/privacy-policy\/\",\"url\":\"https:\/\/mediatrade.fi\/en\/privacy-policy\/\",\"name\":\"Privacy Policy - Mediatrade\",\"isPartOf\":{\"@id\":\"https:\/\/mediatrade.fi\/en\/#website\"},\"datePublished\":\"2022-05-24T16:56:32+00:00\",\"dateModified\":\"2025-02-06T13:48:21+00:00\",\"description\":\"Mediatrade pit\u00e4\u00e4 huolta tietosuojastasi.\",\"breadcrumb\":{\"@id\":\"https:\/\/mediatrade.fi\/en\/privacy-policy\/#breadcrumb\"},\"inLanguage\":\"en-US\",\"potentialAction\":[{\"@type\":\"ReadAction\",\"target\":[\"https:\/\/mediatrade.fi\/en\/privacy-policy\/\"]}]},{\"@type\":\"BreadcrumbList\",\"@id\":\"https:\/\/mediatrade.fi\/en\/privacy-policy\/#breadcrumb\",\"itemListElement\":[{\"@type\":\"ListItem\",\"position\":1,\"name\":\"Front Page\",\"item\":\"https:\/\/mediatrade.fi\/en\/\"},{\"@type\":\"ListItem\",\"position\":2,\"name\":\"Privacy Policy\"}]},{\"@type\":\"WebSite\",\"@id\":\"https:\/\/mediatrade.fi\/en\/#website\",\"url\":\"https:\/\/mediatrade.fi\/en\/\",\"name\":\"Mediatrade\",\"description\":\"\",\"publisher\":{\"@id\":\"https:\/\/mediatrade.fi\/en\/#organization\"},\"potentialAction\":[{\"@type\":\"SearchAction\",\"target\":{\"@type\":\"EntryPoint\",\"urlTemplate\":\"https:\/\/mediatrade.fi\/en\/?s={search_term_string}\"},\"query-input\":{\"@type\":\"PropertyValueSpecification\",\"valueRequired\":true,\"valueName\":\"search_term_string\"}}],\"inLanguage\":\"en-US\"},{\"@type\":\"Organization\",\"@id\":\"https:\/\/mediatrade.fi\/en\/#organization\",\"name\":\"Mediatrade\",\"url\":\"https:\/\/mediatrade.fi\/en\/\",\"logo\":{\"@type\":\"ImageObject\",\"inLanguage\":\"en-US\",\"@id\":\"https:\/\/mediatrade.fi\/en\/#\/schema\/logo\/image\/\",\"url\":\"https:\/\/mediatrade.fi\/wp-content\/uploads\/2022\/04\/Group-640.svg\",\"contentUrl\":\"https:\/\/mediatrade.fi\/wp-content\/uploads\/2022\/04\/Group-640.svg\",\"width\":128,\"height\":43,\"caption\":\"Mediatrade\"},\"image\":{\"@id\":\"https:\/\/mediatrade.fi\/en\/#\/schema\/logo\/image\/\"}}]}<\/script>\n<!-- \/ Yoast SEO plugin. -->","yoast_head_json":{"title":"Privacy Policy - Mediatrade","description":"Mediatrade pit\u00e4\u00e4 huolta tietosuojastasi.","robots":{"index":"index","follow":"follow","max-snippet":"max-snippet:-1","max-image-preview":"max-image-preview:large","max-video-preview":"max-video-preview:-1"},"canonical":"https:\/\/mediatrade.fi\/en\/privacy-policy\/","og_locale":"en_US","og_type":"article","og_title":"Privacy Policy - Mediatrade","og_description":"Mediatrade pit\u00e4\u00e4 huolta tietosuojastasi.","og_url":"https:\/\/mediatrade.fi\/en\/privacy-policy\/","og_site_name":"Mediatrade","article_modified_time":"2025-02-06T13:48:21+00:00","twitter_card":"summary_large_image","twitter_misc":{"Est. reading time":"7 minutes"},"schema":{"@context":"https:\/\/schema.org","@graph":[{"@type":"WebPage","@id":"https:\/\/mediatrade.fi\/en\/privacy-policy\/","url":"https:\/\/mediatrade.fi\/en\/privacy-policy\/","name":"Privacy Policy - Mediatrade","isPartOf":{"@id":"https:\/\/mediatrade.fi\/en\/#website"},"datePublished":"2022-05-24T16:56:32+00:00","dateModified":"2025-02-06T13:48:21+00:00","description":"Mediatrade pit\u00e4\u00e4 huolta tietosuojastasi.","breadcrumb":{"@id":"https:\/\/mediatrade.fi\/en\/privacy-policy\/#breadcrumb"},"inLanguage":"en-US","potentialAction":[{"@type":"ReadAction","target":["https:\/\/mediatrade.fi\/en\/privacy-policy\/"]}]},{"@type":"BreadcrumbList","@id":"https:\/\/mediatrade.fi\/en\/privacy-policy\/#breadcrumb","itemListElement":[{"@type":"ListItem","position":1,"name":"Front Page","item":"https:\/\/mediatrade.fi\/en\/"},{"@type":"ListItem","position":2,"name":"Privacy Policy"}]},{"@type":"WebSite","@id":"https:\/\/mediatrade.fi\/en\/#website","url":"https:\/\/mediatrade.fi\/en\/","name":"Mediatrade","description":"","publisher":{"@id":"https:\/\/mediatrade.fi\/en\/#organization"},"potentialAction":[{"@type":"SearchAction","target":{"@type":"EntryPoint","urlTemplate":"https:\/\/mediatrade.fi\/en\/?s={search_term_string}"},"query-input":{"@type":"PropertyValueSpecification","valueRequired":true,"valueName":"search_term_string"}}],"inLanguage":"en-US"},{"@type":"Organization","@id":"https:\/\/mediatrade.fi\/en\/#organization","name":"Mediatrade","url":"https:\/\/mediatrade.fi\/en\/","logo":{"@type":"ImageObject","inLanguage":"en-US","@id":"https:\/\/mediatrade.fi\/en\/#\/schema\/logo\/image\/","url":"https:\/\/mediatrade.fi\/wp-content\/uploads\/2022\/04\/Group-640.svg","contentUrl":"https:\/\/mediatrade.fi\/wp-content\/uploads\/2022\/04\/Group-640.svg","width":128,"height":43,"caption":"Mediatrade"},"image":{"@id":"https:\/\/mediatrade.fi\/en\/#\/schema\/logo\/image\/"}}]}},"_links":{"self":[{"href":"https:\/\/mediatrade.fi\/en\/wp-json\/wp\/v2\/pages\/435261","targetHints":{"allow":["GET"]}}],"collection":[{"href":"https:\/\/mediatrade.fi\/en\/wp-json\/wp\/v2\/pages"}],"about":[{"href":"https:\/\/mediatrade.fi\/en\/wp-json\/wp\/v2\/types\/page"}],"author":[{"embeddable":true,"href":"https:\/\/mediatrade.fi\/en\/wp-json\/wp\/v2\/users\/1842"}],"replies":[{"embeddable":true,"href":"https:\/\/mediatrade.fi\/en\/wp-json\/wp\/v2\/comments?post=435261"}],"version-history":[{"count":1,"href":"https:\/\/mediatrade.fi\/en\/wp-json\/wp\/v2\/pages\/435261\/revisions"}],"predecessor-version":[{"id":435266,"href":"https:\/\/mediatrade.fi\/en\/wp-json\/wp\/v2\/pages\/435261\/revisions\/435266"}],"wp:attachment":[{"href":"https:\/\/mediatrade.fi\/en\/wp-json\/wp\/v2\/media?parent=435261"}],"curies":[{"name":"wp","href":"https:\/\/api.w.org\/{rel}","templated":true}]}}