{"id":381297,"date":"2024-12-12T14:03:28","date_gmt":"2025-01-21T12:00:08","guid":{"rendered":"https:\/\/mediatrade.fi\/tuote\/anton-bauer-converter-26v-to-14v-gmvm-2\/"},"modified":"2025-02-12T16:11:49","modified_gmt":"2025-02-12T14:11:49","slug":"anton-bauer-converter-26v-to-14v-gmvm-2","status":"publish","type":"product","link":"https:\/\/mediatrade.fi\/en\/product\/anton-bauer-converter-26v-to-14v-gmvm-2\/","title":{"rendered":"Anton Bauer Converter 26V to 14V GM+VM"},"content":{"rendered":"\n<section class=\"block block-woocommerce-product-description container-fluid container-fluid \">\n    <div class=\"container\">\n        <div class=\"row\">\n            <div class=\"col-12 col-md-6 order-2 order-md-1 attachments-col\">\n                                            <\/div>\n\n            <div class=\"col-12 col-md-5 offset-md-1 order-1 order-md-2\">\n                <main class=\"entry-content\">\n                    \n\n<h2 class=\"wp-block-heading\">Tuotetiedot<\/h2>\n\n\n\n<p>The converter allows for Anton\/Bauer 26V Gold Mount Plus Batteries to be used on cameras, lights and accessories that are rated at 14V with V-Mount battery mounts. The 2x P-Tap ports deliver power to run additional accessories. This converter also has digital resettable fuse and includes a status indicator.<\/p>\n\n\n\n<ul class=\"wp-block-list\">\n<li>Gold Mount Plus to V-Mount<\/li>\n\n\n\n<li>Drops voltage from 26V to 14V<\/li>\n\n\n\n<li>2 x P-Tap power outlets<\/li>\n\n\n\n<li>Digital resettable fuse with status indicator<\/li>\n<\/ul>\n\n\n\n<p>Tuote on tarkoitettu vain ammattik\u00e4ytt\u00f6\u00f6n. Ei takuuta.<\/p>\n\n\n                <\/main>\n            <\/div>\n        <\/div>\n    <\/div>\n<\/section>\n","protected":false},"excerpt":{"rendered":"","protected":false},"featured_media":431207,"template":"","meta":{"_acf_changed":false,"_relevanssi_hide_post":"","_relevanssi_hide_content":"","_relevanssi_pin_for_all":"","_relevanssi_pin_keywords":"","_relevanssi_unpin_keywords":"","_relevanssi_related_keywords":"","_relevanssi_related_include_ids":"","_relevanssi_related_exclude_ids":"","_relevanssi_related_no_append":"","_relevanssi_related_not_related":"","_relevanssi_related_posts":"","_relevanssi_noindex_reason":""},"product_brand":[],"product_cat":[2486,3476,15,221,41,8318,3481,8189,3473,215],"product_tag":[3872,8910,8911,8912,2490,838,1885],"brands":[697],"id_product_type":[],"class_list":{"0":"post-381297","1":"product","2":"type-product","3":"status-publish","4":"has-post-thumbnail","6":"product_cat-all-products","7":"product_cat-cameras-and-equipment","8":"product_cat-kaikki","9":"product_cat-kamerat-tarvikkeet","10":"product_cat-kuva","11":"product_cat-outlet","12":"product_cat-power-solutions","13":"product_cat-varastossa","14":"product_cat-video","15":"product_cat-kuvaus-virtaratkaisut","16":"product_tag-anton-bauer","17":"product_tag-converter-26v-to-15v","18":"product_tag-converter-v-mnount","19":"product_tag-converter-v-mount","20":"product_tag-mediatrade-en","21":"product_tag-mediatrade","22":"product_tag-v-mount","24":"first","25":"instock","26":"taxable","27":"shipping-taxable","28":"purchasable","29":"product-type-simple"},"bundled_by":[],"bundle_stock_status":"instock","bundle_stock_quantity":1,"bundle_virtual":false,"bundle_layout":"","bundle_add_to_cart_form_location":"","bundle_editable_in_cart":false,"bundle_sold_individually_context":"","bundle_item_grouping":"","bundle_min_size":"","bundle_max_size":"","bundle_price":[],"bundled_items":[],"bundle_sell_ids":[],"acf":[],"yoast_head":"<!-- This site is optimized with the Yoast SEO plugin v27.1.1 - https:\/\/yoast.com\/product\/yoast-seo-wordpress\/ -->\n<title>Anton Bauer Converter 26V to 14V GM+VM - Mediatrade<\/title>\n<meta name=\"robots\" content=\"index, follow, max-snippet:-1, max-image-preview:large, max-video-preview:-1\" \/>\n<link rel=\"canonical\" href=\"https:\/\/mediatrade.fi\/en\/product\/anton-bauer-converter-26v-to-14v-gmvm-2\/\" \/>\n<meta property=\"og:locale\" content=\"en_US\" \/>\n<meta property=\"og:type\" content=\"article\" \/>\n<meta property=\"og:title\" content=\"Anton Bauer Converter 26V to 14V GM+VM - Mediatrade\" \/>\n<meta property=\"og:url\" content=\"https:\/\/mediatrade.fi\/en\/product\/anton-bauer-converter-26v-to-14v-gmvm-2\/\" \/>\n<meta property=\"og:site_name\" content=\"Mediatrade\" \/>\n<meta property=\"article:modified_time\" content=\"2025-02-12T14:11:49+00:00\" \/>\n<meta property=\"og:image\" content=\"https:\/\/mediatrade.fi\/wp-content\/uploads\/2024\/11\/4_converter-26v-to-14v-gm-vm_04-600x600-c.jpg\" \/>\n\t<meta property=\"og:image:width\" content=\"600\" \/>\n\t<meta property=\"og:image:height\" content=\"600\" \/>\n\t<meta property=\"og:image:type\" content=\"image\/jpeg\" \/>\n<meta name=\"twitter:card\" content=\"summary_large_image\" \/>\n<meta name=\"twitter:label1\" content=\"Est. reading time\" \/>\n\t<meta name=\"twitter:data1\" content=\"2 minutes\" \/>\n<script type=\"application\/ld+json\" class=\"yoast-schema-graph\">{\"@context\":\"https:\/\/schema.org\",\"@graph\":[{\"@type\":\"WebPage\",\"@id\":\"https:\/\/mediatrade.fi\/en\/product\/anton-bauer-converter-26v-to-14v-gmvm-2\/\",\"url\":\"https:\/\/mediatrade.fi\/en\/product\/anton-bauer-converter-26v-to-14v-gmvm-2\/\",\"name\":\"Anton Bauer Converter 26V to 14V GM+VM - Mediatrade\",\"isPartOf\":{\"@id\":\"https:\/\/mediatrade.fi\/en\/#website\"},\"primaryImageOfPage\":{\"@id\":\"https:\/\/mediatrade.fi\/en\/product\/anton-bauer-converter-26v-to-14v-gmvm-2\/#primaryimage\"},\"image\":{\"@id\":\"https:\/\/mediatrade.fi\/en\/product\/anton-bauer-converter-26v-to-14v-gmvm-2\/#primaryimage\"},\"thumbnailUrl\":\"https:\/\/mediatrade.fi\/wp-content\/uploads\/2024\/11\/4_converter-26v-to-14v-gm-vm_04-600x600-c.jpg\",\"datePublished\":\"2025-01-21T12:00:08+00:00\",\"dateModified\":\"2025-02-12T14:11:49+00:00\",\"breadcrumb\":{\"@id\":\"https:\/\/mediatrade.fi\/en\/product\/anton-bauer-converter-26v-to-14v-gmvm-2\/#breadcrumb\"},\"inLanguage\":\"en-US\",\"potentialAction\":[{\"@type\":\"ReadAction\",\"target\":[\"https:\/\/mediatrade.fi\/en\/product\/anton-bauer-converter-26v-to-14v-gmvm-2\/\"]}]},{\"@type\":\"ImageObject\",\"inLanguage\":\"en-US\",\"@id\":\"https:\/\/mediatrade.fi\/en\/product\/anton-bauer-converter-26v-to-14v-gmvm-2\/#primaryimage\",\"url\":\"https:\/\/mediatrade.fi\/wp-content\/uploads\/2024\/11\/4_converter-26v-to-14v-gm-vm_04-600x600-c.jpg\",\"contentUrl\":\"https:\/\/mediatrade.fi\/wp-content\/uploads\/2024\/11\/4_converter-26v-to-14v-gm-vm_04-600x600-c.jpg\",\"width\":600,\"height\":600},{\"@type\":\"BreadcrumbList\",\"@id\":\"https:\/\/mediatrade.fi\/en\/product\/anton-bauer-converter-26v-to-14v-gmvm-2\/#breadcrumb\",\"itemListElement\":[{\"@type\":\"ListItem\",\"position\":1,\"name\":\"Front Page\",\"item\":\"https:\/\/mediatrade.fi\/en\/\"},{\"@type\":\"ListItem\",\"position\":2,\"name\":\"Shop\",\"item\":\"https:\/\/mediatrade.fi\/en\/shop\/\"},{\"@type\":\"ListItem\",\"position\":3,\"name\":\"Anton Bauer Converter 26V to 14V GM+VM\"}]},{\"@type\":\"WebSite\",\"@id\":\"https:\/\/mediatrade.fi\/en\/#website\",\"url\":\"https:\/\/mediatrade.fi\/en\/\",\"name\":\"Mediatrade\",\"description\":\"\",\"publisher\":{\"@id\":\"https:\/\/mediatrade.fi\/en\/#organization\"},\"potentialAction\":[{\"@type\":\"SearchAction\",\"target\":{\"@type\":\"EntryPoint\",\"urlTemplate\":\"https:\/\/mediatrade.fi\/en\/?s={search_term_string}\"},\"query-input\":{\"@type\":\"PropertyValueSpecification\",\"valueRequired\":true,\"valueName\":\"search_term_string\"}}],\"inLanguage\":\"en-US\"},{\"@type\":\"Organization\",\"@id\":\"https:\/\/mediatrade.fi\/en\/#organization\",\"name\":\"Mediatrade\",\"url\":\"https:\/\/mediatrade.fi\/en\/\",\"logo\":{\"@type\":\"ImageObject\",\"inLanguage\":\"en-US\",\"@id\":\"https:\/\/mediatrade.fi\/en\/#\/schema\/logo\/image\/\",\"url\":\"https:\/\/mediatrade.fi\/wp-content\/uploads\/2022\/04\/Group-640.svg\",\"contentUrl\":\"https:\/\/mediatrade.fi\/wp-content\/uploads\/2022\/04\/Group-640.svg\",\"width\":128,\"height\":43,\"caption\":\"Mediatrade\"},\"image\":{\"@id\":\"https:\/\/mediatrade.fi\/en\/#\/schema\/logo\/image\/\"}}]}<\/script>\n<!-- \/ Yoast SEO plugin. -->","yoast_head_json":{"title":"Anton Bauer Converter 26V to 14V GM+VM - Mediatrade","robots":{"index":"index","follow":"follow","max-snippet":"max-snippet:-1","max-image-preview":"max-image-preview:large","max-video-preview":"max-video-preview:-1"},"canonical":"https:\/\/mediatrade.fi\/en\/product\/anton-bauer-converter-26v-to-14v-gmvm-2\/","og_locale":"en_US","og_type":"article","og_title":"Anton Bauer Converter 26V to 14V GM+VM - Mediatrade","og_url":"https:\/\/mediatrade.fi\/en\/product\/anton-bauer-converter-26v-to-14v-gmvm-2\/","og_site_name":"Mediatrade","article_modified_time":"2025-02-12T14:11:49+00:00","og_image":[{"width":600,"height":600,"url":"https:\/\/mediatrade.fi\/wp-content\/uploads\/2024\/11\/4_converter-26v-to-14v-gm-vm_04-600x600-c.jpg","type":"image\/jpeg"}],"twitter_card":"summary_large_image","twitter_misc":{"Est. reading time":"2 minutes"},"schema":{"@context":"https:\/\/schema.org","@graph":[{"@type":"WebPage","@id":"https:\/\/mediatrade.fi\/en\/product\/anton-bauer-converter-26v-to-14v-gmvm-2\/","url":"https:\/\/mediatrade.fi\/en\/product\/anton-bauer-converter-26v-to-14v-gmvm-2\/","name":"Anton Bauer Converter 26V to 14V GM+VM - Mediatrade","isPartOf":{"@id":"https:\/\/mediatrade.fi\/en\/#website"},"primaryImageOfPage":{"@id":"https:\/\/mediatrade.fi\/en\/product\/anton-bauer-converter-26v-to-14v-gmvm-2\/#primaryimage"},"image":{"@id":"https:\/\/mediatrade.fi\/en\/product\/anton-bauer-converter-26v-to-14v-gmvm-2\/#primaryimage"},"thumbnailUrl":"https:\/\/mediatrade.fi\/wp-content\/uploads\/2024\/11\/4_converter-26v-to-14v-gm-vm_04-600x600-c.jpg","datePublished":"2025-01-21T12:00:08+00:00","dateModified":"2025-02-12T14:11:49+00:00","breadcrumb":{"@id":"https:\/\/mediatrade.fi\/en\/product\/anton-bauer-converter-26v-to-14v-gmvm-2\/#breadcrumb"},"inLanguage":"en-US","potentialAction":[{"@type":"ReadAction","target":["https:\/\/mediatrade.fi\/en\/product\/anton-bauer-converter-26v-to-14v-gmvm-2\/"]}]},{"@type":"ImageObject","inLanguage":"en-US","@id":"https:\/\/mediatrade.fi\/en\/product\/anton-bauer-converter-26v-to-14v-gmvm-2\/#primaryimage","url":"https:\/\/mediatrade.fi\/wp-content\/uploads\/2024\/11\/4_converter-26v-to-14v-gm-vm_04-600x600-c.jpg","contentUrl":"https:\/\/mediatrade.fi\/wp-content\/uploads\/2024\/11\/4_converter-26v-to-14v-gm-vm_04-600x600-c.jpg","width":600,"height":600},{"@type":"BreadcrumbList","@id":"https:\/\/mediatrade.fi\/en\/product\/anton-bauer-converter-26v-to-14v-gmvm-2\/#breadcrumb","itemListElement":[{"@type":"ListItem","position":1,"name":"Front Page","item":"https:\/\/mediatrade.fi\/en\/"},{"@type":"ListItem","position":2,"name":"Shop","item":"https:\/\/mediatrade.fi\/en\/shop\/"},{"@type":"ListItem","position":3,"name":"Anton Bauer Converter 26V to 14V GM+VM"}]},{"@type":"WebSite","@id":"https:\/\/mediatrade.fi\/en\/#website","url":"https:\/\/mediatrade.fi\/en\/","name":"Mediatrade","description":"","publisher":{"@id":"https:\/\/mediatrade.fi\/en\/#organization"},"potentialAction":[{"@type":"SearchAction","target":{"@type":"EntryPoint","urlTemplate":"https:\/\/mediatrade.fi\/en\/?s={search_term_string}"},"query-input":{"@type":"PropertyValueSpecification","valueRequired":true,"valueName":"search_term_string"}}],"inLanguage":"en-US"},{"@type":"Organization","@id":"https:\/\/mediatrade.fi\/en\/#organization","name":"Mediatrade","url":"https:\/\/mediatrade.fi\/en\/","logo":{"@type":"ImageObject","inLanguage":"en-US","@id":"https:\/\/mediatrade.fi\/en\/#\/schema\/logo\/image\/","url":"https:\/\/mediatrade.fi\/wp-content\/uploads\/2022\/04\/Group-640.svg","contentUrl":"https:\/\/mediatrade.fi\/wp-content\/uploads\/2022\/04\/Group-640.svg","width":128,"height":43,"caption":"Mediatrade"},"image":{"@id":"https:\/\/mediatrade.fi\/en\/#\/schema\/logo\/image\/"}}]}},"_links":{"self":[{"href":"https:\/\/mediatrade.fi\/en\/wp-json\/wp\/v2\/product\/381297","targetHints":{"allow":["GET"]}}],"collection":[{"href":"https:\/\/mediatrade.fi\/en\/wp-json\/wp\/v2\/product"}],"about":[{"href":"https:\/\/mediatrade.fi\/en\/wp-json\/wp\/v2\/types\/product"}],"wp:featuredmedia":[{"embeddable":true,"href":"https:\/\/mediatrade.fi\/en\/wp-json\/wp\/v2\/media\/431207"}],"wp:attachment":[{"href":"https:\/\/mediatrade.fi\/en\/wp-json\/wp\/v2\/media?parent=381297"}],"wp:term":[{"taxonomy":"product_brand","embeddable":true,"href":"https:\/\/mediatrade.fi\/en\/wp-json\/wp\/v2\/product_brand?post=381297"},{"taxonomy":"product_cat","embeddable":true,"href":"https:\/\/mediatrade.fi\/en\/wp-json\/wp\/v2\/product_cat?post=381297"},{"taxonomy":"product_tag","embeddable":true,"href":"https:\/\/mediatrade.fi\/en\/wp-json\/wp\/v2\/product_tag?post=381297"},{"taxonomy":"brands","embeddable":true,"href":"https:\/\/mediatrade.fi\/en\/wp-json\/wp\/v2\/brands?post=381297"},{"taxonomy":"id_product_type","embeddable":true,"href":"https:\/\/mediatrade.fi\/en\/wp-json\/wp\/v2\/id_product_type?post=381297"}],"curies":[{"name":"wp","href":"https:\/\/api.w.org\/{rel}","templated":true}]}}