{"id":381406,"date":"2024-11-07T13:24:46","date_gmt":"2025-01-21T12:42:07","guid":{"rendered":"https:\/\/mediatrade.fi\/tuote\/pianissimo-windshield-for-8060-and-ate208\/"},"modified":"2026-01-23T12:53:26","modified_gmt":"2026-01-23T10:53:26","slug":"pianissimo-windshield-for-8060-and-ate208","status":"publish","type":"product","link":"https:\/\/mediatrade.fi\/en\/product\/pianissimo-windshield-for-8060-and-ate208\/","title":{"rendered":"PIANISSIMO windshield for 8060 and ATE208"},"content":{"rendered":"\n<section class=\"block block-woocommerce-product-description container-fluid container-fluid \">\n    <div class=\"container\">\n        <div class=\"row\">\n            <div class=\"col-12 col-md-6 order-2 order-md-1 attachments-col\">\n                                            <\/div>\n\n            <div class=\"col-12 col-md-5 offset-md-1 order-1 order-md-2\">\n                <main class=\"entry-content\">\n                    \n\n<h2 class=\"wp-block-heading\">Product<\/h2>\n\n\n\n<p>Windshield XLR5M for MS Sennheiser MKH8060 and Ambient ATE208 Emesser pair<\/p>\n\n\n\n<p>Reference PIANI-2-8060-ATE includes:<\/p>\n\n\n\n<p>Main cage and a two-axis swivel<br>Dedicated cross-isolators suspension module and specific double clip (Clip 19-19 \/ 8060+ATE208)<br>Binder chassis for 2 x detachable Binder (PIANI-CAB-2-DB) and 2 cables (XLR3F-BIND and TA3-BIND)<br>3D primary fabric<br>Fur: to be specified (FUR-LP: long hair; FUR-SP: short hair)<br>Polycarbonate protective shell<br>Reference \u201cPIANI-2- \u2026.\u201d : numerous adaptations possible (Mono, MS, XY\u2026) with appropriate suspension modules and wiring according to the microphones used.<\/p>\n\n\n\n<p>Weight: 335 grams with Suspension Module and 3D primary fabric (without fur).<br>Size: Length 32cm, Max. diameter 16 x 14cm<\/p>\n\n\n\n<p>Tuote on tarkoitettu vain ammattik\u00e4ytt\u00f6\u00f6n. Ei takuuta.<\/p>\n\n\n                <\/main>\n            <\/div>\n        <\/div>\n    <\/div>\n<\/section>\n","protected":false},"excerpt":{"rendered":"","protected":false},"featured_media":431379,"template":"","meta":{"_acf_changed":false,"_relevanssi_hide_post":"","_relevanssi_hide_content":"","_relevanssi_pin_for_all":"","_relevanssi_pin_keywords":"","_relevanssi_unpin_keywords":"","_relevanssi_related_keywords":"","_relevanssi_related_include_ids":"","_relevanssi_related_exclude_ids":"","_relevanssi_related_no_append":"","_relevanssi_related_not_related":"","_relevanssi_related_posts":"","_relevanssi_noindex_reason":""},"product_brand":[],"product_cat":[202,2486,2500,9057,15,9061,8354,9055,8318,8189],"product_tag":[8803,6502,6504,3646],"brands":[755],"id_product_type":[],"class_list":{"0":"post-381406","1":"product","2":"type-product","3":"status-publish","4":"has-post-thumbnail","6":"product_cat-aani","7":"product_cat-all-products","8":"product_cat-audio","9":"product_cat-in-store","10":"product_cat-kaikki","11":"product_cat-microphone-accessories","12":"product_cat-mikrofonitarvikkeet","13":"product_cat-outlet-en","14":"product_cat-outlet","15":"product_cat-varastossa","16":"product_tag-ate208","17":"product_tag-mkh8060","18":"product_tag-piano","19":"product_tag-windshield","21":"first","22":"instock","23":"taxable","24":"shipping-taxable","25":"purchasable","26":"product-type-simple"},"bundled_by":[],"bundle_stock_status":"instock","bundle_stock_quantity":2,"bundle_virtual":false,"bundle_layout":"","bundle_add_to_cart_form_location":"","bundle_editable_in_cart":false,"bundle_sold_individually_context":"","bundle_item_grouping":"","bundle_min_size":"","bundle_max_size":"","bundle_price":[],"bundled_items":[],"bundle_sell_ids":[],"acf":[],"yoast_head":"<!-- This site is optimized with the Yoast SEO plugin v27.1.1 - https:\/\/yoast.com\/product\/yoast-seo-wordpress\/ -->\n<title>PIANISSIMO windshield for 8060 and ATE208 - Mediatrade<\/title>\n<meta name=\"robots\" content=\"index, follow, max-snippet:-1, max-image-preview:large, max-video-preview:-1\" \/>\n<link rel=\"canonical\" href=\"https:\/\/mediatrade.fi\/en\/product\/pianissimo-windshield-for-8060-and-ate208\/\" \/>\n<meta property=\"og:locale\" content=\"en_US\" \/>\n<meta property=\"og:type\" content=\"article\" \/>\n<meta property=\"og:title\" content=\"PIANISSIMO windshield for 8060 and ATE208 - Mediatrade\" \/>\n<meta property=\"og:url\" content=\"https:\/\/mediatrade.fi\/en\/product\/pianissimo-windshield-for-8060-and-ate208\/\" \/>\n<meta property=\"og:site_name\" content=\"Mediatrade\" \/>\n<meta property=\"article:modified_time\" content=\"2026-01-23T10:53:26+00:00\" \/>\n<meta property=\"og:image\" content=\"https:\/\/mediatrade.fi\/wp-content\/uploads\/2024\/11\/product_185_1951.jpg\" \/>\n\t<meta property=\"og:image:width\" content=\"2000\" \/>\n\t<meta property=\"og:image:height\" content=\"1369\" \/>\n\t<meta property=\"og:image:type\" content=\"image\/jpeg\" \/>\n<meta name=\"twitter:card\" content=\"summary_large_image\" \/>\n<meta name=\"twitter:label1\" content=\"Est. reading time\" \/>\n\t<meta name=\"twitter:data1\" content=\"2 minutes\" \/>\n<script type=\"application\/ld+json\" class=\"yoast-schema-graph\">{\"@context\":\"https:\/\/schema.org\",\"@graph\":[{\"@type\":\"WebPage\",\"@id\":\"https:\/\/mediatrade.fi\/en\/product\/pianissimo-windshield-for-8060-and-ate208\/\",\"url\":\"https:\/\/mediatrade.fi\/en\/product\/pianissimo-windshield-for-8060-and-ate208\/\",\"name\":\"PIANISSIMO windshield for 8060 and ATE208 - Mediatrade\",\"isPartOf\":{\"@id\":\"https:\/\/mediatrade.fi\/en\/#website\"},\"primaryImageOfPage\":{\"@id\":\"https:\/\/mediatrade.fi\/en\/product\/pianissimo-windshield-for-8060-and-ate208\/#primaryimage\"},\"image\":{\"@id\":\"https:\/\/mediatrade.fi\/en\/product\/pianissimo-windshield-for-8060-and-ate208\/#primaryimage\"},\"thumbnailUrl\":\"https:\/\/mediatrade.fi\/wp-content\/uploads\/2024\/11\/product_185_1951.jpg\",\"datePublished\":\"2025-01-21T12:42:07+00:00\",\"dateModified\":\"2026-01-23T10:53:26+00:00\",\"breadcrumb\":{\"@id\":\"https:\/\/mediatrade.fi\/en\/product\/pianissimo-windshield-for-8060-and-ate208\/#breadcrumb\"},\"inLanguage\":\"en-US\",\"potentialAction\":[{\"@type\":\"ReadAction\",\"target\":[\"https:\/\/mediatrade.fi\/en\/product\/pianissimo-windshield-for-8060-and-ate208\/\"]}]},{\"@type\":\"ImageObject\",\"inLanguage\":\"en-US\",\"@id\":\"https:\/\/mediatrade.fi\/en\/product\/pianissimo-windshield-for-8060-and-ate208\/#primaryimage\",\"url\":\"https:\/\/mediatrade.fi\/wp-content\/uploads\/2024\/11\/product_185_1951.jpg\",\"contentUrl\":\"https:\/\/mediatrade.fi\/wp-content\/uploads\/2024\/11\/product_185_1951.jpg\",\"width\":2000,\"height\":1369},{\"@type\":\"BreadcrumbList\",\"@id\":\"https:\/\/mediatrade.fi\/en\/product\/pianissimo-windshield-for-8060-and-ate208\/#breadcrumb\",\"itemListElement\":[{\"@type\":\"ListItem\",\"position\":1,\"name\":\"Front Page\",\"item\":\"https:\/\/mediatrade.fi\/en\/\"},{\"@type\":\"ListItem\",\"position\":2,\"name\":\"Shop\",\"item\":\"https:\/\/mediatrade.fi\/en\/shop\/\"},{\"@type\":\"ListItem\",\"position\":3,\"name\":\"PIANISSIMO windshield for 8060 and ATE208\"}]},{\"@type\":\"WebSite\",\"@id\":\"https:\/\/mediatrade.fi\/en\/#website\",\"url\":\"https:\/\/mediatrade.fi\/en\/\",\"name\":\"Mediatrade\",\"description\":\"\",\"publisher\":{\"@id\":\"https:\/\/mediatrade.fi\/en\/#organization\"},\"potentialAction\":[{\"@type\":\"SearchAction\",\"target\":{\"@type\":\"EntryPoint\",\"urlTemplate\":\"https:\/\/mediatrade.fi\/en\/?s={search_term_string}\"},\"query-input\":{\"@type\":\"PropertyValueSpecification\",\"valueRequired\":true,\"valueName\":\"search_term_string\"}}],\"inLanguage\":\"en-US\"},{\"@type\":\"Organization\",\"@id\":\"https:\/\/mediatrade.fi\/en\/#organization\",\"name\":\"Mediatrade\",\"url\":\"https:\/\/mediatrade.fi\/en\/\",\"logo\":{\"@type\":\"ImageObject\",\"inLanguage\":\"en-US\",\"@id\":\"https:\/\/mediatrade.fi\/en\/#\/schema\/logo\/image\/\",\"url\":\"https:\/\/mediatrade.fi\/wp-content\/uploads\/2022\/04\/Group-640.svg\",\"contentUrl\":\"https:\/\/mediatrade.fi\/wp-content\/uploads\/2022\/04\/Group-640.svg\",\"width\":128,\"height\":43,\"caption\":\"Mediatrade\"},\"image\":{\"@id\":\"https:\/\/mediatrade.fi\/en\/#\/schema\/logo\/image\/\"}}]}<\/script>\n<!-- \/ Yoast SEO plugin. -->","yoast_head_json":{"title":"PIANISSIMO windshield for 8060 and ATE208 - Mediatrade","robots":{"index":"index","follow":"follow","max-snippet":"max-snippet:-1","max-image-preview":"max-image-preview:large","max-video-preview":"max-video-preview:-1"},"canonical":"https:\/\/mediatrade.fi\/en\/product\/pianissimo-windshield-for-8060-and-ate208\/","og_locale":"en_US","og_type":"article","og_title":"PIANISSIMO windshield for 8060 and ATE208 - Mediatrade","og_url":"https:\/\/mediatrade.fi\/en\/product\/pianissimo-windshield-for-8060-and-ate208\/","og_site_name":"Mediatrade","article_modified_time":"2026-01-23T10:53:26+00:00","og_image":[{"width":2000,"height":1369,"url":"https:\/\/mediatrade.fi\/wp-content\/uploads\/2024\/11\/product_185_1951.jpg","type":"image\/jpeg"}],"twitter_card":"summary_large_image","twitter_misc":{"Est. reading time":"2 minutes"},"schema":{"@context":"https:\/\/schema.org","@graph":[{"@type":"WebPage","@id":"https:\/\/mediatrade.fi\/en\/product\/pianissimo-windshield-for-8060-and-ate208\/","url":"https:\/\/mediatrade.fi\/en\/product\/pianissimo-windshield-for-8060-and-ate208\/","name":"PIANISSIMO windshield for 8060 and ATE208 - Mediatrade","isPartOf":{"@id":"https:\/\/mediatrade.fi\/en\/#website"},"primaryImageOfPage":{"@id":"https:\/\/mediatrade.fi\/en\/product\/pianissimo-windshield-for-8060-and-ate208\/#primaryimage"},"image":{"@id":"https:\/\/mediatrade.fi\/en\/product\/pianissimo-windshield-for-8060-and-ate208\/#primaryimage"},"thumbnailUrl":"https:\/\/mediatrade.fi\/wp-content\/uploads\/2024\/11\/product_185_1951.jpg","datePublished":"2025-01-21T12:42:07+00:00","dateModified":"2026-01-23T10:53:26+00:00","breadcrumb":{"@id":"https:\/\/mediatrade.fi\/en\/product\/pianissimo-windshield-for-8060-and-ate208\/#breadcrumb"},"inLanguage":"en-US","potentialAction":[{"@type":"ReadAction","target":["https:\/\/mediatrade.fi\/en\/product\/pianissimo-windshield-for-8060-and-ate208\/"]}]},{"@type":"ImageObject","inLanguage":"en-US","@id":"https:\/\/mediatrade.fi\/en\/product\/pianissimo-windshield-for-8060-and-ate208\/#primaryimage","url":"https:\/\/mediatrade.fi\/wp-content\/uploads\/2024\/11\/product_185_1951.jpg","contentUrl":"https:\/\/mediatrade.fi\/wp-content\/uploads\/2024\/11\/product_185_1951.jpg","width":2000,"height":1369},{"@type":"BreadcrumbList","@id":"https:\/\/mediatrade.fi\/en\/product\/pianissimo-windshield-for-8060-and-ate208\/#breadcrumb","itemListElement":[{"@type":"ListItem","position":1,"name":"Front Page","item":"https:\/\/mediatrade.fi\/en\/"},{"@type":"ListItem","position":2,"name":"Shop","item":"https:\/\/mediatrade.fi\/en\/shop\/"},{"@type":"ListItem","position":3,"name":"PIANISSIMO windshield for 8060 and ATE208"}]},{"@type":"WebSite","@id":"https:\/\/mediatrade.fi\/en\/#website","url":"https:\/\/mediatrade.fi\/en\/","name":"Mediatrade","description":"","publisher":{"@id":"https:\/\/mediatrade.fi\/en\/#organization"},"potentialAction":[{"@type":"SearchAction","target":{"@type":"EntryPoint","urlTemplate":"https:\/\/mediatrade.fi\/en\/?s={search_term_string}"},"query-input":{"@type":"PropertyValueSpecification","valueRequired":true,"valueName":"search_term_string"}}],"inLanguage":"en-US"},{"@type":"Organization","@id":"https:\/\/mediatrade.fi\/en\/#organization","name":"Mediatrade","url":"https:\/\/mediatrade.fi\/en\/","logo":{"@type":"ImageObject","inLanguage":"en-US","@id":"https:\/\/mediatrade.fi\/en\/#\/schema\/logo\/image\/","url":"https:\/\/mediatrade.fi\/wp-content\/uploads\/2022\/04\/Group-640.svg","contentUrl":"https:\/\/mediatrade.fi\/wp-content\/uploads\/2022\/04\/Group-640.svg","width":128,"height":43,"caption":"Mediatrade"},"image":{"@id":"https:\/\/mediatrade.fi\/en\/#\/schema\/logo\/image\/"}}]}},"_links":{"self":[{"href":"https:\/\/mediatrade.fi\/en\/wp-json\/wp\/v2\/product\/381406","targetHints":{"allow":["GET"]}}],"collection":[{"href":"https:\/\/mediatrade.fi\/en\/wp-json\/wp\/v2\/product"}],"about":[{"href":"https:\/\/mediatrade.fi\/en\/wp-json\/wp\/v2\/types\/product"}],"wp:featuredmedia":[{"embeddable":true,"href":"https:\/\/mediatrade.fi\/en\/wp-json\/wp\/v2\/media\/431379"}],"wp:attachment":[{"href":"https:\/\/mediatrade.fi\/en\/wp-json\/wp\/v2\/media?parent=381406"}],"wp:term":[{"taxonomy":"product_brand","embeddable":true,"href":"https:\/\/mediatrade.fi\/en\/wp-json\/wp\/v2\/product_brand?post=381406"},{"taxonomy":"product_cat","embeddable":true,"href":"https:\/\/mediatrade.fi\/en\/wp-json\/wp\/v2\/product_cat?post=381406"},{"taxonomy":"product_tag","embeddable":true,"href":"https:\/\/mediatrade.fi\/en\/wp-json\/wp\/v2\/product_tag?post=381406"},{"taxonomy":"brands","embeddable":true,"href":"https:\/\/mediatrade.fi\/en\/wp-json\/wp\/v2\/brands?post=381406"},{"taxonomy":"id_product_type","embeddable":true,"href":"https:\/\/mediatrade.fi\/en\/wp-json\/wp\/v2\/id_product_type?post=381406"}],"curies":[{"name":"wp","href":"https:\/\/api.w.org\/{rel}","templated":true}]}}