{"id":381530,"date":"2024-10-16T10:46:23","date_gmt":"2025-01-21T13:32:04","guid":{"rendered":"https:\/\/mediatrade.fi\/tuote\/handheld-microphone-mm-130-for-mobile-devices\/"},"modified":"2026-01-27T14:14:11","modified_gmt":"2026-01-27T12:14:11","slug":"handheld-microphone-mm-130-for-mobile-devices","status":"publish","type":"product","link":"https:\/\/mediatrade.fi\/en\/product\/handheld-microphone-mm-130-for-mobile-devices\/","title":{"rendered":"Handheld Microphone MM-130 for Mobile Devices"},"content":{"rendered":"\n<section class=\"block block-woocommerce-product-description container-fluid container-fluid \">\n    <div class=\"container\">\n        <div class=\"row\">\n            <div class=\"col-12 col-md-6 order-2 order-md-1 attachments-col\">\n                                            <\/div>\n\n            <div class=\"col-12 col-md-5 offset-md-1 order-1 order-md-2\">\n                <main class=\"entry-content\">\n                    \n\n<h2 class=\"wp-block-heading\">Product<\/h2>\n\n\n\n<p>The MXL MM-130 Handheld mic is ideal for recording interviews and live events on iPhone\u00ae iOS and Android smart phones and tablets. The MM-130 works with a variety of cell phones and tablets, iPhone iOS, Android and Windows, by connecting to the 3.5mm jack. It can be used for audio only or audio for video applications like Periscope, Skype, YouTube, Meerkat and Google Hangouts. The MM-130 has a durable metal body, adjustable gain, and dual capsule. The mic\u2019s cardioid pickup pattern targets a subject in front of the mic. The omni pattern captures sounds all around the mic. The microphone includes a detachable XLR to 3.5mm cable with a built-in headphone jack for real time audio monitoring with the appropriate app. The MM-130 can be handheld or placed on a mic stand using the included microphone clip. With clear sound quality and a rugged design, the MM-130 Interview Microphone is perfect for journalists, students, podcasters, and videographers. Record professional YouTube videos with rich audio by adding our MM130 mobile handheld microphone.<\/p>\n\n\n\n<h3 class=\"wp-block-heading\">Features<\/h3>\n\n\n\n<ul class=\"wp-block-list\">\n<li>Durable metal body<\/li>\n\n\n\n<li>Adjustable gain switch<\/li>\n\n\n\n<li>Switch selectable omni and cardioid patterns<\/li>\n\n\n\n<li>6.5 ft. Detachable XLR to 3.5mm cable with headphone jack<\/li>\n\n\n\n<li>Compatible with iPhone iOS, Android and Windows mobile phones and tablets<\/li>\n<\/ul>\n\n\n\n<h3 class=\"wp-block-heading\">Specs<\/h3>\n\n\n\n<ul class=\"wp-block-list\">\n<li>Type: Electret Condenser Microphone<\/li>\n\n\n\n<li>Frequency Range: 100 Hz-15 kHz<\/li>\n\n\n\n<li>Polar Pattern: Omni\/Cardioid<\/li>\n\n\n\n<li>Weight: 0.7 lbs\/318g<\/li>\n\n\n\n<li>Size: 53mm x 190mm \/ 2.10\u2033 x 7.50\u2033<\/li>\n\n\n\n<li>Metal Finish: Black<\/li>\n<\/ul>\n\n\n\n<p>Tuote on tarkoitettu vain ammattik\u00e4ytt\u00f6\u00f6n. Ei takuuta.<\/p>\n\n\n                <\/main>\n            <\/div>\n        <\/div>\n    <\/div>\n<\/section>\n","protected":false},"excerpt":{"rendered":"","protected":false},"featured_media":431777,"template":"","meta":{"_acf_changed":false,"_relevanssi_hide_post":"","_relevanssi_hide_content":"","_relevanssi_pin_for_all":"","_relevanssi_pin_keywords":"","_relevanssi_unpin_keywords":"","_relevanssi_related_keywords":"","_relevanssi_related_include_ids":"","_relevanssi_related_exclude_ids":"","_relevanssi_related_no_append":"","_relevanssi_related_not_related":"","_relevanssi_related_posts":"","_relevanssi_noindex_reason":""},"product_brand":[],"product_cat":[2500,2486,2500,9057,2486,9060,9060,9055,9055,9057],"product_tag":[8497,6116,4367,3629,5494,8639,8640,8203,8202],"brands":[4350],"id_product_type":[],"class_list":{"0":"post-381530","1":"product","2":"type-product","3":"status-publish","4":"has-post-thumbnail","6":"product_cat-audio","7":"product_cat-all-products","9":"product_cat-in-store","11":"product_cat-microphones","13":"product_cat-outlet-en","16":"product_tag-android","17":"product_tag-handheld","18":"product_tag-marshall","19":"product_tag-microphone","20":"product_tag-mobile","21":"product_tag-mobile-phone","22":"product_tag-smart-phone","23":"product_tag-tiktok","24":"product_tag-youtube","26":"first","27":"instock","28":"taxable","29":"shipping-taxable","30":"purchasable","31":"product-type-simple"},"bundled_by":[],"bundle_stock_status":"instock","bundle_stock_quantity":3,"bundle_virtual":false,"bundle_layout":"","bundle_add_to_cart_form_location":"","bundle_editable_in_cart":false,"bundle_sold_individually_context":"","bundle_item_grouping":"","bundle_min_size":"","bundle_max_size":"","bundle_price":[],"bundled_items":[],"bundle_sell_ids":[],"acf":[],"yoast_head":"<!-- This site is optimized with the Yoast SEO plugin v27.1.1 - https:\/\/yoast.com\/product\/yoast-seo-wordpress\/ -->\n<title>Handheld Microphone MM-130 for Mobile Devices - Mediatrade<\/title>\n<meta name=\"robots\" content=\"index, follow, max-snippet:-1, max-image-preview:large, max-video-preview:-1\" \/>\n<link rel=\"canonical\" href=\"https:\/\/mediatrade.fi\/en\/product\/handheld-microphone-mm-130-for-mobile-devices\/\" \/>\n<meta property=\"og:locale\" content=\"en_US\" \/>\n<meta property=\"og:type\" content=\"article\" \/>\n<meta property=\"og:title\" content=\"Handheld Microphone MM-130 for Mobile Devices - Mediatrade\" \/>\n<meta property=\"og:url\" content=\"https:\/\/mediatrade.fi\/en\/product\/handheld-microphone-mm-130-for-mobile-devices\/\" \/>\n<meta property=\"og:site_name\" content=\"Mediatrade\" \/>\n<meta property=\"article:modified_time\" content=\"2026-01-27T12:14:11+00:00\" \/>\n<meta property=\"og:image\" content=\"https:\/\/mediatrade.fi\/wp-content\/uploads\/2024\/10\/MXL-MM-130_3.jpg\" \/>\n\t<meta property=\"og:image:width\" content=\"1200\" \/>\n\t<meta property=\"og:image:height\" content=\"1200\" \/>\n\t<meta property=\"og:image:type\" content=\"image\/jpeg\" \/>\n<meta name=\"twitter:card\" content=\"summary_large_image\" \/>\n<meta name=\"twitter:label1\" content=\"Est. reading time\" \/>\n\t<meta name=\"twitter:data1\" content=\"4 minutes\" \/>\n<script type=\"application\/ld+json\" class=\"yoast-schema-graph\">{\"@context\":\"https:\/\/schema.org\",\"@graph\":[{\"@type\":\"WebPage\",\"@id\":\"https:\/\/mediatrade.fi\/en\/product\/handheld-microphone-mm-130-for-mobile-devices\/\",\"url\":\"https:\/\/mediatrade.fi\/en\/product\/handheld-microphone-mm-130-for-mobile-devices\/\",\"name\":\"Handheld Microphone MM-130 for Mobile Devices - Mediatrade\",\"isPartOf\":{\"@id\":\"https:\/\/mediatrade.fi\/en\/#website\"},\"primaryImageOfPage\":{\"@id\":\"https:\/\/mediatrade.fi\/en\/product\/handheld-microphone-mm-130-for-mobile-devices\/#primaryimage\"},\"image\":{\"@id\":\"https:\/\/mediatrade.fi\/en\/product\/handheld-microphone-mm-130-for-mobile-devices\/#primaryimage\"},\"thumbnailUrl\":\"https:\/\/mediatrade.fi\/wp-content\/uploads\/2024\/10\/MXL-MM-130_3.jpg\",\"datePublished\":\"2025-01-21T13:32:04+00:00\",\"dateModified\":\"2026-01-27T12:14:11+00:00\",\"breadcrumb\":{\"@id\":\"https:\/\/mediatrade.fi\/en\/product\/handheld-microphone-mm-130-for-mobile-devices\/#breadcrumb\"},\"inLanguage\":\"en-US\",\"potentialAction\":[{\"@type\":\"ReadAction\",\"target\":[\"https:\/\/mediatrade.fi\/en\/product\/handheld-microphone-mm-130-for-mobile-devices\/\"]}]},{\"@type\":\"ImageObject\",\"inLanguage\":\"en-US\",\"@id\":\"https:\/\/mediatrade.fi\/en\/product\/handheld-microphone-mm-130-for-mobile-devices\/#primaryimage\",\"url\":\"https:\/\/mediatrade.fi\/wp-content\/uploads\/2024\/10\/MXL-MM-130_3.jpg\",\"contentUrl\":\"https:\/\/mediatrade.fi\/wp-content\/uploads\/2024\/10\/MXL-MM-130_3.jpg\",\"width\":1200,\"height\":1200},{\"@type\":\"BreadcrumbList\",\"@id\":\"https:\/\/mediatrade.fi\/en\/product\/handheld-microphone-mm-130-for-mobile-devices\/#breadcrumb\",\"itemListElement\":[{\"@type\":\"ListItem\",\"position\":1,\"name\":\"Front Page\",\"item\":\"https:\/\/mediatrade.fi\/en\/\"},{\"@type\":\"ListItem\",\"position\":2,\"name\":\"Shop\",\"item\":\"https:\/\/mediatrade.fi\/en\/shop\/\"},{\"@type\":\"ListItem\",\"position\":3,\"name\":\"Handheld Microphone MM-130 for Mobile Devices\"}]},{\"@type\":\"WebSite\",\"@id\":\"https:\/\/mediatrade.fi\/en\/#website\",\"url\":\"https:\/\/mediatrade.fi\/en\/\",\"name\":\"Mediatrade\",\"description\":\"\",\"publisher\":{\"@id\":\"https:\/\/mediatrade.fi\/en\/#organization\"},\"potentialAction\":[{\"@type\":\"SearchAction\",\"target\":{\"@type\":\"EntryPoint\",\"urlTemplate\":\"https:\/\/mediatrade.fi\/en\/?s={search_term_string}\"},\"query-input\":{\"@type\":\"PropertyValueSpecification\",\"valueRequired\":true,\"valueName\":\"search_term_string\"}}],\"inLanguage\":\"en-US\"},{\"@type\":\"Organization\",\"@id\":\"https:\/\/mediatrade.fi\/en\/#organization\",\"name\":\"Mediatrade\",\"url\":\"https:\/\/mediatrade.fi\/en\/\",\"logo\":{\"@type\":\"ImageObject\",\"inLanguage\":\"en-US\",\"@id\":\"https:\/\/mediatrade.fi\/en\/#\/schema\/logo\/image\/\",\"url\":\"https:\/\/mediatrade.fi\/wp-content\/uploads\/2022\/04\/Group-640.svg\",\"contentUrl\":\"https:\/\/mediatrade.fi\/wp-content\/uploads\/2022\/04\/Group-640.svg\",\"width\":128,\"height\":43,\"caption\":\"Mediatrade\"},\"image\":{\"@id\":\"https:\/\/mediatrade.fi\/en\/#\/schema\/logo\/image\/\"}}]}<\/script>\n<!-- \/ Yoast SEO plugin. -->","yoast_head_json":{"title":"Handheld Microphone MM-130 for Mobile Devices - Mediatrade","robots":{"index":"index","follow":"follow","max-snippet":"max-snippet:-1","max-image-preview":"max-image-preview:large","max-video-preview":"max-video-preview:-1"},"canonical":"https:\/\/mediatrade.fi\/en\/product\/handheld-microphone-mm-130-for-mobile-devices\/","og_locale":"en_US","og_type":"article","og_title":"Handheld Microphone MM-130 for Mobile Devices - Mediatrade","og_url":"https:\/\/mediatrade.fi\/en\/product\/handheld-microphone-mm-130-for-mobile-devices\/","og_site_name":"Mediatrade","article_modified_time":"2026-01-27T12:14:11+00:00","og_image":[{"width":1200,"height":1200,"url":"https:\/\/mediatrade.fi\/wp-content\/uploads\/2024\/10\/MXL-MM-130_3.jpg","type":"image\/jpeg"}],"twitter_card":"summary_large_image","twitter_misc":{"Est. reading time":"4 minutes"},"schema":{"@context":"https:\/\/schema.org","@graph":[{"@type":"WebPage","@id":"https:\/\/mediatrade.fi\/en\/product\/handheld-microphone-mm-130-for-mobile-devices\/","url":"https:\/\/mediatrade.fi\/en\/product\/handheld-microphone-mm-130-for-mobile-devices\/","name":"Handheld Microphone MM-130 for Mobile Devices - Mediatrade","isPartOf":{"@id":"https:\/\/mediatrade.fi\/en\/#website"},"primaryImageOfPage":{"@id":"https:\/\/mediatrade.fi\/en\/product\/handheld-microphone-mm-130-for-mobile-devices\/#primaryimage"},"image":{"@id":"https:\/\/mediatrade.fi\/en\/product\/handheld-microphone-mm-130-for-mobile-devices\/#primaryimage"},"thumbnailUrl":"https:\/\/mediatrade.fi\/wp-content\/uploads\/2024\/10\/MXL-MM-130_3.jpg","datePublished":"2025-01-21T13:32:04+00:00","dateModified":"2026-01-27T12:14:11+00:00","breadcrumb":{"@id":"https:\/\/mediatrade.fi\/en\/product\/handheld-microphone-mm-130-for-mobile-devices\/#breadcrumb"},"inLanguage":"en-US","potentialAction":[{"@type":"ReadAction","target":["https:\/\/mediatrade.fi\/en\/product\/handheld-microphone-mm-130-for-mobile-devices\/"]}]},{"@type":"ImageObject","inLanguage":"en-US","@id":"https:\/\/mediatrade.fi\/en\/product\/handheld-microphone-mm-130-for-mobile-devices\/#primaryimage","url":"https:\/\/mediatrade.fi\/wp-content\/uploads\/2024\/10\/MXL-MM-130_3.jpg","contentUrl":"https:\/\/mediatrade.fi\/wp-content\/uploads\/2024\/10\/MXL-MM-130_3.jpg","width":1200,"height":1200},{"@type":"BreadcrumbList","@id":"https:\/\/mediatrade.fi\/en\/product\/handheld-microphone-mm-130-for-mobile-devices\/#breadcrumb","itemListElement":[{"@type":"ListItem","position":1,"name":"Front Page","item":"https:\/\/mediatrade.fi\/en\/"},{"@type":"ListItem","position":2,"name":"Shop","item":"https:\/\/mediatrade.fi\/en\/shop\/"},{"@type":"ListItem","position":3,"name":"Handheld Microphone MM-130 for Mobile Devices"}]},{"@type":"WebSite","@id":"https:\/\/mediatrade.fi\/en\/#website","url":"https:\/\/mediatrade.fi\/en\/","name":"Mediatrade","description":"","publisher":{"@id":"https:\/\/mediatrade.fi\/en\/#organization"},"potentialAction":[{"@type":"SearchAction","target":{"@type":"EntryPoint","urlTemplate":"https:\/\/mediatrade.fi\/en\/?s={search_term_string}"},"query-input":{"@type":"PropertyValueSpecification","valueRequired":true,"valueName":"search_term_string"}}],"inLanguage":"en-US"},{"@type":"Organization","@id":"https:\/\/mediatrade.fi\/en\/#organization","name":"Mediatrade","url":"https:\/\/mediatrade.fi\/en\/","logo":{"@type":"ImageObject","inLanguage":"en-US","@id":"https:\/\/mediatrade.fi\/en\/#\/schema\/logo\/image\/","url":"https:\/\/mediatrade.fi\/wp-content\/uploads\/2022\/04\/Group-640.svg","contentUrl":"https:\/\/mediatrade.fi\/wp-content\/uploads\/2022\/04\/Group-640.svg","width":128,"height":43,"caption":"Mediatrade"},"image":{"@id":"https:\/\/mediatrade.fi\/en\/#\/schema\/logo\/image\/"}}]}},"_links":{"self":[{"href":"https:\/\/mediatrade.fi\/en\/wp-json\/wp\/v2\/product\/381530","targetHints":{"allow":["GET"]}}],"collection":[{"href":"https:\/\/mediatrade.fi\/en\/wp-json\/wp\/v2\/product"}],"about":[{"href":"https:\/\/mediatrade.fi\/en\/wp-json\/wp\/v2\/types\/product"}],"wp:featuredmedia":[{"embeddable":true,"href":"https:\/\/mediatrade.fi\/en\/wp-json\/wp\/v2\/media\/431777"}],"wp:attachment":[{"href":"https:\/\/mediatrade.fi\/en\/wp-json\/wp\/v2\/media?parent=381530"}],"wp:term":[{"taxonomy":"product_brand","embeddable":true,"href":"https:\/\/mediatrade.fi\/en\/wp-json\/wp\/v2\/product_brand?post=381530"},{"taxonomy":"product_cat","embeddable":true,"href":"https:\/\/mediatrade.fi\/en\/wp-json\/wp\/v2\/product_cat?post=381530"},{"taxonomy":"product_tag","embeddable":true,"href":"https:\/\/mediatrade.fi\/en\/wp-json\/wp\/v2\/product_tag?post=381530"},{"taxonomy":"brands","embeddable":true,"href":"https:\/\/mediatrade.fi\/en\/wp-json\/wp\/v2\/brands?post=381530"},{"taxonomy":"id_product_type","embeddable":true,"href":"https:\/\/mediatrade.fi\/en\/wp-json\/wp\/v2\/id_product_type?post=381530"}],"curies":[{"name":"wp","href":"https:\/\/api.w.org\/{rel}","templated":true}]}}