{"id":381581,"date":"2024-09-12T10:46:07","date_gmt":"2025-01-21T13:54:05","guid":{"rendered":"https:\/\/mediatrade.fi\/tuote\/powerstar-mini-triple-play-2\/"},"modified":"2025-10-31T14:15:24","modified_gmt":"2025-10-31T12:15:24","slug":"powerstar-mini-triple-play-2","status":"publish","type":"product","link":"https:\/\/mediatrade.fi\/en\/product\/powerstar-mini-triple-play-2\/","title":{"rendered":"PowerStar Mini Triple Play"},"content":{"rendered":"\n<section class=\"block block-woocommerce-product-description container-fluid container-fluid \">\n    <div class=\"container\">\n        <div class=\"row\">\n            <div class=\"col-12 col-md-6 order-2 order-md-1 attachments-col\">\n                                            <\/div>\n\n            <div class=\"col-12 col-md-5 offset-md-1 order-1 order-md-2\">\n                <main class=\"entry-content\">\n                    \n\n<h2 class=\"wp-block-heading\">Product<\/h2>\n\n\n\n<p>The PowerStar Mini Triple Play from PSC is a power distribution system that provides a convenient way to distribute clean, quiet, reliable 12 VDC power from one or more rechargeable batteries. It can be used to power all your ENG (Electronic New Gathering) gear in a bag or small cart for applications using wireless mics, mixers, recorders, USB devices, and more.<\/p>\n\n\n\n<p>The Mini Triple Play features nine main outputs. Each output can deliver up to 2 amps of continuous current and the total current limit is 10 amps. A top-panel mounted 3-way power switch controls the entire operation. When switched to the left, only USB power connectors will be powered on to allow continued charging of your USB devices. When switched to the center position, everything is turned off. When switched to the right side, everything is powered on. In addition, one connector is always on and has a blue ring to identify it.<\/p>\n\n\n\n<p>POWER STAR MINI TRIPLE PLAY<\/p>\n\n\n\n<h3 class=\"wp-block-heading\">Specs<\/h3>\n\n\n\n<ul class=\"wp-block-list\">\n<li><strong>Main Output Current<\/strong><br>10 A global maximum, 2 A maximum per output<\/li>\n\n\n\n<li><strong>USB Output Current<\/strong><br>6 A global, 2 A maximum per output<\/li>\n\n\n\n<li><strong>Power Switch<\/strong> Recessed toggle<\/li>\n\n\n\n<li><strong>RF Filter Range<\/strong> 34 dB isolation from 100 to 900 MHz<\/li>\n\n\n\n<li><strong>Input Connectors<\/strong> 3x 4-pin mini-XLR, wired pins 1 &amp; 2 negative (-), pins 3 &amp; 4 positive (+)<\/li>\n\n\n\n<li><strong>Output Connectors<\/strong> 9x Switchcraft coaxial power connectors, center positive (+)<\/li>\n\n\n\n<li><strong>Dimensions<\/strong> 133.7 mm x 40.6 mm x 31.7 mm<\/li>\n\n\n\n<li><strong>Weight<\/strong> 170 g<\/li>\n<\/ul>\n\n\n\n<p>Tuote on tarkoitettu vain ammattik\u00e4ytt\u00f6\u00f6n. Ei takuuta.<\/p>\n\n\n                <\/main>\n            <\/div>\n        <\/div>\n    <\/div>\n<\/section>\n","protected":false},"excerpt":{"rendered":"","protected":false},"featured_media":431917,"template":"","meta":{"_acf_changed":true,"_relevanssi_hide_post":"","_relevanssi_hide_content":"","_relevanssi_pin_for_all":"","_relevanssi_pin_keywords":"","_relevanssi_unpin_keywords":"","_relevanssi_related_keywords":"","_relevanssi_related_include_ids":"","_relevanssi_related_exclude_ids":"","_relevanssi_related_no_append":"","_relevanssi_related_not_related":"","_relevanssi_related_posts":"","_relevanssi_noindex_reason":""},"product_brand":[],"product_cat":[202,2486,2500,9057,15,8318,9055,3493,8189,210],"product_tag":[4447,3688,6119,4762,7727],"brands":[4347],"id_product_type":[],"class_list":{"0":"post-381581","1":"product","2":"type-product","3":"status-publish","4":"has-post-thumbnail","6":"product_cat-aani","7":"product_cat-all-products","8":"product_cat-audio","9":"product_cat-in-store","10":"product_cat-kaikki","11":"product_cat-outlet","12":"product_cat-outlet-en","13":"product_cat-power-solutions-en","14":"product_cat-varastossa","15":"product_cat-aanitys-virtaratkaisut","16":"product_tag-audio-bag","17":"product_tag-distribution","18":"product_tag-eng","19":"product_tag-power","20":"product_tag-psc","22":"first","23":"instock","24":"taxable","25":"shipping-taxable","26":"purchasable","27":"product-type-simple"},"bundled_by":[],"bundle_stock_status":"instock","bundle_stock_quantity":1,"bundle_virtual":false,"bundle_layout":"","bundle_add_to_cart_form_location":"","bundle_editable_in_cart":false,"bundle_sold_individually_context":"","bundle_item_grouping":"","bundle_min_size":"","bundle_max_size":"","bundle_price":[],"bundled_items":[],"bundle_sell_ids":[],"acf":[],"yoast_head":"<!-- This site is optimized with the Yoast SEO plugin v27.1.1 - https:\/\/yoast.com\/product\/yoast-seo-wordpress\/ -->\n<title>PowerStar Mini Triple Play - Mediatrade<\/title>\n<meta name=\"robots\" content=\"index, follow, max-snippet:-1, max-image-preview:large, max-video-preview:-1\" \/>\n<link rel=\"canonical\" href=\"https:\/\/mediatrade.fi\/en\/product\/powerstar-mini-triple-play-2\/\" \/>\n<meta property=\"og:locale\" content=\"en_US\" \/>\n<meta property=\"og:type\" content=\"article\" \/>\n<meta property=\"og:title\" content=\"PowerStar Mini Triple Play - Mediatrade\" \/>\n<meta property=\"og:url\" content=\"https:\/\/mediatrade.fi\/en\/product\/powerstar-mini-triple-play-2\/\" \/>\n<meta property=\"og:site_name\" content=\"Mediatrade\" \/>\n<meta property=\"article:modified_time\" content=\"2025-10-31T12:15:24+00:00\" \/>\n<meta property=\"og:image\" content=\"https:\/\/mediatrade.fi\/wp-content\/uploads\/2022\/10\/1424184334_1123101.jpg\" \/>\n\t<meta property=\"og:image:width\" content=\"500\" \/>\n\t<meta property=\"og:image:height\" content=\"500\" \/>\n\t<meta property=\"og:image:type\" content=\"image\/jpeg\" \/>\n<meta name=\"twitter:card\" content=\"summary_large_image\" \/>\n<meta name=\"twitter:label1\" content=\"Est. reading time\" \/>\n\t<meta name=\"twitter:data1\" content=\"4 minutes\" \/>\n<script type=\"application\/ld+json\" class=\"yoast-schema-graph\">{\"@context\":\"https:\/\/schema.org\",\"@graph\":[{\"@type\":\"WebPage\",\"@id\":\"https:\/\/mediatrade.fi\/en\/product\/powerstar-mini-triple-play-2\/\",\"url\":\"https:\/\/mediatrade.fi\/en\/product\/powerstar-mini-triple-play-2\/\",\"name\":\"PowerStar Mini Triple Play - Mediatrade\",\"isPartOf\":{\"@id\":\"https:\/\/mediatrade.fi\/en\/#website\"},\"primaryImageOfPage\":{\"@id\":\"https:\/\/mediatrade.fi\/en\/product\/powerstar-mini-triple-play-2\/#primaryimage\"},\"image\":{\"@id\":\"https:\/\/mediatrade.fi\/en\/product\/powerstar-mini-triple-play-2\/#primaryimage\"},\"thumbnailUrl\":\"https:\/\/mediatrade.fi\/wp-content\/uploads\/2022\/10\/1424184334_1123101.jpg\",\"datePublished\":\"2025-01-21T13:54:05+00:00\",\"dateModified\":\"2025-10-31T12:15:24+00:00\",\"breadcrumb\":{\"@id\":\"https:\/\/mediatrade.fi\/en\/product\/powerstar-mini-triple-play-2\/#breadcrumb\"},\"inLanguage\":\"en-US\",\"potentialAction\":[{\"@type\":\"ReadAction\",\"target\":[\"https:\/\/mediatrade.fi\/en\/product\/powerstar-mini-triple-play-2\/\"]}]},{\"@type\":\"ImageObject\",\"inLanguage\":\"en-US\",\"@id\":\"https:\/\/mediatrade.fi\/en\/product\/powerstar-mini-triple-play-2\/#primaryimage\",\"url\":\"https:\/\/mediatrade.fi\/wp-content\/uploads\/2022\/10\/1424184334_1123101.jpg\",\"contentUrl\":\"https:\/\/mediatrade.fi\/wp-content\/uploads\/2022\/10\/1424184334_1123101.jpg\",\"width\":500,\"height\":500},{\"@type\":\"BreadcrumbList\",\"@id\":\"https:\/\/mediatrade.fi\/en\/product\/powerstar-mini-triple-play-2\/#breadcrumb\",\"itemListElement\":[{\"@type\":\"ListItem\",\"position\":1,\"name\":\"Front Page\",\"item\":\"https:\/\/mediatrade.fi\/en\/\"},{\"@type\":\"ListItem\",\"position\":2,\"name\":\"Shop\",\"item\":\"https:\/\/mediatrade.fi\/en\/shop\/\"},{\"@type\":\"ListItem\",\"position\":3,\"name\":\"PowerStar Mini Triple Play\"}]},{\"@type\":\"WebSite\",\"@id\":\"https:\/\/mediatrade.fi\/en\/#website\",\"url\":\"https:\/\/mediatrade.fi\/en\/\",\"name\":\"Mediatrade\",\"description\":\"\",\"publisher\":{\"@id\":\"https:\/\/mediatrade.fi\/en\/#organization\"},\"potentialAction\":[{\"@type\":\"SearchAction\",\"target\":{\"@type\":\"EntryPoint\",\"urlTemplate\":\"https:\/\/mediatrade.fi\/en\/?s={search_term_string}\"},\"query-input\":{\"@type\":\"PropertyValueSpecification\",\"valueRequired\":true,\"valueName\":\"search_term_string\"}}],\"inLanguage\":\"en-US\"},{\"@type\":\"Organization\",\"@id\":\"https:\/\/mediatrade.fi\/en\/#organization\",\"name\":\"Mediatrade\",\"url\":\"https:\/\/mediatrade.fi\/en\/\",\"logo\":{\"@type\":\"ImageObject\",\"inLanguage\":\"en-US\",\"@id\":\"https:\/\/mediatrade.fi\/en\/#\/schema\/logo\/image\/\",\"url\":\"https:\/\/mediatrade.fi\/wp-content\/uploads\/2022\/04\/Group-640.svg\",\"contentUrl\":\"https:\/\/mediatrade.fi\/wp-content\/uploads\/2022\/04\/Group-640.svg\",\"width\":128,\"height\":43,\"caption\":\"Mediatrade\"},\"image\":{\"@id\":\"https:\/\/mediatrade.fi\/en\/#\/schema\/logo\/image\/\"}}]}<\/script>\n<!-- \/ Yoast SEO plugin. -->","yoast_head_json":{"title":"PowerStar Mini Triple Play - Mediatrade","robots":{"index":"index","follow":"follow","max-snippet":"max-snippet:-1","max-image-preview":"max-image-preview:large","max-video-preview":"max-video-preview:-1"},"canonical":"https:\/\/mediatrade.fi\/en\/product\/powerstar-mini-triple-play-2\/","og_locale":"en_US","og_type":"article","og_title":"PowerStar Mini Triple Play - Mediatrade","og_url":"https:\/\/mediatrade.fi\/en\/product\/powerstar-mini-triple-play-2\/","og_site_name":"Mediatrade","article_modified_time":"2025-10-31T12:15:24+00:00","og_image":[{"width":500,"height":500,"url":"https:\/\/mediatrade.fi\/wp-content\/uploads\/2022\/10\/1424184334_1123101.jpg","type":"image\/jpeg"}],"twitter_card":"summary_large_image","twitter_misc":{"Est. reading time":"4 minutes"},"schema":{"@context":"https:\/\/schema.org","@graph":[{"@type":"WebPage","@id":"https:\/\/mediatrade.fi\/en\/product\/powerstar-mini-triple-play-2\/","url":"https:\/\/mediatrade.fi\/en\/product\/powerstar-mini-triple-play-2\/","name":"PowerStar Mini Triple Play - Mediatrade","isPartOf":{"@id":"https:\/\/mediatrade.fi\/en\/#website"},"primaryImageOfPage":{"@id":"https:\/\/mediatrade.fi\/en\/product\/powerstar-mini-triple-play-2\/#primaryimage"},"image":{"@id":"https:\/\/mediatrade.fi\/en\/product\/powerstar-mini-triple-play-2\/#primaryimage"},"thumbnailUrl":"https:\/\/mediatrade.fi\/wp-content\/uploads\/2022\/10\/1424184334_1123101.jpg","datePublished":"2025-01-21T13:54:05+00:00","dateModified":"2025-10-31T12:15:24+00:00","breadcrumb":{"@id":"https:\/\/mediatrade.fi\/en\/product\/powerstar-mini-triple-play-2\/#breadcrumb"},"inLanguage":"en-US","potentialAction":[{"@type":"ReadAction","target":["https:\/\/mediatrade.fi\/en\/product\/powerstar-mini-triple-play-2\/"]}]},{"@type":"ImageObject","inLanguage":"en-US","@id":"https:\/\/mediatrade.fi\/en\/product\/powerstar-mini-triple-play-2\/#primaryimage","url":"https:\/\/mediatrade.fi\/wp-content\/uploads\/2022\/10\/1424184334_1123101.jpg","contentUrl":"https:\/\/mediatrade.fi\/wp-content\/uploads\/2022\/10\/1424184334_1123101.jpg","width":500,"height":500},{"@type":"BreadcrumbList","@id":"https:\/\/mediatrade.fi\/en\/product\/powerstar-mini-triple-play-2\/#breadcrumb","itemListElement":[{"@type":"ListItem","position":1,"name":"Front Page","item":"https:\/\/mediatrade.fi\/en\/"},{"@type":"ListItem","position":2,"name":"Shop","item":"https:\/\/mediatrade.fi\/en\/shop\/"},{"@type":"ListItem","position":3,"name":"PowerStar Mini Triple Play"}]},{"@type":"WebSite","@id":"https:\/\/mediatrade.fi\/en\/#website","url":"https:\/\/mediatrade.fi\/en\/","name":"Mediatrade","description":"","publisher":{"@id":"https:\/\/mediatrade.fi\/en\/#organization"},"potentialAction":[{"@type":"SearchAction","target":{"@type":"EntryPoint","urlTemplate":"https:\/\/mediatrade.fi\/en\/?s={search_term_string}"},"query-input":{"@type":"PropertyValueSpecification","valueRequired":true,"valueName":"search_term_string"}}],"inLanguage":"en-US"},{"@type":"Organization","@id":"https:\/\/mediatrade.fi\/en\/#organization","name":"Mediatrade","url":"https:\/\/mediatrade.fi\/en\/","logo":{"@type":"ImageObject","inLanguage":"en-US","@id":"https:\/\/mediatrade.fi\/en\/#\/schema\/logo\/image\/","url":"https:\/\/mediatrade.fi\/wp-content\/uploads\/2022\/04\/Group-640.svg","contentUrl":"https:\/\/mediatrade.fi\/wp-content\/uploads\/2022\/04\/Group-640.svg","width":128,"height":43,"caption":"Mediatrade"},"image":{"@id":"https:\/\/mediatrade.fi\/en\/#\/schema\/logo\/image\/"}}]}},"_links":{"self":[{"href":"https:\/\/mediatrade.fi\/en\/wp-json\/wp\/v2\/product\/381581","targetHints":{"allow":["GET"]}}],"collection":[{"href":"https:\/\/mediatrade.fi\/en\/wp-json\/wp\/v2\/product"}],"about":[{"href":"https:\/\/mediatrade.fi\/en\/wp-json\/wp\/v2\/types\/product"}],"wp:featuredmedia":[{"embeddable":true,"href":"https:\/\/mediatrade.fi\/en\/wp-json\/wp\/v2\/media\/431917"}],"wp:attachment":[{"href":"https:\/\/mediatrade.fi\/en\/wp-json\/wp\/v2\/media?parent=381581"}],"wp:term":[{"taxonomy":"product_brand","embeddable":true,"href":"https:\/\/mediatrade.fi\/en\/wp-json\/wp\/v2\/product_brand?post=381581"},{"taxonomy":"product_cat","embeddable":true,"href":"https:\/\/mediatrade.fi\/en\/wp-json\/wp\/v2\/product_cat?post=381581"},{"taxonomy":"product_tag","embeddable":true,"href":"https:\/\/mediatrade.fi\/en\/wp-json\/wp\/v2\/product_tag?post=381581"},{"taxonomy":"brands","embeddable":true,"href":"https:\/\/mediatrade.fi\/en\/wp-json\/wp\/v2\/brands?post=381581"},{"taxonomy":"id_product_type","embeddable":true,"href":"https:\/\/mediatrade.fi\/en\/wp-json\/wp\/v2\/id_product_type?post=381581"}],"curies":[{"name":"wp","href":"https:\/\/api.w.org\/{rel}","templated":true}]}}