{"id":381707,"date":"2024-05-29T10:37:11","date_gmt":"2024-05-29T07:37:11","guid":{"rendered":"https:\/\/mediatrade.fi\/tuote\/catefo-star200-t1-2-4ghz-digital-wireless-microphone-2\/"},"modified":"2026-01-23T12:43:08","modified_gmt":"2026-01-23T10:43:08","slug":"catefo-star200-t1-2-4ghz-digital-wireless-microphone-2","status":"publish","type":"product","link":"https:\/\/mediatrade.fi\/en\/product\/catefo-star200-t1-2-4ghz-digital-wireless-microphone-2\/","title":{"rendered":"CaTeFo &#8211; Star200 T1 2.4GHz Digital Wireless Microphone"},"content":{"rendered":"\n<section class=\"block block-woocommerce-product-description container-fluid container-fluid \">\n    <div class=\"container\">\n        <div class=\"row\">\n            <div class=\"col-12 col-md-6 order-2 order-md-1 attachments-col\">\n                                <div style=\"height: 100%;\" class=\"oembed oembed-youtube\">        <div class=\"cookieconsent-optout-marketing\">            <a href=\"javascript:Cookiebot.renew()\">Hyv\u00e4ksy markkinointiev\u00e4steet<\/a>            katsoaksesi videon.        <\/div><iframe title=\"Look! The WORLD&#039;s SMALLEST Wireless Lavalier Mics\" width=\"840\" height=\"473\" src=\"https:\/\/www.youtube.com\/embed\/qpq23Wq3W20?feature=oembed&#038;enablejsapi=1&#038;origin=https:\/\/mediatrade.fi\" frameborder=\"0\" allow=\"accelerometer; autoplay; clipboard-write; encrypted-media; gyroscope; picture-in-picture; web-share\" referrerpolicy=\"strict-origin-when-cross-origin\" allowfullscreen><\/iframe><\/div>            <\/div>\n\n            <div class=\"col-12 col-md-5 offset-md-1 order-1 order-md-2\">\n                <main class=\"entry-content\">\n                    \n\n<h2 class=\"wp-block-heading\">Product<\/h2>\n\n\n\n<p>CaTeFo Star200 is a 2,4 GHz wireless microphone system, dual-channel for capturing audio with dual subjects to your smartphones, tablets, DSLR cameras, consumer camcorders, laptops etc.<\/p>\n\n\n\n<p>To provide a stable nd hassle-free audio system, CaTeFo developed the &#8220;CA Technology&#8221; to offer strong signal nd pick up detailed, broadcast quality sound.<\/p>\n\n\n\n<p>CaTeFo Star200 T1 kit includes one transmitter and one receiver, which are very small and lightweight enough to clip on clothing. Receiver has 16-level audio control adjustment and 3,5mm headphone jack to monitor real time audio.<\/p>\n\n\n\n<p>Great for content creators in Youtube, Tiktok, etc.<\/p>\n\n\n\n<h3 class=\"wp-block-heading\">Features<\/h3>\n\n\n\n<ul class=\"wp-block-list\">\n<li>Small wireless microphone (only 4,2 x 4,2 x 1,5cm size)<\/li>\n\n\n\n<li>2,4GHz dual-channel transmitter system<\/li>\n\n\n\n<li>Built-in mic and external lapel microphone<\/li>\n\n\n\n<li>Realtime monitor out for audio control<\/li>\n\n\n\n<li>Built-in battery<\/li>\n\n\n\n<li>Ultracompact and lightweight for cameras and smartphones<\/li>\n<\/ul>\n\n\n\n<h3 class=\"wp-block-heading\">Specs<\/h3>\n\n\n\n<ul class=\"wp-block-list\">\n<li>GFSK RF modulation<\/li>\n\n\n\n<li>2,4GHz<\/li>\n\n\n\n<li>Noise response 20Hz-20KHz<\/li>\n\n\n\n<li>Signal\/noise 85dB or more<\/li>\n\n\n\n<li>Batterylife transmitter 3 hours, receiver 6 hours<\/li>\n\n\n\n<li>Audio output response 35Hz-16KHz, 3dB<\/li>\n\n\n\n<li>Audio input 3,5mm plug or built-in mic<\/li>\n\n\n\n<li>Operation range 60m<\/li>\n\n\n\n<li>Weight 24g<\/li>\n<\/ul>\n\n\n\n<h3 class=\"wp-block-heading\">CaTeFo Star200 T1 kit includes<\/h3>\n\n\n\n<ul class=\"wp-block-list\">\n<li>One transmitter<\/li>\n\n\n\n<li>One receiver<\/li>\n\n\n\n<li>Lapel clip-on Lavalier mic<\/li>\n\n\n\n<li>Two type C charge cables<\/li>\n\n\n\n<li>One 3,5mm TRS cable<\/li>\n\n\n\n<li>One 3,5mm TRRS cable<\/li>\n<\/ul>\n\n\n\n<p>Tuote on tarkoitettu vain ammattik\u00e4ytt\u00f6\u00f6n. Ei takuuta.<\/p>\n\n\n                <\/main>\n            <\/div>\n        <\/div>\n    <\/div>\n<\/section>\n","protected":false},"excerpt":{"rendered":"","protected":false},"featured_media":455414,"template":"","meta":{"_acf_changed":true,"_relevanssi_hide_post":"","_relevanssi_hide_content":"","_relevanssi_pin_for_all":"","_relevanssi_pin_keywords":"","_relevanssi_unpin_keywords":"","_relevanssi_related_keywords":"","_relevanssi_related_include_ids":"","_relevanssi_related_exclude_ids":"","_relevanssi_related_no_append":"","_relevanssi_related_not_related":"","_relevanssi_related_posts":"","_relevanssi_noindex_reason":""},"product_brand":[],"product_cat":[2486,2500,9057,9059,8318,9055,8189,9058],"product_tag":[5058,8203,3644,8202],"brands":[681],"id_product_type":[],"class_list":{"0":"post-381707","1":"product","2":"type-product","3":"status-publish","4":"has-post-thumbnail","6":"product_cat-all-products","7":"product_cat-audio","8":"product_cat-in-store","9":"product_cat-lavalier-microphones","10":"product_cat-outlet","11":"product_cat-outlet-en","12":"product_cat-varastossa","13":"product_cat-wireless-accessories","14":"product_tag-lavalier","15":"product_tag-tiktok","16":"product_tag-wireless-microphone","17":"product_tag-youtube","19":"first","20":"instock","21":"taxable","22":"shipping-taxable","23":"purchasable","24":"product-type-simple"},"bundled_by":[],"bundle_stock_status":"instock","bundle_stock_quantity":31,"bundle_virtual":false,"bundle_layout":"","bundle_add_to_cart_form_location":"","bundle_editable_in_cart":false,"bundle_sold_individually_context":"","bundle_item_grouping":"","bundle_min_size":"","bundle_max_size":"","bundle_price":[],"bundled_items":[],"bundle_sell_ids":[],"acf":[],"yoast_head":"<!-- This site is optimized with the Yoast SEO plugin v27.1.1 - https:\/\/yoast.com\/product\/yoast-seo-wordpress\/ -->\n<title>CaTeFo - Star200 T1 2.4GHz Digital Wireless Microphone - Mediatrade<\/title>\n<meta name=\"robots\" content=\"index, follow, max-snippet:-1, max-image-preview:large, max-video-preview:-1\" \/>\n<link rel=\"canonical\" href=\"https:\/\/mediatrade.fi\/en\/product\/catefo-star200-t1-2-4ghz-digital-wireless-microphone-2\/\" \/>\n<meta property=\"og:locale\" content=\"en_US\" \/>\n<meta property=\"og:type\" content=\"article\" \/>\n<meta property=\"og:title\" content=\"CaTeFo - Star200 T1 2.4GHz Digital Wireless Microphone - Mediatrade\" \/>\n<meta property=\"og:url\" content=\"https:\/\/mediatrade.fi\/en\/product\/catefo-star200-t1-2-4ghz-digital-wireless-microphone-2\/\" \/>\n<meta property=\"og:site_name\" content=\"Mediatrade\" \/>\n<meta property=\"article:modified_time\" content=\"2026-01-23T10:43:08+00:00\" \/>\n<meta property=\"og:image\" content=\"https:\/\/mediatrade.fi\/wp-content\/uploads\/2023\/02\/Star200-T1.jpg\" \/>\n\t<meta property=\"og:image:width\" content=\"300\" \/>\n\t<meta property=\"og:image:height\" content=\"300\" \/>\n\t<meta property=\"og:image:type\" content=\"image\/jpeg\" \/>\n<meta name=\"twitter:card\" content=\"summary_large_image\" \/>\n<meta name=\"twitter:label1\" content=\"Est. reading time\" \/>\n\t<meta name=\"twitter:data1\" content=\"3 minutes\" \/>\n<script type=\"application\/ld+json\" class=\"yoast-schema-graph\">{\"@context\":\"https:\/\/schema.org\",\"@graph\":[{\"@type\":\"WebPage\",\"@id\":\"https:\/\/mediatrade.fi\/en\/product\/catefo-star200-t1-2-4ghz-digital-wireless-microphone-2\/\",\"url\":\"https:\/\/mediatrade.fi\/en\/product\/catefo-star200-t1-2-4ghz-digital-wireless-microphone-2\/\",\"name\":\"CaTeFo - Star200 T1 2.4GHz Digital Wireless Microphone - Mediatrade\",\"isPartOf\":{\"@id\":\"https:\/\/mediatrade.fi\/en\/#website\"},\"primaryImageOfPage\":{\"@id\":\"https:\/\/mediatrade.fi\/en\/product\/catefo-star200-t1-2-4ghz-digital-wireless-microphone-2\/#primaryimage\"},\"image\":{\"@id\":\"https:\/\/mediatrade.fi\/en\/product\/catefo-star200-t1-2-4ghz-digital-wireless-microphone-2\/#primaryimage\"},\"thumbnailUrl\":\"https:\/\/mediatrade.fi\/wp-content\/uploads\/2024\/05\/Star200-1-1.jpg\",\"datePublished\":\"2024-05-29T07:37:11+00:00\",\"dateModified\":\"2026-01-23T10:43:08+00:00\",\"breadcrumb\":{\"@id\":\"https:\/\/mediatrade.fi\/en\/product\/catefo-star200-t1-2-4ghz-digital-wireless-microphone-2\/#breadcrumb\"},\"inLanguage\":\"en-US\",\"potentialAction\":[{\"@type\":\"ReadAction\",\"target\":[\"https:\/\/mediatrade.fi\/en\/product\/catefo-star200-t1-2-4ghz-digital-wireless-microphone-2\/\"]}]},{\"@type\":\"ImageObject\",\"inLanguage\":\"en-US\",\"@id\":\"https:\/\/mediatrade.fi\/en\/product\/catefo-star200-t1-2-4ghz-digital-wireless-microphone-2\/#primaryimage\",\"url\":\"https:\/\/mediatrade.fi\/wp-content\/uploads\/2024\/05\/Star200-1-1.jpg\",\"contentUrl\":\"https:\/\/mediatrade.fi\/wp-content\/uploads\/2024\/05\/Star200-1-1.jpg\",\"width\":300,\"height\":300},{\"@type\":\"BreadcrumbList\",\"@id\":\"https:\/\/mediatrade.fi\/en\/product\/catefo-star200-t1-2-4ghz-digital-wireless-microphone-2\/#breadcrumb\",\"itemListElement\":[{\"@type\":\"ListItem\",\"position\":1,\"name\":\"Front Page\",\"item\":\"https:\/\/mediatrade.fi\/en\/\"},{\"@type\":\"ListItem\",\"position\":2,\"name\":\"Shop\",\"item\":\"https:\/\/mediatrade.fi\/en\/shop\/\"},{\"@type\":\"ListItem\",\"position\":3,\"name\":\"CaTeFo &#8211; Star200 T1 2.4GHz Digital Wireless Microphone\"}]},{\"@type\":\"WebSite\",\"@id\":\"https:\/\/mediatrade.fi\/en\/#website\",\"url\":\"https:\/\/mediatrade.fi\/en\/\",\"name\":\"Mediatrade\",\"description\":\"\",\"publisher\":{\"@id\":\"https:\/\/mediatrade.fi\/en\/#organization\"},\"potentialAction\":[{\"@type\":\"SearchAction\",\"target\":{\"@type\":\"EntryPoint\",\"urlTemplate\":\"https:\/\/mediatrade.fi\/en\/?s={search_term_string}\"},\"query-input\":{\"@type\":\"PropertyValueSpecification\",\"valueRequired\":true,\"valueName\":\"search_term_string\"}}],\"inLanguage\":\"en-US\"},{\"@type\":\"Organization\",\"@id\":\"https:\/\/mediatrade.fi\/en\/#organization\",\"name\":\"Mediatrade\",\"url\":\"https:\/\/mediatrade.fi\/en\/\",\"logo\":{\"@type\":\"ImageObject\",\"inLanguage\":\"en-US\",\"@id\":\"https:\/\/mediatrade.fi\/en\/#\/schema\/logo\/image\/\",\"url\":\"https:\/\/mediatrade.fi\/wp-content\/uploads\/2022\/04\/Group-640.svg\",\"contentUrl\":\"https:\/\/mediatrade.fi\/wp-content\/uploads\/2022\/04\/Group-640.svg\",\"width\":128,\"height\":43,\"caption\":\"Mediatrade\"},\"image\":{\"@id\":\"https:\/\/mediatrade.fi\/en\/#\/schema\/logo\/image\/\"}}]}<\/script>\n<!-- \/ Yoast SEO plugin. -->","yoast_head_json":{"title":"CaTeFo - Star200 T1 2.4GHz Digital Wireless Microphone - Mediatrade","robots":{"index":"index","follow":"follow","max-snippet":"max-snippet:-1","max-image-preview":"max-image-preview:large","max-video-preview":"max-video-preview:-1"},"canonical":"https:\/\/mediatrade.fi\/en\/product\/catefo-star200-t1-2-4ghz-digital-wireless-microphone-2\/","og_locale":"en_US","og_type":"article","og_title":"CaTeFo - Star200 T1 2.4GHz Digital Wireless Microphone - Mediatrade","og_url":"https:\/\/mediatrade.fi\/en\/product\/catefo-star200-t1-2-4ghz-digital-wireless-microphone-2\/","og_site_name":"Mediatrade","article_modified_time":"2026-01-23T10:43:08+00:00","og_image":[{"width":300,"height":300,"url":"https:\/\/mediatrade.fi\/wp-content\/uploads\/2023\/02\/Star200-T1.jpg","type":"image\/jpeg"}],"twitter_card":"summary_large_image","twitter_misc":{"Est. reading time":"3 minutes"},"schema":{"@context":"https:\/\/schema.org","@graph":[{"@type":"WebPage","@id":"https:\/\/mediatrade.fi\/en\/product\/catefo-star200-t1-2-4ghz-digital-wireless-microphone-2\/","url":"https:\/\/mediatrade.fi\/en\/product\/catefo-star200-t1-2-4ghz-digital-wireless-microphone-2\/","name":"CaTeFo - Star200 T1 2.4GHz Digital Wireless Microphone - Mediatrade","isPartOf":{"@id":"https:\/\/mediatrade.fi\/en\/#website"},"primaryImageOfPage":{"@id":"https:\/\/mediatrade.fi\/en\/product\/catefo-star200-t1-2-4ghz-digital-wireless-microphone-2\/#primaryimage"},"image":{"@id":"https:\/\/mediatrade.fi\/en\/product\/catefo-star200-t1-2-4ghz-digital-wireless-microphone-2\/#primaryimage"},"thumbnailUrl":"https:\/\/mediatrade.fi\/wp-content\/uploads\/2024\/05\/Star200-1-1.jpg","datePublished":"2024-05-29T07:37:11+00:00","dateModified":"2026-01-23T10:43:08+00:00","breadcrumb":{"@id":"https:\/\/mediatrade.fi\/en\/product\/catefo-star200-t1-2-4ghz-digital-wireless-microphone-2\/#breadcrumb"},"inLanguage":"en-US","potentialAction":[{"@type":"ReadAction","target":["https:\/\/mediatrade.fi\/en\/product\/catefo-star200-t1-2-4ghz-digital-wireless-microphone-2\/"]}]},{"@type":"ImageObject","inLanguage":"en-US","@id":"https:\/\/mediatrade.fi\/en\/product\/catefo-star200-t1-2-4ghz-digital-wireless-microphone-2\/#primaryimage","url":"https:\/\/mediatrade.fi\/wp-content\/uploads\/2024\/05\/Star200-1-1.jpg","contentUrl":"https:\/\/mediatrade.fi\/wp-content\/uploads\/2024\/05\/Star200-1-1.jpg","width":300,"height":300},{"@type":"BreadcrumbList","@id":"https:\/\/mediatrade.fi\/en\/product\/catefo-star200-t1-2-4ghz-digital-wireless-microphone-2\/#breadcrumb","itemListElement":[{"@type":"ListItem","position":1,"name":"Front Page","item":"https:\/\/mediatrade.fi\/en\/"},{"@type":"ListItem","position":2,"name":"Shop","item":"https:\/\/mediatrade.fi\/en\/shop\/"},{"@type":"ListItem","position":3,"name":"CaTeFo &#8211; Star200 T1 2.4GHz Digital Wireless Microphone"}]},{"@type":"WebSite","@id":"https:\/\/mediatrade.fi\/en\/#website","url":"https:\/\/mediatrade.fi\/en\/","name":"Mediatrade","description":"","publisher":{"@id":"https:\/\/mediatrade.fi\/en\/#organization"},"potentialAction":[{"@type":"SearchAction","target":{"@type":"EntryPoint","urlTemplate":"https:\/\/mediatrade.fi\/en\/?s={search_term_string}"},"query-input":{"@type":"PropertyValueSpecification","valueRequired":true,"valueName":"search_term_string"}}],"inLanguage":"en-US"},{"@type":"Organization","@id":"https:\/\/mediatrade.fi\/en\/#organization","name":"Mediatrade","url":"https:\/\/mediatrade.fi\/en\/","logo":{"@type":"ImageObject","inLanguage":"en-US","@id":"https:\/\/mediatrade.fi\/en\/#\/schema\/logo\/image\/","url":"https:\/\/mediatrade.fi\/wp-content\/uploads\/2022\/04\/Group-640.svg","contentUrl":"https:\/\/mediatrade.fi\/wp-content\/uploads\/2022\/04\/Group-640.svg","width":128,"height":43,"caption":"Mediatrade"},"image":{"@id":"https:\/\/mediatrade.fi\/en\/#\/schema\/logo\/image\/"}}]}},"_links":{"self":[{"href":"https:\/\/mediatrade.fi\/en\/wp-json\/wp\/v2\/product\/381707","targetHints":{"allow":["GET"]}}],"collection":[{"href":"https:\/\/mediatrade.fi\/en\/wp-json\/wp\/v2\/product"}],"about":[{"href":"https:\/\/mediatrade.fi\/en\/wp-json\/wp\/v2\/types\/product"}],"wp:featuredmedia":[{"embeddable":true,"href":"https:\/\/mediatrade.fi\/en\/wp-json\/wp\/v2\/media\/455414"}],"wp:attachment":[{"href":"https:\/\/mediatrade.fi\/en\/wp-json\/wp\/v2\/media?parent=381707"}],"wp:term":[{"taxonomy":"product_brand","embeddable":true,"href":"https:\/\/mediatrade.fi\/en\/wp-json\/wp\/v2\/product_brand?post=381707"},{"taxonomy":"product_cat","embeddable":true,"href":"https:\/\/mediatrade.fi\/en\/wp-json\/wp\/v2\/product_cat?post=381707"},{"taxonomy":"product_tag","embeddable":true,"href":"https:\/\/mediatrade.fi\/en\/wp-json\/wp\/v2\/product_tag?post=381707"},{"taxonomy":"brands","embeddable":true,"href":"https:\/\/mediatrade.fi\/en\/wp-json\/wp\/v2\/brands?post=381707"},{"taxonomy":"id_product_type","embeddable":true,"href":"https:\/\/mediatrade.fi\/en\/wp-json\/wp\/v2\/id_product_type?post=381707"}],"curies":[{"name":"wp","href":"https:\/\/api.w.org\/{rel}","templated":true}]}}