{"id":381800,"date":"2024-02-09T13:49:55","date_gmt":"2025-01-21T15:22:06","guid":{"rendered":"https:\/\/mediatrade.fi\/tuote\/eos-r5-body-2\/"},"modified":"2026-01-23T11:55:25","modified_gmt":"2026-01-23T09:55:25","slug":"eos-r5-body-2","status":"publish","type":"product","link":"https:\/\/mediatrade.fi\/en\/product\/eos-r5-body-2\/","title":{"rendered":"EOS R5 BODY"},"content":{"rendered":"\n<section class=\"block block-woocommerce-product-description container-fluid container-fluid \">\n    <div class=\"container\">\n        <div class=\"row\">\n            <div class=\"col-12 col-md-6 order-2 order-md-1 attachments-col\">\n                                            <\/div>\n\n            <div class=\"col-12 col-md-5 offset-md-1 order-1 order-md-2\">\n                <main class=\"entry-content\">\n                    \n\n<h2 class=\"wp-block-heading\">Tuotetiedot<\/h2>\n\n\n\n<p>Canon EOS R5 on peilit\u00f6n j\u00e4rjestelm\u00e4kamera suurella 45 megapikselin kinokoon kuvakennolla ja se tarjoaa ensiluokkaisen kuvanlaadun ja kuvauskokemuksen. K\u00e4ytett\u00e4vyys ja ergonomia yhdistettyn\u00e4 huippumoderniin teknologiaan kruunaavat kokonaisuuden. K\u00e4ytett\u00e4vyydelt\u00e4\u00e4n ja ominaisuuksiltaan t\u00e4m\u00e4 kamera soveltuu valo- ja videokuvauksen ammattilaisille ja edistyneille harrastajille, jotka tiet\u00e4v\u00e4t mit\u00e4 kameralta haluavat. Canon EOS R5 -kamera tarjoaa ennenn\u00e4kem\u00e4tt\u00f6m\u00e4t ominaisuudet sek\u00e4 Canonista tutun selke\u00e4n k\u00e4ytett\u00e4vyyden ja luotettavuuden.<\/p>\n\n\n\n<h3 class=\"wp-block-heading\">Ominaisuudet<\/h3>\n\n\n\n<ul class=\"wp-block-list\">\n<li>kenno: 36 x 24 mm CMOS, 45 megapikseli\u00e4<\/li>\n\n\n\n<li>bajonetti: Canon RF<\/li>\n\n\n\n<li>prosessori: Digic X<\/li>\n\n\n\n<li>tarkennuspisteet: 5940<\/li>\n\n\n\n<li>herkkyys: ISO 100 &#8211; 51200 (laajennettuna ISO 50 &#8211; 102400)<\/li>\n\n\n\n<li>suljinajat: 30 &#8211; 1\/8000 s<\/li>\n\n\n\n<li>salamat\u00e4sm\u00e4ys: 1\/250 s (elektronisella etuverholla)<\/li>\n\n\n\n<li>sarjakuvaus: jopa 20 kuvaa\/s<\/li>\n\n\n\n<li>videokuvaus: maks. 3840 x 2160 @ 30p 480 Mbps<\/li>\n\n\n\n<li>etsin: OLED 5,7M pistett\u00e4<\/li>\n\n\n\n<li>n\u00e4ytt\u00f6: 8 cm 2,1M pistett\u00e4<\/li>\n\n\n\n<li>muistikorttipaikka: CF Express<\/li>\n\n\n\n<li>muistikorttipaikka 2: SD (HC\/XC) UHS-II, V90<\/li>\n\n\n\n<li>mikrofoniliit\u00e4nt\u00e4: 3,5 mm<\/li>\n\n\n\n<li>kuulokeliit\u00e4nt\u00e4: 3,5 mm<\/li>\n\n\n\n<li>muut liit\u00e4nn\u00e4t: USB 3.1 Gen 2, Type-C -liitin, Micro HDMI<\/li>\n\n\n\n<li>langattomat: Wi-Fi, Bluetooth<\/li>\n\n\n\n<li>mitat: 136 x 98 x 88 mm<\/li>\n\n\n\n<li>paino: 738 g<\/li>\n\n\n\n<li>myyntipakkauksen sis\u00e4lt\u00f6: kamera, akkulaturi (LC-E6E), akku (LP-E6NH), kaulahihna<\/li>\n<\/ul>\n\n\n                <\/main>\n            <\/div>\n        <\/div>\n    <\/div>\n<\/section>\n\n\n\n    \n\n\n\n<section class=\"block block-profile-listing container-fluid \">\n    <div class=\"container\">\n        <div class=\"row\">\n            <main class=\"entry-content col-12\">\n                \n\n<h2 class=\"wp-block-heading\">Asiantuntijamme<\/h2>\n\n\n            <\/main>\n                        <div class=\"col-12 col-lg-6\">\n                <div class=\"person-wrapper\">\n                    <div class=\"image-wrapper\">\n                        <img decoding=\"async\" width=\"576\" height=\"1024\" src=\"https:\/\/mediatrade.fi\/wp-content\/uploads\/2022\/03\/Mikko_Leino-576x1024-1.jpg\" class=\"attachment-post-thumbnail size-post-thumbnail wp-post-image\" alt=\"\" srcset=\"https:\/\/mediatrade.fi\/wp-content\/uploads\/2022\/03\/Mikko_Leino-576x1024-1.jpg 576w, https:\/\/mediatrade.fi\/wp-content\/uploads\/2022\/03\/Mikko_Leino-576x1024-1-169x300.jpg 169w\" sizes=\"(max-width: 575px) 100vw, (max-width: 767px) 570, (max-width: 991px) 830, (max-width: 1199px) 930, 994px\" \/>                    <\/div>\n                    <div class=\"content-wrapper\">\n                        <h4 class=\"name\">Mikko Leino<\/h4>\n                        <p class=\"title\">System Specialist<\/p>\n                        <p class=\"summary\">I\u2019m responsible for traditional video production equipment and tools, as well as streaming and web production solutions.<\/p>\n                                                <span class=\"knowledge-title\">Area of expertise<\/span>\n                        <p class=\"knowledge\">Cinematography, Audio, Program Production, Streaming<\/p>\n                                                <p class=\"phone\">+358201557732<\/p>\n                        <p class=\"email\">mikko.leino@mediatrade.fi<\/p>\n                    <\/div>\n                <\/div>\n            <\/div>\n                                <\/div>\n    <\/div>\n<\/section>\n","protected":false},"excerpt":{"rendered":"","protected":false},"featured_media":12967,"template":"","meta":{"_acf_changed":false,"_relevanssi_hide_post":"","_relevanssi_hide_content":"","_relevanssi_pin_for_all":"","_relevanssi_pin_keywords":"","_relevanssi_unpin_keywords":"","_relevanssi_related_keywords":"","_relevanssi_related_include_ids":"","_relevanssi_related_exclude_ids":"","_relevanssi_related_no_append":"","_relevanssi_related_not_related":"","_relevanssi_related_posts":"","_relevanssi_noindex_reason":""},"product_brand":[],"product_cat":[2486,3476,9057,8189,3473],"product_tag":[],"brands":[621],"id_product_type":[],"class_list":{"0":"post-381800","1":"product","2":"type-product","3":"status-publish","4":"has-post-thumbnail","6":"product_cat-all-products","7":"product_cat-cameras-and-equipment","8":"product_cat-in-store","9":"product_cat-varastossa","10":"product_cat-video","12":"first","13":"instock","14":"taxable","15":"shipping-taxable","16":"purchasable","17":"product-type-simple"},"bundled_by":[],"bundle_stock_status":"instock","bundle_stock_quantity":1,"bundle_virtual":false,"bundle_layout":"","bundle_add_to_cart_form_location":"","bundle_editable_in_cart":false,"bundle_sold_individually_context":"","bundle_item_grouping":"","bundle_min_size":"","bundle_max_size":"","bundle_price":[],"bundled_items":[],"bundle_sell_ids":[],"acf":[],"yoast_head":"<!-- This site is optimized with the Yoast SEO plugin v27.1.1 - https:\/\/yoast.com\/product\/yoast-seo-wordpress\/ -->\n<title>EOS R5 BODY - Mediatrade<\/title>\n<meta name=\"description\" content=\"Canon EOS R5 on peilit\u00f6n j\u00e4rjestelm\u00e4kamera suurella 45 megapikselin kinokoon kuvakennolla ja se tarjoaa ensiluokkaisen kuvanlaadun ja kuvauskokemuksen. K\u00e4ytett\u00e4vyys ja ergonomia yhdistettyn\u00e4 huippumoderniin teknologiaan kruunaavat kokonaisuuden. K\u00e4ytett\u00e4vyydelt\u00e4\u00e4n ja ominaisuuksiltaan t\u00e4m\u00e4 kamera soveltuu valo- ja videokuvauksen ammattilaisille ja edistyneille harrastajille, jotka tiet\u00e4v\u00e4t mit\u00e4 kameralta haluavat. Canon EOS R5 -kamera tarjoaa ennenn\u00e4kem\u00e4tt\u00f6m\u00e4t ominaisuudet sek\u00e4 Canonista tutun selke\u00e4n k\u00e4ytett\u00e4vyyden ja luotettavuuden.\" \/>\n<meta name=\"robots\" content=\"index, follow, max-snippet:-1, max-image-preview:large, max-video-preview:-1\" \/>\n<link rel=\"canonical\" href=\"https:\/\/mediatrade.fi\/en\/product\/eos-r5-body-2\/\" \/>\n<meta property=\"og:locale\" content=\"en_US\" \/>\n<meta property=\"og:type\" content=\"article\" \/>\n<meta property=\"og:title\" content=\"EOS R5 BODY - Mediatrade\" \/>\n<meta property=\"og:description\" content=\"Canon EOS R5 on peilit\u00f6n j\u00e4rjestelm\u00e4kamera suurella 45 megapikselin kinokoon kuvakennolla ja se tarjoaa ensiluokkaisen kuvanlaadun ja kuvauskokemuksen. K\u00e4ytett\u00e4vyys ja ergonomia yhdistettyn\u00e4 huippumoderniin teknologiaan kruunaavat kokonaisuuden. K\u00e4ytett\u00e4vyydelt\u00e4\u00e4n ja ominaisuuksiltaan t\u00e4m\u00e4 kamera soveltuu valo- ja videokuvauksen ammattilaisille ja edistyneille harrastajille, jotka tiet\u00e4v\u00e4t mit\u00e4 kameralta haluavat. Canon EOS R5 -kamera tarjoaa ennenn\u00e4kem\u00e4tt\u00f6m\u00e4t ominaisuudet sek\u00e4 Canonista tutun selke\u00e4n k\u00e4ytett\u00e4vyyden ja luotettavuuden.\" \/>\n<meta property=\"og:url\" content=\"https:\/\/mediatrade.fi\/en\/product\/eos-r5-body-2\/\" \/>\n<meta property=\"og:site_name\" content=\"Mediatrade\" \/>\n<meta property=\"article:modified_time\" content=\"2026-01-23T09:55:25+00:00\" \/>\n<meta property=\"og:image\" content=\"https:\/\/mediatrade.fi\/wp-content\/uploads\/2022\/04\/canon-eos-r5_1.jpg\" \/>\n\t<meta property=\"og:image:width\" content=\"600\" \/>\n\t<meta property=\"og:image:height\" content=\"600\" \/>\n\t<meta property=\"og:image:type\" content=\"image\/jpeg\" \/>\n<meta name=\"twitter:card\" content=\"summary_large_image\" \/>\n<meta name=\"twitter:label1\" content=\"Est. reading time\" \/>\n\t<meta name=\"twitter:data1\" content=\"4 minutes\" \/>\n<script type=\"application\/ld+json\" class=\"yoast-schema-graph\">{\"@context\":\"https:\/\/schema.org\",\"@graph\":[{\"@type\":\"WebPage\",\"@id\":\"https:\/\/mediatrade.fi\/en\/product\/eos-r5-body-2\/\",\"url\":\"https:\/\/mediatrade.fi\/en\/product\/eos-r5-body-2\/\",\"name\":\"EOS R5 BODY - Mediatrade\",\"isPartOf\":{\"@id\":\"https:\/\/mediatrade.fi\/en\/#website\"},\"primaryImageOfPage\":{\"@id\":\"https:\/\/mediatrade.fi\/en\/product\/eos-r5-body-2\/#primaryimage\"},\"image\":{\"@id\":\"https:\/\/mediatrade.fi\/en\/product\/eos-r5-body-2\/#primaryimage\"},\"thumbnailUrl\":\"https:\/\/mediatrade.fi\/wp-content\/uploads\/2022\/04\/canon-eos-r5_1.jpg\",\"datePublished\":\"2025-01-21T15:22:06+00:00\",\"dateModified\":\"2026-01-23T09:55:25+00:00\",\"description\":\"Canon EOS R5 on peilit\u00f6n j\u00e4rjestelm\u00e4kamera suurella 45 megapikselin kinokoon kuvakennolla ja se tarjoaa ensiluokkaisen kuvanlaadun ja kuvauskokemuksen. K\u00e4ytett\u00e4vyys ja ergonomia yhdistettyn\u00e4 huippumoderniin teknologiaan kruunaavat kokonaisuuden. K\u00e4ytett\u00e4vyydelt\u00e4\u00e4n ja ominaisuuksiltaan t\u00e4m\u00e4 kamera soveltuu valo- ja videokuvauksen ammattilaisille ja edistyneille harrastajille, jotka tiet\u00e4v\u00e4t mit\u00e4 kameralta haluavat. Canon EOS R5 -kamera tarjoaa ennenn\u00e4kem\u00e4tt\u00f6m\u00e4t ominaisuudet sek\u00e4 Canonista tutun selke\u00e4n k\u00e4ytett\u00e4vyyden ja luotettavuuden.\",\"breadcrumb\":{\"@id\":\"https:\/\/mediatrade.fi\/en\/product\/eos-r5-body-2\/#breadcrumb\"},\"inLanguage\":\"en-US\",\"potentialAction\":[{\"@type\":\"ReadAction\",\"target\":[\"https:\/\/mediatrade.fi\/en\/product\/eos-r5-body-2\/\"]}]},{\"@type\":\"ImageObject\",\"inLanguage\":\"en-US\",\"@id\":\"https:\/\/mediatrade.fi\/en\/product\/eos-r5-body-2\/#primaryimage\",\"url\":\"https:\/\/mediatrade.fi\/wp-content\/uploads\/2022\/04\/canon-eos-r5_1.jpg\",\"contentUrl\":\"https:\/\/mediatrade.fi\/wp-content\/uploads\/2022\/04\/canon-eos-r5_1.jpg\",\"width\":600,\"height\":600},{\"@type\":\"BreadcrumbList\",\"@id\":\"https:\/\/mediatrade.fi\/en\/product\/eos-r5-body-2\/#breadcrumb\",\"itemListElement\":[{\"@type\":\"ListItem\",\"position\":1,\"name\":\"Front Page\",\"item\":\"https:\/\/mediatrade.fi\/en\/\"},{\"@type\":\"ListItem\",\"position\":2,\"name\":\"Shop\",\"item\":\"https:\/\/mediatrade.fi\/en\/shop\/\"},{\"@type\":\"ListItem\",\"position\":3,\"name\":\"EOS R5 BODY\"}]},{\"@type\":\"WebSite\",\"@id\":\"https:\/\/mediatrade.fi\/en\/#website\",\"url\":\"https:\/\/mediatrade.fi\/en\/\",\"name\":\"Mediatrade\",\"description\":\"\",\"publisher\":{\"@id\":\"https:\/\/mediatrade.fi\/en\/#organization\"},\"potentialAction\":[{\"@type\":\"SearchAction\",\"target\":{\"@type\":\"EntryPoint\",\"urlTemplate\":\"https:\/\/mediatrade.fi\/en\/?s={search_term_string}\"},\"query-input\":{\"@type\":\"PropertyValueSpecification\",\"valueRequired\":true,\"valueName\":\"search_term_string\"}}],\"inLanguage\":\"en-US\"},{\"@type\":\"Organization\",\"@id\":\"https:\/\/mediatrade.fi\/en\/#organization\",\"name\":\"Mediatrade\",\"url\":\"https:\/\/mediatrade.fi\/en\/\",\"logo\":{\"@type\":\"ImageObject\",\"inLanguage\":\"en-US\",\"@id\":\"https:\/\/mediatrade.fi\/en\/#\/schema\/logo\/image\/\",\"url\":\"https:\/\/mediatrade.fi\/wp-content\/uploads\/2022\/04\/Group-640.svg\",\"contentUrl\":\"https:\/\/mediatrade.fi\/wp-content\/uploads\/2022\/04\/Group-640.svg\",\"width\":128,\"height\":43,\"caption\":\"Mediatrade\"},\"image\":{\"@id\":\"https:\/\/mediatrade.fi\/en\/#\/schema\/logo\/image\/\"}}]}<\/script>\n<!-- \/ Yoast SEO plugin. -->","yoast_head_json":{"title":"EOS R5 BODY - Mediatrade","description":"Canon EOS R5 on peilit\u00f6n j\u00e4rjestelm\u00e4kamera suurella 45 megapikselin kinokoon kuvakennolla ja se tarjoaa ensiluokkaisen kuvanlaadun ja kuvauskokemuksen. K\u00e4ytett\u00e4vyys ja ergonomia yhdistettyn\u00e4 huippumoderniin teknologiaan kruunaavat kokonaisuuden. K\u00e4ytett\u00e4vyydelt\u00e4\u00e4n ja ominaisuuksiltaan t\u00e4m\u00e4 kamera soveltuu valo- ja videokuvauksen ammattilaisille ja edistyneille harrastajille, jotka tiet\u00e4v\u00e4t mit\u00e4 kameralta haluavat. Canon EOS R5 -kamera tarjoaa ennenn\u00e4kem\u00e4tt\u00f6m\u00e4t ominaisuudet sek\u00e4 Canonista tutun selke\u00e4n k\u00e4ytett\u00e4vyyden ja luotettavuuden.","robots":{"index":"index","follow":"follow","max-snippet":"max-snippet:-1","max-image-preview":"max-image-preview:large","max-video-preview":"max-video-preview:-1"},"canonical":"https:\/\/mediatrade.fi\/en\/product\/eos-r5-body-2\/","og_locale":"en_US","og_type":"article","og_title":"EOS R5 BODY - Mediatrade","og_description":"Canon EOS R5 on peilit\u00f6n j\u00e4rjestelm\u00e4kamera suurella 45 megapikselin kinokoon kuvakennolla ja se tarjoaa ensiluokkaisen kuvanlaadun ja kuvauskokemuksen. K\u00e4ytett\u00e4vyys ja ergonomia yhdistettyn\u00e4 huippumoderniin teknologiaan kruunaavat kokonaisuuden. K\u00e4ytett\u00e4vyydelt\u00e4\u00e4n ja ominaisuuksiltaan t\u00e4m\u00e4 kamera soveltuu valo- ja videokuvauksen ammattilaisille ja edistyneille harrastajille, jotka tiet\u00e4v\u00e4t mit\u00e4 kameralta haluavat. Canon EOS R5 -kamera tarjoaa ennenn\u00e4kem\u00e4tt\u00f6m\u00e4t ominaisuudet sek\u00e4 Canonista tutun selke\u00e4n k\u00e4ytett\u00e4vyyden ja luotettavuuden.","og_url":"https:\/\/mediatrade.fi\/en\/product\/eos-r5-body-2\/","og_site_name":"Mediatrade","article_modified_time":"2026-01-23T09:55:25+00:00","og_image":[{"width":600,"height":600,"url":"https:\/\/mediatrade.fi\/wp-content\/uploads\/2022\/04\/canon-eos-r5_1.jpg","type":"image\/jpeg"}],"twitter_card":"summary_large_image","twitter_misc":{"Est. reading time":"4 minutes"},"schema":{"@context":"https:\/\/schema.org","@graph":[{"@type":"WebPage","@id":"https:\/\/mediatrade.fi\/en\/product\/eos-r5-body-2\/","url":"https:\/\/mediatrade.fi\/en\/product\/eos-r5-body-2\/","name":"EOS R5 BODY - Mediatrade","isPartOf":{"@id":"https:\/\/mediatrade.fi\/en\/#website"},"primaryImageOfPage":{"@id":"https:\/\/mediatrade.fi\/en\/product\/eos-r5-body-2\/#primaryimage"},"image":{"@id":"https:\/\/mediatrade.fi\/en\/product\/eos-r5-body-2\/#primaryimage"},"thumbnailUrl":"https:\/\/mediatrade.fi\/wp-content\/uploads\/2022\/04\/canon-eos-r5_1.jpg","datePublished":"2025-01-21T15:22:06+00:00","dateModified":"2026-01-23T09:55:25+00:00","description":"Canon EOS R5 on peilit\u00f6n j\u00e4rjestelm\u00e4kamera suurella 45 megapikselin kinokoon kuvakennolla ja se tarjoaa ensiluokkaisen kuvanlaadun ja kuvauskokemuksen. K\u00e4ytett\u00e4vyys ja ergonomia yhdistettyn\u00e4 huippumoderniin teknologiaan kruunaavat kokonaisuuden. K\u00e4ytett\u00e4vyydelt\u00e4\u00e4n ja ominaisuuksiltaan t\u00e4m\u00e4 kamera soveltuu valo- ja videokuvauksen ammattilaisille ja edistyneille harrastajille, jotka tiet\u00e4v\u00e4t mit\u00e4 kameralta haluavat. Canon EOS R5 -kamera tarjoaa ennenn\u00e4kem\u00e4tt\u00f6m\u00e4t ominaisuudet sek\u00e4 Canonista tutun selke\u00e4n k\u00e4ytett\u00e4vyyden ja luotettavuuden.","breadcrumb":{"@id":"https:\/\/mediatrade.fi\/en\/product\/eos-r5-body-2\/#breadcrumb"},"inLanguage":"en-US","potentialAction":[{"@type":"ReadAction","target":["https:\/\/mediatrade.fi\/en\/product\/eos-r5-body-2\/"]}]},{"@type":"ImageObject","inLanguage":"en-US","@id":"https:\/\/mediatrade.fi\/en\/product\/eos-r5-body-2\/#primaryimage","url":"https:\/\/mediatrade.fi\/wp-content\/uploads\/2022\/04\/canon-eos-r5_1.jpg","contentUrl":"https:\/\/mediatrade.fi\/wp-content\/uploads\/2022\/04\/canon-eos-r5_1.jpg","width":600,"height":600},{"@type":"BreadcrumbList","@id":"https:\/\/mediatrade.fi\/en\/product\/eos-r5-body-2\/#breadcrumb","itemListElement":[{"@type":"ListItem","position":1,"name":"Front Page","item":"https:\/\/mediatrade.fi\/en\/"},{"@type":"ListItem","position":2,"name":"Shop","item":"https:\/\/mediatrade.fi\/en\/shop\/"},{"@type":"ListItem","position":3,"name":"EOS R5 BODY"}]},{"@type":"WebSite","@id":"https:\/\/mediatrade.fi\/en\/#website","url":"https:\/\/mediatrade.fi\/en\/","name":"Mediatrade","description":"","publisher":{"@id":"https:\/\/mediatrade.fi\/en\/#organization"},"potentialAction":[{"@type":"SearchAction","target":{"@type":"EntryPoint","urlTemplate":"https:\/\/mediatrade.fi\/en\/?s={search_term_string}"},"query-input":{"@type":"PropertyValueSpecification","valueRequired":true,"valueName":"search_term_string"}}],"inLanguage":"en-US"},{"@type":"Organization","@id":"https:\/\/mediatrade.fi\/en\/#organization","name":"Mediatrade","url":"https:\/\/mediatrade.fi\/en\/","logo":{"@type":"ImageObject","inLanguage":"en-US","@id":"https:\/\/mediatrade.fi\/en\/#\/schema\/logo\/image\/","url":"https:\/\/mediatrade.fi\/wp-content\/uploads\/2022\/04\/Group-640.svg","contentUrl":"https:\/\/mediatrade.fi\/wp-content\/uploads\/2022\/04\/Group-640.svg","width":128,"height":43,"caption":"Mediatrade"},"image":{"@id":"https:\/\/mediatrade.fi\/en\/#\/schema\/logo\/image\/"}}]}},"_links":{"self":[{"href":"https:\/\/mediatrade.fi\/en\/wp-json\/wp\/v2\/product\/381800","targetHints":{"allow":["GET"]}}],"collection":[{"href":"https:\/\/mediatrade.fi\/en\/wp-json\/wp\/v2\/product"}],"about":[{"href":"https:\/\/mediatrade.fi\/en\/wp-json\/wp\/v2\/types\/product"}],"wp:featuredmedia":[{"embeddable":true,"href":"https:\/\/mediatrade.fi\/en\/wp-json\/wp\/v2\/media\/12967"}],"wp:attachment":[{"href":"https:\/\/mediatrade.fi\/en\/wp-json\/wp\/v2\/media?parent=381800"}],"wp:term":[{"taxonomy":"product_brand","embeddable":true,"href":"https:\/\/mediatrade.fi\/en\/wp-json\/wp\/v2\/product_brand?post=381800"},{"taxonomy":"product_cat","embeddable":true,"href":"https:\/\/mediatrade.fi\/en\/wp-json\/wp\/v2\/product_cat?post=381800"},{"taxonomy":"product_tag","embeddable":true,"href":"https:\/\/mediatrade.fi\/en\/wp-json\/wp\/v2\/product_tag?post=381800"},{"taxonomy":"brands","embeddable":true,"href":"https:\/\/mediatrade.fi\/en\/wp-json\/wp\/v2\/brands?post=381800"},{"taxonomy":"id_product_type","embeddable":true,"href":"https:\/\/mediatrade.fi\/en\/wp-json\/wp\/v2\/id_product_type?post=381800"}],"curies":[{"name":"wp","href":"https:\/\/api.w.org\/{rel}","templated":true}]}}