{"id":381828,"date":"2024-01-22T14:30:33","date_gmt":"2025-01-21T15:34:04","guid":{"rendered":"https:\/\/mediatrade.fi\/tuote\/micro-studio-camera-4k-g2-2\/"},"modified":"2026-03-20T07:15:07","modified_gmt":"2026-03-20T05:15:07","slug":"micro-studio-camera-4k-g2-2","status":"publish","type":"product","link":"https:\/\/mediatrade.fi\/en\/product\/micro-studio-camera-4k-g2-2\/","title":{"rendered":"Micro Studio Camera 4K G2"},"content":{"rendered":"\n<section class=\"block block-woocommerce-product-description container-fluid container-fluid \">\n    <div class=\"container\">\n        <div class=\"row\">\n            <div class=\"col-12 col-md-6 order-2 order-md-1 attachments-col\">\n                                            <\/div>\n\n            <div class=\"col-12 col-md-5 offset-md-1 order-1 order-md-2\">\n                <main class=\"entry-content\">\n                    \n\n<h2 class=\"wp-block-heading\">Tuote<\/h2>\n\n\n\n<p>Maailman pienin broadcast -tason UHD-kamera.<\/p>\n\n\n\n<h3 class=\"wp-block-heading\">Ominaisuudet<\/h3>\n\n\n\n<ul class=\"wp-block-list\">\n<li>Effective Sensor Size: 17.78mm x 10mm (Four Thirds)<\/li>\n\n\n\n<li>Lens Mount: Active MFT Mount.<\/li>\n\n\n\n<li>Lens Control: Iris, focus, zoom on supported lenses.<\/li>\n\n\n\n<li>Dynamic Range: 13 Stops.<\/li>\n\n\n\n<li>Dual Native ISO: 0dB and 18dB gain.<\/li>\n\n\n\n<li>Shooting Resolutions: 3840 x 2160 (Ultra HD) up to 60 fps.<\/li>\n\n\n\n<li>Frame Rates: 23.98, 24, 25, 29.97, 30, 50, 59.94 and 60 frames per second.<\/li>\n\n\n\n<li>Off-speed frame rates up to 60 fps in Ultra HD.<\/li>\n\n\n\n<li>Focus: Auto focus available using compatible lenses.<\/li>\n\n\n\n<li>SDI Video Inputs:1<\/li>\n\n\n\n<li>SDI Video Outputs:1<\/li>\n\n\n\n<li>SDI Rates: 3G, 6G, 12G.<\/li>\n\n\n\n<li>HDMI 2.0 Video Outputs: 1<\/li>\n\n\n\n<li>HDMI Video Outputs: 1 x HDMI Type A output.<\/li>\n\n\n\n<li>HDMI output is always HD, up to 1080p60.<\/li>\n\n\n\n<li>Analog Audio Input: 1 x 3.5mm Stereo Input. Can also be used for Timecode input.<\/li>\n\n\n\n<li>Reference Inputs: Program SDI Input on camera.<\/li>\n\n\n\n<li>SDI Audio Output: 2 channels of program audio embedded in 3G\/6G\/12G-SDI.<\/li>\n\n\n\n<li>HDMI Audio Outputs: 2 channels 48 kHz and 24\u2011bit.<\/li>\n\n\n\n<li>Remote Control: Remote camera control over SDI, HDMI or USB Ethernet with suitable adapter.<\/li>\n\n\n\n<li>Computer Interface: 1 x USB Type\u2011C 3.1 Gen 1 (up to 5Gb\/s) expansion ports for external recording and focus \/ zoom demand connection. Software updates using USB\u2011C Port.<\/li>\n<\/ul>\n\n\n\n<h3 class=\"wp-block-heading\">Paketissa<\/h3>\n\n\n\n<ul class=\"wp-block-list\">\n<li>Blackmagic Micro Studio Camera 4K G2<\/li>\n\n\n\n<li>Turret dust cap<\/li>\n\n\n\n<li>External 12V DC power supply with locking connector and international socket adapters for most countries.<\/li>\n\n\n\n<li>Welcome wallet with QR code for software&nbsp;download<\/li>\n<\/ul>\n\n\n                <\/main>\n            <\/div>\n        <\/div>\n    <\/div>\n<\/section>\n\n\n\n    \n\n\n\n\n\n\n<section class=\"block block-profile-listing container-fluid \">\n    <div class=\"container\">\n        <div class=\"row\">\n            <main class=\"entry-content col-12\">\n                \n\n<h2 class=\"wp-block-heading\">Asiantuntijamme<\/h2>\n\n\n            <\/main>\n                        <div class=\"col-12 col-lg-6\">\n                <div class=\"person-wrapper\">\n                    <div class=\"image-wrapper\">\n                        <img decoding=\"async\" width=\"576\" height=\"1024\" src=\"https:\/\/mediatrade.fi\/wp-content\/uploads\/2022\/04\/Lauri_Virkki-576x1024-1.jpg\" class=\"attachment-post-thumbnail size-post-thumbnail wp-post-image\" alt=\"\" srcset=\"https:\/\/mediatrade.fi\/wp-content\/uploads\/2022\/04\/Lauri_Virkki-576x1024-1.jpg 576w, https:\/\/mediatrade.fi\/wp-content\/uploads\/2022\/04\/Lauri_Virkki-576x1024-1-169x300.jpg 169w\" sizes=\"(max-width: 575px) 100vw, (max-width: 767px) 570, (max-width: 991px) 830, (max-width: 1199px) 930, 994px\" \/>                    <\/div>\n                    <div class=\"content-wrapper\">\n                        <h4 class=\"name\">Lauri Virkki<\/h4>\n                        <p class=\"title\">Project Manager<\/p>\n                        <p class=\"summary\">I manage Mediatrade&#8217;s projects and handle system design. I\u2019m well-versed in production technology challenges, tools, and workflows.<\/p>\n                                                <span class=\"knowledge-title\">Area of expertise<\/span>\n                        <p class=\"knowledge\">Cinematography, program production, IP technologies<\/p>\n                                                <p class=\"phone\">+358201557720<\/p>\n                        <p class=\"email\"> lauri.virkki@mediatrade.fi<\/p>\n                    <\/div>\n                <\/div>\n            <\/div>\n                        <div class=\"col-12 col-lg-6\">\n                <div class=\"person-wrapper\">\n                    <div class=\"image-wrapper\">\n                        <img decoding=\"async\" width=\"576\" height=\"1024\" src=\"https:\/\/mediatrade.fi\/wp-content\/uploads\/2022\/03\/Mikko_Leino-576x1024-1.jpg\" class=\"attachment-post-thumbnail size-post-thumbnail wp-post-image\" alt=\"\" srcset=\"https:\/\/mediatrade.fi\/wp-content\/uploads\/2022\/03\/Mikko_Leino-576x1024-1.jpg 576w, https:\/\/mediatrade.fi\/wp-content\/uploads\/2022\/03\/Mikko_Leino-576x1024-1-169x300.jpg 169w\" sizes=\"(max-width: 575px) 100vw, (max-width: 767px) 570, (max-width: 991px) 830, (max-width: 1199px) 930, 994px\" \/>                    <\/div>\n                    <div class=\"content-wrapper\">\n                        <h4 class=\"name\">Mikko Leino<\/h4>\n                        <p class=\"title\">System Specialist<\/p>\n                        <p class=\"summary\">I\u2019m responsible for traditional video production equipment and tools, as well as streaming and web production solutions.<\/p>\n                                                <span class=\"knowledge-title\">Area of expertise<\/span>\n                        <p class=\"knowledge\">Cinematography, Audio, Program Production, Streaming<\/p>\n                                                <p class=\"phone\">+358201557732<\/p>\n                        <p class=\"email\">mikko.leino@mediatrade.fi<\/p>\n                    <\/div>\n                <\/div>\n            <\/div>\n                                <\/div>\n    <\/div>\n<\/section>\n","protected":false},"excerpt":{"rendered":"","protected":false},"featured_media":129764,"template":"","meta":{"_acf_changed":false,"_relevanssi_hide_post":"","_relevanssi_hide_content":"","_relevanssi_pin_for_all":"","_relevanssi_pin_keywords":"","_relevanssi_unpin_keywords":"","_relevanssi_related_keywords":"","_relevanssi_related_include_ids":"","_relevanssi_related_exclude_ids":"","_relevanssi_related_no_append":"","_relevanssi_related_not_related":"","_relevanssi_related_posts":"","_relevanssi_noindex_reason":""},"product_brand":[],"product_cat":[2486,3476,15,3496,3473],"product_tag":[2490],"brands":[708],"id_product_type":[],"class_list":{"0":"post-381828","1":"product","2":"type-product","3":"status-publish","4":"has-post-thumbnail","6":"product_cat-all-products","7":"product_cat-cameras-and-equipment","8":"product_cat-kaikki","9":"product_cat-studio-technology","10":"product_cat-video","11":"product_tag-mediatrade-en","13":"first","14":"onbackorder","15":"taxable","16":"shipping-taxable","17":"purchasable","18":"product-type-simple"},"bundled_by":[],"bundle_stock_status":"onbackorder","bundle_stock_quantity":0,"bundle_virtual":false,"bundle_layout":"","bundle_add_to_cart_form_location":"","bundle_editable_in_cart":false,"bundle_sold_individually_context":"","bundle_item_grouping":"","bundle_min_size":"","bundle_max_size":"","bundle_price":[],"bundled_items":[],"bundle_sell_ids":[],"acf":[],"yoast_head":"<!-- This site is optimized with the Yoast SEO plugin v27.1.1 - https:\/\/yoast.com\/product\/yoast-seo-wordpress\/ -->\n<title>Micro Studio Camera 4K G2 - Mediatrade<\/title>\n<meta name=\"description\" content=\"BlackmagicDesignen Micro Studio Camera G2 on uusi p\u00e4ivitetty versio alkuper\u00e4isest\u00e4 mallista. Monikamerak\u00e4ytt\u00f6\u00f6n tarkoitettu pienikokoinen 4K-kamera.\" \/>\n<meta name=\"robots\" content=\"index, follow, max-snippet:-1, max-image-preview:large, max-video-preview:-1\" \/>\n<link rel=\"canonical\" href=\"https:\/\/mediatrade.fi\/en\/product\/micro-studio-camera-4k-g2-2\/\" \/>\n<meta property=\"og:locale\" content=\"en_US\" \/>\n<meta property=\"og:type\" content=\"article\" \/>\n<meta property=\"og:title\" content=\"Micro Studio Camera 4K G2 - Mediatrade\" \/>\n<meta property=\"og:description\" content=\"BlackmagicDesignen Micro Studio Camera G2 on uusi p\u00e4ivitetty versio alkuper\u00e4isest\u00e4 mallista. Monikamerak\u00e4ytt\u00f6\u00f6n tarkoitettu pienikokoinen 4K-kamera.\" \/>\n<meta property=\"og:url\" content=\"https:\/\/mediatrade.fi\/en\/product\/micro-studio-camera-4k-g2-2\/\" \/>\n<meta property=\"og:site_name\" content=\"Mediatrade\" \/>\n<meta property=\"article:modified_time\" content=\"2026-03-20T05:15:07+00:00\" \/>\n<meta property=\"og:image\" content=\"https:\/\/mediatrade.fi\/wp-content\/uploads\/2023\/09\/blackmagic-micro-studio-camera-4k-g2-xl.jpg\" \/>\n\t<meta property=\"og:image:width\" content=\"1324\" \/>\n\t<meta property=\"og:image:height\" content=\"658\" \/>\n\t<meta property=\"og:image:type\" content=\"image\/jpeg\" \/>\n<meta name=\"twitter:card\" content=\"summary_large_image\" \/>\n<meta name=\"twitter:label1\" content=\"Est. reading time\" \/>\n\t<meta name=\"twitter:data1\" content=\"4 minutes\" \/>\n<script type=\"application\/ld+json\" class=\"yoast-schema-graph\">{\"@context\":\"https:\/\/schema.org\",\"@graph\":[{\"@type\":\"WebPage\",\"@id\":\"https:\/\/mediatrade.fi\/en\/product\/micro-studio-camera-4k-g2-2\/\",\"url\":\"https:\/\/mediatrade.fi\/en\/product\/micro-studio-camera-4k-g2-2\/\",\"name\":\"Micro Studio Camera 4K G2 - Mediatrade\",\"isPartOf\":{\"@id\":\"https:\/\/mediatrade.fi\/en\/#website\"},\"primaryImageOfPage\":{\"@id\":\"https:\/\/mediatrade.fi\/en\/product\/micro-studio-camera-4k-g2-2\/#primaryimage\"},\"image\":{\"@id\":\"https:\/\/mediatrade.fi\/en\/product\/micro-studio-camera-4k-g2-2\/#primaryimage\"},\"thumbnailUrl\":\"https:\/\/mediatrade.fi\/wp-content\/uploads\/2023\/09\/blackmagic-micro-studio-camera-4k-g2-xl.jpg\",\"datePublished\":\"2025-01-21T15:34:04+00:00\",\"dateModified\":\"2026-03-20T05:15:07+00:00\",\"description\":\"BlackmagicDesignen Micro Studio Camera G2 on uusi p\u00e4ivitetty versio alkuper\u00e4isest\u00e4 mallista. Monikamerak\u00e4ytt\u00f6\u00f6n tarkoitettu pienikokoinen 4K-kamera.\",\"breadcrumb\":{\"@id\":\"https:\/\/mediatrade.fi\/en\/product\/micro-studio-camera-4k-g2-2\/#breadcrumb\"},\"inLanguage\":\"en-US\",\"potentialAction\":[{\"@type\":\"ReadAction\",\"target\":[\"https:\/\/mediatrade.fi\/en\/product\/micro-studio-camera-4k-g2-2\/\"]}]},{\"@type\":\"ImageObject\",\"inLanguage\":\"en-US\",\"@id\":\"https:\/\/mediatrade.fi\/en\/product\/micro-studio-camera-4k-g2-2\/#primaryimage\",\"url\":\"https:\/\/mediatrade.fi\/wp-content\/uploads\/2023\/09\/blackmagic-micro-studio-camera-4k-g2-xl.jpg\",\"contentUrl\":\"https:\/\/mediatrade.fi\/wp-content\/uploads\/2023\/09\/blackmagic-micro-studio-camera-4k-g2-xl.jpg\",\"width\":1324,\"height\":658},{\"@type\":\"BreadcrumbList\",\"@id\":\"https:\/\/mediatrade.fi\/en\/product\/micro-studio-camera-4k-g2-2\/#breadcrumb\",\"itemListElement\":[{\"@type\":\"ListItem\",\"position\":1,\"name\":\"Front Page\",\"item\":\"https:\/\/mediatrade.fi\/en\/\"},{\"@type\":\"ListItem\",\"position\":2,\"name\":\"Shop\",\"item\":\"https:\/\/mediatrade.fi\/en\/shop\/\"},{\"@type\":\"ListItem\",\"position\":3,\"name\":\"Micro Studio Camera 4K G2\"}]},{\"@type\":\"WebSite\",\"@id\":\"https:\/\/mediatrade.fi\/en\/#website\",\"url\":\"https:\/\/mediatrade.fi\/en\/\",\"name\":\"Mediatrade\",\"description\":\"\",\"publisher\":{\"@id\":\"https:\/\/mediatrade.fi\/en\/#organization\"},\"potentialAction\":[{\"@type\":\"SearchAction\",\"target\":{\"@type\":\"EntryPoint\",\"urlTemplate\":\"https:\/\/mediatrade.fi\/en\/?s={search_term_string}\"},\"query-input\":{\"@type\":\"PropertyValueSpecification\",\"valueRequired\":true,\"valueName\":\"search_term_string\"}}],\"inLanguage\":\"en-US\"},{\"@type\":\"Organization\",\"@id\":\"https:\/\/mediatrade.fi\/en\/#organization\",\"name\":\"Mediatrade\",\"url\":\"https:\/\/mediatrade.fi\/en\/\",\"logo\":{\"@type\":\"ImageObject\",\"inLanguage\":\"en-US\",\"@id\":\"https:\/\/mediatrade.fi\/en\/#\/schema\/logo\/image\/\",\"url\":\"https:\/\/mediatrade.fi\/wp-content\/uploads\/2022\/04\/Group-640.svg\",\"contentUrl\":\"https:\/\/mediatrade.fi\/wp-content\/uploads\/2022\/04\/Group-640.svg\",\"width\":128,\"height\":43,\"caption\":\"Mediatrade\"},\"image\":{\"@id\":\"https:\/\/mediatrade.fi\/en\/#\/schema\/logo\/image\/\"}}]}<\/script>\n<!-- \/ Yoast SEO plugin. -->","yoast_head_json":{"title":"Micro Studio Camera 4K G2 - Mediatrade","description":"BlackmagicDesignen Micro Studio Camera G2 on uusi p\u00e4ivitetty versio alkuper\u00e4isest\u00e4 mallista. Monikamerak\u00e4ytt\u00f6\u00f6n tarkoitettu pienikokoinen 4K-kamera.","robots":{"index":"index","follow":"follow","max-snippet":"max-snippet:-1","max-image-preview":"max-image-preview:large","max-video-preview":"max-video-preview:-1"},"canonical":"https:\/\/mediatrade.fi\/en\/product\/micro-studio-camera-4k-g2-2\/","og_locale":"en_US","og_type":"article","og_title":"Micro Studio Camera 4K G2 - Mediatrade","og_description":"BlackmagicDesignen Micro Studio Camera G2 on uusi p\u00e4ivitetty versio alkuper\u00e4isest\u00e4 mallista. Monikamerak\u00e4ytt\u00f6\u00f6n tarkoitettu pienikokoinen 4K-kamera.","og_url":"https:\/\/mediatrade.fi\/en\/product\/micro-studio-camera-4k-g2-2\/","og_site_name":"Mediatrade","article_modified_time":"2026-03-20T05:15:07+00:00","og_image":[{"width":1324,"height":658,"url":"https:\/\/mediatrade.fi\/wp-content\/uploads\/2023\/09\/blackmagic-micro-studio-camera-4k-g2-xl.jpg","type":"image\/jpeg"}],"twitter_card":"summary_large_image","twitter_misc":{"Est. reading time":"4 minutes"},"schema":{"@context":"https:\/\/schema.org","@graph":[{"@type":"WebPage","@id":"https:\/\/mediatrade.fi\/en\/product\/micro-studio-camera-4k-g2-2\/","url":"https:\/\/mediatrade.fi\/en\/product\/micro-studio-camera-4k-g2-2\/","name":"Micro Studio Camera 4K G2 - Mediatrade","isPartOf":{"@id":"https:\/\/mediatrade.fi\/en\/#website"},"primaryImageOfPage":{"@id":"https:\/\/mediatrade.fi\/en\/product\/micro-studio-camera-4k-g2-2\/#primaryimage"},"image":{"@id":"https:\/\/mediatrade.fi\/en\/product\/micro-studio-camera-4k-g2-2\/#primaryimage"},"thumbnailUrl":"https:\/\/mediatrade.fi\/wp-content\/uploads\/2023\/09\/blackmagic-micro-studio-camera-4k-g2-xl.jpg","datePublished":"2025-01-21T15:34:04+00:00","dateModified":"2026-03-20T05:15:07+00:00","description":"BlackmagicDesignen Micro Studio Camera G2 on uusi p\u00e4ivitetty versio alkuper\u00e4isest\u00e4 mallista. Monikamerak\u00e4ytt\u00f6\u00f6n tarkoitettu pienikokoinen 4K-kamera.","breadcrumb":{"@id":"https:\/\/mediatrade.fi\/en\/product\/micro-studio-camera-4k-g2-2\/#breadcrumb"},"inLanguage":"en-US","potentialAction":[{"@type":"ReadAction","target":["https:\/\/mediatrade.fi\/en\/product\/micro-studio-camera-4k-g2-2\/"]}]},{"@type":"ImageObject","inLanguage":"en-US","@id":"https:\/\/mediatrade.fi\/en\/product\/micro-studio-camera-4k-g2-2\/#primaryimage","url":"https:\/\/mediatrade.fi\/wp-content\/uploads\/2023\/09\/blackmagic-micro-studio-camera-4k-g2-xl.jpg","contentUrl":"https:\/\/mediatrade.fi\/wp-content\/uploads\/2023\/09\/blackmagic-micro-studio-camera-4k-g2-xl.jpg","width":1324,"height":658},{"@type":"BreadcrumbList","@id":"https:\/\/mediatrade.fi\/en\/product\/micro-studio-camera-4k-g2-2\/#breadcrumb","itemListElement":[{"@type":"ListItem","position":1,"name":"Front Page","item":"https:\/\/mediatrade.fi\/en\/"},{"@type":"ListItem","position":2,"name":"Shop","item":"https:\/\/mediatrade.fi\/en\/shop\/"},{"@type":"ListItem","position":3,"name":"Micro Studio Camera 4K G2"}]},{"@type":"WebSite","@id":"https:\/\/mediatrade.fi\/en\/#website","url":"https:\/\/mediatrade.fi\/en\/","name":"Mediatrade","description":"","publisher":{"@id":"https:\/\/mediatrade.fi\/en\/#organization"},"potentialAction":[{"@type":"SearchAction","target":{"@type":"EntryPoint","urlTemplate":"https:\/\/mediatrade.fi\/en\/?s={search_term_string}"},"query-input":{"@type":"PropertyValueSpecification","valueRequired":true,"valueName":"search_term_string"}}],"inLanguage":"en-US"},{"@type":"Organization","@id":"https:\/\/mediatrade.fi\/en\/#organization","name":"Mediatrade","url":"https:\/\/mediatrade.fi\/en\/","logo":{"@type":"ImageObject","inLanguage":"en-US","@id":"https:\/\/mediatrade.fi\/en\/#\/schema\/logo\/image\/","url":"https:\/\/mediatrade.fi\/wp-content\/uploads\/2022\/04\/Group-640.svg","contentUrl":"https:\/\/mediatrade.fi\/wp-content\/uploads\/2022\/04\/Group-640.svg","width":128,"height":43,"caption":"Mediatrade"},"image":{"@id":"https:\/\/mediatrade.fi\/en\/#\/schema\/logo\/image\/"}}]}},"_links":{"self":[{"href":"https:\/\/mediatrade.fi\/en\/wp-json\/wp\/v2\/product\/381828","targetHints":{"allow":["GET"]}}],"collection":[{"href":"https:\/\/mediatrade.fi\/en\/wp-json\/wp\/v2\/product"}],"about":[{"href":"https:\/\/mediatrade.fi\/en\/wp-json\/wp\/v2\/types\/product"}],"wp:featuredmedia":[{"embeddable":true,"href":"https:\/\/mediatrade.fi\/en\/wp-json\/wp\/v2\/media\/129764"}],"wp:attachment":[{"href":"https:\/\/mediatrade.fi\/en\/wp-json\/wp\/v2\/media?parent=381828"}],"wp:term":[{"taxonomy":"product_brand","embeddable":true,"href":"https:\/\/mediatrade.fi\/en\/wp-json\/wp\/v2\/product_brand?post=381828"},{"taxonomy":"product_cat","embeddable":true,"href":"https:\/\/mediatrade.fi\/en\/wp-json\/wp\/v2\/product_cat?post=381828"},{"taxonomy":"product_tag","embeddable":true,"href":"https:\/\/mediatrade.fi\/en\/wp-json\/wp\/v2\/product_tag?post=381828"},{"taxonomy":"brands","embeddable":true,"href":"https:\/\/mediatrade.fi\/en\/wp-json\/wp\/v2\/brands?post=381828"},{"taxonomy":"id_product_type","embeddable":true,"href":"https:\/\/mediatrade.fi\/en\/wp-json\/wp\/v2\/id_product_type?post=381828"}],"curies":[{"name":"wp","href":"https:\/\/api.w.org\/{rel}","templated":true}]}}