{"id":381862,"date":"2023-12-15T14:34:03","date_gmt":"2025-01-21T15:38:24","guid":{"rendered":"https:\/\/mediatrade.fi\/tuote\/cv374-compact-ndi-4k-uhd-broadcast-camera-2\/"},"modified":"2026-01-27T14:19:34","modified_gmt":"2026-01-27T12:19:34","slug":"cv374-compact-ndi-4k-uhd-broadcast-camera-2","status":"publish","type":"product","link":"https:\/\/mediatrade.fi\/en\/product\/cv374-compact-ndi-4k-uhd-broadcast-camera-2\/","title":{"rendered":"CV374 Compact NDI 4K UHD Broadcast Camera"},"content":{"rendered":"\n<section class=\"block block-woocommerce-product-description container-fluid container-fluid \">\n    <div class=\"container\">\n        <div class=\"row\">\n            <div class=\"col-12 col-md-6 order-2 order-md-1 attachments-col\">\n                                            <\/div>\n\n            <div class=\"col-12 col-md-5 offset-md-1 order-1 order-md-2\">\n                <main class=\"entry-content\">\n                    \n\n<h2 class=\"wp-block-heading\">Tuotetiedot<\/h2>\n\n\n\n<p>Marshallin CV374 Compact NDI 4K UHD Broadcast Camera on kompakti suoratoisto POV kamera joka on rakennettu Sonyn yli 8.46 miljoonan pikselin UHD sensorin ymp\u00e4rille. CV374 takaa erinomaisen 4K UHD videolaadun HDMI, IP sek\u00e4 NDI ulostulojensa avulla, tukien NDI HX3, SRT sek\u00e4 HEVC kodeekkeja.<\/p>\n\n\n\n<p>T\u00e4m\u00e4n kameran Ultra HD Sonyn sensori tarjoaa \u00e4\u00e4rimm\u00e4isen selke\u00e4n sek\u00e4 v\u00e4ririkkaan ja tarkan kuvanlaadun vaikka matalallakin valotuksella. CV374 linssit ovat my\u00f6skin vaihdettavissa Marshallin monipuolisten CS- sek\u00e4 C-mount linssien kanssa.<\/p>\n\n\n\n<h3 class=\"wp-block-heading\">Ominaisuudet<\/h3>\n\n\n\n<ul class=\"wp-block-list\">\n<li>8.46 Megapixel 1\/2.8&#8243; Sony UHD solid-state image sensor<\/li>\n\n\n\n<li>Flexible interchangeable CS &amp; C lens mount &#8211; lens sold separately<\/li>\n\n\n\n<li>3840x2160p, 1920x1080p, 1920x1080i &amp; 1280x720p resolutions available<\/li>\n\n\n\n<li>Framerates: 60, 59.94, 50, 30, 29.97, 25, 24, 23.98fps<\/li>\n\n\n\n<li>HDMI + network support for NDI HX3, RTSP, RTMP, SRT with H.264 and HEVC streaming codecs<\/li>\n\n\n\n<li>One-cable to camera option for power (PoE), video, audio, and remote setting control<\/li>\n\n\n\n<li>Remote adjust &amp; match via Visca over IP, NDI|Tools, and camera control webpage<\/li>\n\n\n\n<li>PoE over Cat cable or 12V power with included power supply<\/li>\n<\/ul>\n\n\n                <\/main>\n            <\/div>\n        <\/div>\n    <\/div>\n<\/section>\n\n\n\n    \n\n\n\n<section class=\"block block-profile-listing container-fluid \">\n    <div class=\"container\">\n        <div class=\"row\">\n            <main class=\"entry-content col-12\">\n                \n\n<h2 class=\"wp-block-heading\">Asiantuntijamme<\/h2>\n\n\n            <\/main>\n                        <div class=\"col-12 col-lg-6\">\n                <div class=\"person-wrapper\">\n                    <div class=\"image-wrapper\">\n                        <img decoding=\"async\" width=\"576\" height=\"1024\" src=\"https:\/\/mediatrade.fi\/wp-content\/uploads\/2022\/04\/Lauri_Virkki-576x1024-1.jpg\" class=\"attachment-post-thumbnail size-post-thumbnail wp-post-image\" alt=\"\" srcset=\"https:\/\/mediatrade.fi\/wp-content\/uploads\/2022\/04\/Lauri_Virkki-576x1024-1.jpg 576w, https:\/\/mediatrade.fi\/wp-content\/uploads\/2022\/04\/Lauri_Virkki-576x1024-1-169x300.jpg 169w\" sizes=\"(max-width: 575px) 100vw, (max-width: 767px) 570, (max-width: 991px) 830, (max-width: 1199px) 930, 994px\" \/>                    <\/div>\n                    <div class=\"content-wrapper\">\n                        <h4 class=\"name\">Lauri Virkki<\/h4>\n                        <p class=\"title\">Project Manager<\/p>\n                        <p class=\"summary\">I manage Mediatrade&#8217;s projects and handle system design. I\u2019m well-versed in production technology challenges, tools, and workflows.<\/p>\n                                                <span class=\"knowledge-title\">Area of expertise<\/span>\n                        <p class=\"knowledge\">Cinematography, program production, IP technologies<\/p>\n                                                <p class=\"phone\">+358201557720<\/p>\n                        <p class=\"email\"> lauri.virkki@mediatrade.fi<\/p>\n                    <\/div>\n                <\/div>\n            <\/div>\n                                <\/div>\n    <\/div>\n<\/section>\n","protected":false},"excerpt":{"rendered":"","protected":false},"featured_media":432486,"template":"","meta":{"_acf_changed":false,"_relevanssi_hide_post":"","_relevanssi_hide_content":"","_relevanssi_pin_for_all":"","_relevanssi_pin_keywords":"","_relevanssi_unpin_keywords":"","_relevanssi_related_keywords":"","_relevanssi_related_include_ids":"","_relevanssi_related_exclude_ids":"","_relevanssi_related_no_append":"","_relevanssi_related_not_related":"","_relevanssi_related_posts":"","_relevanssi_noindex_reason":""},"product_brand":[],"product_cat":[2486,3476,2486,3476,3473,3473],"product_tag":[8187,4368,4395,7840,4367,2490,2490,843],"brands":[4350],"id_product_type":[],"class_list":{"0":"post-381862","1":"product","2":"type-product","3":"status-publish","4":"has-post-thumbnail","6":"product_cat-all-products","7":"product_cat-cameras-and-equipment","10":"product_cat-video","12":"product_tag-4k-uhd","13":"product_tag-broadcast-camera","14":"product_tag-compact-broadcast-camera","15":"product_tag-compact-camera","16":"product_tag-marshall","17":"product_tag-mediatrade-en","19":"product_tag-ndi","21":"first","22":"onbackorder","23":"taxable","24":"shipping-taxable","25":"purchasable","26":"product-type-simple"},"bundled_by":[],"bundle_stock_status":"onbackorder","bundle_stock_quantity":0,"bundle_virtual":false,"bundle_layout":"","bundle_add_to_cart_form_location":"","bundle_editable_in_cart":false,"bundle_sold_individually_context":"","bundle_item_grouping":"","bundle_min_size":"","bundle_max_size":"","bundle_price":[],"bundled_items":[],"bundle_sell_ids":[],"acf":[],"yoast_head":"<!-- This site is optimized with the Yoast SEO plugin v27.1.1 - https:\/\/yoast.com\/product\/yoast-seo-wordpress\/ -->\n<title>CV374 Compact NDI 4K UHD Broadcast Camera - Mediatrade<\/title>\n<meta name=\"description\" content=\"Marshallin CV374 Compact NDI 4K UHD Broadcast Camera on suoratoisto POV kamera joka on rakennettu Sonyn yli 8.46 miljoonan pikselin UHD sensorin ymp\u00e4rille.\" \/>\n<meta name=\"robots\" content=\"index, follow, max-snippet:-1, max-image-preview:large, max-video-preview:-1\" \/>\n<link rel=\"canonical\" href=\"https:\/\/mediatrade.fi\/en\/product\/cv374-compact-ndi-4k-uhd-broadcast-camera-2\/\" \/>\n<meta property=\"og:locale\" content=\"en_US\" \/>\n<meta property=\"og:type\" content=\"article\" \/>\n<meta property=\"og:title\" content=\"CV374 Compact NDI 4K UHD Broadcast Camera - Mediatrade\" \/>\n<meta property=\"og:description\" content=\"Marshallin CV374 Compact NDI 4K UHD Broadcast Camera on suoratoisto POV kamera joka on rakennettu Sonyn yli 8.46 miljoonan pikselin UHD sensorin ymp\u00e4rille.\" \/>\n<meta property=\"og:url\" content=\"https:\/\/mediatrade.fi\/en\/product\/cv374-compact-ndi-4k-uhd-broadcast-camera-2\/\" \/>\n<meta property=\"og:site_name\" content=\"Mediatrade\" \/>\n<meta property=\"article:modified_time\" content=\"2026-01-27T12:19:34+00:00\" \/>\n<meta property=\"og:image\" content=\"https:\/\/mediatrade.fi\/wp-content\/uploads\/2023\/10\/CV374-Right-Angle-Lens-Full-scaled.jpg\" \/>\n\t<meta property=\"og:image:width\" content=\"2560\" \/>\n\t<meta property=\"og:image:height\" content=\"1708\" \/>\n\t<meta property=\"og:image:type\" content=\"image\/jpeg\" \/>\n<meta name=\"twitter:card\" content=\"summary_large_image\" \/>\n<meta name=\"twitter:label1\" content=\"Est. reading time\" \/>\n\t<meta name=\"twitter:data1\" content=\"3 minutes\" \/>\n<script type=\"application\/ld+json\" class=\"yoast-schema-graph\">{\"@context\":\"https:\/\/schema.org\",\"@graph\":[{\"@type\":\"WebPage\",\"@id\":\"https:\/\/mediatrade.fi\/en\/product\/cv374-compact-ndi-4k-uhd-broadcast-camera-2\/\",\"url\":\"https:\/\/mediatrade.fi\/en\/product\/cv374-compact-ndi-4k-uhd-broadcast-camera-2\/\",\"name\":\"CV374 Compact NDI 4K UHD Broadcast Camera - Mediatrade\",\"isPartOf\":{\"@id\":\"https:\/\/mediatrade.fi\/en\/#website\"},\"primaryImageOfPage\":{\"@id\":\"https:\/\/mediatrade.fi\/en\/product\/cv374-compact-ndi-4k-uhd-broadcast-camera-2\/#primaryimage\"},\"image\":{\"@id\":\"https:\/\/mediatrade.fi\/en\/product\/cv374-compact-ndi-4k-uhd-broadcast-camera-2\/#primaryimage\"},\"thumbnailUrl\":\"https:\/\/mediatrade.fi\/wp-content\/uploads\/2023\/10\/CV374-Right-Angle-Lens-Full-scaled.jpg\",\"datePublished\":\"2025-01-21T15:38:24+00:00\",\"dateModified\":\"2026-01-27T12:19:34+00:00\",\"description\":\"Marshallin CV374 Compact NDI 4K UHD Broadcast Camera on suoratoisto POV kamera joka on rakennettu Sonyn yli 8.46 miljoonan pikselin UHD sensorin ymp\u00e4rille.\",\"breadcrumb\":{\"@id\":\"https:\/\/mediatrade.fi\/en\/product\/cv374-compact-ndi-4k-uhd-broadcast-camera-2\/#breadcrumb\"},\"inLanguage\":\"en-US\",\"potentialAction\":[{\"@type\":\"ReadAction\",\"target\":[\"https:\/\/mediatrade.fi\/en\/product\/cv374-compact-ndi-4k-uhd-broadcast-camera-2\/\"]}]},{\"@type\":\"ImageObject\",\"inLanguage\":\"en-US\",\"@id\":\"https:\/\/mediatrade.fi\/en\/product\/cv374-compact-ndi-4k-uhd-broadcast-camera-2\/#primaryimage\",\"url\":\"https:\/\/mediatrade.fi\/wp-content\/uploads\/2023\/10\/CV374-Right-Angle-Lens-Full-scaled.jpg\",\"contentUrl\":\"https:\/\/mediatrade.fi\/wp-content\/uploads\/2023\/10\/CV374-Right-Angle-Lens-Full-scaled.jpg\",\"width\":2560,\"height\":1708},{\"@type\":\"BreadcrumbList\",\"@id\":\"https:\/\/mediatrade.fi\/en\/product\/cv374-compact-ndi-4k-uhd-broadcast-camera-2\/#breadcrumb\",\"itemListElement\":[{\"@type\":\"ListItem\",\"position\":1,\"name\":\"Front Page\",\"item\":\"https:\/\/mediatrade.fi\/en\/\"},{\"@type\":\"ListItem\",\"position\":2,\"name\":\"Shop\",\"item\":\"https:\/\/mediatrade.fi\/en\/shop\/\"},{\"@type\":\"ListItem\",\"position\":3,\"name\":\"CV374 Compact NDI 4K UHD Broadcast Camera\"}]},{\"@type\":\"WebSite\",\"@id\":\"https:\/\/mediatrade.fi\/en\/#website\",\"url\":\"https:\/\/mediatrade.fi\/en\/\",\"name\":\"Mediatrade\",\"description\":\"\",\"publisher\":{\"@id\":\"https:\/\/mediatrade.fi\/en\/#organization\"},\"potentialAction\":[{\"@type\":\"SearchAction\",\"target\":{\"@type\":\"EntryPoint\",\"urlTemplate\":\"https:\/\/mediatrade.fi\/en\/?s={search_term_string}\"},\"query-input\":{\"@type\":\"PropertyValueSpecification\",\"valueRequired\":true,\"valueName\":\"search_term_string\"}}],\"inLanguage\":\"en-US\"},{\"@type\":\"Organization\",\"@id\":\"https:\/\/mediatrade.fi\/en\/#organization\",\"name\":\"Mediatrade\",\"url\":\"https:\/\/mediatrade.fi\/en\/\",\"logo\":{\"@type\":\"ImageObject\",\"inLanguage\":\"en-US\",\"@id\":\"https:\/\/mediatrade.fi\/en\/#\/schema\/logo\/image\/\",\"url\":\"https:\/\/mediatrade.fi\/wp-content\/uploads\/2022\/04\/Group-640.svg\",\"contentUrl\":\"https:\/\/mediatrade.fi\/wp-content\/uploads\/2022\/04\/Group-640.svg\",\"width\":128,\"height\":43,\"caption\":\"Mediatrade\"},\"image\":{\"@id\":\"https:\/\/mediatrade.fi\/en\/#\/schema\/logo\/image\/\"}}]}<\/script>\n<!-- \/ Yoast SEO plugin. -->","yoast_head_json":{"title":"CV374 Compact NDI 4K UHD Broadcast Camera - Mediatrade","description":"Marshallin CV374 Compact NDI 4K UHD Broadcast Camera on suoratoisto POV kamera joka on rakennettu Sonyn yli 8.46 miljoonan pikselin UHD sensorin ymp\u00e4rille.","robots":{"index":"index","follow":"follow","max-snippet":"max-snippet:-1","max-image-preview":"max-image-preview:large","max-video-preview":"max-video-preview:-1"},"canonical":"https:\/\/mediatrade.fi\/en\/product\/cv374-compact-ndi-4k-uhd-broadcast-camera-2\/","og_locale":"en_US","og_type":"article","og_title":"CV374 Compact NDI 4K UHD Broadcast Camera - Mediatrade","og_description":"Marshallin CV374 Compact NDI 4K UHD Broadcast Camera on suoratoisto POV kamera joka on rakennettu Sonyn yli 8.46 miljoonan pikselin UHD sensorin ymp\u00e4rille.","og_url":"https:\/\/mediatrade.fi\/en\/product\/cv374-compact-ndi-4k-uhd-broadcast-camera-2\/","og_site_name":"Mediatrade","article_modified_time":"2026-01-27T12:19:34+00:00","og_image":[{"width":2560,"height":1708,"url":"https:\/\/mediatrade.fi\/wp-content\/uploads\/2023\/10\/CV374-Right-Angle-Lens-Full-scaled.jpg","type":"image\/jpeg"}],"twitter_card":"summary_large_image","twitter_misc":{"Est. reading time":"3 minutes"},"schema":{"@context":"https:\/\/schema.org","@graph":[{"@type":"WebPage","@id":"https:\/\/mediatrade.fi\/en\/product\/cv374-compact-ndi-4k-uhd-broadcast-camera-2\/","url":"https:\/\/mediatrade.fi\/en\/product\/cv374-compact-ndi-4k-uhd-broadcast-camera-2\/","name":"CV374 Compact NDI 4K UHD Broadcast Camera - Mediatrade","isPartOf":{"@id":"https:\/\/mediatrade.fi\/en\/#website"},"primaryImageOfPage":{"@id":"https:\/\/mediatrade.fi\/en\/product\/cv374-compact-ndi-4k-uhd-broadcast-camera-2\/#primaryimage"},"image":{"@id":"https:\/\/mediatrade.fi\/en\/product\/cv374-compact-ndi-4k-uhd-broadcast-camera-2\/#primaryimage"},"thumbnailUrl":"https:\/\/mediatrade.fi\/wp-content\/uploads\/2023\/10\/CV374-Right-Angle-Lens-Full-scaled.jpg","datePublished":"2025-01-21T15:38:24+00:00","dateModified":"2026-01-27T12:19:34+00:00","description":"Marshallin CV374 Compact NDI 4K UHD Broadcast Camera on suoratoisto POV kamera joka on rakennettu Sonyn yli 8.46 miljoonan pikselin UHD sensorin ymp\u00e4rille.","breadcrumb":{"@id":"https:\/\/mediatrade.fi\/en\/product\/cv374-compact-ndi-4k-uhd-broadcast-camera-2\/#breadcrumb"},"inLanguage":"en-US","potentialAction":[{"@type":"ReadAction","target":["https:\/\/mediatrade.fi\/en\/product\/cv374-compact-ndi-4k-uhd-broadcast-camera-2\/"]}]},{"@type":"ImageObject","inLanguage":"en-US","@id":"https:\/\/mediatrade.fi\/en\/product\/cv374-compact-ndi-4k-uhd-broadcast-camera-2\/#primaryimage","url":"https:\/\/mediatrade.fi\/wp-content\/uploads\/2023\/10\/CV374-Right-Angle-Lens-Full-scaled.jpg","contentUrl":"https:\/\/mediatrade.fi\/wp-content\/uploads\/2023\/10\/CV374-Right-Angle-Lens-Full-scaled.jpg","width":2560,"height":1708},{"@type":"BreadcrumbList","@id":"https:\/\/mediatrade.fi\/en\/product\/cv374-compact-ndi-4k-uhd-broadcast-camera-2\/#breadcrumb","itemListElement":[{"@type":"ListItem","position":1,"name":"Front Page","item":"https:\/\/mediatrade.fi\/en\/"},{"@type":"ListItem","position":2,"name":"Shop","item":"https:\/\/mediatrade.fi\/en\/shop\/"},{"@type":"ListItem","position":3,"name":"CV374 Compact NDI 4K UHD Broadcast Camera"}]},{"@type":"WebSite","@id":"https:\/\/mediatrade.fi\/en\/#website","url":"https:\/\/mediatrade.fi\/en\/","name":"Mediatrade","description":"","publisher":{"@id":"https:\/\/mediatrade.fi\/en\/#organization"},"potentialAction":[{"@type":"SearchAction","target":{"@type":"EntryPoint","urlTemplate":"https:\/\/mediatrade.fi\/en\/?s={search_term_string}"},"query-input":{"@type":"PropertyValueSpecification","valueRequired":true,"valueName":"search_term_string"}}],"inLanguage":"en-US"},{"@type":"Organization","@id":"https:\/\/mediatrade.fi\/en\/#organization","name":"Mediatrade","url":"https:\/\/mediatrade.fi\/en\/","logo":{"@type":"ImageObject","inLanguage":"en-US","@id":"https:\/\/mediatrade.fi\/en\/#\/schema\/logo\/image\/","url":"https:\/\/mediatrade.fi\/wp-content\/uploads\/2022\/04\/Group-640.svg","contentUrl":"https:\/\/mediatrade.fi\/wp-content\/uploads\/2022\/04\/Group-640.svg","width":128,"height":43,"caption":"Mediatrade"},"image":{"@id":"https:\/\/mediatrade.fi\/en\/#\/schema\/logo\/image\/"}}]}},"_links":{"self":[{"href":"https:\/\/mediatrade.fi\/en\/wp-json\/wp\/v2\/product\/381862","targetHints":{"allow":["GET"]}}],"collection":[{"href":"https:\/\/mediatrade.fi\/en\/wp-json\/wp\/v2\/product"}],"about":[{"href":"https:\/\/mediatrade.fi\/en\/wp-json\/wp\/v2\/types\/product"}],"wp:featuredmedia":[{"embeddable":true,"href":"https:\/\/mediatrade.fi\/en\/wp-json\/wp\/v2\/media\/432486"}],"wp:attachment":[{"href":"https:\/\/mediatrade.fi\/en\/wp-json\/wp\/v2\/media?parent=381862"}],"wp:term":[{"taxonomy":"product_brand","embeddable":true,"href":"https:\/\/mediatrade.fi\/en\/wp-json\/wp\/v2\/product_brand?post=381862"},{"taxonomy":"product_cat","embeddable":true,"href":"https:\/\/mediatrade.fi\/en\/wp-json\/wp\/v2\/product_cat?post=381862"},{"taxonomy":"product_tag","embeddable":true,"href":"https:\/\/mediatrade.fi\/en\/wp-json\/wp\/v2\/product_tag?post=381862"},{"taxonomy":"brands","embeddable":true,"href":"https:\/\/mediatrade.fi\/en\/wp-json\/wp\/v2\/brands?post=381862"},{"taxonomy":"id_product_type","embeddable":true,"href":"https:\/\/mediatrade.fi\/en\/wp-json\/wp\/v2\/id_product_type?post=381862"}],"curies":[{"name":"wp","href":"https:\/\/api.w.org\/{rel}","templated":true}]}}