{"id":381871,"date":"2023-12-05T12:15:36","date_gmt":"2025-01-21T15:38:31","guid":{"rendered":"https:\/\/mediatrade.fi\/tuote\/power-zoom-adapter-pz-e2b-2\/"},"modified":"2025-11-26T07:18:34","modified_gmt":"2025-11-26T05:18:34","slug":"power-zoom-adapter-pz-e2b-2","status":"publish","type":"product","link":"https:\/\/mediatrade.fi\/en\/product\/power-zoom-adapter-pz-e2b-2\/","title":{"rendered":"Power Zoom Adapter PZ-E2B"},"content":{"rendered":"\n<section class=\"block block-woocommerce-product-description container-fluid container-fluid \">\n    <div class=\"container\">\n        <div class=\"row\">\n            <div class=\"col-12 col-md-6 order-2 order-md-1 attachments-col\">\n                                <div style=\"height: 100%;\" class=\"oembed oembed-youtube\">        <div class=\"cookieconsent-optout-marketing\">            <a href=\"javascript:Cookiebot.renew()\">Hyv\u00e4ksy markkinointiev\u00e4steet<\/a>            katsoaksesi videon.        <\/div><iframe title=\"Zoom For Passion - Canon RF24-105mm f\/2.8L IS USM Z &amp; Power Zoom Adapter PZ-E2\" width=\"840\" height=\"473\" src=\"https:\/\/www.youtube.com\/embed\/ulMIZG1YOOU?feature=oembed&#038;enablejsapi=1&#038;origin=https:\/\/mediatrade.fi\" frameborder=\"0\" allow=\"accelerometer; autoplay; clipboard-write; encrypted-media; gyroscope; picture-in-picture; web-share\" allowfullscreen><\/iframe><\/div>            <\/div>\n\n            <div class=\"col-12 col-md-5 offset-md-1 order-1 order-md-2\">\n                <main class=\"entry-content\">\n                    \n\n<h2 class=\"wp-block-heading\">Tuotetiedot<\/h2>\n\n\n\n<p>Lis\u00e4\u00e4 RF 24-105mm F2.8L IS USM Z&nbsp;-zoom-objektiivin k\u00e4ytett\u00e4vyytt\u00e4 t\u00e4ll\u00e4 moottorizoom-sovittimella. Zoomaa tasaisesti ja tarkasti, voit my\u00f6s ohjata et\u00e4\u00e4lt\u00e4.<\/p>\n\n\n\n<p>POWER ZOOM PZ-E2B&nbsp;-sovittimessa on 20-nastainen et\u00e4liitin, joka mahdollistaa yhteensopivien zoomauksen\/tarkennuksen s\u00e4\u00e4t\u00f6laitteiden liitt\u00e4misen studio- tai suuren mittakaavan tuotantoymp\u00e4rist\u00f6ihin. Sopii my\u00f6s yhteen Canonin Zoom Servo Grip ZSG-C10&nbsp;-kahvan kanssa. <strong>Tuki VFX:lle ja virtuaalituotannoille on mahdollista 20-nastaisesta liit\u00e4nn\u00e4st\u00e4 l\u00e4htev\u00e4n reaaliaikaisen objektiivimetadatan ansiosta.<\/strong><a href=\"https:\/\/www.canon.fi\/lenses\/power-zoom-adapter-pz-e2-power-zoom-adapter\/specification\/\"><\/a><\/p>\n\n\n\n<h3 class=\"wp-block-heading\">Ominaisuudet<\/h3>\n\n\n\n<ul class=\"wp-block-list\">\n<li>Ohjausmekanismi: DC-moottori ja vaihteen v\u00e4hennysmekanismi<\/li>\n\n\n\n<li>Zoomauksen k\u00e4ytt\u00f6: Laajakulma- (W) ja telekuvaus- (T) -painikkeet (tai mukauta yhteensopivan kameran painikkeet itse) Et\u00e4hallinta (Camera Connect \/ EOS Utility \/ Browser Remote \/ XC Protocol, vain yhteensopivilla kameroilla)<\/li>\n\n\n\n<li>Zoomausnopeus: Zoomausnopeus on valittavissa Zoomausnopeuden s\u00e4\u00e4t\u00f6valitsimella<\/li>\n\n\n\n<li>Kiinnitystapa: Kiinnitys ja kiinnityksen irrotus sormiruuvilla (\u00d73)<\/li>\n\n\n\n<li>Ulkoiset rajapinnat: USB-C-liit\u00e4nt\u00e4 (tiedonsiirto \/ ulkoinen PD-virta): 20-nastainen liit\u00e4nt\u00e4 (vain Power Zoom -sovitin PZ-E2B, yhteensopivat zoom ja tarkennus ja Canonin Zoom Servo Grip ZSG-C10)<\/li>\n\n\n\n<li>Virranl\u00e4hde: kamerasta objektiivin v\u00e4lityksell\u00e4* Virranl\u00e4hde digitaalisesta liit\u00e4nn\u00e4st\u00e4 (USB-C-liit\u00e4nt\u00e4)*<\/li>\n\n\n\n<li>*Kameroissa, joissa alemman tehon akut saattavat vaatia ulkoisen PD-virranl\u00e4hteen jotta High-speed-tilaa voi k\u00e4ytt\u00e4\u00e4 ja kuvausaika pitenee<\/li>\n\n\n\n<li>P\u00f6ly- ja kosteussuoja: Kyll\u00e4, mutta p\u00f6lyn ja kosteuden suoja ei ole t\u00e4ydellinen.<\/li>\n\n\n\n<li>Mitat (leveys x korkeus x syvyys): Noin 105 x 81 x 60&nbsp;mm<\/li>\n\n\n\n<li>Paino PZ-E2: noin 165g (vain sovitin)<\/li>\n<\/ul>\n\n\n                <\/main>\n            <\/div>\n        <\/div>\n    <\/div>\n<\/section>\n\n\n\n    \n\n\n\n<section class=\"block block-profile-listing container-fluid \">\n    <div class=\"container\">\n        <div class=\"row\">\n            <main class=\"entry-content col-12\">\n                \n\n<h2 class=\"wp-block-heading\">Asiantuntijamme<\/h2>\n\n\n            <\/main>\n                        <div class=\"col-12 col-lg-6\">\n                <div class=\"person-wrapper\">\n                    <div class=\"image-wrapper\">\n                        <img decoding=\"async\" width=\"576\" height=\"1024\" src=\"https:\/\/mediatrade.fi\/wp-content\/uploads\/2022\/03\/Mikko_Leino-576x1024-1.jpg\" class=\"attachment-post-thumbnail size-post-thumbnail wp-post-image\" alt=\"\" srcset=\"https:\/\/mediatrade.fi\/wp-content\/uploads\/2022\/03\/Mikko_Leino-576x1024-1.jpg 576w, https:\/\/mediatrade.fi\/wp-content\/uploads\/2022\/03\/Mikko_Leino-576x1024-1-169x300.jpg 169w\" sizes=\"(max-width: 575px) 100vw, (max-width: 767px) 570, (max-width: 991px) 830, (max-width: 1199px) 930, 994px\" \/>                    <\/div>\n                    <div class=\"content-wrapper\">\n                        <h4 class=\"name\">Mikko Leino<\/h4>\n                        <p class=\"title\">System Specialist<\/p>\n                        <p class=\"summary\">I\u2019m responsible for traditional video production equipment and tools, as well as streaming and web production solutions.<\/p>\n                                                <span class=\"knowledge-title\">Area of expertise<\/span>\n                        <p class=\"knowledge\">Cinematography, Audio, Program Production, Streaming<\/p>\n                                                <p class=\"phone\">+358201557732<\/p>\n                        <p class=\"email\">mikko.leino@mediatrade.fi<\/p>\n                    <\/div>\n                <\/div>\n            <\/div>\n                                <\/div>\n    <\/div>\n<\/section>\n","protected":false},"excerpt":{"rendered":"","protected":false},"featured_media":432541,"template":"","meta":{"_acf_changed":false,"_relevanssi_hide_post":"","_relevanssi_hide_content":"","_relevanssi_pin_for_all":"","_relevanssi_pin_keywords":"","_relevanssi_unpin_keywords":"","_relevanssi_related_keywords":"","_relevanssi_related_include_ids":"","_relevanssi_related_exclude_ids":"","_relevanssi_related_no_append":"","_relevanssi_related_not_related":"","_relevanssi_related_posts":"","_relevanssi_noindex_reason":""},"product_brand":[],"product_cat":[2486,15,41,3478,224,3473],"product_tag":[5812,824,8157,8104,5590],"brands":[621],"id_product_type":[],"class_list":{"0":"post-381871","1":"product","2":"type-product","3":"status-publish","4":"has-post-thumbnail","6":"product_cat-all-products","7":"product_cat-kaikki","8":"product_cat-kuva","9":"product_cat-lenses-and-equipment","10":"product_cat-linssit-tarvikkeet","11":"product_cat-video","12":"product_tag-24-105","13":"product_tag-canon","14":"product_tag-power-zoom-adapter-pz-e2b","15":"product_tag-rf-24-105mm-f2-8l-is-usm-z","16":"product_tag-servo","18":"first","19":"onbackorder","20":"taxable","21":"shipping-taxable","22":"purchasable","23":"product-type-simple"},"bundled_by":[],"bundle_stock_status":"onbackorder","bundle_stock_quantity":0,"bundle_virtual":false,"bundle_layout":"","bundle_add_to_cart_form_location":"","bundle_editable_in_cart":false,"bundle_sold_individually_context":"","bundle_item_grouping":"","bundle_min_size":"","bundle_max_size":"","bundle_price":[],"bundled_items":[],"bundle_sell_ids":[],"acf":[],"yoast_head":"<!-- This site is optimized with the Yoast SEO plugin v27.1.1 - https:\/\/yoast.com\/product\/yoast-seo-wordpress\/ -->\n<title>Power Zoom Adapter PZ-E2B - Mediatrade<\/title>\n<meta name=\"description\" content=\"Lis\u00e4\u00e4 RF 24-105mm F2.8L IS USM Z\u00a0-zoom-objektiivin k\u00e4ytett\u00e4vyytt\u00e4 t\u00e4ll\u00e4 moottorizoom-sovittimella. Zoomaa tasaisesti ja tarkasti, voit my\u00f6s ohjata et\u00e4\u00e4lt\u00e4.\" \/>\n<meta name=\"robots\" content=\"index, follow, max-snippet:-1, max-image-preview:large, max-video-preview:-1\" \/>\n<link rel=\"canonical\" href=\"https:\/\/mediatrade.fi\/en\/product\/power-zoom-adapter-pz-e2b-2\/\" \/>\n<meta property=\"og:locale\" content=\"en_US\" \/>\n<meta property=\"og:type\" content=\"article\" \/>\n<meta property=\"og:title\" content=\"Power Zoom Adapter PZ-E2B - Mediatrade\" \/>\n<meta property=\"og:description\" content=\"Lis\u00e4\u00e4 RF 24-105mm F2.8L IS USM Z\u00a0-zoom-objektiivin k\u00e4ytett\u00e4vyytt\u00e4 t\u00e4ll\u00e4 moottorizoom-sovittimella. Zoomaa tasaisesti ja tarkasti, voit my\u00f6s ohjata et\u00e4\u00e4lt\u00e4.\" \/>\n<meta property=\"og:url\" content=\"https:\/\/mediatrade.fi\/en\/product\/power-zoom-adapter-pz-e2b-2\/\" \/>\n<meta property=\"og:site_name\" content=\"Mediatrade\" \/>\n<meta property=\"article:modified_time\" content=\"2025-11-26T05:18:34+00:00\" \/>\n<meta property=\"og:image\" content=\"https:\/\/mediatrade.fi\/wp-content\/uploads\/2023\/12\/power-zoom-adapter-pz-e2b_gallery_01_5485a623c6ba4b028563873785361956.webp\" \/>\n\t<meta property=\"og:image:width\" content=\"552\" \/>\n\t<meta property=\"og:image:height\" content=\"552\" \/>\n\t<meta property=\"og:image:type\" content=\"image\/webp\" \/>\n<meta name=\"twitter:card\" content=\"summary_large_image\" \/>\n<meta name=\"twitter:label1\" content=\"Est. reading time\" \/>\n\t<meta name=\"twitter:data1\" content=\"2 minutes\" \/>\n<script type=\"application\/ld+json\" class=\"yoast-schema-graph\">{\"@context\":\"https:\/\/schema.org\",\"@graph\":[{\"@type\":\"WebPage\",\"@id\":\"https:\/\/mediatrade.fi\/en\/product\/power-zoom-adapter-pz-e2b-2\/\",\"url\":\"https:\/\/mediatrade.fi\/en\/product\/power-zoom-adapter-pz-e2b-2\/\",\"name\":\"Power Zoom Adapter PZ-E2B - Mediatrade\",\"isPartOf\":{\"@id\":\"https:\/\/mediatrade.fi\/en\/#website\"},\"primaryImageOfPage\":{\"@id\":\"https:\/\/mediatrade.fi\/en\/product\/power-zoom-adapter-pz-e2b-2\/#primaryimage\"},\"image\":{\"@id\":\"https:\/\/mediatrade.fi\/en\/product\/power-zoom-adapter-pz-e2b-2\/#primaryimage\"},\"thumbnailUrl\":\"https:\/\/mediatrade.fi\/wp-content\/uploads\/2023\/12\/power-zoom-adapter-pz-e2b_gallery_01_5485a623c6ba4b028563873785361956.webp\",\"datePublished\":\"2025-01-21T15:38:31+00:00\",\"dateModified\":\"2025-11-26T05:18:34+00:00\",\"description\":\"Lis\u00e4\u00e4 RF 24-105mm F2.8L IS USM Z\u00a0-zoom-objektiivin k\u00e4ytett\u00e4vyytt\u00e4 t\u00e4ll\u00e4 moottorizoom-sovittimella. Zoomaa tasaisesti ja tarkasti, voit my\u00f6s ohjata et\u00e4\u00e4lt\u00e4.\",\"breadcrumb\":{\"@id\":\"https:\/\/mediatrade.fi\/en\/product\/power-zoom-adapter-pz-e2b-2\/#breadcrumb\"},\"inLanguage\":\"en-US\",\"potentialAction\":[{\"@type\":\"ReadAction\",\"target\":[\"https:\/\/mediatrade.fi\/en\/product\/power-zoom-adapter-pz-e2b-2\/\"]}]},{\"@type\":\"ImageObject\",\"inLanguage\":\"en-US\",\"@id\":\"https:\/\/mediatrade.fi\/en\/product\/power-zoom-adapter-pz-e2b-2\/#primaryimage\",\"url\":\"https:\/\/mediatrade.fi\/wp-content\/uploads\/2023\/12\/power-zoom-adapter-pz-e2b_gallery_01_5485a623c6ba4b028563873785361956.webp\",\"contentUrl\":\"https:\/\/mediatrade.fi\/wp-content\/uploads\/2023\/12\/power-zoom-adapter-pz-e2b_gallery_01_5485a623c6ba4b028563873785361956.webp\",\"width\":552,\"height\":552},{\"@type\":\"BreadcrumbList\",\"@id\":\"https:\/\/mediatrade.fi\/en\/product\/power-zoom-adapter-pz-e2b-2\/#breadcrumb\",\"itemListElement\":[{\"@type\":\"ListItem\",\"position\":1,\"name\":\"Front Page\",\"item\":\"https:\/\/mediatrade.fi\/en\/\"},{\"@type\":\"ListItem\",\"position\":2,\"name\":\"Shop\",\"item\":\"https:\/\/mediatrade.fi\/en\/shop\/\"},{\"@type\":\"ListItem\",\"position\":3,\"name\":\"Power Zoom Adapter PZ-E2B\"}]},{\"@type\":\"WebSite\",\"@id\":\"https:\/\/mediatrade.fi\/en\/#website\",\"url\":\"https:\/\/mediatrade.fi\/en\/\",\"name\":\"Mediatrade\",\"description\":\"\",\"publisher\":{\"@id\":\"https:\/\/mediatrade.fi\/en\/#organization\"},\"potentialAction\":[{\"@type\":\"SearchAction\",\"target\":{\"@type\":\"EntryPoint\",\"urlTemplate\":\"https:\/\/mediatrade.fi\/en\/?s={search_term_string}\"},\"query-input\":{\"@type\":\"PropertyValueSpecification\",\"valueRequired\":true,\"valueName\":\"search_term_string\"}}],\"inLanguage\":\"en-US\"},{\"@type\":\"Organization\",\"@id\":\"https:\/\/mediatrade.fi\/en\/#organization\",\"name\":\"Mediatrade\",\"url\":\"https:\/\/mediatrade.fi\/en\/\",\"logo\":{\"@type\":\"ImageObject\",\"inLanguage\":\"en-US\",\"@id\":\"https:\/\/mediatrade.fi\/en\/#\/schema\/logo\/image\/\",\"url\":\"https:\/\/mediatrade.fi\/wp-content\/uploads\/2022\/04\/Group-640.svg\",\"contentUrl\":\"https:\/\/mediatrade.fi\/wp-content\/uploads\/2022\/04\/Group-640.svg\",\"width\":128,\"height\":43,\"caption\":\"Mediatrade\"},\"image\":{\"@id\":\"https:\/\/mediatrade.fi\/en\/#\/schema\/logo\/image\/\"}}]}<\/script>\n<!-- \/ Yoast SEO plugin. -->","yoast_head_json":{"title":"Power Zoom Adapter PZ-E2B - Mediatrade","description":"Lis\u00e4\u00e4 RF 24-105mm F2.8L IS USM Z\u00a0-zoom-objektiivin k\u00e4ytett\u00e4vyytt\u00e4 t\u00e4ll\u00e4 moottorizoom-sovittimella. Zoomaa tasaisesti ja tarkasti, voit my\u00f6s ohjata et\u00e4\u00e4lt\u00e4.","robots":{"index":"index","follow":"follow","max-snippet":"max-snippet:-1","max-image-preview":"max-image-preview:large","max-video-preview":"max-video-preview:-1"},"canonical":"https:\/\/mediatrade.fi\/en\/product\/power-zoom-adapter-pz-e2b-2\/","og_locale":"en_US","og_type":"article","og_title":"Power Zoom Adapter PZ-E2B - Mediatrade","og_description":"Lis\u00e4\u00e4 RF 24-105mm F2.8L IS USM Z\u00a0-zoom-objektiivin k\u00e4ytett\u00e4vyytt\u00e4 t\u00e4ll\u00e4 moottorizoom-sovittimella. Zoomaa tasaisesti ja tarkasti, voit my\u00f6s ohjata et\u00e4\u00e4lt\u00e4.","og_url":"https:\/\/mediatrade.fi\/en\/product\/power-zoom-adapter-pz-e2b-2\/","og_site_name":"Mediatrade","article_modified_time":"2025-11-26T05:18:34+00:00","og_image":[{"width":552,"height":552,"url":"https:\/\/mediatrade.fi\/wp-content\/uploads\/2023\/12\/power-zoom-adapter-pz-e2b_gallery_01_5485a623c6ba4b028563873785361956.webp","type":"image\/webp"}],"twitter_card":"summary_large_image","twitter_misc":{"Est. reading time":"2 minutes"},"schema":{"@context":"https:\/\/schema.org","@graph":[{"@type":"WebPage","@id":"https:\/\/mediatrade.fi\/en\/product\/power-zoom-adapter-pz-e2b-2\/","url":"https:\/\/mediatrade.fi\/en\/product\/power-zoom-adapter-pz-e2b-2\/","name":"Power Zoom Adapter PZ-E2B - Mediatrade","isPartOf":{"@id":"https:\/\/mediatrade.fi\/en\/#website"},"primaryImageOfPage":{"@id":"https:\/\/mediatrade.fi\/en\/product\/power-zoom-adapter-pz-e2b-2\/#primaryimage"},"image":{"@id":"https:\/\/mediatrade.fi\/en\/product\/power-zoom-adapter-pz-e2b-2\/#primaryimage"},"thumbnailUrl":"https:\/\/mediatrade.fi\/wp-content\/uploads\/2023\/12\/power-zoom-adapter-pz-e2b_gallery_01_5485a623c6ba4b028563873785361956.webp","datePublished":"2025-01-21T15:38:31+00:00","dateModified":"2025-11-26T05:18:34+00:00","description":"Lis\u00e4\u00e4 RF 24-105mm F2.8L IS USM Z\u00a0-zoom-objektiivin k\u00e4ytett\u00e4vyytt\u00e4 t\u00e4ll\u00e4 moottorizoom-sovittimella. Zoomaa tasaisesti ja tarkasti, voit my\u00f6s ohjata et\u00e4\u00e4lt\u00e4.","breadcrumb":{"@id":"https:\/\/mediatrade.fi\/en\/product\/power-zoom-adapter-pz-e2b-2\/#breadcrumb"},"inLanguage":"en-US","potentialAction":[{"@type":"ReadAction","target":["https:\/\/mediatrade.fi\/en\/product\/power-zoom-adapter-pz-e2b-2\/"]}]},{"@type":"ImageObject","inLanguage":"en-US","@id":"https:\/\/mediatrade.fi\/en\/product\/power-zoom-adapter-pz-e2b-2\/#primaryimage","url":"https:\/\/mediatrade.fi\/wp-content\/uploads\/2023\/12\/power-zoom-adapter-pz-e2b_gallery_01_5485a623c6ba4b028563873785361956.webp","contentUrl":"https:\/\/mediatrade.fi\/wp-content\/uploads\/2023\/12\/power-zoom-adapter-pz-e2b_gallery_01_5485a623c6ba4b028563873785361956.webp","width":552,"height":552},{"@type":"BreadcrumbList","@id":"https:\/\/mediatrade.fi\/en\/product\/power-zoom-adapter-pz-e2b-2\/#breadcrumb","itemListElement":[{"@type":"ListItem","position":1,"name":"Front Page","item":"https:\/\/mediatrade.fi\/en\/"},{"@type":"ListItem","position":2,"name":"Shop","item":"https:\/\/mediatrade.fi\/en\/shop\/"},{"@type":"ListItem","position":3,"name":"Power Zoom Adapter PZ-E2B"}]},{"@type":"WebSite","@id":"https:\/\/mediatrade.fi\/en\/#website","url":"https:\/\/mediatrade.fi\/en\/","name":"Mediatrade","description":"","publisher":{"@id":"https:\/\/mediatrade.fi\/en\/#organization"},"potentialAction":[{"@type":"SearchAction","target":{"@type":"EntryPoint","urlTemplate":"https:\/\/mediatrade.fi\/en\/?s={search_term_string}"},"query-input":{"@type":"PropertyValueSpecification","valueRequired":true,"valueName":"search_term_string"}}],"inLanguage":"en-US"},{"@type":"Organization","@id":"https:\/\/mediatrade.fi\/en\/#organization","name":"Mediatrade","url":"https:\/\/mediatrade.fi\/en\/","logo":{"@type":"ImageObject","inLanguage":"en-US","@id":"https:\/\/mediatrade.fi\/en\/#\/schema\/logo\/image\/","url":"https:\/\/mediatrade.fi\/wp-content\/uploads\/2022\/04\/Group-640.svg","contentUrl":"https:\/\/mediatrade.fi\/wp-content\/uploads\/2022\/04\/Group-640.svg","width":128,"height":43,"caption":"Mediatrade"},"image":{"@id":"https:\/\/mediatrade.fi\/en\/#\/schema\/logo\/image\/"}}]}},"_links":{"self":[{"href":"https:\/\/mediatrade.fi\/en\/wp-json\/wp\/v2\/product\/381871","targetHints":{"allow":["GET"]}}],"collection":[{"href":"https:\/\/mediatrade.fi\/en\/wp-json\/wp\/v2\/product"}],"about":[{"href":"https:\/\/mediatrade.fi\/en\/wp-json\/wp\/v2\/types\/product"}],"wp:featuredmedia":[{"embeddable":true,"href":"https:\/\/mediatrade.fi\/en\/wp-json\/wp\/v2\/media\/432541"}],"wp:attachment":[{"href":"https:\/\/mediatrade.fi\/en\/wp-json\/wp\/v2\/media?parent=381871"}],"wp:term":[{"taxonomy":"product_brand","embeddable":true,"href":"https:\/\/mediatrade.fi\/en\/wp-json\/wp\/v2\/product_brand?post=381871"},{"taxonomy":"product_cat","embeddable":true,"href":"https:\/\/mediatrade.fi\/en\/wp-json\/wp\/v2\/product_cat?post=381871"},{"taxonomy":"product_tag","embeddable":true,"href":"https:\/\/mediatrade.fi\/en\/wp-json\/wp\/v2\/product_tag?post=381871"},{"taxonomy":"brands","embeddable":true,"href":"https:\/\/mediatrade.fi\/en\/wp-json\/wp\/v2\/brands?post=381871"},{"taxonomy":"id_product_type","embeddable":true,"href":"https:\/\/mediatrade.fi\/en\/wp-json\/wp\/v2\/id_product_type?post=381871"}],"curies":[{"name":"wp","href":"https:\/\/api.w.org\/{rel}","templated":true}]}}