{"id":381967,"date":"2023-09-21T11:36:50","date_gmt":"2025-01-21T15:40:27","guid":{"rendered":"https:\/\/mediatrade.fi\/tuote\/marshall-m12-lens-pack-2\/"},"modified":"2026-01-27T14:08:22","modified_gmt":"2026-01-27T12:08:22","slug":"marshall-m12-lens-pack-2","status":"publish","type":"product","link":"https:\/\/mediatrade.fi\/en\/product\/marshall-m12-lens-pack-2\/","title":{"rendered":"Marshall M12 Lens Pack"},"content":{"rendered":"\n<section class=\"block block-woocommerce-product-description container-fluid container-fluid \">\n    <div class=\"container\">\n        <div class=\"row\">\n            <div class=\"col-12 col-md-6 order-2 order-md-1 attachments-col\">\n                                            <\/div>\n\n            <div class=\"col-12 col-md-5 offset-md-1 order-1 order-md-2\">\n                <main class=\"entry-content\">\n                    \n\n<h2 class=\"wp-block-heading\">Tuotetiedot <\/h2>\n\n\n\n<p><strong>Marshall M12 Lens Pack<\/strong> sis\u00e4lt\u00e4\u00e4 <strong>2.3mm, 2.8mm, 6mm, 8mm, 12mm &amp; 16mm<\/strong> linssit, jotka tukevat resoluutioita 3MP asti. Linssit tulevat laatikossa, joka sis\u00e4lt\u00e4\u00e4 useamman lohkon eri linsseille turvallisempaa kuljetusta varten.<\/p>\n\n\n\n<p><\/p>\n\n\n\n<h4 class=\"wp-block-heading\">2.3mm f\/2.2 3MP Marshall Electronics M12<\/h4>\n\n\n\n<p>Linssi, joka on suunniteltu tarjoamaan 126 asteen wide-angle n\u00e4k\u00f6kulma 1\/3&#8243;-sensori kameroille, joista l\u00f6ytyy M12 mount. Toimii CV225, CV502, CV505 sek\u00e4 CV565 kameroiden kanssa.<\/p>\n\n\n\n<p><\/p>\n\n\n\n<h4 class=\"wp-block-heading\">2.8mm f\/2.0 3MP IR Marshall Electronics M12<\/h4>\n\n\n\n<p>Linssi CV502-WPMB sek\u00e4 CV502-WPM kameroilla, joka s\u00e4ilytt\u00e4\u00e4 CV502 sis\u00e4lt\u00e4m\u00e4n IP67 m\u00e4\u00e4rityksen, ja voidaan my\u00f6skin k\u00e4ytt\u00e4\u00e4 muiden yhteensopivien kameroiden kanssa joista l\u00f6ytyy M12 mount. T\u00e4m\u00e4 2.8mm linssi sis\u00e4lt\u00e4\u00e4 IR-cut kerroksen linssin takaosassa, joka minimoi IR contamination riskit ja auttaa pit\u00e4m\u00e4\u00e4n kuvausj\u00e4ljen laadun selke\u00e4n\u00e4.<\/p>\n\n\n\n<p><\/p>\n\n\n\n<h4 class=\"wp-block-heading\">8mm f\/2.0 3MP Marshall Electronics M12<\/h4>\n\n\n\n<p>Valikoiduille Marshall kameroille rakennettu 8mm linssi, jota k\u00e4ytet\u00e4\u00e4n board level, POV sek\u00e4 lipstick kameroissa. Yhteensopiva CV502, CV505, CV565, CV225 sek\u00e4 V-1292 kameroiden kanssa. Linssill\u00e4 on l\u00e4hes rajaton depth of field, sek\u00e4 kiinte\u00e4 f\/2 linssinopeus. <\/p>\n\n\n\n<p>Linssi pit\u00e4\u00e4 fokuksen liki kontaktista l\u00e4hes rajattomiin saakka, ja ei sis\u00e4ll\u00e4 erillist\u00e4 focus mekanismia. M12 linssit itsess\u00e4\u00e4n eiv\u00e4t sis\u00e4ll\u00e4 iirist\u00e4, vaan k\u00e4ytt\u00e4v\u00e4t optista suunnitteluaan tarjotakseen f\/2 linssinopeuden.<\/p>\n\n\n\n<p><\/p>\n\n\n\n<h4 class=\"wp-block-heading\">6mm f\/2.0 3MP IR Marshall Electronics M12<\/h4>\n\n\n\n<p>Linssi p\u00e4\u00e4asiallisesti CV502-WPMB ja CV502-WPM kameroilla, joka s\u00e4ilytt\u00e4\u00e4 CV502 sis\u00e4lt\u00e4m\u00e4n IP67 m\u00e4\u00e4rityksen. Voidaan my\u00f6skin k\u00e4ytt\u00e4\u00e4 muiden yhteensopivien kameroiden kanssa joista l\u00f6ytyy M12 mount. T\u00e4m\u00e4 6mm linssi sis\u00e4lt\u00e4\u00e4 IR-cut kerroksen linssin takaosassa, joka minimoi IR contamination riskit ja auttaa pit\u00e4m\u00e4\u00e4n kuvausj\u00e4ljen laadun selke\u00e4n\u00e4.<\/p>\n\n\n\n<p><\/p>\n\n\n\n<h4 class=\"wp-block-heading\">12mm f\/1.8 3MP Marshall Electronics M12<\/h4>\n\n\n\n<p>Valikoiduille Marshall kameroille rakennettu 12mm linssi  board level, POV sek\u00e4 lipstick kameroihin. Yhteensopiva CV502, CV505, CV565, CV225 sek\u00e4 V-1292 kameroiden kanssa. Linssill\u00e4 on l\u00e4hes rajaton depth of field, sek\u00e4 kiinte\u00e4 f\/1.8 linssinopeus. <\/p>\n\n\n\n<p>Linssi pit\u00e4\u00e4 fokuksen liki kontaktista l\u00e4hes rajattomiin saakka, ja ei sis\u00e4ll\u00e4 erillist\u00e4 focus mekanismia. M12 linssit itsess\u00e4\u00e4n eiv\u00e4t sis\u00e4ll\u00e4 iirist\u00e4, vaan k\u00e4ytt\u00e4v\u00e4t optista suunnitteluaan tarjotakseen f\/1.8 linssinopeuden.<\/p>\n\n\n\n<p><\/p>\n\n\n\n<h4 class=\"wp-block-heading\">16mm f\/1.8 3MP Marshall Electronics M12<\/h4>\n\n\n\n<p>Valikoiduille Marshall kameroille rakennettu 16mm linssi  board level, POV sek\u00e4 lipstick kameroihin. Yhteensopiva CV502, CV505, CV565, CV225 sek\u00e4 V-1292 kameroiden kanssa. Linssill\u00e4 on l\u00e4hes rajaton depth of field, sek\u00e4 kiinte\u00e4 f\/1.8 linssinopeus. <\/p>\n\n\n\n<p>Linssi pit\u00e4\u00e4 fokuksen liki kontaktista l\u00e4hes rajattomiin saakka, ja ei sis\u00e4ll\u00e4 erillist\u00e4 focus mekanismia. M12 linssit itsess\u00e4\u00e4n eiv\u00e4t sis\u00e4ll\u00e4 iirist\u00e4, vaan k\u00e4ytt\u00e4v\u00e4t optista suunnitteluaan tarjotakseen f\/1.8 linssinopeuden.<\/p>\n\n\n\n<p><\/p>\n\n\n\n<h3 class=\"wp-block-heading\">Ominaisuudet<\/h3>\n\n\n\n<ul class=\"wp-block-list\">\n<li>Six Lenses Included<\/li>\n\n\n\n<li>M12 Lens Mount<\/li>\n\n\n\n<li>Supports up to 3MP Resolution<\/li>\n\n\n\n<li>Multi-Compartment Case Included<\/li>\n\n\n\n<li>Sensor compatibility for 1\/2.5&#8243;, 1\/2.7&#8243;, 1\/3&#8243; (3MP)<\/li>\n\n\n\n<li>Focal length 8mm<\/li>\n\n\n\n<li>Fixed Focus<\/li>\n\n\n\n<li>Fixed Iris type<\/li>\n<\/ul>\n\n\n                <\/main>\n            <\/div>\n        <\/div>\n    <\/div>\n<\/section>\n\n\n\n    \n\n\n\n<section class=\"block block-profile-listing container-fluid \">\n    <div class=\"container\">\n        <div class=\"row\">\n            <main class=\"entry-content col-12\">\n                \n\n<h2 class=\"wp-block-heading\">Asiantuntijamme<\/h2>\n\n\n            <\/main>\n                        <div class=\"col-12 col-lg-6\">\n                <div class=\"person-wrapper\">\n                    <div class=\"image-wrapper\">\n                        <img decoding=\"async\" width=\"576\" height=\"1024\" src=\"https:\/\/mediatrade.fi\/wp-content\/uploads\/2022\/04\/Lauri_Virkki-576x1024-1.jpg\" class=\"attachment-post-thumbnail size-post-thumbnail wp-post-image\" alt=\"\" srcset=\"https:\/\/mediatrade.fi\/wp-content\/uploads\/2022\/04\/Lauri_Virkki-576x1024-1.jpg 576w, https:\/\/mediatrade.fi\/wp-content\/uploads\/2022\/04\/Lauri_Virkki-576x1024-1-169x300.jpg 169w\" sizes=\"(max-width: 575px) 100vw, (max-width: 767px) 570, (max-width: 991px) 830, (max-width: 1199px) 930, 994px\" \/>                    <\/div>\n                    <div class=\"content-wrapper\">\n                        <h4 class=\"name\">Lauri Virkki<\/h4>\n                        <p class=\"title\">Project Manager<\/p>\n                        <p class=\"summary\">I manage Mediatrade&#8217;s projects and handle system design. I\u2019m well-versed in production technology challenges, tools, and workflows.<\/p>\n                                                <span class=\"knowledge-title\">Area of expertise<\/span>\n                        <p class=\"knowledge\">Cinematography, program production, IP technologies<\/p>\n                                                <p class=\"phone\">+358201557720<\/p>\n                        <p class=\"email\"> lauri.virkki@mediatrade.fi<\/p>\n                    <\/div>\n                <\/div>\n            <\/div>\n                                <\/div>\n    <\/div>\n<\/section>\n","protected":false},"excerpt":{"rendered":"","protected":false},"featured_media":432791,"template":"","meta":{"_acf_changed":false,"_relevanssi_hide_post":"","_relevanssi_hide_content":"","_relevanssi_pin_for_all":"","_relevanssi_pin_keywords":"","_relevanssi_unpin_keywords":"","_relevanssi_related_keywords":"","_relevanssi_related_include_ids":"","_relevanssi_related_exclude_ids":"","_relevanssi_related_no_append":"","_relevanssi_related_not_related":"","_relevanssi_related_posts":"","_relevanssi_noindex_reason":""},"product_brand":[],"product_cat":[2486,3476,2486,3476,3473,3478,3478,3473],"product_tag":[7892,7893,5143,7891,4367,2490,2490],"brands":[4350],"id_product_type":[],"class_list":{"0":"post-381967","1":"product","2":"type-product","3":"status-publish","4":"has-post-thumbnail","6":"product_cat-all-products","7":"product_cat-cameras-and-equipment","10":"product_cat-video","11":"product_cat-lenses-and-equipment","14":"product_tag-3mp-lens","15":"product_tag-3mp-lens-pack","16":"product_tag-m12","17":"product_tag-m12-lens","18":"product_tag-marshall","19":"product_tag-mediatrade-en","22":"first","23":"onbackorder","24":"taxable","25":"shipping-taxable","26":"purchasable","27":"product-type-simple"},"bundled_by":[],"bundle_stock_status":"onbackorder","bundle_stock_quantity":0,"bundle_virtual":false,"bundle_layout":"","bundle_add_to_cart_form_location":"","bundle_editable_in_cart":false,"bundle_sold_individually_context":"","bundle_item_grouping":"","bundle_min_size":"","bundle_max_size":"","bundle_price":[],"bundled_items":[],"bundle_sell_ids":[],"acf":[],"yoast_head":"<!-- This site is optimized with the Yoast SEO plugin v27.1.1 - https:\/\/yoast.com\/product\/yoast-seo-wordpress\/ -->\n<title>Marshall M12 Lens Pack - Mediatrade<\/title>\n<meta name=\"description\" content=\"Valikoima Marshall M12 linssej\u00e4, sis\u00e4lt\u00e4\u00e4 2.3mm, 2.8mm, 6mm, 8mm, 12mm &amp; 16mm linssit, jotka tukevat resoluutioita 3MP asti.\" \/>\n<meta name=\"robots\" content=\"index, follow, max-snippet:-1, max-image-preview:large, max-video-preview:-1\" \/>\n<link rel=\"canonical\" href=\"https:\/\/mediatrade.fi\/en\/product\/marshall-m12-lens-pack-2\/\" \/>\n<meta property=\"og:locale\" content=\"en_US\" \/>\n<meta property=\"og:type\" content=\"article\" \/>\n<meta property=\"og:title\" content=\"Marshall M12 Lens Pack - Mediatrade\" \/>\n<meta property=\"og:description\" content=\"Valikoima Marshall M12 linssej\u00e4, sis\u00e4lt\u00e4\u00e4 2.3mm, 2.8mm, 6mm, 8mm, 12mm &amp; 16mm linssit, jotka tukevat resoluutioita 3MP asti.\" \/>\n<meta property=\"og:url\" content=\"https:\/\/mediatrade.fi\/en\/product\/marshall-m12-lens-pack-2\/\" \/>\n<meta property=\"og:site_name\" content=\"Mediatrade\" \/>\n<meta property=\"article:modified_time\" content=\"2026-01-27T12:08:22+00:00\" \/>\n<meta property=\"og:image\" content=\"https:\/\/mediatrade.fi\/wp-content\/uploads\/2023\/09\/CV-LENS-PACK_1.jpg\" \/>\n\t<meta property=\"og:image:width\" content=\"650\" \/>\n\t<meta property=\"og:image:height\" content=\"650\" \/>\n\t<meta property=\"og:image:type\" content=\"image\/jpeg\" \/>\n<meta name=\"twitter:card\" content=\"summary_large_image\" \/>\n<meta name=\"twitter:label1\" content=\"Est. reading time\" \/>\n\t<meta name=\"twitter:data1\" content=\"3 minutes\" \/>\n<script type=\"application\/ld+json\" class=\"yoast-schema-graph\">{\"@context\":\"https:\/\/schema.org\",\"@graph\":[{\"@type\":\"WebPage\",\"@id\":\"https:\/\/mediatrade.fi\/en\/product\/marshall-m12-lens-pack-2\/\",\"url\":\"https:\/\/mediatrade.fi\/en\/product\/marshall-m12-lens-pack-2\/\",\"name\":\"Marshall M12 Lens Pack - Mediatrade\",\"isPartOf\":{\"@id\":\"https:\/\/mediatrade.fi\/en\/#website\"},\"primaryImageOfPage\":{\"@id\":\"https:\/\/mediatrade.fi\/en\/product\/marshall-m12-lens-pack-2\/#primaryimage\"},\"image\":{\"@id\":\"https:\/\/mediatrade.fi\/en\/product\/marshall-m12-lens-pack-2\/#primaryimage\"},\"thumbnailUrl\":\"https:\/\/mediatrade.fi\/wp-content\/uploads\/2023\/09\/CV-LENS-PACK_1.jpg\",\"datePublished\":\"2025-01-21T15:40:27+00:00\",\"dateModified\":\"2026-01-27T12:08:22+00:00\",\"description\":\"Valikoima Marshall M12 linssej\u00e4, sis\u00e4lt\u00e4\u00e4 2.3mm, 2.8mm, 6mm, 8mm, 12mm & 16mm linssit, jotka tukevat resoluutioita 3MP asti.\",\"breadcrumb\":{\"@id\":\"https:\/\/mediatrade.fi\/en\/product\/marshall-m12-lens-pack-2\/#breadcrumb\"},\"inLanguage\":\"en-US\",\"potentialAction\":[{\"@type\":\"ReadAction\",\"target\":[\"https:\/\/mediatrade.fi\/en\/product\/marshall-m12-lens-pack-2\/\"]}]},{\"@type\":\"ImageObject\",\"inLanguage\":\"en-US\",\"@id\":\"https:\/\/mediatrade.fi\/en\/product\/marshall-m12-lens-pack-2\/#primaryimage\",\"url\":\"https:\/\/mediatrade.fi\/wp-content\/uploads\/2023\/09\/CV-LENS-PACK_1.jpg\",\"contentUrl\":\"https:\/\/mediatrade.fi\/wp-content\/uploads\/2023\/09\/CV-LENS-PACK_1.jpg\",\"width\":650,\"height\":650},{\"@type\":\"BreadcrumbList\",\"@id\":\"https:\/\/mediatrade.fi\/en\/product\/marshall-m12-lens-pack-2\/#breadcrumb\",\"itemListElement\":[{\"@type\":\"ListItem\",\"position\":1,\"name\":\"Front Page\",\"item\":\"https:\/\/mediatrade.fi\/en\/\"},{\"@type\":\"ListItem\",\"position\":2,\"name\":\"Shop\",\"item\":\"https:\/\/mediatrade.fi\/en\/shop\/\"},{\"@type\":\"ListItem\",\"position\":3,\"name\":\"Marshall M12 Lens Pack\"}]},{\"@type\":\"WebSite\",\"@id\":\"https:\/\/mediatrade.fi\/en\/#website\",\"url\":\"https:\/\/mediatrade.fi\/en\/\",\"name\":\"Mediatrade\",\"description\":\"\",\"publisher\":{\"@id\":\"https:\/\/mediatrade.fi\/en\/#organization\"},\"potentialAction\":[{\"@type\":\"SearchAction\",\"target\":{\"@type\":\"EntryPoint\",\"urlTemplate\":\"https:\/\/mediatrade.fi\/en\/?s={search_term_string}\"},\"query-input\":{\"@type\":\"PropertyValueSpecification\",\"valueRequired\":true,\"valueName\":\"search_term_string\"}}],\"inLanguage\":\"en-US\"},{\"@type\":\"Organization\",\"@id\":\"https:\/\/mediatrade.fi\/en\/#organization\",\"name\":\"Mediatrade\",\"url\":\"https:\/\/mediatrade.fi\/en\/\",\"logo\":{\"@type\":\"ImageObject\",\"inLanguage\":\"en-US\",\"@id\":\"https:\/\/mediatrade.fi\/en\/#\/schema\/logo\/image\/\",\"url\":\"https:\/\/mediatrade.fi\/wp-content\/uploads\/2022\/04\/Group-640.svg\",\"contentUrl\":\"https:\/\/mediatrade.fi\/wp-content\/uploads\/2022\/04\/Group-640.svg\",\"width\":128,\"height\":43,\"caption\":\"Mediatrade\"},\"image\":{\"@id\":\"https:\/\/mediatrade.fi\/en\/#\/schema\/logo\/image\/\"}}]}<\/script>\n<!-- \/ Yoast SEO plugin. -->","yoast_head_json":{"title":"Marshall M12 Lens Pack - Mediatrade","description":"Valikoima Marshall M12 linssej\u00e4, sis\u00e4lt\u00e4\u00e4 2.3mm, 2.8mm, 6mm, 8mm, 12mm & 16mm linssit, jotka tukevat resoluutioita 3MP asti.","robots":{"index":"index","follow":"follow","max-snippet":"max-snippet:-1","max-image-preview":"max-image-preview:large","max-video-preview":"max-video-preview:-1"},"canonical":"https:\/\/mediatrade.fi\/en\/product\/marshall-m12-lens-pack-2\/","og_locale":"en_US","og_type":"article","og_title":"Marshall M12 Lens Pack - Mediatrade","og_description":"Valikoima Marshall M12 linssej\u00e4, sis\u00e4lt\u00e4\u00e4 2.3mm, 2.8mm, 6mm, 8mm, 12mm & 16mm linssit, jotka tukevat resoluutioita 3MP asti.","og_url":"https:\/\/mediatrade.fi\/en\/product\/marshall-m12-lens-pack-2\/","og_site_name":"Mediatrade","article_modified_time":"2026-01-27T12:08:22+00:00","og_image":[{"width":650,"height":650,"url":"https:\/\/mediatrade.fi\/wp-content\/uploads\/2023\/09\/CV-LENS-PACK_1.jpg","type":"image\/jpeg"}],"twitter_card":"summary_large_image","twitter_misc":{"Est. reading time":"3 minutes"},"schema":{"@context":"https:\/\/schema.org","@graph":[{"@type":"WebPage","@id":"https:\/\/mediatrade.fi\/en\/product\/marshall-m12-lens-pack-2\/","url":"https:\/\/mediatrade.fi\/en\/product\/marshall-m12-lens-pack-2\/","name":"Marshall M12 Lens Pack - Mediatrade","isPartOf":{"@id":"https:\/\/mediatrade.fi\/en\/#website"},"primaryImageOfPage":{"@id":"https:\/\/mediatrade.fi\/en\/product\/marshall-m12-lens-pack-2\/#primaryimage"},"image":{"@id":"https:\/\/mediatrade.fi\/en\/product\/marshall-m12-lens-pack-2\/#primaryimage"},"thumbnailUrl":"https:\/\/mediatrade.fi\/wp-content\/uploads\/2023\/09\/CV-LENS-PACK_1.jpg","datePublished":"2025-01-21T15:40:27+00:00","dateModified":"2026-01-27T12:08:22+00:00","description":"Valikoima Marshall M12 linssej\u00e4, sis\u00e4lt\u00e4\u00e4 2.3mm, 2.8mm, 6mm, 8mm, 12mm & 16mm linssit, jotka tukevat resoluutioita 3MP asti.","breadcrumb":{"@id":"https:\/\/mediatrade.fi\/en\/product\/marshall-m12-lens-pack-2\/#breadcrumb"},"inLanguage":"en-US","potentialAction":[{"@type":"ReadAction","target":["https:\/\/mediatrade.fi\/en\/product\/marshall-m12-lens-pack-2\/"]}]},{"@type":"ImageObject","inLanguage":"en-US","@id":"https:\/\/mediatrade.fi\/en\/product\/marshall-m12-lens-pack-2\/#primaryimage","url":"https:\/\/mediatrade.fi\/wp-content\/uploads\/2023\/09\/CV-LENS-PACK_1.jpg","contentUrl":"https:\/\/mediatrade.fi\/wp-content\/uploads\/2023\/09\/CV-LENS-PACK_1.jpg","width":650,"height":650},{"@type":"BreadcrumbList","@id":"https:\/\/mediatrade.fi\/en\/product\/marshall-m12-lens-pack-2\/#breadcrumb","itemListElement":[{"@type":"ListItem","position":1,"name":"Front Page","item":"https:\/\/mediatrade.fi\/en\/"},{"@type":"ListItem","position":2,"name":"Shop","item":"https:\/\/mediatrade.fi\/en\/shop\/"},{"@type":"ListItem","position":3,"name":"Marshall M12 Lens Pack"}]},{"@type":"WebSite","@id":"https:\/\/mediatrade.fi\/en\/#website","url":"https:\/\/mediatrade.fi\/en\/","name":"Mediatrade","description":"","publisher":{"@id":"https:\/\/mediatrade.fi\/en\/#organization"},"potentialAction":[{"@type":"SearchAction","target":{"@type":"EntryPoint","urlTemplate":"https:\/\/mediatrade.fi\/en\/?s={search_term_string}"},"query-input":{"@type":"PropertyValueSpecification","valueRequired":true,"valueName":"search_term_string"}}],"inLanguage":"en-US"},{"@type":"Organization","@id":"https:\/\/mediatrade.fi\/en\/#organization","name":"Mediatrade","url":"https:\/\/mediatrade.fi\/en\/","logo":{"@type":"ImageObject","inLanguage":"en-US","@id":"https:\/\/mediatrade.fi\/en\/#\/schema\/logo\/image\/","url":"https:\/\/mediatrade.fi\/wp-content\/uploads\/2022\/04\/Group-640.svg","contentUrl":"https:\/\/mediatrade.fi\/wp-content\/uploads\/2022\/04\/Group-640.svg","width":128,"height":43,"caption":"Mediatrade"},"image":{"@id":"https:\/\/mediatrade.fi\/en\/#\/schema\/logo\/image\/"}}]}},"_links":{"self":[{"href":"https:\/\/mediatrade.fi\/en\/wp-json\/wp\/v2\/product\/381967","targetHints":{"allow":["GET"]}}],"collection":[{"href":"https:\/\/mediatrade.fi\/en\/wp-json\/wp\/v2\/product"}],"about":[{"href":"https:\/\/mediatrade.fi\/en\/wp-json\/wp\/v2\/types\/product"}],"wp:featuredmedia":[{"embeddable":true,"href":"https:\/\/mediatrade.fi\/en\/wp-json\/wp\/v2\/media\/432791"}],"wp:attachment":[{"href":"https:\/\/mediatrade.fi\/en\/wp-json\/wp\/v2\/media?parent=381967"}],"wp:term":[{"taxonomy":"product_brand","embeddable":true,"href":"https:\/\/mediatrade.fi\/en\/wp-json\/wp\/v2\/product_brand?post=381967"},{"taxonomy":"product_cat","embeddable":true,"href":"https:\/\/mediatrade.fi\/en\/wp-json\/wp\/v2\/product_cat?post=381967"},{"taxonomy":"product_tag","embeddable":true,"href":"https:\/\/mediatrade.fi\/en\/wp-json\/wp\/v2\/product_tag?post=381967"},{"taxonomy":"brands","embeddable":true,"href":"https:\/\/mediatrade.fi\/en\/wp-json\/wp\/v2\/brands?post=381967"},{"taxonomy":"id_product_type","embeddable":true,"href":"https:\/\/mediatrade.fi\/en\/wp-json\/wp\/v2\/id_product_type?post=381967"}],"curies":[{"name":"wp","href":"https:\/\/api.w.org\/{rel}","templated":true}]}}