{"id":382000,"date":"2023-09-15T15:23:25","date_gmt":"2025-01-21T15:40:55","guid":{"rendered":"https:\/\/mediatrade.fi\/tuote\/cr-n100bk-2\/"},"modified":"2026-03-18T08:45:10","modified_gmt":"2026-03-18T06:45:10","slug":"cr-n100bk-2","status":"publish","type":"product","link":"https:\/\/mediatrade.fi\/en\/product\/cr-n100bk-2\/","title":{"rendered":"CR-N100(BK)"},"content":{"rendered":"\n<section class=\"block block-woocommerce-product-description container-fluid container-fluid \">\n    <div class=\"container\">\n        <div class=\"row\">\n            <div class=\"col-12 col-md-6 order-2 order-md-1 attachments-col\">\n                                            <\/div>\n\n            <div class=\"col-12 col-md-5 offset-md-1 order-1 order-md-2\">\n                <main class=\"entry-content\">\n                    \n\n<h2 class=\"wp-block-heading\">Tuotetiedot<\/h2>\n\n\n\n<p>Koe 1\/2,3-tyypin 4K-kennon joustavuus sek\u00e4 DIGIC DV6 -prosessori, hybridiautomaattitarkennus ja kuvanvakaimella varustettu 20-kertainen optinen zoomaus. Koska kamera on yhteensopiva automaattisen seurannan sovelluksen<sup><a href=\"https:\/\/www.canon.fi\/ptz-cameras\/cr-n100\/#footnote-1\">1<\/a><\/sup>&nbsp;kanssa ja siin\u00e4 on IP-striimaus ja -ohjausprotokollat, se tarjoaa saumattoman integroinnin yrityksille, koulutukseen, seurakunnille ja tapahtuma-alalle.<a href=\"https:\/\/www.canon.fi\/ptz-cameras\/cr-n100\/specifications\/\"><\/a><\/p>\n\n\n\n<h3 class=\"wp-block-heading\">Ominaisuudet<\/h3>\n\n\n\n<ul class=\"wp-block-list\">\n<li>Kuvakenno 1\/2.3-tyypin (1\/2,3 tuuman)<\/li>\n\n\n\n<li>Tehollisia pikseleit\u00e4 noin 8,29 megapikseli\u00e4 (3840 x 2160)<\/li>\n\n\n\n<li>Objektiivi f=3.67 \u2013 73.4 mm, F\/1.8 \u2013 2.8, 20-kertainen optinen zoomaus, 8-lamellinen py\u00f6re\u00e4 himmenninaukko<\/li>\n\n\n\n<li>Optinen zoom 20-kertainen optinen zoom<\/li>\n\n\n\n<li>Digitaalinen zoom 20-kertainen digitaalinen zoom<\/li>\n\n\n\n<li>Polttov\u00e4li 3,67\u201373,4 mm, F\/1.8\u20132.8,<\/li>\n\n\n\n<li>35 mm:n filmi\u00e4 vastaava polttov\u00e4li: [4K UHD] noin 29,3 (laajakulma) \u2013 601&nbsp;mm (tele) [Full HD] noin 30,5 (laajakulma) \u2013 627&nbsp;mm (tele)<\/li>\n\n\n\n<li>Vahvistus 0,0\u201336 dB<\/li>\n\n\n\n<li>ND-suodin Sis\u00e4inen (enint. 1\/8, muuttuva-arvoinen ND-suodin), moottorik\u00e4ytt\u00f6inen<\/li>\n\n\n\n<li>Protokolla: XC (Canonin alkuper\u00e4inen), RTSP\/RTP, NDI|HX, RTMP\/RTMPS, vakiotiedonsiirto (sarjaliit\u00e4nt\u00e4 ja IP), SRT<\/li>\n<\/ul>\n\n\n\n<p><strong>Liit\u00e4nn\u00e4t<\/strong><\/p>\n\n\n\n<ul class=\"wp-block-list\">\n<li>Tiedonsiirron hallinta LAN, sarjaliit\u00e4nt\u00e4, IR<\/li>\n\n\n\n<li>Verkkoliit\u00e4nt\u00e4 LAN x 1, RJ45, 1000Base-T<\/li>\n\n\n\n<li>GEN-LOCK-liit\u00e4nt\u00e4 Ei<\/li>\n\n\n\n<li>HDMI OUT -liit\u00e4nt\u00e4 HDMI-liit\u00e4nt\u00e4 x 1, vain l\u00e4ht\u00f6<\/li>\n\n\n\n<li>RJ45-liit\u00e4nt\u00e4 x 1<\/li>\n\n\n\n<li>INPUT 1-\/INPUT 2 -liit\u00e4nn\u00e4t Ei<\/li>\n\n\n\n<li>MIC-liit\u00e4nt\u00e4 \u03d53,5 mm:n stereominiliitin (ei tasapainotettu, virransy\u00f6tt\u00f6 liittimen kautta)<\/li>\n\n\n\n<li>Herkkyys (MIC): -72 dBV (manuaalinen, t\u00e4ysi asteikko -18 dB)\/v\u00e4hint\u00e4\u00e4n 1 k\u03a9 \/ 20 dB<\/li>\n\n\n\n<li>Herkkyys (LINE): &#8211; v\u00e4hint\u00e4\u00e4n 10 dBV (manuaalinen, t\u00e4ysi asteikko -18 dB)\/1 k\u03a9 tai enemm\u00e4n<\/li>\n\n\n\n<li>Sy\u00f6tt\u00f6j\u00e4nnite: 2,4 V DC (esivastus: 2,2 k\u03a9)<\/li>\n\n\n\n<li>USB-liit\u00e4nt\u00e4 Tyypin C USB 3.1 x 1<\/li>\n<\/ul>\n\n\n                <\/main>\n            <\/div>\n        <\/div>\n    <\/div>\n<\/section>\n\n\n\n<section class=\"block block-profile-listing container-fluid \">\n    <div class=\"container\">\n        <div class=\"row\">\n            <main class=\"entry-content col-12\">\n                \n\n<h2 class=\"wp-block-heading\">Asiantuntijamme<\/h2>\n\n\n            <\/main>\n                        <div class=\"col-12 col-lg-6\">\n                <div class=\"person-wrapper\">\n                    <div class=\"image-wrapper\">\n                        <img decoding=\"async\" width=\"576\" height=\"1024\" src=\"https:\/\/mediatrade.fi\/wp-content\/uploads\/2022\/04\/Lauri_Virkki-576x1024-1.jpg\" class=\"attachment-post-thumbnail size-post-thumbnail wp-post-image\" alt=\"\" srcset=\"https:\/\/mediatrade.fi\/wp-content\/uploads\/2022\/04\/Lauri_Virkki-576x1024-1.jpg 576w, https:\/\/mediatrade.fi\/wp-content\/uploads\/2022\/04\/Lauri_Virkki-576x1024-1-169x300.jpg 169w\" sizes=\"(max-width: 575px) 100vw, (max-width: 767px) 570, (max-width: 991px) 830, (max-width: 1199px) 930, 994px\" \/>                    <\/div>\n                    <div class=\"content-wrapper\">\n                        <h4 class=\"name\">Lauri Virkki<\/h4>\n                        <p class=\"title\">Project Manager<\/p>\n                        <p class=\"summary\">I manage Mediatrade&#8217;s projects and handle system design. I\u2019m well-versed in production technology challenges, tools, and workflows.<\/p>\n                                                <span class=\"knowledge-title\">Area of expertise<\/span>\n                        <p class=\"knowledge\">Cinematography, program production, IP technologies<\/p>\n                                                <p class=\"phone\">+358201557720<\/p>\n                        <p class=\"email\"> lauri.virkki@mediatrade.fi<\/p>\n                    <\/div>\n                <\/div>\n            <\/div>\n                        <div class=\"col-12 col-lg-6\">\n                <div class=\"person-wrapper\">\n                    <div class=\"image-wrapper\">\n                        <img decoding=\"async\" width=\"576\" height=\"1024\" src=\"https:\/\/mediatrade.fi\/wp-content\/uploads\/2022\/03\/Mikko_Leino-576x1024-1.jpg\" class=\"attachment-post-thumbnail size-post-thumbnail wp-post-image\" alt=\"\" srcset=\"https:\/\/mediatrade.fi\/wp-content\/uploads\/2022\/03\/Mikko_Leino-576x1024-1.jpg 576w, https:\/\/mediatrade.fi\/wp-content\/uploads\/2022\/03\/Mikko_Leino-576x1024-1-169x300.jpg 169w\" sizes=\"(max-width: 575px) 100vw, (max-width: 767px) 570, (max-width: 991px) 830, (max-width: 1199px) 930, 994px\" \/>                    <\/div>\n                    <div class=\"content-wrapper\">\n                        <h4 class=\"name\">Mikko Leino<\/h4>\n                        <p class=\"title\">System Specialist<\/p>\n                        <p class=\"summary\">I\u2019m responsible for traditional video production equipment and tools, as well as streaming and web production solutions.<\/p>\n                                                <span class=\"knowledge-title\">Area of expertise<\/span>\n                        <p class=\"knowledge\">Cinematography, Audio, Program Production, Streaming<\/p>\n                                                <p class=\"phone\">+358201557732<\/p>\n                        <p class=\"email\">mikko.leino@mediatrade.fi<\/p>\n                    <\/div>\n                <\/div>\n            <\/div>\n                                <\/div>\n    <\/div>\n<\/section>\n","protected":false},"excerpt":{"rendered":"","protected":false},"featured_media":432880,"template":"","meta":{"_acf_changed":false,"_relevanssi_hide_post":"","_relevanssi_hide_content":"","_relevanssi_pin_for_all":"","_relevanssi_pin_keywords":"","_relevanssi_unpin_keywords":"","_relevanssi_related_keywords":"","_relevanssi_related_include_ids":"","_relevanssi_related_exclude_ids":"","_relevanssi_related_no_append":"","_relevanssi_related_not_related":"","_relevanssi_related_posts":"","_relevanssi_noindex_reason":""},"product_brand":[],"product_cat":[2486,3476,15,221,41,3473],"product_tag":[824,7759],"brands":[621],"id_product_type":[],"class_list":{"0":"post-382000","1":"product","2":"type-product","3":"status-publish","4":"has-post-thumbnail","6":"product_cat-all-products","7":"product_cat-cameras-and-equipment","8":"product_cat-kaikki","9":"product_cat-kamerat-tarvikkeet","10":"product_cat-kuva","11":"product_cat-video","12":"product_tag-canon","13":"product_tag-cr-n100bk","15":"first","16":"onbackorder","17":"taxable","18":"shipping-taxable","19":"purchasable","20":"product-type-simple"},"bundled_by":[],"bundle_stock_status":"onbackorder","bundle_stock_quantity":0,"bundle_virtual":false,"bundle_layout":"","bundle_add_to_cart_form_location":"","bundle_editable_in_cart":false,"bundle_sold_individually_context":"","bundle_item_grouping":"","bundle_min_size":"","bundle_max_size":"","bundle_price":[],"bundled_items":[],"bundle_sell_ids":[],"acf":[],"yoast_head":"<!-- This site is optimized with the Yoast SEO plugin v27.1.1 - https:\/\/yoast.com\/product\/yoast-seo-wordpress\/ -->\n<title>CR-N100(BK) - Mediatrade<\/title>\n<meta name=\"description\" content=\"Koe 1\/2,3-tyypin 4K-kennon joustavuus sek\u00e4 DIGIC DV6 -prosessori, hybridiautomaattitarkennus ja kuvanvakaimella varustettu 20-kertainen optinen zoomaus. Koska kamera on yhteensopiva automaattisen seurannan sovelluksen1\u00a0kanssa ja siin\u00e4 on IP-striimaus ja -ohjausprotokollat, se tarjoaa saumattoman integroinnin yrityksille, koulutukseen, seurakunnille ja tapahtuma-alalle.\" \/>\n<meta name=\"robots\" content=\"index, follow, max-snippet:-1, max-image-preview:large, max-video-preview:-1\" \/>\n<link rel=\"canonical\" href=\"https:\/\/mediatrade.fi\/en\/product\/cr-n100bk-2\/\" \/>\n<meta property=\"og:locale\" content=\"en_US\" \/>\n<meta property=\"og:type\" content=\"article\" \/>\n<meta property=\"og:title\" content=\"CR-N100(BK) - Mediatrade\" \/>\n<meta property=\"og:description\" content=\"Koe 1\/2,3-tyypin 4K-kennon joustavuus sek\u00e4 DIGIC DV6 -prosessori, hybridiautomaattitarkennus ja kuvanvakaimella varustettu 20-kertainen optinen zoomaus. Koska kamera on yhteensopiva automaattisen seurannan sovelluksen1\u00a0kanssa ja siin\u00e4 on IP-striimaus ja -ohjausprotokollat, se tarjoaa saumattoman integroinnin yrityksille, koulutukseen, seurakunnille ja tapahtuma-alalle.\" \/>\n<meta property=\"og:url\" content=\"https:\/\/mediatrade.fi\/en\/product\/cr-n100bk-2\/\" \/>\n<meta property=\"og:site_name\" content=\"Mediatrade\" \/>\n<meta property=\"article:modified_time\" content=\"2026-03-18T06:45:10+00:00\" \/>\n<meta property=\"og:image\" content=\"https:\/\/mediatrade.fi\/wp-content\/uploads\/2023\/09\/cr-n100-bk_gallery_04_c5fbc6fc094d455fbb38d33063ff3312.webp\" \/>\n\t<meta property=\"og:image:width\" content=\"552\" \/>\n\t<meta property=\"og:image:height\" content=\"552\" \/>\n\t<meta property=\"og:image:type\" content=\"image\/webp\" \/>\n<meta name=\"twitter:card\" content=\"summary_large_image\" \/>\n<meta name=\"twitter:label1\" content=\"Est. reading time\" \/>\n\t<meta name=\"twitter:data1\" content=\"2 minutes\" \/>\n<script type=\"application\/ld+json\" class=\"yoast-schema-graph\">{\"@context\":\"https:\/\/schema.org\",\"@graph\":[{\"@type\":\"WebPage\",\"@id\":\"https:\/\/mediatrade.fi\/en\/product\/cr-n100bk-2\/\",\"url\":\"https:\/\/mediatrade.fi\/en\/product\/cr-n100bk-2\/\",\"name\":\"CR-N100(BK) - Mediatrade\",\"isPartOf\":{\"@id\":\"https:\/\/mediatrade.fi\/en\/#website\"},\"primaryImageOfPage\":{\"@id\":\"https:\/\/mediatrade.fi\/en\/product\/cr-n100bk-2\/#primaryimage\"},\"image\":{\"@id\":\"https:\/\/mediatrade.fi\/en\/product\/cr-n100bk-2\/#primaryimage\"},\"thumbnailUrl\":\"https:\/\/mediatrade.fi\/wp-content\/uploads\/2023\/09\/cr-n100-bk_gallery_04_c5fbc6fc094d455fbb38d33063ff3312.webp\",\"datePublished\":\"2025-01-21T15:40:55+00:00\",\"dateModified\":\"2026-03-18T06:45:10+00:00\",\"description\":\"Koe 1\/2,3-tyypin 4K-kennon joustavuus sek\u00e4 DIGIC DV6 -prosessori, hybridiautomaattitarkennus ja kuvanvakaimella varustettu 20-kertainen optinen zoomaus. Koska kamera on yhteensopiva automaattisen seurannan sovelluksen1\u00a0kanssa ja siin\u00e4 on IP-striimaus ja -ohjausprotokollat, se tarjoaa saumattoman integroinnin yrityksille, koulutukseen, seurakunnille ja tapahtuma-alalle.\",\"breadcrumb\":{\"@id\":\"https:\/\/mediatrade.fi\/en\/product\/cr-n100bk-2\/#breadcrumb\"},\"inLanguage\":\"en-US\",\"potentialAction\":[{\"@type\":\"ReadAction\",\"target\":[\"https:\/\/mediatrade.fi\/en\/product\/cr-n100bk-2\/\"]}]},{\"@type\":\"ImageObject\",\"inLanguage\":\"en-US\",\"@id\":\"https:\/\/mediatrade.fi\/en\/product\/cr-n100bk-2\/#primaryimage\",\"url\":\"https:\/\/mediatrade.fi\/wp-content\/uploads\/2023\/09\/cr-n100-bk_gallery_04_c5fbc6fc094d455fbb38d33063ff3312.webp\",\"contentUrl\":\"https:\/\/mediatrade.fi\/wp-content\/uploads\/2023\/09\/cr-n100-bk_gallery_04_c5fbc6fc094d455fbb38d33063ff3312.webp\",\"width\":552,\"height\":552},{\"@type\":\"BreadcrumbList\",\"@id\":\"https:\/\/mediatrade.fi\/en\/product\/cr-n100bk-2\/#breadcrumb\",\"itemListElement\":[{\"@type\":\"ListItem\",\"position\":1,\"name\":\"Front Page\",\"item\":\"https:\/\/mediatrade.fi\/en\/\"},{\"@type\":\"ListItem\",\"position\":2,\"name\":\"Shop\",\"item\":\"https:\/\/mediatrade.fi\/en\/shop\/\"},{\"@type\":\"ListItem\",\"position\":3,\"name\":\"CR-N100(BK)\"}]},{\"@type\":\"WebSite\",\"@id\":\"https:\/\/mediatrade.fi\/en\/#website\",\"url\":\"https:\/\/mediatrade.fi\/en\/\",\"name\":\"Mediatrade\",\"description\":\"\",\"publisher\":{\"@id\":\"https:\/\/mediatrade.fi\/en\/#organization\"},\"potentialAction\":[{\"@type\":\"SearchAction\",\"target\":{\"@type\":\"EntryPoint\",\"urlTemplate\":\"https:\/\/mediatrade.fi\/en\/?s={search_term_string}\"},\"query-input\":{\"@type\":\"PropertyValueSpecification\",\"valueRequired\":true,\"valueName\":\"search_term_string\"}}],\"inLanguage\":\"en-US\"},{\"@type\":\"Organization\",\"@id\":\"https:\/\/mediatrade.fi\/en\/#organization\",\"name\":\"Mediatrade\",\"url\":\"https:\/\/mediatrade.fi\/en\/\",\"logo\":{\"@type\":\"ImageObject\",\"inLanguage\":\"en-US\",\"@id\":\"https:\/\/mediatrade.fi\/en\/#\/schema\/logo\/image\/\",\"url\":\"https:\/\/mediatrade.fi\/wp-content\/uploads\/2022\/04\/Group-640.svg\",\"contentUrl\":\"https:\/\/mediatrade.fi\/wp-content\/uploads\/2022\/04\/Group-640.svg\",\"width\":128,\"height\":43,\"caption\":\"Mediatrade\"},\"image\":{\"@id\":\"https:\/\/mediatrade.fi\/en\/#\/schema\/logo\/image\/\"}}]}<\/script>\n<!-- \/ Yoast SEO plugin. -->","yoast_head_json":{"title":"CR-N100(BK) - Mediatrade","description":"Koe 1\/2,3-tyypin 4K-kennon joustavuus sek\u00e4 DIGIC DV6 -prosessori, hybridiautomaattitarkennus ja kuvanvakaimella varustettu 20-kertainen optinen zoomaus. Koska kamera on yhteensopiva automaattisen seurannan sovelluksen1\u00a0kanssa ja siin\u00e4 on IP-striimaus ja -ohjausprotokollat, se tarjoaa saumattoman integroinnin yrityksille, koulutukseen, seurakunnille ja tapahtuma-alalle.","robots":{"index":"index","follow":"follow","max-snippet":"max-snippet:-1","max-image-preview":"max-image-preview:large","max-video-preview":"max-video-preview:-1"},"canonical":"https:\/\/mediatrade.fi\/en\/product\/cr-n100bk-2\/","og_locale":"en_US","og_type":"article","og_title":"CR-N100(BK) - Mediatrade","og_description":"Koe 1\/2,3-tyypin 4K-kennon joustavuus sek\u00e4 DIGIC DV6 -prosessori, hybridiautomaattitarkennus ja kuvanvakaimella varustettu 20-kertainen optinen zoomaus. Koska kamera on yhteensopiva automaattisen seurannan sovelluksen1\u00a0kanssa ja siin\u00e4 on IP-striimaus ja -ohjausprotokollat, se tarjoaa saumattoman integroinnin yrityksille, koulutukseen, seurakunnille ja tapahtuma-alalle.","og_url":"https:\/\/mediatrade.fi\/en\/product\/cr-n100bk-2\/","og_site_name":"Mediatrade","article_modified_time":"2026-03-18T06:45:10+00:00","og_image":[{"width":552,"height":552,"url":"https:\/\/mediatrade.fi\/wp-content\/uploads\/2023\/09\/cr-n100-bk_gallery_04_c5fbc6fc094d455fbb38d33063ff3312.webp","type":"image\/webp"}],"twitter_card":"summary_large_image","twitter_misc":{"Est. reading time":"2 minutes"},"schema":{"@context":"https:\/\/schema.org","@graph":[{"@type":"WebPage","@id":"https:\/\/mediatrade.fi\/en\/product\/cr-n100bk-2\/","url":"https:\/\/mediatrade.fi\/en\/product\/cr-n100bk-2\/","name":"CR-N100(BK) - Mediatrade","isPartOf":{"@id":"https:\/\/mediatrade.fi\/en\/#website"},"primaryImageOfPage":{"@id":"https:\/\/mediatrade.fi\/en\/product\/cr-n100bk-2\/#primaryimage"},"image":{"@id":"https:\/\/mediatrade.fi\/en\/product\/cr-n100bk-2\/#primaryimage"},"thumbnailUrl":"https:\/\/mediatrade.fi\/wp-content\/uploads\/2023\/09\/cr-n100-bk_gallery_04_c5fbc6fc094d455fbb38d33063ff3312.webp","datePublished":"2025-01-21T15:40:55+00:00","dateModified":"2026-03-18T06:45:10+00:00","description":"Koe 1\/2,3-tyypin 4K-kennon joustavuus sek\u00e4 DIGIC DV6 -prosessori, hybridiautomaattitarkennus ja kuvanvakaimella varustettu 20-kertainen optinen zoomaus. Koska kamera on yhteensopiva automaattisen seurannan sovelluksen1\u00a0kanssa ja siin\u00e4 on IP-striimaus ja -ohjausprotokollat, se tarjoaa saumattoman integroinnin yrityksille, koulutukseen, seurakunnille ja tapahtuma-alalle.","breadcrumb":{"@id":"https:\/\/mediatrade.fi\/en\/product\/cr-n100bk-2\/#breadcrumb"},"inLanguage":"en-US","potentialAction":[{"@type":"ReadAction","target":["https:\/\/mediatrade.fi\/en\/product\/cr-n100bk-2\/"]}]},{"@type":"ImageObject","inLanguage":"en-US","@id":"https:\/\/mediatrade.fi\/en\/product\/cr-n100bk-2\/#primaryimage","url":"https:\/\/mediatrade.fi\/wp-content\/uploads\/2023\/09\/cr-n100-bk_gallery_04_c5fbc6fc094d455fbb38d33063ff3312.webp","contentUrl":"https:\/\/mediatrade.fi\/wp-content\/uploads\/2023\/09\/cr-n100-bk_gallery_04_c5fbc6fc094d455fbb38d33063ff3312.webp","width":552,"height":552},{"@type":"BreadcrumbList","@id":"https:\/\/mediatrade.fi\/en\/product\/cr-n100bk-2\/#breadcrumb","itemListElement":[{"@type":"ListItem","position":1,"name":"Front Page","item":"https:\/\/mediatrade.fi\/en\/"},{"@type":"ListItem","position":2,"name":"Shop","item":"https:\/\/mediatrade.fi\/en\/shop\/"},{"@type":"ListItem","position":3,"name":"CR-N100(BK)"}]},{"@type":"WebSite","@id":"https:\/\/mediatrade.fi\/en\/#website","url":"https:\/\/mediatrade.fi\/en\/","name":"Mediatrade","description":"","publisher":{"@id":"https:\/\/mediatrade.fi\/en\/#organization"},"potentialAction":[{"@type":"SearchAction","target":{"@type":"EntryPoint","urlTemplate":"https:\/\/mediatrade.fi\/en\/?s={search_term_string}"},"query-input":{"@type":"PropertyValueSpecification","valueRequired":true,"valueName":"search_term_string"}}],"inLanguage":"en-US"},{"@type":"Organization","@id":"https:\/\/mediatrade.fi\/en\/#organization","name":"Mediatrade","url":"https:\/\/mediatrade.fi\/en\/","logo":{"@type":"ImageObject","inLanguage":"en-US","@id":"https:\/\/mediatrade.fi\/en\/#\/schema\/logo\/image\/","url":"https:\/\/mediatrade.fi\/wp-content\/uploads\/2022\/04\/Group-640.svg","contentUrl":"https:\/\/mediatrade.fi\/wp-content\/uploads\/2022\/04\/Group-640.svg","width":128,"height":43,"caption":"Mediatrade"},"image":{"@id":"https:\/\/mediatrade.fi\/en\/#\/schema\/logo\/image\/"}}]}},"_links":{"self":[{"href":"https:\/\/mediatrade.fi\/en\/wp-json\/wp\/v2\/product\/382000","targetHints":{"allow":["GET"]}}],"collection":[{"href":"https:\/\/mediatrade.fi\/en\/wp-json\/wp\/v2\/product"}],"about":[{"href":"https:\/\/mediatrade.fi\/en\/wp-json\/wp\/v2\/types\/product"}],"wp:featuredmedia":[{"embeddable":true,"href":"https:\/\/mediatrade.fi\/en\/wp-json\/wp\/v2\/media\/432880"}],"wp:attachment":[{"href":"https:\/\/mediatrade.fi\/en\/wp-json\/wp\/v2\/media?parent=382000"}],"wp:term":[{"taxonomy":"product_brand","embeddable":true,"href":"https:\/\/mediatrade.fi\/en\/wp-json\/wp\/v2\/product_brand?post=382000"},{"taxonomy":"product_cat","embeddable":true,"href":"https:\/\/mediatrade.fi\/en\/wp-json\/wp\/v2\/product_cat?post=382000"},{"taxonomy":"product_tag","embeddable":true,"href":"https:\/\/mediatrade.fi\/en\/wp-json\/wp\/v2\/product_tag?post=382000"},{"taxonomy":"brands","embeddable":true,"href":"https:\/\/mediatrade.fi\/en\/wp-json\/wp\/v2\/brands?post=382000"},{"taxonomy":"id_product_type","embeddable":true,"href":"https:\/\/mediatrade.fi\/en\/wp-json\/wp\/v2\/id_product_type?post=382000"}],"curies":[{"name":"wp","href":"https:\/\/api.w.org\/{rel}","templated":true}]}}