{"id":382194,"date":"2023-07-10T14:08:46","date_gmt":"2023-07-10T11:08:46","guid":{"rendered":"https:\/\/mediatrade.fi\/tuote\/eng-breakaway-assembly-664\/"},"modified":"2026-01-23T12:20:43","modified_gmt":"2026-01-23T10:20:43","slug":"eng-breakaway-assembly-664","status":"publish","type":"product","link":"https:\/\/mediatrade.fi\/en\/product\/eng-breakaway-assembly-664\/","title":{"rendered":"ENG Breakaway assembly 664"},"content":{"rendered":"\n<section class=\"block block-woocommerce-product-description container-fluid container-fluid \">\n    <div class=\"container\">\n        <div class=\"row\">\n            <div class=\"col-12 col-md-6 order-2 order-md-1 attachments-col\">\n                                            <\/div>\n\n            <div class=\"col-12 col-md-5 offset-md-1 order-1 order-md-2\">\n                <main class=\"entry-content\">\n                    \n\n<h2 class=\"wp-block-heading\">Tuotetiedot<\/h2>\n\n\n\n<p><strong>The ENG Breakaway Assembly CABETASD664 with timecode for Sound Devices 664<\/strong> includes a <strong>dedicated 5-pin Lemo M to BNC RA plug for timecode to camera<\/strong>, with mono return. The <strong>cable length is 6.1 meters (20ft)<\/strong>.<\/p>\n\n\n\n<p>The cable connects to the recorder with a 10-pin Hirose connector and transmits a pair of balanced audio outputs to a camera using two XLR connectors. The dedicated 5-pin LEMO to BNC line is used to transmit timecode from a Sound Devices 664 recorder to a camera.<\/p>\n\n\n\n<p>The CABETASD664 features a stereo return for sending the camera&#8217;s headphone output to the 664, as well as for sending the 664&#8217;s headphone output to the camera operator&#8217;s headphones, providing easy and safe monitoring of the audio signal right at the output.<\/p>\n\n\n\n<p>The package includes a carabiner to help wrap the extra cable easier, and to attach the cable to a belt or equipment on set.<\/p>\n\n\n\n<p>Product intended for professional use only. Warranty unavailable.<\/p>\n\n\n\n<p>Tuote tarkoitettu vain ammattik\u00e4ytt\u00f6\u00f6n. Ei takuuta.<\/p>\n\n\n\n<h3 class=\"wp-block-heading\">Ominaisuudet<\/h3>\n\n\n\n<ul class=\"wp-block-list\">\n<li>Breakaway Assembly for Sound Devices 664<\/li>\n\n\n\n<li>Send 664 L\/R Audio Output to Camera<\/li>\n\n\n\n<li>Send 664 Timecode to Camera<\/li>\n\n\n\n<li>Send Camera Stereo Headphone Out to 664<\/li>\n\n\n\n<li>Camera Operator Monitors 664 Output Mix<\/li>\n\n\n\n<li>Length: 20&#8242;<\/li>\n\n\n\n<li>Attachment Carabiner<\/li>\n<\/ul>\n\n\n                <\/main>\n            <\/div>\n        <\/div>\n    <\/div>\n<\/section>\n\n\n\n    \n\n<section class=\"block woocommerce-similar-products container-fluid \">\n    \n<div class=\"partial-block-header\">\n    <div class=\"container\">\n        <div class=\"row align-items-center\">\n            <div class=\"col col-12 col-md-6 d-flex justify-content-start title-col\">\n                                <h2 class=\"block-title\">Liittyv\u00e4t tuotteet<\/h2>\n                            <\/div>\n            <div class=\"col col-12 col-md-6 d-flex justify-content-md-end cta-col\">\n                            <\/div>\n        <\/div>\n    <\/div>\n<\/div>\n    <div class=\"container\">\n                <div class=\"row card-row\">\n            <div class=\"col\">\n                \n<div class=\"swiper\">\n            <div class=\"slide\">\n            <div class=\"card product product-feature-tracking\" onclick=\"document.getElementById('card-link-69dcf4e6f279f').click();\" data-product='{\"title\":\"ENG breakaway assembly with timecode for Sound Devices 664\",\"sku\":\"OUTLET_CABETASD664\",\"price\":\"250\",\"brand_name\":\"Remote Audio Products\",\"link\":\"https:\\\/\\\/mediatrade.fi\\\/en\\\/product\\\/eng-breakaway-assembly-with-timecode-for-sound-devices-664-2\\\/\"}'>\n    <div class=\"thumbnail-wrap\">\n        <a href=\"https:\/\/mediatrade.fi\/en\/product\/eng-breakaway-assembly-with-timecode-for-sound-devices-664-2\/\" title=\"ENG breakaway assembly with timecode for Sound Devices 664\">\n            <div class=\"card-thumbnail\">\n                <img decoding=\"async\" width=\"300\" height=\"199\" src=\"https:\/\/mediatrade.fi\/wp-content\/uploads\/2024\/10\/cabetasd664_1_800-300x199.jpg\" class=\"attachment-medium size-medium wp-post-image\" alt=\"\" srcset=\"https:\/\/mediatrade.fi\/wp-content\/uploads\/2024\/10\/cabetasd664_1_800-300x199.jpg 300w, https:\/\/mediatrade.fi\/wp-content\/uploads\/2024\/10\/cabetasd664_1_800-768x509.jpg 768w, https:\/\/mediatrade.fi\/wp-content\/uploads\/2024\/10\/cabetasd664_1_800-600x398.jpg 600w, https:\/\/mediatrade.fi\/wp-content\/uploads\/2024\/10\/cabetasd664_1_800-453x300.jpg 453w, https:\/\/mediatrade.fi\/wp-content\/uploads\/2024\/10\/cabetasd664_1_800.jpg 800w\" sizes=\"300px\" \/>            <\/div>\n        <\/a>\n\n        <div class=\"product-tags\">\n            \n            \n            \n                            <div class=\"product-tag limited\">Outlet<\/div>\n                    <\/div>\n    <\/div>\n    <div class=\"card-content\">\n                <div class=\"brand\">\n            <a class=\"brand-link\" href=\"https:\/\/mediatrade.fi\/en\/tuote-osasto\/all-products\/?brands=remote-audio-products\">Remote Audio Products<\/a>\n        <\/div>\n                <h3 class=\"h3 card-title\"><a class=\"product-card-link\" id=\"card-link-69dcf4e6f279f\" href=\"https:\/\/mediatrade.fi\/en\/product\/eng-breakaway-assembly-with-timecode-for-sound-devices-664-2\/\" rel=\"bookmark\">ENG breakaway assembly with timecode for Sound Devices 664<\/a><\/h3>                    <div class=\"price\">\n                250&nbsp;&euro;<span class=\"tax\">(VAT 0%)<\/span>\n            <\/div>\n                    <\/div>\n<\/div>\n        <\/div>\n            <div class=\"slide\">\n            <div class=\"card product product-feature-tracking\" onclick=\"document.getElementById('card-link-69dcf4e6f3d12').click();\" data-product='{\"title\":\"ENG breakaway assembly 633\",\"sku\":\"CABETASD633\",\"price\":\"420\",\"brand_name\":\"Remote Audio Products\",\"link\":\"https:\\\/\\\/mediatrade.fi\\\/en\\\/product\\\/eng-breakaway-assembly-633\\\/\"}'>\n    <div class=\"thumbnail-wrap\">\n        <a href=\"https:\/\/mediatrade.fi\/en\/product\/eng-breakaway-assembly-633\/\" title=\"ENG breakaway assembly 633\">\n            <div class=\"card-thumbnail\">\n                <img decoding=\"async\" width=\"300\" height=\"300\" src=\"https:\/\/mediatrade.fi\/wp-content\/uploads\/2022\/08\/RAENG6331-300x300.jpg\" class=\"attachment-medium size-medium wp-post-image\" alt=\"\" srcset=\"https:\/\/mediatrade.fi\/wp-content\/uploads\/2022\/08\/RAENG6331-300x300.jpg 300w, https:\/\/mediatrade.fi\/wp-content\/uploads\/2022\/08\/RAENG6331-400x400.jpg 400w, https:\/\/mediatrade.fi\/wp-content\/uploads\/2022\/08\/RAENG6331-150x150.jpg 150w, https:\/\/mediatrade.fi\/wp-content\/uploads\/2022\/08\/RAENG6331.jpg 500w\" sizes=\"300px\" \/>            <\/div>\n        <\/a>\n\n        <div class=\"product-tags\">\n            \n            \n            \n                    <\/div>\n    <\/div>\n    <div class=\"card-content\">\n                <div class=\"brand\">\n            <a class=\"brand-link\" href=\"https:\/\/mediatrade.fi\/en\/tuote-osasto\/all-products\/?brands=remote-audio-products\">Remote Audio Products<\/a>\n        <\/div>\n                <h3 class=\"h3 card-title\"><a class=\"product-card-link\" id=\"card-link-69dcf4e6f3d12\" href=\"https:\/\/mediatrade.fi\/en\/product\/eng-breakaway-assembly-633\/\" rel=\"bookmark\">ENG breakaway assembly 633<\/a><\/h3>                    <div class=\"price\">\n                420&nbsp;&euro;<span class=\"tax\">(VAT 0%)<\/span>\n            <\/div>\n                    <\/div>\n<\/div>\n        <\/div>\n            <div class=\"slide\">\n            <div class=\"card product product-feature-tracking\" onclick=\"document.getElementById('card-link-69dcf4e700938').click();\" data-product='{\"title\":\"Shoulder strap ENG\\\/EFP Tripods\",\"sku\":\"AT871\\\/ENG\",\"price\":\"53\",\"brand_name\":\"Cartoni\",\"link\":\"https:\\\/\\\/mediatrade.fi\\\/en\\\/product\\\/shoulder-strap-eng-efp-tripods\\\/\"}'>\n    <div class=\"thumbnail-wrap\">\n        <a href=\"https:\/\/mediatrade.fi\/en\/product\/shoulder-strap-eng-efp-tripods\/\" title=\"Shoulder strap ENG\/EFP Tripods\">\n            <div class=\"card-thumbnail\">\n                <img decoding=\"async\" width=\"300\" height=\"300\" src=\"https:\/\/mediatrade.fi\/wp-content\/uploads\/2022\/05\/Cartoni_Accessories_AT871-ENG_ShoulderStrapENG-EFPTripods_01-300x300.jpg\" class=\"attachment-medium size-medium wp-post-image\" alt=\"\" srcset=\"https:\/\/mediatrade.fi\/wp-content\/uploads\/2022\/05\/Cartoni_Accessories_AT871-ENG_ShoulderStrapENG-EFPTripods_01-300x300.jpg 300w, https:\/\/mediatrade.fi\/wp-content\/uploads\/2022\/05\/Cartoni_Accessories_AT871-ENG_ShoulderStrapENG-EFPTripods_01-150x150.jpg 150w, https:\/\/mediatrade.fi\/wp-content\/uploads\/2022\/05\/Cartoni_Accessories_AT871-ENG_ShoulderStrapENG-EFPTripods_01-768x768.jpg 768w, https:\/\/mediatrade.fi\/wp-content\/uploads\/2022\/05\/Cartoni_Accessories_AT871-ENG_ShoulderStrapENG-EFPTripods_01-1024x1024.jpg 1024w, https:\/\/mediatrade.fi\/wp-content\/uploads\/2022\/05\/Cartoni_Accessories_AT871-ENG_ShoulderStrapENG-EFPTripods_01-400x400.jpg 400w, https:\/\/mediatrade.fi\/wp-content\/uploads\/2022\/05\/Cartoni_Accessories_AT871-ENG_ShoulderStrapENG-EFPTripods_01-600x600.jpg 600w, https:\/\/mediatrade.fi\/wp-content\/uploads\/2022\/05\/Cartoni_Accessories_AT871-ENG_ShoulderStrapENG-EFPTripods_01.jpg 1200w\" sizes=\"300px\" \/>            <\/div>\n        <\/a>\n\n        <div class=\"product-tags\">\n            \n            \n            \n                    <\/div>\n    <\/div>\n    <div class=\"card-content\">\n                <div class=\"brand\">\n            <a class=\"brand-link\" href=\"https:\/\/mediatrade.fi\/en\/tuote-osasto\/all-products\/?brands=cartoni\">Cartoni<\/a>\n        <\/div>\n                <h3 class=\"h3 card-title\"><a class=\"product-card-link\" id=\"card-link-69dcf4e700938\" href=\"https:\/\/mediatrade.fi\/en\/product\/shoulder-strap-eng-efp-tripods\/\" rel=\"bookmark\">Shoulder strap ENG\/EFP Tripods<\/a><\/h3>                    <div class=\"price\">\n                53&nbsp;&euro;<span class=\"tax\">(VAT 0%)<\/span>\n            <\/div>\n                    <\/div>\n<\/div>\n        <\/div>\n            <div class=\"slide\">\n            <div class=\"card product product-feature-tracking\" onclick=\"document.getElementById('card-link-69dcf4e7016a7').click();\" data-product='{\"title\":\"Slider Belt Clamp Assembly\",\"sku\":\"116352\",\"price\":\"18\",\"brand_name\":\"RHINO\",\"link\":\"https:\\\/\\\/mediatrade.fi\\\/en\\\/product\\\/slider-belt-clamp-assembly-2\\\/\"}'>\n    <div class=\"thumbnail-wrap\">\n        <a href=\"https:\/\/mediatrade.fi\/en\/product\/slider-belt-clamp-assembly-2\/\" title=\"Slider Belt Clamp Assembly\">\n            <div class=\"card-thumbnail\">\n                            <\/div>\n        <\/a>\n\n        <div class=\"product-tags\">\n            \n            \n            \n                    <\/div>\n    <\/div>\n    <div class=\"card-content\">\n                <div class=\"brand\">\n            <a class=\"brand-link\" href=\"https:\/\/mediatrade.fi\/en\/tuote-osasto\/all-products\/?brands=rhino\">RHINO<\/a>\n        <\/div>\n                <h3 class=\"h3 card-title\"><a class=\"product-card-link\" id=\"card-link-69dcf4e7016a7\" href=\"https:\/\/mediatrade.fi\/en\/product\/slider-belt-clamp-assembly-2\/\" rel=\"bookmark\">Slider Belt Clamp Assembly<\/a><\/h3>                    <div class=\"price\">\n                18&nbsp;&euro;<span class=\"tax\">(VAT 0%)<\/span>\n            <\/div>\n                    <\/div>\n<\/div>\n        <\/div>\n            <div class=\"slide\">\n            <div class=\"card product product-feature-tracking\" onclick=\"document.getElementById('card-link-69dcf4e7020d0').click();\" data-product='{\"title\":\"Slider Left Leg Assembly\",\"sku\":\"116349\",\"price\":\"18\",\"brand_name\":\"RHINO\",\"link\":\"https:\\\/\\\/mediatrade.fi\\\/en\\\/product\\\/slider-left-leg-assembly-2\\\/\"}'>\n    <div class=\"thumbnail-wrap\">\n        <a href=\"https:\/\/mediatrade.fi\/en\/product\/slider-left-leg-assembly-2\/\" title=\"Slider Left Leg Assembly\">\n            <div class=\"card-thumbnail\">\n                            <\/div>\n        <\/a>\n\n        <div class=\"product-tags\">\n            \n            \n            \n                    <\/div>\n    <\/div>\n    <div class=\"card-content\">\n                <div class=\"brand\">\n            <a class=\"brand-link\" href=\"https:\/\/mediatrade.fi\/en\/tuote-osasto\/all-products\/?brands=rhino\">RHINO<\/a>\n        <\/div>\n                <h3 class=\"h3 card-title\"><a class=\"product-card-link\" id=\"card-link-69dcf4e7020d0\" href=\"https:\/\/mediatrade.fi\/en\/product\/slider-left-leg-assembly-2\/\" rel=\"bookmark\">Slider Left Leg Assembly<\/a><\/h3>                    <div class=\"price\">\n                18&nbsp;&euro;<span class=\"tax\">(VAT 0%)<\/span>\n            <\/div>\n                    <\/div>\n<\/div>\n        <\/div>\n            <div class=\"slide\">\n            <div class=\"card product product-feature-tracking\" onclick=\"document.getElementById('card-link-69dcf4e702aff').click();\" data-product='{\"title\":\"Slider Right Leg Assembly\",\"sku\":\"116348\",\"price\":\"18\",\"brand_name\":\"RHINO\",\"link\":\"https:\\\/\\\/mediatrade.fi\\\/en\\\/product\\\/slider-right-leg-assembly-2\\\/\"}'>\n    <div class=\"thumbnail-wrap\">\n        <a href=\"https:\/\/mediatrade.fi\/en\/product\/slider-right-leg-assembly-2\/\" title=\"Slider Right Leg Assembly\">\n            <div class=\"card-thumbnail\">\n                            <\/div>\n        <\/a>\n\n        <div class=\"product-tags\">\n            \n            \n            \n                    <\/div>\n    <\/div>\n    <div class=\"card-content\">\n                <div class=\"brand\">\n            <a class=\"brand-link\" href=\"https:\/\/mediatrade.fi\/en\/tuote-osasto\/all-products\/?brands=rhino\">RHINO<\/a>\n        <\/div>\n                <h3 class=\"h3 card-title\"><a class=\"product-card-link\" id=\"card-link-69dcf4e702aff\" href=\"https:\/\/mediatrade.fi\/en\/product\/slider-right-leg-assembly-2\/\" rel=\"bookmark\">Slider Right Leg Assembly<\/a><\/h3>                    <div class=\"price\">\n                18&nbsp;&euro;<span class=\"tax\">(VAT 0%)<\/span>\n            <\/div>\n                    <\/div>\n<\/div>\n        <\/div>\n        <\/div>            <\/div>\n        <\/div>\n            <\/div>\n<\/section>\n","protected":false},"excerpt":{"rendered":"","protected":false},"featured_media":433295,"template":"","meta":{"_acf_changed":false,"_relevanssi_hide_post":"","_relevanssi_hide_content":"","_relevanssi_pin_for_all":"","_relevanssi_pin_keywords":"","_relevanssi_unpin_keywords":"","_relevanssi_related_keywords":"","_relevanssi_related_include_ids":"","_relevanssi_related_exclude_ids":"","_relevanssi_related_no_append":"","_relevanssi_related_not_related":"","_relevanssi_related_posts":"381522,391492,398586,392360,392361,392362","_relevanssi_noindex_reason":""},"product_brand":[],"product_cat":[2486,3487],"product_tag":[2490],"brands":[8326],"id_product_type":[],"class_list":{"0":"post-382194","1":"product","2":"type-product","3":"status-publish","4":"has-post-thumbnail","6":"product_cat-all-products","7":"product_cat-cables-en","8":"product_tag-mediatrade-en","10":"first","11":"onbackorder","12":"taxable","13":"shipping-taxable","14":"purchasable","15":"product-type-simple"},"bundled_by":[],"bundle_stock_status":"onbackorder","bundle_stock_quantity":0,"bundle_virtual":false,"bundle_layout":"","bundle_add_to_cart_form_location":"","bundle_editable_in_cart":false,"bundle_sold_individually_context":"","bundle_item_grouping":"","bundle_min_size":"","bundle_max_size":"","bundle_price":[],"bundled_items":[],"bundle_sell_ids":[],"acf":[],"yoast_head":"<!-- This site is optimized with the Yoast SEO plugin v27.1.1 - https:\/\/yoast.com\/product\/yoast-seo-wordpress\/ -->\n<title>ENG Breakaway assembly 664 - Mediatrade<\/title>\n<meta name=\"description\" content=\"The ENG Breakaway Assembly CABETASD664 with timecode for Sound Devices 664 has a dedicated 5-pin Lemo M to BNC RA plug for timecode to camera.\" \/>\n<meta name=\"robots\" content=\"index, follow, max-snippet:-1, max-image-preview:large, max-video-preview:-1\" \/>\n<link rel=\"canonical\" href=\"https:\/\/mediatrade.fi\/en\/product\/eng-breakaway-assembly-664\/\" \/>\n<meta property=\"og:locale\" content=\"en_US\" \/>\n<meta property=\"og:type\" content=\"article\" \/>\n<meta property=\"og:title\" content=\"ENG Breakaway assembly 664 - Mediatrade\" \/>\n<meta property=\"og:description\" content=\"The ENG Breakaway Assembly CABETASD664 with timecode for Sound Devices 664 has a dedicated 5-pin Lemo M to BNC RA plug for timecode to camera.\" \/>\n<meta property=\"og:url\" content=\"https:\/\/mediatrade.fi\/en\/product\/eng-breakaway-assembly-664\/\" \/>\n<meta property=\"og:site_name\" content=\"Mediatrade\" \/>\n<meta property=\"article:modified_time\" content=\"2026-01-23T10:20:43+00:00\" \/>\n<meta property=\"og:image\" content=\"https:\/\/mediatrade.fi\/wp-content\/uploads\/2023\/07\/RAENG1.jpg\" \/>\n\t<meta property=\"og:image:width\" content=\"500\" \/>\n\t<meta property=\"og:image:height\" content=\"500\" \/>\n\t<meta property=\"og:image:type\" content=\"image\/jpeg\" \/>\n<meta name=\"twitter:card\" content=\"summary_large_image\" \/>\n<meta name=\"twitter:label1\" content=\"Est. reading time\" \/>\n\t<meta name=\"twitter:data1\" content=\"2 minutes\" \/>\n<script type=\"application\/ld+json\" class=\"yoast-schema-graph\">{\"@context\":\"https:\/\/schema.org\",\"@graph\":[{\"@type\":\"WebPage\",\"@id\":\"https:\/\/mediatrade.fi\/en\/product\/eng-breakaway-assembly-664\/\",\"url\":\"https:\/\/mediatrade.fi\/en\/product\/eng-breakaway-assembly-664\/\",\"name\":\"ENG Breakaway assembly 664 - Mediatrade\",\"isPartOf\":{\"@id\":\"https:\/\/mediatrade.fi\/en\/#website\"},\"primaryImageOfPage\":{\"@id\":\"https:\/\/mediatrade.fi\/en\/product\/eng-breakaway-assembly-664\/#primaryimage\"},\"image\":{\"@id\":\"https:\/\/mediatrade.fi\/en\/product\/eng-breakaway-assembly-664\/#primaryimage\"},\"thumbnailUrl\":\"https:\/\/mediatrade.fi\/wp-content\/uploads\/2023\/07\/RAENG1.jpg\",\"datePublished\":\"2023-07-10T11:08:46+00:00\",\"dateModified\":\"2026-01-23T10:20:43+00:00\",\"description\":\"The ENG Breakaway Assembly CABETASD664 with timecode for Sound Devices 664 has a dedicated 5-pin Lemo M to BNC RA plug for timecode to camera.\",\"breadcrumb\":{\"@id\":\"https:\/\/mediatrade.fi\/en\/product\/eng-breakaway-assembly-664\/#breadcrumb\"},\"inLanguage\":\"en-US\",\"potentialAction\":[{\"@type\":\"ReadAction\",\"target\":[\"https:\/\/mediatrade.fi\/en\/product\/eng-breakaway-assembly-664\/\"]}]},{\"@type\":\"ImageObject\",\"inLanguage\":\"en-US\",\"@id\":\"https:\/\/mediatrade.fi\/en\/product\/eng-breakaway-assembly-664\/#primaryimage\",\"url\":\"https:\/\/mediatrade.fi\/wp-content\/uploads\/2023\/07\/RAENG1.jpg\",\"contentUrl\":\"https:\/\/mediatrade.fi\/wp-content\/uploads\/2023\/07\/RAENG1.jpg\",\"width\":500,\"height\":500},{\"@type\":\"BreadcrumbList\",\"@id\":\"https:\/\/mediatrade.fi\/en\/product\/eng-breakaway-assembly-664\/#breadcrumb\",\"itemListElement\":[{\"@type\":\"ListItem\",\"position\":1,\"name\":\"Front Page\",\"item\":\"https:\/\/mediatrade.fi\/en\/\"},{\"@type\":\"ListItem\",\"position\":2,\"name\":\"Shop\",\"item\":\"https:\/\/mediatrade.fi\/en\/shop\/\"},{\"@type\":\"ListItem\",\"position\":3,\"name\":\"ENG Breakaway assembly 664\"}]},{\"@type\":\"WebSite\",\"@id\":\"https:\/\/mediatrade.fi\/en\/#website\",\"url\":\"https:\/\/mediatrade.fi\/en\/\",\"name\":\"Mediatrade\",\"description\":\"\",\"publisher\":{\"@id\":\"https:\/\/mediatrade.fi\/en\/#organization\"},\"potentialAction\":[{\"@type\":\"SearchAction\",\"target\":{\"@type\":\"EntryPoint\",\"urlTemplate\":\"https:\/\/mediatrade.fi\/en\/?s={search_term_string}\"},\"query-input\":{\"@type\":\"PropertyValueSpecification\",\"valueRequired\":true,\"valueName\":\"search_term_string\"}}],\"inLanguage\":\"en-US\"},{\"@type\":\"Organization\",\"@id\":\"https:\/\/mediatrade.fi\/en\/#organization\",\"name\":\"Mediatrade\",\"url\":\"https:\/\/mediatrade.fi\/en\/\",\"logo\":{\"@type\":\"ImageObject\",\"inLanguage\":\"en-US\",\"@id\":\"https:\/\/mediatrade.fi\/en\/#\/schema\/logo\/image\/\",\"url\":\"https:\/\/mediatrade.fi\/wp-content\/uploads\/2022\/04\/Group-640.svg\",\"contentUrl\":\"https:\/\/mediatrade.fi\/wp-content\/uploads\/2022\/04\/Group-640.svg\",\"width\":128,\"height\":43,\"caption\":\"Mediatrade\"},\"image\":{\"@id\":\"https:\/\/mediatrade.fi\/en\/#\/schema\/logo\/image\/\"}}]}<\/script>\n<!-- \/ Yoast SEO plugin. -->","yoast_head_json":{"title":"ENG Breakaway assembly 664 - Mediatrade","description":"The ENG Breakaway Assembly CABETASD664 with timecode for Sound Devices 664 has a dedicated 5-pin Lemo M to BNC RA plug for timecode to camera.","robots":{"index":"index","follow":"follow","max-snippet":"max-snippet:-1","max-image-preview":"max-image-preview:large","max-video-preview":"max-video-preview:-1"},"canonical":"https:\/\/mediatrade.fi\/en\/product\/eng-breakaway-assembly-664\/","og_locale":"en_US","og_type":"article","og_title":"ENG Breakaway assembly 664 - Mediatrade","og_description":"The ENG Breakaway Assembly CABETASD664 with timecode for Sound Devices 664 has a dedicated 5-pin Lemo M to BNC RA plug for timecode to camera.","og_url":"https:\/\/mediatrade.fi\/en\/product\/eng-breakaway-assembly-664\/","og_site_name":"Mediatrade","article_modified_time":"2026-01-23T10:20:43+00:00","og_image":[{"width":500,"height":500,"url":"https:\/\/mediatrade.fi\/wp-content\/uploads\/2023\/07\/RAENG1.jpg","type":"image\/jpeg"}],"twitter_card":"summary_large_image","twitter_misc":{"Est. reading time":"2 minutes"},"schema":{"@context":"https:\/\/schema.org","@graph":[{"@type":"WebPage","@id":"https:\/\/mediatrade.fi\/en\/product\/eng-breakaway-assembly-664\/","url":"https:\/\/mediatrade.fi\/en\/product\/eng-breakaway-assembly-664\/","name":"ENG Breakaway assembly 664 - Mediatrade","isPartOf":{"@id":"https:\/\/mediatrade.fi\/en\/#website"},"primaryImageOfPage":{"@id":"https:\/\/mediatrade.fi\/en\/product\/eng-breakaway-assembly-664\/#primaryimage"},"image":{"@id":"https:\/\/mediatrade.fi\/en\/product\/eng-breakaway-assembly-664\/#primaryimage"},"thumbnailUrl":"https:\/\/mediatrade.fi\/wp-content\/uploads\/2023\/07\/RAENG1.jpg","datePublished":"2023-07-10T11:08:46+00:00","dateModified":"2026-01-23T10:20:43+00:00","description":"The ENG Breakaway Assembly CABETASD664 with timecode for Sound Devices 664 has a dedicated 5-pin Lemo M to BNC RA plug for timecode to camera.","breadcrumb":{"@id":"https:\/\/mediatrade.fi\/en\/product\/eng-breakaway-assembly-664\/#breadcrumb"},"inLanguage":"en-US","potentialAction":[{"@type":"ReadAction","target":["https:\/\/mediatrade.fi\/en\/product\/eng-breakaway-assembly-664\/"]}]},{"@type":"ImageObject","inLanguage":"en-US","@id":"https:\/\/mediatrade.fi\/en\/product\/eng-breakaway-assembly-664\/#primaryimage","url":"https:\/\/mediatrade.fi\/wp-content\/uploads\/2023\/07\/RAENG1.jpg","contentUrl":"https:\/\/mediatrade.fi\/wp-content\/uploads\/2023\/07\/RAENG1.jpg","width":500,"height":500},{"@type":"BreadcrumbList","@id":"https:\/\/mediatrade.fi\/en\/product\/eng-breakaway-assembly-664\/#breadcrumb","itemListElement":[{"@type":"ListItem","position":1,"name":"Front Page","item":"https:\/\/mediatrade.fi\/en\/"},{"@type":"ListItem","position":2,"name":"Shop","item":"https:\/\/mediatrade.fi\/en\/shop\/"},{"@type":"ListItem","position":3,"name":"ENG Breakaway assembly 664"}]},{"@type":"WebSite","@id":"https:\/\/mediatrade.fi\/en\/#website","url":"https:\/\/mediatrade.fi\/en\/","name":"Mediatrade","description":"","publisher":{"@id":"https:\/\/mediatrade.fi\/en\/#organization"},"potentialAction":[{"@type":"SearchAction","target":{"@type":"EntryPoint","urlTemplate":"https:\/\/mediatrade.fi\/en\/?s={search_term_string}"},"query-input":{"@type":"PropertyValueSpecification","valueRequired":true,"valueName":"search_term_string"}}],"inLanguage":"en-US"},{"@type":"Organization","@id":"https:\/\/mediatrade.fi\/en\/#organization","name":"Mediatrade","url":"https:\/\/mediatrade.fi\/en\/","logo":{"@type":"ImageObject","inLanguage":"en-US","@id":"https:\/\/mediatrade.fi\/en\/#\/schema\/logo\/image\/","url":"https:\/\/mediatrade.fi\/wp-content\/uploads\/2022\/04\/Group-640.svg","contentUrl":"https:\/\/mediatrade.fi\/wp-content\/uploads\/2022\/04\/Group-640.svg","width":128,"height":43,"caption":"Mediatrade"},"image":{"@id":"https:\/\/mediatrade.fi\/en\/#\/schema\/logo\/image\/"}}]}},"_links":{"self":[{"href":"https:\/\/mediatrade.fi\/en\/wp-json\/wp\/v2\/product\/382194","targetHints":{"allow":["GET"]}}],"collection":[{"href":"https:\/\/mediatrade.fi\/en\/wp-json\/wp\/v2\/product"}],"about":[{"href":"https:\/\/mediatrade.fi\/en\/wp-json\/wp\/v2\/types\/product"}],"wp:featuredmedia":[{"embeddable":true,"href":"https:\/\/mediatrade.fi\/en\/wp-json\/wp\/v2\/media\/433295"}],"wp:attachment":[{"href":"https:\/\/mediatrade.fi\/en\/wp-json\/wp\/v2\/media?parent=382194"}],"wp:term":[{"taxonomy":"product_brand","embeddable":true,"href":"https:\/\/mediatrade.fi\/en\/wp-json\/wp\/v2\/product_brand?post=382194"},{"taxonomy":"product_cat","embeddable":true,"href":"https:\/\/mediatrade.fi\/en\/wp-json\/wp\/v2\/product_cat?post=382194"},{"taxonomy":"product_tag","embeddable":true,"href":"https:\/\/mediatrade.fi\/en\/wp-json\/wp\/v2\/product_tag?post=382194"},{"taxonomy":"brands","embeddable":true,"href":"https:\/\/mediatrade.fi\/en\/wp-json\/wp\/v2\/brands?post=382194"},{"taxonomy":"id_product_type","embeddable":true,"href":"https:\/\/mediatrade.fi\/en\/wp-json\/wp\/v2\/id_product_type?post=382194"}],"curies":[{"name":"wp","href":"https:\/\/api.w.org\/{rel}","templated":true}]}}