{"id":382308,"date":"2023-06-08T19:00:11","date_gmt":"2025-01-21T15:46:52","guid":{"rendered":"https:\/\/mediatrade.fi\/tuote\/atem-4-m-e-constellation-4k-2\/"},"modified":"2026-02-16T11:05:48","modified_gmt":"2026-02-16T09:05:48","slug":"atem-4-m-e-constellation-4k-2","status":"publish","type":"product","link":"https:\/\/mediatrade.fi\/en\/product\/atem-4-m-e-constellation-4k-2\/","title":{"rendered":"ATEM 4 M\/E Constellation 4K"},"content":{"rendered":"\n<section class=\"block block-woocommerce-product-description container-fluid container-fluid \">\n    <div class=\"container\">\n        <div class=\"row\">\n            <div class=\"col-12 col-md-6 order-2 order-md-1 attachments-col\">\n                                            <\/div>\n\n            <div class=\"col-12 col-md-5 offset-md-1 order-1 order-md-2\">\n                <main class=\"entry-content\">\n                    \n\n<h2 class=\"wp-block-heading\">Tuotetiedot<\/h2>\n\n\n\n<p><strong>Atem 4 M\/E Constellation 4K <\/strong>live mikseri tarjoaa valtavasti mahdollisuuksia niin <strong>kuvas\u00e4\u00e4d\u00f6n<\/strong> kuin <strong>audionkin<\/strong> maailmassa ja on liitett\u00e4viss\u00e4 hyvinkin laajaan valikoimaan kameroita. T\u00e4m\u00e4 <strong>Ultra HD<\/strong> live mikseri sis\u00e4lt\u00e4\u00e4 40kpl standardia <strong>12G-SDI<\/strong> sis\u00e4\u00e4ntuloa, 24kpl <strong>12G-SDI AUX<\/strong> ulostuloa, <strong>4 DVE<\/strong> (Digital Video Effect) s\u00e4\u00e4t\u00f6\u00e4, <strong>16kpl ATEMin Advanced Kromakeyeri\u00e4<\/strong>, 4 mediaplayeri\u00e4, 4 erillist\u00e4 <strong>Ultra HD monikuvajakajaa<\/strong>, ja 2 kappaletta  <strong>SuperSource prosessoria<\/strong>. <\/p>\n\n\n\n<p>Kaiken t\u00e4m\u00e4n lis\u00e4ksi t\u00e4st\u00e4 mikserist\u00e4 l\u00f6ytyy sis\u00e4\u00e4nrakennettu talkback j\u00e4rjestelm\u00e4, sek\u00e4 <strong>156 kanavan professional Fairlight audio<\/strong> mikseri EQ s\u00e4\u00e4timell\u00e4 ja dynamiikoilla!<\/p>\n\n\n\n<p>Laitteen hyv\u00e4n viilennysj\u00e4rjestelm\u00e4n ansiosta mikseri on my\u00f6skin hyvin hiljainen kaikesta tehostaan huolimatta. <\/p>\n\n\n\n<h3 class=\"wp-block-heading\">Ominaisuudet<\/h3>\n\n\n\n<ul class=\"wp-block-list\">\n<li>Liit\u00e4nn\u00e4t\n<ul class=\"wp-block-list\">\n<li>40 Video sis\u00e4\u00e4ntuloa<\/li>\n\n\n\n<li>28 Video ulostuloa<\/li>\n\n\n\n<li>24 Audio ulostuloa<\/li>\n\n\n\n<li>1.5G, 3G, 6G, 12G SDI Rate<\/li>\n<\/ul>\n<\/li>\n\n\n\n<li>Audio Sis\u00e4\u00e4ntulot\n<ul class=\"wp-block-list\">\n<li>2x Balanced 1\/4&#8243; liittimi\u00e4<\/li>\n\n\n\n<li>1&#215;32 Stereo Channel BNC MADI in<\/li>\n\n\n\n<li>1&#215;5 pin XLR Talkback<\/li>\n<\/ul>\n<\/li>\n\n\n\n<li>Audio Ulostulot\n<ul class=\"wp-block-list\">\n<li>2x Balanced 1\/4&#8243; liittimi\u00e4<\/li>\n\n\n\n<li>2&#215;32 Stereo Channel BNC MADI out<\/li>\n\n\n\n<li>1&#215;5 pin XLR Talkback<\/li>\n<\/ul>\n<\/li>\n\n\n\n<li>Referenssi sis\u00e4\u00e4ntulot Tri-sync tai Black Burst<\/li>\n\n\n\n<li>Video re-sync kaikissa 40 sis\u00e4\u00e4ntulossa<\/li>\n\n\n\n<li>Framerate ja formaatti convertterit kaikissa 40 sis\u00e4\u00e4ntulossa<\/li>\n\n\n\n<li>SDI-video sis\u00e4\u00e4ntulot 40x 10-bit 720p, 1080i, 1080p, 2160p<\/li>\n\n\n\n<li>SDI-video ulostulot 28x 10-bit 720p, 1080p, 1080i, 2160p<\/li>\n\n\n\n<li>Kaikissa SDI audio sis\u00e4\u00e4ntuloissa sek\u00e4 ulostuloissa 2Ch upotettu audio<\/li>\n\n\n\n<li>Extra audio sis\u00e4\u00e4n- ja ulostulot 1&#215;5 pin XLR Talkback<\/li>\n\n\n\n<li>Kaikki 24 SDI liit\u00e4nt\u00e4\u00e4 toimivat sovelluksien ulostuloina<\/li>\n\n\n\n<li>SDI Multiview ulostuloja 4<\/li>\n\n\n\n<li>Webcam ulostulona 1x USB-C 720p tai 1080p PGM frame rate<\/li>\n<\/ul>\n\n\n                <\/main>\n            <\/div>\n        <\/div>\n    <\/div>\n<\/section>\n\n\n\n    \n\n\n\n<section class=\"block block-profile-listing container-fluid \">\n    <div class=\"container\">\n        <div class=\"row\">\n            <main class=\"entry-content col-12\">\n                \n\n<h2 class=\"wp-block-heading\">Asiantuntijamme<\/h2>\n\n\n            <\/main>\n                        <div class=\"col-12 col-lg-6\">\n                <div class=\"person-wrapper\">\n                    <div class=\"image-wrapper\">\n                        <img decoding=\"async\" width=\"576\" height=\"1024\" src=\"https:\/\/mediatrade.fi\/wp-content\/uploads\/2022\/04\/Lauri_Virkki-576x1024-1.jpg\" class=\"attachment-post-thumbnail size-post-thumbnail wp-post-image\" alt=\"\" srcset=\"https:\/\/mediatrade.fi\/wp-content\/uploads\/2022\/04\/Lauri_Virkki-576x1024-1.jpg 576w, https:\/\/mediatrade.fi\/wp-content\/uploads\/2022\/04\/Lauri_Virkki-576x1024-1-169x300.jpg 169w\" sizes=\"(max-width: 575px) 100vw, (max-width: 767px) 570, (max-width: 991px) 830, (max-width: 1199px) 930, 994px\" \/>                    <\/div>\n                    <div class=\"content-wrapper\">\n                        <h4 class=\"name\">Lauri Virkki<\/h4>\n                        <p class=\"title\">Project Manager<\/p>\n                        <p class=\"summary\">I manage Mediatrade&#8217;s projects and handle system design. I\u2019m well-versed in production technology challenges, tools, and workflows.<\/p>\n                                                <span class=\"knowledge-title\">Area of expertise<\/span>\n                        <p class=\"knowledge\">Cinematography, program production, IP technologies<\/p>\n                                                <p class=\"phone\">+358201557720<\/p>\n                        <p class=\"email\"> lauri.virkki@mediatrade.fi<\/p>\n                    <\/div>\n                <\/div>\n            <\/div>\n                        <div class=\"col-12 col-lg-6\">\n                <div class=\"person-wrapper\">\n                    <div class=\"image-wrapper\">\n                        <img decoding=\"async\" width=\"576\" height=\"1024\" src=\"https:\/\/mediatrade.fi\/wp-content\/uploads\/2022\/03\/Mikko_Leino-576x1024-1.jpg\" class=\"attachment-post-thumbnail size-post-thumbnail wp-post-image\" alt=\"\" srcset=\"https:\/\/mediatrade.fi\/wp-content\/uploads\/2022\/03\/Mikko_Leino-576x1024-1.jpg 576w, https:\/\/mediatrade.fi\/wp-content\/uploads\/2022\/03\/Mikko_Leino-576x1024-1-169x300.jpg 169w\" sizes=\"(max-width: 575px) 100vw, (max-width: 767px) 570, (max-width: 991px) 830, (max-width: 1199px) 930, 994px\" \/>                    <\/div>\n                    <div class=\"content-wrapper\">\n                        <h4 class=\"name\">Mikko Leino<\/h4>\n                        <p class=\"title\">System Specialist<\/p>\n                        <p class=\"summary\">I\u2019m responsible for traditional video production equipment and tools, as well as streaming and web production solutions.<\/p>\n                                                <span class=\"knowledge-title\">Area of expertise<\/span>\n                        <p class=\"knowledge\">Cinematography, Audio, Program Production, Streaming<\/p>\n                                                <p class=\"phone\">+358201557732<\/p>\n                        <p class=\"email\">mikko.leino@mediatrade.fi<\/p>\n                    <\/div>\n                <\/div>\n            <\/div>\n                                <\/div>\n    <\/div>\n<\/section>\n","protected":false},"excerpt":{"rendered":"","protected":false},"featured_media":433497,"template":"","meta":{"_acf_changed":false,"_relevanssi_hide_post":"","_relevanssi_hide_content":"","_relevanssi_pin_for_all":"","_relevanssi_pin_keywords":"","_relevanssi_unpin_keywords":"","_relevanssi_related_keywords":"","_relevanssi_related_include_ids":"","_relevanssi_related_exclude_ids":"","_relevanssi_related_no_append":"","_relevanssi_related_not_related":"","_relevanssi_related_posts":"","_relevanssi_noindex_reason":""},"product_brand":[],"product_cat":[3494,2486,3476,2486,3476,3495,3495,3494,3482,3491,3482,3491],"product_tag":[6253,809,560,6254,2490,2490,4285],"brands":[708],"id_product_type":[],"class_list":{"0":"post-382308","1":"product","2":"type-product","3":"status-publish","4":"has-post-thumbnail","6":"product_cat-recording-devices-equipment","7":"product_cat-all-products","8":"product_cat-cameras-and-equipment","11":"product_cat-mixers","14":"product_cat-streaming","15":"product_cat-streaming-en","18":"product_tag-4k-mikseri","19":"product_tag-atem","20":"product_tag-blackmagic-design","21":"product_tag-live-mikseri","22":"product_tag-mediatrade-en","24":"product_tag-mikseri","26":"first","27":"onbackorder","28":"taxable","29":"shipping-taxable","30":"purchasable","31":"product-type-simple"},"bundled_by":[],"bundle_stock_status":"onbackorder","bundle_stock_quantity":0,"bundle_virtual":false,"bundle_layout":"","bundle_add_to_cart_form_location":"","bundle_editable_in_cart":false,"bundle_sold_individually_context":"","bundle_item_grouping":"","bundle_min_size":"","bundle_max_size":"","bundle_price":[],"bundled_items":[],"bundle_sell_ids":[],"acf":[],"yoast_head":"<!-- This site is optimized with the Yoast SEO plugin v27.1.1 - https:\/\/yoast.com\/product\/yoast-seo-wordpress\/ -->\n<title>ATEM 4 M\/E Constellation 4K - Mediatrade<\/title>\n<meta name=\"description\" content=\"Atem 4 M\/E Constellation 4K live mikseri tarjoaa valtavasti mahdollisuuksia ja tehoa niin kuvas\u00e4\u00e4d\u00f6n kuin audionkin tuotannon maailmassa\" \/>\n<meta name=\"robots\" content=\"index, follow, max-snippet:-1, max-image-preview:large, max-video-preview:-1\" \/>\n<link rel=\"canonical\" href=\"https:\/\/mediatrade.fi\/en\/product\/atem-4-m-e-constellation-4k-2\/\" \/>\n<meta property=\"og:locale\" content=\"en_US\" \/>\n<meta property=\"og:type\" content=\"article\" \/>\n<meta property=\"og:title\" content=\"ATEM 4 M\/E Constellation 4K - Mediatrade\" \/>\n<meta property=\"og:description\" content=\"Atem 4 M\/E Constellation 4K live mikseri tarjoaa valtavasti mahdollisuuksia ja tehoa niin kuvas\u00e4\u00e4d\u00f6n kuin audionkin tuotannon maailmassa\" \/>\n<meta property=\"og:url\" content=\"https:\/\/mediatrade.fi\/en\/product\/atem-4-m-e-constellation-4k-2\/\" \/>\n<meta property=\"og:site_name\" content=\"Mediatrade\" \/>\n<meta property=\"article:modified_time\" content=\"2026-02-16T09:05:48+00:00\" \/>\n<meta property=\"og:image\" content=\"https:\/\/mediatrade.fi\/wp-content\/uploads\/2023\/05\/ATEM-4ME-Constellation-4K-Angle-1024x410.png\" \/>\n\t<meta property=\"og:image:width\" content=\"1024\" \/>\n\t<meta property=\"og:image:height\" content=\"410\" \/>\n\t<meta property=\"og:image:type\" content=\"image\/png\" \/>\n<meta name=\"twitter:card\" content=\"summary_large_image\" \/>\n<meta name=\"twitter:label1\" content=\"Est. reading time\" \/>\n\t<meta name=\"twitter:data1\" content=\"2 minutes\" \/>\n<script type=\"application\/ld+json\" class=\"yoast-schema-graph\">{\"@context\":\"https:\/\/schema.org\",\"@graph\":[{\"@type\":\"WebPage\",\"@id\":\"https:\/\/mediatrade.fi\/en\/product\/atem-4-m-e-constellation-4k-2\/\",\"url\":\"https:\/\/mediatrade.fi\/en\/product\/atem-4-m-e-constellation-4k-2\/\",\"name\":\"ATEM 4 M\/E Constellation 4K - Mediatrade\",\"isPartOf\":{\"@id\":\"https:\/\/mediatrade.fi\/en\/#website\"},\"primaryImageOfPage\":{\"@id\":\"https:\/\/mediatrade.fi\/en\/product\/atem-4-m-e-constellation-4k-2\/#primaryimage\"},\"image\":{\"@id\":\"https:\/\/mediatrade.fi\/en\/product\/atem-4-m-e-constellation-4k-2\/#primaryimage\"},\"thumbnailUrl\":\"https:\/\/mediatrade.fi\/wp-content\/uploads\/2023\/05\/ATEM-4ME-Constellation-4K-Angle.png\",\"datePublished\":\"2025-01-21T15:46:52+00:00\",\"dateModified\":\"2026-02-16T09:05:48+00:00\",\"description\":\"Atem 4 M\/E Constellation 4K live mikseri tarjoaa valtavasti mahdollisuuksia ja tehoa niin kuvas\u00e4\u00e4d\u00f6n kuin audionkin tuotannon maailmassa\",\"breadcrumb\":{\"@id\":\"https:\/\/mediatrade.fi\/en\/product\/atem-4-m-e-constellation-4k-2\/#breadcrumb\"},\"inLanguage\":\"en-US\",\"potentialAction\":[{\"@type\":\"ReadAction\",\"target\":[\"https:\/\/mediatrade.fi\/en\/product\/atem-4-m-e-constellation-4k-2\/\"]}]},{\"@type\":\"ImageObject\",\"inLanguage\":\"en-US\",\"@id\":\"https:\/\/mediatrade.fi\/en\/product\/atem-4-m-e-constellation-4k-2\/#primaryimage\",\"url\":\"https:\/\/mediatrade.fi\/wp-content\/uploads\/2023\/05\/ATEM-4ME-Constellation-4K-Angle.png\",\"contentUrl\":\"https:\/\/mediatrade.fi\/wp-content\/uploads\/2023\/05\/ATEM-4ME-Constellation-4K-Angle.png\",\"width\":7500,\"height\":3000},{\"@type\":\"BreadcrumbList\",\"@id\":\"https:\/\/mediatrade.fi\/en\/product\/atem-4-m-e-constellation-4k-2\/#breadcrumb\",\"itemListElement\":[{\"@type\":\"ListItem\",\"position\":1,\"name\":\"Front Page\",\"item\":\"https:\/\/mediatrade.fi\/en\/\"},{\"@type\":\"ListItem\",\"position\":2,\"name\":\"Shop\",\"item\":\"https:\/\/mediatrade.fi\/en\/shop\/\"},{\"@type\":\"ListItem\",\"position\":3,\"name\":\"ATEM 4 M\/E Constellation 4K\"}]},{\"@type\":\"WebSite\",\"@id\":\"https:\/\/mediatrade.fi\/en\/#website\",\"url\":\"https:\/\/mediatrade.fi\/en\/\",\"name\":\"Mediatrade\",\"description\":\"\",\"publisher\":{\"@id\":\"https:\/\/mediatrade.fi\/en\/#organization\"},\"potentialAction\":[{\"@type\":\"SearchAction\",\"target\":{\"@type\":\"EntryPoint\",\"urlTemplate\":\"https:\/\/mediatrade.fi\/en\/?s={search_term_string}\"},\"query-input\":{\"@type\":\"PropertyValueSpecification\",\"valueRequired\":true,\"valueName\":\"search_term_string\"}}],\"inLanguage\":\"en-US\"},{\"@type\":\"Organization\",\"@id\":\"https:\/\/mediatrade.fi\/en\/#organization\",\"name\":\"Mediatrade\",\"url\":\"https:\/\/mediatrade.fi\/en\/\",\"logo\":{\"@type\":\"ImageObject\",\"inLanguage\":\"en-US\",\"@id\":\"https:\/\/mediatrade.fi\/en\/#\/schema\/logo\/image\/\",\"url\":\"https:\/\/mediatrade.fi\/wp-content\/uploads\/2022\/04\/Group-640.svg\",\"contentUrl\":\"https:\/\/mediatrade.fi\/wp-content\/uploads\/2022\/04\/Group-640.svg\",\"width\":128,\"height\":43,\"caption\":\"Mediatrade\"},\"image\":{\"@id\":\"https:\/\/mediatrade.fi\/en\/#\/schema\/logo\/image\/\"}}]}<\/script>\n<!-- \/ Yoast SEO plugin. -->","yoast_head_json":{"title":"ATEM 4 M\/E Constellation 4K - Mediatrade","description":"Atem 4 M\/E Constellation 4K live mikseri tarjoaa valtavasti mahdollisuuksia ja tehoa niin kuvas\u00e4\u00e4d\u00f6n kuin audionkin tuotannon maailmassa","robots":{"index":"index","follow":"follow","max-snippet":"max-snippet:-1","max-image-preview":"max-image-preview:large","max-video-preview":"max-video-preview:-1"},"canonical":"https:\/\/mediatrade.fi\/en\/product\/atem-4-m-e-constellation-4k-2\/","og_locale":"en_US","og_type":"article","og_title":"ATEM 4 M\/E Constellation 4K - Mediatrade","og_description":"Atem 4 M\/E Constellation 4K live mikseri tarjoaa valtavasti mahdollisuuksia ja tehoa niin kuvas\u00e4\u00e4d\u00f6n kuin audionkin tuotannon maailmassa","og_url":"https:\/\/mediatrade.fi\/en\/product\/atem-4-m-e-constellation-4k-2\/","og_site_name":"Mediatrade","article_modified_time":"2026-02-16T09:05:48+00:00","og_image":[{"width":1024,"height":410,"url":"https:\/\/mediatrade.fi\/wp-content\/uploads\/2023\/05\/ATEM-4ME-Constellation-4K-Angle-1024x410.png","type":"image\/png"}],"twitter_card":"summary_large_image","twitter_misc":{"Est. reading time":"2 minutes"},"schema":{"@context":"https:\/\/schema.org","@graph":[{"@type":"WebPage","@id":"https:\/\/mediatrade.fi\/en\/product\/atem-4-m-e-constellation-4k-2\/","url":"https:\/\/mediatrade.fi\/en\/product\/atem-4-m-e-constellation-4k-2\/","name":"ATEM 4 M\/E Constellation 4K - Mediatrade","isPartOf":{"@id":"https:\/\/mediatrade.fi\/en\/#website"},"primaryImageOfPage":{"@id":"https:\/\/mediatrade.fi\/en\/product\/atem-4-m-e-constellation-4k-2\/#primaryimage"},"image":{"@id":"https:\/\/mediatrade.fi\/en\/product\/atem-4-m-e-constellation-4k-2\/#primaryimage"},"thumbnailUrl":"https:\/\/mediatrade.fi\/wp-content\/uploads\/2023\/05\/ATEM-4ME-Constellation-4K-Angle.png","datePublished":"2025-01-21T15:46:52+00:00","dateModified":"2026-02-16T09:05:48+00:00","description":"Atem 4 M\/E Constellation 4K live mikseri tarjoaa valtavasti mahdollisuuksia ja tehoa niin kuvas\u00e4\u00e4d\u00f6n kuin audionkin tuotannon maailmassa","breadcrumb":{"@id":"https:\/\/mediatrade.fi\/en\/product\/atem-4-m-e-constellation-4k-2\/#breadcrumb"},"inLanguage":"en-US","potentialAction":[{"@type":"ReadAction","target":["https:\/\/mediatrade.fi\/en\/product\/atem-4-m-e-constellation-4k-2\/"]}]},{"@type":"ImageObject","inLanguage":"en-US","@id":"https:\/\/mediatrade.fi\/en\/product\/atem-4-m-e-constellation-4k-2\/#primaryimage","url":"https:\/\/mediatrade.fi\/wp-content\/uploads\/2023\/05\/ATEM-4ME-Constellation-4K-Angle.png","contentUrl":"https:\/\/mediatrade.fi\/wp-content\/uploads\/2023\/05\/ATEM-4ME-Constellation-4K-Angle.png","width":7500,"height":3000},{"@type":"BreadcrumbList","@id":"https:\/\/mediatrade.fi\/en\/product\/atem-4-m-e-constellation-4k-2\/#breadcrumb","itemListElement":[{"@type":"ListItem","position":1,"name":"Front Page","item":"https:\/\/mediatrade.fi\/en\/"},{"@type":"ListItem","position":2,"name":"Shop","item":"https:\/\/mediatrade.fi\/en\/shop\/"},{"@type":"ListItem","position":3,"name":"ATEM 4 M\/E Constellation 4K"}]},{"@type":"WebSite","@id":"https:\/\/mediatrade.fi\/en\/#website","url":"https:\/\/mediatrade.fi\/en\/","name":"Mediatrade","description":"","publisher":{"@id":"https:\/\/mediatrade.fi\/en\/#organization"},"potentialAction":[{"@type":"SearchAction","target":{"@type":"EntryPoint","urlTemplate":"https:\/\/mediatrade.fi\/en\/?s={search_term_string}"},"query-input":{"@type":"PropertyValueSpecification","valueRequired":true,"valueName":"search_term_string"}}],"inLanguage":"en-US"},{"@type":"Organization","@id":"https:\/\/mediatrade.fi\/en\/#organization","name":"Mediatrade","url":"https:\/\/mediatrade.fi\/en\/","logo":{"@type":"ImageObject","inLanguage":"en-US","@id":"https:\/\/mediatrade.fi\/en\/#\/schema\/logo\/image\/","url":"https:\/\/mediatrade.fi\/wp-content\/uploads\/2022\/04\/Group-640.svg","contentUrl":"https:\/\/mediatrade.fi\/wp-content\/uploads\/2022\/04\/Group-640.svg","width":128,"height":43,"caption":"Mediatrade"},"image":{"@id":"https:\/\/mediatrade.fi\/en\/#\/schema\/logo\/image\/"}}]}},"_links":{"self":[{"href":"https:\/\/mediatrade.fi\/en\/wp-json\/wp\/v2\/product\/382308","targetHints":{"allow":["GET"]}}],"collection":[{"href":"https:\/\/mediatrade.fi\/en\/wp-json\/wp\/v2\/product"}],"about":[{"href":"https:\/\/mediatrade.fi\/en\/wp-json\/wp\/v2\/types\/product"}],"wp:featuredmedia":[{"embeddable":true,"href":"https:\/\/mediatrade.fi\/en\/wp-json\/wp\/v2\/media\/433497"}],"wp:attachment":[{"href":"https:\/\/mediatrade.fi\/en\/wp-json\/wp\/v2\/media?parent=382308"}],"wp:term":[{"taxonomy":"product_brand","embeddable":true,"href":"https:\/\/mediatrade.fi\/en\/wp-json\/wp\/v2\/product_brand?post=382308"},{"taxonomy":"product_cat","embeddable":true,"href":"https:\/\/mediatrade.fi\/en\/wp-json\/wp\/v2\/product_cat?post=382308"},{"taxonomy":"product_tag","embeddable":true,"href":"https:\/\/mediatrade.fi\/en\/wp-json\/wp\/v2\/product_tag?post=382308"},{"taxonomy":"brands","embeddable":true,"href":"https:\/\/mediatrade.fi\/en\/wp-json\/wp\/v2\/brands?post=382308"},{"taxonomy":"id_product_type","embeddable":true,"href":"https:\/\/mediatrade.fi\/en\/wp-json\/wp\/v2\/id_product_type?post=382308"}],"curies":[{"name":"wp","href":"https:\/\/api.w.org\/{rel}","templated":true}]}}