{"id":382311,"date":"2023-06-08T18:56:14","date_gmt":"2025-01-21T15:46:54","guid":{"rendered":"https:\/\/mediatrade.fi\/tuote\/blackmagic-cloud-dock-2-2\/"},"modified":"2026-04-20T07:19:40","modified_gmt":"2026-04-20T04:19:40","slug":"blackmagic-cloud-dock-2-2","status":"publish","type":"product","link":"https:\/\/mediatrade.fi\/en\/product\/blackmagic-cloud-dock-2-2\/","title":{"rendered":"Blackmagic Cloud Dock 2"},"content":{"rendered":"\n<section class=\"block block-woocommerce-product-description container-fluid container-fluid \">\n    <div class=\"container\">\n        <div class=\"row\">\n            <div class=\"col-12 col-md-6 order-2 order-md-1 attachments-col\">\n                                            <\/div>\n\n            <div class=\"col-12 col-md-5 offset-md-1 order-1 order-md-2\">\n                <main class=\"entry-content\">\n                    \n\n<h2 class=\"wp-block-heading\">Tuotetiedot<\/h2>\n\n\n\n<p><strong>Blackmagic Desig Cloud Dock 2<\/strong> mahdollistaa sis\u00e4ll\u00f6n jakamisen kahden <strong>2.5&#8243; SSD<\/strong>:n tai <strong>HDD<\/strong>:n v\u00e4lill\u00e4 nopean <strong>10G ethernet<\/strong> verkon v\u00e4lityksell\u00e4. <\/p>\n\n\n\n<p><strong>ExFAT tai HFS+<\/strong> tiedostoj\u00e4rjestelmill\u00e4 formatoidut tiedostot on <strong>mahdollista synkronoida sek\u00e4 jakaa globaalisti k\u00e4ytt\u00e4en Dropboxia tai Google Drivea<\/strong> HDMI:n v\u00e4lityksell\u00e4, joka antaa vaihtoehdon seurata k\u00e4ytt\u00f6\u00e4 graafisilla kuvannoksilla levyjen tilasta.<\/p>\n\n\n\n<p>Cloud Dock 2 on <strong>kompakti ja kevyt<\/strong> laite helpomman kuljetuksen mahdollistamiseksi. Lis\u00e4ksi, Cloud Dock 2 on helppo ja saumaton laite integroitavaksi millaiseen televisio tai filmausymp\u00e4rist\u00f6\u00f6n tahansa. <\/p>\n\n\n\n<p> <\/p>\n\n\n\n<h3 class=\"wp-block-heading\">Ominaisuudet<\/h3>\n\n\n\n<ul class=\"wp-block-list\">\n<li>Fits Two SSDs or HDDs<\/li>\n\n\n\n<li>2 x 10G Ethernet Ports<\/li>\n\n\n\n<li>Supports Ethernet over USB-C<\/li>\n\n\n\n<li>Compatible with Dropbox &amp; Google Drive<\/li>\n\n\n\n<li>ExFAT &amp; HFS+ File Systems<\/li>\n<\/ul>\n\n\n                <\/main>\n            <\/div>\n        <\/div>\n    <\/div>\n<\/section>\n\n\n\n    \n\n\n\n<section class=\"block block-profile-listing container-fluid \">\n    <div class=\"container\">\n        <div class=\"row\">\n            <main class=\"entry-content col-12\">\n                \n\n<h2 class=\"wp-block-heading\">Asiantuntijamme<\/h2>\n\n\n            <\/main>\n                        <div class=\"col-12 col-lg-6\">\n                <div class=\"person-wrapper\">\n                    <div class=\"image-wrapper\">\n                        <img decoding=\"async\" width=\"576\" height=\"1024\" src=\"https:\/\/mediatrade.fi\/wp-content\/uploads\/2022\/04\/Sampo_Kaikkonen-576x1024-1.jpg\" class=\"attachment-post-thumbnail size-post-thumbnail wp-post-image\" alt=\"\" srcset=\"https:\/\/mediatrade.fi\/wp-content\/uploads\/2022\/04\/Sampo_Kaikkonen-576x1024-1.jpg 576w, https:\/\/mediatrade.fi\/wp-content\/uploads\/2022\/04\/Sampo_Kaikkonen-576x1024-1-169x300.jpg 169w\" sizes=\"(max-width: 575px) 100vw, (max-width: 767px) 570, (max-width: 991px) 830, (max-width: 1199px) 930, 994px\" \/>                    <\/div>\n                    <div class=\"content-wrapper\">\n                        <h4 class=\"name\">Sampo Kaikkonen<\/h4>\n                        <p class=\"title\">System Specialist<\/p>\n                        <p class=\"summary\">My role at Mediatrade primarily involves the design, sales, and technical support of post-production, media management, and storage systems.<\/p>\n                                                <span class=\"knowledge-title\">Area of expertise<\/span>\n                        <p class=\"knowledge\">Post-production, file-based workflows, storage systems, archiving<\/p>\n                                                <p class=\"phone\">+358201557728<\/p>\n                        <p class=\"email\">sampo.kaikkonen@mediatrade.fi<\/p>\n                    <\/div>\n                <\/div>\n            <\/div>\n                        <div class=\"col-12 col-lg-6\">\n                <div class=\"person-wrapper\">\n                    <div class=\"image-wrapper\">\n                        <img decoding=\"async\" width=\"576\" height=\"1024\" src=\"https:\/\/mediatrade.fi\/wp-content\/uploads\/2022\/03\/Mikko_Leino-576x1024-1.jpg\" class=\"attachment-post-thumbnail size-post-thumbnail wp-post-image\" alt=\"\" srcset=\"https:\/\/mediatrade.fi\/wp-content\/uploads\/2022\/03\/Mikko_Leino-576x1024-1.jpg 576w, https:\/\/mediatrade.fi\/wp-content\/uploads\/2022\/03\/Mikko_Leino-576x1024-1-169x300.jpg 169w\" sizes=\"(max-width: 575px) 100vw, (max-width: 767px) 570, (max-width: 991px) 830, (max-width: 1199px) 930, 994px\" \/>                    <\/div>\n                    <div class=\"content-wrapper\">\n                        <h4 class=\"name\">Mikko Leino<\/h4>\n                        <p class=\"title\">System Specialist<\/p>\n                        <p class=\"summary\">I\u2019m responsible for traditional video production equipment and tools, as well as streaming and web production solutions.<\/p>\n                                                <span class=\"knowledge-title\">Area of expertise<\/span>\n                        <p class=\"knowledge\">Cinematography, Audio, Program Production, Streaming<\/p>\n                                                <p class=\"phone\">+358201557732<\/p>\n                        <p class=\"email\">mikko.leino@mediatrade.fi<\/p>\n                    <\/div>\n                <\/div>\n            <\/div>\n                                <\/div>\n    <\/div>\n<\/section>\n","protected":false},"excerpt":{"rendered":"","protected":false},"featured_media":433505,"template":"","meta":{"_acf_changed":false,"_relevanssi_hide_post":"","_relevanssi_hide_content":"","_relevanssi_pin_for_all":"","_relevanssi_pin_keywords":"","_relevanssi_unpin_keywords":"","_relevanssi_related_keywords":"","_relevanssi_related_include_ids":"","_relevanssi_related_exclude_ids":"","_relevanssi_related_no_append":"","_relevanssi_related_not_related":"","_relevanssi_related_posts":"","_relevanssi_noindex_reason":""},"product_brand":[],"product_cat":[2486,3464,2486,3464,3480,3471,3471,3480],"product_tag":[6549,6548,6547,560,6546,6550,6551,2490,2490],"brands":[708],"id_product_type":[],"class_list":{"0":"post-382311","1":"product","2":"type-product","3":"status-publish","4":"has-post-thumbnail","6":"product_cat-all-products","7":"product_cat-post-production","10":"product_cat-recording-media","11":"product_cat-storage-en","14":"product_tag-2-5-hdd","15":"product_tag-2-5-ssd","16":"product_tag-blackmagic-cloud-dock-2","17":"product_tag-blackmagic-design","18":"product_tag-cloud-dock-2","19":"product_tag-cloud-storage","20":"product_tag-exfat-hfs","21":"product_tag-mediatrade-en","24":"first","25":"onbackorder","26":"taxable","27":"shipping-taxable","28":"purchasable","29":"product-type-simple"},"bundled_by":[],"bundle_stock_status":"onbackorder","bundle_stock_quantity":0,"bundle_virtual":false,"bundle_layout":"","bundle_add_to_cart_form_location":"","bundle_editable_in_cart":false,"bundle_sold_individually_context":"","bundle_item_grouping":"","bundle_min_size":"","bundle_max_size":"","bundle_price":[],"bundled_items":[],"bundle_sell_ids":[],"acf":[],"yoast_head":"<!-- This site is optimized with the Yoast SEO plugin v27.4 - https:\/\/yoast.com\/product\/yoast-seo-wordpress\/ -->\n<title>Blackmagic Cloud Dock 2 - Mediatrade<\/title>\n<meta name=\"description\" content=\"Blackmagic Desig Cloud Dock 2 mahdollistaa sis\u00e4ll\u00f6n jakamisen kahden 2.5&quot; SSD:n tai HDD:n v\u00e4lill\u00e4 nopean 10G ethernet verkon v\u00e4lityksell\u00e4.\" \/>\n<meta name=\"robots\" content=\"index, follow, max-snippet:-1, max-image-preview:large, max-video-preview:-1\" \/>\n<link rel=\"canonical\" href=\"https:\/\/mediatrade.fi\/en\/product\/blackmagic-cloud-dock-2-2\/\" \/>\n<meta property=\"og:locale\" content=\"en_US\" \/>\n<meta property=\"og:type\" content=\"article\" \/>\n<meta property=\"og:title\" content=\"Blackmagic Cloud Dock 2 - Mediatrade\" \/>\n<meta property=\"og:description\" content=\"Blackmagic Desig Cloud Dock 2 mahdollistaa sis\u00e4ll\u00f6n jakamisen kahden 2.5&quot; SSD:n tai HDD:n v\u00e4lill\u00e4 nopean 10G ethernet verkon v\u00e4lityksell\u00e4.\" \/>\n<meta property=\"og:url\" content=\"https:\/\/mediatrade.fi\/en\/product\/blackmagic-cloud-dock-2-2\/\" \/>\n<meta property=\"og:site_name\" content=\"Mediatrade\" \/>\n<meta property=\"article:modified_time\" content=\"2026-04-20T04:19:40+00:00\" \/>\n<meta property=\"og:image\" content=\"https:\/\/mediatrade.fi\/wp-content\/uploads\/2023\/04\/Blackmagic-Cloud-Dock-2-Angle1.png\" \/>\n\t<meta property=\"og:image:width\" content=\"3000\" \/>\n\t<meta property=\"og:image:height\" content=\"1200\" \/>\n\t<meta property=\"og:image:type\" content=\"image\/png\" \/>\n<meta name=\"twitter:card\" content=\"summary_large_image\" \/>\n<meta name=\"twitter:label1\" content=\"Est. reading time\" \/>\n\t<meta name=\"twitter:data1\" content=\"1 minute\" \/>\n<script type=\"application\/ld+json\" class=\"yoast-schema-graph\">{\"@context\":\"https:\\\/\\\/schema.org\",\"@graph\":[{\"@type\":\"WebPage\",\"@id\":\"https:\\\/\\\/mediatrade.fi\\\/en\\\/product\\\/blackmagic-cloud-dock-2-2\\\/\",\"url\":\"https:\\\/\\\/mediatrade.fi\\\/en\\\/product\\\/blackmagic-cloud-dock-2-2\\\/\",\"name\":\"Blackmagic Cloud Dock 2 - Mediatrade\",\"isPartOf\":{\"@id\":\"https:\\\/\\\/mediatrade.fi\\\/en\\\/#website\"},\"primaryImageOfPage\":{\"@id\":\"https:\\\/\\\/mediatrade.fi\\\/en\\\/product\\\/blackmagic-cloud-dock-2-2\\\/#primaryimage\"},\"image\":{\"@id\":\"https:\\\/\\\/mediatrade.fi\\\/en\\\/product\\\/blackmagic-cloud-dock-2-2\\\/#primaryimage\"},\"thumbnailUrl\":\"https:\\\/\\\/mediatrade.fi\\\/wp-content\\\/uploads\\\/2023\\\/04\\\/Blackmagic-Cloud-Dock-2-Angle1.png\",\"datePublished\":\"2025-01-21T15:46:54+00:00\",\"dateModified\":\"2026-04-20T04:19:40+00:00\",\"description\":\"Blackmagic Desig Cloud Dock 2 mahdollistaa sis\u00e4ll\u00f6n jakamisen kahden 2.5\\\" SSD:n tai HDD:n v\u00e4lill\u00e4 nopean 10G ethernet verkon v\u00e4lityksell\u00e4.\",\"breadcrumb\":{\"@id\":\"https:\\\/\\\/mediatrade.fi\\\/en\\\/product\\\/blackmagic-cloud-dock-2-2\\\/#breadcrumb\"},\"inLanguage\":\"en-US\",\"potentialAction\":[{\"@type\":\"ReadAction\",\"target\":[\"https:\\\/\\\/mediatrade.fi\\\/en\\\/product\\\/blackmagic-cloud-dock-2-2\\\/\"]}]},{\"@type\":\"ImageObject\",\"inLanguage\":\"en-US\",\"@id\":\"https:\\\/\\\/mediatrade.fi\\\/en\\\/product\\\/blackmagic-cloud-dock-2-2\\\/#primaryimage\",\"url\":\"https:\\\/\\\/mediatrade.fi\\\/wp-content\\\/uploads\\\/2023\\\/04\\\/Blackmagic-Cloud-Dock-2-Angle1.png\",\"contentUrl\":\"https:\\\/\\\/mediatrade.fi\\\/wp-content\\\/uploads\\\/2023\\\/04\\\/Blackmagic-Cloud-Dock-2-Angle1.png\",\"width\":3000,\"height\":1200},{\"@type\":\"BreadcrumbList\",\"@id\":\"https:\\\/\\\/mediatrade.fi\\\/en\\\/product\\\/blackmagic-cloud-dock-2-2\\\/#breadcrumb\",\"itemListElement\":[{\"@type\":\"ListItem\",\"position\":1,\"name\":\"Front Page\",\"item\":\"https:\\\/\\\/mediatrade.fi\\\/en\\\/\"},{\"@type\":\"ListItem\",\"position\":2,\"name\":\"Shop\",\"item\":\"https:\\\/\\\/mediatrade.fi\\\/en\\\/shop\\\/\"},{\"@type\":\"ListItem\",\"position\":3,\"name\":\"Blackmagic Cloud Dock 2\"}]},{\"@type\":\"WebSite\",\"@id\":\"https:\\\/\\\/mediatrade.fi\\\/en\\\/#website\",\"url\":\"https:\\\/\\\/mediatrade.fi\\\/en\\\/\",\"name\":\"Mediatrade\",\"description\":\"\",\"publisher\":{\"@id\":\"https:\\\/\\\/mediatrade.fi\\\/en\\\/#organization\"},\"potentialAction\":[{\"@type\":\"SearchAction\",\"target\":{\"@type\":\"EntryPoint\",\"urlTemplate\":\"https:\\\/\\\/mediatrade.fi\\\/en\\\/?s={search_term_string}\"},\"query-input\":{\"@type\":\"PropertyValueSpecification\",\"valueRequired\":true,\"valueName\":\"search_term_string\"}}],\"inLanguage\":\"en-US\"},{\"@type\":\"Organization\",\"@id\":\"https:\\\/\\\/mediatrade.fi\\\/en\\\/#organization\",\"name\":\"Mediatrade\",\"url\":\"https:\\\/\\\/mediatrade.fi\\\/en\\\/\",\"logo\":{\"@type\":\"ImageObject\",\"inLanguage\":\"en-US\",\"@id\":\"https:\\\/\\\/mediatrade.fi\\\/en\\\/#\\\/schema\\\/logo\\\/image\\\/\",\"url\":\"https:\\\/\\\/mediatrade.fi\\\/wp-content\\\/uploads\\\/2022\\\/04\\\/Group-640.svg\",\"contentUrl\":\"https:\\\/\\\/mediatrade.fi\\\/wp-content\\\/uploads\\\/2022\\\/04\\\/Group-640.svg\",\"width\":128,\"height\":43,\"caption\":\"Mediatrade\"},\"image\":{\"@id\":\"https:\\\/\\\/mediatrade.fi\\\/en\\\/#\\\/schema\\\/logo\\\/image\\\/\"}}]}<\/script>\n<!-- \/ Yoast SEO plugin. -->","yoast_head_json":{"title":"Blackmagic Cloud Dock 2 - Mediatrade","description":"Blackmagic Desig Cloud Dock 2 mahdollistaa sis\u00e4ll\u00f6n jakamisen kahden 2.5\" SSD:n tai HDD:n v\u00e4lill\u00e4 nopean 10G ethernet verkon v\u00e4lityksell\u00e4.","robots":{"index":"index","follow":"follow","max-snippet":"max-snippet:-1","max-image-preview":"max-image-preview:large","max-video-preview":"max-video-preview:-1"},"canonical":"https:\/\/mediatrade.fi\/en\/product\/blackmagic-cloud-dock-2-2\/","og_locale":"en_US","og_type":"article","og_title":"Blackmagic Cloud Dock 2 - Mediatrade","og_description":"Blackmagic Desig Cloud Dock 2 mahdollistaa sis\u00e4ll\u00f6n jakamisen kahden 2.5\" SSD:n tai HDD:n v\u00e4lill\u00e4 nopean 10G ethernet verkon v\u00e4lityksell\u00e4.","og_url":"https:\/\/mediatrade.fi\/en\/product\/blackmagic-cloud-dock-2-2\/","og_site_name":"Mediatrade","article_modified_time":"2026-04-20T04:19:40+00:00","og_image":[{"width":3000,"height":1200,"url":"https:\/\/mediatrade.fi\/wp-content\/uploads\/2023\/04\/Blackmagic-Cloud-Dock-2-Angle1.png","type":"image\/png"}],"twitter_card":"summary_large_image","twitter_misc":{"Est. reading time":"1 minute"},"schema":{"@context":"https:\/\/schema.org","@graph":[{"@type":"WebPage","@id":"https:\/\/mediatrade.fi\/en\/product\/blackmagic-cloud-dock-2-2\/","url":"https:\/\/mediatrade.fi\/en\/product\/blackmagic-cloud-dock-2-2\/","name":"Blackmagic Cloud Dock 2 - Mediatrade","isPartOf":{"@id":"https:\/\/mediatrade.fi\/en\/#website"},"primaryImageOfPage":{"@id":"https:\/\/mediatrade.fi\/en\/product\/blackmagic-cloud-dock-2-2\/#primaryimage"},"image":{"@id":"https:\/\/mediatrade.fi\/en\/product\/blackmagic-cloud-dock-2-2\/#primaryimage"},"thumbnailUrl":"https:\/\/mediatrade.fi\/wp-content\/uploads\/2023\/04\/Blackmagic-Cloud-Dock-2-Angle1.png","datePublished":"2025-01-21T15:46:54+00:00","dateModified":"2026-04-20T04:19:40+00:00","description":"Blackmagic Desig Cloud Dock 2 mahdollistaa sis\u00e4ll\u00f6n jakamisen kahden 2.5\" SSD:n tai HDD:n v\u00e4lill\u00e4 nopean 10G ethernet verkon v\u00e4lityksell\u00e4.","breadcrumb":{"@id":"https:\/\/mediatrade.fi\/en\/product\/blackmagic-cloud-dock-2-2\/#breadcrumb"},"inLanguage":"en-US","potentialAction":[{"@type":"ReadAction","target":["https:\/\/mediatrade.fi\/en\/product\/blackmagic-cloud-dock-2-2\/"]}]},{"@type":"ImageObject","inLanguage":"en-US","@id":"https:\/\/mediatrade.fi\/en\/product\/blackmagic-cloud-dock-2-2\/#primaryimage","url":"https:\/\/mediatrade.fi\/wp-content\/uploads\/2023\/04\/Blackmagic-Cloud-Dock-2-Angle1.png","contentUrl":"https:\/\/mediatrade.fi\/wp-content\/uploads\/2023\/04\/Blackmagic-Cloud-Dock-2-Angle1.png","width":3000,"height":1200},{"@type":"BreadcrumbList","@id":"https:\/\/mediatrade.fi\/en\/product\/blackmagic-cloud-dock-2-2\/#breadcrumb","itemListElement":[{"@type":"ListItem","position":1,"name":"Front Page","item":"https:\/\/mediatrade.fi\/en\/"},{"@type":"ListItem","position":2,"name":"Shop","item":"https:\/\/mediatrade.fi\/en\/shop\/"},{"@type":"ListItem","position":3,"name":"Blackmagic Cloud Dock 2"}]},{"@type":"WebSite","@id":"https:\/\/mediatrade.fi\/en\/#website","url":"https:\/\/mediatrade.fi\/en\/","name":"Mediatrade","description":"","publisher":{"@id":"https:\/\/mediatrade.fi\/en\/#organization"},"potentialAction":[{"@type":"SearchAction","target":{"@type":"EntryPoint","urlTemplate":"https:\/\/mediatrade.fi\/en\/?s={search_term_string}"},"query-input":{"@type":"PropertyValueSpecification","valueRequired":true,"valueName":"search_term_string"}}],"inLanguage":"en-US"},{"@type":"Organization","@id":"https:\/\/mediatrade.fi\/en\/#organization","name":"Mediatrade","url":"https:\/\/mediatrade.fi\/en\/","logo":{"@type":"ImageObject","inLanguage":"en-US","@id":"https:\/\/mediatrade.fi\/en\/#\/schema\/logo\/image\/","url":"https:\/\/mediatrade.fi\/wp-content\/uploads\/2022\/04\/Group-640.svg","contentUrl":"https:\/\/mediatrade.fi\/wp-content\/uploads\/2022\/04\/Group-640.svg","width":128,"height":43,"caption":"Mediatrade"},"image":{"@id":"https:\/\/mediatrade.fi\/en\/#\/schema\/logo\/image\/"}}]}},"_links":{"self":[{"href":"https:\/\/mediatrade.fi\/en\/wp-json\/wp\/v2\/product\/382311","targetHints":{"allow":["GET"]}}],"collection":[{"href":"https:\/\/mediatrade.fi\/en\/wp-json\/wp\/v2\/product"}],"about":[{"href":"https:\/\/mediatrade.fi\/en\/wp-json\/wp\/v2\/types\/product"}],"wp:featuredmedia":[{"embeddable":true,"href":"https:\/\/mediatrade.fi\/en\/wp-json\/wp\/v2\/media\/433505"}],"wp:attachment":[{"href":"https:\/\/mediatrade.fi\/en\/wp-json\/wp\/v2\/media?parent=382311"}],"wp:term":[{"taxonomy":"product_brand","embeddable":true,"href":"https:\/\/mediatrade.fi\/en\/wp-json\/wp\/v2\/product_brand?post=382311"},{"taxonomy":"product_cat","embeddable":true,"href":"https:\/\/mediatrade.fi\/en\/wp-json\/wp\/v2\/product_cat?post=382311"},{"taxonomy":"product_tag","embeddable":true,"href":"https:\/\/mediatrade.fi\/en\/wp-json\/wp\/v2\/product_tag?post=382311"},{"taxonomy":"brands","embeddable":true,"href":"https:\/\/mediatrade.fi\/en\/wp-json\/wp\/v2\/brands?post=382311"},{"taxonomy":"id_product_type","embeddable":true,"href":"https:\/\/mediatrade.fi\/en\/wp-json\/wp\/v2\/id_product_type?post=382311"}],"curies":[{"name":"wp","href":"https:\/\/api.w.org\/{rel}","templated":true}]}}