{"id":382315,"date":"2023-06-08T18:47:53","date_gmt":"2025-01-21T15:46:57","guid":{"rendered":"https:\/\/mediatrade.fi\/tuote\/decklink-ip-hd-2\/"},"modified":"2026-02-16T11:10:14","modified_gmt":"2026-02-16T09:10:14","slug":"decklink-ip-hd-2","status":"publish","type":"product","link":"https:\/\/mediatrade.fi\/en\/product\/decklink-ip-hd-2\/","title":{"rendered":"DeckLink IP HD"},"content":{"rendered":"\n<section class=\"block block-woocommerce-product-description container-fluid container-fluid \">\n    <div class=\"container\">\n        <div class=\"row\">\n            <div class=\"col-12 col-md-6 order-2 order-md-1 attachments-col\">\n                                            <\/div>\n\n            <div class=\"col-12 col-md-5 offset-md-1 order-1 order-md-2\">\n                <main class=\"entry-content\">\n                    \n\n<h2 class=\"wp-block-heading\">Tuotetiedot<\/h2>\n\n\n\n<p><strong>Blackmagic Design <\/strong>tarjoaa <strong>DeckLink IP HD PCIe<\/strong> kortillaan ideaalisen laitteen <strong>HD videon toistoon ja tallennukseen 2110 IP pohjaisille l\u00e4hetysj\u00e4rjestelmille.<\/strong> T\u00e4ll\u00e4 kortilla voi tallentaa ja toistaa <strong>10-bit kompressoimatonta videota aina 1080p60 resoluutioon<\/strong> asti kolmella sis\u00e4\u00e4n- ja ulostulo kanavalla videota yhdell\u00e4 RJ45 10G Ethernet liittimell\u00e4 upotetun audion kera. T\u00e4m\u00e4 tuki kattaa my\u00f6s kaikki SD formaatit samaan 1080p60 resoluutioon saakka.<\/p>\n\n\n\n<p>DeckLink IP tukee kaikkia k\u00e4ytetyimpi\u00e4 video-ohjelmistoja, kuten DaVinci Resolve, Avid Media Composer Final Cut Pro, sek\u00e4 Adobe Premiere ja muitakin. T\u00e4m\u00e4n lis\u00e4ksi my\u00f6skin t\u00e4ydell\u00e4 yhteensopivuudella niin Macin kuin Windowsin ja Linuxinkin kanssa.<\/p>\n\n\n\n<p>Laitteessa on sis\u00e4\u00e4nrakennettu palomuuri. T\u00e4m\u00e4 toimii siten, ett\u00e4 Ethernet portti on eristettyn\u00e4 kaikesta muusta paitsi videosta ja audiosta. Video ja audio l\u00e4hetet\u00e4\u00e4n DeckLink Frame Buffereihin, jossa video muunnetaan 2110 IP videol\u00e4hteisiin.<\/p>\n\n\n\n<p>Tuettuina video kodeekkeina on laaja valikoima, mukaanlukien AVC-Intra, AVCHD, Canon XF MPEG2, Digital SLR, DV-NTSC, DV-PAL, DVCPRO50, DVCPROHD, DPX, HDV, HEVC, XDCAM EX, XDCAM HD, XDCAM HD422, DNxHR, DNxHD, Apple ProRes 4444, Apple ProRes 422 HQ, Apple ProRes 422, Apple ProRes LT, Apple ProRes 422 Proxy, sek\u00e4 kompressoimattomat 8-bit 4:2:2, 10-bit 4:2:2, ja 10-bit 4:4:4.  <\/p>\n\n\n\n<p>Kaiken t\u00e4m\u00e4n lis\u00e4ksi muihin tuettuihin sovelluksiin sis\u00e4ltyv\u00e4t Fusion, Adobe After Effects, Avid Pro Tools, Steinberg Cubase ja Nuendo, Adobe Photoshop, Foundry Nuke, Grass Valley Edius, Sony Catalyst Production Suite, Adobe Flash Media Live Encoder, Telestream Wirecast, Magix Vegas Pro sek\u00e4 Movie Edit Pro Premium, Cyberlink PowerDirector ja monia muita.<\/p>\n\n\n\n<h3 class=\"wp-block-heading\">Ominaisuudet<\/h3>\n\n\n\n<ul class=\"wp-block-list\">\n<li>PCIe Playback &amp; Monitoring Card<\/li>\n\n\n\n<li>Ideal for 2110 IP Broadcast Systems<\/li>\n\n\n\n<li>10-Bit 1080p60 Uncompressed Video<\/li>\n\n\n\n<li>10G Ethernet Port<\/li>\n\n\n\n<li>All Popular Video Software Supported<\/li>\n\n\n\n<li>Compatible with Mac, Windows, and LinuxNMOS Protocol Support<\/li>\n<\/ul>\n\n\n                <\/main>\n            <\/div>\n        <\/div>\n    <\/div>\n<\/section>\n\n\n\n    \n\n\n\n<section class=\"block block-profile-listing container-fluid \">\n    <div class=\"container\">\n        <div class=\"row\">\n            <main class=\"entry-content col-12\">\n                \n\n<h2 class=\"wp-block-heading\">Asiantuntijamme<\/h2>\n\n\n            <\/main>\n                        <div class=\"col-12 col-lg-6\">\n                <div class=\"person-wrapper\">\n                    <div class=\"image-wrapper\">\n                        <img decoding=\"async\" width=\"576\" height=\"1024\" src=\"https:\/\/mediatrade.fi\/wp-content\/uploads\/2022\/04\/Sampo_Kaikkonen-576x1024-1.jpg\" class=\"attachment-post-thumbnail size-post-thumbnail wp-post-image\" alt=\"\" srcset=\"https:\/\/mediatrade.fi\/wp-content\/uploads\/2022\/04\/Sampo_Kaikkonen-576x1024-1.jpg 576w, https:\/\/mediatrade.fi\/wp-content\/uploads\/2022\/04\/Sampo_Kaikkonen-576x1024-1-169x300.jpg 169w\" sizes=\"(max-width: 575px) 100vw, (max-width: 767px) 570, (max-width: 991px) 830, (max-width: 1199px) 930, 994px\" \/>                    <\/div>\n                    <div class=\"content-wrapper\">\n                        <h4 class=\"name\">Sampo Kaikkonen<\/h4>\n                        <p class=\"title\">System Specialist<\/p>\n                        <p class=\"summary\">My role at Mediatrade primarily involves the design, sales, and technical support of post-production, media management, and storage systems.<\/p>\n                                                <span class=\"knowledge-title\">Area of expertise<\/span>\n                        <p class=\"knowledge\">Post-production, file-based workflows, storage systems, archiving<\/p>\n                                                <p class=\"phone\">+358201557728<\/p>\n                        <p class=\"email\">sampo.kaikkonen@mediatrade.fi<\/p>\n                    <\/div>\n                <\/div>\n            <\/div>\n                        <div class=\"col-12 col-lg-6\">\n                <div class=\"person-wrapper\">\n                    <div class=\"image-wrapper\">\n                        <img decoding=\"async\" width=\"576\" height=\"1024\" src=\"https:\/\/mediatrade.fi\/wp-content\/uploads\/2022\/03\/Mikko_Leino-576x1024-1.jpg\" class=\"attachment-post-thumbnail size-post-thumbnail wp-post-image\" alt=\"\" srcset=\"https:\/\/mediatrade.fi\/wp-content\/uploads\/2022\/03\/Mikko_Leino-576x1024-1.jpg 576w, https:\/\/mediatrade.fi\/wp-content\/uploads\/2022\/03\/Mikko_Leino-576x1024-1-169x300.jpg 169w\" sizes=\"(max-width: 575px) 100vw, (max-width: 767px) 570, (max-width: 991px) 830, (max-width: 1199px) 930, 994px\" \/>                    <\/div>\n                    <div class=\"content-wrapper\">\n                        <h4 class=\"name\">Mikko Leino<\/h4>\n                        <p class=\"title\">System Specialist<\/p>\n                        <p class=\"summary\">I\u2019m responsible for traditional video production equipment and tools, as well as streaming and web production solutions.<\/p>\n                                                <span class=\"knowledge-title\">Area of expertise<\/span>\n                        <p class=\"knowledge\">Cinematography, Audio, Program Production, Streaming<\/p>\n                                                <p class=\"phone\">+358201557732<\/p>\n                        <p class=\"email\">mikko.leino@mediatrade.fi<\/p>\n                    <\/div>\n                <\/div>\n            <\/div>\n                                <\/div>\n    <\/div>\n<\/section>\n","protected":false},"excerpt":{"rendered":"","protected":false},"featured_media":433513,"template":"","meta":{"_acf_changed":false,"_relevanssi_hide_post":"","_relevanssi_hide_content":"","_relevanssi_pin_for_all":"","_relevanssi_pin_keywords":"","_relevanssi_unpin_keywords":"","_relevanssi_related_keywords":"","_relevanssi_related_include_ids":"","_relevanssi_related_exclude_ids":"","_relevanssi_related_no_append":"","_relevanssi_related_not_related":"","_relevanssi_related_posts":"","_relevanssi_noindex_reason":""},"product_brand":[],"product_cat":[2486,231,15,3464],"product_tag":[560,6358,2490,838,2363],"brands":[708],"id_product_type":[],"class_list":{"0":"post-382315","1":"product","2":"type-product","3":"status-publish","4":"has-post-thumbnail","6":"product_cat-all-products","7":"product_cat-jalkituotanto","8":"product_cat-kaikki","9":"product_cat-post-production","10":"product_tag-blackmagic-design","11":"product_tag-bmd-decklink","12":"product_tag-mediatrade-en","13":"product_tag-mediatrade","14":"product_tag-pcie","16":"first","17":"onbackorder","18":"taxable","19":"shipping-taxable","20":"purchasable","21":"product-type-simple"},"bundled_by":[],"bundle_stock_status":"onbackorder","bundle_stock_quantity":0,"bundle_virtual":false,"bundle_layout":"","bundle_add_to_cart_form_location":"","bundle_editable_in_cart":false,"bundle_sold_individually_context":"","bundle_item_grouping":"","bundle_min_size":"","bundle_max_size":"","bundle_price":[],"bundled_items":[],"bundle_sell_ids":[],"acf":[],"yoast_head":"<!-- This site is optimized with the Yoast SEO plugin v27.4 - https:\/\/yoast.com\/product\/yoast-seo-wordpress\/ -->\n<title>DeckLink IP HD - Mediatrade<\/title>\n<meta name=\"description\" content=\"Blackmagic Design tarjoaa DeckLink IP HD PCIe kortillaan ideaalisen laitteen HD videon toistoon ja tallennukseen 2110 IP pohjaisille l\u00e4hetysj\u00e4rjestelmille.\" \/>\n<meta name=\"robots\" content=\"index, follow, max-snippet:-1, max-image-preview:large, max-video-preview:-1\" \/>\n<link rel=\"canonical\" href=\"https:\/\/mediatrade.fi\/en\/product\/decklink-ip-hd-2\/\" \/>\n<meta property=\"og:locale\" content=\"en_US\" \/>\n<meta property=\"og:type\" content=\"article\" \/>\n<meta property=\"og:title\" content=\"DeckLink IP HD - Mediatrade\" \/>\n<meta property=\"og:description\" content=\"Blackmagic Design tarjoaa DeckLink IP HD PCIe kortillaan ideaalisen laitteen HD videon toistoon ja tallennukseen 2110 IP pohjaisille l\u00e4hetysj\u00e4rjestelmille.\" \/>\n<meta property=\"og:url\" content=\"https:\/\/mediatrade.fi\/en\/product\/decklink-ip-hd-2\/\" \/>\n<meta property=\"og:site_name\" content=\"Mediatrade\" \/>\n<meta property=\"article:modified_time\" content=\"2026-02-16T09:10:14+00:00\" \/>\n<meta property=\"og:image\" content=\"https:\/\/mediatrade.fi\/wp-content\/uploads\/2023\/04\/DeckLink-IP-HD_Angle-mem-red.png\" \/>\n\t<meta property=\"og:image:width\" content=\"3206\" \/>\n\t<meta property=\"og:image:height\" content=\"2402\" \/>\n\t<meta property=\"og:image:type\" content=\"image\/png\" \/>\n<meta name=\"twitter:card\" content=\"summary_large_image\" \/>\n<meta name=\"twitter:label1\" content=\"Est. reading time\" \/>\n\t<meta name=\"twitter:data1\" content=\"2 minutes\" \/>\n<script type=\"application\/ld+json\" class=\"yoast-schema-graph\">{\"@context\":\"https:\\\/\\\/schema.org\",\"@graph\":[{\"@type\":\"WebPage\",\"@id\":\"https:\\\/\\\/mediatrade.fi\\\/en\\\/product\\\/decklink-ip-hd-2\\\/\",\"url\":\"https:\\\/\\\/mediatrade.fi\\\/en\\\/product\\\/decklink-ip-hd-2\\\/\",\"name\":\"DeckLink IP HD - Mediatrade\",\"isPartOf\":{\"@id\":\"https:\\\/\\\/mediatrade.fi\\\/en\\\/#website\"},\"primaryImageOfPage\":{\"@id\":\"https:\\\/\\\/mediatrade.fi\\\/en\\\/product\\\/decklink-ip-hd-2\\\/#primaryimage\"},\"image\":{\"@id\":\"https:\\\/\\\/mediatrade.fi\\\/en\\\/product\\\/decklink-ip-hd-2\\\/#primaryimage\"},\"thumbnailUrl\":\"https:\\\/\\\/mediatrade.fi\\\/wp-content\\\/uploads\\\/2023\\\/04\\\/DeckLink-IP-HD_Angle-mem-red.png\",\"datePublished\":\"2025-01-21T15:46:57+00:00\",\"dateModified\":\"2026-02-16T09:10:14+00:00\",\"description\":\"Blackmagic Design tarjoaa DeckLink IP HD PCIe kortillaan ideaalisen laitteen HD videon toistoon ja tallennukseen 2110 IP pohjaisille l\u00e4hetysj\u00e4rjestelmille.\",\"breadcrumb\":{\"@id\":\"https:\\\/\\\/mediatrade.fi\\\/en\\\/product\\\/decklink-ip-hd-2\\\/#breadcrumb\"},\"inLanguage\":\"en-US\",\"potentialAction\":[{\"@type\":\"ReadAction\",\"target\":[\"https:\\\/\\\/mediatrade.fi\\\/en\\\/product\\\/decklink-ip-hd-2\\\/\"]}]},{\"@type\":\"ImageObject\",\"inLanguage\":\"en-US\",\"@id\":\"https:\\\/\\\/mediatrade.fi\\\/en\\\/product\\\/decklink-ip-hd-2\\\/#primaryimage\",\"url\":\"https:\\\/\\\/mediatrade.fi\\\/wp-content\\\/uploads\\\/2023\\\/04\\\/DeckLink-IP-HD_Angle-mem-red.png\",\"contentUrl\":\"https:\\\/\\\/mediatrade.fi\\\/wp-content\\\/uploads\\\/2023\\\/04\\\/DeckLink-IP-HD_Angle-mem-red.png\",\"width\":3206,\"height\":2402},{\"@type\":\"BreadcrumbList\",\"@id\":\"https:\\\/\\\/mediatrade.fi\\\/en\\\/product\\\/decklink-ip-hd-2\\\/#breadcrumb\",\"itemListElement\":[{\"@type\":\"ListItem\",\"position\":1,\"name\":\"Front Page\",\"item\":\"https:\\\/\\\/mediatrade.fi\\\/en\\\/\"},{\"@type\":\"ListItem\",\"position\":2,\"name\":\"Shop\",\"item\":\"https:\\\/\\\/mediatrade.fi\\\/en\\\/shop\\\/\"},{\"@type\":\"ListItem\",\"position\":3,\"name\":\"DeckLink IP HD\"}]},{\"@type\":\"WebSite\",\"@id\":\"https:\\\/\\\/mediatrade.fi\\\/en\\\/#website\",\"url\":\"https:\\\/\\\/mediatrade.fi\\\/en\\\/\",\"name\":\"Mediatrade\",\"description\":\"\",\"publisher\":{\"@id\":\"https:\\\/\\\/mediatrade.fi\\\/en\\\/#organization\"},\"potentialAction\":[{\"@type\":\"SearchAction\",\"target\":{\"@type\":\"EntryPoint\",\"urlTemplate\":\"https:\\\/\\\/mediatrade.fi\\\/en\\\/?s={search_term_string}\"},\"query-input\":{\"@type\":\"PropertyValueSpecification\",\"valueRequired\":true,\"valueName\":\"search_term_string\"}}],\"inLanguage\":\"en-US\"},{\"@type\":\"Organization\",\"@id\":\"https:\\\/\\\/mediatrade.fi\\\/en\\\/#organization\",\"name\":\"Mediatrade\",\"url\":\"https:\\\/\\\/mediatrade.fi\\\/en\\\/\",\"logo\":{\"@type\":\"ImageObject\",\"inLanguage\":\"en-US\",\"@id\":\"https:\\\/\\\/mediatrade.fi\\\/en\\\/#\\\/schema\\\/logo\\\/image\\\/\",\"url\":\"https:\\\/\\\/mediatrade.fi\\\/wp-content\\\/uploads\\\/2022\\\/04\\\/Group-640.svg\",\"contentUrl\":\"https:\\\/\\\/mediatrade.fi\\\/wp-content\\\/uploads\\\/2022\\\/04\\\/Group-640.svg\",\"width\":128,\"height\":43,\"caption\":\"Mediatrade\"},\"image\":{\"@id\":\"https:\\\/\\\/mediatrade.fi\\\/en\\\/#\\\/schema\\\/logo\\\/image\\\/\"}}]}<\/script>\n<!-- \/ Yoast SEO plugin. -->","yoast_head_json":{"title":"DeckLink IP HD - Mediatrade","description":"Blackmagic Design tarjoaa DeckLink IP HD PCIe kortillaan ideaalisen laitteen HD videon toistoon ja tallennukseen 2110 IP pohjaisille l\u00e4hetysj\u00e4rjestelmille.","robots":{"index":"index","follow":"follow","max-snippet":"max-snippet:-1","max-image-preview":"max-image-preview:large","max-video-preview":"max-video-preview:-1"},"canonical":"https:\/\/mediatrade.fi\/en\/product\/decklink-ip-hd-2\/","og_locale":"en_US","og_type":"article","og_title":"DeckLink IP HD - Mediatrade","og_description":"Blackmagic Design tarjoaa DeckLink IP HD PCIe kortillaan ideaalisen laitteen HD videon toistoon ja tallennukseen 2110 IP pohjaisille l\u00e4hetysj\u00e4rjestelmille.","og_url":"https:\/\/mediatrade.fi\/en\/product\/decklink-ip-hd-2\/","og_site_name":"Mediatrade","article_modified_time":"2026-02-16T09:10:14+00:00","og_image":[{"width":3206,"height":2402,"url":"https:\/\/mediatrade.fi\/wp-content\/uploads\/2023\/04\/DeckLink-IP-HD_Angle-mem-red.png","type":"image\/png"}],"twitter_card":"summary_large_image","twitter_misc":{"Est. reading time":"2 minutes"},"schema":{"@context":"https:\/\/schema.org","@graph":[{"@type":"WebPage","@id":"https:\/\/mediatrade.fi\/en\/product\/decklink-ip-hd-2\/","url":"https:\/\/mediatrade.fi\/en\/product\/decklink-ip-hd-2\/","name":"DeckLink IP HD - Mediatrade","isPartOf":{"@id":"https:\/\/mediatrade.fi\/en\/#website"},"primaryImageOfPage":{"@id":"https:\/\/mediatrade.fi\/en\/product\/decklink-ip-hd-2\/#primaryimage"},"image":{"@id":"https:\/\/mediatrade.fi\/en\/product\/decklink-ip-hd-2\/#primaryimage"},"thumbnailUrl":"https:\/\/mediatrade.fi\/wp-content\/uploads\/2023\/04\/DeckLink-IP-HD_Angle-mem-red.png","datePublished":"2025-01-21T15:46:57+00:00","dateModified":"2026-02-16T09:10:14+00:00","description":"Blackmagic Design tarjoaa DeckLink IP HD PCIe kortillaan ideaalisen laitteen HD videon toistoon ja tallennukseen 2110 IP pohjaisille l\u00e4hetysj\u00e4rjestelmille.","breadcrumb":{"@id":"https:\/\/mediatrade.fi\/en\/product\/decklink-ip-hd-2\/#breadcrumb"},"inLanguage":"en-US","potentialAction":[{"@type":"ReadAction","target":["https:\/\/mediatrade.fi\/en\/product\/decklink-ip-hd-2\/"]}]},{"@type":"ImageObject","inLanguage":"en-US","@id":"https:\/\/mediatrade.fi\/en\/product\/decklink-ip-hd-2\/#primaryimage","url":"https:\/\/mediatrade.fi\/wp-content\/uploads\/2023\/04\/DeckLink-IP-HD_Angle-mem-red.png","contentUrl":"https:\/\/mediatrade.fi\/wp-content\/uploads\/2023\/04\/DeckLink-IP-HD_Angle-mem-red.png","width":3206,"height":2402},{"@type":"BreadcrumbList","@id":"https:\/\/mediatrade.fi\/en\/product\/decklink-ip-hd-2\/#breadcrumb","itemListElement":[{"@type":"ListItem","position":1,"name":"Front Page","item":"https:\/\/mediatrade.fi\/en\/"},{"@type":"ListItem","position":2,"name":"Shop","item":"https:\/\/mediatrade.fi\/en\/shop\/"},{"@type":"ListItem","position":3,"name":"DeckLink IP HD"}]},{"@type":"WebSite","@id":"https:\/\/mediatrade.fi\/en\/#website","url":"https:\/\/mediatrade.fi\/en\/","name":"Mediatrade","description":"","publisher":{"@id":"https:\/\/mediatrade.fi\/en\/#organization"},"potentialAction":[{"@type":"SearchAction","target":{"@type":"EntryPoint","urlTemplate":"https:\/\/mediatrade.fi\/en\/?s={search_term_string}"},"query-input":{"@type":"PropertyValueSpecification","valueRequired":true,"valueName":"search_term_string"}}],"inLanguage":"en-US"},{"@type":"Organization","@id":"https:\/\/mediatrade.fi\/en\/#organization","name":"Mediatrade","url":"https:\/\/mediatrade.fi\/en\/","logo":{"@type":"ImageObject","inLanguage":"en-US","@id":"https:\/\/mediatrade.fi\/en\/#\/schema\/logo\/image\/","url":"https:\/\/mediatrade.fi\/wp-content\/uploads\/2022\/04\/Group-640.svg","contentUrl":"https:\/\/mediatrade.fi\/wp-content\/uploads\/2022\/04\/Group-640.svg","width":128,"height":43,"caption":"Mediatrade"},"image":{"@id":"https:\/\/mediatrade.fi\/en\/#\/schema\/logo\/image\/"}}]}},"_links":{"self":[{"href":"https:\/\/mediatrade.fi\/en\/wp-json\/wp\/v2\/product\/382315","targetHints":{"allow":["GET"]}}],"collection":[{"href":"https:\/\/mediatrade.fi\/en\/wp-json\/wp\/v2\/product"}],"about":[{"href":"https:\/\/mediatrade.fi\/en\/wp-json\/wp\/v2\/types\/product"}],"wp:featuredmedia":[{"embeddable":true,"href":"https:\/\/mediatrade.fi\/en\/wp-json\/wp\/v2\/media\/433513"}],"wp:attachment":[{"href":"https:\/\/mediatrade.fi\/en\/wp-json\/wp\/v2\/media?parent=382315"}],"wp:term":[{"taxonomy":"product_brand","embeddable":true,"href":"https:\/\/mediatrade.fi\/en\/wp-json\/wp\/v2\/product_brand?post=382315"},{"taxonomy":"product_cat","embeddable":true,"href":"https:\/\/mediatrade.fi\/en\/wp-json\/wp\/v2\/product_cat?post=382315"},{"taxonomy":"product_tag","embeddable":true,"href":"https:\/\/mediatrade.fi\/en\/wp-json\/wp\/v2\/product_tag?post=382315"},{"taxonomy":"brands","embeddable":true,"href":"https:\/\/mediatrade.fi\/en\/wp-json\/wp\/v2\/brands?post=382315"},{"taxonomy":"id_product_type","embeddable":true,"href":"https:\/\/mediatrade.fi\/en\/wp-json\/wp\/v2\/id_product_type?post=382315"}],"curies":[{"name":"wp","href":"https:\/\/api.w.org\/{rel}","templated":true}]}}