{"id":382316,"date":"2023-06-08T14:24:05","date_gmt":"2025-01-21T15:46:58","guid":{"rendered":"https:\/\/mediatrade.fi\/tuote\/storm-3000-kit-v-mount-2\/"},"modified":"2025-02-04T18:22:24","modified_gmt":"2025-02-04T16:22:24","slug":"storm-3000-kit-v-mount-2","status":"publish","type":"product","link":"https:\/\/mediatrade.fi\/en\/product\/storm-3000-kit-v-mount-2\/","title":{"rendered":"Storm  3000 kit (V mount)"},"content":{"rendered":"\n<section class=\"block block-woocommerce-product-description container-fluid container-fluid \">\n    <div class=\"container\">\n        <div class=\"row\">\n            <div class=\"col-12 col-md-6 order-2 order-md-1 attachments-col\">\n                                <div style=\"height: 100%;\" class=\"oembed oembed-youtube\">        <div class=\"cookieconsent-optout-marketing\">            <a href=\"javascript:Cookiebot.renew()\">Hyv\u00e4ksy markkinointiev\u00e4steet<\/a>            katsoaksesi videon.        <\/div><iframe title=\"Vaxis Storm 3000ft wireless video transmitter\" width=\"840\" height=\"473\" src=\"https:\/\/www.youtube.com\/embed\/27dW1br1G5U?feature=oembed&#038;enablejsapi=1&#038;origin=https:\/\/mediatrade.fi\" frameborder=\"0\" allow=\"accelerometer; autoplay; clipboard-write; encrypted-media; gyroscope; picture-in-picture; web-share\" allowfullscreen><\/iframe><\/div>            <\/div>\n\n            <div class=\"col-12 col-md-5 offset-md-1 order-1 order-md-2\">\n                <main class=\"entry-content\">\n                    \n\n<h2 class=\"wp-block-heading\">Tuotetiedot<\/h2>\n\n\n\n<p>Vaxisin Storm 3000:n kantama on 915 metri\u00e4, ja se tukee jopa 1080p60-pakkaamatonta signaalinsiirtoa alle 1 ms:n viiveell\u00e4 5,1-5,9 GHz:n taajuudella. L\u00e4hettimess\u00e4 on 3G-SDI- ja HDMI-tulot sek\u00e4 3G-SDI-silmukkal\u00e4ht\u00f6, ja vastaanottimessa on kaksi samanaikaista 3G-SDI-l\u00e4ht\u00f6\u00e4 ja HDMI-l\u00e4ht\u00f6. Molemmissa yksik\u00f6iss\u00e4 on V-mount-akkulevyt. Molemmat tukevat my\u00f6s jatkuvaa virransy\u00f6tt\u00f6\u00e4 2-nastaisten LEMO-virtaliit\u00e4nt\u00f6jen kautta. Mukana toimitetaan kaksi D-Tap-LEMO-kaapelia.<\/p>\n\n\n\n<p>Muita ominaisuuksia ovat OLED-n\u00e4yt\u00f6t, monil\u00e4hetys, aikakoodi- ja metatietotuki, ARRI ALEXA Mini -pikatoisto ja \u00e4lyk\u00e4s aktiivinen j\u00e4\u00e4hdytys, joka mahdollistaa pidemm\u00e4n k\u00e4yt\u00f6n kuumissa ymp\u00e4rist\u00f6iss\u00e4. Molemmissa yksik\u00f6iss\u00e4 on vankka metallikotelo.<\/p>\n\n\n\n<h3 class=\"wp-block-heading\">Ominaisuudet<\/h3>\n\n\n\n<ul class=\"wp-block-list\">\n<li>1080p60 pakkaamaton l\u00e4hetys<\/li>\n\n\n\n<li>915 metrin kantama alle 1 ms:n viiveell\u00e4 5,1-5,9 GHz:n taajuudella<\/li>\n\n\n\n<li>K\u00e4ytt\u00e4j\u00e4n m\u00e4\u00e4ritett\u00e4viss\u00e4 olevat taajuusalueet<\/li>\n\n\n\n<li>L\u00e4hetin: SDI-tulo, HDMI-tulo, SDI-silmukkal\u00e4ht\u00f6; V-mount-akkulevy<\/li>\n\n\n\n<li>Vastaanotin: 2 x SDI-l\u00e4ht\u00f6, HDMI-l\u00e4ht\u00f6; V-mount-akkulevy<\/li>\n\n\n\n<li>2-nastaiset LEMO-virtatulot<\/li>\n\n\n\n<li>WHDI-tekniikka (MIMO\/OFDM)<\/li>\n\n\n\n<li>ARRI ALEXA Mini pikatoistolla<\/li>\n\n\n\n<li>\u00c4lyk\u00e4s aktiivinen j\u00e4\u00e4hdytys, joka mahdollistaa pidemm\u00e4n k\u00e4ytt\u00f6ajan kuumissa ymp\u00e4rist\u00f6iss\u00e4.<\/li>\n\n\n\n<li>OLED-n\u00e4yt\u00f6t<\/li>\n\n\n\n<li>Aikakoodin ja metatietojen tuki<\/li>\n\n\n\n<li>Monil\u00e4hetys<\/li>\n\n\n\n<li>T\u00e4ysmetallikotelo<\/li>\n\n\n\n<li>Alle 63mW:n radioteho<\/li>\n\n\n\n<li>1\/4&#8243;-20 kiinnityskierre jokaisen yksik\u00f6n pohjassa<\/li>\n<\/ul>\n\n\n                <\/main>\n            <\/div>\n        <\/div>\n    <\/div>\n<\/section>\n\n\n\n    \n\n\n\n<section class=\"block block-profile-listing container-fluid \">\n    <div class=\"container\">\n        <div class=\"row\">\n            <main class=\"entry-content col-12\">\n                \n\n<h2 class=\"wp-block-heading\">Asiantuntijamme<\/h2>\n\n\n            <\/main>\n                        <div class=\"col-12 col-lg-6\">\n                <div class=\"person-wrapper\">\n                    <div class=\"image-wrapper\">\n                        <img decoding=\"async\" width=\"576\" height=\"1024\" src=\"https:\/\/mediatrade.fi\/wp-content\/uploads\/2022\/03\/Mikko_Leino-576x1024-1.jpg\" class=\"attachment-post-thumbnail size-post-thumbnail wp-post-image\" alt=\"\" srcset=\"https:\/\/mediatrade.fi\/wp-content\/uploads\/2022\/03\/Mikko_Leino-576x1024-1.jpg 576w, https:\/\/mediatrade.fi\/wp-content\/uploads\/2022\/03\/Mikko_Leino-576x1024-1-169x300.jpg 169w\" sizes=\"(max-width: 575px) 100vw, (max-width: 767px) 570, (max-width: 991px) 830, (max-width: 1199px) 930, 994px\" \/>                    <\/div>\n                    <div class=\"content-wrapper\">\n                        <h4 class=\"name\">Mikko Leino<\/h4>\n                        <p class=\"title\">System Specialist<\/p>\n                        <p class=\"summary\">I\u2019m responsible for traditional video production equipment and tools, as well as streaming and web production solutions.<\/p>\n                                                <span class=\"knowledge-title\">Area of expertise<\/span>\n                        <p class=\"knowledge\">Cinematography, Audio, Program Production, Streaming<\/p>\n                                                <p class=\"phone\">+358201557732<\/p>\n                        <p class=\"email\">mikko.leino@mediatrade.fi<\/p>\n                    <\/div>\n                <\/div>\n            <\/div>\n                                <\/div>\n    <\/div>\n<\/section>\n","protected":false},"excerpt":{"rendered":"","protected":false},"featured_media":433515,"template":"","meta":{"_acf_changed":false,"_relevanssi_hide_post":"","_relevanssi_hide_content":"","_relevanssi_pin_for_all":"","_relevanssi_pin_keywords":"","_relevanssi_unpin_keywords":"","_relevanssi_related_keywords":"","_relevanssi_related_include_ids":"","_relevanssi_related_exclude_ids":"","_relevanssi_related_no_append":"","_relevanssi_related_not_related":"","_relevanssi_related_posts":"","_relevanssi_noindex_reason":""},"product_brand":[],"product_cat":[2486,3473,3497,3479,3496],"product_tag":[4592,6656,4589,2894,1885,6541,4330,4351],"brands":[6539],"id_product_type":[],"class_list":{"0":"post-382316","1":"product","2":"type-product","3":"status-publish","4":"has-post-thumbnail","6":"product_cat-all-products","7":"product_cat-video","8":"product_cat-video-en","9":"product_cat-monitors-and-equipment","10":"product_cat-studio-technology","11":"product_tag-rx","12":"product_tag-storm-3000-kit-v-mount","13":"product_tag-tx","14":"product_tag-v-mount-2","15":"product_tag-v-mount","16":"product_tag-vaxis","17":"product_tag-vmount","18":"product_tag-wireless","20":"first","21":"onbackorder","22":"taxable","23":"shipping-taxable","24":"purchasable","25":"product-type-simple"},"bundled_by":[],"bundle_stock_status":"onbackorder","bundle_stock_quantity":0,"bundle_virtual":false,"bundle_layout":"","bundle_add_to_cart_form_location":"","bundle_editable_in_cart":false,"bundle_sold_individually_context":"","bundle_item_grouping":"","bundle_min_size":"","bundle_max_size":"","bundle_price":[],"bundled_items":[],"bundle_sell_ids":[],"acf":[],"yoast_head":"<!-- This site is optimized with the Yoast SEO plugin v27.1.1 - https:\/\/yoast.com\/product\/yoast-seo-wordpress\/ -->\n<title>Storm 3000 kit (V mount) - Mediatrade<\/title>\n<meta name=\"description\" content=\"Vaxisin Storm 3000:n kantama on 915 metri\u00e4, ja se tukee jopa 1080p60-pakkaamatonta signaalinsiirtoa alle 1 ms:n viiveell\u00e4 5,1-5,9 GHz:n taajuudella. L\u00e4hettimess\u00e4 on 3G-SDI- ja HDMI-tulot sek\u00e4 3G-SDI-silmukkal\u00e4ht\u00f6, ja vastaanottimessa on kaksi samanaikaista 3G-SDI-l\u00e4ht\u00f6\u00e4 ja HDMI-l\u00e4ht\u00f6. Molemmissa yksik\u00f6iss\u00e4 on V-mount-akkulevyt. Molemmat tukevat my\u00f6s jatkuvaa virransy\u00f6tt\u00f6\u00e4 2-nastaisten LEMO-virtaliit\u00e4nt\u00f6jen kautta. Mukana toimitetaan kaksi D-Tap-LEMO-kaapelia.\" \/>\n<meta name=\"robots\" content=\"index, follow, max-snippet:-1, max-image-preview:large, max-video-preview:-1\" \/>\n<link rel=\"canonical\" href=\"https:\/\/mediatrade.fi\/en\/product\/storm-3000-kit-v-mount-2\/\" \/>\n<meta property=\"og:locale\" content=\"en_US\" \/>\n<meta property=\"og:type\" content=\"article\" \/>\n<meta property=\"og:title\" content=\"Storm 3000 kit (V mount) - Mediatrade\" \/>\n<meta property=\"og:description\" content=\"Vaxisin Storm 3000:n kantama on 915 metri\u00e4, ja se tukee jopa 1080p60-pakkaamatonta signaalinsiirtoa alle 1 ms:n viiveell\u00e4 5,1-5,9 GHz:n taajuudella. L\u00e4hettimess\u00e4 on 3G-SDI- ja HDMI-tulot sek\u00e4 3G-SDI-silmukkal\u00e4ht\u00f6, ja vastaanottimessa on kaksi samanaikaista 3G-SDI-l\u00e4ht\u00f6\u00e4 ja HDMI-l\u00e4ht\u00f6. Molemmissa yksik\u00f6iss\u00e4 on V-mount-akkulevyt. Molemmat tukevat my\u00f6s jatkuvaa virransy\u00f6tt\u00f6\u00e4 2-nastaisten LEMO-virtaliit\u00e4nt\u00f6jen kautta. Mukana toimitetaan kaksi D-Tap-LEMO-kaapelia.\" \/>\n<meta property=\"og:url\" content=\"https:\/\/mediatrade.fi\/en\/product\/storm-3000-kit-v-mount-2\/\" \/>\n<meta property=\"og:site_name\" content=\"Mediatrade\" \/>\n<meta property=\"article:modified_time\" content=\"2025-02-04T16:22:24+00:00\" \/>\n<meta property=\"og:image\" content=\"https:\/\/mediatrade.fi\/wp-content\/uploads\/2023\/06\/800q-01_118116-1.png\" \/>\n\t<meta property=\"og:image:width\" content=\"676\" \/>\n\t<meta property=\"og:image:height\" content=\"800\" \/>\n\t<meta property=\"og:image:type\" content=\"image\/png\" \/>\n<meta name=\"twitter:card\" content=\"summary_large_image\" \/>\n<meta name=\"twitter:label1\" content=\"Est. reading time\" \/>\n\t<meta name=\"twitter:data1\" content=\"1 minute\" \/>\n<script type=\"application\/ld+json\" class=\"yoast-schema-graph\">{\"@context\":\"https:\/\/schema.org\",\"@graph\":[{\"@type\":\"WebPage\",\"@id\":\"https:\/\/mediatrade.fi\/en\/product\/storm-3000-kit-v-mount-2\/\",\"url\":\"https:\/\/mediatrade.fi\/en\/product\/storm-3000-kit-v-mount-2\/\",\"name\":\"Storm 3000 kit (V mount) - Mediatrade\",\"isPartOf\":{\"@id\":\"https:\/\/mediatrade.fi\/en\/#website\"},\"primaryImageOfPage\":{\"@id\":\"https:\/\/mediatrade.fi\/en\/product\/storm-3000-kit-v-mount-2\/#primaryimage\"},\"image\":{\"@id\":\"https:\/\/mediatrade.fi\/en\/product\/storm-3000-kit-v-mount-2\/#primaryimage\"},\"thumbnailUrl\":\"https:\/\/mediatrade.fi\/wp-content\/uploads\/2023\/06\/800q-01_118116-1.png\",\"datePublished\":\"2025-01-21T15:46:58+00:00\",\"dateModified\":\"2025-02-04T16:22:24+00:00\",\"description\":\"Vaxisin Storm 3000:n kantama on 915 metri\u00e4, ja se tukee jopa 1080p60-pakkaamatonta signaalinsiirtoa alle 1 ms:n viiveell\u00e4 5,1-5,9 GHz:n taajuudella. L\u00e4hettimess\u00e4 on 3G-SDI- ja HDMI-tulot sek\u00e4 3G-SDI-silmukkal\u00e4ht\u00f6, ja vastaanottimessa on kaksi samanaikaista 3G-SDI-l\u00e4ht\u00f6\u00e4 ja HDMI-l\u00e4ht\u00f6. Molemmissa yksik\u00f6iss\u00e4 on V-mount-akkulevyt. Molemmat tukevat my\u00f6s jatkuvaa virransy\u00f6tt\u00f6\u00e4 2-nastaisten LEMO-virtaliit\u00e4nt\u00f6jen kautta. Mukana toimitetaan kaksi D-Tap-LEMO-kaapelia.\",\"breadcrumb\":{\"@id\":\"https:\/\/mediatrade.fi\/en\/product\/storm-3000-kit-v-mount-2\/#breadcrumb\"},\"inLanguage\":\"en-US\",\"potentialAction\":[{\"@type\":\"ReadAction\",\"target\":[\"https:\/\/mediatrade.fi\/en\/product\/storm-3000-kit-v-mount-2\/\"]}]},{\"@type\":\"ImageObject\",\"inLanguage\":\"en-US\",\"@id\":\"https:\/\/mediatrade.fi\/en\/product\/storm-3000-kit-v-mount-2\/#primaryimage\",\"url\":\"https:\/\/mediatrade.fi\/wp-content\/uploads\/2023\/06\/800q-01_118116-1.png\",\"contentUrl\":\"https:\/\/mediatrade.fi\/wp-content\/uploads\/2023\/06\/800q-01_118116-1.png\",\"width\":676,\"height\":800},{\"@type\":\"BreadcrumbList\",\"@id\":\"https:\/\/mediatrade.fi\/en\/product\/storm-3000-kit-v-mount-2\/#breadcrumb\",\"itemListElement\":[{\"@type\":\"ListItem\",\"position\":1,\"name\":\"Front Page\",\"item\":\"https:\/\/mediatrade.fi\/en\/\"},{\"@type\":\"ListItem\",\"position\":2,\"name\":\"Shop\",\"item\":\"https:\/\/mediatrade.fi\/en\/shop\/\"},{\"@type\":\"ListItem\",\"position\":3,\"name\":\"Storm 3000 kit (V mount)\"}]},{\"@type\":\"WebSite\",\"@id\":\"https:\/\/mediatrade.fi\/en\/#website\",\"url\":\"https:\/\/mediatrade.fi\/en\/\",\"name\":\"Mediatrade\",\"description\":\"\",\"publisher\":{\"@id\":\"https:\/\/mediatrade.fi\/en\/#organization\"},\"potentialAction\":[{\"@type\":\"SearchAction\",\"target\":{\"@type\":\"EntryPoint\",\"urlTemplate\":\"https:\/\/mediatrade.fi\/en\/?s={search_term_string}\"},\"query-input\":{\"@type\":\"PropertyValueSpecification\",\"valueRequired\":true,\"valueName\":\"search_term_string\"}}],\"inLanguage\":\"en-US\"},{\"@type\":\"Organization\",\"@id\":\"https:\/\/mediatrade.fi\/en\/#organization\",\"name\":\"Mediatrade\",\"url\":\"https:\/\/mediatrade.fi\/en\/\",\"logo\":{\"@type\":\"ImageObject\",\"inLanguage\":\"en-US\",\"@id\":\"https:\/\/mediatrade.fi\/en\/#\/schema\/logo\/image\/\",\"url\":\"https:\/\/mediatrade.fi\/wp-content\/uploads\/2022\/04\/Group-640.svg\",\"contentUrl\":\"https:\/\/mediatrade.fi\/wp-content\/uploads\/2022\/04\/Group-640.svg\",\"width\":128,\"height\":43,\"caption\":\"Mediatrade\"},\"image\":{\"@id\":\"https:\/\/mediatrade.fi\/en\/#\/schema\/logo\/image\/\"}}]}<\/script>\n<!-- \/ Yoast SEO plugin. -->","yoast_head_json":{"title":"Storm 3000 kit (V mount) - Mediatrade","description":"Vaxisin Storm 3000:n kantama on 915 metri\u00e4, ja se tukee jopa 1080p60-pakkaamatonta signaalinsiirtoa alle 1 ms:n viiveell\u00e4 5,1-5,9 GHz:n taajuudella. L\u00e4hettimess\u00e4 on 3G-SDI- ja HDMI-tulot sek\u00e4 3G-SDI-silmukkal\u00e4ht\u00f6, ja vastaanottimessa on kaksi samanaikaista 3G-SDI-l\u00e4ht\u00f6\u00e4 ja HDMI-l\u00e4ht\u00f6. Molemmissa yksik\u00f6iss\u00e4 on V-mount-akkulevyt. Molemmat tukevat my\u00f6s jatkuvaa virransy\u00f6tt\u00f6\u00e4 2-nastaisten LEMO-virtaliit\u00e4nt\u00f6jen kautta. Mukana toimitetaan kaksi D-Tap-LEMO-kaapelia.","robots":{"index":"index","follow":"follow","max-snippet":"max-snippet:-1","max-image-preview":"max-image-preview:large","max-video-preview":"max-video-preview:-1"},"canonical":"https:\/\/mediatrade.fi\/en\/product\/storm-3000-kit-v-mount-2\/","og_locale":"en_US","og_type":"article","og_title":"Storm 3000 kit (V mount) - Mediatrade","og_description":"Vaxisin Storm 3000:n kantama on 915 metri\u00e4, ja se tukee jopa 1080p60-pakkaamatonta signaalinsiirtoa alle 1 ms:n viiveell\u00e4 5,1-5,9 GHz:n taajuudella. L\u00e4hettimess\u00e4 on 3G-SDI- ja HDMI-tulot sek\u00e4 3G-SDI-silmukkal\u00e4ht\u00f6, ja vastaanottimessa on kaksi samanaikaista 3G-SDI-l\u00e4ht\u00f6\u00e4 ja HDMI-l\u00e4ht\u00f6. Molemmissa yksik\u00f6iss\u00e4 on V-mount-akkulevyt. Molemmat tukevat my\u00f6s jatkuvaa virransy\u00f6tt\u00f6\u00e4 2-nastaisten LEMO-virtaliit\u00e4nt\u00f6jen kautta. Mukana toimitetaan kaksi D-Tap-LEMO-kaapelia.","og_url":"https:\/\/mediatrade.fi\/en\/product\/storm-3000-kit-v-mount-2\/","og_site_name":"Mediatrade","article_modified_time":"2025-02-04T16:22:24+00:00","og_image":[{"width":676,"height":800,"url":"https:\/\/mediatrade.fi\/wp-content\/uploads\/2023\/06\/800q-01_118116-1.png","type":"image\/png"}],"twitter_card":"summary_large_image","twitter_misc":{"Est. reading time":"1 minute"},"schema":{"@context":"https:\/\/schema.org","@graph":[{"@type":"WebPage","@id":"https:\/\/mediatrade.fi\/en\/product\/storm-3000-kit-v-mount-2\/","url":"https:\/\/mediatrade.fi\/en\/product\/storm-3000-kit-v-mount-2\/","name":"Storm 3000 kit (V mount) - Mediatrade","isPartOf":{"@id":"https:\/\/mediatrade.fi\/en\/#website"},"primaryImageOfPage":{"@id":"https:\/\/mediatrade.fi\/en\/product\/storm-3000-kit-v-mount-2\/#primaryimage"},"image":{"@id":"https:\/\/mediatrade.fi\/en\/product\/storm-3000-kit-v-mount-2\/#primaryimage"},"thumbnailUrl":"https:\/\/mediatrade.fi\/wp-content\/uploads\/2023\/06\/800q-01_118116-1.png","datePublished":"2025-01-21T15:46:58+00:00","dateModified":"2025-02-04T16:22:24+00:00","description":"Vaxisin Storm 3000:n kantama on 915 metri\u00e4, ja se tukee jopa 1080p60-pakkaamatonta signaalinsiirtoa alle 1 ms:n viiveell\u00e4 5,1-5,9 GHz:n taajuudella. L\u00e4hettimess\u00e4 on 3G-SDI- ja HDMI-tulot sek\u00e4 3G-SDI-silmukkal\u00e4ht\u00f6, ja vastaanottimessa on kaksi samanaikaista 3G-SDI-l\u00e4ht\u00f6\u00e4 ja HDMI-l\u00e4ht\u00f6. Molemmissa yksik\u00f6iss\u00e4 on V-mount-akkulevyt. Molemmat tukevat my\u00f6s jatkuvaa virransy\u00f6tt\u00f6\u00e4 2-nastaisten LEMO-virtaliit\u00e4nt\u00f6jen kautta. Mukana toimitetaan kaksi D-Tap-LEMO-kaapelia.","breadcrumb":{"@id":"https:\/\/mediatrade.fi\/en\/product\/storm-3000-kit-v-mount-2\/#breadcrumb"},"inLanguage":"en-US","potentialAction":[{"@type":"ReadAction","target":["https:\/\/mediatrade.fi\/en\/product\/storm-3000-kit-v-mount-2\/"]}]},{"@type":"ImageObject","inLanguage":"en-US","@id":"https:\/\/mediatrade.fi\/en\/product\/storm-3000-kit-v-mount-2\/#primaryimage","url":"https:\/\/mediatrade.fi\/wp-content\/uploads\/2023\/06\/800q-01_118116-1.png","contentUrl":"https:\/\/mediatrade.fi\/wp-content\/uploads\/2023\/06\/800q-01_118116-1.png","width":676,"height":800},{"@type":"BreadcrumbList","@id":"https:\/\/mediatrade.fi\/en\/product\/storm-3000-kit-v-mount-2\/#breadcrumb","itemListElement":[{"@type":"ListItem","position":1,"name":"Front Page","item":"https:\/\/mediatrade.fi\/en\/"},{"@type":"ListItem","position":2,"name":"Shop","item":"https:\/\/mediatrade.fi\/en\/shop\/"},{"@type":"ListItem","position":3,"name":"Storm 3000 kit (V mount)"}]},{"@type":"WebSite","@id":"https:\/\/mediatrade.fi\/en\/#website","url":"https:\/\/mediatrade.fi\/en\/","name":"Mediatrade","description":"","publisher":{"@id":"https:\/\/mediatrade.fi\/en\/#organization"},"potentialAction":[{"@type":"SearchAction","target":{"@type":"EntryPoint","urlTemplate":"https:\/\/mediatrade.fi\/en\/?s={search_term_string}"},"query-input":{"@type":"PropertyValueSpecification","valueRequired":true,"valueName":"search_term_string"}}],"inLanguage":"en-US"},{"@type":"Organization","@id":"https:\/\/mediatrade.fi\/en\/#organization","name":"Mediatrade","url":"https:\/\/mediatrade.fi\/en\/","logo":{"@type":"ImageObject","inLanguage":"en-US","@id":"https:\/\/mediatrade.fi\/en\/#\/schema\/logo\/image\/","url":"https:\/\/mediatrade.fi\/wp-content\/uploads\/2022\/04\/Group-640.svg","contentUrl":"https:\/\/mediatrade.fi\/wp-content\/uploads\/2022\/04\/Group-640.svg","width":128,"height":43,"caption":"Mediatrade"},"image":{"@id":"https:\/\/mediatrade.fi\/en\/#\/schema\/logo\/image\/"}}]}},"_links":{"self":[{"href":"https:\/\/mediatrade.fi\/en\/wp-json\/wp\/v2\/product\/382316","targetHints":{"allow":["GET"]}}],"collection":[{"href":"https:\/\/mediatrade.fi\/en\/wp-json\/wp\/v2\/product"}],"about":[{"href":"https:\/\/mediatrade.fi\/en\/wp-json\/wp\/v2\/types\/product"}],"wp:featuredmedia":[{"embeddable":true,"href":"https:\/\/mediatrade.fi\/en\/wp-json\/wp\/v2\/media\/433515"}],"wp:attachment":[{"href":"https:\/\/mediatrade.fi\/en\/wp-json\/wp\/v2\/media?parent=382316"}],"wp:term":[{"taxonomy":"product_brand","embeddable":true,"href":"https:\/\/mediatrade.fi\/en\/wp-json\/wp\/v2\/product_brand?post=382316"},{"taxonomy":"product_cat","embeddable":true,"href":"https:\/\/mediatrade.fi\/en\/wp-json\/wp\/v2\/product_cat?post=382316"},{"taxonomy":"product_tag","embeddable":true,"href":"https:\/\/mediatrade.fi\/en\/wp-json\/wp\/v2\/product_tag?post=382316"},{"taxonomy":"brands","embeddable":true,"href":"https:\/\/mediatrade.fi\/en\/wp-json\/wp\/v2\/brands?post=382316"},{"taxonomy":"id_product_type","embeddable":true,"href":"https:\/\/mediatrade.fi\/en\/wp-json\/wp\/v2\/id_product_type?post=382316"}],"curies":[{"name":"wp","href":"https:\/\/api.w.org\/{rel}","templated":true}]}}