{"id":382336,"date":"2023-06-01T16:10:53","date_gmt":"2025-01-21T15:47:13","guid":{"rendered":"https:\/\/mediatrade.fi\/tuote\/atom-500-sdi-basic-2\/"},"modified":"2025-02-04T18:22:40","modified_gmt":"2025-02-04T16:22:40","slug":"atom-500-sdi-basic-2","status":"publish","type":"product","link":"https:\/\/mediatrade.fi\/en\/product\/atom-500-sdi-basic-2\/","title":{"rendered":"ATOM 500 SDI BASIC"},"content":{"rendered":"\n<section class=\"block block-woocommerce-product-description container-fluid container-fluid \">\n    <div class=\"container\">\n        <div class=\"row\">\n            <div class=\"col-12 col-md-6 order-2 order-md-1 attachments-col\">\n                                            <\/div>\n\n            <div class=\"col-12 col-md-5 offset-md-1 order-1 order-md-2\">\n                <main class=\"entry-content\">\n                    \n\n<h2 class=\"wp-block-heading\">Tuotetiedot<\/h2>\n\n\n\n<p>Vaxisin langaton ATOM 500 SDI Wireless Video Transmitter and Receiver Kit -videol\u00e4hetin- ja vastaanottosarja, jossa on sek\u00e4 3G-SDI- ett\u00e4 HDMI-liit\u00e4nn\u00e4t, mahdollistaa visuaalisesti h\u00e4vi\u00f6tt\u00f6m\u00e4n H.265-videosignaalin l\u00e4hett\u00e4misen Vaxis-vastaanottimeen alle 80 ms:n viiveell\u00e4. L\u00e4hetin l\u00e4hett\u00e4\u00e4 tehokkaan n\u00e4k\u00f6yhteyssignaalin jopa 160 metrin p\u00e4\u00e4h\u00e4n, ja se voi my\u00f6s l\u00e4hett\u00e4\u00e4 monil\u00e4hetyksen Wi-Fi-yhteyden kautta jopa kolmeen mobiililaitteeseen seurantaa varten.<\/p>\n\n\n\n<h3 class=\"wp-block-heading\">Ominaisuudet<\/h3>\n\n\n\n<ul class=\"wp-block-list\">\n<li>L\u00e4hetin- ja vastaanottosarja l\u00e4hett\u00e4\u00e4 1080p langatonta videokuvaa jopa 160 metrin n\u00e4k\u00f6et\u00e4isyydelle.<\/li>\n\n\n\n<li>H.265-videon l\u00e4hetys eritt\u00e4in pienell\u00e4 viiveell\u00e4<\/li>\n\n\n\n<li>L\u00e4hettimess\u00e4 on yksi 3G-SDI- ja yksi HDMI-tulo, ja vastaanottimessa on yksi 3G-SDI- ja yksi HDMI-l\u00e4ht\u00f6.<\/li>\n\n\n\n<li>Yksik\u00f6t saavat virtansa joko USB Type-C -virtal\u00e4hteest\u00e4 tai k\u00e4ytt\u00e4m\u00e4ll\u00e4 L-sarjan akkua sen integroidussa levyss\u00e4.<\/li>\n\n\n\n<li>Monil\u00e4hetystuki videon l\u00e4hett\u00e4miseen Wi-Fi-yhteyden kautta jopa kolmeen iOS-laitteeseen, joissa on Vaxis Vision -sovellus<\/li>\n\n\n\n<li>S\u00e4\u00e4dett\u00e4v\u00e4 j\u00e4\u00e4hdytystuuletin, joka voidaan kytke\u00e4 p\u00e4\u00e4lle ja pois p\u00e4\u00e4lt\u00e4<\/li>\n\n\n\n<li>Kirkas OLED-n\u00e4ytt\u00f6<\/li>\n\n\n\n<li>Kevyt metallikotelo; molemmat yksik\u00f6t ovat samankokoisia ja niiss\u00e4 on integroidut antennit<\/li>\n\n\n\n<li>Suuria valikkopainikkeita on helpompi painaa kuin pelk\u00e4n HDMI-mallin painikkeita.<\/li>\n\n\n\n<li>Laitteen l\u00e4mp\u00f6tilan\u00e4ytt\u00f6\u00e4 voi lukea Fahrenheitin asteikolla.<\/li>\n\n\n\n<li>Oikeanpuoleisen valikkopainikkeen pitk\u00e4 painallus n\u00e4ytt\u00e4\u00e4 WQR-koodin, joka helpottaa puhelimen\/sovelluksen liitt\u00e4mist\u00e4 yksik\u00f6iden ohjaamiseen.<\/li>\n\n\n\n<li>Laite tukee manuaalista ja automaattista kanavien skannausta<\/li>\n<\/ul>\n\n\n\n<h3 class=\"wp-block-heading\">Paketissa<\/h3>\n\n\n\n<ul class=\"wp-block-list\">\n<li>Vaxis langaton ATOM 500 SDI Wireless Video Transmitter and Receiver Kit -videol\u00e4hetin- ja vastaanottosarja (SDI\/HDMI)<\/li>\n\n\n\n<li>ATOM 500 -l\u00e4hetin<\/li>\n\n\n\n<li>ATOM 500 -vastaanotin<\/li>\n\n\n\n<li>USB Type-C -kaapeli<\/li>\n\n\n\n<li>Rajoitettu 1 vuoden takuu<\/li>\n<\/ul>\n\n\n                <\/main>\n            <\/div>\n        <\/div>\n    <\/div>\n<\/section>\n\n\n\n    \n\n\n\n","protected":false},"excerpt":{"rendered":"","protected":false},"featured_media":433590,"template":"","meta":{"_acf_changed":false,"_relevanssi_hide_post":"","_relevanssi_hide_content":"","_relevanssi_pin_for_all":"","_relevanssi_pin_keywords":"","_relevanssi_unpin_keywords":"","_relevanssi_related_keywords":"","_relevanssi_related_include_ids":"","_relevanssi_related_exclude_ids":"","_relevanssi_related_no_append":"","_relevanssi_related_not_related":"","_relevanssi_related_posts":"","_relevanssi_noindex_reason":""},"product_brand":[],"product_cat":[2486,3473,3479],"product_tag":[6545,6544,6541],"brands":[6539],"id_product_type":[],"class_list":{"0":"post-382336","1":"product","2":"type-product","3":"status-publish","4":"has-post-thumbnail","6":"product_cat-all-products","7":"product_cat-video","8":"product_cat-monitors-and-equipment","9":"product_tag-atom-500-sdi-basic","10":"product_tag-langaton-lahetin","11":"product_tag-vaxis","13":"first","14":"onbackorder","15":"taxable","16":"shipping-taxable","17":"purchasable","18":"product-type-simple"},"bundled_by":[],"bundle_stock_status":"onbackorder","bundle_stock_quantity":0,"bundle_virtual":false,"bundle_layout":"","bundle_add_to_cart_form_location":"","bundle_editable_in_cart":false,"bundle_sold_individually_context":"","bundle_item_grouping":"","bundle_min_size":"","bundle_max_size":"","bundle_price":[],"bundled_items":[],"bundle_sell_ids":[],"acf":[],"yoast_head":"<!-- This site is optimized with the Yoast SEO plugin v27.4 - https:\/\/yoast.com\/product\/yoast-seo-wordpress\/ -->\n<title>ATOM 500 SDI BASIC - Mediatrade<\/title>\n<meta name=\"description\" content=\"Vaxisin langaton ATOM 500 SDI Wireless Video Transmitter and Receiver Kit -videol\u00e4hetin- ja vastaanottosarja, jossa on sek\u00e4 3G-SDI- ett\u00e4 HDMI-liit\u00e4nn\u00e4t, mahdollistaa visuaalisesti h\u00e4vi\u00f6tt\u00f6m\u00e4n H.265-videosignaalin l\u00e4hett\u00e4misen Vaxis-vastaanottimeen alle 80 ms:n viiveell\u00e4. L\u00e4hetin l\u00e4hett\u00e4\u00e4 tehokkaan n\u00e4k\u00f6yhteyssignaalin jopa 160 metrin p\u00e4\u00e4h\u00e4n, ja se voi my\u00f6s l\u00e4hett\u00e4\u00e4 monil\u00e4hetyksen Wi-Fi-yhteyden kautta jopa kolmeen mobiililaitteeseen seurantaa varten.\" \/>\n<meta name=\"robots\" content=\"index, follow, max-snippet:-1, max-image-preview:large, max-video-preview:-1\" \/>\n<link rel=\"canonical\" href=\"https:\/\/mediatrade.fi\/en\/product\/atom-500-sdi-basic-2\/\" \/>\n<meta property=\"og:locale\" content=\"en_US\" \/>\n<meta property=\"og:type\" content=\"article\" \/>\n<meta property=\"og:title\" content=\"ATOM 500 SDI BASIC - Mediatrade\" \/>\n<meta property=\"og:description\" content=\"Vaxisin langaton ATOM 500 SDI Wireless Video Transmitter and Receiver Kit -videol\u00e4hetin- ja vastaanottosarja, jossa on sek\u00e4 3G-SDI- ett\u00e4 HDMI-liit\u00e4nn\u00e4t, mahdollistaa visuaalisesti h\u00e4vi\u00f6tt\u00f6m\u00e4n H.265-videosignaalin l\u00e4hett\u00e4misen Vaxis-vastaanottimeen alle 80 ms:n viiveell\u00e4. L\u00e4hetin l\u00e4hett\u00e4\u00e4 tehokkaan n\u00e4k\u00f6yhteyssignaalin jopa 160 metrin p\u00e4\u00e4h\u00e4n, ja se voi my\u00f6s l\u00e4hett\u00e4\u00e4 monil\u00e4hetyksen Wi-Fi-yhteyden kautta jopa kolmeen mobiililaitteeseen seurantaa varten.\" \/>\n<meta property=\"og:url\" content=\"https:\/\/mediatrade.fi\/en\/product\/atom-500-sdi-basic-2\/\" \/>\n<meta property=\"og:site_name\" content=\"Mediatrade\" \/>\n<meta property=\"article:modified_time\" content=\"2025-02-04T16:22:40+00:00\" \/>\n<meta property=\"og:image\" content=\"https:\/\/mediatrade.fi\/wp-content\/uploads\/2023\/06\/800q-05_118129.png\" \/>\n\t<meta property=\"og:image:width\" content=\"521\" \/>\n\t<meta property=\"og:image:height\" content=\"800\" \/>\n\t<meta property=\"og:image:type\" content=\"image\/png\" \/>\n<meta name=\"twitter:card\" content=\"summary_large_image\" \/>\n<meta name=\"twitter:label1\" content=\"Est. reading time\" \/>\n\t<meta name=\"twitter:data1\" content=\"2 minutes\" \/>\n<script type=\"application\/ld+json\" class=\"yoast-schema-graph\">{\"@context\":\"https:\\\/\\\/schema.org\",\"@graph\":[{\"@type\":\"WebPage\",\"@id\":\"https:\\\/\\\/mediatrade.fi\\\/en\\\/product\\\/atom-500-sdi-basic-2\\\/\",\"url\":\"https:\\\/\\\/mediatrade.fi\\\/en\\\/product\\\/atom-500-sdi-basic-2\\\/\",\"name\":\"ATOM 500 SDI BASIC - Mediatrade\",\"isPartOf\":{\"@id\":\"https:\\\/\\\/mediatrade.fi\\\/en\\\/#website\"},\"primaryImageOfPage\":{\"@id\":\"https:\\\/\\\/mediatrade.fi\\\/en\\\/product\\\/atom-500-sdi-basic-2\\\/#primaryimage\"},\"image\":{\"@id\":\"https:\\\/\\\/mediatrade.fi\\\/en\\\/product\\\/atom-500-sdi-basic-2\\\/#primaryimage\"},\"thumbnailUrl\":\"https:\\\/\\\/mediatrade.fi\\\/wp-content\\\/uploads\\\/2023\\\/06\\\/800q-05_118129.png\",\"datePublished\":\"2025-01-21T15:47:13+00:00\",\"dateModified\":\"2025-02-04T16:22:40+00:00\",\"description\":\"Vaxisin langaton ATOM 500 SDI Wireless Video Transmitter and Receiver Kit -videol\u00e4hetin- ja vastaanottosarja, jossa on sek\u00e4 3G-SDI- ett\u00e4 HDMI-liit\u00e4nn\u00e4t, mahdollistaa visuaalisesti h\u00e4vi\u00f6tt\u00f6m\u00e4n H.265-videosignaalin l\u00e4hett\u00e4misen Vaxis-vastaanottimeen alle 80 ms:n viiveell\u00e4. L\u00e4hetin l\u00e4hett\u00e4\u00e4 tehokkaan n\u00e4k\u00f6yhteyssignaalin jopa 160 metrin p\u00e4\u00e4h\u00e4n, ja se voi my\u00f6s l\u00e4hett\u00e4\u00e4 monil\u00e4hetyksen Wi-Fi-yhteyden kautta jopa kolmeen mobiililaitteeseen seurantaa varten.\",\"breadcrumb\":{\"@id\":\"https:\\\/\\\/mediatrade.fi\\\/en\\\/product\\\/atom-500-sdi-basic-2\\\/#breadcrumb\"},\"inLanguage\":\"en-US\",\"potentialAction\":[{\"@type\":\"ReadAction\",\"target\":[\"https:\\\/\\\/mediatrade.fi\\\/en\\\/product\\\/atom-500-sdi-basic-2\\\/\"]}]},{\"@type\":\"ImageObject\",\"inLanguage\":\"en-US\",\"@id\":\"https:\\\/\\\/mediatrade.fi\\\/en\\\/product\\\/atom-500-sdi-basic-2\\\/#primaryimage\",\"url\":\"https:\\\/\\\/mediatrade.fi\\\/wp-content\\\/uploads\\\/2023\\\/06\\\/800q-05_118129.png\",\"contentUrl\":\"https:\\\/\\\/mediatrade.fi\\\/wp-content\\\/uploads\\\/2023\\\/06\\\/800q-05_118129.png\",\"width\":521,\"height\":800},{\"@type\":\"BreadcrumbList\",\"@id\":\"https:\\\/\\\/mediatrade.fi\\\/en\\\/product\\\/atom-500-sdi-basic-2\\\/#breadcrumb\",\"itemListElement\":[{\"@type\":\"ListItem\",\"position\":1,\"name\":\"Front Page\",\"item\":\"https:\\\/\\\/mediatrade.fi\\\/en\\\/\"},{\"@type\":\"ListItem\",\"position\":2,\"name\":\"Shop\",\"item\":\"https:\\\/\\\/mediatrade.fi\\\/en\\\/shop\\\/\"},{\"@type\":\"ListItem\",\"position\":3,\"name\":\"ATOM 500 SDI BASIC\"}]},{\"@type\":\"WebSite\",\"@id\":\"https:\\\/\\\/mediatrade.fi\\\/en\\\/#website\",\"url\":\"https:\\\/\\\/mediatrade.fi\\\/en\\\/\",\"name\":\"Mediatrade\",\"description\":\"\",\"publisher\":{\"@id\":\"https:\\\/\\\/mediatrade.fi\\\/en\\\/#organization\"},\"potentialAction\":[{\"@type\":\"SearchAction\",\"target\":{\"@type\":\"EntryPoint\",\"urlTemplate\":\"https:\\\/\\\/mediatrade.fi\\\/en\\\/?s={search_term_string}\"},\"query-input\":{\"@type\":\"PropertyValueSpecification\",\"valueRequired\":true,\"valueName\":\"search_term_string\"}}],\"inLanguage\":\"en-US\"},{\"@type\":\"Organization\",\"@id\":\"https:\\\/\\\/mediatrade.fi\\\/en\\\/#organization\",\"name\":\"Mediatrade\",\"url\":\"https:\\\/\\\/mediatrade.fi\\\/en\\\/\",\"logo\":{\"@type\":\"ImageObject\",\"inLanguage\":\"en-US\",\"@id\":\"https:\\\/\\\/mediatrade.fi\\\/en\\\/#\\\/schema\\\/logo\\\/image\\\/\",\"url\":\"https:\\\/\\\/mediatrade.fi\\\/wp-content\\\/uploads\\\/2022\\\/04\\\/Group-640.svg\",\"contentUrl\":\"https:\\\/\\\/mediatrade.fi\\\/wp-content\\\/uploads\\\/2022\\\/04\\\/Group-640.svg\",\"width\":128,\"height\":43,\"caption\":\"Mediatrade\"},\"image\":{\"@id\":\"https:\\\/\\\/mediatrade.fi\\\/en\\\/#\\\/schema\\\/logo\\\/image\\\/\"}}]}<\/script>\n<!-- \/ Yoast SEO plugin. -->","yoast_head_json":{"title":"ATOM 500 SDI BASIC - Mediatrade","description":"Vaxisin langaton ATOM 500 SDI Wireless Video Transmitter and Receiver Kit -videol\u00e4hetin- ja vastaanottosarja, jossa on sek\u00e4 3G-SDI- ett\u00e4 HDMI-liit\u00e4nn\u00e4t, mahdollistaa visuaalisesti h\u00e4vi\u00f6tt\u00f6m\u00e4n H.265-videosignaalin l\u00e4hett\u00e4misen Vaxis-vastaanottimeen alle 80 ms:n viiveell\u00e4. L\u00e4hetin l\u00e4hett\u00e4\u00e4 tehokkaan n\u00e4k\u00f6yhteyssignaalin jopa 160 metrin p\u00e4\u00e4h\u00e4n, ja se voi my\u00f6s l\u00e4hett\u00e4\u00e4 monil\u00e4hetyksen Wi-Fi-yhteyden kautta jopa kolmeen mobiililaitteeseen seurantaa varten.","robots":{"index":"index","follow":"follow","max-snippet":"max-snippet:-1","max-image-preview":"max-image-preview:large","max-video-preview":"max-video-preview:-1"},"canonical":"https:\/\/mediatrade.fi\/en\/product\/atom-500-sdi-basic-2\/","og_locale":"en_US","og_type":"article","og_title":"ATOM 500 SDI BASIC - Mediatrade","og_description":"Vaxisin langaton ATOM 500 SDI Wireless Video Transmitter and Receiver Kit -videol\u00e4hetin- ja vastaanottosarja, jossa on sek\u00e4 3G-SDI- ett\u00e4 HDMI-liit\u00e4nn\u00e4t, mahdollistaa visuaalisesti h\u00e4vi\u00f6tt\u00f6m\u00e4n H.265-videosignaalin l\u00e4hett\u00e4misen Vaxis-vastaanottimeen alle 80 ms:n viiveell\u00e4. L\u00e4hetin l\u00e4hett\u00e4\u00e4 tehokkaan n\u00e4k\u00f6yhteyssignaalin jopa 160 metrin p\u00e4\u00e4h\u00e4n, ja se voi my\u00f6s l\u00e4hett\u00e4\u00e4 monil\u00e4hetyksen Wi-Fi-yhteyden kautta jopa kolmeen mobiililaitteeseen seurantaa varten.","og_url":"https:\/\/mediatrade.fi\/en\/product\/atom-500-sdi-basic-2\/","og_site_name":"Mediatrade","article_modified_time":"2025-02-04T16:22:40+00:00","og_image":[{"width":521,"height":800,"url":"https:\/\/mediatrade.fi\/wp-content\/uploads\/2023\/06\/800q-05_118129.png","type":"image\/png"}],"twitter_card":"summary_large_image","twitter_misc":{"Est. reading time":"2 minutes"},"schema":{"@context":"https:\/\/schema.org","@graph":[{"@type":"WebPage","@id":"https:\/\/mediatrade.fi\/en\/product\/atom-500-sdi-basic-2\/","url":"https:\/\/mediatrade.fi\/en\/product\/atom-500-sdi-basic-2\/","name":"ATOM 500 SDI BASIC - Mediatrade","isPartOf":{"@id":"https:\/\/mediatrade.fi\/en\/#website"},"primaryImageOfPage":{"@id":"https:\/\/mediatrade.fi\/en\/product\/atom-500-sdi-basic-2\/#primaryimage"},"image":{"@id":"https:\/\/mediatrade.fi\/en\/product\/atom-500-sdi-basic-2\/#primaryimage"},"thumbnailUrl":"https:\/\/mediatrade.fi\/wp-content\/uploads\/2023\/06\/800q-05_118129.png","datePublished":"2025-01-21T15:47:13+00:00","dateModified":"2025-02-04T16:22:40+00:00","description":"Vaxisin langaton ATOM 500 SDI Wireless Video Transmitter and Receiver Kit -videol\u00e4hetin- ja vastaanottosarja, jossa on sek\u00e4 3G-SDI- ett\u00e4 HDMI-liit\u00e4nn\u00e4t, mahdollistaa visuaalisesti h\u00e4vi\u00f6tt\u00f6m\u00e4n H.265-videosignaalin l\u00e4hett\u00e4misen Vaxis-vastaanottimeen alle 80 ms:n viiveell\u00e4. L\u00e4hetin l\u00e4hett\u00e4\u00e4 tehokkaan n\u00e4k\u00f6yhteyssignaalin jopa 160 metrin p\u00e4\u00e4h\u00e4n, ja se voi my\u00f6s l\u00e4hett\u00e4\u00e4 monil\u00e4hetyksen Wi-Fi-yhteyden kautta jopa kolmeen mobiililaitteeseen seurantaa varten.","breadcrumb":{"@id":"https:\/\/mediatrade.fi\/en\/product\/atom-500-sdi-basic-2\/#breadcrumb"},"inLanguage":"en-US","potentialAction":[{"@type":"ReadAction","target":["https:\/\/mediatrade.fi\/en\/product\/atom-500-sdi-basic-2\/"]}]},{"@type":"ImageObject","inLanguage":"en-US","@id":"https:\/\/mediatrade.fi\/en\/product\/atom-500-sdi-basic-2\/#primaryimage","url":"https:\/\/mediatrade.fi\/wp-content\/uploads\/2023\/06\/800q-05_118129.png","contentUrl":"https:\/\/mediatrade.fi\/wp-content\/uploads\/2023\/06\/800q-05_118129.png","width":521,"height":800},{"@type":"BreadcrumbList","@id":"https:\/\/mediatrade.fi\/en\/product\/atom-500-sdi-basic-2\/#breadcrumb","itemListElement":[{"@type":"ListItem","position":1,"name":"Front Page","item":"https:\/\/mediatrade.fi\/en\/"},{"@type":"ListItem","position":2,"name":"Shop","item":"https:\/\/mediatrade.fi\/en\/shop\/"},{"@type":"ListItem","position":3,"name":"ATOM 500 SDI BASIC"}]},{"@type":"WebSite","@id":"https:\/\/mediatrade.fi\/en\/#website","url":"https:\/\/mediatrade.fi\/en\/","name":"Mediatrade","description":"","publisher":{"@id":"https:\/\/mediatrade.fi\/en\/#organization"},"potentialAction":[{"@type":"SearchAction","target":{"@type":"EntryPoint","urlTemplate":"https:\/\/mediatrade.fi\/en\/?s={search_term_string}"},"query-input":{"@type":"PropertyValueSpecification","valueRequired":true,"valueName":"search_term_string"}}],"inLanguage":"en-US"},{"@type":"Organization","@id":"https:\/\/mediatrade.fi\/en\/#organization","name":"Mediatrade","url":"https:\/\/mediatrade.fi\/en\/","logo":{"@type":"ImageObject","inLanguage":"en-US","@id":"https:\/\/mediatrade.fi\/en\/#\/schema\/logo\/image\/","url":"https:\/\/mediatrade.fi\/wp-content\/uploads\/2022\/04\/Group-640.svg","contentUrl":"https:\/\/mediatrade.fi\/wp-content\/uploads\/2022\/04\/Group-640.svg","width":128,"height":43,"caption":"Mediatrade"},"image":{"@id":"https:\/\/mediatrade.fi\/en\/#\/schema\/logo\/image\/"}}]}},"_links":{"self":[{"href":"https:\/\/mediatrade.fi\/en\/wp-json\/wp\/v2\/product\/382336","targetHints":{"allow":["GET"]}}],"collection":[{"href":"https:\/\/mediatrade.fi\/en\/wp-json\/wp\/v2\/product"}],"about":[{"href":"https:\/\/mediatrade.fi\/en\/wp-json\/wp\/v2\/types\/product"}],"wp:featuredmedia":[{"embeddable":true,"href":"https:\/\/mediatrade.fi\/en\/wp-json\/wp\/v2\/media\/433590"}],"wp:attachment":[{"href":"https:\/\/mediatrade.fi\/en\/wp-json\/wp\/v2\/media?parent=382336"}],"wp:term":[{"taxonomy":"product_brand","embeddable":true,"href":"https:\/\/mediatrade.fi\/en\/wp-json\/wp\/v2\/product_brand?post=382336"},{"taxonomy":"product_cat","embeddable":true,"href":"https:\/\/mediatrade.fi\/en\/wp-json\/wp\/v2\/product_cat?post=382336"},{"taxonomy":"product_tag","embeddable":true,"href":"https:\/\/mediatrade.fi\/en\/wp-json\/wp\/v2\/product_tag?post=382336"},{"taxonomy":"brands","embeddable":true,"href":"https:\/\/mediatrade.fi\/en\/wp-json\/wp\/v2\/brands?post=382336"},{"taxonomy":"id_product_type","embeddable":true,"href":"https:\/\/mediatrade.fi\/en\/wp-json\/wp\/v2\/id_product_type?post=382336"}],"curies":[{"name":"wp","href":"https:\/\/api.w.org\/{rel}","templated":true}]}}