{"id":382338,"date":"2023-06-01T15:32:02","date_gmt":"2025-01-21T15:48:04","guid":{"rendered":"https:\/\/mediatrade.fi\/tuote\/storm-cine-8-monitor-v-mount-2\/"},"modified":"2025-02-04T18:22:42","modified_gmt":"2025-02-04T16:22:42","slug":"storm-cine-8-monitor-v-mount-2","status":"publish","type":"product","link":"https:\/\/mediatrade.fi\/en\/product\/storm-cine-8-monitor-v-mount-2\/","title":{"rendered":"Storm Cine 8 monitor (V mount)"},"content":{"rendered":"\n<section class=\"block block-woocommerce-product-description container-fluid container-fluid \">\n    <div class=\"container\">\n        <div class=\"row\">\n            <div class=\"col-12 col-md-6 order-2 order-md-1 attachments-col\">\n                                <div style=\"height: 100%;\" class=\"oembed oembed-youtube\">        <div class=\"cookieconsent-optout-marketing\">            <a href=\"javascript:Cookiebot.renew()\">Hyv\u00e4ksy markkinointiev\u00e4steet<\/a>            katsoaksesi videon.        <\/div><iframe title=\"Vaxis Cine 8 - Start A New Era Of Wireless Monitor\" width=\"840\" height=\"473\" src=\"https:\/\/www.youtube.com\/embed\/sVB59dRNAHE?feature=oembed&#038;enablejsapi=1&#038;origin=https:\/\/mediatrade.fi\" frameborder=\"0\" allow=\"accelerometer; autoplay; clipboard-write; encrypted-media; gyroscope; picture-in-picture; web-share\" allowfullscreen><\/iframe><\/div>            <\/div>\n\n            <div class=\"col-12 col-md-5 offset-md-1 order-1 order-md-2\">\n                <main class=\"entry-content\">\n                    \n\n<h2 class=\"wp-block-heading\">Tuotetiedot<\/h2>\n\n\n\n<p>Vaxis Storm Cine 8 -monitori &#8211; 8,9 tuumaa, 4K-resoluutio 2560&#215;1600 pikseli\u00e4, 1500 nitin huippukirkkaus &#8211; sis\u00e4\u00e4nrakennettu Storm 3000 RX.<\/p>\n\n\n\n<h3 class=\"wp-block-heading\">Ominaisuudet<\/h3>\n\n\n\n<ul class=\"wp-block-list\">\n<li><strong>Itse kehitetty j\u00e4rjestelm\u00e4<\/strong><br>Vaxisin ensimm\u00e4inen ja ainoa itse kehitetty CINE OS -kosketusk\u00e4ytt\u00f6j\u00e4rjestelm\u00e4.<\/li>\n\n\n\n<li><strong>3D-hakutaulukko tetraedrisella interpoloinnilla<\/strong><br>Tarkka v\u00e4ris\u00e4\u00e4t\u00f6 kolmiulotteisessa tilassa, tehokkaampi ja tarkempi hakutaulukko<\/li>\n\n\n\n<li><strong>Kuva kuvassa -tila<\/strong><br>Monikanavainen p\u00e4\u00e4sy n\u00e4ytt\u00f6\u00f6n, vaihda kuva-kuvassa -n\u00e4yt\u00f6n sijainti minne tahansa<\/li>\n\n\n\n<li><strong>Kuvakaappausten ja LUTS:n vertailu<\/strong><br>J\u00e4rjestelm\u00e4ss\u00e4 voi suoraan verrata ei-perinteist\u00e4 kuvan j\u00e4\u00e4dytyst\u00e4, todellista kuvakaappausta ja reaaliaikaista kuvaa.<\/li>\n\n\n\n<li><strong>Runsas langaton ohjaus<\/strong><br>Siin\u00e4 on kaikki perinteisen langattoman videoj\u00e4rjestelm\u00e4n toiminnot ja optimoitu vuorovaikutusmenetelm\u00e4. Tarjoaa erilaisia antenninvalintamenetelmi\u00e4 ja integroi taajuuspyyhk\u00e4isytoiminnon.<\/li>\n\n\n\n<li><strong>Yksityiskohtainen seurantaj\u00e4rjestelm\u00e4<\/strong><br>Aaltomuodon kuvaajat, vektorikaaviot, sek\u00e4 histogrammit kattavat ja sis\u00e4lt\u00e4v\u00e4t kaiken.<\/li>\n\n\n\n<li><strong>Aito t\u00e4yskuva 4K-valmiudella<\/strong><br>Vaxis CINE8 oli edell\u00e4k\u00e4vij\u00e4 6G SDI-kuvan sy\u00f6t\u00f6ss\u00e4 ja ulostulossa, aidolla t\u00e4yskuvallisella 4K-n\u00e4yt\u00f6ll\u00e4, 303PPI super retinan visuaalisella selkeydell\u00e4.<\/li>\n\n\n\n<li><strong>1+1 &gt; 2<\/strong><br>AB-kameran monikulmakuvien samanaikainen seuranta, tukee useiden signaalil\u00e4hteiden synkronista tuontia, aito 1+1&gt;2<\/li>\n\n\n\n<li><strong>Vaihdettava antenni<\/strong><br>Antenniton muotoilu houkuttelevalla ulkon\u00e4\u00f6ll\u00e4 ja vakaalla suorituskyvyll\u00e4 samanaikaisesti, my\u00f6s ulkoiset antennit voidaan liitt\u00e4\u00e4 paremman kantaman ja suorituskyvyn saavuttamiseksi.<\/li>\n\n\n\n<li><strong>HDR dynaaminen kompensointi<\/strong><br>Optimoi ja s\u00e4\u00e4d\u00e4 tavallinen HDR-elokuval\u00e4hde ruutu kerrallaan huippulaadukkaaksi HDR-n\u00e4yt\u00f6ksi, jossa yksityiskohdat n\u00e4ytt\u00e4v\u00e4t el\u00e4vilt\u00e4.<\/li>\n\n\n\n<li><strong>AFCA<\/strong><br>Itsekehitetty AFCA-\u00e4lyk\u00e4s tarkennusavustusalgoritmi ja dynaaminen videon parannusalgoritmi luovat kuvan reunoille ennenn\u00e4kem\u00e4tt\u00f6m\u00e4n ter\u00e4vyyden ja hallitsevat k\u00e4tevimm\u00e4n tavan tarkentaa.<\/li>\n\n\n\n<li>Ennenn\u00e4kem\u00e4tt\u00f6m\u00e4n tehokas 8,9 tuuman kosketusn\u00e4ytt\u00f6, 1500 nit huippukirkkaus, 2560*1600 n\u00e4yt\u00f6n tarkkuus<\/li>\n\n\n\n<li>Varustettu Vaxisin itse kehitt\u00e4m\u00e4ll\u00e4 CINE OS -kosketusk\u00e4ytt\u00f6j\u00e4rjestelm\u00e4ll\u00e4.<\/li>\n\n\n\n<li>Sis\u00e4\u00e4nrakennettu langaton vastaanotin, yhteensopiva kaikkien Storm-sarjan l\u00e4hettimien kanssa.<\/li>\n\n\n\n<li>N\u00e4yt\u00f6n jakaminen, seuraa eri signaalil\u00e4hteit\u00e4 samalla n\u00e4yt\u00f6ll\u00e4. Langattoman signaalin ja SDI\/HDMI:n samanaikainen n\u00e4ytt\u00f6<\/li>\n\n\n\n<li>6G SDI-kuvan sis\u00e4\u00e4n- ja ulostulo, aito t\u00e4yskuva 4K-n\u00e4ytt\u00f6, 330PPI super retinan visuaalinen selkeys.<\/li>\n\n\n\n<li>Itsekehitetty AFCA-\u00e4lyk\u00e4s tarkennusavustusalgoritmi ja dynaaminen videon parannusalgoritmi luovat kuvan reunoille ennenn\u00e4kem\u00e4tt\u00f6m\u00e4n ter\u00e4vyyden ja hallitsevat k\u00e4tevimm\u00e4n tavan tarkentaa.<\/li>\n\n\n\n<li>3D-hakutaulukko tetraedrisella interpoloinnilla, tarkka v\u00e4ris\u00e4\u00e4t\u00f6 kolmiulotteisessa tilassa.<\/li>\n\n\n\n<li>Runsas langaton ohjaus. Siin\u00e4 on kaikki perinteisen langattoman videoj\u00e4rjestelm\u00e4n toiminnot ja optimoitu vuorovaikutusmenetelm\u00e4. Tarjoaa erilaisia antenninvalintamenetelmi\u00e4 ja integroi taajuuspyyhk\u00e4isytoiminnon<\/li>\n\n\n\n<li>Antenniton muotoilu houkuttelevalla ulkon\u00e4\u00f6ll\u00e4 ja vakaalla suorituskyvyll\u00e4 samanaikaisesti. Ulkoiset antennit voidaan my\u00f6s liitt\u00e4\u00e4 paremman kantaman ja suorituskyvyn saavuttamiseksi.<\/li>\n\n\n\n<li>Ammattimainen muotoilu ammattimaisille elokuvantekij\u00f6ille, ohjaajille, tarkennuksen vet\u00e4jille jne.<\/li>\n<\/ul>\n\n\n\n<h3 class=\"wp-block-heading\">Paketissa<\/h3>\n\n\n\n<ul class=\"wp-block-list\">\n<li>1x Cine 8 -monitori<\/li>\n\n\n\n<li>1x lentokotelo<\/li>\n\n\n\n<li>5x lapa-antenni<\/li>\n\n\n\n<li>1x virtajohto<\/li>\n\n\n\n<li>2x puiset kahvat<\/li>\n\n\n\n<li>1x n\u00e4yt\u00f6nsuoja karkaistua lasia<\/li>\n<\/ul>\n\n\n                <\/main>\n            <\/div>\n        <\/div>\n    <\/div>\n<\/section>\n\n\n\n    \n\n\n\n","protected":false},"excerpt":{"rendered":"","protected":false},"featured_media":433596,"template":"","meta":{"_acf_changed":false,"_relevanssi_hide_post":"","_relevanssi_hide_content":"","_relevanssi_pin_for_all":"","_relevanssi_pin_keywords":"","_relevanssi_unpin_keywords":"","_relevanssi_related_keywords":"","_relevanssi_related_include_ids":"","_relevanssi_related_exclude_ids":"","_relevanssi_related_no_append":"","_relevanssi_related_not_related":"","_relevanssi_related_posts":"","_relevanssi_noindex_reason":""},"product_brand":[],"product_cat":[15,41,225],"product_tag":[6542,996,6540,6541],"brands":[6539],"id_product_type":[],"class_list":{"0":"post-382338","1":"product","2":"type-product","3":"status-publish","4":"has-post-thumbnail","6":"product_cat-kaikki","7":"product_cat-kuva","8":"product_cat-monitorit-tarvikkeet","9":"product_tag-6542","10":"product_tag-monitori","11":"product_tag-storm-cine-8-monitor-v-mount","12":"product_tag-vaxis","14":"first","15":"onbackorder","16":"taxable","17":"shipping-taxable","18":"purchasable","19":"product-type-simple"},"bundled_by":[],"bundle_stock_status":"onbackorder","bundle_stock_quantity":0,"bundle_virtual":false,"bundle_layout":"","bundle_add_to_cart_form_location":"","bundle_editable_in_cart":false,"bundle_sold_individually_context":"","bundle_item_grouping":"","bundle_min_size":"","bundle_max_size":"","bundle_price":[],"bundled_items":[],"bundle_sell_ids":[],"acf":[],"yoast_head":"<!-- This site is optimized with the Yoast SEO plugin v27.1.1 - https:\/\/yoast.com\/product\/yoast-seo-wordpress\/ -->\n<title>Storm Cine 8 monitor (V mount) - Mediatrade<\/title>\n<meta name=\"description\" content=\"Vaxis Storm Cine 8 -monitori - 8,9 tuumaa, 4K-resoluutio 2560x1600 pikseli\u00e4, 1500 nitin huippukirkkaus - sis\u00e4\u00e4nrakennettu Storm 3000 RX.\" \/>\n<meta name=\"robots\" content=\"index, follow, max-snippet:-1, max-image-preview:large, max-video-preview:-1\" \/>\n<link rel=\"canonical\" href=\"https:\/\/mediatrade.fi\/en\/product\/storm-cine-8-monitor-v-mount-2\/\" \/>\n<meta property=\"og:locale\" content=\"en_US\" \/>\n<meta property=\"og:type\" content=\"article\" \/>\n<meta property=\"og:title\" content=\"Storm Cine 8 monitor (V mount) - Mediatrade\" \/>\n<meta property=\"og:description\" content=\"Vaxis Storm Cine 8 -monitori - 8,9 tuumaa, 4K-resoluutio 2560x1600 pikseli\u00e4, 1500 nitin huippukirkkaus - sis\u00e4\u00e4nrakennettu Storm 3000 RX.\" \/>\n<meta property=\"og:url\" content=\"https:\/\/mediatrade.fi\/en\/product\/storm-cine-8-monitor-v-mount-2\/\" \/>\n<meta property=\"og:site_name\" content=\"Mediatrade\" \/>\n<meta property=\"article:modified_time\" content=\"2025-02-04T16:22:42+00:00\" \/>\n<meta property=\"og:image\" content=\"https:\/\/mediatrade.fi\/wp-content\/uploads\/2023\/06\/800q-01_118108.png\" \/>\n\t<meta property=\"og:image:width\" content=\"800\" \/>\n\t<meta property=\"og:image:height\" content=\"671\" \/>\n\t<meta property=\"og:image:type\" content=\"image\/png\" \/>\n<meta name=\"twitter:card\" content=\"summary_large_image\" \/>\n<meta name=\"twitter:label1\" content=\"Est. reading time\" \/>\n\t<meta name=\"twitter:data1\" content=\"3 minutes\" \/>\n<script type=\"application\/ld+json\" class=\"yoast-schema-graph\">{\"@context\":\"https:\/\/schema.org\",\"@graph\":[{\"@type\":\"WebPage\",\"@id\":\"https:\/\/mediatrade.fi\/en\/product\/storm-cine-8-monitor-v-mount-2\/\",\"url\":\"https:\/\/mediatrade.fi\/en\/product\/storm-cine-8-monitor-v-mount-2\/\",\"name\":\"Storm Cine 8 monitor (V mount) - Mediatrade\",\"isPartOf\":{\"@id\":\"https:\/\/mediatrade.fi\/en\/#website\"},\"primaryImageOfPage\":{\"@id\":\"https:\/\/mediatrade.fi\/en\/product\/storm-cine-8-monitor-v-mount-2\/#primaryimage\"},\"image\":{\"@id\":\"https:\/\/mediatrade.fi\/en\/product\/storm-cine-8-monitor-v-mount-2\/#primaryimage\"},\"thumbnailUrl\":\"https:\/\/mediatrade.fi\/wp-content\/uploads\/2023\/06\/800q-01_118108.png\",\"datePublished\":\"2025-01-21T15:48:04+00:00\",\"dateModified\":\"2025-02-04T16:22:42+00:00\",\"description\":\"Vaxis Storm Cine 8 -monitori - 8,9 tuumaa, 4K-resoluutio 2560x1600 pikseli\u00e4, 1500 nitin huippukirkkaus - sis\u00e4\u00e4nrakennettu Storm 3000 RX.\",\"breadcrumb\":{\"@id\":\"https:\/\/mediatrade.fi\/en\/product\/storm-cine-8-monitor-v-mount-2\/#breadcrumb\"},\"inLanguage\":\"en-US\",\"potentialAction\":[{\"@type\":\"ReadAction\",\"target\":[\"https:\/\/mediatrade.fi\/en\/product\/storm-cine-8-monitor-v-mount-2\/\"]}]},{\"@type\":\"ImageObject\",\"inLanguage\":\"en-US\",\"@id\":\"https:\/\/mediatrade.fi\/en\/product\/storm-cine-8-monitor-v-mount-2\/#primaryimage\",\"url\":\"https:\/\/mediatrade.fi\/wp-content\/uploads\/2023\/06\/800q-01_118108.png\",\"contentUrl\":\"https:\/\/mediatrade.fi\/wp-content\/uploads\/2023\/06\/800q-01_118108.png\",\"width\":800,\"height\":671},{\"@type\":\"BreadcrumbList\",\"@id\":\"https:\/\/mediatrade.fi\/en\/product\/storm-cine-8-monitor-v-mount-2\/#breadcrumb\",\"itemListElement\":[{\"@type\":\"ListItem\",\"position\":1,\"name\":\"Front Page\",\"item\":\"https:\/\/mediatrade.fi\/en\/\"},{\"@type\":\"ListItem\",\"position\":2,\"name\":\"Shop\",\"item\":\"https:\/\/mediatrade.fi\/en\/shop\/\"},{\"@type\":\"ListItem\",\"position\":3,\"name\":\"Storm Cine 8 monitor (V mount)\"}]},{\"@type\":\"WebSite\",\"@id\":\"https:\/\/mediatrade.fi\/en\/#website\",\"url\":\"https:\/\/mediatrade.fi\/en\/\",\"name\":\"Mediatrade\",\"description\":\"\",\"publisher\":{\"@id\":\"https:\/\/mediatrade.fi\/en\/#organization\"},\"potentialAction\":[{\"@type\":\"SearchAction\",\"target\":{\"@type\":\"EntryPoint\",\"urlTemplate\":\"https:\/\/mediatrade.fi\/en\/?s={search_term_string}\"},\"query-input\":{\"@type\":\"PropertyValueSpecification\",\"valueRequired\":true,\"valueName\":\"search_term_string\"}}],\"inLanguage\":\"en-US\"},{\"@type\":\"Organization\",\"@id\":\"https:\/\/mediatrade.fi\/en\/#organization\",\"name\":\"Mediatrade\",\"url\":\"https:\/\/mediatrade.fi\/en\/\",\"logo\":{\"@type\":\"ImageObject\",\"inLanguage\":\"en-US\",\"@id\":\"https:\/\/mediatrade.fi\/en\/#\/schema\/logo\/image\/\",\"url\":\"https:\/\/mediatrade.fi\/wp-content\/uploads\/2022\/04\/Group-640.svg\",\"contentUrl\":\"https:\/\/mediatrade.fi\/wp-content\/uploads\/2022\/04\/Group-640.svg\",\"width\":128,\"height\":43,\"caption\":\"Mediatrade\"},\"image\":{\"@id\":\"https:\/\/mediatrade.fi\/en\/#\/schema\/logo\/image\/\"}}]}<\/script>\n<!-- \/ Yoast SEO plugin. -->","yoast_head_json":{"title":"Storm Cine 8 monitor (V mount) - Mediatrade","description":"Vaxis Storm Cine 8 -monitori - 8,9 tuumaa, 4K-resoluutio 2560x1600 pikseli\u00e4, 1500 nitin huippukirkkaus - sis\u00e4\u00e4nrakennettu Storm 3000 RX.","robots":{"index":"index","follow":"follow","max-snippet":"max-snippet:-1","max-image-preview":"max-image-preview:large","max-video-preview":"max-video-preview:-1"},"canonical":"https:\/\/mediatrade.fi\/en\/product\/storm-cine-8-monitor-v-mount-2\/","og_locale":"en_US","og_type":"article","og_title":"Storm Cine 8 monitor (V mount) - Mediatrade","og_description":"Vaxis Storm Cine 8 -monitori - 8,9 tuumaa, 4K-resoluutio 2560x1600 pikseli\u00e4, 1500 nitin huippukirkkaus - sis\u00e4\u00e4nrakennettu Storm 3000 RX.","og_url":"https:\/\/mediatrade.fi\/en\/product\/storm-cine-8-monitor-v-mount-2\/","og_site_name":"Mediatrade","article_modified_time":"2025-02-04T16:22:42+00:00","og_image":[{"width":800,"height":671,"url":"https:\/\/mediatrade.fi\/wp-content\/uploads\/2023\/06\/800q-01_118108.png","type":"image\/png"}],"twitter_card":"summary_large_image","twitter_misc":{"Est. reading time":"3 minutes"},"schema":{"@context":"https:\/\/schema.org","@graph":[{"@type":"WebPage","@id":"https:\/\/mediatrade.fi\/en\/product\/storm-cine-8-monitor-v-mount-2\/","url":"https:\/\/mediatrade.fi\/en\/product\/storm-cine-8-monitor-v-mount-2\/","name":"Storm Cine 8 monitor (V mount) - Mediatrade","isPartOf":{"@id":"https:\/\/mediatrade.fi\/en\/#website"},"primaryImageOfPage":{"@id":"https:\/\/mediatrade.fi\/en\/product\/storm-cine-8-monitor-v-mount-2\/#primaryimage"},"image":{"@id":"https:\/\/mediatrade.fi\/en\/product\/storm-cine-8-monitor-v-mount-2\/#primaryimage"},"thumbnailUrl":"https:\/\/mediatrade.fi\/wp-content\/uploads\/2023\/06\/800q-01_118108.png","datePublished":"2025-01-21T15:48:04+00:00","dateModified":"2025-02-04T16:22:42+00:00","description":"Vaxis Storm Cine 8 -monitori - 8,9 tuumaa, 4K-resoluutio 2560x1600 pikseli\u00e4, 1500 nitin huippukirkkaus - sis\u00e4\u00e4nrakennettu Storm 3000 RX.","breadcrumb":{"@id":"https:\/\/mediatrade.fi\/en\/product\/storm-cine-8-monitor-v-mount-2\/#breadcrumb"},"inLanguage":"en-US","potentialAction":[{"@type":"ReadAction","target":["https:\/\/mediatrade.fi\/en\/product\/storm-cine-8-monitor-v-mount-2\/"]}]},{"@type":"ImageObject","inLanguage":"en-US","@id":"https:\/\/mediatrade.fi\/en\/product\/storm-cine-8-monitor-v-mount-2\/#primaryimage","url":"https:\/\/mediatrade.fi\/wp-content\/uploads\/2023\/06\/800q-01_118108.png","contentUrl":"https:\/\/mediatrade.fi\/wp-content\/uploads\/2023\/06\/800q-01_118108.png","width":800,"height":671},{"@type":"BreadcrumbList","@id":"https:\/\/mediatrade.fi\/en\/product\/storm-cine-8-monitor-v-mount-2\/#breadcrumb","itemListElement":[{"@type":"ListItem","position":1,"name":"Front Page","item":"https:\/\/mediatrade.fi\/en\/"},{"@type":"ListItem","position":2,"name":"Shop","item":"https:\/\/mediatrade.fi\/en\/shop\/"},{"@type":"ListItem","position":3,"name":"Storm Cine 8 monitor (V mount)"}]},{"@type":"WebSite","@id":"https:\/\/mediatrade.fi\/en\/#website","url":"https:\/\/mediatrade.fi\/en\/","name":"Mediatrade","description":"","publisher":{"@id":"https:\/\/mediatrade.fi\/en\/#organization"},"potentialAction":[{"@type":"SearchAction","target":{"@type":"EntryPoint","urlTemplate":"https:\/\/mediatrade.fi\/en\/?s={search_term_string}"},"query-input":{"@type":"PropertyValueSpecification","valueRequired":true,"valueName":"search_term_string"}}],"inLanguage":"en-US"},{"@type":"Organization","@id":"https:\/\/mediatrade.fi\/en\/#organization","name":"Mediatrade","url":"https:\/\/mediatrade.fi\/en\/","logo":{"@type":"ImageObject","inLanguage":"en-US","@id":"https:\/\/mediatrade.fi\/en\/#\/schema\/logo\/image\/","url":"https:\/\/mediatrade.fi\/wp-content\/uploads\/2022\/04\/Group-640.svg","contentUrl":"https:\/\/mediatrade.fi\/wp-content\/uploads\/2022\/04\/Group-640.svg","width":128,"height":43,"caption":"Mediatrade"},"image":{"@id":"https:\/\/mediatrade.fi\/en\/#\/schema\/logo\/image\/"}}]}},"_links":{"self":[{"href":"https:\/\/mediatrade.fi\/en\/wp-json\/wp\/v2\/product\/382338","targetHints":{"allow":["GET"]}}],"collection":[{"href":"https:\/\/mediatrade.fi\/en\/wp-json\/wp\/v2\/product"}],"about":[{"href":"https:\/\/mediatrade.fi\/en\/wp-json\/wp\/v2\/types\/product"}],"wp:featuredmedia":[{"embeddable":true,"href":"https:\/\/mediatrade.fi\/en\/wp-json\/wp\/v2\/media\/433596"}],"wp:attachment":[{"href":"https:\/\/mediatrade.fi\/en\/wp-json\/wp\/v2\/media?parent=382338"}],"wp:term":[{"taxonomy":"product_brand","embeddable":true,"href":"https:\/\/mediatrade.fi\/en\/wp-json\/wp\/v2\/product_brand?post=382338"},{"taxonomy":"product_cat","embeddable":true,"href":"https:\/\/mediatrade.fi\/en\/wp-json\/wp\/v2\/product_cat?post=382338"},{"taxonomy":"product_tag","embeddable":true,"href":"https:\/\/mediatrade.fi\/en\/wp-json\/wp\/v2\/product_tag?post=382338"},{"taxonomy":"brands","embeddable":true,"href":"https:\/\/mediatrade.fi\/en\/wp-json\/wp\/v2\/brands?post=382338"},{"taxonomy":"id_product_type","embeddable":true,"href":"https:\/\/mediatrade.fi\/en\/wp-json\/wp\/v2\/id_product_type?post=382338"}],"curies":[{"name":"wp","href":"https:\/\/api.w.org\/{rel}","templated":true}]}}