{"id":382375,"date":"2023-05-15T11:22:39","date_gmt":"2025-01-21T15:48:31","guid":{"rendered":"https:\/\/mediatrade.fi\/tuote\/solidcom-c1-full-duplex-wireless-intercom-system-with-8-headsets-2\/"},"modified":"2025-02-04T18:23:12","modified_gmt":"2025-02-04T16:23:12","slug":"solidcom-c1-full-duplex-wireless-intercom-system-with-8-headsets-2","status":"publish","type":"product","link":"https:\/\/mediatrade.fi\/en\/product\/solidcom-c1-full-duplex-wireless-intercom-system-with-8-headsets-2\/","title":{"rendered":"Solidcom C1 Full Duplex Wireless Intercom System with 8 headsets"},"content":{"rendered":"\n<section class=\"block block-woocommerce-product-description container-fluid container-fluid \">\n    <div class=\"container\">\n        <div class=\"row\">\n            <div class=\"col-12 col-md-6 order-2 order-md-1 attachments-col\">\n                                <div style=\"height: 100%;\" class=\"oembed oembed-youtube\">        <div class=\"cookieconsent-optout-marketing\">            <a href=\"javascript:Cookiebot.renew()\">Hyv\u00e4ksy markkinointiev\u00e4steet<\/a>            katsoaksesi videon.        <\/div><iframe title=\"Introducing Hollyland SOLIDCOM C1 | Team Talk On The Go\" width=\"840\" height=\"473\" src=\"https:\/\/www.youtube.com\/embed\/teXRkk84mB4?feature=oembed\" frameborder=\"0\" allow=\"accelerometer; autoplay; clipboard-write; encrypted-media; gyroscope; picture-in-picture; web-share\" allowfullscreen><\/iframe><\/div>            <\/div>\n\n            <div class=\"col-12 col-md-5 offset-md-1 order-1 order-md-2\">\n                <main class=\"entry-content\">\n                    \n\n<h2 class=\"wp-block-heading\">Tuotetiedot<\/h2>\n\n\n\n<p>Solidcom C1 -t\u00e4ysdupleksinen langaton intercom-kuulokej\u00e4rjestelm\u00e4, jossa k\u00e4ytet\u00e4\u00e4n kehittynytt\u00e4 DECT 6.0 -tekniikkaa, on Hollylandin ensimm\u00e4inen aidosti langaton ja itsen\u00e4inen kuulokeviestint\u00e4ratkaisu, jossa on poikkeuksellisen selke\u00e4 \u00e4\u00e4ni. J\u00e4rjestelm\u00e4 toimii 1,9 GHz:n taajuuskaistalla ja tarjoaa luotettavan l\u00e4hetysalueen jopa 350 metrin s\u00e4teell\u00e4 (LOS).<\/p>\n\n\n\n<h3 class=\"wp-block-heading\">Ominaisuudet<\/h3>\n\n\n\n<ul class=\"wp-block-list\">\n<li><strong>T\u00e4ysin dupleksinen langaton intercom-kuulokej\u00e4rjestelm\u00e4<\/strong>\u00a0Solidcom C1 -t\u00e4ysdupleksinen langaton intercom-kuulokej\u00e4rjestelm\u00e4, jossa k\u00e4ytet\u00e4\u00e4n kehittynytt\u00e4 DECT 6.0 -tekniikkaa, on Hollylandin ensimm\u00e4inen aidosti langaton ja itsen\u00e4inen kuulokekommunikaatioratkaisu, jossa on poikkeuksellisen selke\u00e4 \u00e4\u00e4ni. J\u00e4rjestelm\u00e4 toimii 1,9 GHz:n taajuusalueella ja tarjoaa luotettavan l\u00e4hetysalueen jopa 350 metrin s\u00e4teell\u00e4 (LOS).<\/li>\n\n\n\n<li><strong>Vaiheittainen keskustelun sujuvuus<\/strong>\u00a0K\u00e4det vapaana -toiminto maksimoi tiimin tuottavuuden.<\/li>\n\n\n\n<li>Jokaisessa kuulokkeessa on kaksoisantennin diversiteettij\u00e4rjestelm\u00e4, joka vahvistaa h\u00e4iri\u00f6nsietokyky\u00e4 ja takaa turvallisen ja jatkuvan tiimiviestinn\u00e4n monimutkaisissa ymp\u00e4rist\u00f6iss\u00e4.<\/li>\n\n\n\n<li><strong>Todella langaton itsen\u00e4isesti toimiva kuulokkeiden viestint\u00e4ratkaisu<\/strong>\u00a0Ilman vy\u00f6laukkua tai tukiasemaa se tarjoaa eritt\u00e4in kannettavan ja handsfree-koordinointikokemuksen mediatuotantotiimeille tai mille tahansa tiimille, joka etsii reaaliaikaista estotonta puheviestint\u00e4\u00e4 sosiaalisesti et\u00e4\u00e4ll\u00e4 sijaitsevissa ty\u00f6skentelytilanteissa.<\/li>\n\n\n\n<li><strong>Valmiina laatikosta, helppo k\u00e4ytt\u00e4\u00e4<\/strong>\u00a0Kuulokkeet kytkeytyv\u00e4t automaattisesti heti laatikosta. K\u00e4ynnist\u00e4 se ja k\u00e4ynnist\u00e4 p\u00e4iv\u00e4si.<\/li>\n\n\n\n<li><strong>Mukava k\u00e4ytt\u00e4\u00e4 koko p\u00e4iv\u00e4n<\/strong>\u00a0Kukin yksitt\u00e4inen kuuloke painaa vain 168 g, mik\u00e4 on kevyempi kuin iPhone12, ja tarjoaa mukavan k\u00e4ytt\u00f6kokemuksen pitkienkin tuntien ajan. Kuulokkeet on valmistettu hienosti PC-ABS-materiaaleista, jotka takaavat erinomaisen joustavuuden ja kest\u00e4vyyden.<\/li>\n\n\n\n<li><strong>Vaihdettavat korvatyynyt<\/strong>\u00a0Korvassa olevat vaahtomuovit ja yli korvatyynyt on saatavana eri k\u00e4ytt\u00f6tottumuksia varten. Helppo vaihtaa ja vapaasti jakaa.<\/li>\n\n\n\n<li><strong>Lataava ja vaihdettava akku pident\u00e4\u00e4 ty\u00f6aikaa<\/strong>\u00a0Jokaisessa sis\u00e4puhelinkuulokkeessa on varalithiumparisto, joka voidaan vaihtaa k\u00e4tev\u00e4sti kent\u00e4ll\u00e4, jolloin j\u00e4rjestelm\u00e4t pysyv\u00e4t toiminnassa minimaalisella seisokkiajalla. Akut ovat ladattavissa ulkoisesti erillisell\u00e4 moniporttilaturilla. Kunkin akun t\u00e4ysi lataus kest\u00e4\u00e4 vain 2,5 tuntia, mik\u00e4 tukee jopa 10 tunnin k\u00e4ytt\u00f6aikaa et\u00e4kuulokkeessa ja 5-6 tunnin k\u00e4ytt\u00f6aikaa p\u00e4\u00e4kuulokkeessa riippuen liitettyjen et\u00e4kuulokkeiden m\u00e4\u00e4r\u00e4st\u00e4.<\/li>\n\n\n\n<li><strong>Laajakaistainen selke\u00e4 \u00e4\u00e4nenlaatu tarkkaa koordinointia varten<\/strong>. Solidcom C1 -sis\u00e4puhelinkuulokkeet tukevat laajakaistaista taajuusvastausta 150 Hz:st\u00e4 7 kHz:iin ja ensiluokkaista AEC (Acoustic Echo Cancellation) -suorituskyky\u00e4, joten ne takaavat aidon ja selke\u00e4n \u00e4\u00e4nenlaadun tehokasta tiimity\u00f6t\u00e4 varten. J\u00e4rjestelm\u00e4 on varustettu suuntaavalla mikrofonilla, joka vangitsee puhujan \u00e4\u00e4nen tarkasti ja minimoi samalla ei-toivotut \u00e4\u00e4net, ja se tarjoaa vaivattoman keskustelukokemuksen my\u00f6s meluisissa ymp\u00e4rist\u00f6iss\u00e4.<\/li>\n\n\n\n<li><strong>Pysy yhteydess\u00e4 kuuluvuusalueella<\/strong>\u00a0Solidcom C1 -p\u00e4\u00e4kuulokkeisiin sis\u00e4\u00e4nrakennettu l\u00e4hetin-vastaanotin luo luotettavan langattoman viestinn\u00e4n s\u00e4teen jopa 350 metriin asti. N\u00e4in tiimisi voi pit\u00e4\u00e4 yhteytt\u00e4 ja liikkua vapaasti suurtapahtumassa, kuvauspaikalla tai joukkoalueoperaatiossa. Solidcom C1 HUB -tukiasema tarjoaa saman laajuisen peittoalueen.<\/li>\n\n\n\n<li><strong>Parannettu vakaus ja turvallisuus DECT 6.0:n avulla<\/strong>\u00a0Solidcom C1 on rakennettu tehokkaalle DECT 6.0 -alustalle, ja se voi est\u00e4\u00e4 j\u00e4rjestelm\u00e4n ulkopuolisia henkil\u00f6it\u00e4 kuulemasta keskusteluasi k\u00e4ytetyn salaustekniikan avulla; ja se tarjoaa erinomaisen l\u00e4hetyksen vakauden kaksinkertaistetun k\u00e4ytt\u00e4j\u00e4kapasiteetin avulla viestint\u00e4kanavalla.<\/li>\n\n\n\n<li><strong>Lis\u00e4\u00e4 toimintoja HUB-k\u00e4ytt\u00f6\u00f6notolla\u00a0<em>(saatavana lis\u00e4varusteena)<\/em><\/strong>\u00a0*** Jatka puhumista matkalla AB-ryhmittelyn avulla. HUB-tukiasema voi pit\u00e4\u00e4 tiimin yhteydess\u00e4 matkalla, sill\u00e4 se on akkuk\u00e4ytt\u00f6inen ja tarjoaa 350 metrin l\u00e4hetysalueen ja kaksi viestint\u00e4kanavaa tiimille.<\/li>\n\n\n\n<li><strong>Jopa 3 j\u00e4rjestelm\u00e4n kaskadikytkent\u00e4<\/strong>\u00a0Solidcom C1 HUB -alusta voi liitt\u00e4\u00e4 jopa 3 j\u00e4rjestelm\u00e4\u00e4 toisiinsa IP-verkon, 2-johtimisen tai 4-johtimisen \u00e4\u00e4nitulo- ja -l\u00e4ht\u00f6liit\u00e4nn\u00e4n kautta monimutkaisempien tosiel\u00e4m\u00e4n toimintavaatimusten t\u00e4ytt\u00e4miseksi.<\/li>\n\n\n\n<li><strong>UAC-toiminto<\/strong>\u00a0Hub-asema voidaan liitt\u00e4\u00e4 tietokoneeseen tai PC:hen verkkokokouksia tai suoratoistoa varten. Puhelun tilan valvontatoiminto tulee pian seuraavalla kierroksella.<\/li>\n\n\n\n<li>Kahta Solidcom C1 -sarjaa ilman keskusta ei voi kaskadoida toisiinsa, ja yksi Solidcom C1 -sarja ilman keskusta tukee enint\u00e4\u00e4n 8 kuuloketta, mukaan lukien p\u00e4\u00e4kuuloke ja et\u00e4kuulokkeet.<\/li>\n\n\n\n<li>Jos haluat k\u00e4ytt\u00e4\u00e4 enemm\u00e4n kuin 8 kuuloketta (mukaan lukien p\u00e4\u00e4kuulokkeet ja et\u00e4kuulokkeet), sinun on hankittava v\u00e4hint\u00e4\u00e4n kaksi Solidcom C1 -sarjaa, joissa on keskitin, ja kaskadoitava ne toisiinsa.<\/li>\n<\/ul>\n\n\n\n<h3 class=\"wp-block-heading\">Paketissa<\/h3>\n\n\n\n<ul class=\"wp-block-list\">\n<li>P\u00e4\u00e4kuuloke<\/li>\n\n\n\n<li>7 x Follower-kuulokkeet<\/li>\n\n\n\n<li>Latauskotelo<\/li>\n\n\n\n<li>8 x Nahkatyyny korvien yli<\/li>\n\n\n\n<li>8 x vaahtomuovinen korvapehmuste<\/li>\n\n\n\n<li>8 x mikrofonin tuulisuoja<\/li>\n\n\n\n<li>8 x akku<\/li>\n\n\n\n<li>USB Type-A ja USB Type-C kaapeli<\/li>\n\n\n\n<li>Virtal\u00e4hde<\/li>\n\n\n\n<li>S\u00e4ilytyslaukku<\/li>\n<\/ul>\n\n\n                <\/main>\n            <\/div>\n        <\/div>\n    <\/div>\n<\/section>\n\n\n\n    \n\n\n\n<section class=\"block block-profile-listing container-fluid \">\n    <div class=\"container\">\n        <div class=\"row\">\n            <main class=\"entry-content col-12\">\n                \n\n<h2 class=\"wp-block-heading\">Asiantuntijamme<\/h2>\n\n\n            <\/main>\n                        <div class=\"col-12 col-lg-6\">\n                <div class=\"person-wrapper\">\n                    <div class=\"image-wrapper\">\n                        <img decoding=\"async\" width=\"1152\" height=\"2048\" src=\"https:\/\/mediatrade.fi\/wp-content\/uploads\/2022\/04\/I82A6513.jpg\" class=\"attachment-post-thumbnail size-post-thumbnail wp-post-image\" alt=\"\" srcset=\"https:\/\/mediatrade.fi\/wp-content\/uploads\/2022\/04\/I82A6513.jpg 1152w, https:\/\/mediatrade.fi\/wp-content\/uploads\/2022\/04\/I82A6513-169x300.jpg 169w, https:\/\/mediatrade.fi\/wp-content\/uploads\/2022\/04\/I82A6513-576x1024.jpg 576w, https:\/\/mediatrade.fi\/wp-content\/uploads\/2022\/04\/I82A6513-768x1365.jpg 768w, https:\/\/mediatrade.fi\/wp-content\/uploads\/2022\/04\/I82A6513-864x1536.jpg 864w, https:\/\/mediatrade.fi\/wp-content\/uploads\/2022\/04\/I82A6513-600x1067.jpg 600w\" sizes=\"(max-width: 575px) 100vw, (max-width: 767px) 570, (max-width: 991px) 830, (max-width: 1199px) 930, 994px\" \/>                    <\/div>\n                    <div class=\"content-wrapper\">\n                        <h4 class=\"name\">Janne Trogen<\/h4>\n                        <p class=\"title\">Product Manager<\/p>\n                        <p class=\"summary\">With 30 years of experience in broadcast and transmission installations, I handle audio and intercom equipment, as well as projects and installations, at Mediatrade.\r\n<\/p>\n                                                <span class=\"knowledge-title\">Area of expertise<\/span>\n                        <p class=\"knowledge\">Audio, Broadcast and Transmission, Events<\/p>\n                                                <p class=\"phone\">+358201557721<\/p>\n                        <p class=\"email\">janne.trogen@mediatrade.fi<\/p>\n                    <\/div>\n                <\/div>\n            <\/div>\n                                <\/div>\n    <\/div>\n<\/section>\n","protected":false},"excerpt":{"rendered":"","protected":false},"featured_media":433682,"template":"","meta":{"_acf_changed":false,"_relevanssi_hide_post":"","_relevanssi_hide_content":"","_relevanssi_pin_for_all":"","_relevanssi_pin_keywords":"","_relevanssi_unpin_keywords":"","_relevanssi_related_keywords":"","_relevanssi_related_include_ids":"","_relevanssi_related_exclude_ids":"","_relevanssi_related_no_append":"","_relevanssi_related_not_related":"","_relevanssi_related_posts":"","_relevanssi_noindex_reason":""},"product_brand":[],"product_cat":[202,15,205],"product_tag":[2630,4623,6389,6388],"brands":[648],"id_product_type":[],"class_list":{"0":"post-382375","1":"product","2":"type-product","3":"status-publish","4":"has-post-thumbnail","6":"product_cat-aani","7":"product_cat-kaikki","8":"product_cat-komentojarjestelmat-tarvikkeet","9":"product_tag-hollyland","10":"product_tag-intercom","11":"product_tag-komentojarjestelma","12":"product_tag-solidcom-c1-full-duplex-wireless-intercom-system-with-8-headsets","14":"first","15":"onbackorder","16":"taxable","17":"shipping-taxable","18":"purchasable","19":"product-type-simple"},"bundled_by":[],"bundle_stock_status":"onbackorder","bundle_stock_quantity":0,"bundle_virtual":false,"bundle_layout":"","bundle_add_to_cart_form_location":"","bundle_editable_in_cart":false,"bundle_sold_individually_context":"","bundle_item_grouping":"","bundle_min_size":"","bundle_max_size":"","bundle_price":[],"bundled_items":[],"bundle_sell_ids":[],"acf":[],"yoast_head":"<!-- This site is optimized with the Yoast SEO plugin v27.1.1 - https:\/\/yoast.com\/product\/yoast-seo-wordpress\/ -->\n<title>Solidcom C1 Full Duplex Wireless Intercom System with 8 headsets - Mediatrade<\/title>\n<meta name=\"description\" content=\"Solidcom C1 -t\u00e4ysdupleksinen langaton intercom-kuulokej\u00e4rjestelm\u00e4, jossa k\u00e4ytet\u00e4\u00e4n kehittynytt\u00e4 DECT 6.0 -tekniikkaa, on Hollylandin ensimm\u00e4inen aidosti langaton ja itsen\u00e4inen kuulokeviestint\u00e4ratkaisu, jossa on poikkeuksellisen selke\u00e4 \u00e4\u00e4ni. J\u00e4rjestelm\u00e4 toimii 1,9 GHz:n taajuuskaistalla ja tarjoaa luotettavan l\u00e4hetysalueen jopa 350 metrin s\u00e4teell\u00e4 (LOS).\" \/>\n<meta name=\"robots\" content=\"index, follow, max-snippet:-1, max-image-preview:large, max-video-preview:-1\" \/>\n<link rel=\"canonical\" href=\"https:\/\/mediatrade.fi\/en\/product\/solidcom-c1-full-duplex-wireless-intercom-system-with-8-headsets-2\/\" \/>\n<meta property=\"og:locale\" content=\"en_US\" \/>\n<meta property=\"og:type\" content=\"article\" \/>\n<meta property=\"og:title\" content=\"Solidcom C1 Full Duplex Wireless Intercom System with 8 headsets - Mediatrade\" \/>\n<meta property=\"og:description\" content=\"Solidcom C1 -t\u00e4ysdupleksinen langaton intercom-kuulokej\u00e4rjestelm\u00e4, jossa k\u00e4ytet\u00e4\u00e4n kehittynytt\u00e4 DECT 6.0 -tekniikkaa, on Hollylandin ensimm\u00e4inen aidosti langaton ja itsen\u00e4inen kuulokeviestint\u00e4ratkaisu, jossa on poikkeuksellisen selke\u00e4 \u00e4\u00e4ni. J\u00e4rjestelm\u00e4 toimii 1,9 GHz:n taajuuskaistalla ja tarjoaa luotettavan l\u00e4hetysalueen jopa 350 metrin s\u00e4teell\u00e4 (LOS).\" \/>\n<meta property=\"og:url\" content=\"https:\/\/mediatrade.fi\/en\/product\/solidcom-c1-full-duplex-wireless-intercom-system-with-8-headsets-2\/\" \/>\n<meta property=\"og:site_name\" content=\"Mediatrade\" \/>\n<meta property=\"article:modified_time\" content=\"2025-02-04T16:23:12+00:00\" \/>\n<meta property=\"og:image\" content=\"https:\/\/mediatrade.fi\/wp-content\/uploads\/2023\/05\/800q-04_121900.png\" \/>\n\t<meta property=\"og:image:width\" content=\"800\" \/>\n\t<meta property=\"og:image:height\" content=\"407\" \/>\n\t<meta property=\"og:image:type\" content=\"image\/png\" \/>\n<meta name=\"twitter:card\" content=\"summary_large_image\" \/>\n<meta name=\"twitter:label1\" content=\"Est. reading time\" \/>\n\t<meta name=\"twitter:data1\" content=\"4 minutes\" \/>\n<script type=\"application\/ld+json\" class=\"yoast-schema-graph\">{\"@context\":\"https:\/\/schema.org\",\"@graph\":[{\"@type\":\"WebPage\",\"@id\":\"https:\/\/mediatrade.fi\/en\/product\/solidcom-c1-full-duplex-wireless-intercom-system-with-8-headsets-2\/\",\"url\":\"https:\/\/mediatrade.fi\/en\/product\/solidcom-c1-full-duplex-wireless-intercom-system-with-8-headsets-2\/\",\"name\":\"Solidcom C1 Full Duplex Wireless Intercom System with 8 headsets - Mediatrade\",\"isPartOf\":{\"@id\":\"https:\/\/mediatrade.fi\/en\/#website\"},\"primaryImageOfPage\":{\"@id\":\"https:\/\/mediatrade.fi\/en\/product\/solidcom-c1-full-duplex-wireless-intercom-system-with-8-headsets-2\/#primaryimage\"},\"image\":{\"@id\":\"https:\/\/mediatrade.fi\/en\/product\/solidcom-c1-full-duplex-wireless-intercom-system-with-8-headsets-2\/#primaryimage\"},\"thumbnailUrl\":\"https:\/\/mediatrade.fi\/wp-content\/uploads\/2023\/05\/800q-04_121900.png\",\"datePublished\":\"2025-01-21T15:48:31+00:00\",\"dateModified\":\"2025-02-04T16:23:12+00:00\",\"description\":\"Solidcom C1 -t\u00e4ysdupleksinen langaton intercom-kuulokej\u00e4rjestelm\u00e4, jossa k\u00e4ytet\u00e4\u00e4n kehittynytt\u00e4 DECT 6.0 -tekniikkaa, on Hollylandin ensimm\u00e4inen aidosti langaton ja itsen\u00e4inen kuulokeviestint\u00e4ratkaisu, jossa on poikkeuksellisen selke\u00e4 \u00e4\u00e4ni. J\u00e4rjestelm\u00e4 toimii 1,9 GHz:n taajuuskaistalla ja tarjoaa luotettavan l\u00e4hetysalueen jopa 350 metrin s\u00e4teell\u00e4 (LOS).\",\"breadcrumb\":{\"@id\":\"https:\/\/mediatrade.fi\/en\/product\/solidcom-c1-full-duplex-wireless-intercom-system-with-8-headsets-2\/#breadcrumb\"},\"inLanguage\":\"en-US\",\"potentialAction\":[{\"@type\":\"ReadAction\",\"target\":[\"https:\/\/mediatrade.fi\/en\/product\/solidcom-c1-full-duplex-wireless-intercom-system-with-8-headsets-2\/\"]}]},{\"@type\":\"ImageObject\",\"inLanguage\":\"en-US\",\"@id\":\"https:\/\/mediatrade.fi\/en\/product\/solidcom-c1-full-duplex-wireless-intercom-system-with-8-headsets-2\/#primaryimage\",\"url\":\"https:\/\/mediatrade.fi\/wp-content\/uploads\/2023\/05\/800q-04_121900.png\",\"contentUrl\":\"https:\/\/mediatrade.fi\/wp-content\/uploads\/2023\/05\/800q-04_121900.png\",\"width\":800,\"height\":407},{\"@type\":\"BreadcrumbList\",\"@id\":\"https:\/\/mediatrade.fi\/en\/product\/solidcom-c1-full-duplex-wireless-intercom-system-with-8-headsets-2\/#breadcrumb\",\"itemListElement\":[{\"@type\":\"ListItem\",\"position\":1,\"name\":\"Front Page\",\"item\":\"https:\/\/mediatrade.fi\/en\/\"},{\"@type\":\"ListItem\",\"position\":2,\"name\":\"Shop\",\"item\":\"https:\/\/mediatrade.fi\/en\/shop\/\"},{\"@type\":\"ListItem\",\"position\":3,\"name\":\"Solidcom C1 Full Duplex Wireless Intercom System with 8 headsets\"}]},{\"@type\":\"WebSite\",\"@id\":\"https:\/\/mediatrade.fi\/en\/#website\",\"url\":\"https:\/\/mediatrade.fi\/en\/\",\"name\":\"Mediatrade\",\"description\":\"\",\"publisher\":{\"@id\":\"https:\/\/mediatrade.fi\/en\/#organization\"},\"potentialAction\":[{\"@type\":\"SearchAction\",\"target\":{\"@type\":\"EntryPoint\",\"urlTemplate\":\"https:\/\/mediatrade.fi\/en\/?s={search_term_string}\"},\"query-input\":{\"@type\":\"PropertyValueSpecification\",\"valueRequired\":true,\"valueName\":\"search_term_string\"}}],\"inLanguage\":\"en-US\"},{\"@type\":\"Organization\",\"@id\":\"https:\/\/mediatrade.fi\/en\/#organization\",\"name\":\"Mediatrade\",\"url\":\"https:\/\/mediatrade.fi\/en\/\",\"logo\":{\"@type\":\"ImageObject\",\"inLanguage\":\"en-US\",\"@id\":\"https:\/\/mediatrade.fi\/en\/#\/schema\/logo\/image\/\",\"url\":\"https:\/\/mediatrade.fi\/wp-content\/uploads\/2022\/04\/Group-640.svg\",\"contentUrl\":\"https:\/\/mediatrade.fi\/wp-content\/uploads\/2022\/04\/Group-640.svg\",\"width\":128,\"height\":43,\"caption\":\"Mediatrade\"},\"image\":{\"@id\":\"https:\/\/mediatrade.fi\/en\/#\/schema\/logo\/image\/\"}}]}<\/script>\n<!-- \/ Yoast SEO plugin. -->","yoast_head_json":{"title":"Solidcom C1 Full Duplex Wireless Intercom System with 8 headsets - Mediatrade","description":"Solidcom C1 -t\u00e4ysdupleksinen langaton intercom-kuulokej\u00e4rjestelm\u00e4, jossa k\u00e4ytet\u00e4\u00e4n kehittynytt\u00e4 DECT 6.0 -tekniikkaa, on Hollylandin ensimm\u00e4inen aidosti langaton ja itsen\u00e4inen kuulokeviestint\u00e4ratkaisu, jossa on poikkeuksellisen selke\u00e4 \u00e4\u00e4ni. J\u00e4rjestelm\u00e4 toimii 1,9 GHz:n taajuuskaistalla ja tarjoaa luotettavan l\u00e4hetysalueen jopa 350 metrin s\u00e4teell\u00e4 (LOS).","robots":{"index":"index","follow":"follow","max-snippet":"max-snippet:-1","max-image-preview":"max-image-preview:large","max-video-preview":"max-video-preview:-1"},"canonical":"https:\/\/mediatrade.fi\/en\/product\/solidcom-c1-full-duplex-wireless-intercom-system-with-8-headsets-2\/","og_locale":"en_US","og_type":"article","og_title":"Solidcom C1 Full Duplex Wireless Intercom System with 8 headsets - Mediatrade","og_description":"Solidcom C1 -t\u00e4ysdupleksinen langaton intercom-kuulokej\u00e4rjestelm\u00e4, jossa k\u00e4ytet\u00e4\u00e4n kehittynytt\u00e4 DECT 6.0 -tekniikkaa, on Hollylandin ensimm\u00e4inen aidosti langaton ja itsen\u00e4inen kuulokeviestint\u00e4ratkaisu, jossa on poikkeuksellisen selke\u00e4 \u00e4\u00e4ni. J\u00e4rjestelm\u00e4 toimii 1,9 GHz:n taajuuskaistalla ja tarjoaa luotettavan l\u00e4hetysalueen jopa 350 metrin s\u00e4teell\u00e4 (LOS).","og_url":"https:\/\/mediatrade.fi\/en\/product\/solidcom-c1-full-duplex-wireless-intercom-system-with-8-headsets-2\/","og_site_name":"Mediatrade","article_modified_time":"2025-02-04T16:23:12+00:00","og_image":[{"width":800,"height":407,"url":"https:\/\/mediatrade.fi\/wp-content\/uploads\/2023\/05\/800q-04_121900.png","type":"image\/png"}],"twitter_card":"summary_large_image","twitter_misc":{"Est. reading time":"4 minutes"},"schema":{"@context":"https:\/\/schema.org","@graph":[{"@type":"WebPage","@id":"https:\/\/mediatrade.fi\/en\/product\/solidcom-c1-full-duplex-wireless-intercom-system-with-8-headsets-2\/","url":"https:\/\/mediatrade.fi\/en\/product\/solidcom-c1-full-duplex-wireless-intercom-system-with-8-headsets-2\/","name":"Solidcom C1 Full Duplex Wireless Intercom System with 8 headsets - Mediatrade","isPartOf":{"@id":"https:\/\/mediatrade.fi\/en\/#website"},"primaryImageOfPage":{"@id":"https:\/\/mediatrade.fi\/en\/product\/solidcom-c1-full-duplex-wireless-intercom-system-with-8-headsets-2\/#primaryimage"},"image":{"@id":"https:\/\/mediatrade.fi\/en\/product\/solidcom-c1-full-duplex-wireless-intercom-system-with-8-headsets-2\/#primaryimage"},"thumbnailUrl":"https:\/\/mediatrade.fi\/wp-content\/uploads\/2023\/05\/800q-04_121900.png","datePublished":"2025-01-21T15:48:31+00:00","dateModified":"2025-02-04T16:23:12+00:00","description":"Solidcom C1 -t\u00e4ysdupleksinen langaton intercom-kuulokej\u00e4rjestelm\u00e4, jossa k\u00e4ytet\u00e4\u00e4n kehittynytt\u00e4 DECT 6.0 -tekniikkaa, on Hollylandin ensimm\u00e4inen aidosti langaton ja itsen\u00e4inen kuulokeviestint\u00e4ratkaisu, jossa on poikkeuksellisen selke\u00e4 \u00e4\u00e4ni. J\u00e4rjestelm\u00e4 toimii 1,9 GHz:n taajuuskaistalla ja tarjoaa luotettavan l\u00e4hetysalueen jopa 350 metrin s\u00e4teell\u00e4 (LOS).","breadcrumb":{"@id":"https:\/\/mediatrade.fi\/en\/product\/solidcom-c1-full-duplex-wireless-intercom-system-with-8-headsets-2\/#breadcrumb"},"inLanguage":"en-US","potentialAction":[{"@type":"ReadAction","target":["https:\/\/mediatrade.fi\/en\/product\/solidcom-c1-full-duplex-wireless-intercom-system-with-8-headsets-2\/"]}]},{"@type":"ImageObject","inLanguage":"en-US","@id":"https:\/\/mediatrade.fi\/en\/product\/solidcom-c1-full-duplex-wireless-intercom-system-with-8-headsets-2\/#primaryimage","url":"https:\/\/mediatrade.fi\/wp-content\/uploads\/2023\/05\/800q-04_121900.png","contentUrl":"https:\/\/mediatrade.fi\/wp-content\/uploads\/2023\/05\/800q-04_121900.png","width":800,"height":407},{"@type":"BreadcrumbList","@id":"https:\/\/mediatrade.fi\/en\/product\/solidcom-c1-full-duplex-wireless-intercom-system-with-8-headsets-2\/#breadcrumb","itemListElement":[{"@type":"ListItem","position":1,"name":"Front Page","item":"https:\/\/mediatrade.fi\/en\/"},{"@type":"ListItem","position":2,"name":"Shop","item":"https:\/\/mediatrade.fi\/en\/shop\/"},{"@type":"ListItem","position":3,"name":"Solidcom C1 Full Duplex Wireless Intercom System with 8 headsets"}]},{"@type":"WebSite","@id":"https:\/\/mediatrade.fi\/en\/#website","url":"https:\/\/mediatrade.fi\/en\/","name":"Mediatrade","description":"","publisher":{"@id":"https:\/\/mediatrade.fi\/en\/#organization"},"potentialAction":[{"@type":"SearchAction","target":{"@type":"EntryPoint","urlTemplate":"https:\/\/mediatrade.fi\/en\/?s={search_term_string}"},"query-input":{"@type":"PropertyValueSpecification","valueRequired":true,"valueName":"search_term_string"}}],"inLanguage":"en-US"},{"@type":"Organization","@id":"https:\/\/mediatrade.fi\/en\/#organization","name":"Mediatrade","url":"https:\/\/mediatrade.fi\/en\/","logo":{"@type":"ImageObject","inLanguage":"en-US","@id":"https:\/\/mediatrade.fi\/en\/#\/schema\/logo\/image\/","url":"https:\/\/mediatrade.fi\/wp-content\/uploads\/2022\/04\/Group-640.svg","contentUrl":"https:\/\/mediatrade.fi\/wp-content\/uploads\/2022\/04\/Group-640.svg","width":128,"height":43,"caption":"Mediatrade"},"image":{"@id":"https:\/\/mediatrade.fi\/en\/#\/schema\/logo\/image\/"}}]}},"_links":{"self":[{"href":"https:\/\/mediatrade.fi\/en\/wp-json\/wp\/v2\/product\/382375","targetHints":{"allow":["GET"]}}],"collection":[{"href":"https:\/\/mediatrade.fi\/en\/wp-json\/wp\/v2\/product"}],"about":[{"href":"https:\/\/mediatrade.fi\/en\/wp-json\/wp\/v2\/types\/product"}],"wp:featuredmedia":[{"embeddable":true,"href":"https:\/\/mediatrade.fi\/en\/wp-json\/wp\/v2\/media\/433682"}],"wp:attachment":[{"href":"https:\/\/mediatrade.fi\/en\/wp-json\/wp\/v2\/media?parent=382375"}],"wp:term":[{"taxonomy":"product_brand","embeddable":true,"href":"https:\/\/mediatrade.fi\/en\/wp-json\/wp\/v2\/product_brand?post=382375"},{"taxonomy":"product_cat","embeddable":true,"href":"https:\/\/mediatrade.fi\/en\/wp-json\/wp\/v2\/product_cat?post=382375"},{"taxonomy":"product_tag","embeddable":true,"href":"https:\/\/mediatrade.fi\/en\/wp-json\/wp\/v2\/product_tag?post=382375"},{"taxonomy":"brands","embeddable":true,"href":"https:\/\/mediatrade.fi\/en\/wp-json\/wp\/v2\/brands?post=382375"},{"taxonomy":"id_product_type","embeddable":true,"href":"https:\/\/mediatrade.fi\/en\/wp-json\/wp\/v2\/id_product_type?post=382375"}],"curies":[{"name":"wp","href":"https:\/\/api.w.org\/{rel}","templated":true}]}}