{"id":382861,"date":"2023-04-06T13:44:10","date_gmt":"2025-01-21T15:58:22","guid":{"rendered":"https:\/\/mediatrade.fi\/tuote\/aputure-mc-2\/"},"modified":"2026-05-05T12:22:42","modified_gmt":"2026-05-05T09:22:42","slug":"aputure-mc-2","status":"publish","type":"product","link":"https:\/\/mediatrade.fi\/en\/product\/aputure-mc-2\/","title":{"rendered":"Aputure MC"},"content":{"rendered":"\n<section class=\"block block-woocommerce-product-description container-fluid container-fluid \">\n    <div class=\"container\">\n        <div class=\"row\">\n            <div class=\"col-12 col-md-6 order-2 order-md-1 attachments-col\">\n                                <div style=\"height: 100%;\" class=\"oembed oembed-youtube\">        <div class=\"cookieconsent-optout-marketing\">            <a href=\"javascript:Cookiebot.renew()\">Hyv\u00e4ksy markkinointiev\u00e4steet<\/a>            katsoaksesi videon.        <\/div><iframe title=\"Introducing the Aputure MC | Mini RGB LED\" width=\"840\" height=\"473\" src=\"https:\/\/www.youtube.com\/embed\/waBDDMyWeaY?feature=oembed&#038;enablejsapi=1&#038;origin=https:\/\/mediatrade.fi\" frameborder=\"0\" allow=\"accelerometer; autoplay; clipboard-write; encrypted-media; gyroscope; picture-in-picture; web-share\" referrerpolicy=\"strict-origin-when-cross-origin\" allowfullscreen><\/iframe><\/div>            <\/div>\n\n            <div class=\"col-12 col-md-5 offset-md-1 order-1 order-md-2\">\n                <main class=\"entry-content\">\n                    \n\n<h2 class=\"wp-block-heading\">Tuotetiedot<\/h2>\n\n\n\n<p>The MC is Aputure\u2019s first light to include full Hue, Saturation, &amp; Intensity (HSI) color control. With 360\u00b0 of hue and 100 levels of saturation adjustment, you have the power to conveniently reproduce any color, all in the palm of your hand.<\/p>\n\n\n\n<p>As with all Aputure lights, the MC prides itself in its color rendition, with CRI and TLCI scores of 96+, and SSI scores of 84 in tungsten and 74 in daylight. This is all accomplished by an underlying technology that reproduces color better and more accurately than ever before: RGBWW.<br>Unlike traditional RGB, the Aputure MC isn\u2019t just a light that relies on Red, Green, and Blue LEDs. By adding two additional white LEDs \u2014 one balanced at tungsten and a second at daylight \u2014 the Aputure MC is an impossibly small light that competes with industry giants.<\/p>\n\n\n\n<p>The Aputure MC allows you to be more flexible in your filmmaking, providing you with multiple lighting modes to suit your needs. In addition to HSI Color Mode, the MC allows you to adjust your white light with CCT Mode, or use built-in lighting effects with FX Mode.<\/p>\n\n\n\n<h3 class=\"wp-block-heading\">Ominaisuudet<\/h3>\n\n\n\n<ul class=\"wp-block-list\">\n<li>Color Temperature 3200-6500K<\/li>\n\n\n\n<li>CRI 96+<\/li>\n\n\n\n<li>TCLI 97+<\/li>\n\n\n\n<li>Battery Type Lithium-polymer Battery (3.7V 2600mAh)<\/li>\n\n\n\n<li>Rated Output Power 5W<\/li>\n\n\n\n<li>Operating Temperature 0\u2103 to 45\u2103<\/li>\n\n\n\n<li>Operating Battery Life Max Brightness &gt;2hrs<\/li>\n\n\n\n<li>Min Brightness &gt;15hrs<\/li>\n\n\n\n<li>Battery Recharge Time 1.5 hours via USB PD<\/li>\n\n\n\n<li>2 hours via USB DC 5V\/2A<\/li>\n\n\n\n<li>3.5 hours via wireless charging<\/li>\n\n\n\n<li>Dimension 93x61x17mm\/3.66&#215;2.40&#215;0.67in<\/li>\n\n\n\n<li>ILLUMINANCE<\/li>\n\n\n\n<li>Distance 0.3M 0.5M 1M<\/li>\n\n\n\n<li>Maximum Brightness 1100 lux 400 lux 100 lux<\/li>\n<\/ul>\n\n\n\n<p>RAJOITEETTU ER\u00c4!<\/p>\n\n\n\n<p>Tuote tarkoitettu vain ammattik\u00e4ytt\u00f6\u00f6n. Ei takuuta. <\/p>\n\n\n                <\/main>\n            <\/div>\n        <\/div>\n    <\/div>\n<\/section>\n","protected":false},"excerpt":{"rendered":"","protected":false},"featured_media":433773,"template":"","meta":{"_acf_changed":false,"_relevanssi_hide_post":"","_relevanssi_hide_content":"","_relevanssi_pin_for_all":"","_relevanssi_pin_keywords":"","_relevanssi_unpin_keywords":"","_relevanssi_related_keywords":"","_relevanssi_related_include_ids":"","_relevanssi_related_exclude_ids":"","_relevanssi_related_no_append":"","_relevanssi_related_not_related":"","_relevanssi_related_posts":"","_relevanssi_noindex_reason":""},"product_brand":[],"product_cat":[2486,9057,2486,3500,3496,3496,3500,9057],"product_tag":[1913,6174,6172,1914,6173,2490,2490],"brands":[683],"id_product_type":[],"class_list":{"0":"post-382861","1":"product","2":"type-product","3":"status-publish","4":"has-post-thumbnail","6":"product_cat-all-products","7":"product_cat-in-store","9":"product_cat-light","10":"product_cat-studio-technology","14":"product_tag-al-mc","15":"product_tag-aputure-led","16":"product_tag-aputure-mc","17":"product_tag-mc","18":"product_tag-mc-led","19":"product_tag-mediatrade-en","22":"first","23":"instock","24":"taxable","25":"shipping-taxable","26":"purchasable","27":"product-type-simple"},"bundled_by":[],"bundle_stock_status":"instock","bundle_stock_quantity":7,"bundle_virtual":false,"bundle_layout":"","bundle_add_to_cart_form_location":"","bundle_editable_in_cart":false,"bundle_sold_individually_context":"","bundle_item_grouping":"","bundle_min_size":"","bundle_max_size":"","bundle_price":[],"bundled_items":[],"bundle_sell_ids":[],"acf":[],"yoast_head":"<!-- This site is optimized with the Yoast SEO plugin v27.4 - https:\/\/yoast.com\/product\/yoast-seo-wordpress\/ -->\n<title>Aputure MC - Mediatrade<\/title>\n<meta name=\"description\" content=\"The MC is Aputure\u2019s first light to include full Hue, Saturation, &amp; Intensity (HSI) color control. With 360\u00b0 of hue and 100 levels of saturation adjustment, you have the power to conveniently reproduce any color, all in the palm of your hand.\" \/>\n<meta name=\"robots\" content=\"index, follow, max-snippet:-1, max-image-preview:large, max-video-preview:-1\" \/>\n<link rel=\"canonical\" href=\"https:\/\/mediatrade.fi\/en\/product\/aputure-mc-2\/\" \/>\n<meta property=\"og:locale\" content=\"en_US\" \/>\n<meta property=\"og:type\" content=\"article\" \/>\n<meta property=\"og:title\" content=\"Aputure MC - Mediatrade\" \/>\n<meta property=\"og:description\" content=\"The MC is Aputure\u2019s first light to include full Hue, Saturation, &amp; Intensity (HSI) color control. With 360\u00b0 of hue and 100 levels of saturation adjustment, you have the power to conveniently reproduce any color, all in the palm of your hand.\" \/>\n<meta property=\"og:url\" content=\"https:\/\/mediatrade.fi\/en\/product\/aputure-mc-2\/\" \/>\n<meta property=\"og:site_name\" content=\"Mediatrade\" \/>\n<meta property=\"article:modified_time\" content=\"2026-05-05T09:22:42+00:00\" \/>\n<meta property=\"og:image\" content=\"https:\/\/mediatrade.fi\/wp-content\/uploads\/2023\/02\/MC1-1000x808-1.png\" \/>\n\t<meta property=\"og:image:width\" content=\"1000\" \/>\n\t<meta property=\"og:image:height\" content=\"808\" \/>\n\t<meta property=\"og:image:type\" content=\"image\/png\" \/>\n<meta name=\"twitter:card\" content=\"summary_large_image\" \/>\n<meta name=\"twitter:label1\" content=\"Est. reading time\" \/>\n\t<meta name=\"twitter:data1\" content=\"4 minutes\" \/>\n<script type=\"application\/ld+json\" class=\"yoast-schema-graph\">{\"@context\":\"https:\\\/\\\/schema.org\",\"@graph\":[{\"@type\":\"WebPage\",\"@id\":\"https:\\\/\\\/mediatrade.fi\\\/en\\\/product\\\/aputure-mc-2\\\/\",\"url\":\"https:\\\/\\\/mediatrade.fi\\\/en\\\/product\\\/aputure-mc-2\\\/\",\"name\":\"Aputure MC - Mediatrade\",\"isPartOf\":{\"@id\":\"https:\\\/\\\/mediatrade.fi\\\/en\\\/#website\"},\"primaryImageOfPage\":{\"@id\":\"https:\\\/\\\/mediatrade.fi\\\/en\\\/product\\\/aputure-mc-2\\\/#primaryimage\"},\"image\":{\"@id\":\"https:\\\/\\\/mediatrade.fi\\\/en\\\/product\\\/aputure-mc-2\\\/#primaryimage\"},\"thumbnailUrl\":\"https:\\\/\\\/mediatrade.fi\\\/wp-content\\\/uploads\\\/2023\\\/02\\\/MC1-1000x808-1.png\",\"datePublished\":\"2025-01-21T15:58:22+00:00\",\"dateModified\":\"2026-05-05T09:22:42+00:00\",\"description\":\"The MC is Aputure\u2019s first light to include full Hue, Saturation, & Intensity (HSI) color control. With 360\u00b0 of hue and 100 levels of saturation adjustment, you have the power to conveniently reproduce any color, all in the palm of your hand.\",\"breadcrumb\":{\"@id\":\"https:\\\/\\\/mediatrade.fi\\\/en\\\/product\\\/aputure-mc-2\\\/#breadcrumb\"},\"inLanguage\":\"en-US\",\"potentialAction\":[{\"@type\":\"ReadAction\",\"target\":[\"https:\\\/\\\/mediatrade.fi\\\/en\\\/product\\\/aputure-mc-2\\\/\"]}]},{\"@type\":\"ImageObject\",\"inLanguage\":\"en-US\",\"@id\":\"https:\\\/\\\/mediatrade.fi\\\/en\\\/product\\\/aputure-mc-2\\\/#primaryimage\",\"url\":\"https:\\\/\\\/mediatrade.fi\\\/wp-content\\\/uploads\\\/2023\\\/02\\\/MC1-1000x808-1.png\",\"contentUrl\":\"https:\\\/\\\/mediatrade.fi\\\/wp-content\\\/uploads\\\/2023\\\/02\\\/MC1-1000x808-1.png\",\"width\":1000,\"height\":808},{\"@type\":\"BreadcrumbList\",\"@id\":\"https:\\\/\\\/mediatrade.fi\\\/en\\\/product\\\/aputure-mc-2\\\/#breadcrumb\",\"itemListElement\":[{\"@type\":\"ListItem\",\"position\":1,\"name\":\"Front Page\",\"item\":\"https:\\\/\\\/mediatrade.fi\\\/en\\\/\"},{\"@type\":\"ListItem\",\"position\":2,\"name\":\"Shop\",\"item\":\"https:\\\/\\\/mediatrade.fi\\\/en\\\/shop\\\/\"},{\"@type\":\"ListItem\",\"position\":3,\"name\":\"Aputure MC\"}]},{\"@type\":\"WebSite\",\"@id\":\"https:\\\/\\\/mediatrade.fi\\\/en\\\/#website\",\"url\":\"https:\\\/\\\/mediatrade.fi\\\/en\\\/\",\"name\":\"Mediatrade\",\"description\":\"\",\"publisher\":{\"@id\":\"https:\\\/\\\/mediatrade.fi\\\/en\\\/#organization\"},\"potentialAction\":[{\"@type\":\"SearchAction\",\"target\":{\"@type\":\"EntryPoint\",\"urlTemplate\":\"https:\\\/\\\/mediatrade.fi\\\/en\\\/?s={search_term_string}\"},\"query-input\":{\"@type\":\"PropertyValueSpecification\",\"valueRequired\":true,\"valueName\":\"search_term_string\"}}],\"inLanguage\":\"en-US\"},{\"@type\":\"Organization\",\"@id\":\"https:\\\/\\\/mediatrade.fi\\\/en\\\/#organization\",\"name\":\"Mediatrade\",\"url\":\"https:\\\/\\\/mediatrade.fi\\\/en\\\/\",\"logo\":{\"@type\":\"ImageObject\",\"inLanguage\":\"en-US\",\"@id\":\"https:\\\/\\\/mediatrade.fi\\\/en\\\/#\\\/schema\\\/logo\\\/image\\\/\",\"url\":\"https:\\\/\\\/mediatrade.fi\\\/wp-content\\\/uploads\\\/2022\\\/04\\\/Group-640.svg\",\"contentUrl\":\"https:\\\/\\\/mediatrade.fi\\\/wp-content\\\/uploads\\\/2022\\\/04\\\/Group-640.svg\",\"width\":128,\"height\":43,\"caption\":\"Mediatrade\"},\"image\":{\"@id\":\"https:\\\/\\\/mediatrade.fi\\\/en\\\/#\\\/schema\\\/logo\\\/image\\\/\"}}]}<\/script>\n<!-- \/ Yoast SEO plugin. -->","yoast_head_json":{"title":"Aputure MC - Mediatrade","description":"The MC is Aputure\u2019s first light to include full Hue, Saturation, & Intensity (HSI) color control. With 360\u00b0 of hue and 100 levels of saturation adjustment, you have the power to conveniently reproduce any color, all in the palm of your hand.","robots":{"index":"index","follow":"follow","max-snippet":"max-snippet:-1","max-image-preview":"max-image-preview:large","max-video-preview":"max-video-preview:-1"},"canonical":"https:\/\/mediatrade.fi\/en\/product\/aputure-mc-2\/","og_locale":"en_US","og_type":"article","og_title":"Aputure MC - Mediatrade","og_description":"The MC is Aputure\u2019s first light to include full Hue, Saturation, & Intensity (HSI) color control. With 360\u00b0 of hue and 100 levels of saturation adjustment, you have the power to conveniently reproduce any color, all in the palm of your hand.","og_url":"https:\/\/mediatrade.fi\/en\/product\/aputure-mc-2\/","og_site_name":"Mediatrade","article_modified_time":"2026-05-05T09:22:42+00:00","og_image":[{"width":1000,"height":808,"url":"https:\/\/mediatrade.fi\/wp-content\/uploads\/2023\/02\/MC1-1000x808-1.png","type":"image\/png"}],"twitter_card":"summary_large_image","twitter_misc":{"Est. reading time":"4 minutes"},"schema":{"@context":"https:\/\/schema.org","@graph":[{"@type":"WebPage","@id":"https:\/\/mediatrade.fi\/en\/product\/aputure-mc-2\/","url":"https:\/\/mediatrade.fi\/en\/product\/aputure-mc-2\/","name":"Aputure MC - Mediatrade","isPartOf":{"@id":"https:\/\/mediatrade.fi\/en\/#website"},"primaryImageOfPage":{"@id":"https:\/\/mediatrade.fi\/en\/product\/aputure-mc-2\/#primaryimage"},"image":{"@id":"https:\/\/mediatrade.fi\/en\/product\/aputure-mc-2\/#primaryimage"},"thumbnailUrl":"https:\/\/mediatrade.fi\/wp-content\/uploads\/2023\/02\/MC1-1000x808-1.png","datePublished":"2025-01-21T15:58:22+00:00","dateModified":"2026-05-05T09:22:42+00:00","description":"The MC is Aputure\u2019s first light to include full Hue, Saturation, & Intensity (HSI) color control. With 360\u00b0 of hue and 100 levels of saturation adjustment, you have the power to conveniently reproduce any color, all in the palm of your hand.","breadcrumb":{"@id":"https:\/\/mediatrade.fi\/en\/product\/aputure-mc-2\/#breadcrumb"},"inLanguage":"en-US","potentialAction":[{"@type":"ReadAction","target":["https:\/\/mediatrade.fi\/en\/product\/aputure-mc-2\/"]}]},{"@type":"ImageObject","inLanguage":"en-US","@id":"https:\/\/mediatrade.fi\/en\/product\/aputure-mc-2\/#primaryimage","url":"https:\/\/mediatrade.fi\/wp-content\/uploads\/2023\/02\/MC1-1000x808-1.png","contentUrl":"https:\/\/mediatrade.fi\/wp-content\/uploads\/2023\/02\/MC1-1000x808-1.png","width":1000,"height":808},{"@type":"BreadcrumbList","@id":"https:\/\/mediatrade.fi\/en\/product\/aputure-mc-2\/#breadcrumb","itemListElement":[{"@type":"ListItem","position":1,"name":"Front Page","item":"https:\/\/mediatrade.fi\/en\/"},{"@type":"ListItem","position":2,"name":"Shop","item":"https:\/\/mediatrade.fi\/en\/shop\/"},{"@type":"ListItem","position":3,"name":"Aputure MC"}]},{"@type":"WebSite","@id":"https:\/\/mediatrade.fi\/en\/#website","url":"https:\/\/mediatrade.fi\/en\/","name":"Mediatrade","description":"","publisher":{"@id":"https:\/\/mediatrade.fi\/en\/#organization"},"potentialAction":[{"@type":"SearchAction","target":{"@type":"EntryPoint","urlTemplate":"https:\/\/mediatrade.fi\/en\/?s={search_term_string}"},"query-input":{"@type":"PropertyValueSpecification","valueRequired":true,"valueName":"search_term_string"}}],"inLanguage":"en-US"},{"@type":"Organization","@id":"https:\/\/mediatrade.fi\/en\/#organization","name":"Mediatrade","url":"https:\/\/mediatrade.fi\/en\/","logo":{"@type":"ImageObject","inLanguage":"en-US","@id":"https:\/\/mediatrade.fi\/en\/#\/schema\/logo\/image\/","url":"https:\/\/mediatrade.fi\/wp-content\/uploads\/2022\/04\/Group-640.svg","contentUrl":"https:\/\/mediatrade.fi\/wp-content\/uploads\/2022\/04\/Group-640.svg","width":128,"height":43,"caption":"Mediatrade"},"image":{"@id":"https:\/\/mediatrade.fi\/en\/#\/schema\/logo\/image\/"}}]}},"_links":{"self":[{"href":"https:\/\/mediatrade.fi\/en\/wp-json\/wp\/v2\/product\/382861","targetHints":{"allow":["GET"]}}],"collection":[{"href":"https:\/\/mediatrade.fi\/en\/wp-json\/wp\/v2\/product"}],"about":[{"href":"https:\/\/mediatrade.fi\/en\/wp-json\/wp\/v2\/types\/product"}],"wp:featuredmedia":[{"embeddable":true,"href":"https:\/\/mediatrade.fi\/en\/wp-json\/wp\/v2\/media\/433773"}],"wp:attachment":[{"href":"https:\/\/mediatrade.fi\/en\/wp-json\/wp\/v2\/media?parent=382861"}],"wp:term":[{"taxonomy":"product_brand","embeddable":true,"href":"https:\/\/mediatrade.fi\/en\/wp-json\/wp\/v2\/product_brand?post=382861"},{"taxonomy":"product_cat","embeddable":true,"href":"https:\/\/mediatrade.fi\/en\/wp-json\/wp\/v2\/product_cat?post=382861"},{"taxonomy":"product_tag","embeddable":true,"href":"https:\/\/mediatrade.fi\/en\/wp-json\/wp\/v2\/product_tag?post=382861"},{"taxonomy":"brands","embeddable":true,"href":"https:\/\/mediatrade.fi\/en\/wp-json\/wp\/v2\/brands?post=382861"},{"taxonomy":"id_product_type","embeddable":true,"href":"https:\/\/mediatrade.fi\/en\/wp-json\/wp\/v2\/id_product_type?post=382861"}],"curies":[{"name":"wp","href":"https:\/\/api.w.org\/{rel}","templated":true}]}}