{"id":383379,"date":"2023-03-17T16:04:39","date_gmt":"2023-03-17T14:04:39","guid":{"rendered":"https:\/\/mediatrade.fi\/tuote\/solidcom-c1-pro-wireless-intercom-system-with-4-enc-headsets-2\/"},"modified":"2026-03-25T07:05:18","modified_gmt":"2026-03-25T05:05:18","slug":"solidcom-c1-pro-wireless-intercom-system-with-4-enc-headsets-2","status":"publish","type":"product","link":"https:\/\/mediatrade.fi\/en\/product\/solidcom-c1-pro-wireless-intercom-system-with-4-enc-headsets-2\/","title":{"rendered":"Solidcom C1 Pro Wireless Intercom System with 4 ENC headsets"},"content":{"rendered":"\n<section class=\"block block-woocommerce-product-description container-fluid container-fluid \">\n    <div class=\"container\">\n        <div class=\"row\">\n            <div class=\"col-12 col-md-6 order-2 order-md-1 attachments-col\">\n                                <div style=\"height: 100%;\" class=\"oembed oembed-youtube\">        <div class=\"cookieconsent-optout-marketing\">            <a href=\"javascript:Cookiebot.renew()\">Hyv\u00e4ksy markkinointiev\u00e4steet<\/a>            katsoaksesi videon.        <\/div><iframe title=\"Introducing the Solidcom C1 Pro | Next-level Team Talk\" width=\"840\" height=\"473\" src=\"https:\/\/www.youtube.com\/embed\/t8pybjltAtU?feature=oembed\" frameborder=\"0\" allow=\"accelerometer; autoplay; clipboard-write; encrypted-media; gyroscope; picture-in-picture; web-share\" allowfullscreen><\/iframe><\/div>            <\/div>\n\n            <div class=\"col-12 col-md-5 offset-md-1 order-1 order-md-2\">\n                <main class=\"entry-content\">\n                    \n\n<h2 class=\"wp-block-heading\">Tuotetiedot<\/h2>\n\n\n\n<p>Solidcom C1 Pro, Hollylandin ensimm\u00e4inen langaton t\u00e4ysdupleksinen langaton kuulokej\u00e4rjestelm\u00e4. jossa on kaksimikrofoninen Environmental Noise Cancellation (ENC) -tekniikka, on uskomattoman kevyt&#8230; ja helppok\u00e4ytt\u00f6inen. Sis\u00e4\u00e4nrakennetun ENC:n ansiosta se on todellinen pelinvaihtaja, joka on ihanteellinen tuotantotiimeille, jotka ty\u00f6skentelev\u00e4t yhdess\u00e4. \u00e4\u00e4nekk\u00e4iss\u00e4 ymp\u00e4rist\u00f6iss\u00e4, joissa poikkeuksellinen kommunikaation selkeys on v\u00e4ltt\u00e4m\u00e4t\u00f6nt\u00e4.<\/p>\n\n\n\n<p>T\u00e4ss\u00e4 uuden sukupolven kuulokej\u00e4rjestelm\u00e4ss\u00e4 on edistyksellinen DECT 6.0 -tekniikka, laajakaistainen \u00e4\u00e4nialue 150 Hz &#8211; 7 khz ja luotettava LOS-viestint\u00e4alue jopa 350 metrin p\u00e4\u00e4h\u00e4n.<\/p>\n\n\n\n<h3 class=\"wp-block-heading\">Ominaisuudet<\/h3>\n\n\n\n<ul class=\"wp-block-list\">\n<li>Dual-Mic ENC<\/li>\n\n\n\n<li>PTT-toiminto<\/li>\n\n\n\n<li>150Hz-7kHz laajakaistainen \u00e4\u00e4ni<\/li>\n\n\n\n<li>1,100ft (350m) luotettava kantama<\/li>\n\n\n\n<li>DECT 6.0-parannettu vakaus<\/li>\n\n\n\n<li>Eritt\u00e4in pitk\u00e4 kesto<\/li>\n\n\n\n<li>Lis\u00e4\u00e4ntynyt siirrett\u00e4vyys ja kest\u00e4vyys<\/li>\n\n\n\n<li>Valmis heti laatikosta<\/li>\n\n\n\n<li>Yhteensopivuus taaksep\u00e4in<\/li>\n\n\n\n<li>A- ja B-kaksoisryhmittely<\/li>\n\n\n\n<li>Kolmen j\u00e4rjestelm\u00e4n kaskadoitu liit\u00e4nt\u00e4<\/li>\n\n\n\n<li>ANNOUNCE-toiminto<\/li>\n<\/ul>\n\n\n\n<h3 class=\"wp-block-heading\">Paketissa<\/h3>\n\n\n\n<ul class=\"wp-block-list\">\n<li>1x p\u00e4\u00e4kuulokkeet (punaisella nimikilvell\u00e4)<\/li>\n\n\n\n<li>3x Kauko-kuulokkeet (sinisell\u00e4 nimikilvell\u00e4)<\/li>\n\n\n\n<li>1x latauskotelo<\/li>\n\n\n\n<li>4x Nahkatyyny korvan yl\u00e4puolella<\/li>\n\n\n\n<li>8x Paristo<\/li>\n\n\n\n<li>4x Mikrofonityyny<\/li>\n\n\n\n<li>1x DC-sovitin<\/li>\n\n\n\n<li>4x Korvan p\u00e4\u00e4ll\u00e4 oleva vaahtomuovityyny<\/li>\n\n\n\n<li>1x USB-A ja USB-C kaapeli<\/li>\n\n\n\n<li>1x S\u00e4ilytyslaukku<\/li>\n\n\n\n<li>1x K\u00e4ytt\u00f6ohje<\/li>\n\n\n\n<li>1x takuukortti<\/li>\n<\/ul>\n\n\n                <\/main>\n            <\/div>\n        <\/div>\n    <\/div>\n<\/section>\n\n\n\n<section class=\"block block-profile-listing container-fluid \">\n    <div class=\"container\">\n        <div class=\"row\">\n            <main class=\"entry-content col-12\">\n                \n\n<h2 class=\"wp-block-heading\">Asiantuntijamme<\/h2>\n\n\n            <\/main>\n                        <div class=\"col-12 col-lg-6\">\n                <div class=\"person-wrapper\">\n                    <div class=\"image-wrapper\">\n                        <img decoding=\"async\" width=\"1152\" height=\"2048\" src=\"https:\/\/mediatrade.fi\/wp-content\/uploads\/2022\/04\/I82A6513.jpg\" class=\"attachment-post-thumbnail size-post-thumbnail wp-post-image\" alt=\"\" srcset=\"https:\/\/mediatrade.fi\/wp-content\/uploads\/2022\/04\/I82A6513.jpg 1152w, https:\/\/mediatrade.fi\/wp-content\/uploads\/2022\/04\/I82A6513-169x300.jpg 169w, https:\/\/mediatrade.fi\/wp-content\/uploads\/2022\/04\/I82A6513-576x1024.jpg 576w, https:\/\/mediatrade.fi\/wp-content\/uploads\/2022\/04\/I82A6513-768x1365.jpg 768w, https:\/\/mediatrade.fi\/wp-content\/uploads\/2022\/04\/I82A6513-864x1536.jpg 864w, https:\/\/mediatrade.fi\/wp-content\/uploads\/2022\/04\/I82A6513-600x1067.jpg 600w\" sizes=\"(max-width: 575px) 100vw, (max-width: 767px) 570, (max-width: 991px) 830, (max-width: 1199px) 930, 994px\" \/>                    <\/div>\n                    <div class=\"content-wrapper\">\n                        <h4 class=\"name\">Janne Trogen<\/h4>\n                        <p class=\"title\">Product Manager<\/p>\n                        <p class=\"summary\">With 30 years of experience in broadcast and transmission installations, I handle audio and intercom equipment, as well as projects and installations, at Mediatrade.\r\n<\/p>\n                                                <span class=\"knowledge-title\">Area of expertise<\/span>\n                        <p class=\"knowledge\">Audio, Broadcast and Transmission, Events<\/p>\n                                                <p class=\"phone\">+358201557721<\/p>\n                        <p class=\"email\">janne.trogen@mediatrade.fi<\/p>\n                    <\/div>\n                <\/div>\n            <\/div>\n                                <\/div>\n    <\/div>\n<\/section>\n","protected":false},"excerpt":{"rendered":"","protected":false},"featured_media":433861,"template":"","meta":{"_acf_changed":false,"_relevanssi_hide_post":"","_relevanssi_hide_content":"","_relevanssi_pin_for_all":"","_relevanssi_pin_keywords":"","_relevanssi_unpin_keywords":"","_relevanssi_related_keywords":"","_relevanssi_related_include_ids":"","_relevanssi_related_exclude_ids":"","_relevanssi_related_no_append":"","_relevanssi_related_not_related":"","_relevanssi_related_posts":"","_relevanssi_noindex_reason":""},"product_brand":[],"product_cat":[2486,2500,3488],"product_tag":[4623,4624,5837,4351],"brands":[648],"id_product_type":[],"class_list":{"0":"post-383379","1":"product","2":"type-product","3":"status-publish","4":"has-post-thumbnail","6":"product_cat-all-products","7":"product_cat-audio","8":"product_cat-command-control-and-equipment","9":"product_tag-intercom","10":"product_tag-komento","11":"product_tag-solidcom-c1-pro-wireless-intercom-system-with-4-enc-headsets","12":"product_tag-wireless","14":"first","15":"onbackorder","16":"taxable","17":"shipping-taxable","18":"purchasable","19":"product-type-simple"},"bundled_by":[],"bundle_stock_status":"onbackorder","bundle_stock_quantity":0,"bundle_virtual":false,"bundle_layout":"","bundle_add_to_cart_form_location":"","bundle_editable_in_cart":false,"bundle_sold_individually_context":"","bundle_item_grouping":"","bundle_min_size":"","bundle_max_size":"","bundle_price":[],"bundled_items":[],"bundle_sell_ids":[],"acf":[],"yoast_head":"<!-- This site is optimized with the Yoast SEO plugin v27.1.1 - https:\/\/yoast.com\/product\/yoast-seo-wordpress\/ -->\n<title>Solidcom C1 Pro Wireless Intercom System with 4 ENC headsets - Mediatrade<\/title>\n<meta name=\"robots\" content=\"index, follow, max-snippet:-1, max-image-preview:large, max-video-preview:-1\" \/>\n<link rel=\"canonical\" href=\"https:\/\/mediatrade.fi\/en\/product\/solidcom-c1-pro-wireless-intercom-system-with-4-enc-headsets-2\/\" \/>\n<meta property=\"og:locale\" content=\"en_US\" \/>\n<meta property=\"og:type\" content=\"article\" \/>\n<meta property=\"og:title\" content=\"Solidcom C1 Pro Wireless Intercom System with 4 ENC headsets - Mediatrade\" \/>\n<meta property=\"og:url\" content=\"https:\/\/mediatrade.fi\/en\/product\/solidcom-c1-pro-wireless-intercom-system-with-4-enc-headsets-2\/\" \/>\n<meta property=\"og:site_name\" content=\"Mediatrade\" \/>\n<meta property=\"article:modified_time\" content=\"2026-03-25T05:05:18+00:00\" \/>\n<meta property=\"og:image\" content=\"https:\/\/mediatrade.fi\/wp-content\/uploads\/2023\/03\/800q-01_123458.png\" \/>\n\t<meta property=\"og:image:width\" content=\"800\" \/>\n\t<meta property=\"og:image:height\" content=\"575\" \/>\n\t<meta property=\"og:image:type\" content=\"image\/png\" \/>\n<meta name=\"twitter:card\" content=\"summary_large_image\" \/>\n<meta name=\"twitter:label1\" content=\"Est. reading time\" \/>\n\t<meta name=\"twitter:data1\" content=\"1 minute\" \/>\n<script type=\"application\/ld+json\" class=\"yoast-schema-graph\">{\"@context\":\"https:\/\/schema.org\",\"@graph\":[{\"@type\":\"WebPage\",\"@id\":\"https:\/\/mediatrade.fi\/en\/product\/solidcom-c1-pro-wireless-intercom-system-with-4-enc-headsets-2\/\",\"url\":\"https:\/\/mediatrade.fi\/en\/product\/solidcom-c1-pro-wireless-intercom-system-with-4-enc-headsets-2\/\",\"name\":\"Solidcom C1 Pro Wireless Intercom System with 4 ENC headsets - Mediatrade\",\"isPartOf\":{\"@id\":\"https:\/\/mediatrade.fi\/en\/#website\"},\"primaryImageOfPage\":{\"@id\":\"https:\/\/mediatrade.fi\/en\/product\/solidcom-c1-pro-wireless-intercom-system-with-4-enc-headsets-2\/#primaryimage\"},\"image\":{\"@id\":\"https:\/\/mediatrade.fi\/en\/product\/solidcom-c1-pro-wireless-intercom-system-with-4-enc-headsets-2\/#primaryimage\"},\"thumbnailUrl\":\"https:\/\/mediatrade.fi\/wp-content\/uploads\/2023\/03\/800q-01_123458.png\",\"datePublished\":\"2023-03-17T14:04:39+00:00\",\"dateModified\":\"2026-03-25T05:05:18+00:00\",\"breadcrumb\":{\"@id\":\"https:\/\/mediatrade.fi\/en\/product\/solidcom-c1-pro-wireless-intercom-system-with-4-enc-headsets-2\/#breadcrumb\"},\"inLanguage\":\"en-US\",\"potentialAction\":[{\"@type\":\"ReadAction\",\"target\":[\"https:\/\/mediatrade.fi\/en\/product\/solidcom-c1-pro-wireless-intercom-system-with-4-enc-headsets-2\/\"]}]},{\"@type\":\"ImageObject\",\"inLanguage\":\"en-US\",\"@id\":\"https:\/\/mediatrade.fi\/en\/product\/solidcom-c1-pro-wireless-intercom-system-with-4-enc-headsets-2\/#primaryimage\",\"url\":\"https:\/\/mediatrade.fi\/wp-content\/uploads\/2023\/03\/800q-01_123458.png\",\"contentUrl\":\"https:\/\/mediatrade.fi\/wp-content\/uploads\/2023\/03\/800q-01_123458.png\",\"width\":800,\"height\":575},{\"@type\":\"BreadcrumbList\",\"@id\":\"https:\/\/mediatrade.fi\/en\/product\/solidcom-c1-pro-wireless-intercom-system-with-4-enc-headsets-2\/#breadcrumb\",\"itemListElement\":[{\"@type\":\"ListItem\",\"position\":1,\"name\":\"Front Page\",\"item\":\"https:\/\/mediatrade.fi\/en\/\"},{\"@type\":\"ListItem\",\"position\":2,\"name\":\"Shop\",\"item\":\"https:\/\/mediatrade.fi\/en\/shop\/\"},{\"@type\":\"ListItem\",\"position\":3,\"name\":\"Solidcom C1 Pro Wireless Intercom System with 4 ENC headsets\"}]},{\"@type\":\"WebSite\",\"@id\":\"https:\/\/mediatrade.fi\/en\/#website\",\"url\":\"https:\/\/mediatrade.fi\/en\/\",\"name\":\"Mediatrade\",\"description\":\"\",\"publisher\":{\"@id\":\"https:\/\/mediatrade.fi\/en\/#organization\"},\"potentialAction\":[{\"@type\":\"SearchAction\",\"target\":{\"@type\":\"EntryPoint\",\"urlTemplate\":\"https:\/\/mediatrade.fi\/en\/?s={search_term_string}\"},\"query-input\":{\"@type\":\"PropertyValueSpecification\",\"valueRequired\":true,\"valueName\":\"search_term_string\"}}],\"inLanguage\":\"en-US\"},{\"@type\":\"Organization\",\"@id\":\"https:\/\/mediatrade.fi\/en\/#organization\",\"name\":\"Mediatrade\",\"url\":\"https:\/\/mediatrade.fi\/en\/\",\"logo\":{\"@type\":\"ImageObject\",\"inLanguage\":\"en-US\",\"@id\":\"https:\/\/mediatrade.fi\/en\/#\/schema\/logo\/image\/\",\"url\":\"https:\/\/mediatrade.fi\/wp-content\/uploads\/2022\/04\/Group-640.svg\",\"contentUrl\":\"https:\/\/mediatrade.fi\/wp-content\/uploads\/2022\/04\/Group-640.svg\",\"width\":128,\"height\":43,\"caption\":\"Mediatrade\"},\"image\":{\"@id\":\"https:\/\/mediatrade.fi\/en\/#\/schema\/logo\/image\/\"}}]}<\/script>\n<!-- \/ Yoast SEO plugin. -->","yoast_head_json":{"title":"Solidcom C1 Pro Wireless Intercom System with 4 ENC headsets - Mediatrade","robots":{"index":"index","follow":"follow","max-snippet":"max-snippet:-1","max-image-preview":"max-image-preview:large","max-video-preview":"max-video-preview:-1"},"canonical":"https:\/\/mediatrade.fi\/en\/product\/solidcom-c1-pro-wireless-intercom-system-with-4-enc-headsets-2\/","og_locale":"en_US","og_type":"article","og_title":"Solidcom C1 Pro Wireless Intercom System with 4 ENC headsets - Mediatrade","og_url":"https:\/\/mediatrade.fi\/en\/product\/solidcom-c1-pro-wireless-intercom-system-with-4-enc-headsets-2\/","og_site_name":"Mediatrade","article_modified_time":"2026-03-25T05:05:18+00:00","og_image":[{"width":800,"height":575,"url":"https:\/\/mediatrade.fi\/wp-content\/uploads\/2023\/03\/800q-01_123458.png","type":"image\/png"}],"twitter_card":"summary_large_image","twitter_misc":{"Est. reading time":"1 minute"},"schema":{"@context":"https:\/\/schema.org","@graph":[{"@type":"WebPage","@id":"https:\/\/mediatrade.fi\/en\/product\/solidcom-c1-pro-wireless-intercom-system-with-4-enc-headsets-2\/","url":"https:\/\/mediatrade.fi\/en\/product\/solidcom-c1-pro-wireless-intercom-system-with-4-enc-headsets-2\/","name":"Solidcom C1 Pro Wireless Intercom System with 4 ENC headsets - Mediatrade","isPartOf":{"@id":"https:\/\/mediatrade.fi\/en\/#website"},"primaryImageOfPage":{"@id":"https:\/\/mediatrade.fi\/en\/product\/solidcom-c1-pro-wireless-intercom-system-with-4-enc-headsets-2\/#primaryimage"},"image":{"@id":"https:\/\/mediatrade.fi\/en\/product\/solidcom-c1-pro-wireless-intercom-system-with-4-enc-headsets-2\/#primaryimage"},"thumbnailUrl":"https:\/\/mediatrade.fi\/wp-content\/uploads\/2023\/03\/800q-01_123458.png","datePublished":"2023-03-17T14:04:39+00:00","dateModified":"2026-03-25T05:05:18+00:00","breadcrumb":{"@id":"https:\/\/mediatrade.fi\/en\/product\/solidcom-c1-pro-wireless-intercom-system-with-4-enc-headsets-2\/#breadcrumb"},"inLanguage":"en-US","potentialAction":[{"@type":"ReadAction","target":["https:\/\/mediatrade.fi\/en\/product\/solidcom-c1-pro-wireless-intercom-system-with-4-enc-headsets-2\/"]}]},{"@type":"ImageObject","inLanguage":"en-US","@id":"https:\/\/mediatrade.fi\/en\/product\/solidcom-c1-pro-wireless-intercom-system-with-4-enc-headsets-2\/#primaryimage","url":"https:\/\/mediatrade.fi\/wp-content\/uploads\/2023\/03\/800q-01_123458.png","contentUrl":"https:\/\/mediatrade.fi\/wp-content\/uploads\/2023\/03\/800q-01_123458.png","width":800,"height":575},{"@type":"BreadcrumbList","@id":"https:\/\/mediatrade.fi\/en\/product\/solidcom-c1-pro-wireless-intercom-system-with-4-enc-headsets-2\/#breadcrumb","itemListElement":[{"@type":"ListItem","position":1,"name":"Front Page","item":"https:\/\/mediatrade.fi\/en\/"},{"@type":"ListItem","position":2,"name":"Shop","item":"https:\/\/mediatrade.fi\/en\/shop\/"},{"@type":"ListItem","position":3,"name":"Solidcom C1 Pro Wireless Intercom System with 4 ENC headsets"}]},{"@type":"WebSite","@id":"https:\/\/mediatrade.fi\/en\/#website","url":"https:\/\/mediatrade.fi\/en\/","name":"Mediatrade","description":"","publisher":{"@id":"https:\/\/mediatrade.fi\/en\/#organization"},"potentialAction":[{"@type":"SearchAction","target":{"@type":"EntryPoint","urlTemplate":"https:\/\/mediatrade.fi\/en\/?s={search_term_string}"},"query-input":{"@type":"PropertyValueSpecification","valueRequired":true,"valueName":"search_term_string"}}],"inLanguage":"en-US"},{"@type":"Organization","@id":"https:\/\/mediatrade.fi\/en\/#organization","name":"Mediatrade","url":"https:\/\/mediatrade.fi\/en\/","logo":{"@type":"ImageObject","inLanguage":"en-US","@id":"https:\/\/mediatrade.fi\/en\/#\/schema\/logo\/image\/","url":"https:\/\/mediatrade.fi\/wp-content\/uploads\/2022\/04\/Group-640.svg","contentUrl":"https:\/\/mediatrade.fi\/wp-content\/uploads\/2022\/04\/Group-640.svg","width":128,"height":43,"caption":"Mediatrade"},"image":{"@id":"https:\/\/mediatrade.fi\/en\/#\/schema\/logo\/image\/"}}]}},"_links":{"self":[{"href":"https:\/\/mediatrade.fi\/en\/wp-json\/wp\/v2\/product\/383379","targetHints":{"allow":["GET"]}}],"collection":[{"href":"https:\/\/mediatrade.fi\/en\/wp-json\/wp\/v2\/product"}],"about":[{"href":"https:\/\/mediatrade.fi\/en\/wp-json\/wp\/v2\/types\/product"}],"wp:featuredmedia":[{"embeddable":true,"href":"https:\/\/mediatrade.fi\/en\/wp-json\/wp\/v2\/media\/433861"}],"wp:attachment":[{"href":"https:\/\/mediatrade.fi\/en\/wp-json\/wp\/v2\/media?parent=383379"}],"wp:term":[{"taxonomy":"product_brand","embeddable":true,"href":"https:\/\/mediatrade.fi\/en\/wp-json\/wp\/v2\/product_brand?post=383379"},{"taxonomy":"product_cat","embeddable":true,"href":"https:\/\/mediatrade.fi\/en\/wp-json\/wp\/v2\/product_cat?post=383379"},{"taxonomy":"product_tag","embeddable":true,"href":"https:\/\/mediatrade.fi\/en\/wp-json\/wp\/v2\/product_tag?post=383379"},{"taxonomy":"brands","embeddable":true,"href":"https:\/\/mediatrade.fi\/en\/wp-json\/wp\/v2\/brands?post=383379"},{"taxonomy":"id_product_type","embeddable":true,"href":"https:\/\/mediatrade.fi\/en\/wp-json\/wp\/v2\/id_product_type?post=383379"}],"curies":[{"name":"wp","href":"https:\/\/api.w.org\/{rel}","templated":true}]}}