{"id":383447,"date":"2023-02-23T09:02:31","date_gmt":"2025-01-21T16:12:09","guid":{"rendered":"https:\/\/mediatrade.fi\/tuote\/exstreamer-p5-poe-package-2\/"},"modified":"2026-01-23T11:49:12","modified_gmt":"2026-01-23T09:49:12","slug":"exstreamer-p5-poe-package-2","status":"publish","type":"product","link":"https:\/\/mediatrade.fi\/en\/product\/exstreamer-p5-poe-package-2\/","title":{"rendered":"Exstreamer P5 PoE Package"},"content":{"rendered":"\n<section class=\"block block-woocommerce-product-description container-fluid container-fluid \">\n    <div class=\"container\">\n        <div class=\"row\">\n            <div class=\"col-12 col-md-6 order-2 order-md-1 attachments-col\">\n                                            <\/div>\n\n            <div class=\"col-12 col-md-5 offset-md-1 order-1 order-md-2\">\n                <main class=\"entry-content\">\n                    \n\n<h2 class=\"wp-block-heading\">Product<\/h2>\n\n\n\n<p>The Exstreamer P5 PoE Package is all that is needed to turn any 8 Ohm commercial speaker into an IP enabled Background Music or Paging speaker. The device features special mounting wings, an 8 Watt power amplifier and is powered using PoE. <\/p>\n\n\n\n<p>The Exstreamer family of devices support both Internet Radio as well as VoIP protocols and codecs, so the device can perfectly be used to play an Internet Stream as background music while being addressed in case of emergency from an IP phone for paging.<br>Designed in Switzerland and installed in tens of thousands of locations worldwide, the Barix Exstreamer series is the established standard for Instore Radio, Internet Radio, Entertainment, Paging, Intercom and Broadcast applications alike.<\/p>\n\n\n\n<p>Discontinued<\/p>\n\n\n\n<p>Tuote on tarkoitettu vain ammattik\u00e4ytt\u00f6\u00f6n. Ei takuuta.<\/p>\n\n\n                <\/main>\n            <\/div>\n        <\/div>\n    <\/div>\n<\/section>\n","protected":false},"excerpt":{"rendered":"","protected":false},"featured_media":433922,"template":"","meta":{"_acf_changed":false,"_relevanssi_hide_post":"","_relevanssi_hide_content":"","_relevanssi_pin_for_all":"","_relevanssi_pin_keywords":"","_relevanssi_unpin_keywords":"","_relevanssi_related_keywords":"","_relevanssi_related_include_ids":"","_relevanssi_related_exclude_ids":"","_relevanssi_related_no_append":"","_relevanssi_related_not_related":"","_relevanssi_related_posts":"","_relevanssi_noindex_reason":""},"product_brand":[],"product_cat":[2486,2500,9057,8318,9055,3491,8189],"product_tag":[5483,5497],"brands":[676],"id_product_type":[],"class_list":{"0":"post-383447","1":"product","2":"type-product","3":"status-publish","4":"has-post-thumbnail","6":"product_cat-all-products","7":"product_cat-audio","8":"product_cat-in-store","9":"product_cat-outlet","10":"product_cat-outlet-en","11":"product_cat-streaming-en","12":"product_cat-varastossa","13":"product_tag-aoip","14":"product_tag-exstreamer","16":"first","17":"instock","18":"taxable","19":"shipping-taxable","20":"purchasable","21":"product-type-simple"},"bundled_by":[],"bundle_stock_status":"instock","bundle_stock_quantity":3,"bundle_virtual":false,"bundle_layout":"","bundle_add_to_cart_form_location":"","bundle_editable_in_cart":false,"bundle_sold_individually_context":"","bundle_item_grouping":"","bundle_min_size":"","bundle_max_size":"","bundle_price":[],"bundled_items":[],"bundle_sell_ids":[],"acf":[],"yoast_head":"<!-- This site is optimized with the Yoast SEO plugin v27.1.1 - https:\/\/yoast.com\/product\/yoast-seo-wordpress\/ -->\n<title>Exstreamer P5 PoE Package - Mediatrade<\/title>\n<meta name=\"description\" content=\"The Exstreamer P5 PoE is all that is needed to turn any 8 Ohm commercial speaker into an IP enabled Background Music or Paging speaker.\" \/>\n<meta name=\"robots\" content=\"index, follow, max-snippet:-1, max-image-preview:large, max-video-preview:-1\" \/>\n<link rel=\"canonical\" href=\"https:\/\/mediatrade.fi\/en\/product\/exstreamer-p5-poe-package-2\/\" \/>\n<meta property=\"og:locale\" content=\"en_US\" \/>\n<meta property=\"og:type\" content=\"article\" \/>\n<meta property=\"og:title\" content=\"Exstreamer P5 PoE Package - Mediatrade\" \/>\n<meta property=\"og:description\" content=\"The Exstreamer P5 PoE is all that is needed to turn any 8 Ohm commercial speaker into an IP enabled Background Music or Paging speaker.\" \/>\n<meta property=\"og:url\" content=\"https:\/\/mediatrade.fi\/en\/product\/exstreamer-p5-poe-package-2\/\" \/>\n<meta property=\"og:site_name\" content=\"Mediatrade\" \/>\n<meta property=\"article:modified_time\" content=\"2026-01-23T09:49:12+00:00\" \/>\n<meta property=\"og:image\" content=\"https:\/\/mediatrade.fi\/wp-content\/uploads\/2023\/02\/exstreamer-p5-01.jpg\" \/>\n\t<meta property=\"og:image:width\" content=\"542\" \/>\n\t<meta property=\"og:image:height\" content=\"297\" \/>\n\t<meta property=\"og:image:type\" content=\"image\/jpeg\" \/>\n<meta name=\"twitter:card\" content=\"summary_large_image\" \/>\n<meta name=\"twitter:label1\" content=\"Est. reading time\" \/>\n\t<meta name=\"twitter:data1\" content=\"2 minutes\" \/>\n<script type=\"application\/ld+json\" class=\"yoast-schema-graph\">{\"@context\":\"https:\/\/schema.org\",\"@graph\":[{\"@type\":\"WebPage\",\"@id\":\"https:\/\/mediatrade.fi\/en\/product\/exstreamer-p5-poe-package-2\/\",\"url\":\"https:\/\/mediatrade.fi\/en\/product\/exstreamer-p5-poe-package-2\/\",\"name\":\"Exstreamer P5 PoE Package - Mediatrade\",\"isPartOf\":{\"@id\":\"https:\/\/mediatrade.fi\/en\/#website\"},\"primaryImageOfPage\":{\"@id\":\"https:\/\/mediatrade.fi\/en\/product\/exstreamer-p5-poe-package-2\/#primaryimage\"},\"image\":{\"@id\":\"https:\/\/mediatrade.fi\/en\/product\/exstreamer-p5-poe-package-2\/#primaryimage\"},\"thumbnailUrl\":\"https:\/\/mediatrade.fi\/wp-content\/uploads\/2023\/02\/exstreamer-p5-01.jpg\",\"datePublished\":\"2025-01-21T16:12:09+00:00\",\"dateModified\":\"2026-01-23T09:49:12+00:00\",\"description\":\"The Exstreamer P5 PoE is all that is needed to turn any 8 Ohm commercial speaker into an IP enabled Background Music or Paging speaker.\",\"breadcrumb\":{\"@id\":\"https:\/\/mediatrade.fi\/en\/product\/exstreamer-p5-poe-package-2\/#breadcrumb\"},\"inLanguage\":\"en-US\",\"potentialAction\":[{\"@type\":\"ReadAction\",\"target\":[\"https:\/\/mediatrade.fi\/en\/product\/exstreamer-p5-poe-package-2\/\"]}]},{\"@type\":\"ImageObject\",\"inLanguage\":\"en-US\",\"@id\":\"https:\/\/mediatrade.fi\/en\/product\/exstreamer-p5-poe-package-2\/#primaryimage\",\"url\":\"https:\/\/mediatrade.fi\/wp-content\/uploads\/2023\/02\/exstreamer-p5-01.jpg\",\"contentUrl\":\"https:\/\/mediatrade.fi\/wp-content\/uploads\/2023\/02\/exstreamer-p5-01.jpg\",\"width\":542,\"height\":297},{\"@type\":\"BreadcrumbList\",\"@id\":\"https:\/\/mediatrade.fi\/en\/product\/exstreamer-p5-poe-package-2\/#breadcrumb\",\"itemListElement\":[{\"@type\":\"ListItem\",\"position\":1,\"name\":\"Front Page\",\"item\":\"https:\/\/mediatrade.fi\/en\/\"},{\"@type\":\"ListItem\",\"position\":2,\"name\":\"Shop\",\"item\":\"https:\/\/mediatrade.fi\/en\/shop\/\"},{\"@type\":\"ListItem\",\"position\":3,\"name\":\"Exstreamer P5 PoE Package\"}]},{\"@type\":\"WebSite\",\"@id\":\"https:\/\/mediatrade.fi\/en\/#website\",\"url\":\"https:\/\/mediatrade.fi\/en\/\",\"name\":\"Mediatrade\",\"description\":\"\",\"publisher\":{\"@id\":\"https:\/\/mediatrade.fi\/en\/#organization\"},\"potentialAction\":[{\"@type\":\"SearchAction\",\"target\":{\"@type\":\"EntryPoint\",\"urlTemplate\":\"https:\/\/mediatrade.fi\/en\/?s={search_term_string}\"},\"query-input\":{\"@type\":\"PropertyValueSpecification\",\"valueRequired\":true,\"valueName\":\"search_term_string\"}}],\"inLanguage\":\"en-US\"},{\"@type\":\"Organization\",\"@id\":\"https:\/\/mediatrade.fi\/en\/#organization\",\"name\":\"Mediatrade\",\"url\":\"https:\/\/mediatrade.fi\/en\/\",\"logo\":{\"@type\":\"ImageObject\",\"inLanguage\":\"en-US\",\"@id\":\"https:\/\/mediatrade.fi\/en\/#\/schema\/logo\/image\/\",\"url\":\"https:\/\/mediatrade.fi\/wp-content\/uploads\/2022\/04\/Group-640.svg\",\"contentUrl\":\"https:\/\/mediatrade.fi\/wp-content\/uploads\/2022\/04\/Group-640.svg\",\"width\":128,\"height\":43,\"caption\":\"Mediatrade\"},\"image\":{\"@id\":\"https:\/\/mediatrade.fi\/en\/#\/schema\/logo\/image\/\"}}]}<\/script>\n<!-- \/ Yoast SEO plugin. -->","yoast_head_json":{"title":"Exstreamer P5 PoE Package - Mediatrade","description":"The Exstreamer P5 PoE is all that is needed to turn any 8 Ohm commercial speaker into an IP enabled Background Music or Paging speaker.","robots":{"index":"index","follow":"follow","max-snippet":"max-snippet:-1","max-image-preview":"max-image-preview:large","max-video-preview":"max-video-preview:-1"},"canonical":"https:\/\/mediatrade.fi\/en\/product\/exstreamer-p5-poe-package-2\/","og_locale":"en_US","og_type":"article","og_title":"Exstreamer P5 PoE Package - Mediatrade","og_description":"The Exstreamer P5 PoE is all that is needed to turn any 8 Ohm commercial speaker into an IP enabled Background Music or Paging speaker.","og_url":"https:\/\/mediatrade.fi\/en\/product\/exstreamer-p5-poe-package-2\/","og_site_name":"Mediatrade","article_modified_time":"2026-01-23T09:49:12+00:00","og_image":[{"width":542,"height":297,"url":"https:\/\/mediatrade.fi\/wp-content\/uploads\/2023\/02\/exstreamer-p5-01.jpg","type":"image\/jpeg"}],"twitter_card":"summary_large_image","twitter_misc":{"Est. reading time":"2 minutes"},"schema":{"@context":"https:\/\/schema.org","@graph":[{"@type":"WebPage","@id":"https:\/\/mediatrade.fi\/en\/product\/exstreamer-p5-poe-package-2\/","url":"https:\/\/mediatrade.fi\/en\/product\/exstreamer-p5-poe-package-2\/","name":"Exstreamer P5 PoE Package - Mediatrade","isPartOf":{"@id":"https:\/\/mediatrade.fi\/en\/#website"},"primaryImageOfPage":{"@id":"https:\/\/mediatrade.fi\/en\/product\/exstreamer-p5-poe-package-2\/#primaryimage"},"image":{"@id":"https:\/\/mediatrade.fi\/en\/product\/exstreamer-p5-poe-package-2\/#primaryimage"},"thumbnailUrl":"https:\/\/mediatrade.fi\/wp-content\/uploads\/2023\/02\/exstreamer-p5-01.jpg","datePublished":"2025-01-21T16:12:09+00:00","dateModified":"2026-01-23T09:49:12+00:00","description":"The Exstreamer P5 PoE is all that is needed to turn any 8 Ohm commercial speaker into an IP enabled Background Music or Paging speaker.","breadcrumb":{"@id":"https:\/\/mediatrade.fi\/en\/product\/exstreamer-p5-poe-package-2\/#breadcrumb"},"inLanguage":"en-US","potentialAction":[{"@type":"ReadAction","target":["https:\/\/mediatrade.fi\/en\/product\/exstreamer-p5-poe-package-2\/"]}]},{"@type":"ImageObject","inLanguage":"en-US","@id":"https:\/\/mediatrade.fi\/en\/product\/exstreamer-p5-poe-package-2\/#primaryimage","url":"https:\/\/mediatrade.fi\/wp-content\/uploads\/2023\/02\/exstreamer-p5-01.jpg","contentUrl":"https:\/\/mediatrade.fi\/wp-content\/uploads\/2023\/02\/exstreamer-p5-01.jpg","width":542,"height":297},{"@type":"BreadcrumbList","@id":"https:\/\/mediatrade.fi\/en\/product\/exstreamer-p5-poe-package-2\/#breadcrumb","itemListElement":[{"@type":"ListItem","position":1,"name":"Front Page","item":"https:\/\/mediatrade.fi\/en\/"},{"@type":"ListItem","position":2,"name":"Shop","item":"https:\/\/mediatrade.fi\/en\/shop\/"},{"@type":"ListItem","position":3,"name":"Exstreamer P5 PoE Package"}]},{"@type":"WebSite","@id":"https:\/\/mediatrade.fi\/en\/#website","url":"https:\/\/mediatrade.fi\/en\/","name":"Mediatrade","description":"","publisher":{"@id":"https:\/\/mediatrade.fi\/en\/#organization"},"potentialAction":[{"@type":"SearchAction","target":{"@type":"EntryPoint","urlTemplate":"https:\/\/mediatrade.fi\/en\/?s={search_term_string}"},"query-input":{"@type":"PropertyValueSpecification","valueRequired":true,"valueName":"search_term_string"}}],"inLanguage":"en-US"},{"@type":"Organization","@id":"https:\/\/mediatrade.fi\/en\/#organization","name":"Mediatrade","url":"https:\/\/mediatrade.fi\/en\/","logo":{"@type":"ImageObject","inLanguage":"en-US","@id":"https:\/\/mediatrade.fi\/en\/#\/schema\/logo\/image\/","url":"https:\/\/mediatrade.fi\/wp-content\/uploads\/2022\/04\/Group-640.svg","contentUrl":"https:\/\/mediatrade.fi\/wp-content\/uploads\/2022\/04\/Group-640.svg","width":128,"height":43,"caption":"Mediatrade"},"image":{"@id":"https:\/\/mediatrade.fi\/en\/#\/schema\/logo\/image\/"}}]}},"_links":{"self":[{"href":"https:\/\/mediatrade.fi\/en\/wp-json\/wp\/v2\/product\/383447","targetHints":{"allow":["GET"]}}],"collection":[{"href":"https:\/\/mediatrade.fi\/en\/wp-json\/wp\/v2\/product"}],"about":[{"href":"https:\/\/mediatrade.fi\/en\/wp-json\/wp\/v2\/types\/product"}],"wp:featuredmedia":[{"embeddable":true,"href":"https:\/\/mediatrade.fi\/en\/wp-json\/wp\/v2\/media\/433922"}],"wp:attachment":[{"href":"https:\/\/mediatrade.fi\/en\/wp-json\/wp\/v2\/media?parent=383447"}],"wp:term":[{"taxonomy":"product_brand","embeddable":true,"href":"https:\/\/mediatrade.fi\/en\/wp-json\/wp\/v2\/product_brand?post=383447"},{"taxonomy":"product_cat","embeddable":true,"href":"https:\/\/mediatrade.fi\/en\/wp-json\/wp\/v2\/product_cat?post=383447"},{"taxonomy":"product_tag","embeddable":true,"href":"https:\/\/mediatrade.fi\/en\/wp-json\/wp\/v2\/product_tag?post=383447"},{"taxonomy":"brands","embeddable":true,"href":"https:\/\/mediatrade.fi\/en\/wp-json\/wp\/v2\/brands?post=383447"},{"taxonomy":"id_product_type","embeddable":true,"href":"https:\/\/mediatrade.fi\/en\/wp-json\/wp\/v2\/id_product_type?post=383447"}],"curies":[{"name":"wp","href":"https:\/\/api.w.org\/{rel}","templated":true}]}}