{"id":383647,"date":"2023-02-06T09:26:01","date_gmt":"2023-02-06T07:26:01","guid":{"rendered":"https:\/\/mediatrade.fi\/tuote\/8-0mm-f2-0-cs-mount-1-3-megapixel-cctv-ir-cut-lens-2\/"},"modified":"2026-03-17T07:35:05","modified_gmt":"2026-03-17T05:35:05","slug":"8-0mm-f2-0-cs-mount-1-3-megapixel-cctv-ir-cut-lens-2","status":"publish","type":"product","link":"https:\/\/mediatrade.fi\/en\/product\/8-0mm-f2-0-cs-mount-1-3-megapixel-cctv-ir-cut-lens-2\/","title":{"rendered":"8.0mm F2.0 CS-Mount 1.3 MegaPixel CCTV IR Cut Lens"},"content":{"rendered":"\n<section class=\"block block-woocommerce-product-description container-fluid container-fluid \">\n    <div class=\"container\">\n        <div class=\"row\">\n            <div class=\"col-12 col-md-6 order-2 order-md-1 attachments-col\">\n                                            <\/div>\n\n            <div class=\"col-12 col-md-5 offset-md-1 order-1 order-md-2\">\n                <main class=\"entry-content\">\n                    \n\n<h2 class=\"wp-block-heading\">Tuotetiedot<\/h2>\n\n\n\n<p>8.0mm F2.0 (650nm IR Cut Filter) CS-Mount 1.3 MegaPixel CCTV Lens<\/p>\n\n\n\n<p>Tuote on tarkoitettu vain ammattik\u00e4ytt\u00f6\u00f6n. Ei takuuta.<\/p>\n\n\n                <\/main>\n            <\/div>\n        <\/div>\n    <\/div>\n<\/section>\n\n\n\n    \n\n\n\n<section class=\"block block-profile-listing container-fluid \">\n    <div class=\"container\">\n        <div class=\"row\">\n            <main class=\"entry-content col-12\">\n                \n\n<h2 class=\"wp-block-heading\">Asiantuntijamme<\/h2>\n\n\n            <\/main>\n                        <div class=\"col-12 col-lg-6\">\n                <div class=\"person-wrapper\">\n                    <div class=\"image-wrapper\">\n                        <img decoding=\"async\" width=\"576\" height=\"1024\" src=\"https:\/\/mediatrade.fi\/wp-content\/uploads\/2022\/04\/Lauri_Virkki-576x1024-1.jpg\" class=\"attachment-post-thumbnail size-post-thumbnail wp-post-image\" alt=\"\" srcset=\"https:\/\/mediatrade.fi\/wp-content\/uploads\/2022\/04\/Lauri_Virkki-576x1024-1.jpg 576w, https:\/\/mediatrade.fi\/wp-content\/uploads\/2022\/04\/Lauri_Virkki-576x1024-1-169x300.jpg 169w\" sizes=\"(max-width: 575px) 100vw, (max-width: 767px) 570, (max-width: 991px) 830, (max-width: 1199px) 930, 994px\" \/>                    <\/div>\n                    <div class=\"content-wrapper\">\n                        <h4 class=\"name\">Lauri Virkki<\/h4>\n                        <p class=\"title\">Project Manager<\/p>\n                        <p class=\"summary\">I manage Mediatrade&#8217;s projects and handle system design. I\u2019m well-versed in production technology challenges, tools, and workflows.<\/p>\n                                                <span class=\"knowledge-title\">Area of expertise<\/span>\n                        <p class=\"knowledge\">Cinematography, program production, IP technologies<\/p>\n                                                <p class=\"phone\">+358201557720<\/p>\n                        <p class=\"email\"> lauri.virkki@mediatrade.fi<\/p>\n                    <\/div>\n                <\/div>\n            <\/div>\n                                <\/div>\n    <\/div>\n<\/section>\n","protected":false},"excerpt":{"rendered":"","protected":false},"featured_media":457545,"template":"","meta":{"_acf_changed":false,"_relevanssi_hide_post":"","_relevanssi_hide_content":"","_relevanssi_pin_for_all":"","_relevanssi_pin_keywords":"","_relevanssi_unpin_keywords":"","_relevanssi_related_keywords":"","_relevanssi_related_include_ids":"","_relevanssi_related_exclude_ids":"","_relevanssi_related_no_append":"","_relevanssi_related_not_related":"","_relevanssi_related_posts":"","_relevanssi_noindex_reason":""},"product_brand":[],"product_cat":[2486,9057,2486,3478,9055,9055,9057],"product_tag":[2490],"brands":[4350],"id_product_type":[],"class_list":{"0":"post-383647","1":"product","2":"type-product","3":"status-publish","4":"has-post-thumbnail","6":"product_cat-all-products","7":"product_cat-in-store","9":"product_cat-lenses-and-equipment","10":"product_cat-outlet-en","13":"product_tag-mediatrade-en","15":"first","16":"instock","17":"taxable","18":"shipping-taxable","19":"purchasable","20":"product-type-simple"},"bundled_by":[],"bundle_stock_status":"instock","bundle_stock_quantity":2,"bundle_virtual":false,"bundle_layout":"","bundle_add_to_cart_form_location":"","bundle_editable_in_cart":false,"bundle_sold_individually_context":"","bundle_item_grouping":"","bundle_min_size":"","bundle_max_size":"","bundle_price":[],"bundled_items":[],"bundle_sell_ids":[],"acf":[],"yoast_head":"<!-- This site is optimized with the Yoast SEO plugin v27.1.1 - https:\/\/yoast.com\/product\/yoast-seo-wordpress\/ -->\n<title>8.0mm F2.0 CS-Mount 1.3 MegaPixel CCTV IR Cut Lens - Mediatrade<\/title>\n<meta name=\"description\" content=\"8.0mm F2.0 (650nm IR Cut Filter) CS-Mount 1.3 MegaPixel CCTV Lens\" \/>\n<meta name=\"robots\" content=\"index, follow, max-snippet:-1, max-image-preview:large, max-video-preview:-1\" \/>\n<link rel=\"canonical\" href=\"https:\/\/mediatrade.fi\/en\/product\/8-0mm-f2-0-cs-mount-1-3-megapixel-cctv-ir-cut-lens-2\/\" \/>\n<meta property=\"og:locale\" content=\"en_US\" \/>\n<meta property=\"og:type\" content=\"article\" \/>\n<meta property=\"og:title\" content=\"8.0mm F2.0 CS-Mount 1.3 MegaPixel CCTV IR Cut Lens - Mediatrade\" \/>\n<meta property=\"og:description\" content=\"8.0mm F2.0 (650nm IR Cut Filter) CS-Mount 1.3 MegaPixel CCTV Lens\" \/>\n<meta property=\"og:url\" content=\"https:\/\/mediatrade.fi\/en\/product\/8-0mm-f2-0-cs-mount-1-3-megapixel-cctv-ir-cut-lens-2\/\" \/>\n<meta property=\"og:site_name\" content=\"Mediatrade\" \/>\n<meta property=\"article:modified_time\" content=\"2026-03-17T05:35:05+00:00\" \/>\n<meta property=\"og:image\" content=\"https:\/\/mediatrade.fi\/wp-content\/uploads\/2023\/01\/4600Series_single.png\" \/>\n\t<meta property=\"og:image:width\" content=\"317\" \/>\n\t<meta property=\"og:image:height\" content=\"304\" \/>\n\t<meta property=\"og:image:type\" content=\"image\/png\" \/>\n<meta name=\"twitter:card\" content=\"summary_large_image\" \/>\n<meta name=\"twitter:label1\" content=\"Est. reading time\" \/>\n\t<meta name=\"twitter:data1\" content=\"1 minute\" \/>\n<script type=\"application\/ld+json\" class=\"yoast-schema-graph\">{\"@context\":\"https:\/\/schema.org\",\"@graph\":[{\"@type\":\"WebPage\",\"@id\":\"https:\/\/mediatrade.fi\/en\/product\/8-0mm-f2-0-cs-mount-1-3-megapixel-cctv-ir-cut-lens-2\/\",\"url\":\"https:\/\/mediatrade.fi\/en\/product\/8-0mm-f2-0-cs-mount-1-3-megapixel-cctv-ir-cut-lens-2\/\",\"name\":\"8.0mm F2.0 CS-Mount 1.3 MegaPixel CCTV IR Cut Lens - Mediatrade\",\"isPartOf\":{\"@id\":\"https:\/\/mediatrade.fi\/en\/#website\"},\"primaryImageOfPage\":{\"@id\":\"https:\/\/mediatrade.fi\/en\/product\/8-0mm-f2-0-cs-mount-1-3-megapixel-cctv-ir-cut-lens-2\/#primaryimage\"},\"image\":{\"@id\":\"https:\/\/mediatrade.fi\/en\/product\/8-0mm-f2-0-cs-mount-1-3-megapixel-cctv-ir-cut-lens-2\/#primaryimage\"},\"thumbnailUrl\":\"https:\/\/mediatrade.fi\/wp-content\/uploads\/2023\/02\/8.0mm-F2.0-CS-Mount-1.3-MegaPixel-CCTV-IR-Cut-Lens.webp\",\"datePublished\":\"2023-02-06T07:26:01+00:00\",\"dateModified\":\"2026-03-17T05:35:05+00:00\",\"description\":\"8.0mm F2.0 (650nm IR Cut Filter) CS-Mount 1.3 MegaPixel CCTV Lens\",\"breadcrumb\":{\"@id\":\"https:\/\/mediatrade.fi\/en\/product\/8-0mm-f2-0-cs-mount-1-3-megapixel-cctv-ir-cut-lens-2\/#breadcrumb\"},\"inLanguage\":\"en-US\",\"potentialAction\":[{\"@type\":\"ReadAction\",\"target\":[\"https:\/\/mediatrade.fi\/en\/product\/8-0mm-f2-0-cs-mount-1-3-megapixel-cctv-ir-cut-lens-2\/\"]}]},{\"@type\":\"ImageObject\",\"inLanguage\":\"en-US\",\"@id\":\"https:\/\/mediatrade.fi\/en\/product\/8-0mm-f2-0-cs-mount-1-3-megapixel-cctv-ir-cut-lens-2\/#primaryimage\",\"url\":\"https:\/\/mediatrade.fi\/wp-content\/uploads\/2023\/02\/8.0mm-F2.0-CS-Mount-1.3-MegaPixel-CCTV-IR-Cut-Lens.webp\",\"contentUrl\":\"https:\/\/mediatrade.fi\/wp-content\/uploads\/2023\/02\/8.0mm-F2.0-CS-Mount-1.3-MegaPixel-CCTV-IR-Cut-Lens.webp\",\"width\":200,\"height\":200},{\"@type\":\"BreadcrumbList\",\"@id\":\"https:\/\/mediatrade.fi\/en\/product\/8-0mm-f2-0-cs-mount-1-3-megapixel-cctv-ir-cut-lens-2\/#breadcrumb\",\"itemListElement\":[{\"@type\":\"ListItem\",\"position\":1,\"name\":\"Front Page\",\"item\":\"https:\/\/mediatrade.fi\/en\/\"},{\"@type\":\"ListItem\",\"position\":2,\"name\":\"Shop\",\"item\":\"https:\/\/mediatrade.fi\/en\/shop\/\"},{\"@type\":\"ListItem\",\"position\":3,\"name\":\"8.0mm F2.0 CS-Mount 1.3 MegaPixel CCTV IR Cut Lens\"}]},{\"@type\":\"WebSite\",\"@id\":\"https:\/\/mediatrade.fi\/en\/#website\",\"url\":\"https:\/\/mediatrade.fi\/en\/\",\"name\":\"Mediatrade\",\"description\":\"\",\"publisher\":{\"@id\":\"https:\/\/mediatrade.fi\/en\/#organization\"},\"potentialAction\":[{\"@type\":\"SearchAction\",\"target\":{\"@type\":\"EntryPoint\",\"urlTemplate\":\"https:\/\/mediatrade.fi\/en\/?s={search_term_string}\"},\"query-input\":{\"@type\":\"PropertyValueSpecification\",\"valueRequired\":true,\"valueName\":\"search_term_string\"}}],\"inLanguage\":\"en-US\"},{\"@type\":\"Organization\",\"@id\":\"https:\/\/mediatrade.fi\/en\/#organization\",\"name\":\"Mediatrade\",\"url\":\"https:\/\/mediatrade.fi\/en\/\",\"logo\":{\"@type\":\"ImageObject\",\"inLanguage\":\"en-US\",\"@id\":\"https:\/\/mediatrade.fi\/en\/#\/schema\/logo\/image\/\",\"url\":\"https:\/\/mediatrade.fi\/wp-content\/uploads\/2022\/04\/Group-640.svg\",\"contentUrl\":\"https:\/\/mediatrade.fi\/wp-content\/uploads\/2022\/04\/Group-640.svg\",\"width\":128,\"height\":43,\"caption\":\"Mediatrade\"},\"image\":{\"@id\":\"https:\/\/mediatrade.fi\/en\/#\/schema\/logo\/image\/\"}}]}<\/script>\n<!-- \/ Yoast SEO plugin. -->","yoast_head_json":{"title":"8.0mm F2.0 CS-Mount 1.3 MegaPixel CCTV IR Cut Lens - Mediatrade","description":"8.0mm F2.0 (650nm IR Cut Filter) CS-Mount 1.3 MegaPixel CCTV Lens","robots":{"index":"index","follow":"follow","max-snippet":"max-snippet:-1","max-image-preview":"max-image-preview:large","max-video-preview":"max-video-preview:-1"},"canonical":"https:\/\/mediatrade.fi\/en\/product\/8-0mm-f2-0-cs-mount-1-3-megapixel-cctv-ir-cut-lens-2\/","og_locale":"en_US","og_type":"article","og_title":"8.0mm F2.0 CS-Mount 1.3 MegaPixel CCTV IR Cut Lens - Mediatrade","og_description":"8.0mm F2.0 (650nm IR Cut Filter) CS-Mount 1.3 MegaPixel CCTV Lens","og_url":"https:\/\/mediatrade.fi\/en\/product\/8-0mm-f2-0-cs-mount-1-3-megapixel-cctv-ir-cut-lens-2\/","og_site_name":"Mediatrade","article_modified_time":"2026-03-17T05:35:05+00:00","og_image":[{"width":317,"height":304,"url":"https:\/\/mediatrade.fi\/wp-content\/uploads\/2023\/01\/4600Series_single.png","type":"image\/png"}],"twitter_card":"summary_large_image","twitter_misc":{"Est. reading time":"1 minute"},"schema":{"@context":"https:\/\/schema.org","@graph":[{"@type":"WebPage","@id":"https:\/\/mediatrade.fi\/en\/product\/8-0mm-f2-0-cs-mount-1-3-megapixel-cctv-ir-cut-lens-2\/","url":"https:\/\/mediatrade.fi\/en\/product\/8-0mm-f2-0-cs-mount-1-3-megapixel-cctv-ir-cut-lens-2\/","name":"8.0mm F2.0 CS-Mount 1.3 MegaPixel CCTV IR Cut Lens - Mediatrade","isPartOf":{"@id":"https:\/\/mediatrade.fi\/en\/#website"},"primaryImageOfPage":{"@id":"https:\/\/mediatrade.fi\/en\/product\/8-0mm-f2-0-cs-mount-1-3-megapixel-cctv-ir-cut-lens-2\/#primaryimage"},"image":{"@id":"https:\/\/mediatrade.fi\/en\/product\/8-0mm-f2-0-cs-mount-1-3-megapixel-cctv-ir-cut-lens-2\/#primaryimage"},"thumbnailUrl":"https:\/\/mediatrade.fi\/wp-content\/uploads\/2023\/02\/8.0mm-F2.0-CS-Mount-1.3-MegaPixel-CCTV-IR-Cut-Lens.webp","datePublished":"2023-02-06T07:26:01+00:00","dateModified":"2026-03-17T05:35:05+00:00","description":"8.0mm F2.0 (650nm IR Cut Filter) CS-Mount 1.3 MegaPixel CCTV Lens","breadcrumb":{"@id":"https:\/\/mediatrade.fi\/en\/product\/8-0mm-f2-0-cs-mount-1-3-megapixel-cctv-ir-cut-lens-2\/#breadcrumb"},"inLanguage":"en-US","potentialAction":[{"@type":"ReadAction","target":["https:\/\/mediatrade.fi\/en\/product\/8-0mm-f2-0-cs-mount-1-3-megapixel-cctv-ir-cut-lens-2\/"]}]},{"@type":"ImageObject","inLanguage":"en-US","@id":"https:\/\/mediatrade.fi\/en\/product\/8-0mm-f2-0-cs-mount-1-3-megapixel-cctv-ir-cut-lens-2\/#primaryimage","url":"https:\/\/mediatrade.fi\/wp-content\/uploads\/2023\/02\/8.0mm-F2.0-CS-Mount-1.3-MegaPixel-CCTV-IR-Cut-Lens.webp","contentUrl":"https:\/\/mediatrade.fi\/wp-content\/uploads\/2023\/02\/8.0mm-F2.0-CS-Mount-1.3-MegaPixel-CCTV-IR-Cut-Lens.webp","width":200,"height":200},{"@type":"BreadcrumbList","@id":"https:\/\/mediatrade.fi\/en\/product\/8-0mm-f2-0-cs-mount-1-3-megapixel-cctv-ir-cut-lens-2\/#breadcrumb","itemListElement":[{"@type":"ListItem","position":1,"name":"Front Page","item":"https:\/\/mediatrade.fi\/en\/"},{"@type":"ListItem","position":2,"name":"Shop","item":"https:\/\/mediatrade.fi\/en\/shop\/"},{"@type":"ListItem","position":3,"name":"8.0mm F2.0 CS-Mount 1.3 MegaPixel CCTV IR Cut Lens"}]},{"@type":"WebSite","@id":"https:\/\/mediatrade.fi\/en\/#website","url":"https:\/\/mediatrade.fi\/en\/","name":"Mediatrade","description":"","publisher":{"@id":"https:\/\/mediatrade.fi\/en\/#organization"},"potentialAction":[{"@type":"SearchAction","target":{"@type":"EntryPoint","urlTemplate":"https:\/\/mediatrade.fi\/en\/?s={search_term_string}"},"query-input":{"@type":"PropertyValueSpecification","valueRequired":true,"valueName":"search_term_string"}}],"inLanguage":"en-US"},{"@type":"Organization","@id":"https:\/\/mediatrade.fi\/en\/#organization","name":"Mediatrade","url":"https:\/\/mediatrade.fi\/en\/","logo":{"@type":"ImageObject","inLanguage":"en-US","@id":"https:\/\/mediatrade.fi\/en\/#\/schema\/logo\/image\/","url":"https:\/\/mediatrade.fi\/wp-content\/uploads\/2022\/04\/Group-640.svg","contentUrl":"https:\/\/mediatrade.fi\/wp-content\/uploads\/2022\/04\/Group-640.svg","width":128,"height":43,"caption":"Mediatrade"},"image":{"@id":"https:\/\/mediatrade.fi\/en\/#\/schema\/logo\/image\/"}}]}},"_links":{"self":[{"href":"https:\/\/mediatrade.fi\/en\/wp-json\/wp\/v2\/product\/383647","targetHints":{"allow":["GET"]}}],"collection":[{"href":"https:\/\/mediatrade.fi\/en\/wp-json\/wp\/v2\/product"}],"about":[{"href":"https:\/\/mediatrade.fi\/en\/wp-json\/wp\/v2\/types\/product"}],"wp:featuredmedia":[{"embeddable":true,"href":"https:\/\/mediatrade.fi\/en\/wp-json\/wp\/v2\/media\/457545"}],"wp:attachment":[{"href":"https:\/\/mediatrade.fi\/en\/wp-json\/wp\/v2\/media?parent=383647"}],"wp:term":[{"taxonomy":"product_brand","embeddable":true,"href":"https:\/\/mediatrade.fi\/en\/wp-json\/wp\/v2\/product_brand?post=383647"},{"taxonomy":"product_cat","embeddable":true,"href":"https:\/\/mediatrade.fi\/en\/wp-json\/wp\/v2\/product_cat?post=383647"},{"taxonomy":"product_tag","embeddable":true,"href":"https:\/\/mediatrade.fi\/en\/wp-json\/wp\/v2\/product_tag?post=383647"},{"taxonomy":"brands","embeddable":true,"href":"https:\/\/mediatrade.fi\/en\/wp-json\/wp\/v2\/brands?post=383647"},{"taxonomy":"id_product_type","embeddable":true,"href":"https:\/\/mediatrade.fi\/en\/wp-json\/wp\/v2\/id_product_type?post=383647"}],"curies":[{"name":"wp","href":"https:\/\/api.w.org\/{rel}","templated":true}]}}