{"id":384270,"date":"2022-12-02T11:35:56","date_gmt":"2025-01-21T16:34:35","guid":{"rendered":"https:\/\/mediatrade.fi\/tuote\/fx6-cinema-line-camera-2\/"},"modified":"2026-01-23T12:28:46","modified_gmt":"2026-01-23T10:28:46","slug":"fx6-cinema-line-camera-2","status":"publish","type":"product","link":"https:\/\/mediatrade.fi\/en\/product\/fx6-cinema-line-camera-2\/","title":{"rendered":"FX6 Cinema Line Camera"},"content":{"rendered":"\n<section class=\"block block-woocommerce-product-description container-fluid container-fluid \">\n    <div class=\"container\">\n        <div class=\"row\">\n            <div class=\"col-12 col-md-6 order-2 order-md-1 attachments-col\">\n                                <div style=\"height: 100%;\" class=\"oembed oembed-youtube\">        <div class=\"cookieconsent-optout-marketing\">            <a href=\"javascript:Cookiebot.renew()\">Hyv\u00e4ksy markkinointiev\u00e4steet<\/a>            katsoaksesi videon.        <\/div><iframe title=\"Introducing Cinema Line FX6 | Sony | \u03b1\" width=\"840\" height=\"473\" src=\"https:\/\/www.youtube.com\/embed\/XukIzJs6iY4?feature=oembed\" frameborder=\"0\" allow=\"accelerometer; autoplay; clipboard-write; encrypted-media; gyroscope; picture-in-picture; web-share\" allowfullscreen><\/iframe><\/div>            <\/div>\n\n            <div class=\"col-12 col-md-5 offset-md-1 order-1 order-md-2\">\n                <main class=\"entry-content\">\n                    \n\n<h2 class=\"wp-block-heading\">Tuotetiedot<\/h2>\n\n\n\n<p>Sonyn huippusuosittu FX6 Cinema Line -kameran t\u00e4ysikokoinen kuvakenno ja ylivertainen herkkyys tarjoavat sis\u00e4ll\u00f6ntuottajille mullistavaa suorituskyky\u00e4 pieness\u00e4 koossa. Uraauurtavat videotoiminnot viev\u00e4t kuvauksen uudelle tasolle sis\u00e4lt\u00e4en muun muassa elokuvamaiset tyylit, ammattimaiset k\u00e4ytt\u00f6liittym\u00e4t ja elektronisen k\u00e4\u00e4ntyv\u00e4n harmaasuotimen. <\/p>\n\n\n\n<h3 class=\"wp-block-heading\">Ominaisuudet<\/h3>\n\n\n\n<ul class=\"wp-block-list\">\n<li>kenno: 35,6 x 23,8 mm BSI-CMOS, 12 Mpix (k\u00e4yt\u00f6ss\u00e4 10 megapikseli\u00e4)<\/li>\n\n\n\n<li>bajonetti: Sony E<\/li>\n\n\n\n<li>herkkyys: ISO 800\/12800 (Cine EI -tila, D55-valonl\u00e4hde)<\/li>\n\n\n\n<li>suljinajat: 1- 1\/8000 s<\/li>\n\n\n\n<li>videokuvaus: muistikortille maks. 4096 x 2160 60 kuvaa\/s 10 bit 4:2:2<\/li>\n\n\n\n<li>k\u00e4\u00e4ntyv\u00e4 n\u00e4ytt\u00f6: 7,7 cm kosketusn\u00e4ytt\u00f6, 0,9M pistett\u00e4<\/li>\n\n\n\n<li>Sis\u00e4\u00e4rakennetut suotimet: lineaarinen k\u00e4\u00e4ntyv\u00e4 harmaasuodin (1\/4ND\u20131\/128ND)<\/li>\n\n\n\n<li>muistikorttipaikka 1: SD (HC\/XC) UHS-II -tuki tai&nbsp;<a href=\"https:\/\/www.verkkokauppa.com\/fi\/catalog\/12061c\/CFexpress-Type-A\">CFexpress Type A<\/a><\/li>\n\n\n\n<li>muistikorttipaikka 2: SD (HC\/XC)UHS-II -tuki tai&nbsp;<a href=\"https:\/\/www.verkkokauppa.com\/fi\/catalog\/12061c\/CFexpress-Type-A\">CFexpress Type A<\/a><\/li>\n\n\n\n<li>mikrofoniliit\u00e4nt\u00e4: kuvauskahvassa 2 x XLR<\/li>\n\n\n\n<li>kuulokeliit\u00e4nt\u00e4: 3,5 mm<\/li>\n\n\n\n<li>muut liit\u00e4nn\u00e4t: HDMI, 12G-SDI, USB Type-C<\/li>\n\n\n\n<li>langattomat: Wi-Fi<\/li>\n\n\n\n<li>mitat: 153 x 116 x 114 mm (pelkk\u00e4 runko)<\/li>\n\n\n\n<li>paino: 890 g<\/li>\n<\/ul>\n\n\n\n<h3 class=\"wp-block-heading\">Paketissa<\/h3>\n\n\n\n<ul class=\"wp-block-list\">\n<li>AC Adaptor(1)<\/li>\n\n\n\n<li>Battery charger(1) <\/li>\n\n\n\n<li>Battery pack(1)<\/li>\n\n\n\n<li>Cold shoe kit(1)<\/li>\n\n\n\n<li>Grip remote control(1) <\/li>\n\n\n\n<li>Handle(1)<\/li>\n\n\n\n<li>Handle connector cap(1) <\/li>\n\n\n\n<li>LCD hood(1)<\/li>\n\n\n\n<li>LCD monitor(1)<\/li>\n\n\n\n<li>Lens mount cap(1) <\/li>\n\n\n\n<li>Power cord(1)<\/li>\n\n\n\n<li>USB-C cable(1)<\/li>\n<\/ul>\n\n\n                <\/main>\n            <\/div>\n        <\/div>\n    <\/div>\n<\/section>\n\n\n\n    \n\n<section class=\"block woocommerce-similar-products container-fluid \">\n    \n<div class=\"partial-block-header\">\n    <div class=\"container\">\n        <div class=\"row align-items-center\">\n            <div class=\"col col-12 col-md-6 d-flex justify-content-start title-col\">\n                                <h2 class=\"block-title\">Liittyv\u00e4t tuotteet<\/h2>\n                            <\/div>\n            <div class=\"col col-12 col-md-6 d-flex justify-content-md-end cta-col\">\n                            <\/div>\n        <\/div>\n    <\/div>\n<\/div>\n    <div class=\"container\">\n                <div class=\"row card-row\">\n            <div class=\"col\">\n                \n<div class=\"swiper\">\n            <div class=\"slide\">\n            <div class=\"card product product-feature-tracking\" onclick=\"document.getElementById('card-link-69dcabe8a7bd5').click();\" data-product='{\"title\":\"FX9 Cinema Line Camera\",\"sku\":\"PXW-FX9V\",\"price\":\"11000\",\"brand_name\":\"Sony\",\"link\":\"https:\\\/\\\/mediatrade.fi\\\/en\\\/product\\\/fx9-cinema-line-camera-2\\\/\"}'>\n    <div class=\"thumbnail-wrap\">\n        <a href=\"https:\/\/mediatrade.fi\/en\/product\/fx9-cinema-line-camera-2\/\" title=\"FX9 Cinema Line Camera\">\n            <div class=\"card-thumbnail\">\n                <img decoding=\"async\" width=\"300\" height=\"169\" src=\"https:\/\/mediatrade.fi\/wp-content\/uploads\/2022\/12\/Sony-FX9-2-300x169.jpg\" class=\"attachment-medium size-medium wp-post-image\" alt=\"\" srcset=\"https:\/\/mediatrade.fi\/wp-content\/uploads\/2022\/12\/Sony-FX9-2-300x169.jpg 300w, https:\/\/mediatrade.fi\/wp-content\/uploads\/2022\/12\/Sony-FX9-2-533x300.jpg 533w, https:\/\/mediatrade.fi\/wp-content\/uploads\/2022\/12\/Sony-FX9-2-768x432.jpg 768w, https:\/\/mediatrade.fi\/wp-content\/uploads\/2022\/12\/Sony-FX9-2-1024x576.jpg 1024w, https:\/\/mediatrade.fi\/wp-content\/uploads\/2022\/12\/Sony-FX9-2-1536x864.jpg 1536w, https:\/\/mediatrade.fi\/wp-content\/uploads\/2022\/12\/Sony-FX9-2-600x338.jpg 600w, https:\/\/mediatrade.fi\/wp-content\/uploads\/2022\/12\/Sony-FX9-2.jpg 1920w\" sizes=\"300px\" \/>            <\/div>\n        <\/a>\n\n        <div class=\"product-tags\">\n            \n            \n            \n                    <\/div>\n    <\/div>\n    <div class=\"card-content\">\n                <div class=\"brand\">\n            <a class=\"brand-link\" href=\"https:\/\/mediatrade.fi\/en\/tuote-osasto\/all-products\/?brands=sony\">Sony<\/a>\n        <\/div>\n                <h3 class=\"h3 card-title\"><a class=\"product-card-link\" id=\"card-link-69dcabe8a7bd5\" href=\"https:\/\/mediatrade.fi\/en\/product\/fx9-cinema-line-camera-2\/\" rel=\"bookmark\">FX9 Cinema Line Camera<\/a><\/h3>                            <div class=\"price\">\n                <span class=\"ask-offer\">Request a quote<\/span>\n            <\/div>\n            <\/div>\n<\/div>\n        <\/div>\n        <\/div>            <\/div>\n        <\/div>\n            <\/div>\n<\/section>\n\n\n\n","protected":false},"excerpt":{"rendered":"","protected":false},"featured_media":110367,"template":"","meta":{"_acf_changed":false,"_relevanssi_hide_post":"","_relevanssi_hide_content":"","_relevanssi_pin_for_all":"","_relevanssi_pin_keywords":"","_relevanssi_unpin_keywords":"","_relevanssi_related_keywords":"","_relevanssi_related_include_ids":"","_relevanssi_related_exclude_ids":"","_relevanssi_related_no_append":"","_relevanssi_related_not_related":"","_relevanssi_related_posts":"","_relevanssi_noindex_reason":""},"product_brand":[],"product_cat":[2486,3476,2486,3476,3473,3473],"product_tag":[4544,1043],"brands":[685],"id_product_type":[],"class_list":{"0":"post-384270","1":"product","2":"type-product","3":"status-publish","4":"has-post-thumbnail","6":"product_cat-all-products","7":"product_cat-cameras-and-equipment","10":"product_cat-video","12":"product_tag-fx6","13":"product_tag-sony","15":"first","16":"onbackorder","17":"taxable","18":"shipping-taxable","19":"purchasable","20":"product-type-simple"},"bundled_by":[],"bundle_stock_status":"onbackorder","bundle_stock_quantity":0,"bundle_virtual":false,"bundle_layout":"","bundle_add_to_cart_form_location":"","bundle_editable_in_cart":false,"bundle_sold_individually_context":"","bundle_item_grouping":"","bundle_min_size":"","bundle_max_size":"","bundle_price":[],"bundled_items":[],"bundle_sell_ids":[],"acf":[],"yoast_head":"<!-- This site is optimized with the Yoast SEO plugin v27.1.1 - https:\/\/yoast.com\/product\/yoast-seo-wordpress\/ -->\n<title>FX6 Cinema Line Camera - Mediatrade<\/title>\n<meta name=\"robots\" content=\"index, follow, max-snippet:-1, max-image-preview:large, max-video-preview:-1\" \/>\n<link rel=\"canonical\" href=\"https:\/\/mediatrade.fi\/en\/product\/fx6-cinema-line-camera-2\/\" \/>\n<meta property=\"og:locale\" content=\"en_US\" \/>\n<meta property=\"og:type\" content=\"article\" \/>\n<meta property=\"og:title\" content=\"FX6 Cinema Line Camera - Mediatrade\" \/>\n<meta property=\"og:url\" content=\"https:\/\/mediatrade.fi\/en\/product\/fx6-cinema-line-camera-2\/\" \/>\n<meta property=\"og:site_name\" content=\"Mediatrade\" \/>\n<meta property=\"article:modified_time\" content=\"2026-01-23T10:28:46+00:00\" \/>\n<meta property=\"og:image\" content=\"https:\/\/mediatrade.fi\/wp-content\/uploads\/2022\/12\/11-11-202016051083593.jpg\" \/>\n\t<meta property=\"og:image:width\" content=\"1333\" \/>\n\t<meta property=\"og:image:height\" content=\"1000\" \/>\n\t<meta property=\"og:image:type\" content=\"image\/jpeg\" \/>\n<meta name=\"twitter:card\" content=\"summary_large_image\" \/>\n<meta name=\"twitter:label1\" content=\"Est. reading time\" \/>\n\t<meta name=\"twitter:data1\" content=\"1 minute\" \/>\n<script type=\"application\/ld+json\" class=\"yoast-schema-graph\">{\"@context\":\"https:\/\/schema.org\",\"@graph\":[{\"@type\":\"WebPage\",\"@id\":\"https:\/\/mediatrade.fi\/en\/product\/fx6-cinema-line-camera-2\/\",\"url\":\"https:\/\/mediatrade.fi\/en\/product\/fx6-cinema-line-camera-2\/\",\"name\":\"FX6 Cinema Line Camera - Mediatrade\",\"isPartOf\":{\"@id\":\"https:\/\/mediatrade.fi\/en\/#website\"},\"primaryImageOfPage\":{\"@id\":\"https:\/\/mediatrade.fi\/en\/product\/fx6-cinema-line-camera-2\/#primaryimage\"},\"image\":{\"@id\":\"https:\/\/mediatrade.fi\/en\/product\/fx6-cinema-line-camera-2\/#primaryimage\"},\"thumbnailUrl\":\"https:\/\/mediatrade.fi\/wp-content\/uploads\/2022\/12\/11-11-202016051083593.jpg\",\"datePublished\":\"2025-01-21T16:34:35+00:00\",\"dateModified\":\"2026-01-23T10:28:46+00:00\",\"breadcrumb\":{\"@id\":\"https:\/\/mediatrade.fi\/en\/product\/fx6-cinema-line-camera-2\/#breadcrumb\"},\"inLanguage\":\"en-US\",\"potentialAction\":[{\"@type\":\"ReadAction\",\"target\":[\"https:\/\/mediatrade.fi\/en\/product\/fx6-cinema-line-camera-2\/\"]}]},{\"@type\":\"ImageObject\",\"inLanguage\":\"en-US\",\"@id\":\"https:\/\/mediatrade.fi\/en\/product\/fx6-cinema-line-camera-2\/#primaryimage\",\"url\":\"https:\/\/mediatrade.fi\/wp-content\/uploads\/2022\/12\/11-11-202016051083593.jpg\",\"contentUrl\":\"https:\/\/mediatrade.fi\/wp-content\/uploads\/2022\/12\/11-11-202016051083593.jpg\",\"width\":1333,\"height\":1000},{\"@type\":\"BreadcrumbList\",\"@id\":\"https:\/\/mediatrade.fi\/en\/product\/fx6-cinema-line-camera-2\/#breadcrumb\",\"itemListElement\":[{\"@type\":\"ListItem\",\"position\":1,\"name\":\"Front Page\",\"item\":\"https:\/\/mediatrade.fi\/en\/\"},{\"@type\":\"ListItem\",\"position\":2,\"name\":\"Shop\",\"item\":\"https:\/\/mediatrade.fi\/en\/shop\/\"},{\"@type\":\"ListItem\",\"position\":3,\"name\":\"FX6 Cinema Line Camera\"}]},{\"@type\":\"WebSite\",\"@id\":\"https:\/\/mediatrade.fi\/en\/#website\",\"url\":\"https:\/\/mediatrade.fi\/en\/\",\"name\":\"Mediatrade\",\"description\":\"\",\"publisher\":{\"@id\":\"https:\/\/mediatrade.fi\/en\/#organization\"},\"potentialAction\":[{\"@type\":\"SearchAction\",\"target\":{\"@type\":\"EntryPoint\",\"urlTemplate\":\"https:\/\/mediatrade.fi\/en\/?s={search_term_string}\"},\"query-input\":{\"@type\":\"PropertyValueSpecification\",\"valueRequired\":true,\"valueName\":\"search_term_string\"}}],\"inLanguage\":\"en-US\"},{\"@type\":\"Organization\",\"@id\":\"https:\/\/mediatrade.fi\/en\/#organization\",\"name\":\"Mediatrade\",\"url\":\"https:\/\/mediatrade.fi\/en\/\",\"logo\":{\"@type\":\"ImageObject\",\"inLanguage\":\"en-US\",\"@id\":\"https:\/\/mediatrade.fi\/en\/#\/schema\/logo\/image\/\",\"url\":\"https:\/\/mediatrade.fi\/wp-content\/uploads\/2022\/04\/Group-640.svg\",\"contentUrl\":\"https:\/\/mediatrade.fi\/wp-content\/uploads\/2022\/04\/Group-640.svg\",\"width\":128,\"height\":43,\"caption\":\"Mediatrade\"},\"image\":{\"@id\":\"https:\/\/mediatrade.fi\/en\/#\/schema\/logo\/image\/\"}}]}<\/script>\n<!-- \/ Yoast SEO plugin. -->","yoast_head_json":{"title":"FX6 Cinema Line Camera - Mediatrade","robots":{"index":"index","follow":"follow","max-snippet":"max-snippet:-1","max-image-preview":"max-image-preview:large","max-video-preview":"max-video-preview:-1"},"canonical":"https:\/\/mediatrade.fi\/en\/product\/fx6-cinema-line-camera-2\/","og_locale":"en_US","og_type":"article","og_title":"FX6 Cinema Line Camera - Mediatrade","og_url":"https:\/\/mediatrade.fi\/en\/product\/fx6-cinema-line-camera-2\/","og_site_name":"Mediatrade","article_modified_time":"2026-01-23T10:28:46+00:00","og_image":[{"width":1333,"height":1000,"url":"https:\/\/mediatrade.fi\/wp-content\/uploads\/2022\/12\/11-11-202016051083593.jpg","type":"image\/jpeg"}],"twitter_card":"summary_large_image","twitter_misc":{"Est. reading time":"1 minute"},"schema":{"@context":"https:\/\/schema.org","@graph":[{"@type":"WebPage","@id":"https:\/\/mediatrade.fi\/en\/product\/fx6-cinema-line-camera-2\/","url":"https:\/\/mediatrade.fi\/en\/product\/fx6-cinema-line-camera-2\/","name":"FX6 Cinema Line Camera - Mediatrade","isPartOf":{"@id":"https:\/\/mediatrade.fi\/en\/#website"},"primaryImageOfPage":{"@id":"https:\/\/mediatrade.fi\/en\/product\/fx6-cinema-line-camera-2\/#primaryimage"},"image":{"@id":"https:\/\/mediatrade.fi\/en\/product\/fx6-cinema-line-camera-2\/#primaryimage"},"thumbnailUrl":"https:\/\/mediatrade.fi\/wp-content\/uploads\/2022\/12\/11-11-202016051083593.jpg","datePublished":"2025-01-21T16:34:35+00:00","dateModified":"2026-01-23T10:28:46+00:00","breadcrumb":{"@id":"https:\/\/mediatrade.fi\/en\/product\/fx6-cinema-line-camera-2\/#breadcrumb"},"inLanguage":"en-US","potentialAction":[{"@type":"ReadAction","target":["https:\/\/mediatrade.fi\/en\/product\/fx6-cinema-line-camera-2\/"]}]},{"@type":"ImageObject","inLanguage":"en-US","@id":"https:\/\/mediatrade.fi\/en\/product\/fx6-cinema-line-camera-2\/#primaryimage","url":"https:\/\/mediatrade.fi\/wp-content\/uploads\/2022\/12\/11-11-202016051083593.jpg","contentUrl":"https:\/\/mediatrade.fi\/wp-content\/uploads\/2022\/12\/11-11-202016051083593.jpg","width":1333,"height":1000},{"@type":"BreadcrumbList","@id":"https:\/\/mediatrade.fi\/en\/product\/fx6-cinema-line-camera-2\/#breadcrumb","itemListElement":[{"@type":"ListItem","position":1,"name":"Front Page","item":"https:\/\/mediatrade.fi\/en\/"},{"@type":"ListItem","position":2,"name":"Shop","item":"https:\/\/mediatrade.fi\/en\/shop\/"},{"@type":"ListItem","position":3,"name":"FX6 Cinema Line Camera"}]},{"@type":"WebSite","@id":"https:\/\/mediatrade.fi\/en\/#website","url":"https:\/\/mediatrade.fi\/en\/","name":"Mediatrade","description":"","publisher":{"@id":"https:\/\/mediatrade.fi\/en\/#organization"},"potentialAction":[{"@type":"SearchAction","target":{"@type":"EntryPoint","urlTemplate":"https:\/\/mediatrade.fi\/en\/?s={search_term_string}"},"query-input":{"@type":"PropertyValueSpecification","valueRequired":true,"valueName":"search_term_string"}}],"inLanguage":"en-US"},{"@type":"Organization","@id":"https:\/\/mediatrade.fi\/en\/#organization","name":"Mediatrade","url":"https:\/\/mediatrade.fi\/en\/","logo":{"@type":"ImageObject","inLanguage":"en-US","@id":"https:\/\/mediatrade.fi\/en\/#\/schema\/logo\/image\/","url":"https:\/\/mediatrade.fi\/wp-content\/uploads\/2022\/04\/Group-640.svg","contentUrl":"https:\/\/mediatrade.fi\/wp-content\/uploads\/2022\/04\/Group-640.svg","width":128,"height":43,"caption":"Mediatrade"},"image":{"@id":"https:\/\/mediatrade.fi\/en\/#\/schema\/logo\/image\/"}}]}},"_links":{"self":[{"href":"https:\/\/mediatrade.fi\/en\/wp-json\/wp\/v2\/product\/384270","targetHints":{"allow":["GET"]}}],"collection":[{"href":"https:\/\/mediatrade.fi\/en\/wp-json\/wp\/v2\/product"}],"about":[{"href":"https:\/\/mediatrade.fi\/en\/wp-json\/wp\/v2\/types\/product"}],"wp:featuredmedia":[{"embeddable":true,"href":"https:\/\/mediatrade.fi\/en\/wp-json\/wp\/v2\/media\/110367"}],"wp:attachment":[{"href":"https:\/\/mediatrade.fi\/en\/wp-json\/wp\/v2\/media?parent=384270"}],"wp:term":[{"taxonomy":"product_brand","embeddable":true,"href":"https:\/\/mediatrade.fi\/en\/wp-json\/wp\/v2\/product_brand?post=384270"},{"taxonomy":"product_cat","embeddable":true,"href":"https:\/\/mediatrade.fi\/en\/wp-json\/wp\/v2\/product_cat?post=384270"},{"taxonomy":"product_tag","embeddable":true,"href":"https:\/\/mediatrade.fi\/en\/wp-json\/wp\/v2\/product_tag?post=384270"},{"taxonomy":"brands","embeddable":true,"href":"https:\/\/mediatrade.fi\/en\/wp-json\/wp\/v2\/brands?post=384270"},{"taxonomy":"id_product_type","embeddable":true,"href":"https:\/\/mediatrade.fi\/en\/wp-json\/wp\/v2\/id_product_type?post=384270"}],"curies":[{"name":"wp","href":"https:\/\/api.w.org\/{rel}","templated":true}]}}