{"id":390101,"date":"2022-10-10T11:34:44","date_gmt":"2025-01-21T18:36:54","guid":{"rendered":"https:\/\/mediatrade.fi\/tuote\/xlr-micrph-adapter-for-mirrorless-canon-cameras-2\/"},"modified":"2025-02-04T21:25:54","modified_gmt":"2025-02-04T19:25:54","slug":"xlr-micrph-adapter-for-mirrorless-canon-cameras-2","status":"publish","type":"product","link":"https:\/\/mediatrade.fi\/en\/product\/xlr-micrph-adapter-for-mirrorless-canon-cameras-2\/","title":{"rendered":"XLR Micrph. adapter for Mirrorless Canon Cameras"},"content":{"rendered":"\n<section class=\"block block-woocommerce-product-description container-fluid container-fluid \">\n    <div class=\"container\">\n        <div class=\"row\">\n            <div class=\"col-12 col-md-6 order-2 order-md-1 attachments-col\">\n                                            <\/div>\n\n            <div class=\"col-12 col-md-5 offset-md-1 order-1 order-md-2\">\n                <main class=\"entry-content\">\n                    \n\n<h2 class=\"wp-block-heading\">Tuotetiedot<\/h2>\n\n\n\n<p>The CA-XLR2d is a two-channel microphone adapter and preamplifier that allows external microphones to be used to record high-quality professional stereo sound with a mirrorless or other camera. The audio signal is transferred directly to the camera \u2013 in digital or analogue form \u2013 and recorded along with the video signal, eliminating the need for subsequent synchronisation and reducing post-production time.<\/p>\n\n\n\n<h2 class=\"wp-block-heading\">Ominaisuudet<\/h2>\n\n\n\n<ul class=\"wp-block-list\"><li>Suunniteltu Canon-kameroille (erikseen myyt\u00e4v\u00e4ll\u00e4 conversion adapterilla my\u00f6s muihin kameroihin)<\/li><li>Tukee 24-bit\/96kHz stereo\u00e4\u00e4nt\u00e4<\/li><li>Sis\u00e4\u00e4ntulot: 2x XLR\/TRS, 3,5mm<\/li><li>Akkutyyppi: AA<\/li><li>Tascam HDDA -mikkietuaste varmistaa \u00e4\u00e4nenlaadun, v\u00e4h\u00e4isen kohinan ja laajan dynamiikan (kytkett\u00e4v\u00e4 mikrofoni\/linjataso, kytkett\u00e4v\u00e4 48V phantom-virta)<\/li><li>Kytkett\u00e4v\u00e4 sis\u00e4\u00e4ntulon vaimennus: 0 dB \/ 20 dB \/ 46 dB<\/li><li>Kytkett\u00e4v\u00e4 alip\u00e4\u00e4st\u00f6suodin: Off \/ 80 Hz \/ 220 Hz<\/li><li>Kytkett\u00e4v\u00e4 limiitteri<\/li><li>Auto-level-toiminto<\/li><\/ul>\n\n\n                <\/main>\n            <\/div>\n        <\/div>\n    <\/div>\n<\/section>\n\n\n\n<section class=\"block block-profile-listing container-fluid \">\n    <div class=\"container\">\n        <div class=\"row\">\n            <main class=\"entry-content col-12\">\n                \n\n<h2 class=\"wp-block-heading\">Asiantuntijat<\/h2>\n\n\n            <\/main>\n                        <div class=\"col-12 col-lg-6\">\n                <div class=\"person-wrapper\">\n                    <div class=\"image-wrapper\">\n                        <img decoding=\"async\" width=\"576\" height=\"1024\" src=\"https:\/\/mediatrade.fi\/wp-content\/uploads\/2022\/04\/Esa_Lo\u0308tjo\u0308nen-576x1024-1.jpg\" class=\"attachment-post-thumbnail size-post-thumbnail wp-post-image\" alt=\"\" srcset=\"https:\/\/mediatrade.fi\/wp-content\/uploads\/2022\/04\/Esa_Lo\u0308tjo\u0308nen-576x1024-1.jpg 576w, https:\/\/mediatrade.fi\/wp-content\/uploads\/2022\/04\/Esa_Lo\u0308tjo\u0308nen-576x1024-1-169x300.jpg 169w\" sizes=\"(max-width: 575px) 100vw, (max-width: 767px) 570, (max-width: 991px) 830, (max-width: 1199px) 930, 994px\" \/>                    <\/div>\n                    <div class=\"content-wrapper\">\n                        <h4 class=\"name\">Esa L\u00f6tj\u00f6nen<\/h4>\n                        <p class=\"title\">Senior Specialist, Audio<\/p>\n                        <p class=\"summary\">I manage radio content production and the technical operating environment. I also specialize in complete audio production solutions, from podcast studios to national radio channels.<\/p>\n                                                <span class=\"knowledge-title\">Area of expertise<\/span>\n                        <p class=\"knowledge\">Audio, Broadcasting and transmission, program production<\/p>\n                                                <p class=\"phone\">+358201557722<\/p>\n                        <p class=\"email\">esa.lotjonen@mediatrade.fi<\/p>\n                    <\/div>\n                <\/div>\n            <\/div>\n                        <div class=\"col-12 col-lg-6\">\n                <div class=\"person-wrapper\">\n                    <div class=\"image-wrapper\">\n                        <img decoding=\"async\" width=\"1152\" height=\"2048\" src=\"https:\/\/mediatrade.fi\/wp-content\/uploads\/2022\/04\/I82A6513.jpg\" class=\"attachment-post-thumbnail size-post-thumbnail wp-post-image\" alt=\"\" srcset=\"https:\/\/mediatrade.fi\/wp-content\/uploads\/2022\/04\/I82A6513.jpg 1152w, https:\/\/mediatrade.fi\/wp-content\/uploads\/2022\/04\/I82A6513-169x300.jpg 169w, https:\/\/mediatrade.fi\/wp-content\/uploads\/2022\/04\/I82A6513-576x1024.jpg 576w, https:\/\/mediatrade.fi\/wp-content\/uploads\/2022\/04\/I82A6513-768x1365.jpg 768w, https:\/\/mediatrade.fi\/wp-content\/uploads\/2022\/04\/I82A6513-864x1536.jpg 864w, https:\/\/mediatrade.fi\/wp-content\/uploads\/2022\/04\/I82A6513-600x1067.jpg 600w\" sizes=\"(max-width: 575px) 100vw, (max-width: 767px) 570, (max-width: 991px) 830, (max-width: 1199px) 930, 994px\" \/>                    <\/div>\n                    <div class=\"content-wrapper\">\n                        <h4 class=\"name\">Janne Trogen<\/h4>\n                        <p class=\"title\">Product Manager<\/p>\n                        <p class=\"summary\">With 30 years of experience in broadcast and transmission installations, I handle audio and intercom equipment, as well as projects and installations, at Mediatrade.\r\n<\/p>\n                                                <span class=\"knowledge-title\">Area of expertise<\/span>\n                        <p class=\"knowledge\">Audio, Broadcast and Transmission, Events<\/p>\n                                                <p class=\"phone\">+358201557721<\/p>\n                        <p class=\"email\">janne.trogen@mediatrade.fi<\/p>\n                    <\/div>\n                <\/div>\n            <\/div>\n                                <\/div>\n    <\/div>\n<\/section>\n","protected":false},"excerpt":{"rendered":"","protected":false},"featured_media":100302,"template":"","meta":{"_acf_changed":false,"_relevanssi_hide_post":"","_relevanssi_hide_content":"","_relevanssi_pin_for_all":"","_relevanssi_pin_keywords":"","_relevanssi_unpin_keywords":"","_relevanssi_related_keywords":"","_relevanssi_related_include_ids":"","_relevanssi_related_exclude_ids":"","_relevanssi_related_no_append":"","_relevanssi_related_not_related":"","_relevanssi_related_posts":"","_relevanssi_noindex_reason":""},"product_brand":[],"product_cat":[202,2486,2500,15],"product_tag":[824,4363,4285,4364],"brands":[4362],"id_product_type":[],"class_list":{"0":"post-390101","1":"product","2":"type-product","3":"status-publish","4":"has-post-thumbnail","6":"product_cat-aani","7":"product_cat-all-products","8":"product_cat-audio","9":"product_cat-kaikki","10":"product_tag-canon","11":"product_tag-canon-kit-ca-xlr2d-c","12":"product_tag-mikseri","13":"product_tag-tascam","15":"first","16":"onbackorder","17":"taxable","18":"shipping-taxable","19":"purchasable","20":"product-type-simple"},"bundled_by":[],"bundle_stock_status":"onbackorder","bundle_stock_quantity":0,"bundle_virtual":false,"bundle_layout":"","bundle_add_to_cart_form_location":"","bundle_editable_in_cart":false,"bundle_sold_individually_context":"","bundle_item_grouping":"","bundle_min_size":"","bundle_max_size":"","bundle_price":[],"bundled_items":[],"bundle_sell_ids":[],"acf":[],"yoast_head":"<!-- This site is optimized with the Yoast SEO plugin v27.4 - https:\/\/yoast.com\/product\/yoast-seo-wordpress\/ -->\n<title>XLR Micrph. adapter for Mirrorless Canon Cameras - Mediatrade<\/title>\n<meta name=\"robots\" content=\"index, follow, max-snippet:-1, max-image-preview:large, max-video-preview:-1\" \/>\n<link rel=\"canonical\" href=\"https:\/\/mediatrade.fi\/en\/product\/xlr-micrph-adapter-for-mirrorless-canon-cameras-2\/\" \/>\n<meta property=\"og:locale\" content=\"en_US\" \/>\n<meta property=\"og:type\" content=\"article\" \/>\n<meta property=\"og:title\" content=\"XLR Micrph. adapter for Mirrorless Canon Cameras - Mediatrade\" \/>\n<meta property=\"og:url\" content=\"https:\/\/mediatrade.fi\/en\/product\/xlr-micrph-adapter-for-mirrorless-canon-cameras-2\/\" \/>\n<meta property=\"og:site_name\" content=\"Mediatrade\" \/>\n<meta property=\"article:modified_time\" content=\"2025-02-04T19:25:54+00:00\" \/>\n<meta property=\"og:image\" content=\"https:\/\/mediatrade.fi\/wp-content\/uploads\/2022\/10\/ca-xlr2d.jpg\" \/>\n\t<meta property=\"og:image:width\" content=\"1600\" \/>\n\t<meta property=\"og:image:height\" content=\"1427\" \/>\n\t<meta property=\"og:image:type\" content=\"image\/jpeg\" \/>\n<meta name=\"twitter:card\" content=\"summary_large_image\" \/>\n<meta name=\"twitter:label1\" content=\"Est. reading time\" \/>\n\t<meta name=\"twitter:data1\" content=\"1 minute\" \/>\n<script type=\"application\/ld+json\" class=\"yoast-schema-graph\">{\"@context\":\"https:\\\/\\\/schema.org\",\"@graph\":[{\"@type\":\"WebPage\",\"@id\":\"https:\\\/\\\/mediatrade.fi\\\/en\\\/product\\\/xlr-micrph-adapter-for-mirrorless-canon-cameras-2\\\/\",\"url\":\"https:\\\/\\\/mediatrade.fi\\\/en\\\/product\\\/xlr-micrph-adapter-for-mirrorless-canon-cameras-2\\\/\",\"name\":\"XLR Micrph. adapter for Mirrorless Canon Cameras - Mediatrade\",\"isPartOf\":{\"@id\":\"https:\\\/\\\/mediatrade.fi\\\/en\\\/#website\"},\"primaryImageOfPage\":{\"@id\":\"https:\\\/\\\/mediatrade.fi\\\/en\\\/product\\\/xlr-micrph-adapter-for-mirrorless-canon-cameras-2\\\/#primaryimage\"},\"image\":{\"@id\":\"https:\\\/\\\/mediatrade.fi\\\/en\\\/product\\\/xlr-micrph-adapter-for-mirrorless-canon-cameras-2\\\/#primaryimage\"},\"thumbnailUrl\":\"https:\\\/\\\/mediatrade.fi\\\/wp-content\\\/uploads\\\/2022\\\/10\\\/ca-xlr2d.jpg\",\"datePublished\":\"2025-01-21T18:36:54+00:00\",\"dateModified\":\"2025-02-04T19:25:54+00:00\",\"breadcrumb\":{\"@id\":\"https:\\\/\\\/mediatrade.fi\\\/en\\\/product\\\/xlr-micrph-adapter-for-mirrorless-canon-cameras-2\\\/#breadcrumb\"},\"inLanguage\":\"en-US\",\"potentialAction\":[{\"@type\":\"ReadAction\",\"target\":[\"https:\\\/\\\/mediatrade.fi\\\/en\\\/product\\\/xlr-micrph-adapter-for-mirrorless-canon-cameras-2\\\/\"]}]},{\"@type\":\"ImageObject\",\"inLanguage\":\"en-US\",\"@id\":\"https:\\\/\\\/mediatrade.fi\\\/en\\\/product\\\/xlr-micrph-adapter-for-mirrorless-canon-cameras-2\\\/#primaryimage\",\"url\":\"https:\\\/\\\/mediatrade.fi\\\/wp-content\\\/uploads\\\/2022\\\/10\\\/ca-xlr2d.jpg\",\"contentUrl\":\"https:\\\/\\\/mediatrade.fi\\\/wp-content\\\/uploads\\\/2022\\\/10\\\/ca-xlr2d.jpg\",\"width\":1600,\"height\":1427,\"caption\":\"Tascam CA-XLR2d | XLR Microphone Adapter for Mirrorless Cameras\"},{\"@type\":\"BreadcrumbList\",\"@id\":\"https:\\\/\\\/mediatrade.fi\\\/en\\\/product\\\/xlr-micrph-adapter-for-mirrorless-canon-cameras-2\\\/#breadcrumb\",\"itemListElement\":[{\"@type\":\"ListItem\",\"position\":1,\"name\":\"Front Page\",\"item\":\"https:\\\/\\\/mediatrade.fi\\\/en\\\/\"},{\"@type\":\"ListItem\",\"position\":2,\"name\":\"Shop\",\"item\":\"https:\\\/\\\/mediatrade.fi\\\/en\\\/shop\\\/\"},{\"@type\":\"ListItem\",\"position\":3,\"name\":\"XLR Micrph. adapter for Mirrorless Canon Cameras\"}]},{\"@type\":\"WebSite\",\"@id\":\"https:\\\/\\\/mediatrade.fi\\\/en\\\/#website\",\"url\":\"https:\\\/\\\/mediatrade.fi\\\/en\\\/\",\"name\":\"Mediatrade\",\"description\":\"\",\"publisher\":{\"@id\":\"https:\\\/\\\/mediatrade.fi\\\/en\\\/#organization\"},\"potentialAction\":[{\"@type\":\"SearchAction\",\"target\":{\"@type\":\"EntryPoint\",\"urlTemplate\":\"https:\\\/\\\/mediatrade.fi\\\/en\\\/?s={search_term_string}\"},\"query-input\":{\"@type\":\"PropertyValueSpecification\",\"valueRequired\":true,\"valueName\":\"search_term_string\"}}],\"inLanguage\":\"en-US\"},{\"@type\":\"Organization\",\"@id\":\"https:\\\/\\\/mediatrade.fi\\\/en\\\/#organization\",\"name\":\"Mediatrade\",\"url\":\"https:\\\/\\\/mediatrade.fi\\\/en\\\/\",\"logo\":{\"@type\":\"ImageObject\",\"inLanguage\":\"en-US\",\"@id\":\"https:\\\/\\\/mediatrade.fi\\\/en\\\/#\\\/schema\\\/logo\\\/image\\\/\",\"url\":\"https:\\\/\\\/mediatrade.fi\\\/wp-content\\\/uploads\\\/2022\\\/04\\\/Group-640.svg\",\"contentUrl\":\"https:\\\/\\\/mediatrade.fi\\\/wp-content\\\/uploads\\\/2022\\\/04\\\/Group-640.svg\",\"width\":128,\"height\":43,\"caption\":\"Mediatrade\"},\"image\":{\"@id\":\"https:\\\/\\\/mediatrade.fi\\\/en\\\/#\\\/schema\\\/logo\\\/image\\\/\"}}]}<\/script>\n<!-- \/ Yoast SEO plugin. -->","yoast_head_json":{"title":"XLR Micrph. adapter for Mirrorless Canon Cameras - Mediatrade","robots":{"index":"index","follow":"follow","max-snippet":"max-snippet:-1","max-image-preview":"max-image-preview:large","max-video-preview":"max-video-preview:-1"},"canonical":"https:\/\/mediatrade.fi\/en\/product\/xlr-micrph-adapter-for-mirrorless-canon-cameras-2\/","og_locale":"en_US","og_type":"article","og_title":"XLR Micrph. adapter for Mirrorless Canon Cameras - Mediatrade","og_url":"https:\/\/mediatrade.fi\/en\/product\/xlr-micrph-adapter-for-mirrorless-canon-cameras-2\/","og_site_name":"Mediatrade","article_modified_time":"2025-02-04T19:25:54+00:00","og_image":[{"width":1600,"height":1427,"url":"https:\/\/mediatrade.fi\/wp-content\/uploads\/2022\/10\/ca-xlr2d.jpg","type":"image\/jpeg"}],"twitter_card":"summary_large_image","twitter_misc":{"Est. reading time":"1 minute"},"schema":{"@context":"https:\/\/schema.org","@graph":[{"@type":"WebPage","@id":"https:\/\/mediatrade.fi\/en\/product\/xlr-micrph-adapter-for-mirrorless-canon-cameras-2\/","url":"https:\/\/mediatrade.fi\/en\/product\/xlr-micrph-adapter-for-mirrorless-canon-cameras-2\/","name":"XLR Micrph. adapter for Mirrorless Canon Cameras - Mediatrade","isPartOf":{"@id":"https:\/\/mediatrade.fi\/en\/#website"},"primaryImageOfPage":{"@id":"https:\/\/mediatrade.fi\/en\/product\/xlr-micrph-adapter-for-mirrorless-canon-cameras-2\/#primaryimage"},"image":{"@id":"https:\/\/mediatrade.fi\/en\/product\/xlr-micrph-adapter-for-mirrorless-canon-cameras-2\/#primaryimage"},"thumbnailUrl":"https:\/\/mediatrade.fi\/wp-content\/uploads\/2022\/10\/ca-xlr2d.jpg","datePublished":"2025-01-21T18:36:54+00:00","dateModified":"2025-02-04T19:25:54+00:00","breadcrumb":{"@id":"https:\/\/mediatrade.fi\/en\/product\/xlr-micrph-adapter-for-mirrorless-canon-cameras-2\/#breadcrumb"},"inLanguage":"en-US","potentialAction":[{"@type":"ReadAction","target":["https:\/\/mediatrade.fi\/en\/product\/xlr-micrph-adapter-for-mirrorless-canon-cameras-2\/"]}]},{"@type":"ImageObject","inLanguage":"en-US","@id":"https:\/\/mediatrade.fi\/en\/product\/xlr-micrph-adapter-for-mirrorless-canon-cameras-2\/#primaryimage","url":"https:\/\/mediatrade.fi\/wp-content\/uploads\/2022\/10\/ca-xlr2d.jpg","contentUrl":"https:\/\/mediatrade.fi\/wp-content\/uploads\/2022\/10\/ca-xlr2d.jpg","width":1600,"height":1427,"caption":"Tascam CA-XLR2d | XLR Microphone Adapter for Mirrorless Cameras"},{"@type":"BreadcrumbList","@id":"https:\/\/mediatrade.fi\/en\/product\/xlr-micrph-adapter-for-mirrorless-canon-cameras-2\/#breadcrumb","itemListElement":[{"@type":"ListItem","position":1,"name":"Front Page","item":"https:\/\/mediatrade.fi\/en\/"},{"@type":"ListItem","position":2,"name":"Shop","item":"https:\/\/mediatrade.fi\/en\/shop\/"},{"@type":"ListItem","position":3,"name":"XLR Micrph. adapter for Mirrorless Canon Cameras"}]},{"@type":"WebSite","@id":"https:\/\/mediatrade.fi\/en\/#website","url":"https:\/\/mediatrade.fi\/en\/","name":"Mediatrade","description":"","publisher":{"@id":"https:\/\/mediatrade.fi\/en\/#organization"},"potentialAction":[{"@type":"SearchAction","target":{"@type":"EntryPoint","urlTemplate":"https:\/\/mediatrade.fi\/en\/?s={search_term_string}"},"query-input":{"@type":"PropertyValueSpecification","valueRequired":true,"valueName":"search_term_string"}}],"inLanguage":"en-US"},{"@type":"Organization","@id":"https:\/\/mediatrade.fi\/en\/#organization","name":"Mediatrade","url":"https:\/\/mediatrade.fi\/en\/","logo":{"@type":"ImageObject","inLanguage":"en-US","@id":"https:\/\/mediatrade.fi\/en\/#\/schema\/logo\/image\/","url":"https:\/\/mediatrade.fi\/wp-content\/uploads\/2022\/04\/Group-640.svg","contentUrl":"https:\/\/mediatrade.fi\/wp-content\/uploads\/2022\/04\/Group-640.svg","width":128,"height":43,"caption":"Mediatrade"},"image":{"@id":"https:\/\/mediatrade.fi\/en\/#\/schema\/logo\/image\/"}}]}},"_links":{"self":[{"href":"https:\/\/mediatrade.fi\/en\/wp-json\/wp\/v2\/product\/390101","targetHints":{"allow":["GET"]}}],"collection":[{"href":"https:\/\/mediatrade.fi\/en\/wp-json\/wp\/v2\/product"}],"about":[{"href":"https:\/\/mediatrade.fi\/en\/wp-json\/wp\/v2\/types\/product"}],"wp:featuredmedia":[{"embeddable":true,"href":"https:\/\/mediatrade.fi\/en\/wp-json\/wp\/v2\/media\/100302"}],"wp:attachment":[{"href":"https:\/\/mediatrade.fi\/en\/wp-json\/wp\/v2\/media?parent=390101"}],"wp:term":[{"taxonomy":"product_brand","embeddable":true,"href":"https:\/\/mediatrade.fi\/en\/wp-json\/wp\/v2\/product_brand?post=390101"},{"taxonomy":"product_cat","embeddable":true,"href":"https:\/\/mediatrade.fi\/en\/wp-json\/wp\/v2\/product_cat?post=390101"},{"taxonomy":"product_tag","embeddable":true,"href":"https:\/\/mediatrade.fi\/en\/wp-json\/wp\/v2\/product_tag?post=390101"},{"taxonomy":"brands","embeddable":true,"href":"https:\/\/mediatrade.fi\/en\/wp-json\/wp\/v2\/brands?post=390101"},{"taxonomy":"id_product_type","embeddable":true,"href":"https:\/\/mediatrade.fi\/en\/wp-json\/wp\/v2\/id_product_type?post=390101"}],"curies":[{"name":"wp","href":"https:\/\/api.w.org\/{rel}","templated":true}]}}