{"id":391437,"date":"2022-08-30T17:33:17","date_gmt":"2022-08-30T14:33:17","guid":{"rendered":"https:\/\/mediatrade.fi\/tuote\/atem-sdi-2\/"},"modified":"2026-02-16T11:10:19","modified_gmt":"2026-02-16T09:10:19","slug":"atem-sdi-2","status":"publish","type":"product","link":"https:\/\/mediatrade.fi\/en\/product\/atem-sdi-2\/","title":{"rendered":"ATEM SDI"},"content":{"rendered":"\n<section class=\"block block-woocommerce-product-description container-fluid container-fluid \">\n    <div class=\"container\">\n        <div class=\"row\">\n            <div class=\"col-12 col-md-6 order-2 order-md-1 attachments-col\">\n                                <div style=\"height: 100%;\" class=\"oembed oembed-youtube\">        <div class=\"cookieconsent-optout-marketing\">            <a href=\"javascript:Cookiebot.renew()\">Hyv\u00e4ksy markkinointiev\u00e4steet<\/a>            katsoaksesi videon.        <\/div><iframe title=\"Introducing ATEM SDI\" width=\"840\" height=\"473\" src=\"https:\/\/www.youtube.com\/embed\/R04LRTCs28c?feature=oembed\" frameborder=\"0\" allow=\"accelerometer; autoplay; clipboard-write; encrypted-media; gyroscope; picture-in-picture\" allowfullscreen><\/iframe><\/div>            <\/div>\n\n            <div class=\"col-12 col-md-5 offset-md-1 order-1 order-md-2\">\n                <main class=\"entry-content\">\n                    \n\n<h2 class=\"wp-block-heading\">Tuotetiedot<\/h2>\n\n\n\n<p>Tuttu Atem mini sarja nyt my\u00f6s SDI-liit\u00e4nn\u00f6ill\u00e4 varustettuna.<\/p>\n\n\n\n<h3 class=\"wp-block-heading\">Ominaisuudet<\/h3>\n\n\n\n<ul class=\"wp-block-list\"><li><strong>Total Video Inputs <\/strong>4<\/li><li><strong>Total Outputs <\/strong>3<\/li><li><strong>Total Aux Outputs<\/strong> 2<\/li><li><strong>Total Audio Inputs<\/strong> 2 x 3.5mm stereo mini jack.<\/li><li><strong>Total Audio Outputs<\/strong> None, embedded audio only.<\/li><li><strong>Timecode Connection <\/strong>None<\/li><li><strong>SDI Video Inputs<\/strong> 4 x 3G-SDI, 10-bit HD switchable.2 channel embedded audio.<\/li><li><strong>Video Input Re-Sync <\/strong>On all 4 SDI inputs.<\/li><li><strong>Frame Rate and Format Converters<\/strong> On all 4 SDI inputs.<\/li><li><strong>SDI Program Outputs<\/strong> 2<\/li><li><strong>Ethernet <\/strong>Ethernet supports 10\/100\/1000 BaseT software control, software updates and direct or network panel connection.<\/li><li><strong>Computer Interface <\/strong>1 x USB Type-C 2.0 for webcam out, software control, software updates and panel connection.<\/li><\/ul>\n\n\n                <\/main>\n            <\/div>\n        <\/div>\n    <\/div>\n<\/section>\n\n\n\n<section class=\"block block-profile-listing container-fluid \">\n    <div class=\"container\">\n        <div class=\"row\">\n            <main class=\"entry-content col-12\">\n                \n\n<h2 class=\"wp-block-heading\">Asiantuntijamme<\/h2>\n\n\n            <\/main>\n                        <div class=\"col-12 col-lg-6\">\n                <div class=\"person-wrapper\">\n                    <div class=\"image-wrapper\">\n                        <img decoding=\"async\" width=\"576\" height=\"1024\" src=\"https:\/\/mediatrade.fi\/wp-content\/uploads\/2022\/03\/Mikko_Leino-576x1024-1.jpg\" class=\"attachment-post-thumbnail size-post-thumbnail wp-post-image\" alt=\"\" srcset=\"https:\/\/mediatrade.fi\/wp-content\/uploads\/2022\/03\/Mikko_Leino-576x1024-1.jpg 576w, https:\/\/mediatrade.fi\/wp-content\/uploads\/2022\/03\/Mikko_Leino-576x1024-1-169x300.jpg 169w\" sizes=\"(max-width: 575px) 100vw, (max-width: 767px) 570, (max-width: 991px) 830, (max-width: 1199px) 930, 994px\" \/>                    <\/div>\n                    <div class=\"content-wrapper\">\n                        <h4 class=\"name\">Mikko Leino<\/h4>\n                        <p class=\"title\">System Specialist<\/p>\n                        <p class=\"summary\">I\u2019m responsible for traditional video production equipment and tools, as well as streaming and web production solutions.<\/p>\n                                                <span class=\"knowledge-title\">Area of expertise<\/span>\n                        <p class=\"knowledge\">Cinematography, Audio, Program Production, Streaming<\/p>\n                                                <p class=\"phone\">+358201557732<\/p>\n                        <p class=\"email\">mikko.leino@mediatrade.fi<\/p>\n                    <\/div>\n                <\/div>\n            <\/div>\n                                <\/div>\n    <\/div>\n<\/section>\n","protected":false},"excerpt":{"rendered":"","protected":false},"featured_media":95783,"template":"","meta":{"_acf_changed":false,"_relevanssi_hide_post":"","_relevanssi_hide_content":"","_relevanssi_pin_for_all":"","_relevanssi_pin_keywords":"","_relevanssi_unpin_keywords":"","_relevanssi_related_keywords":"","_relevanssi_related_include_ids":"","_relevanssi_related_exclude_ids":"","_relevanssi_related_no_append":"","_relevanssi_related_not_related":"","_relevanssi_related_posts":"","_relevanssi_noindex_reason":""},"product_brand":[],"product_cat":[2486,3495,3482],"product_tag":[809,811,4284,4286,4289,947,560],"brands":[708],"id_product_type":[],"class_list":{"0":"post-391437","1":"product","2":"type-product","3":"status-publish","4":"has-post-thumbnail","6":"product_cat-all-products","7":"product_cat-mixers","8":"product_cat-streaming","9":"product_tag-atem","10":"product_tag-atem-mini","11":"product_tag-atem-sdi","12":"product_tag-atem-sdi-extreme-iso","13":"product_tag-atem-sdi-pro-iso","14":"product_tag-blackmagic","15":"product_tag-blackmagic-design","17":"first","18":"onbackorder","19":"taxable","20":"shipping-taxable","21":"purchasable","22":"product-type-simple"},"bundled_by":[],"bundle_stock_status":"onbackorder","bundle_stock_quantity":0,"bundle_virtual":false,"bundle_layout":"","bundle_add_to_cart_form_location":"","bundle_editable_in_cart":false,"bundle_sold_individually_context":"","bundle_item_grouping":"","bundle_min_size":"","bundle_max_size":"","bundle_price":[],"bundled_items":[],"bundle_sell_ids":[],"acf":[],"yoast_head":"<!-- This site is optimized with the Yoast SEO plugin v27.4 - https:\/\/yoast.com\/product\/yoast-seo-wordpress\/ -->\n<title>ATEM SDI - Mediatrade<\/title>\n<meta name=\"description\" content=\"Atem mini sarja nyt my\u00f6s SDI-liit\u00e4nn\u00f6ill\u00e4 varustettuna.\" \/>\n<meta name=\"robots\" content=\"index, follow, max-snippet:-1, max-image-preview:large, max-video-preview:-1\" \/>\n<link rel=\"canonical\" href=\"https:\/\/mediatrade.fi\/en\/product\/atem-sdi-2\/\" \/>\n<meta property=\"og:locale\" content=\"en_US\" \/>\n<meta property=\"og:type\" content=\"article\" \/>\n<meta property=\"og:title\" content=\"ATEM SDI - Mediatrade\" \/>\n<meta property=\"og:description\" content=\"Atem mini sarja nyt my\u00f6s SDI-liit\u00e4nn\u00f6ill\u00e4 varustettuna.\" \/>\n<meta property=\"og:url\" content=\"https:\/\/mediatrade.fi\/en\/product\/atem-sdi-2\/\" \/>\n<meta property=\"og:site_name\" content=\"Mediatrade\" \/>\n<meta property=\"article:modified_time\" content=\"2026-02-16T09:10:19+00:00\" \/>\n<meta property=\"og:image\" content=\"https:\/\/mediatrade.fi\/wp-content\/uploads\/2022\/08\/atem-sdi-imperial.jpg\" \/>\n\t<meta property=\"og:image:width\" content=\"662\" \/>\n\t<meta property=\"og:image:height\" content=\"651\" \/>\n\t<meta property=\"og:image:type\" content=\"image\/jpeg\" \/>\n<meta name=\"twitter:card\" content=\"summary_large_image\" \/>\n<meta name=\"twitter:label1\" content=\"Est. reading time\" \/>\n\t<meta name=\"twitter:data1\" content=\"1 minute\" \/>\n<script type=\"application\/ld+json\" class=\"yoast-schema-graph\">{\"@context\":\"https:\\\/\\\/schema.org\",\"@graph\":[{\"@type\":\"WebPage\",\"@id\":\"https:\\\/\\\/mediatrade.fi\\\/en\\\/product\\\/atem-sdi-2\\\/\",\"url\":\"https:\\\/\\\/mediatrade.fi\\\/en\\\/product\\\/atem-sdi-2\\\/\",\"name\":\"ATEM SDI - Mediatrade\",\"isPartOf\":{\"@id\":\"https:\\\/\\\/mediatrade.fi\\\/en\\\/#website\"},\"primaryImageOfPage\":{\"@id\":\"https:\\\/\\\/mediatrade.fi\\\/en\\\/product\\\/atem-sdi-2\\\/#primaryimage\"},\"image\":{\"@id\":\"https:\\\/\\\/mediatrade.fi\\\/en\\\/product\\\/atem-sdi-2\\\/#primaryimage\"},\"thumbnailUrl\":\"https:\\\/\\\/mediatrade.fi\\\/wp-content\\\/uploads\\\/2022\\\/08\\\/atem-sdi-imperial.jpg\",\"datePublished\":\"2022-08-30T14:33:17+00:00\",\"dateModified\":\"2026-02-16T09:10:19+00:00\",\"description\":\"Atem mini sarja nyt my\u00f6s SDI-liit\u00e4nn\u00f6ill\u00e4 varustettuna.\",\"breadcrumb\":{\"@id\":\"https:\\\/\\\/mediatrade.fi\\\/en\\\/product\\\/atem-sdi-2\\\/#breadcrumb\"},\"inLanguage\":\"en-US\",\"potentialAction\":[{\"@type\":\"ReadAction\",\"target\":[\"https:\\\/\\\/mediatrade.fi\\\/en\\\/product\\\/atem-sdi-2\\\/\"]}]},{\"@type\":\"ImageObject\",\"inLanguage\":\"en-US\",\"@id\":\"https:\\\/\\\/mediatrade.fi\\\/en\\\/product\\\/atem-sdi-2\\\/#primaryimage\",\"url\":\"https:\\\/\\\/mediatrade.fi\\\/wp-content\\\/uploads\\\/2022\\\/08\\\/atem-sdi-imperial.jpg\",\"contentUrl\":\"https:\\\/\\\/mediatrade.fi\\\/wp-content\\\/uploads\\\/2022\\\/08\\\/atem-sdi-imperial.jpg\",\"width\":662,\"height\":651},{\"@type\":\"BreadcrumbList\",\"@id\":\"https:\\\/\\\/mediatrade.fi\\\/en\\\/product\\\/atem-sdi-2\\\/#breadcrumb\",\"itemListElement\":[{\"@type\":\"ListItem\",\"position\":1,\"name\":\"Front Page\",\"item\":\"https:\\\/\\\/mediatrade.fi\\\/en\\\/\"},{\"@type\":\"ListItem\",\"position\":2,\"name\":\"Shop\",\"item\":\"https:\\\/\\\/mediatrade.fi\\\/en\\\/shop\\\/\"},{\"@type\":\"ListItem\",\"position\":3,\"name\":\"ATEM SDI\"}]},{\"@type\":\"WebSite\",\"@id\":\"https:\\\/\\\/mediatrade.fi\\\/en\\\/#website\",\"url\":\"https:\\\/\\\/mediatrade.fi\\\/en\\\/\",\"name\":\"Mediatrade\",\"description\":\"\",\"publisher\":{\"@id\":\"https:\\\/\\\/mediatrade.fi\\\/en\\\/#organization\"},\"potentialAction\":[{\"@type\":\"SearchAction\",\"target\":{\"@type\":\"EntryPoint\",\"urlTemplate\":\"https:\\\/\\\/mediatrade.fi\\\/en\\\/?s={search_term_string}\"},\"query-input\":{\"@type\":\"PropertyValueSpecification\",\"valueRequired\":true,\"valueName\":\"search_term_string\"}}],\"inLanguage\":\"en-US\"},{\"@type\":\"Organization\",\"@id\":\"https:\\\/\\\/mediatrade.fi\\\/en\\\/#organization\",\"name\":\"Mediatrade\",\"url\":\"https:\\\/\\\/mediatrade.fi\\\/en\\\/\",\"logo\":{\"@type\":\"ImageObject\",\"inLanguage\":\"en-US\",\"@id\":\"https:\\\/\\\/mediatrade.fi\\\/en\\\/#\\\/schema\\\/logo\\\/image\\\/\",\"url\":\"https:\\\/\\\/mediatrade.fi\\\/wp-content\\\/uploads\\\/2022\\\/04\\\/Group-640.svg\",\"contentUrl\":\"https:\\\/\\\/mediatrade.fi\\\/wp-content\\\/uploads\\\/2022\\\/04\\\/Group-640.svg\",\"width\":128,\"height\":43,\"caption\":\"Mediatrade\"},\"image\":{\"@id\":\"https:\\\/\\\/mediatrade.fi\\\/en\\\/#\\\/schema\\\/logo\\\/image\\\/\"}}]}<\/script>\n<!-- \/ Yoast SEO plugin. -->","yoast_head_json":{"title":"ATEM SDI - Mediatrade","description":"Atem mini sarja nyt my\u00f6s SDI-liit\u00e4nn\u00f6ill\u00e4 varustettuna.","robots":{"index":"index","follow":"follow","max-snippet":"max-snippet:-1","max-image-preview":"max-image-preview:large","max-video-preview":"max-video-preview:-1"},"canonical":"https:\/\/mediatrade.fi\/en\/product\/atem-sdi-2\/","og_locale":"en_US","og_type":"article","og_title":"ATEM SDI - Mediatrade","og_description":"Atem mini sarja nyt my\u00f6s SDI-liit\u00e4nn\u00f6ill\u00e4 varustettuna.","og_url":"https:\/\/mediatrade.fi\/en\/product\/atem-sdi-2\/","og_site_name":"Mediatrade","article_modified_time":"2026-02-16T09:10:19+00:00","og_image":[{"width":662,"height":651,"url":"https:\/\/mediatrade.fi\/wp-content\/uploads\/2022\/08\/atem-sdi-imperial.jpg","type":"image\/jpeg"}],"twitter_card":"summary_large_image","twitter_misc":{"Est. reading time":"1 minute"},"schema":{"@context":"https:\/\/schema.org","@graph":[{"@type":"WebPage","@id":"https:\/\/mediatrade.fi\/en\/product\/atem-sdi-2\/","url":"https:\/\/mediatrade.fi\/en\/product\/atem-sdi-2\/","name":"ATEM SDI - Mediatrade","isPartOf":{"@id":"https:\/\/mediatrade.fi\/en\/#website"},"primaryImageOfPage":{"@id":"https:\/\/mediatrade.fi\/en\/product\/atem-sdi-2\/#primaryimage"},"image":{"@id":"https:\/\/mediatrade.fi\/en\/product\/atem-sdi-2\/#primaryimage"},"thumbnailUrl":"https:\/\/mediatrade.fi\/wp-content\/uploads\/2022\/08\/atem-sdi-imperial.jpg","datePublished":"2022-08-30T14:33:17+00:00","dateModified":"2026-02-16T09:10:19+00:00","description":"Atem mini sarja nyt my\u00f6s SDI-liit\u00e4nn\u00f6ill\u00e4 varustettuna.","breadcrumb":{"@id":"https:\/\/mediatrade.fi\/en\/product\/atem-sdi-2\/#breadcrumb"},"inLanguage":"en-US","potentialAction":[{"@type":"ReadAction","target":["https:\/\/mediatrade.fi\/en\/product\/atem-sdi-2\/"]}]},{"@type":"ImageObject","inLanguage":"en-US","@id":"https:\/\/mediatrade.fi\/en\/product\/atem-sdi-2\/#primaryimage","url":"https:\/\/mediatrade.fi\/wp-content\/uploads\/2022\/08\/atem-sdi-imperial.jpg","contentUrl":"https:\/\/mediatrade.fi\/wp-content\/uploads\/2022\/08\/atem-sdi-imperial.jpg","width":662,"height":651},{"@type":"BreadcrumbList","@id":"https:\/\/mediatrade.fi\/en\/product\/atem-sdi-2\/#breadcrumb","itemListElement":[{"@type":"ListItem","position":1,"name":"Front Page","item":"https:\/\/mediatrade.fi\/en\/"},{"@type":"ListItem","position":2,"name":"Shop","item":"https:\/\/mediatrade.fi\/en\/shop\/"},{"@type":"ListItem","position":3,"name":"ATEM SDI"}]},{"@type":"WebSite","@id":"https:\/\/mediatrade.fi\/en\/#website","url":"https:\/\/mediatrade.fi\/en\/","name":"Mediatrade","description":"","publisher":{"@id":"https:\/\/mediatrade.fi\/en\/#organization"},"potentialAction":[{"@type":"SearchAction","target":{"@type":"EntryPoint","urlTemplate":"https:\/\/mediatrade.fi\/en\/?s={search_term_string}"},"query-input":{"@type":"PropertyValueSpecification","valueRequired":true,"valueName":"search_term_string"}}],"inLanguage":"en-US"},{"@type":"Organization","@id":"https:\/\/mediatrade.fi\/en\/#organization","name":"Mediatrade","url":"https:\/\/mediatrade.fi\/en\/","logo":{"@type":"ImageObject","inLanguage":"en-US","@id":"https:\/\/mediatrade.fi\/en\/#\/schema\/logo\/image\/","url":"https:\/\/mediatrade.fi\/wp-content\/uploads\/2022\/04\/Group-640.svg","contentUrl":"https:\/\/mediatrade.fi\/wp-content\/uploads\/2022\/04\/Group-640.svg","width":128,"height":43,"caption":"Mediatrade"},"image":{"@id":"https:\/\/mediatrade.fi\/en\/#\/schema\/logo\/image\/"}}]}},"_links":{"self":[{"href":"https:\/\/mediatrade.fi\/en\/wp-json\/wp\/v2\/product\/391437","targetHints":{"allow":["GET"]}}],"collection":[{"href":"https:\/\/mediatrade.fi\/en\/wp-json\/wp\/v2\/product"}],"about":[{"href":"https:\/\/mediatrade.fi\/en\/wp-json\/wp\/v2\/types\/product"}],"wp:featuredmedia":[{"embeddable":true,"href":"https:\/\/mediatrade.fi\/en\/wp-json\/wp\/v2\/media\/95783"}],"wp:attachment":[{"href":"https:\/\/mediatrade.fi\/en\/wp-json\/wp\/v2\/media?parent=391437"}],"wp:term":[{"taxonomy":"product_brand","embeddable":true,"href":"https:\/\/mediatrade.fi\/en\/wp-json\/wp\/v2\/product_brand?post=391437"},{"taxonomy":"product_cat","embeddable":true,"href":"https:\/\/mediatrade.fi\/en\/wp-json\/wp\/v2\/product_cat?post=391437"},{"taxonomy":"product_tag","embeddable":true,"href":"https:\/\/mediatrade.fi\/en\/wp-json\/wp\/v2\/product_tag?post=391437"},{"taxonomy":"brands","embeddable":true,"href":"https:\/\/mediatrade.fi\/en\/wp-json\/wp\/v2\/brands?post=391437"},{"taxonomy":"id_product_type","embeddable":true,"href":"https:\/\/mediatrade.fi\/en\/wp-json\/wp\/v2\/id_product_type?post=391437"}],"curies":[{"name":"wp","href":"https:\/\/api.w.org\/{rel}","templated":true}]}}