{"id":392428,"date":"2022-06-14T14:50:46","date_gmt":"2025-01-21T19:25:27","guid":{"rendered":"https:\/\/mediatrade.fi\/tuote\/ssm-e01-a1-micro-beltpack-transmitter\/"},"modified":"2026-01-23T12:06:17","modified_gmt":"2026-01-23T10:06:17","slug":"ssm-e01-a1-micro-beltpack-transmitter","status":"publish","type":"product","link":"https:\/\/mediatrade.fi\/en\/product\/ssm-e01-a1-micro-beltpack-transmitter\/","title":{"rendered":"SSM\/E01-A1 &#8211; Micro Beltpack Transmitter"},"content":{"rendered":"\n<section class=\"block block-woocommerce-product-description container-fluid container-fluid \">\n    <div class=\"container\">\n        <div class=\"row\">\n            <div class=\"col-12 col-md-6 order-2 order-md-1 attachments-col\">\n                                            <\/div>\n\n            <div class=\"col-12 col-md-5 offset-md-1 order-1 order-md-2\">\n                <main class=\"entry-content\">\n                    \n\n<h2 class=\"wp-block-heading\">Product<\/h2>\n\n\n\n<p>The SSM is ideal in theatrical or any other production where concealment in costuming is required. In spite of its tiny size, the transmitter offers an extensive feature set and performance on par with all of the Digital Hybrid Wireless\u00ae models.<\/p>\n\n\n\n<p>Frequencies are selectable in 100 kHz or 25 kHz steps across a maximum tuning range of 76.7 MHz. This yields a total of 3072 available frequencies across three standard frequency blocks. The tuning range varies in other blocks to meet applicable frequency allocations.<\/p>\n\n\n\n<p>The servo bias input accepts mic or line level signals with a wide range of gain adjustment in 1 dB steps. Accurate LED indications on the keypad allow precise gain adjustments to be made for the maximum signal to noise ratio and minimum distortion. The limiter in the preamp can cleanly handle signal peaks over 30 dB above full modulation, allowing the input gain to be set high enough to achieve the maximum signal to noise ratio, yet provide protection against input overload.<\/p>\n\n\n\n<p>Along with providing peerless audio quality with wide frequency response and dynamic range in Nu Hybrid mode, the technology used in the SSM includes compatibility modes for Lectrosonics Mode 3 and IFB receivers.<\/p>\n\n\n\n<h3 class=\"wp-block-heading\">Features:<\/h3>\n\n\n\n<ul class=\"wp-block-list\">\n<li>Tunable across three standard frequency blocks (76.8 MHz)<\/li>\n\n\n\n<li>Digital Hybrid Wireless\u00ae audio for compandor-free digital quality<\/li>\n\n\n\n<li>Selectable 25 or 50 mW RF power<\/li>\n\n\n\n<li>Compatibility modes for use with analog receivers<\/li>\n\n\n\n<li>25 or 100 kHz tuning steps for up to 3072 selectable frequencies<\/li>\n\n\n\n<li>Wide range input gain control in 1 dB steps<\/li>\n\n\n\n<li>Quick change Lithium-ion rechargeable battery<\/li>\n\n\n\n<li>Audio coupled remote control<\/li>\n<\/ul>\n\n\n\n<p>Band A1: 470.100 &#8211; 537.575 MHz<\/p>\n\n\n\n<p>Tuote on tarkoitettu vain ammattik\u00e4ytt\u00f6\u00f6n. Ei takuuta.<\/p>\n\n\n\n<p>Ex-demo.<\/p>\n\n\n                <\/main>\n            <\/div>\n        <\/div>\n    <\/div>\n<\/section>\n","protected":false},"excerpt":{"rendered":"","protected":false},"featured_media":129967,"template":"","meta":{"_acf_changed":false,"_relevanssi_hide_post":"","_relevanssi_hide_content":"","_relevanssi_pin_for_all":"","_relevanssi_pin_keywords":"","_relevanssi_unpin_keywords":"","_relevanssi_related_keywords":"","_relevanssi_related_include_ids":"","_relevanssi_related_exclude_ids":"","_relevanssi_related_no_append":"","_relevanssi_related_not_related":"","_relevanssi_related_posts":"","_relevanssi_noindex_reason":""},"product_brand":[],"product_cat":[2500,3494,2486,2500,9057,2486,9058,9055,9055,3494,9057,9058],"product_tag":[2986,2490,2490,3079,3080,4351],"brands":[8313],"id_product_type":[],"class_list":{"0":"post-392428","1":"product","2":"type-product","3":"status-publish","4":"has-post-thumbnail","6":"product_cat-audio","7":"product_cat-recording-devices-equipment","8":"product_cat-all-products","10":"product_cat-in-store","12":"product_cat-wireless-accessories","13":"product_cat-outlet-en","18":"product_tag-lectrosonics","19":"product_tag-mediatrade-en","21":"product_tag-micro-transmitter","22":"product_tag-ssm","23":"product_tag-wireless","25":"first","26":"instock","27":"taxable","28":"shipping-taxable","29":"purchasable","30":"product-type-simple"},"bundled_by":[],"bundle_stock_status":"instock","bundle_stock_quantity":1,"bundle_virtual":false,"bundle_layout":"","bundle_add_to_cart_form_location":"","bundle_editable_in_cart":false,"bundle_sold_individually_context":"","bundle_item_grouping":"","bundle_min_size":"","bundle_max_size":"","bundle_price":[],"bundled_items":[],"bundle_sell_ids":[],"acf":[],"yoast_head":"<!-- This site is optimized with the Yoast SEO plugin v27.1.1 - https:\/\/yoast.com\/product\/yoast-seo-wordpress\/ -->\n<title>SSM\/E01-A1 - Micro Beltpack Transmitter - Mediatrade<\/title>\n<meta name=\"description\" content=\"The SSM is ideal in theatrical or any other production where concealment in costuming is required.\" \/>\n<meta name=\"robots\" content=\"index, follow, max-snippet:-1, max-image-preview:large, max-video-preview:-1\" \/>\n<link rel=\"canonical\" href=\"https:\/\/mediatrade.fi\/en\/product\/ssm-e01-a1-micro-beltpack-transmitter\/\" \/>\n<meta property=\"og:locale\" content=\"en_US\" \/>\n<meta property=\"og:type\" content=\"article\" \/>\n<meta property=\"og:title\" content=\"SSM\/E01-A1 - Micro Beltpack Transmitter - Mediatrade\" \/>\n<meta property=\"og:description\" content=\"The SSM is ideal in theatrical or any other production where concealment in costuming is required.\" \/>\n<meta property=\"og:url\" content=\"https:\/\/mediatrade.fi\/en\/product\/ssm-e01-a1-micro-beltpack-transmitter\/\" \/>\n<meta property=\"og:site_name\" content=\"Mediatrade\" \/>\n<meta property=\"article:modified_time\" content=\"2026-01-23T10:06:17+00:00\" \/>\n<meta property=\"og:image\" content=\"https:\/\/mediatrade.fi\/wp-content\/uploads\/2022\/06\/SSM-scaled.jpg\" \/>\n\t<meta property=\"og:image:width\" content=\"640\" \/>\n\t<meta property=\"og:image:height\" content=\"2560\" \/>\n\t<meta property=\"og:image:type\" content=\"image\/jpeg\" \/>\n<meta name=\"twitter:card\" content=\"summary_large_image\" \/>\n<meta name=\"twitter:label1\" content=\"Est. reading time\" \/>\n\t<meta name=\"twitter:data1\" content=\"5 minutes\" \/>\n<script type=\"application\/ld+json\" class=\"yoast-schema-graph\">{\"@context\":\"https:\/\/schema.org\",\"@graph\":[{\"@type\":\"WebPage\",\"@id\":\"https:\/\/mediatrade.fi\/en\/product\/ssm-e01-a1-micro-beltpack-transmitter\/\",\"url\":\"https:\/\/mediatrade.fi\/en\/product\/ssm-e01-a1-micro-beltpack-transmitter\/\",\"name\":\"SSM\/E01-A1 - Micro Beltpack Transmitter - Mediatrade\",\"isPartOf\":{\"@id\":\"https:\/\/mediatrade.fi\/en\/#website\"},\"primaryImageOfPage\":{\"@id\":\"https:\/\/mediatrade.fi\/en\/product\/ssm-e01-a1-micro-beltpack-transmitter\/#primaryimage\"},\"image\":{\"@id\":\"https:\/\/mediatrade.fi\/en\/product\/ssm-e01-a1-micro-beltpack-transmitter\/#primaryimage\"},\"thumbnailUrl\":\"https:\/\/mediatrade.fi\/wp-content\/uploads\/2022\/06\/SSM-scaled.jpg\",\"datePublished\":\"2025-01-21T19:25:27+00:00\",\"dateModified\":\"2026-01-23T10:06:17+00:00\",\"description\":\"The SSM is ideal in theatrical or any other production where concealment in costuming is required.\",\"breadcrumb\":{\"@id\":\"https:\/\/mediatrade.fi\/en\/product\/ssm-e01-a1-micro-beltpack-transmitter\/#breadcrumb\"},\"inLanguage\":\"en-US\",\"potentialAction\":[{\"@type\":\"ReadAction\",\"target\":[\"https:\/\/mediatrade.fi\/en\/product\/ssm-e01-a1-micro-beltpack-transmitter\/\"]}]},{\"@type\":\"ImageObject\",\"inLanguage\":\"en-US\",\"@id\":\"https:\/\/mediatrade.fi\/en\/product\/ssm-e01-a1-micro-beltpack-transmitter\/#primaryimage\",\"url\":\"https:\/\/mediatrade.fi\/wp-content\/uploads\/2022\/06\/SSM-scaled.jpg\",\"contentUrl\":\"https:\/\/mediatrade.fi\/wp-content\/uploads\/2022\/06\/SSM-scaled.jpg\",\"width\":640,\"height\":2560},{\"@type\":\"BreadcrumbList\",\"@id\":\"https:\/\/mediatrade.fi\/en\/product\/ssm-e01-a1-micro-beltpack-transmitter\/#breadcrumb\",\"itemListElement\":[{\"@type\":\"ListItem\",\"position\":1,\"name\":\"Front Page\",\"item\":\"https:\/\/mediatrade.fi\/en\/\"},{\"@type\":\"ListItem\",\"position\":2,\"name\":\"Shop\",\"item\":\"https:\/\/mediatrade.fi\/en\/shop\/\"},{\"@type\":\"ListItem\",\"position\":3,\"name\":\"SSM\/E01-A1 &#8211; Micro Beltpack Transmitter\"}]},{\"@type\":\"WebSite\",\"@id\":\"https:\/\/mediatrade.fi\/en\/#website\",\"url\":\"https:\/\/mediatrade.fi\/en\/\",\"name\":\"Mediatrade\",\"description\":\"\",\"publisher\":{\"@id\":\"https:\/\/mediatrade.fi\/en\/#organization\"},\"potentialAction\":[{\"@type\":\"SearchAction\",\"target\":{\"@type\":\"EntryPoint\",\"urlTemplate\":\"https:\/\/mediatrade.fi\/en\/?s={search_term_string}\"},\"query-input\":{\"@type\":\"PropertyValueSpecification\",\"valueRequired\":true,\"valueName\":\"search_term_string\"}}],\"inLanguage\":\"en-US\"},{\"@type\":\"Organization\",\"@id\":\"https:\/\/mediatrade.fi\/en\/#organization\",\"name\":\"Mediatrade\",\"url\":\"https:\/\/mediatrade.fi\/en\/\",\"logo\":{\"@type\":\"ImageObject\",\"inLanguage\":\"en-US\",\"@id\":\"https:\/\/mediatrade.fi\/en\/#\/schema\/logo\/image\/\",\"url\":\"https:\/\/mediatrade.fi\/wp-content\/uploads\/2022\/04\/Group-640.svg\",\"contentUrl\":\"https:\/\/mediatrade.fi\/wp-content\/uploads\/2022\/04\/Group-640.svg\",\"width\":128,\"height\":43,\"caption\":\"Mediatrade\"},\"image\":{\"@id\":\"https:\/\/mediatrade.fi\/en\/#\/schema\/logo\/image\/\"}}]}<\/script>\n<!-- \/ Yoast SEO plugin. -->","yoast_head_json":{"title":"SSM\/E01-A1 - Micro Beltpack Transmitter - Mediatrade","description":"The SSM is ideal in theatrical or any other production where concealment in costuming is required.","robots":{"index":"index","follow":"follow","max-snippet":"max-snippet:-1","max-image-preview":"max-image-preview:large","max-video-preview":"max-video-preview:-1"},"canonical":"https:\/\/mediatrade.fi\/en\/product\/ssm-e01-a1-micro-beltpack-transmitter\/","og_locale":"en_US","og_type":"article","og_title":"SSM\/E01-A1 - Micro Beltpack Transmitter - Mediatrade","og_description":"The SSM is ideal in theatrical or any other production where concealment in costuming is required.","og_url":"https:\/\/mediatrade.fi\/en\/product\/ssm-e01-a1-micro-beltpack-transmitter\/","og_site_name":"Mediatrade","article_modified_time":"2026-01-23T10:06:17+00:00","og_image":[{"width":640,"height":2560,"url":"https:\/\/mediatrade.fi\/wp-content\/uploads\/2022\/06\/SSM-scaled.jpg","type":"image\/jpeg"}],"twitter_card":"summary_large_image","twitter_misc":{"Est. reading time":"5 minutes"},"schema":{"@context":"https:\/\/schema.org","@graph":[{"@type":"WebPage","@id":"https:\/\/mediatrade.fi\/en\/product\/ssm-e01-a1-micro-beltpack-transmitter\/","url":"https:\/\/mediatrade.fi\/en\/product\/ssm-e01-a1-micro-beltpack-transmitter\/","name":"SSM\/E01-A1 - Micro Beltpack Transmitter - Mediatrade","isPartOf":{"@id":"https:\/\/mediatrade.fi\/en\/#website"},"primaryImageOfPage":{"@id":"https:\/\/mediatrade.fi\/en\/product\/ssm-e01-a1-micro-beltpack-transmitter\/#primaryimage"},"image":{"@id":"https:\/\/mediatrade.fi\/en\/product\/ssm-e01-a1-micro-beltpack-transmitter\/#primaryimage"},"thumbnailUrl":"https:\/\/mediatrade.fi\/wp-content\/uploads\/2022\/06\/SSM-scaled.jpg","datePublished":"2025-01-21T19:25:27+00:00","dateModified":"2026-01-23T10:06:17+00:00","description":"The SSM is ideal in theatrical or any other production where concealment in costuming is required.","breadcrumb":{"@id":"https:\/\/mediatrade.fi\/en\/product\/ssm-e01-a1-micro-beltpack-transmitter\/#breadcrumb"},"inLanguage":"en-US","potentialAction":[{"@type":"ReadAction","target":["https:\/\/mediatrade.fi\/en\/product\/ssm-e01-a1-micro-beltpack-transmitter\/"]}]},{"@type":"ImageObject","inLanguage":"en-US","@id":"https:\/\/mediatrade.fi\/en\/product\/ssm-e01-a1-micro-beltpack-transmitter\/#primaryimage","url":"https:\/\/mediatrade.fi\/wp-content\/uploads\/2022\/06\/SSM-scaled.jpg","contentUrl":"https:\/\/mediatrade.fi\/wp-content\/uploads\/2022\/06\/SSM-scaled.jpg","width":640,"height":2560},{"@type":"BreadcrumbList","@id":"https:\/\/mediatrade.fi\/en\/product\/ssm-e01-a1-micro-beltpack-transmitter\/#breadcrumb","itemListElement":[{"@type":"ListItem","position":1,"name":"Front Page","item":"https:\/\/mediatrade.fi\/en\/"},{"@type":"ListItem","position":2,"name":"Shop","item":"https:\/\/mediatrade.fi\/en\/shop\/"},{"@type":"ListItem","position":3,"name":"SSM\/E01-A1 &#8211; Micro Beltpack Transmitter"}]},{"@type":"WebSite","@id":"https:\/\/mediatrade.fi\/en\/#website","url":"https:\/\/mediatrade.fi\/en\/","name":"Mediatrade","description":"","publisher":{"@id":"https:\/\/mediatrade.fi\/en\/#organization"},"potentialAction":[{"@type":"SearchAction","target":{"@type":"EntryPoint","urlTemplate":"https:\/\/mediatrade.fi\/en\/?s={search_term_string}"},"query-input":{"@type":"PropertyValueSpecification","valueRequired":true,"valueName":"search_term_string"}}],"inLanguage":"en-US"},{"@type":"Organization","@id":"https:\/\/mediatrade.fi\/en\/#organization","name":"Mediatrade","url":"https:\/\/mediatrade.fi\/en\/","logo":{"@type":"ImageObject","inLanguage":"en-US","@id":"https:\/\/mediatrade.fi\/en\/#\/schema\/logo\/image\/","url":"https:\/\/mediatrade.fi\/wp-content\/uploads\/2022\/04\/Group-640.svg","contentUrl":"https:\/\/mediatrade.fi\/wp-content\/uploads\/2022\/04\/Group-640.svg","width":128,"height":43,"caption":"Mediatrade"},"image":{"@id":"https:\/\/mediatrade.fi\/en\/#\/schema\/logo\/image\/"}}]}},"_links":{"self":[{"href":"https:\/\/mediatrade.fi\/en\/wp-json\/wp\/v2\/product\/392428","targetHints":{"allow":["GET"]}}],"collection":[{"href":"https:\/\/mediatrade.fi\/en\/wp-json\/wp\/v2\/product"}],"about":[{"href":"https:\/\/mediatrade.fi\/en\/wp-json\/wp\/v2\/types\/product"}],"wp:featuredmedia":[{"embeddable":true,"href":"https:\/\/mediatrade.fi\/en\/wp-json\/wp\/v2\/media\/129967"}],"wp:attachment":[{"href":"https:\/\/mediatrade.fi\/en\/wp-json\/wp\/v2\/media?parent=392428"}],"wp:term":[{"taxonomy":"product_brand","embeddable":true,"href":"https:\/\/mediatrade.fi\/en\/wp-json\/wp\/v2\/product_brand?post=392428"},{"taxonomy":"product_cat","embeddable":true,"href":"https:\/\/mediatrade.fi\/en\/wp-json\/wp\/v2\/product_cat?post=392428"},{"taxonomy":"product_tag","embeddable":true,"href":"https:\/\/mediatrade.fi\/en\/wp-json\/wp\/v2\/product_tag?post=392428"},{"taxonomy":"brands","embeddable":true,"href":"https:\/\/mediatrade.fi\/en\/wp-json\/wp\/v2\/brands?post=392428"},{"taxonomy":"id_product_type","embeddable":true,"href":"https:\/\/mediatrade.fi\/en\/wp-json\/wp\/v2\/id_product_type?post=392428"}],"curies":[{"name":"wp","href":"https:\/\/api.w.org\/{rel}","templated":true}]}}