{"id":392430,"date":"2022-06-14T10:05:35","date_gmt":"2025-01-21T19:25:28","guid":{"rendered":"https:\/\/mediatrade.fi\/tuote\/bmpcc-4k-side-handle-to-bmpcc-4k-camera-power-cable-2\/"},"modified":"2026-03-06T11:46:31","modified_gmt":"2026-03-06T09:46:31","slug":"bmpcc-4k-side-handle-to-bmpcc-4k-camera-power-cable-2","status":"publish","type":"product","link":"https:\/\/mediatrade.fi\/en\/product\/bmpcc-4k-side-handle-to-bmpcc-4k-camera-power-cable-2\/","title":{"rendered":"BMPCC 4K Side Handle to BMPCC 4K camera power cable"},"content":{"rendered":"\n<section class=\"block block-woocommerce-product-description container-fluid container-fluid \">\n    <div class=\"container\">\n        <div class=\"row\">\n            <div class=\"col-12 col-md-6 order-2 order-md-1 attachments-col\">\n                                            <\/div>\n\n            <div class=\"col-12 col-md-5 offset-md-1 order-1 order-md-2\">\n                <main class=\"entry-content\">\n                    \n\n<h2 class=\"wp-block-heading\">Tuotetiedot<\/h2>\n\n\n\n<p>This cable allows you to power the BMPCC 4K\/6K via a 12V Micro DC power connection through the camera\u2019s power input&nbsp;port.<\/p>\n\n\n\n<p>Compatible with the several different BMPCC 4K\/6K battery power side&nbsp;handles.<\/p>\n\n\n\n<p>Tuote on tarkoitettu vain ammattik\u00e4ytt\u00f6\u00f6n. Ei takuuta.<\/p>\n\n\n                <\/main>\n            <\/div>\n        <\/div>\n    <\/div>\n<\/section>\n","protected":false},"excerpt":{"rendered":"","protected":false},"featured_media":90461,"template":"","meta":{"_acf_changed":false,"_relevanssi_hide_post":"","_relevanssi_hide_content":"","_relevanssi_pin_for_all":"","_relevanssi_pin_keywords":"","_relevanssi_unpin_keywords":"","_relevanssi_related_keywords":"","_relevanssi_related_include_ids":"","_relevanssi_related_exclude_ids":"","_relevanssi_related_no_append":"","_relevanssi_related_not_related":"","_relevanssi_related_posts":"","_relevanssi_noindex_reason":""},"product_brand":[],"product_cat":[2486,3475,3475,2486,3473,3473],"product_tag":[2985,2619,2984,2490,2490,2408],"brands":[664],"id_product_type":[],"class_list":{"0":"post-392430","1":"product","2":"type-product","3":"status-publish","4":"has-post-thumbnail","6":"product_cat-all-products","7":"product_cat-cables","10":"product_cat-video","12":"product_tag-4k-side-handle-t-bmpcc-4k","13":"product_tag-bmpcc","14":"product_tag-bmpcc-4k","15":"product_tag-mediatrade-en","17":"product_tag-tilta","19":"first","20":"onbackorder","21":"taxable","22":"shipping-taxable","23":"purchasable","24":"product-type-simple"},"bundled_by":[],"bundle_stock_status":"onbackorder","bundle_stock_quantity":0,"bundle_virtual":false,"bundle_layout":"","bundle_add_to_cart_form_location":"","bundle_editable_in_cart":false,"bundle_sold_individually_context":"","bundle_item_grouping":"","bundle_min_size":"","bundle_max_size":"","bundle_price":[],"bundled_items":[],"bundle_sell_ids":[],"acf":[],"yoast_head":"<!-- This site is optimized with the Yoast SEO plugin v27.1.1 - https:\/\/yoast.com\/product\/yoast-seo-wordpress\/ -->\n<title>BMPCC 4K Side Handle to BMPCC 4K camera power cable - Mediatrade<\/title>\n<meta name=\"description\" content=\"This cable allows you to power the BMPCC 4K\/6K via a 12V Micro DC power connection through the camera\u2019s power input\u00a0port.\" \/>\n<meta name=\"robots\" content=\"index, follow, max-snippet:-1, max-image-preview:large, max-video-preview:-1\" \/>\n<link rel=\"canonical\" href=\"https:\/\/mediatrade.fi\/en\/product\/bmpcc-4k-side-handle-to-bmpcc-4k-camera-power-cable-2\/\" \/>\n<meta property=\"og:locale\" content=\"en_US\" \/>\n<meta property=\"og:type\" content=\"article\" \/>\n<meta property=\"og:title\" content=\"BMPCC 4K Side Handle to BMPCC 4K camera power cable - Mediatrade\" \/>\n<meta property=\"og:description\" content=\"This cable allows you to power the BMPCC 4K\/6K via a 12V Micro DC power connection through the camera\u2019s power input\u00a0port.\" \/>\n<meta property=\"og:url\" content=\"https:\/\/mediatrade.fi\/en\/product\/bmpcc-4k-side-handle-to-bmpcc-4k-camera-power-cable-2\/\" \/>\n<meta property=\"og:site_name\" content=\"Mediatrade\" \/>\n<meta property=\"article:modified_time\" content=\"2026-03-06T09:46:31+00:00\" \/>\n<meta property=\"og:image\" content=\"https:\/\/mediatrade.fi\/wp-content\/uploads\/2022\/05\/12V-NanoBMPCC4K-Cable-coiled-scaled-1440x810-1.jpg\" \/>\n\t<meta property=\"og:image:width\" content=\"1440\" \/>\n\t<meta property=\"og:image:height\" content=\"810\" \/>\n\t<meta property=\"og:image:type\" content=\"image\/jpeg\" \/>\n<meta name=\"twitter:card\" content=\"summary_large_image\" \/>\n<meta name=\"twitter:label1\" content=\"Est. reading time\" \/>\n\t<meta name=\"twitter:data1\" content=\"1 minute\" \/>\n<script type=\"application\/ld+json\" class=\"yoast-schema-graph\">{\"@context\":\"https:\/\/schema.org\",\"@graph\":[{\"@type\":\"WebPage\",\"@id\":\"https:\/\/mediatrade.fi\/en\/product\/bmpcc-4k-side-handle-to-bmpcc-4k-camera-power-cable-2\/\",\"url\":\"https:\/\/mediatrade.fi\/en\/product\/bmpcc-4k-side-handle-to-bmpcc-4k-camera-power-cable-2\/\",\"name\":\"BMPCC 4K Side Handle to BMPCC 4K camera power cable - Mediatrade\",\"isPartOf\":{\"@id\":\"https:\/\/mediatrade.fi\/en\/#website\"},\"primaryImageOfPage\":{\"@id\":\"https:\/\/mediatrade.fi\/en\/product\/bmpcc-4k-side-handle-to-bmpcc-4k-camera-power-cable-2\/#primaryimage\"},\"image\":{\"@id\":\"https:\/\/mediatrade.fi\/en\/product\/bmpcc-4k-side-handle-to-bmpcc-4k-camera-power-cable-2\/#primaryimage\"},\"thumbnailUrl\":\"https:\/\/mediatrade.fi\/wp-content\/uploads\/2022\/05\/12V-NanoBMPCC4K-Cable-coiled-scaled-1440x810-1.jpg\",\"datePublished\":\"2025-01-21T19:25:28+00:00\",\"dateModified\":\"2026-03-06T09:46:31+00:00\",\"description\":\"This cable allows you to power the BMPCC 4K\/6K via a 12V Micro DC power connection through the camera\u2019s power input\u00a0port.\",\"breadcrumb\":{\"@id\":\"https:\/\/mediatrade.fi\/en\/product\/bmpcc-4k-side-handle-to-bmpcc-4k-camera-power-cable-2\/#breadcrumb\"},\"inLanguage\":\"en-US\",\"potentialAction\":[{\"@type\":\"ReadAction\",\"target\":[\"https:\/\/mediatrade.fi\/en\/product\/bmpcc-4k-side-handle-to-bmpcc-4k-camera-power-cable-2\/\"]}]},{\"@type\":\"ImageObject\",\"inLanguage\":\"en-US\",\"@id\":\"https:\/\/mediatrade.fi\/en\/product\/bmpcc-4k-side-handle-to-bmpcc-4k-camera-power-cable-2\/#primaryimage\",\"url\":\"https:\/\/mediatrade.fi\/wp-content\/uploads\/2022\/05\/12V-NanoBMPCC4K-Cable-coiled-scaled-1440x810-1.jpg\",\"contentUrl\":\"https:\/\/mediatrade.fi\/wp-content\/uploads\/2022\/05\/12V-NanoBMPCC4K-Cable-coiled-scaled-1440x810-1.jpg\",\"width\":1440,\"height\":810},{\"@type\":\"BreadcrumbList\",\"@id\":\"https:\/\/mediatrade.fi\/en\/product\/bmpcc-4k-side-handle-to-bmpcc-4k-camera-power-cable-2\/#breadcrumb\",\"itemListElement\":[{\"@type\":\"ListItem\",\"position\":1,\"name\":\"Front Page\",\"item\":\"https:\/\/mediatrade.fi\/en\/\"},{\"@type\":\"ListItem\",\"position\":2,\"name\":\"Shop\",\"item\":\"https:\/\/mediatrade.fi\/en\/shop\/\"},{\"@type\":\"ListItem\",\"position\":3,\"name\":\"BMPCC 4K Side Handle to BMPCC 4K camera power cable\"}]},{\"@type\":\"WebSite\",\"@id\":\"https:\/\/mediatrade.fi\/en\/#website\",\"url\":\"https:\/\/mediatrade.fi\/en\/\",\"name\":\"Mediatrade\",\"description\":\"\",\"publisher\":{\"@id\":\"https:\/\/mediatrade.fi\/en\/#organization\"},\"potentialAction\":[{\"@type\":\"SearchAction\",\"target\":{\"@type\":\"EntryPoint\",\"urlTemplate\":\"https:\/\/mediatrade.fi\/en\/?s={search_term_string}\"},\"query-input\":{\"@type\":\"PropertyValueSpecification\",\"valueRequired\":true,\"valueName\":\"search_term_string\"}}],\"inLanguage\":\"en-US\"},{\"@type\":\"Organization\",\"@id\":\"https:\/\/mediatrade.fi\/en\/#organization\",\"name\":\"Mediatrade\",\"url\":\"https:\/\/mediatrade.fi\/en\/\",\"logo\":{\"@type\":\"ImageObject\",\"inLanguage\":\"en-US\",\"@id\":\"https:\/\/mediatrade.fi\/en\/#\/schema\/logo\/image\/\",\"url\":\"https:\/\/mediatrade.fi\/wp-content\/uploads\/2022\/04\/Group-640.svg\",\"contentUrl\":\"https:\/\/mediatrade.fi\/wp-content\/uploads\/2022\/04\/Group-640.svg\",\"width\":128,\"height\":43,\"caption\":\"Mediatrade\"},\"image\":{\"@id\":\"https:\/\/mediatrade.fi\/en\/#\/schema\/logo\/image\/\"}}]}<\/script>\n<!-- \/ Yoast SEO plugin. -->","yoast_head_json":{"title":"BMPCC 4K Side Handle to BMPCC 4K camera power cable - Mediatrade","description":"This cable allows you to power the BMPCC 4K\/6K via a 12V Micro DC power connection through the camera\u2019s power input\u00a0port.","robots":{"index":"index","follow":"follow","max-snippet":"max-snippet:-1","max-image-preview":"max-image-preview:large","max-video-preview":"max-video-preview:-1"},"canonical":"https:\/\/mediatrade.fi\/en\/product\/bmpcc-4k-side-handle-to-bmpcc-4k-camera-power-cable-2\/","og_locale":"en_US","og_type":"article","og_title":"BMPCC 4K Side Handle to BMPCC 4K camera power cable - Mediatrade","og_description":"This cable allows you to power the BMPCC 4K\/6K via a 12V Micro DC power connection through the camera\u2019s power input\u00a0port.","og_url":"https:\/\/mediatrade.fi\/en\/product\/bmpcc-4k-side-handle-to-bmpcc-4k-camera-power-cable-2\/","og_site_name":"Mediatrade","article_modified_time":"2026-03-06T09:46:31+00:00","og_image":[{"width":1440,"height":810,"url":"https:\/\/mediatrade.fi\/wp-content\/uploads\/2022\/05\/12V-NanoBMPCC4K-Cable-coiled-scaled-1440x810-1.jpg","type":"image\/jpeg"}],"twitter_card":"summary_large_image","twitter_misc":{"Est. reading time":"1 minute"},"schema":{"@context":"https:\/\/schema.org","@graph":[{"@type":"WebPage","@id":"https:\/\/mediatrade.fi\/en\/product\/bmpcc-4k-side-handle-to-bmpcc-4k-camera-power-cable-2\/","url":"https:\/\/mediatrade.fi\/en\/product\/bmpcc-4k-side-handle-to-bmpcc-4k-camera-power-cable-2\/","name":"BMPCC 4K Side Handle to BMPCC 4K camera power cable - Mediatrade","isPartOf":{"@id":"https:\/\/mediatrade.fi\/en\/#website"},"primaryImageOfPage":{"@id":"https:\/\/mediatrade.fi\/en\/product\/bmpcc-4k-side-handle-to-bmpcc-4k-camera-power-cable-2\/#primaryimage"},"image":{"@id":"https:\/\/mediatrade.fi\/en\/product\/bmpcc-4k-side-handle-to-bmpcc-4k-camera-power-cable-2\/#primaryimage"},"thumbnailUrl":"https:\/\/mediatrade.fi\/wp-content\/uploads\/2022\/05\/12V-NanoBMPCC4K-Cable-coiled-scaled-1440x810-1.jpg","datePublished":"2025-01-21T19:25:28+00:00","dateModified":"2026-03-06T09:46:31+00:00","description":"This cable allows you to power the BMPCC 4K\/6K via a 12V Micro DC power connection through the camera\u2019s power input\u00a0port.","breadcrumb":{"@id":"https:\/\/mediatrade.fi\/en\/product\/bmpcc-4k-side-handle-to-bmpcc-4k-camera-power-cable-2\/#breadcrumb"},"inLanguage":"en-US","potentialAction":[{"@type":"ReadAction","target":["https:\/\/mediatrade.fi\/en\/product\/bmpcc-4k-side-handle-to-bmpcc-4k-camera-power-cable-2\/"]}]},{"@type":"ImageObject","inLanguage":"en-US","@id":"https:\/\/mediatrade.fi\/en\/product\/bmpcc-4k-side-handle-to-bmpcc-4k-camera-power-cable-2\/#primaryimage","url":"https:\/\/mediatrade.fi\/wp-content\/uploads\/2022\/05\/12V-NanoBMPCC4K-Cable-coiled-scaled-1440x810-1.jpg","contentUrl":"https:\/\/mediatrade.fi\/wp-content\/uploads\/2022\/05\/12V-NanoBMPCC4K-Cable-coiled-scaled-1440x810-1.jpg","width":1440,"height":810},{"@type":"BreadcrumbList","@id":"https:\/\/mediatrade.fi\/en\/product\/bmpcc-4k-side-handle-to-bmpcc-4k-camera-power-cable-2\/#breadcrumb","itemListElement":[{"@type":"ListItem","position":1,"name":"Front Page","item":"https:\/\/mediatrade.fi\/en\/"},{"@type":"ListItem","position":2,"name":"Shop","item":"https:\/\/mediatrade.fi\/en\/shop\/"},{"@type":"ListItem","position":3,"name":"BMPCC 4K Side Handle to BMPCC 4K camera power cable"}]},{"@type":"WebSite","@id":"https:\/\/mediatrade.fi\/en\/#website","url":"https:\/\/mediatrade.fi\/en\/","name":"Mediatrade","description":"","publisher":{"@id":"https:\/\/mediatrade.fi\/en\/#organization"},"potentialAction":[{"@type":"SearchAction","target":{"@type":"EntryPoint","urlTemplate":"https:\/\/mediatrade.fi\/en\/?s={search_term_string}"},"query-input":{"@type":"PropertyValueSpecification","valueRequired":true,"valueName":"search_term_string"}}],"inLanguage":"en-US"},{"@type":"Organization","@id":"https:\/\/mediatrade.fi\/en\/#organization","name":"Mediatrade","url":"https:\/\/mediatrade.fi\/en\/","logo":{"@type":"ImageObject","inLanguage":"en-US","@id":"https:\/\/mediatrade.fi\/en\/#\/schema\/logo\/image\/","url":"https:\/\/mediatrade.fi\/wp-content\/uploads\/2022\/04\/Group-640.svg","contentUrl":"https:\/\/mediatrade.fi\/wp-content\/uploads\/2022\/04\/Group-640.svg","width":128,"height":43,"caption":"Mediatrade"},"image":{"@id":"https:\/\/mediatrade.fi\/en\/#\/schema\/logo\/image\/"}}]}},"_links":{"self":[{"href":"https:\/\/mediatrade.fi\/en\/wp-json\/wp\/v2\/product\/392430","targetHints":{"allow":["GET"]}}],"collection":[{"href":"https:\/\/mediatrade.fi\/en\/wp-json\/wp\/v2\/product"}],"about":[{"href":"https:\/\/mediatrade.fi\/en\/wp-json\/wp\/v2\/types\/product"}],"wp:featuredmedia":[{"embeddable":true,"href":"https:\/\/mediatrade.fi\/en\/wp-json\/wp\/v2\/media\/90461"}],"wp:attachment":[{"href":"https:\/\/mediatrade.fi\/en\/wp-json\/wp\/v2\/media?parent=392430"}],"wp:term":[{"taxonomy":"product_brand","embeddable":true,"href":"https:\/\/mediatrade.fi\/en\/wp-json\/wp\/v2\/product_brand?post=392430"},{"taxonomy":"product_cat","embeddable":true,"href":"https:\/\/mediatrade.fi\/en\/wp-json\/wp\/v2\/product_cat?post=392430"},{"taxonomy":"product_tag","embeddable":true,"href":"https:\/\/mediatrade.fi\/en\/wp-json\/wp\/v2\/product_tag?post=392430"},{"taxonomy":"brands","embeddable":true,"href":"https:\/\/mediatrade.fi\/en\/wp-json\/wp\/v2\/brands?post=392430"},{"taxonomy":"id_product_type","embeddable":true,"href":"https:\/\/mediatrade.fi\/en\/wp-json\/wp\/v2\/id_product_type?post=392430"}],"curies":[{"name":"wp","href":"https:\/\/api.w.org\/{rel}","templated":true}]}}