{"id":392500,"date":"2022-06-09T11:50:50","date_gmt":"2025-01-21T19:26:46","guid":{"rendered":"https:\/\/mediatrade.fi\/tuote\/mars-300-pro-enhanced-wireless-hdmi-2\/"},"modified":"2025-02-04T22:24:58","modified_gmt":"2025-02-04T20:24:58","slug":"mars-300-pro-enhanced-wireless-hdmi-2","status":"publish","type":"product","link":"https:\/\/mediatrade.fi\/en\/product\/mars-300-pro-enhanced-wireless-hdmi-2\/","title":{"rendered":"MARS 300 PRO ENHANCED WIRELESS\u00a0HDMI"},"content":{"rendered":"\n<section class=\"block block-woocommerce-product-description container-fluid container-fluid \">\n    <div class=\"container\">\n        <div class=\"row\">\n            <div class=\"col-12 col-md-6 order-2 order-md-1 attachments-col\">\n                                            <\/div>\n\n            <div class=\"col-12 col-md-5 offset-md-1 order-1 order-md-2\">\n                <main class=\"entry-content\">\n                    \n\n<h2 class=\"wp-block-heading\">Tuotetiedot<\/h2>\n\n\n\n<p>Hollyland on julkaissut uuden Mars 300 Pro -videolinkin. T\u00e4ss\u00e4 Enhanced-version l\u00e4hettimess\u00e4 on ulkoiset antennit,<br>Standard-versiossa antennit ovat sis\u00e4\u00e4nrakennetut. Molemmissa on sama vastaanotin sis\u00e4\u00e4nrakennetuilla antenneilla.<\/p>\n\n\n\n<h3 class=\"wp-block-heading\">Ominaisuudet<\/h3>\n\n\n\n<ul class=\"wp-block-list\"><li>videokuvan l\u00e4hetys jopa 1080p 60fps HDMI<\/li><li>L\u00e4hetys samanaikaisesti joko yhteen vastaanottimeen ja kahteen sovellukseen (app) tai kolmeen sovellukseen<\/li><li>Reaaliaikainen monitorointi sovelluksella \u00e4lylaitteeseen esteett\u00f6m\u00e4sti 120 metri\u00e4, muuten 90 metri\u00e4.<\/li><li>Dual HDMI ulostulot vastaanottimessa<\/li><li>kaksi antennia l\u00e4hettimess\u00e4<\/li><li>USB-C -virransy\u00f6tt\u00f6 (lis\u00e4ksi Sony NP-F)<\/li><li>kiinnitys 1\/4&#8243;-20 kierteell\u00e4<\/li><li>OLED-n\u00e4ytt\u00f6<\/li><\/ul>\n\n\n\n<h3 class=\"wp-block-heading\">Lis\u00e4ksi pakettiin kuuluu<\/h3>\n\n\n\n<p>Akkukenk\u00e4 (cold shoe), USB-C -kaapeli, jatkolevy (plate)<\/p>\n\n\n                <\/main>\n            <\/div>\n        <\/div>\n    <\/div>\n<\/section>\n\n\n\n<section class=\"block block-profile-listing container-fluid \">\n    <div class=\"container\">\n        <div class=\"row\">\n            <main class=\"entry-content col-12\">\n                \n\n<h2 class=\"wp-block-heading\">Asiantuntijamme<\/h2>\n\n\n            <\/main>\n                        <div class=\"col-12 col-lg-6\">\n                <div class=\"person-wrapper\">\n                    <div class=\"image-wrapper\">\n                        <img decoding=\"async\" width=\"576\" height=\"1024\" src=\"https:\/\/mediatrade.fi\/wp-content\/uploads\/2022\/03\/Mikko_Leino-576x1024-1.jpg\" class=\"attachment-post-thumbnail size-post-thumbnail wp-post-image\" alt=\"\" srcset=\"https:\/\/mediatrade.fi\/wp-content\/uploads\/2022\/03\/Mikko_Leino-576x1024-1.jpg 576w, https:\/\/mediatrade.fi\/wp-content\/uploads\/2022\/03\/Mikko_Leino-576x1024-1-169x300.jpg 169w\" sizes=\"(max-width: 575px) 100vw, (max-width: 767px) 570, (max-width: 991px) 830, (max-width: 1199px) 930, 994px\" \/>                    <\/div>\n                    <div class=\"content-wrapper\">\n                        <h4 class=\"name\">Mikko Leino<\/h4>\n                        <p class=\"title\">System Specialist<\/p>\n                        <p class=\"summary\">I\u2019m responsible for traditional video production equipment and tools, as well as streaming and web production solutions.<\/p>\n                                                <span class=\"knowledge-title\">Area of expertise<\/span>\n                        <p class=\"knowledge\">Cinematography, Audio, Program Production, Streaming<\/p>\n                                                <p class=\"phone\">+358201557732<\/p>\n                        <p class=\"email\">mikko.leino@mediatrade.fi<\/p>\n                    <\/div>\n                <\/div>\n            <\/div>\n                                <\/div>\n    <\/div>\n<\/section>\n","protected":false},"excerpt":{"rendered":"","protected":false},"featured_media":40684,"template":"","meta":{"_acf_changed":false,"_relevanssi_hide_post":"","_relevanssi_hide_content":"","_relevanssi_pin_for_all":"","_relevanssi_pin_keywords":"","_relevanssi_unpin_keywords":"","_relevanssi_related_keywords":"","_relevanssi_related_include_ids":"","_relevanssi_related_exclude_ids":"","_relevanssi_related_no_append":"","_relevanssi_related_not_related":"","_relevanssi_related_posts":"","_relevanssi_noindex_reason":""},"product_brand":[],"product_cat":[15],"product_tag":[2633,2635,2634,972,2630,2631,838],"brands":[648],"id_product_type":[],"class_list":{"0":"post-392500","1":"product","2":"type-product","3":"status-publish","4":"has-post-thumbnail","6":"product_cat-kaikki","7":"product_tag-300-pro","8":"product_tag-enhaced-wireless","9":"product_tag-enhanched-wireless-hdmi","10":"product_tag-hdmi","11":"product_tag-hollyland","12":"product_tag-mars-300","13":"product_tag-mediatrade","15":"first","16":"onbackorder","17":"taxable","18":"shipping-taxable","19":"purchasable","20":"product-type-simple"},"bundled_by":[],"bundle_stock_status":"onbackorder","bundle_stock_quantity":0,"bundle_virtual":false,"bundle_layout":"","bundle_add_to_cart_form_location":"","bundle_editable_in_cart":false,"bundle_sold_individually_context":"","bundle_item_grouping":"","bundle_min_size":"","bundle_max_size":"","bundle_price":[],"bundled_items":[],"bundle_sell_ids":[],"acf":[],"yoast_head":"<!-- This site is optimized with the Yoast SEO plugin v27.1.1 - https:\/\/yoast.com\/product\/yoast-seo-wordpress\/ -->\n<title>MARS 300 PRO ENHANCED WIRELESS\u00a0HDMI - Mediatrade<\/title>\n<meta name=\"description\" content=\"Hollyland on julkaissut uuden Mars 300 Pro -videolinkin. T\u00e4ss\u00e4 Enhanced-version l\u00e4hettimess\u00e4 on ulkoiset antennit,Standard-versiossa antennit ovat sis\u00e4\u00e4nrakennetut\" \/>\n<meta name=\"robots\" content=\"index, follow, max-snippet:-1, max-image-preview:large, max-video-preview:-1\" \/>\n<link rel=\"canonical\" href=\"https:\/\/mediatrade.fi\/en\/product\/mars-300-pro-enhanced-wireless-hdmi-2\/\" \/>\n<meta property=\"og:locale\" content=\"en_US\" \/>\n<meta property=\"og:type\" content=\"article\" \/>\n<meta property=\"og:title\" content=\"MARS 300 PRO ENHANCED WIRELESS\u00a0HDMI - Mediatrade\" \/>\n<meta property=\"og:description\" content=\"Hollyland on julkaissut uuden Mars 300 Pro -videolinkin. T\u00e4ss\u00e4 Enhanced-version l\u00e4hettimess\u00e4 on ulkoiset antennit,Standard-versiossa antennit ovat sis\u00e4\u00e4nrakennetut\" \/>\n<meta property=\"og:url\" content=\"https:\/\/mediatrade.fi\/en\/product\/mars-300-pro-enhanced-wireless-hdmi-2\/\" \/>\n<meta property=\"og:site_name\" content=\"Mediatrade\" \/>\n<meta property=\"article:modified_time\" content=\"2025-02-04T20:24:58+00:00\" \/>\n<meta property=\"og:image\" content=\"https:\/\/mediatrade.fi\/wp-content\/uploads\/2022\/04\/hollyland-mars300proenhancedwireless-hdmi.png\" \/>\n\t<meta property=\"og:image:width\" content=\"626\" \/>\n\t<meta property=\"og:image:height\" content=\"650\" \/>\n\t<meta property=\"og:image:type\" content=\"image\/png\" \/>\n<meta name=\"twitter:card\" content=\"summary_large_image\" \/>\n<meta name=\"twitter:label1\" content=\"Est. reading time\" \/>\n\t<meta name=\"twitter:data1\" content=\"1 minute\" \/>\n<script type=\"application\/ld+json\" class=\"yoast-schema-graph\">{\"@context\":\"https:\/\/schema.org\",\"@graph\":[{\"@type\":\"WebPage\",\"@id\":\"https:\/\/mediatrade.fi\/en\/product\/mars-300-pro-enhanced-wireless-hdmi-2\/\",\"url\":\"https:\/\/mediatrade.fi\/en\/product\/mars-300-pro-enhanced-wireless-hdmi-2\/\",\"name\":\"MARS 300 PRO ENHANCED WIRELESS\u00a0HDMI - Mediatrade\",\"isPartOf\":{\"@id\":\"https:\/\/mediatrade.fi\/en\/#website\"},\"primaryImageOfPage\":{\"@id\":\"https:\/\/mediatrade.fi\/en\/product\/mars-300-pro-enhanced-wireless-hdmi-2\/#primaryimage\"},\"image\":{\"@id\":\"https:\/\/mediatrade.fi\/en\/product\/mars-300-pro-enhanced-wireless-hdmi-2\/#primaryimage\"},\"thumbnailUrl\":\"https:\/\/mediatrade.fi\/wp-content\/uploads\/2022\/04\/hollyland-mars300proenhancedwireless-hdmi.png\",\"datePublished\":\"2025-01-21T19:26:46+00:00\",\"dateModified\":\"2025-02-04T20:24:58+00:00\",\"description\":\"Hollyland on julkaissut uuden Mars 300 Pro -videolinkin. T\u00e4ss\u00e4 Enhanced-version l\u00e4hettimess\u00e4 on ulkoiset antennit,Standard-versiossa antennit ovat sis\u00e4\u00e4nrakennetut\",\"breadcrumb\":{\"@id\":\"https:\/\/mediatrade.fi\/en\/product\/mars-300-pro-enhanced-wireless-hdmi-2\/#breadcrumb\"},\"inLanguage\":\"en-US\",\"potentialAction\":[{\"@type\":\"ReadAction\",\"target\":[\"https:\/\/mediatrade.fi\/en\/product\/mars-300-pro-enhanced-wireless-hdmi-2\/\"]}]},{\"@type\":\"ImageObject\",\"inLanguage\":\"en-US\",\"@id\":\"https:\/\/mediatrade.fi\/en\/product\/mars-300-pro-enhanced-wireless-hdmi-2\/#primaryimage\",\"url\":\"https:\/\/mediatrade.fi\/wp-content\/uploads\/2022\/04\/hollyland-mars300proenhancedwireless-hdmi.png\",\"contentUrl\":\"https:\/\/mediatrade.fi\/wp-content\/uploads\/2022\/04\/hollyland-mars300proenhancedwireless-hdmi.png\",\"width\":626,\"height\":650},{\"@type\":\"BreadcrumbList\",\"@id\":\"https:\/\/mediatrade.fi\/en\/product\/mars-300-pro-enhanced-wireless-hdmi-2\/#breadcrumb\",\"itemListElement\":[{\"@type\":\"ListItem\",\"position\":1,\"name\":\"Front Page\",\"item\":\"https:\/\/mediatrade.fi\/en\/\"},{\"@type\":\"ListItem\",\"position\":2,\"name\":\"Shop\",\"item\":\"https:\/\/mediatrade.fi\/en\/shop\/\"},{\"@type\":\"ListItem\",\"position\":3,\"name\":\"MARS 300 PRO ENHANCED WIRELESS\u00a0HDMI\"}]},{\"@type\":\"WebSite\",\"@id\":\"https:\/\/mediatrade.fi\/en\/#website\",\"url\":\"https:\/\/mediatrade.fi\/en\/\",\"name\":\"Mediatrade\",\"description\":\"\",\"publisher\":{\"@id\":\"https:\/\/mediatrade.fi\/en\/#organization\"},\"potentialAction\":[{\"@type\":\"SearchAction\",\"target\":{\"@type\":\"EntryPoint\",\"urlTemplate\":\"https:\/\/mediatrade.fi\/en\/?s={search_term_string}\"},\"query-input\":{\"@type\":\"PropertyValueSpecification\",\"valueRequired\":true,\"valueName\":\"search_term_string\"}}],\"inLanguage\":\"en-US\"},{\"@type\":\"Organization\",\"@id\":\"https:\/\/mediatrade.fi\/en\/#organization\",\"name\":\"Mediatrade\",\"url\":\"https:\/\/mediatrade.fi\/en\/\",\"logo\":{\"@type\":\"ImageObject\",\"inLanguage\":\"en-US\",\"@id\":\"https:\/\/mediatrade.fi\/en\/#\/schema\/logo\/image\/\",\"url\":\"https:\/\/mediatrade.fi\/wp-content\/uploads\/2022\/04\/Group-640.svg\",\"contentUrl\":\"https:\/\/mediatrade.fi\/wp-content\/uploads\/2022\/04\/Group-640.svg\",\"width\":128,\"height\":43,\"caption\":\"Mediatrade\"},\"image\":{\"@id\":\"https:\/\/mediatrade.fi\/en\/#\/schema\/logo\/image\/\"}}]}<\/script>\n<!-- \/ Yoast SEO plugin. -->","yoast_head_json":{"title":"MARS 300 PRO ENHANCED WIRELESS\u00a0HDMI - Mediatrade","description":"Hollyland on julkaissut uuden Mars 300 Pro -videolinkin. T\u00e4ss\u00e4 Enhanced-version l\u00e4hettimess\u00e4 on ulkoiset antennit,Standard-versiossa antennit ovat sis\u00e4\u00e4nrakennetut","robots":{"index":"index","follow":"follow","max-snippet":"max-snippet:-1","max-image-preview":"max-image-preview:large","max-video-preview":"max-video-preview:-1"},"canonical":"https:\/\/mediatrade.fi\/en\/product\/mars-300-pro-enhanced-wireless-hdmi-2\/","og_locale":"en_US","og_type":"article","og_title":"MARS 300 PRO ENHANCED WIRELESS\u00a0HDMI - Mediatrade","og_description":"Hollyland on julkaissut uuden Mars 300 Pro -videolinkin. T\u00e4ss\u00e4 Enhanced-version l\u00e4hettimess\u00e4 on ulkoiset antennit,Standard-versiossa antennit ovat sis\u00e4\u00e4nrakennetut","og_url":"https:\/\/mediatrade.fi\/en\/product\/mars-300-pro-enhanced-wireless-hdmi-2\/","og_site_name":"Mediatrade","article_modified_time":"2025-02-04T20:24:58+00:00","og_image":[{"width":626,"height":650,"url":"https:\/\/mediatrade.fi\/wp-content\/uploads\/2022\/04\/hollyland-mars300proenhancedwireless-hdmi.png","type":"image\/png"}],"twitter_card":"summary_large_image","twitter_misc":{"Est. reading time":"1 minute"},"schema":{"@context":"https:\/\/schema.org","@graph":[{"@type":"WebPage","@id":"https:\/\/mediatrade.fi\/en\/product\/mars-300-pro-enhanced-wireless-hdmi-2\/","url":"https:\/\/mediatrade.fi\/en\/product\/mars-300-pro-enhanced-wireless-hdmi-2\/","name":"MARS 300 PRO ENHANCED WIRELESS\u00a0HDMI - Mediatrade","isPartOf":{"@id":"https:\/\/mediatrade.fi\/en\/#website"},"primaryImageOfPage":{"@id":"https:\/\/mediatrade.fi\/en\/product\/mars-300-pro-enhanced-wireless-hdmi-2\/#primaryimage"},"image":{"@id":"https:\/\/mediatrade.fi\/en\/product\/mars-300-pro-enhanced-wireless-hdmi-2\/#primaryimage"},"thumbnailUrl":"https:\/\/mediatrade.fi\/wp-content\/uploads\/2022\/04\/hollyland-mars300proenhancedwireless-hdmi.png","datePublished":"2025-01-21T19:26:46+00:00","dateModified":"2025-02-04T20:24:58+00:00","description":"Hollyland on julkaissut uuden Mars 300 Pro -videolinkin. T\u00e4ss\u00e4 Enhanced-version l\u00e4hettimess\u00e4 on ulkoiset antennit,Standard-versiossa antennit ovat sis\u00e4\u00e4nrakennetut","breadcrumb":{"@id":"https:\/\/mediatrade.fi\/en\/product\/mars-300-pro-enhanced-wireless-hdmi-2\/#breadcrumb"},"inLanguage":"en-US","potentialAction":[{"@type":"ReadAction","target":["https:\/\/mediatrade.fi\/en\/product\/mars-300-pro-enhanced-wireless-hdmi-2\/"]}]},{"@type":"ImageObject","inLanguage":"en-US","@id":"https:\/\/mediatrade.fi\/en\/product\/mars-300-pro-enhanced-wireless-hdmi-2\/#primaryimage","url":"https:\/\/mediatrade.fi\/wp-content\/uploads\/2022\/04\/hollyland-mars300proenhancedwireless-hdmi.png","contentUrl":"https:\/\/mediatrade.fi\/wp-content\/uploads\/2022\/04\/hollyland-mars300proenhancedwireless-hdmi.png","width":626,"height":650},{"@type":"BreadcrumbList","@id":"https:\/\/mediatrade.fi\/en\/product\/mars-300-pro-enhanced-wireless-hdmi-2\/#breadcrumb","itemListElement":[{"@type":"ListItem","position":1,"name":"Front Page","item":"https:\/\/mediatrade.fi\/en\/"},{"@type":"ListItem","position":2,"name":"Shop","item":"https:\/\/mediatrade.fi\/en\/shop\/"},{"@type":"ListItem","position":3,"name":"MARS 300 PRO ENHANCED WIRELESS\u00a0HDMI"}]},{"@type":"WebSite","@id":"https:\/\/mediatrade.fi\/en\/#website","url":"https:\/\/mediatrade.fi\/en\/","name":"Mediatrade","description":"","publisher":{"@id":"https:\/\/mediatrade.fi\/en\/#organization"},"potentialAction":[{"@type":"SearchAction","target":{"@type":"EntryPoint","urlTemplate":"https:\/\/mediatrade.fi\/en\/?s={search_term_string}"},"query-input":{"@type":"PropertyValueSpecification","valueRequired":true,"valueName":"search_term_string"}}],"inLanguage":"en-US"},{"@type":"Organization","@id":"https:\/\/mediatrade.fi\/en\/#organization","name":"Mediatrade","url":"https:\/\/mediatrade.fi\/en\/","logo":{"@type":"ImageObject","inLanguage":"en-US","@id":"https:\/\/mediatrade.fi\/en\/#\/schema\/logo\/image\/","url":"https:\/\/mediatrade.fi\/wp-content\/uploads\/2022\/04\/Group-640.svg","contentUrl":"https:\/\/mediatrade.fi\/wp-content\/uploads\/2022\/04\/Group-640.svg","width":128,"height":43,"caption":"Mediatrade"},"image":{"@id":"https:\/\/mediatrade.fi\/en\/#\/schema\/logo\/image\/"}}]}},"_links":{"self":[{"href":"https:\/\/mediatrade.fi\/en\/wp-json\/wp\/v2\/product\/392500","targetHints":{"allow":["GET"]}}],"collection":[{"href":"https:\/\/mediatrade.fi\/en\/wp-json\/wp\/v2\/product"}],"about":[{"href":"https:\/\/mediatrade.fi\/en\/wp-json\/wp\/v2\/types\/product"}],"wp:featuredmedia":[{"embeddable":true,"href":"https:\/\/mediatrade.fi\/en\/wp-json\/wp\/v2\/media\/40684"}],"wp:attachment":[{"href":"https:\/\/mediatrade.fi\/en\/wp-json\/wp\/v2\/media?parent=392500"}],"wp:term":[{"taxonomy":"product_brand","embeddable":true,"href":"https:\/\/mediatrade.fi\/en\/wp-json\/wp\/v2\/product_brand?post=392500"},{"taxonomy":"product_cat","embeddable":true,"href":"https:\/\/mediatrade.fi\/en\/wp-json\/wp\/v2\/product_cat?post=392500"},{"taxonomy":"product_tag","embeddable":true,"href":"https:\/\/mediatrade.fi\/en\/wp-json\/wp\/v2\/product_tag?post=392500"},{"taxonomy":"brands","embeddable":true,"href":"https:\/\/mediatrade.fi\/en\/wp-json\/wp\/v2\/brands?post=392500"},{"taxonomy":"id_product_type","embeddable":true,"href":"https:\/\/mediatrade.fi\/en\/wp-json\/wp\/v2\/id_product_type?post=392500"}],"curies":[{"name":"wp","href":"https:\/\/api.w.org\/{rel}","templated":true}]}}