{"id":392504,"date":"2022-06-09T11:19:26","date_gmt":"2025-01-21T19:26:49","guid":{"rendered":"https:\/\/mediatrade.fi\/tuote\/tilta-float-handheld-gimbal-support-system-v-mount-2\/"},"modified":"2026-01-23T12:31:34","modified_gmt":"2026-01-23T10:31:34","slug":"tilta-float-handheld-gimbal-support-system-v-mount-2","status":"publish","type":"product","link":"https:\/\/mediatrade.fi\/en\/product\/tilta-float-handheld-gimbal-support-system-v-mount-2\/","title":{"rendered":"Tilta FLOAT Handheld Gimbal Support System &#8211; V Mount"},"content":{"rendered":"\n<section class=\"block block-woocommerce-product-description container-fluid container-fluid \">\n    <div class=\"container\">\n        <div class=\"row\">\n            <div class=\"col-12 col-md-6 order-2 order-md-1 attachments-col\">\n                                <div style=\"height: 100%;\" class=\"oembed oembed-youtube\">        <div class=\"cookieconsent-optout-marketing\">            <a href=\"javascript:Cookiebot.renew()\">Hyv\u00e4ksy markkinointiev\u00e4steet<\/a>            katsoaksesi videon.        <\/div><iframe title=\"Tilta | How to Use Float System\" width=\"840\" height=\"473\" src=\"https:\/\/www.youtube.com\/embed\/bGrmsKYakmg?feature=oembed\" frameborder=\"0\" allow=\"accelerometer; autoplay; clipboard-write; encrypted-media; gyroscope; picture-in-picture; web-share\" allowfullscreen><\/iframe><\/div>            <\/div>\n\n            <div class=\"col-12 col-md-5 offset-md-1 order-1 order-md-2\">\n                <main class=\"entry-content\">\n                    \n\n<h2 class=\"wp-block-heading\">Tuotetiedot<\/h2>\n\n\n\n<p>The Tilta Float System works in conjunction with the DJI RS 2 and RS3 Pro\u00a0to provide a small, compact camera stabilizer system to allow you to accomplish smooth cinematic camera movements with smaller camera\u00a0setups. The counterweight-based post provides further stabilization for your setup beyond what the gimbal is already doing to allow for the smoothest possible free flowing camera movement\u00a0imaginable.<\/p>\n\n\n\n<p>The included Wireless Thumb Controller allows you to wirelessly control the Ronin as well as a Nucleus M or Nucleus Nano follow focus\u00a0motor. The Controller powers via Go Pro 5-8 batteries and features a USB-C port that can be used for future firmware updates. Please note we do not recommend powering the unit via this\u00a0port.<\/p>\n\n\n\n<p>The included Lower Back Support and Single Shoulder Strap provides additional weight distribution ensuring comfortable operation over any\u00a0duration. Multiple power options provide more flexibly when powering the Ronin. The system can power the gimbal via Gold Mount, V-Mount, TB50, or the Battery Handle itself via optional\u00a0accessories.<\/p>\n\n\n\n<p>The Float is compatible with any gimbal under the weight limit that can mount via 1\/4\u2033-20 threads and can power via 2 Pin Lemo or an internal battery, however, it can only wirelessly control the RS2 and RS3\u00a0Pro.<\/p>\n\n\n\n<p>It is\u00a0not\u00a0recommended to use gimbals larger than what could be classified as \u201chandheld\u201d such the Movi\u00a0Pro. Even if the total weight is under 10kg, the system will have trouble supporting gimbals physically larger than the DJI Ronin RS Series\u00a0gimbals.<\/p>\n\n\n\n<h3 class=\"wp-block-heading\">Pakkauksessa<\/h3>\n\n\n\n<ul class=\"wp-block-list\">\n<li>Tilta Float System Arm\uff08GSS-T01-ARM\uff09<\/li>\n\n\n\n<li>Tilta Float System Post\uff08GSS-T01-PST\uff09<\/li>\n\n\n\n<li>Power Supply Base Plate for RS 2 (TGA-PBP) with cable<\/li>\n\n\n\n<li>Tilta Float System V Mount Battery Plate\uff08GSS-T01-BPV\uff09<\/li>\n\n\n\n<li>2-Pin Lemo to 2-Pin Lemo Cable\uff0820 cm)\uff08TCB-2LE-2LE-20\uff09<\/li>\n\n\n\n<li>Tilta Float System Support Vest\uff08GSS-T01-SV\uff09<\/li>\n\n\n\n<li>Wireless Thumb Controller for RS 2(GSS-T01-WTC)<\/li>\n\n\n\n<li>Wireless Control Receiver Module for RS 2(TGA-WCR)<\/li>\n\n\n\n<li>Tilta Float System Monitor Bracket(GSS-T01-MB)<\/li>\n\n\n\n<li>Tilta Float System Carrying Case (GSS-T01-CC)<\/li>\n\n\n\n<li>Adjustable Cold Shoe Phone Mounting Bracket (TA-PMB-B\uff09<\/li>\n\n\n\n<li>Tool Kit for Tilta Float System\uff08GSS-T01-TK\uff09<\/li>\n\n\n\n<li>Tilta Float System Cross NATO Rail Post Mount\uff08GSS-T01-CPM)<\/li>\n\n\n\n<li>Tilta Float System Baby Pin Docking Adapter\uff08GSS-T01-PDA)<\/li>\n<\/ul>\n\n\n                <\/main>\n            <\/div>\n        <\/div>\n    <\/div>\n<\/section>\n\n\n\n","protected":false},"excerpt":{"rendered":"","protected":false},"featured_media":41109,"template":"","meta":{"_acf_changed":false,"_relevanssi_hide_post":"","_relevanssi_hide_content":"","_relevanssi_pin_for_all":"","_relevanssi_pin_keywords":"","_relevanssi_unpin_keywords":"","_relevanssi_related_keywords":"","_relevanssi_related_include_ids":"","_relevanssi_related_exclude_ids":"","_relevanssi_related_no_append":"","_relevanssi_related_not_related":"","_relevanssi_related_posts":"","_relevanssi_noindex_reason":""},"product_brand":[],"product_cat":[2486,3476,15,221,41,3473],"product_tag":[5128,5129,2625,2490,838,2627,2408,1885],"brands":[664],"id_product_type":[],"class_list":{"0":"post-392504","1":"product","2":"type-product","3":"status-publish","4":"has-post-thumbnail","6":"product_cat-all-products","7":"product_cat-cameras-and-equipment","8":"product_cat-kaikki","9":"product_cat-kamerat-tarvikkeet","10":"product_cat-kuva","11":"product_cat-video","12":"product_tag-camera-movement","13":"product_tag-float","14":"product_tag-float-handheld-gimbal-support-system","15":"product_tag-mediatrade-en","16":"product_tag-mediatrade","17":"product_tag-support-system","18":"product_tag-tilta","19":"product_tag-v-mount","21":"first","22":"onbackorder","23":"taxable","24":"shipping-taxable","25":"purchasable","26":"product-type-simple"},"bundled_by":[],"bundle_stock_status":"onbackorder","bundle_stock_quantity":0,"bundle_virtual":false,"bundle_layout":"","bundle_add_to_cart_form_location":"","bundle_editable_in_cart":false,"bundle_sold_individually_context":"","bundle_item_grouping":"","bundle_min_size":"","bundle_max_size":"","bundle_price":[],"bundled_items":[],"bundle_sell_ids":[],"acf":[],"yoast_head":"<!-- This site is optimized with the Yoast SEO plugin v27.1.1 - https:\/\/yoast.com\/product\/yoast-seo-wordpress\/ -->\n<title>Tilta FLOAT Handheld Gimbal Support System - V Mount - Mediatrade<\/title>\n<meta name=\"description\" content=\"V-mount-kiinnitys. Alta l\u00f6yd\u00e4t linkin my\u00f6s Gold-mountilliseen versioon.\" \/>\n<meta name=\"robots\" content=\"index, follow, max-snippet:-1, max-image-preview:large, max-video-preview:-1\" \/>\n<link rel=\"canonical\" href=\"https:\/\/mediatrade.fi\/en\/product\/tilta-float-handheld-gimbal-support-system-v-mount-2\/\" \/>\n<meta property=\"og:locale\" content=\"en_US\" \/>\n<meta property=\"og:type\" content=\"article\" \/>\n<meta property=\"og:title\" content=\"Tilta FLOAT Handheld Gimbal Support System - V Mount - Mediatrade\" \/>\n<meta property=\"og:description\" content=\"V-mount-kiinnitys. Alta l\u00f6yd\u00e4t linkin my\u00f6s Gold-mountilliseen versioon.\" \/>\n<meta property=\"og:url\" content=\"https:\/\/mediatrade.fi\/en\/product\/tilta-float-handheld-gimbal-support-system-v-mount-2\/\" \/>\n<meta property=\"og:site_name\" content=\"Mediatrade\" \/>\n<meta property=\"article:modified_time\" content=\"2026-01-23T10:31:34+00:00\" \/>\n<meta property=\"og:image\" content=\"https:\/\/mediatrade.fi\/wp-content\/uploads\/2022\/04\/tilta-tiltafloathandheldgimbalsupportsystemv-mount_1.jpg\" \/>\n\t<meta property=\"og:image:width\" content=\"726\" \/>\n\t<meta property=\"og:image:height\" content=\"662\" \/>\n\t<meta property=\"og:image:type\" content=\"image\/jpeg\" \/>\n<meta name=\"twitter:card\" content=\"summary_large_image\" \/>\n<meta name=\"twitter:label1\" content=\"Est. reading time\" \/>\n\t<meta name=\"twitter:data1\" content=\"3 minutes\" \/>\n<script type=\"application\/ld+json\" class=\"yoast-schema-graph\">{\"@context\":\"https:\/\/schema.org\",\"@graph\":[{\"@type\":\"WebPage\",\"@id\":\"https:\/\/mediatrade.fi\/en\/product\/tilta-float-handheld-gimbal-support-system-v-mount-2\/\",\"url\":\"https:\/\/mediatrade.fi\/en\/product\/tilta-float-handheld-gimbal-support-system-v-mount-2\/\",\"name\":\"Tilta FLOAT Handheld Gimbal Support System - V Mount - Mediatrade\",\"isPartOf\":{\"@id\":\"https:\/\/mediatrade.fi\/en\/#website\"},\"primaryImageOfPage\":{\"@id\":\"https:\/\/mediatrade.fi\/en\/product\/tilta-float-handheld-gimbal-support-system-v-mount-2\/#primaryimage\"},\"image\":{\"@id\":\"https:\/\/mediatrade.fi\/en\/product\/tilta-float-handheld-gimbal-support-system-v-mount-2\/#primaryimage\"},\"thumbnailUrl\":\"https:\/\/mediatrade.fi\/wp-content\/uploads\/2022\/04\/tilta-tiltafloathandheldgimbalsupportsystemv-mount_1.jpg\",\"datePublished\":\"2025-01-21T19:26:49+00:00\",\"dateModified\":\"2026-01-23T10:31:34+00:00\",\"description\":\"V-mount-kiinnitys. Alta l\u00f6yd\u00e4t linkin my\u00f6s Gold-mountilliseen versioon.\",\"breadcrumb\":{\"@id\":\"https:\/\/mediatrade.fi\/en\/product\/tilta-float-handheld-gimbal-support-system-v-mount-2\/#breadcrumb\"},\"inLanguage\":\"en-US\",\"potentialAction\":[{\"@type\":\"ReadAction\",\"target\":[\"https:\/\/mediatrade.fi\/en\/product\/tilta-float-handheld-gimbal-support-system-v-mount-2\/\"]}]},{\"@type\":\"ImageObject\",\"inLanguage\":\"en-US\",\"@id\":\"https:\/\/mediatrade.fi\/en\/product\/tilta-float-handheld-gimbal-support-system-v-mount-2\/#primaryimage\",\"url\":\"https:\/\/mediatrade.fi\/wp-content\/uploads\/2022\/04\/tilta-tiltafloathandheldgimbalsupportsystemv-mount_1.jpg\",\"contentUrl\":\"https:\/\/mediatrade.fi\/wp-content\/uploads\/2022\/04\/tilta-tiltafloathandheldgimbalsupportsystemv-mount_1.jpg\",\"width\":726,\"height\":662},{\"@type\":\"BreadcrumbList\",\"@id\":\"https:\/\/mediatrade.fi\/en\/product\/tilta-float-handheld-gimbal-support-system-v-mount-2\/#breadcrumb\",\"itemListElement\":[{\"@type\":\"ListItem\",\"position\":1,\"name\":\"Front Page\",\"item\":\"https:\/\/mediatrade.fi\/en\/\"},{\"@type\":\"ListItem\",\"position\":2,\"name\":\"Shop\",\"item\":\"https:\/\/mediatrade.fi\/en\/shop\/\"},{\"@type\":\"ListItem\",\"position\":3,\"name\":\"Tilta FLOAT Handheld Gimbal Support System &#8211; V Mount\"}]},{\"@type\":\"WebSite\",\"@id\":\"https:\/\/mediatrade.fi\/en\/#website\",\"url\":\"https:\/\/mediatrade.fi\/en\/\",\"name\":\"Mediatrade\",\"description\":\"\",\"publisher\":{\"@id\":\"https:\/\/mediatrade.fi\/en\/#organization\"},\"potentialAction\":[{\"@type\":\"SearchAction\",\"target\":{\"@type\":\"EntryPoint\",\"urlTemplate\":\"https:\/\/mediatrade.fi\/en\/?s={search_term_string}\"},\"query-input\":{\"@type\":\"PropertyValueSpecification\",\"valueRequired\":true,\"valueName\":\"search_term_string\"}}],\"inLanguage\":\"en-US\"},{\"@type\":\"Organization\",\"@id\":\"https:\/\/mediatrade.fi\/en\/#organization\",\"name\":\"Mediatrade\",\"url\":\"https:\/\/mediatrade.fi\/en\/\",\"logo\":{\"@type\":\"ImageObject\",\"inLanguage\":\"en-US\",\"@id\":\"https:\/\/mediatrade.fi\/en\/#\/schema\/logo\/image\/\",\"url\":\"https:\/\/mediatrade.fi\/wp-content\/uploads\/2022\/04\/Group-640.svg\",\"contentUrl\":\"https:\/\/mediatrade.fi\/wp-content\/uploads\/2022\/04\/Group-640.svg\",\"width\":128,\"height\":43,\"caption\":\"Mediatrade\"},\"image\":{\"@id\":\"https:\/\/mediatrade.fi\/en\/#\/schema\/logo\/image\/\"}}]}<\/script>\n<!-- \/ Yoast SEO plugin. -->","yoast_head_json":{"title":"Tilta FLOAT Handheld Gimbal Support System - V Mount - Mediatrade","description":"V-mount-kiinnitys. Alta l\u00f6yd\u00e4t linkin my\u00f6s Gold-mountilliseen versioon.","robots":{"index":"index","follow":"follow","max-snippet":"max-snippet:-1","max-image-preview":"max-image-preview:large","max-video-preview":"max-video-preview:-1"},"canonical":"https:\/\/mediatrade.fi\/en\/product\/tilta-float-handheld-gimbal-support-system-v-mount-2\/","og_locale":"en_US","og_type":"article","og_title":"Tilta FLOAT Handheld Gimbal Support System - V Mount - Mediatrade","og_description":"V-mount-kiinnitys. Alta l\u00f6yd\u00e4t linkin my\u00f6s Gold-mountilliseen versioon.","og_url":"https:\/\/mediatrade.fi\/en\/product\/tilta-float-handheld-gimbal-support-system-v-mount-2\/","og_site_name":"Mediatrade","article_modified_time":"2026-01-23T10:31:34+00:00","og_image":[{"width":726,"height":662,"url":"https:\/\/mediatrade.fi\/wp-content\/uploads\/2022\/04\/tilta-tiltafloathandheldgimbalsupportsystemv-mount_1.jpg","type":"image\/jpeg"}],"twitter_card":"summary_large_image","twitter_misc":{"Est. reading time":"3 minutes"},"schema":{"@context":"https:\/\/schema.org","@graph":[{"@type":"WebPage","@id":"https:\/\/mediatrade.fi\/en\/product\/tilta-float-handheld-gimbal-support-system-v-mount-2\/","url":"https:\/\/mediatrade.fi\/en\/product\/tilta-float-handheld-gimbal-support-system-v-mount-2\/","name":"Tilta FLOAT Handheld Gimbal Support System - V Mount - Mediatrade","isPartOf":{"@id":"https:\/\/mediatrade.fi\/en\/#website"},"primaryImageOfPage":{"@id":"https:\/\/mediatrade.fi\/en\/product\/tilta-float-handheld-gimbal-support-system-v-mount-2\/#primaryimage"},"image":{"@id":"https:\/\/mediatrade.fi\/en\/product\/tilta-float-handheld-gimbal-support-system-v-mount-2\/#primaryimage"},"thumbnailUrl":"https:\/\/mediatrade.fi\/wp-content\/uploads\/2022\/04\/tilta-tiltafloathandheldgimbalsupportsystemv-mount_1.jpg","datePublished":"2025-01-21T19:26:49+00:00","dateModified":"2026-01-23T10:31:34+00:00","description":"V-mount-kiinnitys. Alta l\u00f6yd\u00e4t linkin my\u00f6s Gold-mountilliseen versioon.","breadcrumb":{"@id":"https:\/\/mediatrade.fi\/en\/product\/tilta-float-handheld-gimbal-support-system-v-mount-2\/#breadcrumb"},"inLanguage":"en-US","potentialAction":[{"@type":"ReadAction","target":["https:\/\/mediatrade.fi\/en\/product\/tilta-float-handheld-gimbal-support-system-v-mount-2\/"]}]},{"@type":"ImageObject","inLanguage":"en-US","@id":"https:\/\/mediatrade.fi\/en\/product\/tilta-float-handheld-gimbal-support-system-v-mount-2\/#primaryimage","url":"https:\/\/mediatrade.fi\/wp-content\/uploads\/2022\/04\/tilta-tiltafloathandheldgimbalsupportsystemv-mount_1.jpg","contentUrl":"https:\/\/mediatrade.fi\/wp-content\/uploads\/2022\/04\/tilta-tiltafloathandheldgimbalsupportsystemv-mount_1.jpg","width":726,"height":662},{"@type":"BreadcrumbList","@id":"https:\/\/mediatrade.fi\/en\/product\/tilta-float-handheld-gimbal-support-system-v-mount-2\/#breadcrumb","itemListElement":[{"@type":"ListItem","position":1,"name":"Front Page","item":"https:\/\/mediatrade.fi\/en\/"},{"@type":"ListItem","position":2,"name":"Shop","item":"https:\/\/mediatrade.fi\/en\/shop\/"},{"@type":"ListItem","position":3,"name":"Tilta FLOAT Handheld Gimbal Support System &#8211; V Mount"}]},{"@type":"WebSite","@id":"https:\/\/mediatrade.fi\/en\/#website","url":"https:\/\/mediatrade.fi\/en\/","name":"Mediatrade","description":"","publisher":{"@id":"https:\/\/mediatrade.fi\/en\/#organization"},"potentialAction":[{"@type":"SearchAction","target":{"@type":"EntryPoint","urlTemplate":"https:\/\/mediatrade.fi\/en\/?s={search_term_string}"},"query-input":{"@type":"PropertyValueSpecification","valueRequired":true,"valueName":"search_term_string"}}],"inLanguage":"en-US"},{"@type":"Organization","@id":"https:\/\/mediatrade.fi\/en\/#organization","name":"Mediatrade","url":"https:\/\/mediatrade.fi\/en\/","logo":{"@type":"ImageObject","inLanguage":"en-US","@id":"https:\/\/mediatrade.fi\/en\/#\/schema\/logo\/image\/","url":"https:\/\/mediatrade.fi\/wp-content\/uploads\/2022\/04\/Group-640.svg","contentUrl":"https:\/\/mediatrade.fi\/wp-content\/uploads\/2022\/04\/Group-640.svg","width":128,"height":43,"caption":"Mediatrade"},"image":{"@id":"https:\/\/mediatrade.fi\/en\/#\/schema\/logo\/image\/"}}]}},"_links":{"self":[{"href":"https:\/\/mediatrade.fi\/en\/wp-json\/wp\/v2\/product\/392504","targetHints":{"allow":["GET"]}}],"collection":[{"href":"https:\/\/mediatrade.fi\/en\/wp-json\/wp\/v2\/product"}],"about":[{"href":"https:\/\/mediatrade.fi\/en\/wp-json\/wp\/v2\/types\/product"}],"wp:featuredmedia":[{"embeddable":true,"href":"https:\/\/mediatrade.fi\/en\/wp-json\/wp\/v2\/media\/41109"}],"wp:attachment":[{"href":"https:\/\/mediatrade.fi\/en\/wp-json\/wp\/v2\/media?parent=392504"}],"wp:term":[{"taxonomy":"product_brand","embeddable":true,"href":"https:\/\/mediatrade.fi\/en\/wp-json\/wp\/v2\/product_brand?post=392504"},{"taxonomy":"product_cat","embeddable":true,"href":"https:\/\/mediatrade.fi\/en\/wp-json\/wp\/v2\/product_cat?post=392504"},{"taxonomy":"product_tag","embeddable":true,"href":"https:\/\/mediatrade.fi\/en\/wp-json\/wp\/v2\/product_tag?post=392504"},{"taxonomy":"brands","embeddable":true,"href":"https:\/\/mediatrade.fi\/en\/wp-json\/wp\/v2\/brands?post=392504"},{"taxonomy":"id_product_type","embeddable":true,"href":"https:\/\/mediatrade.fi\/en\/wp-json\/wp\/v2\/id_product_type?post=392504"}],"curies":[{"name":"wp","href":"https:\/\/api.w.org\/{rel}","templated":true}]}}