{"id":392533,"date":"2022-06-07T11:02:47","date_gmt":"2025-01-21T19:27:18","guid":{"rendered":"https:\/\/mediatrade.fi\/tuote\/decklink-duo-2-mini-2\/"},"modified":"2026-04-20T07:26:24","modified_gmt":"2026-04-20T04:26:24","slug":"decklink-duo-2-mini-2","status":"publish","type":"product","link":"https:\/\/mediatrade.fi\/en\/product\/decklink-duo-2-mini-2\/","title":{"rendered":"DeckLink Duo 2 Mini"},"content":{"rendered":"\n<section class=\"block block-woocommerce-product-description container-fluid container-fluid \">\n    <div class=\"container\">\n        <div class=\"row\">\n            <div class=\"col-12 col-md-6 order-2 order-md-1 attachments-col\">\n                                            <\/div>\n\n            <div class=\"col-12 col-md-5 offset-md-1 order-1 order-md-2\">\n                <main class=\"entry-content\">\n                    \n\n<h2 class=\"wp-block-heading\">Tuotetiedot<\/h2>\n\n\n\n<p>Blackmagic Design Decklink Duo 2 Mini sis\u00e4lt\u00e4\u00e4 itseasiassa 4kpl Decklink 3G-SDI -korttia. Jokainen liit\u00e4nt\u00e4 n\u00e4kyy k\u00e4ytt\u00f6j\u00e4rjestelm\u00e4lle omana videolaitteena. Jokainen kanava voidaan konfiguroida joko tuloksi tai l\u00e4hd\u00f6ksi ja jokainen kanava voi olla eri videoformaattia. 3G-SDI tuki max. 50\/60P 1920\u00d71080. Sopii j\u00e4rjestestelmiin miss\u00e4 tarvitaan useita videotuloja tai l\u00e4ht\u00f6j\u00e4.<\/p>\n\n\n\n<p>Low Profile PCIe 4 lane kortti: PCI Express 4 lane generation 2, compatible with 4, 8 and 16 lane PCI Express slots.<\/p>\n\n\n\n<p>4x mini BNC SDI-liittimet + reference Tri-Sync input liit\u00e4nn\u00e4t<\/p>\n\n\n\n<p>Windows 10, Windows 7, Apple OSX, Linux yhteensopivuudet<\/p>\n\n\n                <\/main>\n            <\/div>\n        <\/div>\n    <\/div>\n<\/section>\n\n\n\n","protected":false},"excerpt":{"rendered":"","protected":false},"featured_media":89495,"template":"","meta":{"_acf_changed":false,"_relevanssi_hide_post":"","_relevanssi_hide_content":"","_relevanssi_pin_for_all":"","_relevanssi_pin_keywords":"","_relevanssi_unpin_keywords":"","_relevanssi_related_keywords":"","_relevanssi_related_include_ids":"","_relevanssi_related_exclude_ids":"","_relevanssi_related_no_append":"","_relevanssi_related_not_related":"","_relevanssi_related_posts":"","_relevanssi_noindex_reason":""},"product_brand":[],"product_cat":[2486,9057,15,8189],"product_tag":[2490],"brands":[708],"id_product_type":[],"class_list":{"0":"post-392533","1":"product","2":"type-product","3":"status-publish","4":"has-post-thumbnail","6":"product_cat-all-products","7":"product_cat-in-store","8":"product_cat-kaikki","9":"product_cat-varastossa","10":"product_tag-mediatrade-en","12":"first","13":"instock","14":"taxable","15":"shipping-taxable","16":"purchasable","17":"product-type-simple"},"bundled_by":[],"bundle_stock_status":"instock","bundle_stock_quantity":2,"bundle_virtual":false,"bundle_layout":"","bundle_add_to_cart_form_location":"","bundle_editable_in_cart":false,"bundle_sold_individually_context":"","bundle_item_grouping":"","bundle_min_size":"","bundle_max_size":"","bundle_price":[],"bundled_items":[],"bundle_sell_ids":[],"acf":[],"yoast_head":"<!-- This site is optimized with the Yoast SEO plugin v27.4 - https:\/\/yoast.com\/product\/yoast-seo-wordpress\/ -->\n<title>DeckLink Duo 2 Mini - Mediatrade<\/title>\n<meta name=\"description\" content=\"Blackmagic Design Decklink Duo 2 Mini sis\u00e4lt\u00e4\u00e4 itseasiassa 4kpl Decklink 3G-SDI -korttia.\" \/>\n<meta name=\"robots\" content=\"index, follow, max-snippet:-1, max-image-preview:large, max-video-preview:-1\" \/>\n<link rel=\"canonical\" href=\"https:\/\/mediatrade.fi\/en\/product\/decklink-duo-2-mini-2\/\" \/>\n<meta property=\"og:locale\" content=\"en_US\" \/>\n<meta property=\"og:type\" content=\"article\" \/>\n<meta property=\"og:title\" content=\"DeckLink Duo 2 Mini - Mediatrade\" \/>\n<meta property=\"og:description\" content=\"Blackmagic Design Decklink Duo 2 Mini sis\u00e4lt\u00e4\u00e4 itseasiassa 4kpl Decklink 3G-SDI -korttia.\" \/>\n<meta property=\"og:url\" content=\"https:\/\/mediatrade.fi\/en\/product\/decklink-duo-2-mini-2\/\" \/>\n<meta property=\"og:site_name\" content=\"Mediatrade\" \/>\n<meta property=\"article:modified_time\" content=\"2026-04-20T04:26:24+00:00\" \/>\n<meta property=\"og:image\" content=\"https:\/\/mediatrade.fi\/wp-content\/uploads\/2022\/05\/BM-DeckLinkDuo2Mini-BDLKDUO2LP.w610.h610.fill_.webp\" \/>\n\t<meta property=\"og:image:width\" content=\"610\" \/>\n\t<meta property=\"og:image:height\" content=\"610\" \/>\n\t<meta property=\"og:image:type\" content=\"image\/webp\" \/>\n<meta name=\"twitter:card\" content=\"summary_large_image\" \/>\n<meta name=\"twitter:label1\" content=\"Est. reading time\" \/>\n\t<meta name=\"twitter:data1\" content=\"1 minute\" \/>\n<script type=\"application\/ld+json\" class=\"yoast-schema-graph\">{\"@context\":\"https:\\\/\\\/schema.org\",\"@graph\":[{\"@type\":\"WebPage\",\"@id\":\"https:\\\/\\\/mediatrade.fi\\\/en\\\/product\\\/decklink-duo-2-mini-2\\\/\",\"url\":\"https:\\\/\\\/mediatrade.fi\\\/en\\\/product\\\/decklink-duo-2-mini-2\\\/\",\"name\":\"DeckLink Duo 2 Mini - Mediatrade\",\"isPartOf\":{\"@id\":\"https:\\\/\\\/mediatrade.fi\\\/en\\\/#website\"},\"primaryImageOfPage\":{\"@id\":\"https:\\\/\\\/mediatrade.fi\\\/en\\\/product\\\/decklink-duo-2-mini-2\\\/#primaryimage\"},\"image\":{\"@id\":\"https:\\\/\\\/mediatrade.fi\\\/en\\\/product\\\/decklink-duo-2-mini-2\\\/#primaryimage\"},\"thumbnailUrl\":\"https:\\\/\\\/mediatrade.fi\\\/wp-content\\\/uploads\\\/2022\\\/05\\\/BM-DeckLinkDuo2Mini-BDLKDUO2LP.w610.h610.fill_.webp\",\"datePublished\":\"2025-01-21T19:27:18+00:00\",\"dateModified\":\"2026-04-20T04:26:24+00:00\",\"description\":\"Blackmagic Design Decklink Duo 2 Mini sis\u00e4lt\u00e4\u00e4 itseasiassa 4kpl Decklink 3G-SDI -korttia.\",\"breadcrumb\":{\"@id\":\"https:\\\/\\\/mediatrade.fi\\\/en\\\/product\\\/decklink-duo-2-mini-2\\\/#breadcrumb\"},\"inLanguage\":\"en-US\",\"potentialAction\":[{\"@type\":\"ReadAction\",\"target\":[\"https:\\\/\\\/mediatrade.fi\\\/en\\\/product\\\/decklink-duo-2-mini-2\\\/\"]}]},{\"@type\":\"ImageObject\",\"inLanguage\":\"en-US\",\"@id\":\"https:\\\/\\\/mediatrade.fi\\\/en\\\/product\\\/decklink-duo-2-mini-2\\\/#primaryimage\",\"url\":\"https:\\\/\\\/mediatrade.fi\\\/wp-content\\\/uploads\\\/2022\\\/05\\\/BM-DeckLinkDuo2Mini-BDLKDUO2LP.w610.h610.fill_.webp\",\"contentUrl\":\"https:\\\/\\\/mediatrade.fi\\\/wp-content\\\/uploads\\\/2022\\\/05\\\/BM-DeckLinkDuo2Mini-BDLKDUO2LP.w610.h610.fill_.webp\",\"width\":610,\"height\":610},{\"@type\":\"BreadcrumbList\",\"@id\":\"https:\\\/\\\/mediatrade.fi\\\/en\\\/product\\\/decklink-duo-2-mini-2\\\/#breadcrumb\",\"itemListElement\":[{\"@type\":\"ListItem\",\"position\":1,\"name\":\"Front Page\",\"item\":\"https:\\\/\\\/mediatrade.fi\\\/en\\\/\"},{\"@type\":\"ListItem\",\"position\":2,\"name\":\"Shop\",\"item\":\"https:\\\/\\\/mediatrade.fi\\\/en\\\/shop\\\/\"},{\"@type\":\"ListItem\",\"position\":3,\"name\":\"DeckLink Duo 2 Mini\"}]},{\"@type\":\"WebSite\",\"@id\":\"https:\\\/\\\/mediatrade.fi\\\/en\\\/#website\",\"url\":\"https:\\\/\\\/mediatrade.fi\\\/en\\\/\",\"name\":\"Mediatrade\",\"description\":\"\",\"publisher\":{\"@id\":\"https:\\\/\\\/mediatrade.fi\\\/en\\\/#organization\"},\"potentialAction\":[{\"@type\":\"SearchAction\",\"target\":{\"@type\":\"EntryPoint\",\"urlTemplate\":\"https:\\\/\\\/mediatrade.fi\\\/en\\\/?s={search_term_string}\"},\"query-input\":{\"@type\":\"PropertyValueSpecification\",\"valueRequired\":true,\"valueName\":\"search_term_string\"}}],\"inLanguage\":\"en-US\"},{\"@type\":\"Organization\",\"@id\":\"https:\\\/\\\/mediatrade.fi\\\/en\\\/#organization\",\"name\":\"Mediatrade\",\"url\":\"https:\\\/\\\/mediatrade.fi\\\/en\\\/\",\"logo\":{\"@type\":\"ImageObject\",\"inLanguage\":\"en-US\",\"@id\":\"https:\\\/\\\/mediatrade.fi\\\/en\\\/#\\\/schema\\\/logo\\\/image\\\/\",\"url\":\"https:\\\/\\\/mediatrade.fi\\\/wp-content\\\/uploads\\\/2022\\\/04\\\/Group-640.svg\",\"contentUrl\":\"https:\\\/\\\/mediatrade.fi\\\/wp-content\\\/uploads\\\/2022\\\/04\\\/Group-640.svg\",\"width\":128,\"height\":43,\"caption\":\"Mediatrade\"},\"image\":{\"@id\":\"https:\\\/\\\/mediatrade.fi\\\/en\\\/#\\\/schema\\\/logo\\\/image\\\/\"}}]}<\/script>\n<!-- \/ Yoast SEO plugin. -->","yoast_head_json":{"title":"DeckLink Duo 2 Mini - Mediatrade","description":"Blackmagic Design Decklink Duo 2 Mini sis\u00e4lt\u00e4\u00e4 itseasiassa 4kpl Decklink 3G-SDI -korttia.","robots":{"index":"index","follow":"follow","max-snippet":"max-snippet:-1","max-image-preview":"max-image-preview:large","max-video-preview":"max-video-preview:-1"},"canonical":"https:\/\/mediatrade.fi\/en\/product\/decklink-duo-2-mini-2\/","og_locale":"en_US","og_type":"article","og_title":"DeckLink Duo 2 Mini - Mediatrade","og_description":"Blackmagic Design Decklink Duo 2 Mini sis\u00e4lt\u00e4\u00e4 itseasiassa 4kpl Decklink 3G-SDI -korttia.","og_url":"https:\/\/mediatrade.fi\/en\/product\/decklink-duo-2-mini-2\/","og_site_name":"Mediatrade","article_modified_time":"2026-04-20T04:26:24+00:00","og_image":[{"width":610,"height":610,"url":"https:\/\/mediatrade.fi\/wp-content\/uploads\/2022\/05\/BM-DeckLinkDuo2Mini-BDLKDUO2LP.w610.h610.fill_.webp","type":"image\/webp"}],"twitter_card":"summary_large_image","twitter_misc":{"Est. reading time":"1 minute"},"schema":{"@context":"https:\/\/schema.org","@graph":[{"@type":"WebPage","@id":"https:\/\/mediatrade.fi\/en\/product\/decklink-duo-2-mini-2\/","url":"https:\/\/mediatrade.fi\/en\/product\/decklink-duo-2-mini-2\/","name":"DeckLink Duo 2 Mini - Mediatrade","isPartOf":{"@id":"https:\/\/mediatrade.fi\/en\/#website"},"primaryImageOfPage":{"@id":"https:\/\/mediatrade.fi\/en\/product\/decklink-duo-2-mini-2\/#primaryimage"},"image":{"@id":"https:\/\/mediatrade.fi\/en\/product\/decklink-duo-2-mini-2\/#primaryimage"},"thumbnailUrl":"https:\/\/mediatrade.fi\/wp-content\/uploads\/2022\/05\/BM-DeckLinkDuo2Mini-BDLKDUO2LP.w610.h610.fill_.webp","datePublished":"2025-01-21T19:27:18+00:00","dateModified":"2026-04-20T04:26:24+00:00","description":"Blackmagic Design Decklink Duo 2 Mini sis\u00e4lt\u00e4\u00e4 itseasiassa 4kpl Decklink 3G-SDI -korttia.","breadcrumb":{"@id":"https:\/\/mediatrade.fi\/en\/product\/decklink-duo-2-mini-2\/#breadcrumb"},"inLanguage":"en-US","potentialAction":[{"@type":"ReadAction","target":["https:\/\/mediatrade.fi\/en\/product\/decklink-duo-2-mini-2\/"]}]},{"@type":"ImageObject","inLanguage":"en-US","@id":"https:\/\/mediatrade.fi\/en\/product\/decklink-duo-2-mini-2\/#primaryimage","url":"https:\/\/mediatrade.fi\/wp-content\/uploads\/2022\/05\/BM-DeckLinkDuo2Mini-BDLKDUO2LP.w610.h610.fill_.webp","contentUrl":"https:\/\/mediatrade.fi\/wp-content\/uploads\/2022\/05\/BM-DeckLinkDuo2Mini-BDLKDUO2LP.w610.h610.fill_.webp","width":610,"height":610},{"@type":"BreadcrumbList","@id":"https:\/\/mediatrade.fi\/en\/product\/decklink-duo-2-mini-2\/#breadcrumb","itemListElement":[{"@type":"ListItem","position":1,"name":"Front Page","item":"https:\/\/mediatrade.fi\/en\/"},{"@type":"ListItem","position":2,"name":"Shop","item":"https:\/\/mediatrade.fi\/en\/shop\/"},{"@type":"ListItem","position":3,"name":"DeckLink Duo 2 Mini"}]},{"@type":"WebSite","@id":"https:\/\/mediatrade.fi\/en\/#website","url":"https:\/\/mediatrade.fi\/en\/","name":"Mediatrade","description":"","publisher":{"@id":"https:\/\/mediatrade.fi\/en\/#organization"},"potentialAction":[{"@type":"SearchAction","target":{"@type":"EntryPoint","urlTemplate":"https:\/\/mediatrade.fi\/en\/?s={search_term_string}"},"query-input":{"@type":"PropertyValueSpecification","valueRequired":true,"valueName":"search_term_string"}}],"inLanguage":"en-US"},{"@type":"Organization","@id":"https:\/\/mediatrade.fi\/en\/#organization","name":"Mediatrade","url":"https:\/\/mediatrade.fi\/en\/","logo":{"@type":"ImageObject","inLanguage":"en-US","@id":"https:\/\/mediatrade.fi\/en\/#\/schema\/logo\/image\/","url":"https:\/\/mediatrade.fi\/wp-content\/uploads\/2022\/04\/Group-640.svg","contentUrl":"https:\/\/mediatrade.fi\/wp-content\/uploads\/2022\/04\/Group-640.svg","width":128,"height":43,"caption":"Mediatrade"},"image":{"@id":"https:\/\/mediatrade.fi\/en\/#\/schema\/logo\/image\/"}}]}},"_links":{"self":[{"href":"https:\/\/mediatrade.fi\/en\/wp-json\/wp\/v2\/product\/392533","targetHints":{"allow":["GET"]}}],"collection":[{"href":"https:\/\/mediatrade.fi\/en\/wp-json\/wp\/v2\/product"}],"about":[{"href":"https:\/\/mediatrade.fi\/en\/wp-json\/wp\/v2\/types\/product"}],"wp:featuredmedia":[{"embeddable":true,"href":"https:\/\/mediatrade.fi\/en\/wp-json\/wp\/v2\/media\/89495"}],"wp:attachment":[{"href":"https:\/\/mediatrade.fi\/en\/wp-json\/wp\/v2\/media?parent=392533"}],"wp:term":[{"taxonomy":"product_brand","embeddable":true,"href":"https:\/\/mediatrade.fi\/en\/wp-json\/wp\/v2\/product_brand?post=392533"},{"taxonomy":"product_cat","embeddable":true,"href":"https:\/\/mediatrade.fi\/en\/wp-json\/wp\/v2\/product_cat?post=392533"},{"taxonomy":"product_tag","embeddable":true,"href":"https:\/\/mediatrade.fi\/en\/wp-json\/wp\/v2\/product_tag?post=392533"},{"taxonomy":"brands","embeddable":true,"href":"https:\/\/mediatrade.fi\/en\/wp-json\/wp\/v2\/brands?post=392533"},{"taxonomy":"id_product_type","embeddable":true,"href":"https:\/\/mediatrade.fi\/en\/wp-json\/wp\/v2\/id_product_type?post=392533"}],"curies":[{"name":"wp","href":"https:\/\/api.w.org\/{rel}","templated":true}]}}