{"id":393283,"date":"2022-05-30T11:56:33","date_gmt":"2025-01-21T19:42:40","guid":{"rendered":"https:\/\/mediatrade.fi\/tuote\/nova-p600c-2\/"},"modified":"2026-01-23T12:45:35","modified_gmt":"2026-01-23T10:45:35","slug":"nova-p600c-2","status":"publish","type":"product","link":"https:\/\/mediatrade.fi\/en\/product\/nova-p600c-2\/","title":{"rendered":"Nova P600c"},"content":{"rendered":"\n<section class=\"block block-woocommerce-product-description container-fluid container-fluid \">\n    <div class=\"container\">\n        <div class=\"row\">\n            <div class=\"col-12 col-md-6 order-2 order-md-1 attachments-col\">\n                                <div style=\"height: 100%;\" class=\"oembed oembed-youtube\">        <div class=\"cookieconsent-optout-marketing\">            <a href=\"javascript:Cookiebot.renew()\">Hyv\u00e4ksy markkinointiev\u00e4steet<\/a>            katsoaksesi videon.        <\/div><iframe title=\"The Nova P600c | A Universe of Color\" width=\"840\" height=\"473\" src=\"https:\/\/www.youtube.com\/embed\/63i2womOypM?feature=oembed\" frameborder=\"0\" allow=\"accelerometer; autoplay; clipboard-write; encrypted-media; gyroscope; picture-in-picture\" allowfullscreen><\/iframe><\/div>            <\/div>\n\n            <div class=\"col-12 col-md-5 offset-md-1 order-1 order-md-2\">\n                <main class=\"entry-content\">\n                    \n\n<h2 class=\"wp-block-heading\">Tuotetiedot<\/h2>\n\n\n\n<p>Nova P600c on 600 W:n RGBWW Soft LED -valo, joka perustuu Nova P300c-valoon, johon verrattuna uuden valon teho on kaksinkertainen. K\u00e4ytt\u00e4m\u00e4ll\u00e4 ainutlaatuista RGBWW-piirisarjaa, Nova tuottaa tarkan v\u00e4rilaadun sek\u00e4 2298+ luxia 3 metrin et\u00e4isyydell\u00e4 (6500K) ja CCT 2000K-10000K.<br><br>Nova P600c on todella suunniteltu ammattilaisille, ja siin\u00e4 on ominaisuuksia, jotka parantavat ty\u00f6nkulkua. P600c:n uusi ohjauslaatikko sis\u00e4lt\u00e4\u00e4 alan standardin mukaisen LumenRadioCRMX:n, jonka avulla se voi liitty\u00e4 mihin tahansa langattomaan CRMX-ohjausj\u00e4rjestelm\u00e4\u00e4n.<\/p>\n\n\n\n<p>Nova P600c tarjoaa uuden langattoman liit\u00e4nt\u00e4ns\u00e4 ansiosta langattoman ohjauksen ilman, ett\u00e4 tarvitsisi edes ohjauskotelon liit\u00e4nt\u00e4kaapelia. P600c on my\u00f6s helppok\u00e4ytt\u00f6inen ja v\u00e4h\u00e4isell\u00e4 asennuksella yhteensopiva SidusLink-mobiilisovelluksen ohjauksen kanssa, joten voit hallita Aputurefix-kuvia \u00e4lypuhelimesta tai tabletista.<br><br>Nova P600c on ihanteellinen k\u00e4ytt\u00e4jille, jotka haluavat kompaktin 2&#215;1 LED soft-paneelin, mutta tarvitsevat enemm\u00e4n voimakkuutta ja hallintaa kuin Nova P300c:ss\u00e4. P600c:n ulostulo vastaa kahta Nova P300c:t\u00e4 ja siin\u00e4 on 4 ohjausaluetta, jotka mahdollistavat enemm\u00e4n tehosteita, suuremman syvyyden valotehosteissa ja yksil\u00f6llisen ohjauksen DMX: n kautta.<br>Sis\u00e4\u00e4nrakennetulla virtal\u00e4hteell\u00e4 P600c sopii my\u00f6s k\u00e4ytt\u00e4jille, jotka haluavat k\u00e4ytt\u00e4\u00e4 mahdollisimman v\u00e4h\u00e4n komponentteja elokuvan tekemisen aikana. Lis\u00e4ksi Nova P600c:ss\u00e4 on my\u00f6s uusia DMX-toimintoja, kuten LumenRadioCRMX, 16-bittinen DMX ja Lead-Follow Mode, jotka tekev\u00e4t valaistusteknikon ty\u00f6nkulusta tehokkaampaa.<br><br>Nova P600c perustuu Nova P300c:n suunnitteluun ja k\u00e4ytt\u00f6liittym\u00e4\u00e4n, joten P600c on t\u00e4ydellinen kumppani olemassa olevalle arsenaalille. Sen paino, teho ja virrankulutus sopivat valaistustekniikoille, jotka haluavat lis\u00e4t\u00e4 keskikokoiseen tai suureen valaistuspakettiinsa.<\/p>\n\n\n\n<h2 class=\"wp-block-heading\">Ominaisuudet<\/h2>\n\n\n\n<ul class=\"wp-block-list\"><li>600W RGBWW2x1 LED Soft Light Panel<\/li><li>2,298+ lux at 3 meters (6500K)<\/li><li>Two Times Brighter than Nova P300c<\/li><li>CRI &amp; TLCI 95+, SSI (D56): 74, SSI (Tungsten): 84<\/li><li>4-Light Engine Zone Control<\/li><li>Fully Tunable CCT from 2,000K to 10,000K<\/li><li>Fully-Tunable Green-Magenta Adjustment (Full Plus\/Minus Green)<\/li><li>Hue, Saturation &amp; Intensity with CCT Control<\/li><li>Built-in LumenRadioCRMX<\/li><li>SidusLink Mobile App Compatible<\/li><li>8-bit &amp; 16-bit DMX512 5-PinIn &amp; Out<\/li><li>Cable-less Contact Pin Control Box Interface<\/li><li>Extendable Control Box w\/ Lightning Clamp<\/li><li>3m-long Head Cable for Flexibility &amp; Reach<\/li><li>4 User-Programmable Presets<\/li><li>Removable Diffusion Panel<\/li><li>2 Output Modes: Max &amp; Constant<\/li><li>Lead-Follow Mode for Quick Workflow<\/li><li>Variety of Built-in Light Source Presets<\/li><li>Frequency Selection to Reduce Flicker<\/li><li>Industry-standard X,Y (CIE 1931)Color Control<\/li><li>&gt;90% of Colors Within Rec.2020 Color Space<\/li><li>300+ Industry-Standard Gel Presets<\/li><li>19 Built-in Lighting FX: Cop Car, Lightning, Paparazzi, Candle, Fire, etc.<\/li><li>Stepless Dimming from 0.1 to 100%<\/li><li>3-Pin XLR 48V\/15A DC Battery Input<\/li><li>Internal Power Supply<\/li><li>NeutrikpowerCONTRUE1 TOP AC Power Cable<\/li><li>Junior Pin (28mm\/1.125in)<\/li><li>-20\u00b0~45\u00b0CAmbient Operating Temperature<\/li><li>360\u00b0Rotation, CurvedDualDisk-brake Yoke<\/li><\/ul>\n\n\n\n<h2 class=\"wp-block-heading\">Pakkauksessa<\/h2>\n\n\n\n<ul class=\"wp-block-list\"><li>Nova P600c Light<\/li><li>Nova P600c Control Box<\/li><li>Neutrik\u00ae powerCONTRUE1 TOP AC Power Cable (6m)<\/li><li>5-Pin XLR Head Cable (3m)<\/li><li>Lightning Clamp<\/li><\/ul>\n\n\n                <\/main>\n            <\/div>\n        <\/div>\n    <\/div>\n<\/section>\n\n\n\n<section class=\"block block-profile-listing container-fluid \">\n    <div class=\"container\">\n        <div class=\"row\">\n            <main class=\"entry-content col-12\">\n                \n\n<h2 class=\"wp-block-heading\">Asiantuntijat<\/h2>\n\n\n            <\/main>\n                        <div class=\"col-12 col-lg-6\">\n                <div class=\"person-wrapper\">\n                    <div class=\"image-wrapper\">\n                        <img decoding=\"async\" width=\"1920\" height=\"3414\" src=\"https:\/\/mediatrade.fi\/wp-content\/uploads\/2022\/04\/Kaposempi-mr.-Tommi-Rosnell-1920x3414.jpg\" class=\"attachment-post-thumbnail size-post-thumbnail wp-post-image\" alt=\"\" srcset=\"https:\/\/mediatrade.fi\/wp-content\/uploads\/2022\/04\/Kaposempi-mr.-Tommi-Rosnell-1920x3414.jpg 1920w, https:\/\/mediatrade.fi\/wp-content\/uploads\/2022\/04\/Kaposempi-mr.-Tommi-Rosnell-169x300.jpg 169w, https:\/\/mediatrade.fi\/wp-content\/uploads\/2022\/04\/Kaposempi-mr.-Tommi-Rosnell-576x1024.jpg 576w, https:\/\/mediatrade.fi\/wp-content\/uploads\/2022\/04\/Kaposempi-mr.-Tommi-Rosnell-768x1365.jpg 768w, https:\/\/mediatrade.fi\/wp-content\/uploads\/2022\/04\/Kaposempi-mr.-Tommi-Rosnell-864x1536.jpg 864w, https:\/\/mediatrade.fi\/wp-content\/uploads\/2022\/04\/Kaposempi-mr.-Tommi-Rosnell-1152x2048.jpg 1152w, https:\/\/mediatrade.fi\/wp-content\/uploads\/2022\/04\/Kaposempi-mr.-Tommi-Rosnell-600x1067.jpg 600w, https:\/\/mediatrade.fi\/wp-content\/uploads\/2022\/04\/Kaposempi-mr.-Tommi-Rosnell-scaled.jpg 1440w\" sizes=\"(max-width: 575px) 100vw, (max-width: 767px) 570, (max-width: 991px) 830, (max-width: 1199px) 930, 994px\" \/>                    <\/div>\n                    <div class=\"content-wrapper\">\n                        <h4 class=\"name\">Tommi Rosnell<\/h4>\n                        <p class=\"title\">Business Development Manager<\/p>\n                        <p class=\"summary\">I work as a production lighting specialist at Mediatrade. My expertise lies in designing studio lighting and planning production workflows.<\/p>\n                                                <span class=\"knowledge-title\">Area of expertise<\/span>\n                        <p class=\"knowledge\">Post-production, cinematography, lighting<\/p>\n                                                <p class=\"phone\">+358201557730<\/p>\n                        <p class=\"email\">tommi.rosnell@mediatrade.fi<\/p>\n                    <\/div>\n                <\/div>\n            <\/div>\n                                <\/div>\n    <\/div>\n<\/section>\n","protected":false},"excerpt":{"rendered":"","protected":false},"featured_media":72620,"template":"","meta":{"_acf_changed":false,"_relevanssi_hide_post":"","_relevanssi_hide_content":"","_relevanssi_pin_for_all":"","_relevanssi_pin_keywords":"","_relevanssi_unpin_keywords":"","_relevanssi_related_keywords":"","_relevanssi_related_include_ids":"","_relevanssi_related_exclude_ids":"","_relevanssi_related_no_append":"","_relevanssi_related_not_related":"","_relevanssi_related_posts":"","_relevanssi_noindex_reason":""},"product_brand":[],"product_cat":[2486,3510,212,15,3500,3509,3496,32,43,556],"product_tag":[1278,1937,1938,1936,1369],"brands":[683],"id_product_type":[],"class_list":{"0":"post-393283","1":"product","2":"type-product","3":"status-publish","4":"has-post-thumbnail","6":"product_cat-all-products","7":"product_cat-cine-and-studio-ligthing","8":"product_cat-cine-ja-studiovalaisu-tarvikkeet","9":"product_cat-kaikki","10":"product_cat-light","11":"product_cat-light-en","12":"product_cat-studio-technology","13":"product_cat-studiotekniikka","14":"product_cat-valo","15":"product_cat-studio-valo","16":"product_tag-aputure","17":"product_tag-nova","18":"product_tag-nova-p600c","19":"product_tag-p600","20":"product_tag-p600c","22":"first","23":"onbackorder","24":"taxable","25":"shipping-taxable","26":"purchasable","27":"product-type-simple"},"bundled_by":[],"bundle_stock_status":"onbackorder","bundle_stock_quantity":0,"bundle_virtual":false,"bundle_layout":"","bundle_add_to_cart_form_location":"","bundle_editable_in_cart":false,"bundle_sold_individually_context":"","bundle_item_grouping":"","bundle_min_size":"","bundle_max_size":"","bundle_price":[],"bundled_items":[],"bundle_sell_ids":[],"acf":[],"yoast_head":"<!-- This site is optimized with the Yoast SEO plugin v27.1.1 - https:\/\/yoast.com\/product\/yoast-seo-wordpress\/ -->\n<title>Nova P600c - Mediatrade<\/title>\n<meta name=\"robots\" content=\"index, follow, max-snippet:-1, max-image-preview:large, max-video-preview:-1\" \/>\n<link rel=\"canonical\" href=\"https:\/\/mediatrade.fi\/en\/product\/nova-p600c-2\/\" \/>\n<meta property=\"og:locale\" content=\"en_US\" \/>\n<meta property=\"og:type\" content=\"article\" \/>\n<meta property=\"og:title\" content=\"Nova P600c - Mediatrade\" \/>\n<meta property=\"og:url\" content=\"https:\/\/mediatrade.fi\/en\/product\/nova-p600c-2\/\" \/>\n<meta property=\"og:site_name\" content=\"Mediatrade\" \/>\n<meta property=\"article:modified_time\" content=\"2026-01-23T10:45:35+00:00\" \/>\n<meta property=\"og:image\" content=\"https:\/\/mediatrade.fi\/wp-content\/uploads\/2022\/04\/aputure-nova-p600c.jpg\" \/>\n\t<meta property=\"og:image:width\" content=\"1000\" \/>\n\t<meta property=\"og:image:height\" content=\"1000\" \/>\n\t<meta property=\"og:image:type\" content=\"image\/jpeg\" \/>\n<meta name=\"twitter:card\" content=\"summary_large_image\" \/>\n<meta name=\"twitter:label1\" content=\"Est. reading time\" \/>\n\t<meta name=\"twitter:data1\" content=\"3 minutes\" \/>\n<script type=\"application\/ld+json\" class=\"yoast-schema-graph\">{\"@context\":\"https:\/\/schema.org\",\"@graph\":[{\"@type\":\"WebPage\",\"@id\":\"https:\/\/mediatrade.fi\/en\/product\/nova-p600c-2\/\",\"url\":\"https:\/\/mediatrade.fi\/en\/product\/nova-p600c-2\/\",\"name\":\"Nova P600c - Mediatrade\",\"isPartOf\":{\"@id\":\"https:\/\/mediatrade.fi\/en\/#website\"},\"primaryImageOfPage\":{\"@id\":\"https:\/\/mediatrade.fi\/en\/product\/nova-p600c-2\/#primaryimage\"},\"image\":{\"@id\":\"https:\/\/mediatrade.fi\/en\/product\/nova-p600c-2\/#primaryimage\"},\"thumbnailUrl\":\"https:\/\/mediatrade.fi\/wp-content\/uploads\/2022\/04\/aputure-nova-p600c.jpg\",\"datePublished\":\"2025-01-21T19:42:40+00:00\",\"dateModified\":\"2026-01-23T10:45:35+00:00\",\"breadcrumb\":{\"@id\":\"https:\/\/mediatrade.fi\/en\/product\/nova-p600c-2\/#breadcrumb\"},\"inLanguage\":\"en-US\",\"potentialAction\":[{\"@type\":\"ReadAction\",\"target\":[\"https:\/\/mediatrade.fi\/en\/product\/nova-p600c-2\/\"]}]},{\"@type\":\"ImageObject\",\"inLanguage\":\"en-US\",\"@id\":\"https:\/\/mediatrade.fi\/en\/product\/nova-p600c-2\/#primaryimage\",\"url\":\"https:\/\/mediatrade.fi\/wp-content\/uploads\/2022\/04\/aputure-nova-p600c.jpg\",\"contentUrl\":\"https:\/\/mediatrade.fi\/wp-content\/uploads\/2022\/04\/aputure-nova-p600c.jpg\",\"width\":1000,\"height\":1000},{\"@type\":\"BreadcrumbList\",\"@id\":\"https:\/\/mediatrade.fi\/en\/product\/nova-p600c-2\/#breadcrumb\",\"itemListElement\":[{\"@type\":\"ListItem\",\"position\":1,\"name\":\"Front Page\",\"item\":\"https:\/\/mediatrade.fi\/en\/\"},{\"@type\":\"ListItem\",\"position\":2,\"name\":\"Shop\",\"item\":\"https:\/\/mediatrade.fi\/en\/shop\/\"},{\"@type\":\"ListItem\",\"position\":3,\"name\":\"Nova P600c\"}]},{\"@type\":\"WebSite\",\"@id\":\"https:\/\/mediatrade.fi\/en\/#website\",\"url\":\"https:\/\/mediatrade.fi\/en\/\",\"name\":\"Mediatrade\",\"description\":\"\",\"publisher\":{\"@id\":\"https:\/\/mediatrade.fi\/en\/#organization\"},\"potentialAction\":[{\"@type\":\"SearchAction\",\"target\":{\"@type\":\"EntryPoint\",\"urlTemplate\":\"https:\/\/mediatrade.fi\/en\/?s={search_term_string}\"},\"query-input\":{\"@type\":\"PropertyValueSpecification\",\"valueRequired\":true,\"valueName\":\"search_term_string\"}}],\"inLanguage\":\"en-US\"},{\"@type\":\"Organization\",\"@id\":\"https:\/\/mediatrade.fi\/en\/#organization\",\"name\":\"Mediatrade\",\"url\":\"https:\/\/mediatrade.fi\/en\/\",\"logo\":{\"@type\":\"ImageObject\",\"inLanguage\":\"en-US\",\"@id\":\"https:\/\/mediatrade.fi\/en\/#\/schema\/logo\/image\/\",\"url\":\"https:\/\/mediatrade.fi\/wp-content\/uploads\/2022\/04\/Group-640.svg\",\"contentUrl\":\"https:\/\/mediatrade.fi\/wp-content\/uploads\/2022\/04\/Group-640.svg\",\"width\":128,\"height\":43,\"caption\":\"Mediatrade\"},\"image\":{\"@id\":\"https:\/\/mediatrade.fi\/en\/#\/schema\/logo\/image\/\"}}]}<\/script>\n<!-- \/ Yoast SEO plugin. -->","yoast_head_json":{"title":"Nova P600c - Mediatrade","robots":{"index":"index","follow":"follow","max-snippet":"max-snippet:-1","max-image-preview":"max-image-preview:large","max-video-preview":"max-video-preview:-1"},"canonical":"https:\/\/mediatrade.fi\/en\/product\/nova-p600c-2\/","og_locale":"en_US","og_type":"article","og_title":"Nova P600c - Mediatrade","og_url":"https:\/\/mediatrade.fi\/en\/product\/nova-p600c-2\/","og_site_name":"Mediatrade","article_modified_time":"2026-01-23T10:45:35+00:00","og_image":[{"width":1000,"height":1000,"url":"https:\/\/mediatrade.fi\/wp-content\/uploads\/2022\/04\/aputure-nova-p600c.jpg","type":"image\/jpeg"}],"twitter_card":"summary_large_image","twitter_misc":{"Est. reading time":"3 minutes"},"schema":{"@context":"https:\/\/schema.org","@graph":[{"@type":"WebPage","@id":"https:\/\/mediatrade.fi\/en\/product\/nova-p600c-2\/","url":"https:\/\/mediatrade.fi\/en\/product\/nova-p600c-2\/","name":"Nova P600c - Mediatrade","isPartOf":{"@id":"https:\/\/mediatrade.fi\/en\/#website"},"primaryImageOfPage":{"@id":"https:\/\/mediatrade.fi\/en\/product\/nova-p600c-2\/#primaryimage"},"image":{"@id":"https:\/\/mediatrade.fi\/en\/product\/nova-p600c-2\/#primaryimage"},"thumbnailUrl":"https:\/\/mediatrade.fi\/wp-content\/uploads\/2022\/04\/aputure-nova-p600c.jpg","datePublished":"2025-01-21T19:42:40+00:00","dateModified":"2026-01-23T10:45:35+00:00","breadcrumb":{"@id":"https:\/\/mediatrade.fi\/en\/product\/nova-p600c-2\/#breadcrumb"},"inLanguage":"en-US","potentialAction":[{"@type":"ReadAction","target":["https:\/\/mediatrade.fi\/en\/product\/nova-p600c-2\/"]}]},{"@type":"ImageObject","inLanguage":"en-US","@id":"https:\/\/mediatrade.fi\/en\/product\/nova-p600c-2\/#primaryimage","url":"https:\/\/mediatrade.fi\/wp-content\/uploads\/2022\/04\/aputure-nova-p600c.jpg","contentUrl":"https:\/\/mediatrade.fi\/wp-content\/uploads\/2022\/04\/aputure-nova-p600c.jpg","width":1000,"height":1000},{"@type":"BreadcrumbList","@id":"https:\/\/mediatrade.fi\/en\/product\/nova-p600c-2\/#breadcrumb","itemListElement":[{"@type":"ListItem","position":1,"name":"Front Page","item":"https:\/\/mediatrade.fi\/en\/"},{"@type":"ListItem","position":2,"name":"Shop","item":"https:\/\/mediatrade.fi\/en\/shop\/"},{"@type":"ListItem","position":3,"name":"Nova P600c"}]},{"@type":"WebSite","@id":"https:\/\/mediatrade.fi\/en\/#website","url":"https:\/\/mediatrade.fi\/en\/","name":"Mediatrade","description":"","publisher":{"@id":"https:\/\/mediatrade.fi\/en\/#organization"},"potentialAction":[{"@type":"SearchAction","target":{"@type":"EntryPoint","urlTemplate":"https:\/\/mediatrade.fi\/en\/?s={search_term_string}"},"query-input":{"@type":"PropertyValueSpecification","valueRequired":true,"valueName":"search_term_string"}}],"inLanguage":"en-US"},{"@type":"Organization","@id":"https:\/\/mediatrade.fi\/en\/#organization","name":"Mediatrade","url":"https:\/\/mediatrade.fi\/en\/","logo":{"@type":"ImageObject","inLanguage":"en-US","@id":"https:\/\/mediatrade.fi\/en\/#\/schema\/logo\/image\/","url":"https:\/\/mediatrade.fi\/wp-content\/uploads\/2022\/04\/Group-640.svg","contentUrl":"https:\/\/mediatrade.fi\/wp-content\/uploads\/2022\/04\/Group-640.svg","width":128,"height":43,"caption":"Mediatrade"},"image":{"@id":"https:\/\/mediatrade.fi\/en\/#\/schema\/logo\/image\/"}}]}},"_links":{"self":[{"href":"https:\/\/mediatrade.fi\/en\/wp-json\/wp\/v2\/product\/393283","targetHints":{"allow":["GET"]}}],"collection":[{"href":"https:\/\/mediatrade.fi\/en\/wp-json\/wp\/v2\/product"}],"about":[{"href":"https:\/\/mediatrade.fi\/en\/wp-json\/wp\/v2\/types\/product"}],"wp:featuredmedia":[{"embeddable":true,"href":"https:\/\/mediatrade.fi\/en\/wp-json\/wp\/v2\/media\/72620"}],"wp:attachment":[{"href":"https:\/\/mediatrade.fi\/en\/wp-json\/wp\/v2\/media?parent=393283"}],"wp:term":[{"taxonomy":"product_brand","embeddable":true,"href":"https:\/\/mediatrade.fi\/en\/wp-json\/wp\/v2\/product_brand?post=393283"},{"taxonomy":"product_cat","embeddable":true,"href":"https:\/\/mediatrade.fi\/en\/wp-json\/wp\/v2\/product_cat?post=393283"},{"taxonomy":"product_tag","embeddable":true,"href":"https:\/\/mediatrade.fi\/en\/wp-json\/wp\/v2\/product_tag?post=393283"},{"taxonomy":"brands","embeddable":true,"href":"https:\/\/mediatrade.fi\/en\/wp-json\/wp\/v2\/brands?post=393283"},{"taxonomy":"id_product_type","embeddable":true,"href":"https:\/\/mediatrade.fi\/en\/wp-json\/wp\/v2\/id_product_type?post=393283"}],"curies":[{"name":"wp","href":"https:\/\/api.w.org\/{rel}","templated":true}]}}