{"id":393601,"date":"2022-05-24T12:42:43","date_gmt":"2025-01-21T19:48:55","guid":{"rendered":"https:\/\/mediatrade.fi\/tuote\/intensity-pro-4k-2\/"},"modified":"2026-02-16T11:10:25","modified_gmt":"2026-02-16T09:10:25","slug":"intensity-pro-4k-2","status":"publish","type":"product","link":"https:\/\/mediatrade.fi\/en\/product\/intensity-pro-4k-2\/","title":{"rendered":"Intensity Pro 4K"},"content":{"rendered":"\n<section class=\"block block-woocommerce-product-description container-fluid container-fluid \">\n    <div class=\"container\">\n        <div class=\"row\">\n            <div class=\"col-12 col-md-6 order-2 order-md-1 attachments-col\">\n                                            <\/div>\n\n            <div class=\"col-12 col-md-5 offset-md-1 order-1 order-md-2\">\n                <main class=\"entry-content\">\n                    \n\n<h2 class=\"wp-block-heading\">Tuotetiedot<\/h2>\n\n\n\n<p>N\u00e4pp\u00e4r\u00e4n kokoinen SD\/HD\/Ultra HD kaappaus\/toistokortti PCIe paikkaan Mac-, Windows- ja Linux koneisiin.<\/p>\n\n\n\n<p><strong>Intensity Pro 4K<\/strong> lets you capture and playback on PCIe Mac, Windows and Linux computers. Featuring HDMI and analog breakout connections, Intensity Pro 4K works with NTSC\/PAL, HD and Ultra HD video with or without compression and is compatible with all popular video editing, audio, and streaming software. DaVinci Resolve Lite and Media Express software are included free so you get professional editing, grading and media management without having to buy extra software!<\/p>\n\n\n                <\/main>\n            <\/div>\n        <\/div>\n    <\/div>\n<\/section>\n\n\n\n","protected":false},"excerpt":{"rendered":"","protected":false},"featured_media":38952,"template":"","meta":{"_acf_changed":false,"_relevanssi_hide_post":"","_relevanssi_hide_content":"","_relevanssi_pin_for_all":"","_relevanssi_pin_keywords":"","_relevanssi_unpin_keywords":"","_relevanssi_related_keywords":"","_relevanssi_related_include_ids":"","_relevanssi_related_exclude_ids":"","_relevanssi_related_no_append":"","_relevanssi_related_not_related":"","_relevanssi_related_posts":"","_relevanssi_noindex_reason":""},"product_brand":[],"product_cat":[2486,3485,3464,3485,2486,3464,3482,3482],"product_tag":[947,560,1712,1714,1711,2490,2490],"brands":[708],"id_product_type":[],"class_list":{"0":"post-393601","1":"product","2":"type-product","3":"status-publish","4":"has-post-thumbnail","6":"product_cat-all-products","7":"product_cat-capturing","8":"product_cat-post-production","12":"product_cat-streaming","14":"product_tag-blackmagic","15":"product_tag-blackmagic-design","16":"product_tag-intensity","17":"product_tag-intensity-pro","18":"product_tag-intensity-pro-4k","19":"product_tag-mediatrade-en","22":"first","23":"onbackorder","24":"taxable","25":"shipping-taxable","26":"purchasable","27":"product-type-simple"},"bundled_by":[],"bundle_stock_status":"onbackorder","bundle_stock_quantity":0,"bundle_virtual":false,"bundle_layout":"","bundle_add_to_cart_form_location":"","bundle_editable_in_cart":false,"bundle_sold_individually_context":"","bundle_item_grouping":"","bundle_min_size":"","bundle_max_size":"","bundle_price":[],"bundled_items":[],"bundle_sell_ids":[],"acf":[],"yoast_head":"<!-- This site is optimized with the Yoast SEO plugin v27.4 - https:\/\/yoast.com\/product\/yoast-seo-wordpress\/ -->\n<title>Intensity Pro 4K - Mediatrade<\/title>\n<meta name=\"description\" content=\"N\u00e4pp\u00e4r\u00e4n kokoinen SD\/HD\/Ultra HD kaappaus\/toistokortti PCIe paikkaan Mac-, Windows- ja Linux koneisiin.\" \/>\n<meta name=\"robots\" content=\"index, follow, max-snippet:-1, max-image-preview:large, max-video-preview:-1\" \/>\n<link rel=\"canonical\" href=\"https:\/\/mediatrade.fi\/en\/product\/intensity-pro-4k-2\/\" \/>\n<meta property=\"og:locale\" content=\"en_US\" \/>\n<meta property=\"og:type\" content=\"article\" \/>\n<meta property=\"og:title\" content=\"Intensity Pro 4K - Mediatrade\" \/>\n<meta property=\"og:description\" content=\"N\u00e4pp\u00e4r\u00e4n kokoinen SD\/HD\/Ultra HD kaappaus\/toistokortti PCIe paikkaan Mac-, Windows- ja Linux koneisiin.\" \/>\n<meta property=\"og:url\" content=\"https:\/\/mediatrade.fi\/en\/product\/intensity-pro-4k-2\/\" \/>\n<meta property=\"og:site_name\" content=\"Mediatrade\" \/>\n<meta property=\"article:modified_time\" content=\"2026-02-16T09:10:25+00:00\" \/>\n<meta property=\"og:image\" content=\"https:\/\/mediatrade.fi\/wp-content\/uploads\/2022\/04\/blackmagicdesign-intensitypro-4k.jpg\" \/>\n\t<meta property=\"og:image:width\" content=\"798\" \/>\n\t<meta property=\"og:image:height\" content=\"449\" \/>\n\t<meta property=\"og:image:type\" content=\"image\/jpeg\" \/>\n<meta name=\"twitter:card\" content=\"summary_large_image\" \/>\n<meta name=\"twitter:label1\" content=\"Est. reading time\" \/>\n\t<meta name=\"twitter:data1\" content=\"1 minute\" \/>\n<script type=\"application\/ld+json\" class=\"yoast-schema-graph\">{\"@context\":\"https:\\\/\\\/schema.org\",\"@graph\":[{\"@type\":\"WebPage\",\"@id\":\"https:\\\/\\\/mediatrade.fi\\\/en\\\/product\\\/intensity-pro-4k-2\\\/\",\"url\":\"https:\\\/\\\/mediatrade.fi\\\/en\\\/product\\\/intensity-pro-4k-2\\\/\",\"name\":\"Intensity Pro 4K - Mediatrade\",\"isPartOf\":{\"@id\":\"https:\\\/\\\/mediatrade.fi\\\/en\\\/#website\"},\"primaryImageOfPage\":{\"@id\":\"https:\\\/\\\/mediatrade.fi\\\/en\\\/product\\\/intensity-pro-4k-2\\\/#primaryimage\"},\"image\":{\"@id\":\"https:\\\/\\\/mediatrade.fi\\\/en\\\/product\\\/intensity-pro-4k-2\\\/#primaryimage\"},\"thumbnailUrl\":\"https:\\\/\\\/mediatrade.fi\\\/wp-content\\\/uploads\\\/2022\\\/04\\\/blackmagicdesign-intensitypro-4k.jpg\",\"datePublished\":\"2025-01-21T19:48:55+00:00\",\"dateModified\":\"2026-02-16T09:10:25+00:00\",\"description\":\"N\u00e4pp\u00e4r\u00e4n kokoinen SD\\\/HD\\\/Ultra HD kaappaus\\\/toistokortti PCIe paikkaan Mac-, Windows- ja Linux koneisiin.\",\"breadcrumb\":{\"@id\":\"https:\\\/\\\/mediatrade.fi\\\/en\\\/product\\\/intensity-pro-4k-2\\\/#breadcrumb\"},\"inLanguage\":\"en-US\",\"potentialAction\":[{\"@type\":\"ReadAction\",\"target\":[\"https:\\\/\\\/mediatrade.fi\\\/en\\\/product\\\/intensity-pro-4k-2\\\/\"]}]},{\"@type\":\"ImageObject\",\"inLanguage\":\"en-US\",\"@id\":\"https:\\\/\\\/mediatrade.fi\\\/en\\\/product\\\/intensity-pro-4k-2\\\/#primaryimage\",\"url\":\"https:\\\/\\\/mediatrade.fi\\\/wp-content\\\/uploads\\\/2022\\\/04\\\/blackmagicdesign-intensitypro-4k.jpg\",\"contentUrl\":\"https:\\\/\\\/mediatrade.fi\\\/wp-content\\\/uploads\\\/2022\\\/04\\\/blackmagicdesign-intensitypro-4k.jpg\",\"width\":798,\"height\":449},{\"@type\":\"BreadcrumbList\",\"@id\":\"https:\\\/\\\/mediatrade.fi\\\/en\\\/product\\\/intensity-pro-4k-2\\\/#breadcrumb\",\"itemListElement\":[{\"@type\":\"ListItem\",\"position\":1,\"name\":\"Front Page\",\"item\":\"https:\\\/\\\/mediatrade.fi\\\/en\\\/\"},{\"@type\":\"ListItem\",\"position\":2,\"name\":\"Shop\",\"item\":\"https:\\\/\\\/mediatrade.fi\\\/en\\\/shop\\\/\"},{\"@type\":\"ListItem\",\"position\":3,\"name\":\"Intensity Pro 4K\"}]},{\"@type\":\"WebSite\",\"@id\":\"https:\\\/\\\/mediatrade.fi\\\/en\\\/#website\",\"url\":\"https:\\\/\\\/mediatrade.fi\\\/en\\\/\",\"name\":\"Mediatrade\",\"description\":\"\",\"publisher\":{\"@id\":\"https:\\\/\\\/mediatrade.fi\\\/en\\\/#organization\"},\"potentialAction\":[{\"@type\":\"SearchAction\",\"target\":{\"@type\":\"EntryPoint\",\"urlTemplate\":\"https:\\\/\\\/mediatrade.fi\\\/en\\\/?s={search_term_string}\"},\"query-input\":{\"@type\":\"PropertyValueSpecification\",\"valueRequired\":true,\"valueName\":\"search_term_string\"}}],\"inLanguage\":\"en-US\"},{\"@type\":\"Organization\",\"@id\":\"https:\\\/\\\/mediatrade.fi\\\/en\\\/#organization\",\"name\":\"Mediatrade\",\"url\":\"https:\\\/\\\/mediatrade.fi\\\/en\\\/\",\"logo\":{\"@type\":\"ImageObject\",\"inLanguage\":\"en-US\",\"@id\":\"https:\\\/\\\/mediatrade.fi\\\/en\\\/#\\\/schema\\\/logo\\\/image\\\/\",\"url\":\"https:\\\/\\\/mediatrade.fi\\\/wp-content\\\/uploads\\\/2022\\\/04\\\/Group-640.svg\",\"contentUrl\":\"https:\\\/\\\/mediatrade.fi\\\/wp-content\\\/uploads\\\/2022\\\/04\\\/Group-640.svg\",\"width\":128,\"height\":43,\"caption\":\"Mediatrade\"},\"image\":{\"@id\":\"https:\\\/\\\/mediatrade.fi\\\/en\\\/#\\\/schema\\\/logo\\\/image\\\/\"}}]}<\/script>\n<!-- \/ Yoast SEO plugin. -->","yoast_head_json":{"title":"Intensity Pro 4K - Mediatrade","description":"N\u00e4pp\u00e4r\u00e4n kokoinen SD\/HD\/Ultra HD kaappaus\/toistokortti PCIe paikkaan Mac-, Windows- ja Linux koneisiin.","robots":{"index":"index","follow":"follow","max-snippet":"max-snippet:-1","max-image-preview":"max-image-preview:large","max-video-preview":"max-video-preview:-1"},"canonical":"https:\/\/mediatrade.fi\/en\/product\/intensity-pro-4k-2\/","og_locale":"en_US","og_type":"article","og_title":"Intensity Pro 4K - Mediatrade","og_description":"N\u00e4pp\u00e4r\u00e4n kokoinen SD\/HD\/Ultra HD kaappaus\/toistokortti PCIe paikkaan Mac-, Windows- ja Linux koneisiin.","og_url":"https:\/\/mediatrade.fi\/en\/product\/intensity-pro-4k-2\/","og_site_name":"Mediatrade","article_modified_time":"2026-02-16T09:10:25+00:00","og_image":[{"width":798,"height":449,"url":"https:\/\/mediatrade.fi\/wp-content\/uploads\/2022\/04\/blackmagicdesign-intensitypro-4k.jpg","type":"image\/jpeg"}],"twitter_card":"summary_large_image","twitter_misc":{"Est. reading time":"1 minute"},"schema":{"@context":"https:\/\/schema.org","@graph":[{"@type":"WebPage","@id":"https:\/\/mediatrade.fi\/en\/product\/intensity-pro-4k-2\/","url":"https:\/\/mediatrade.fi\/en\/product\/intensity-pro-4k-2\/","name":"Intensity Pro 4K - Mediatrade","isPartOf":{"@id":"https:\/\/mediatrade.fi\/en\/#website"},"primaryImageOfPage":{"@id":"https:\/\/mediatrade.fi\/en\/product\/intensity-pro-4k-2\/#primaryimage"},"image":{"@id":"https:\/\/mediatrade.fi\/en\/product\/intensity-pro-4k-2\/#primaryimage"},"thumbnailUrl":"https:\/\/mediatrade.fi\/wp-content\/uploads\/2022\/04\/blackmagicdesign-intensitypro-4k.jpg","datePublished":"2025-01-21T19:48:55+00:00","dateModified":"2026-02-16T09:10:25+00:00","description":"N\u00e4pp\u00e4r\u00e4n kokoinen SD\/HD\/Ultra HD kaappaus\/toistokortti PCIe paikkaan Mac-, Windows- ja Linux koneisiin.","breadcrumb":{"@id":"https:\/\/mediatrade.fi\/en\/product\/intensity-pro-4k-2\/#breadcrumb"},"inLanguage":"en-US","potentialAction":[{"@type":"ReadAction","target":["https:\/\/mediatrade.fi\/en\/product\/intensity-pro-4k-2\/"]}]},{"@type":"ImageObject","inLanguage":"en-US","@id":"https:\/\/mediatrade.fi\/en\/product\/intensity-pro-4k-2\/#primaryimage","url":"https:\/\/mediatrade.fi\/wp-content\/uploads\/2022\/04\/blackmagicdesign-intensitypro-4k.jpg","contentUrl":"https:\/\/mediatrade.fi\/wp-content\/uploads\/2022\/04\/blackmagicdesign-intensitypro-4k.jpg","width":798,"height":449},{"@type":"BreadcrumbList","@id":"https:\/\/mediatrade.fi\/en\/product\/intensity-pro-4k-2\/#breadcrumb","itemListElement":[{"@type":"ListItem","position":1,"name":"Front Page","item":"https:\/\/mediatrade.fi\/en\/"},{"@type":"ListItem","position":2,"name":"Shop","item":"https:\/\/mediatrade.fi\/en\/shop\/"},{"@type":"ListItem","position":3,"name":"Intensity Pro 4K"}]},{"@type":"WebSite","@id":"https:\/\/mediatrade.fi\/en\/#website","url":"https:\/\/mediatrade.fi\/en\/","name":"Mediatrade","description":"","publisher":{"@id":"https:\/\/mediatrade.fi\/en\/#organization"},"potentialAction":[{"@type":"SearchAction","target":{"@type":"EntryPoint","urlTemplate":"https:\/\/mediatrade.fi\/en\/?s={search_term_string}"},"query-input":{"@type":"PropertyValueSpecification","valueRequired":true,"valueName":"search_term_string"}}],"inLanguage":"en-US"},{"@type":"Organization","@id":"https:\/\/mediatrade.fi\/en\/#organization","name":"Mediatrade","url":"https:\/\/mediatrade.fi\/en\/","logo":{"@type":"ImageObject","inLanguage":"en-US","@id":"https:\/\/mediatrade.fi\/en\/#\/schema\/logo\/image\/","url":"https:\/\/mediatrade.fi\/wp-content\/uploads\/2022\/04\/Group-640.svg","contentUrl":"https:\/\/mediatrade.fi\/wp-content\/uploads\/2022\/04\/Group-640.svg","width":128,"height":43,"caption":"Mediatrade"},"image":{"@id":"https:\/\/mediatrade.fi\/en\/#\/schema\/logo\/image\/"}}]}},"_links":{"self":[{"href":"https:\/\/mediatrade.fi\/en\/wp-json\/wp\/v2\/product\/393601","targetHints":{"allow":["GET"]}}],"collection":[{"href":"https:\/\/mediatrade.fi\/en\/wp-json\/wp\/v2\/product"}],"about":[{"href":"https:\/\/mediatrade.fi\/en\/wp-json\/wp\/v2\/types\/product"}],"wp:featuredmedia":[{"embeddable":true,"href":"https:\/\/mediatrade.fi\/en\/wp-json\/wp\/v2\/media\/38952"}],"wp:attachment":[{"href":"https:\/\/mediatrade.fi\/en\/wp-json\/wp\/v2\/media?parent=393601"}],"wp:term":[{"taxonomy":"product_brand","embeddable":true,"href":"https:\/\/mediatrade.fi\/en\/wp-json\/wp\/v2\/product_brand?post=393601"},{"taxonomy":"product_cat","embeddable":true,"href":"https:\/\/mediatrade.fi\/en\/wp-json\/wp\/v2\/product_cat?post=393601"},{"taxonomy":"product_tag","embeddable":true,"href":"https:\/\/mediatrade.fi\/en\/wp-json\/wp\/v2\/product_tag?post=393601"},{"taxonomy":"brands","embeddable":true,"href":"https:\/\/mediatrade.fi\/en\/wp-json\/wp\/v2\/brands?post=393601"},{"taxonomy":"id_product_type","embeddable":true,"href":"https:\/\/mediatrade.fi\/en\/wp-json\/wp\/v2\/id_product_type?post=393601"}],"curies":[{"name":"wp","href":"https:\/\/api.w.org\/{rel}","templated":true}]}}