{"id":393632,"date":"2022-05-24T11:15:03","date_gmt":"2025-01-21T19:49:18","guid":{"rendered":"https:\/\/mediatrade.fi\/tuote\/teranex-mini-sdi-to-hdmi-12g-2\/"},"modified":"2026-04-20T07:17:40","modified_gmt":"2026-04-20T04:17:40","slug":"teranex-mini-sdi-to-hdmi-12g-2","status":"publish","type":"product","link":"https:\/\/mediatrade.fi\/en\/product\/teranex-mini-sdi-to-hdmi-12g-2\/","title":{"rendered":"Teranex Mini &#8211; SDI to HDMI 12G"},"content":{"rendered":"\n<section class=\"block block-woocommerce-product-description container-fluid container-fluid \">\n    <div class=\"container\">\n        <div class=\"row\">\n            <div class=\"col-12 col-md-6 order-2 order-md-1 attachments-col\">\n                                            <\/div>\n\n            <div class=\"col-12 col-md-5 offset-md-1 order-1 order-md-2\">\n                <main class=\"entry-content\">\n                    \n\n<h2 class=\"wp-block-heading\">Tuotetiedot<\/h2>\n\n\n\n<p>Uusissa tehokkaissa <strong>Teranex Mini <\/strong>-konverttereissa k\u00e4ytet\u00e4\u00e4n patentoitua Teranex Image Processing teknologiaa.<\/p>\n\n\n\n<p>Kaikki Teranex Mini -konvertterit tukevat SD, HD ja Ultra HD formaatteja (jopa 2160p60).&nbsp;Konvertterit sis\u00e4lt\u00e4v\u00e4t sis\u00e4isen AC virtal\u00e4hteen, ammattimaiset XLR analogiset ja&nbsp;AES\/EBU \u00e4\u00e4niliit\u00e4nn\u00e4t sek\u00e4 ethernet-liit\u00e4nn\u00e4n et\u00e4hallintaan.<\/p>\n\n\n\n<p>Optiona saatava etupaneeli (Smart Panel) mahdollistaa asetusten nopeat s\u00e4\u00e4d\u00f6t ja monitorista&nbsp;voi nopeasti katsoa ett\u00e4 kuva kulkee varmasti signaalissa.<\/p>\n\n\n\n<p>R\u00e4kkiasennuskehikolla on mahdollista asentaa yksi-kolme Teranex Mini -konvertteria vierekk\u00e4in ja n\u00e4it\u00e4 kehikoita voi toki olla useampia samassa r\u00e4kiss\u00e4.&nbsp;Teranex Mini on suunniteltu siten, ett\u00e4 ilma kiert\u00e4\u00e4 hyvin laitteen sis\u00e4ll\u00e4 ja konvertteri&nbsp;pysyy viile\u00e4n\u00e4. Konvertterit voi siksi asentaa turvallisesti vierekk\u00e4in r\u00e4kkiin ilman ylikuumenemisriski\u00e4.<\/p>\n\n\n\n<p>Teranex Mini &#8211; SDI to HDMI 12G convert from 12G-SDI to HDMI. Supports all video formats including SD, HD, 6G and&nbsp;12G-SDI rates and includes down converter when working with a HDMI monitor, which will select the best format it&nbsp;can support.&nbsp;De-embed audio to balanced analog or AES\/EBU formats and timecode output.<\/p>\n\n\n\n<p>Perfect for using HDMI&nbsp;televisions as SDI broadcast monitors and for connecting to video projectors.<\/p>\n\n\n                <\/main>\n            <\/div>\n        <\/div>\n    <\/div>\n<\/section>\n\n\n\n","protected":false},"excerpt":{"rendered":"","protected":false},"featured_media":86088,"template":"","meta":{"_acf_changed":false,"_relevanssi_hide_post":"","_relevanssi_hide_content":"","_relevanssi_pin_for_all":"","_relevanssi_pin_keywords":"","_relevanssi_unpin_keywords":"","_relevanssi_related_keywords":"","_relevanssi_related_include_ids":"","_relevanssi_related_exclude_ids":"","_relevanssi_related_no_append":"","_relevanssi_related_not_related":"","_relevanssi_related_posts":"","_relevanssi_noindex_reason":""},"product_brand":[],"product_cat":[2486,3498,2486,3498,3496,3496],"product_tag":[947,560,2490,2490,1237,1609,1347,1684],"brands":[708],"id_product_type":[],"class_list":{"0":"post-393632","1":"product","2":"type-product","3":"status-publish","4":"has-post-thumbnail","6":"product_cat-all-products","7":"product_cat-converters","10":"product_cat-studio-technology","12":"product_tag-blackmagic","13":"product_tag-blackmagic-design","14":"product_tag-mediatrade-en","16":"product_tag-sdi-to-hdmi","17":"product_tag-teranex","18":"product_tag-teranex-mini","19":"product_tag-teranex-mini-sdi-to-hdmi-12g","21":"first","22":"onbackorder","23":"taxable","24":"shipping-taxable","25":"purchasable","26":"product-type-simple"},"bundled_by":[],"bundle_stock_status":"onbackorder","bundle_stock_quantity":0,"bundle_virtual":false,"bundle_layout":"","bundle_add_to_cart_form_location":"","bundle_editable_in_cart":false,"bundle_sold_individually_context":"","bundle_item_grouping":"","bundle_min_size":"","bundle_max_size":"","bundle_price":[],"bundled_items":[],"bundle_sell_ids":[],"acf":[],"yoast_head":"<!-- This site is optimized with the Yoast SEO plugin v27.4 - https:\/\/yoast.com\/product\/yoast-seo-wordpress\/ -->\n<title>Teranex Mini - SDI to HDMI 12G - Mediatrade<\/title>\n<meta name=\"description\" content=\"Uusissa tehokkaissa Teranex Mini -konverttereissa k\u00e4ytet\u00e4\u00e4n patentoitua Teranex Image Processing teknologiaa.\" \/>\n<meta name=\"robots\" content=\"index, follow, max-snippet:-1, max-image-preview:large, max-video-preview:-1\" \/>\n<link rel=\"canonical\" href=\"https:\/\/mediatrade.fi\/en\/product\/teranex-mini-sdi-to-hdmi-12g-2\/\" \/>\n<meta property=\"og:locale\" content=\"en_US\" \/>\n<meta property=\"og:type\" content=\"article\" \/>\n<meta property=\"og:title\" content=\"Teranex Mini - SDI to HDMI 12G - Mediatrade\" \/>\n<meta property=\"og:description\" content=\"Uusissa tehokkaissa Teranex Mini -konverttereissa k\u00e4ytet\u00e4\u00e4n patentoitua Teranex Image Processing teknologiaa.\" \/>\n<meta property=\"og:url\" content=\"https:\/\/mediatrade.fi\/en\/product\/teranex-mini-sdi-to-hdmi-12g-2\/\" \/>\n<meta property=\"og:site_name\" content=\"Mediatrade\" \/>\n<meta property=\"article:modified_time\" content=\"2026-04-20T04:17:40+00:00\" \/>\n<meta property=\"og:image\" content=\"https:\/\/mediatrade.fi\/wp-content\/uploads\/2022\/05\/index-28.jpg\" \/>\n\t<meta property=\"og:image:width\" content=\"225\" \/>\n\t<meta property=\"og:image:height\" content=\"225\" \/>\n\t<meta property=\"og:image:type\" content=\"image\/jpeg\" \/>\n<meta name=\"twitter:card\" content=\"summary_large_image\" \/>\n<meta name=\"twitter:label1\" content=\"Est. reading time\" \/>\n\t<meta name=\"twitter:data1\" content=\"1 minute\" \/>\n<script type=\"application\/ld+json\" class=\"yoast-schema-graph\">{\"@context\":\"https:\\\/\\\/schema.org\",\"@graph\":[{\"@type\":\"WebPage\",\"@id\":\"https:\\\/\\\/mediatrade.fi\\\/en\\\/product\\\/teranex-mini-sdi-to-hdmi-12g-2\\\/\",\"url\":\"https:\\\/\\\/mediatrade.fi\\\/en\\\/product\\\/teranex-mini-sdi-to-hdmi-12g-2\\\/\",\"name\":\"Teranex Mini - SDI to HDMI 12G - Mediatrade\",\"isPartOf\":{\"@id\":\"https:\\\/\\\/mediatrade.fi\\\/en\\\/#website\"},\"primaryImageOfPage\":{\"@id\":\"https:\\\/\\\/mediatrade.fi\\\/en\\\/product\\\/teranex-mini-sdi-to-hdmi-12g-2\\\/#primaryimage\"},\"image\":{\"@id\":\"https:\\\/\\\/mediatrade.fi\\\/en\\\/product\\\/teranex-mini-sdi-to-hdmi-12g-2\\\/#primaryimage\"},\"thumbnailUrl\":\"https:\\\/\\\/mediatrade.fi\\\/wp-content\\\/uploads\\\/2022\\\/05\\\/index-28.jpg\",\"datePublished\":\"2025-01-21T19:49:18+00:00\",\"dateModified\":\"2026-04-20T04:17:40+00:00\",\"description\":\"Uusissa tehokkaissa Teranex Mini -konverttereissa k\u00e4ytet\u00e4\u00e4n patentoitua Teranex Image Processing teknologiaa.\",\"breadcrumb\":{\"@id\":\"https:\\\/\\\/mediatrade.fi\\\/en\\\/product\\\/teranex-mini-sdi-to-hdmi-12g-2\\\/#breadcrumb\"},\"inLanguage\":\"en-US\",\"potentialAction\":[{\"@type\":\"ReadAction\",\"target\":[\"https:\\\/\\\/mediatrade.fi\\\/en\\\/product\\\/teranex-mini-sdi-to-hdmi-12g-2\\\/\"]}]},{\"@type\":\"ImageObject\",\"inLanguage\":\"en-US\",\"@id\":\"https:\\\/\\\/mediatrade.fi\\\/en\\\/product\\\/teranex-mini-sdi-to-hdmi-12g-2\\\/#primaryimage\",\"url\":\"https:\\\/\\\/mediatrade.fi\\\/wp-content\\\/uploads\\\/2022\\\/05\\\/index-28.jpg\",\"contentUrl\":\"https:\\\/\\\/mediatrade.fi\\\/wp-content\\\/uploads\\\/2022\\\/05\\\/index-28.jpg\",\"width\":225,\"height\":225},{\"@type\":\"BreadcrumbList\",\"@id\":\"https:\\\/\\\/mediatrade.fi\\\/en\\\/product\\\/teranex-mini-sdi-to-hdmi-12g-2\\\/#breadcrumb\",\"itemListElement\":[{\"@type\":\"ListItem\",\"position\":1,\"name\":\"Front Page\",\"item\":\"https:\\\/\\\/mediatrade.fi\\\/en\\\/\"},{\"@type\":\"ListItem\",\"position\":2,\"name\":\"Shop\",\"item\":\"https:\\\/\\\/mediatrade.fi\\\/en\\\/shop\\\/\"},{\"@type\":\"ListItem\",\"position\":3,\"name\":\"Teranex Mini &#8211; SDI to HDMI 12G\"}]},{\"@type\":\"WebSite\",\"@id\":\"https:\\\/\\\/mediatrade.fi\\\/en\\\/#website\",\"url\":\"https:\\\/\\\/mediatrade.fi\\\/en\\\/\",\"name\":\"Mediatrade\",\"description\":\"\",\"publisher\":{\"@id\":\"https:\\\/\\\/mediatrade.fi\\\/en\\\/#organization\"},\"potentialAction\":[{\"@type\":\"SearchAction\",\"target\":{\"@type\":\"EntryPoint\",\"urlTemplate\":\"https:\\\/\\\/mediatrade.fi\\\/en\\\/?s={search_term_string}\"},\"query-input\":{\"@type\":\"PropertyValueSpecification\",\"valueRequired\":true,\"valueName\":\"search_term_string\"}}],\"inLanguage\":\"en-US\"},{\"@type\":\"Organization\",\"@id\":\"https:\\\/\\\/mediatrade.fi\\\/en\\\/#organization\",\"name\":\"Mediatrade\",\"url\":\"https:\\\/\\\/mediatrade.fi\\\/en\\\/\",\"logo\":{\"@type\":\"ImageObject\",\"inLanguage\":\"en-US\",\"@id\":\"https:\\\/\\\/mediatrade.fi\\\/en\\\/#\\\/schema\\\/logo\\\/image\\\/\",\"url\":\"https:\\\/\\\/mediatrade.fi\\\/wp-content\\\/uploads\\\/2022\\\/04\\\/Group-640.svg\",\"contentUrl\":\"https:\\\/\\\/mediatrade.fi\\\/wp-content\\\/uploads\\\/2022\\\/04\\\/Group-640.svg\",\"width\":128,\"height\":43,\"caption\":\"Mediatrade\"},\"image\":{\"@id\":\"https:\\\/\\\/mediatrade.fi\\\/en\\\/#\\\/schema\\\/logo\\\/image\\\/\"}}]}<\/script>\n<!-- \/ Yoast SEO plugin. -->","yoast_head_json":{"title":"Teranex Mini - SDI to HDMI 12G - Mediatrade","description":"Uusissa tehokkaissa Teranex Mini -konverttereissa k\u00e4ytet\u00e4\u00e4n patentoitua Teranex Image Processing teknologiaa.","robots":{"index":"index","follow":"follow","max-snippet":"max-snippet:-1","max-image-preview":"max-image-preview:large","max-video-preview":"max-video-preview:-1"},"canonical":"https:\/\/mediatrade.fi\/en\/product\/teranex-mini-sdi-to-hdmi-12g-2\/","og_locale":"en_US","og_type":"article","og_title":"Teranex Mini - SDI to HDMI 12G - Mediatrade","og_description":"Uusissa tehokkaissa Teranex Mini -konverttereissa k\u00e4ytet\u00e4\u00e4n patentoitua Teranex Image Processing teknologiaa.","og_url":"https:\/\/mediatrade.fi\/en\/product\/teranex-mini-sdi-to-hdmi-12g-2\/","og_site_name":"Mediatrade","article_modified_time":"2026-04-20T04:17:40+00:00","og_image":[{"width":225,"height":225,"url":"https:\/\/mediatrade.fi\/wp-content\/uploads\/2022\/05\/index-28.jpg","type":"image\/jpeg"}],"twitter_card":"summary_large_image","twitter_misc":{"Est. reading time":"1 minute"},"schema":{"@context":"https:\/\/schema.org","@graph":[{"@type":"WebPage","@id":"https:\/\/mediatrade.fi\/en\/product\/teranex-mini-sdi-to-hdmi-12g-2\/","url":"https:\/\/mediatrade.fi\/en\/product\/teranex-mini-sdi-to-hdmi-12g-2\/","name":"Teranex Mini - SDI to HDMI 12G - Mediatrade","isPartOf":{"@id":"https:\/\/mediatrade.fi\/en\/#website"},"primaryImageOfPage":{"@id":"https:\/\/mediatrade.fi\/en\/product\/teranex-mini-sdi-to-hdmi-12g-2\/#primaryimage"},"image":{"@id":"https:\/\/mediatrade.fi\/en\/product\/teranex-mini-sdi-to-hdmi-12g-2\/#primaryimage"},"thumbnailUrl":"https:\/\/mediatrade.fi\/wp-content\/uploads\/2022\/05\/index-28.jpg","datePublished":"2025-01-21T19:49:18+00:00","dateModified":"2026-04-20T04:17:40+00:00","description":"Uusissa tehokkaissa Teranex Mini -konverttereissa k\u00e4ytet\u00e4\u00e4n patentoitua Teranex Image Processing teknologiaa.","breadcrumb":{"@id":"https:\/\/mediatrade.fi\/en\/product\/teranex-mini-sdi-to-hdmi-12g-2\/#breadcrumb"},"inLanguage":"en-US","potentialAction":[{"@type":"ReadAction","target":["https:\/\/mediatrade.fi\/en\/product\/teranex-mini-sdi-to-hdmi-12g-2\/"]}]},{"@type":"ImageObject","inLanguage":"en-US","@id":"https:\/\/mediatrade.fi\/en\/product\/teranex-mini-sdi-to-hdmi-12g-2\/#primaryimage","url":"https:\/\/mediatrade.fi\/wp-content\/uploads\/2022\/05\/index-28.jpg","contentUrl":"https:\/\/mediatrade.fi\/wp-content\/uploads\/2022\/05\/index-28.jpg","width":225,"height":225},{"@type":"BreadcrumbList","@id":"https:\/\/mediatrade.fi\/en\/product\/teranex-mini-sdi-to-hdmi-12g-2\/#breadcrumb","itemListElement":[{"@type":"ListItem","position":1,"name":"Front Page","item":"https:\/\/mediatrade.fi\/en\/"},{"@type":"ListItem","position":2,"name":"Shop","item":"https:\/\/mediatrade.fi\/en\/shop\/"},{"@type":"ListItem","position":3,"name":"Teranex Mini &#8211; SDI to HDMI 12G"}]},{"@type":"WebSite","@id":"https:\/\/mediatrade.fi\/en\/#website","url":"https:\/\/mediatrade.fi\/en\/","name":"Mediatrade","description":"","publisher":{"@id":"https:\/\/mediatrade.fi\/en\/#organization"},"potentialAction":[{"@type":"SearchAction","target":{"@type":"EntryPoint","urlTemplate":"https:\/\/mediatrade.fi\/en\/?s={search_term_string}"},"query-input":{"@type":"PropertyValueSpecification","valueRequired":true,"valueName":"search_term_string"}}],"inLanguage":"en-US"},{"@type":"Organization","@id":"https:\/\/mediatrade.fi\/en\/#organization","name":"Mediatrade","url":"https:\/\/mediatrade.fi\/en\/","logo":{"@type":"ImageObject","inLanguage":"en-US","@id":"https:\/\/mediatrade.fi\/en\/#\/schema\/logo\/image\/","url":"https:\/\/mediatrade.fi\/wp-content\/uploads\/2022\/04\/Group-640.svg","contentUrl":"https:\/\/mediatrade.fi\/wp-content\/uploads\/2022\/04\/Group-640.svg","width":128,"height":43,"caption":"Mediatrade"},"image":{"@id":"https:\/\/mediatrade.fi\/en\/#\/schema\/logo\/image\/"}}]}},"_links":{"self":[{"href":"https:\/\/mediatrade.fi\/en\/wp-json\/wp\/v2\/product\/393632","targetHints":{"allow":["GET"]}}],"collection":[{"href":"https:\/\/mediatrade.fi\/en\/wp-json\/wp\/v2\/product"}],"about":[{"href":"https:\/\/mediatrade.fi\/en\/wp-json\/wp\/v2\/types\/product"}],"wp:featuredmedia":[{"embeddable":true,"href":"https:\/\/mediatrade.fi\/en\/wp-json\/wp\/v2\/media\/86088"}],"wp:attachment":[{"href":"https:\/\/mediatrade.fi\/en\/wp-json\/wp\/v2\/media?parent=393632"}],"wp:term":[{"taxonomy":"product_brand","embeddable":true,"href":"https:\/\/mediatrade.fi\/en\/wp-json\/wp\/v2\/product_brand?post=393632"},{"taxonomy":"product_cat","embeddable":true,"href":"https:\/\/mediatrade.fi\/en\/wp-json\/wp\/v2\/product_cat?post=393632"},{"taxonomy":"product_tag","embeddable":true,"href":"https:\/\/mediatrade.fi\/en\/wp-json\/wp\/v2\/product_tag?post=393632"},{"taxonomy":"brands","embeddable":true,"href":"https:\/\/mediatrade.fi\/en\/wp-json\/wp\/v2\/brands?post=393632"},{"taxonomy":"id_product_type","embeddable":true,"href":"https:\/\/mediatrade.fi\/en\/wp-json\/wp\/v2\/id_product_type?post=393632"}],"curies":[{"name":"wp","href":"https:\/\/api.w.org\/{rel}","templated":true}]}}