{"id":393633,"date":"2022-05-24T11:11:52","date_gmt":"2025-01-21T19:49:19","guid":{"rendered":"https:\/\/mediatrade.fi\/tuote\/teranex-mini-hdmi-to-sdi-12g-2\/"},"modified":"2026-04-20T07:17:39","modified_gmt":"2026-04-20T04:17:39","slug":"teranex-mini-hdmi-to-sdi-12g-2","status":"publish","type":"product","link":"https:\/\/mediatrade.fi\/en\/product\/teranex-mini-hdmi-to-sdi-12g-2\/","title":{"rendered":"Teranex Mini &#8211; HDMI to SDI 12G"},"content":{"rendered":"\n<section class=\"block block-woocommerce-product-description container-fluid container-fluid \">\n    <div class=\"container\">\n        <div class=\"row\">\n            <div class=\"col-12 col-md-6 order-2 order-md-1 attachments-col\">\n                                            <\/div>\n\n            <div class=\"col-12 col-md-5 offset-md-1 order-1 order-md-2\">\n                <main class=\"entry-content\">\n                    \n\n<h2 class=\"wp-block-heading\">Tuotetiedot<\/h2>\n\n\n\n<p>Uusissa kompakteissa<strong>\u00a0Teranex Mini<\/strong> -konverttereissa k\u00e4ytet\u00e4\u00e4n patentoitua Teranex Image Processing teknologiaa.<\/p>\n\n\n\n<p>Kaikki Teranex Mini -konvertterit tukevat SD, HD ja Ultra HD formaatteja (jopa 2160p60).&nbsp;Konvertterit sis\u00e4lt\u00e4v\u00e4t sis\u00e4isen AC virtal\u00e4hteen, ammattimaiset XLR analogiset ja&nbsp;AES\/EBU \u00e4\u00e4niliit\u00e4nn\u00e4t sek\u00e4 ethernet-liit\u00e4nn\u00e4n et\u00e4hallintaan.<\/p>\n\n\n\n<p>Optiona saatava etupaneeli (Smart Panel) mahdollistaa asetusten nopeat s\u00e4\u00e4d\u00f6t ja monitorista&nbsp;voi nopeasti katsoa ett\u00e4 kuva kulkee varmasti signaalissa.<\/p>\n\n\n\n<p>R\u00e4kkiasennuskehikolla on mahdollista asentaa yksi-kolme Teranex Mini -konvertteria vierekk\u00e4in ja n\u00e4it\u00e4 kehikoita voi toki olla useampia samassa r\u00e4kiss\u00e4.&nbsp;Teranex Mini on suunniteltu siten, ett\u00e4 ilma kiert\u00e4\u00e4 hyvin laitteen sis\u00e4ll\u00e4 ja konvertteri&nbsp;pysyy viile\u00e4n\u00e4. Konvertterit voi siksi asentaa turvallisesti vierekk\u00e4in r\u00e4kkiin ilman ylikuumenemisriski\u00e4.<\/p>\n\n\n\n<p>Convert from HDMI to 12G-SDI. Works with all video formats including SD, HD, 6G and 12G-SDI rates and includes an up converter for converting HD to Ultra HD. Embed audio from balanced analog or AES\/EBU and timecode input.<\/p>\n\n\n\n<p>Ideal for converting HDMI consumer cameras to SDI, or adding SDI outputs to computers with HDMI connections.<\/p>\n\n\n                <\/main>\n            <\/div>\n        <\/div>\n    <\/div>\n<\/section>\n\n\n\n","protected":false},"excerpt":{"rendered":"","protected":false},"featured_media":86082,"template":"","meta":{"_acf_changed":false,"_relevanssi_hide_post":"","_relevanssi_hide_content":"","_relevanssi_pin_for_all":"","_relevanssi_pin_keywords":"","_relevanssi_unpin_keywords":"","_relevanssi_related_keywords":"","_relevanssi_related_include_ids":"","_relevanssi_related_exclude_ids":"","_relevanssi_related_no_append":"","_relevanssi_related_not_related":"","_relevanssi_related_posts":"","_relevanssi_noindex_reason":""},"product_brand":[],"product_cat":[2486,3498,2486,3498,3496,3496],"product_tag":[947,560,1258,1682,2490,2490,1609,1347,1683],"brands":[708],"id_product_type":[],"class_list":{"0":"post-393633","1":"product","2":"type-product","3":"status-publish","4":"has-post-thumbnail","6":"product_cat-all-products","7":"product_cat-converters","10":"product_cat-studio-technology","12":"product_tag-blackmagic","13":"product_tag-blackmagic-design","14":"product_tag-hdmi-to-sdi","15":"product_tag-hdmi-to-sdi-12g","16":"product_tag-mediatrade-en","18":"product_tag-teranex","19":"product_tag-teranex-mini","20":"product_tag-teranex-mini-hdmi-to-sdi-12g","22":"first","23":"onbackorder","24":"taxable","25":"shipping-taxable","26":"purchasable","27":"product-type-simple"},"bundled_by":[],"bundle_stock_status":"onbackorder","bundle_stock_quantity":0,"bundle_virtual":false,"bundle_layout":"","bundle_add_to_cart_form_location":"","bundle_editable_in_cart":false,"bundle_sold_individually_context":"","bundle_item_grouping":"","bundle_min_size":"","bundle_max_size":"","bundle_price":[],"bundled_items":[],"bundle_sell_ids":[],"acf":[],"yoast_head":"<!-- This site is optimized with the Yoast SEO plugin v27.4 - https:\/\/yoast.com\/product\/yoast-seo-wordpress\/ -->\n<title>Teranex Mini - HDMI to SDI 12G - Mediatrade<\/title>\n<meta name=\"description\" content=\"Uusissa kompakteissa\u00a0Teranex Mini -konverttereissa k\u00e4ytet\u00e4\u00e4n patentoitua Teranex Image Processing teknologiaa.\" \/>\n<meta name=\"robots\" content=\"index, follow, max-snippet:-1, max-image-preview:large, max-video-preview:-1\" \/>\n<link rel=\"canonical\" href=\"https:\/\/mediatrade.fi\/en\/product\/teranex-mini-hdmi-to-sdi-12g-2\/\" \/>\n<meta property=\"og:locale\" content=\"en_US\" \/>\n<meta property=\"og:type\" content=\"article\" \/>\n<meta property=\"og:title\" content=\"Teranex Mini - HDMI to SDI 12G - Mediatrade\" \/>\n<meta property=\"og:description\" content=\"Uusissa kompakteissa\u00a0Teranex Mini -konverttereissa k\u00e4ytet\u00e4\u00e4n patentoitua Teranex Image Processing teknologiaa.\" \/>\n<meta property=\"og:url\" content=\"https:\/\/mediatrade.fi\/en\/product\/teranex-mini-hdmi-to-sdi-12g-2\/\" \/>\n<meta property=\"og:site_name\" content=\"Mediatrade\" \/>\n<meta property=\"article:modified_time\" content=\"2026-04-20T04:17:39+00:00\" \/>\n<meta property=\"og:image\" content=\"https:\/\/mediatrade.fi\/wp-content\/uploads\/2022\/05\/blackmagic_design_convntrm_ab_hsdi_teranex_mini_hdmi_1137299.jpg\" \/>\n\t<meta property=\"og:image:width\" content=\"2500\" \/>\n\t<meta property=\"og:image:height\" content=\"2500\" \/>\n\t<meta property=\"og:image:type\" content=\"image\/jpeg\" \/>\n<meta name=\"twitter:card\" content=\"summary_large_image\" \/>\n<meta name=\"twitter:label1\" content=\"Est. reading time\" \/>\n\t<meta name=\"twitter:data1\" content=\"1 minute\" \/>\n<script type=\"application\/ld+json\" class=\"yoast-schema-graph\">{\"@context\":\"https:\\\/\\\/schema.org\",\"@graph\":[{\"@type\":\"WebPage\",\"@id\":\"https:\\\/\\\/mediatrade.fi\\\/en\\\/product\\\/teranex-mini-hdmi-to-sdi-12g-2\\\/\",\"url\":\"https:\\\/\\\/mediatrade.fi\\\/en\\\/product\\\/teranex-mini-hdmi-to-sdi-12g-2\\\/\",\"name\":\"Teranex Mini - HDMI to SDI 12G - Mediatrade\",\"isPartOf\":{\"@id\":\"https:\\\/\\\/mediatrade.fi\\\/en\\\/#website\"},\"primaryImageOfPage\":{\"@id\":\"https:\\\/\\\/mediatrade.fi\\\/en\\\/product\\\/teranex-mini-hdmi-to-sdi-12g-2\\\/#primaryimage\"},\"image\":{\"@id\":\"https:\\\/\\\/mediatrade.fi\\\/en\\\/product\\\/teranex-mini-hdmi-to-sdi-12g-2\\\/#primaryimage\"},\"thumbnailUrl\":\"https:\\\/\\\/mediatrade.fi\\\/wp-content\\\/uploads\\\/2022\\\/05\\\/blackmagic_design_convntrm_ab_hsdi_teranex_mini_hdmi_1137299.jpg\",\"datePublished\":\"2025-01-21T19:49:19+00:00\",\"dateModified\":\"2026-04-20T04:17:39+00:00\",\"description\":\"Uusissa kompakteissa\u00a0Teranex Mini -konverttereissa k\u00e4ytet\u00e4\u00e4n patentoitua Teranex Image Processing teknologiaa.\",\"breadcrumb\":{\"@id\":\"https:\\\/\\\/mediatrade.fi\\\/en\\\/product\\\/teranex-mini-hdmi-to-sdi-12g-2\\\/#breadcrumb\"},\"inLanguage\":\"en-US\",\"potentialAction\":[{\"@type\":\"ReadAction\",\"target\":[\"https:\\\/\\\/mediatrade.fi\\\/en\\\/product\\\/teranex-mini-hdmi-to-sdi-12g-2\\\/\"]}]},{\"@type\":\"ImageObject\",\"inLanguage\":\"en-US\",\"@id\":\"https:\\\/\\\/mediatrade.fi\\\/en\\\/product\\\/teranex-mini-hdmi-to-sdi-12g-2\\\/#primaryimage\",\"url\":\"https:\\\/\\\/mediatrade.fi\\\/wp-content\\\/uploads\\\/2022\\\/05\\\/blackmagic_design_convntrm_ab_hsdi_teranex_mini_hdmi_1137299.jpg\",\"contentUrl\":\"https:\\\/\\\/mediatrade.fi\\\/wp-content\\\/uploads\\\/2022\\\/05\\\/blackmagic_design_convntrm_ab_hsdi_teranex_mini_hdmi_1137299.jpg\",\"width\":2500,\"height\":2500},{\"@type\":\"BreadcrumbList\",\"@id\":\"https:\\\/\\\/mediatrade.fi\\\/en\\\/product\\\/teranex-mini-hdmi-to-sdi-12g-2\\\/#breadcrumb\",\"itemListElement\":[{\"@type\":\"ListItem\",\"position\":1,\"name\":\"Front Page\",\"item\":\"https:\\\/\\\/mediatrade.fi\\\/en\\\/\"},{\"@type\":\"ListItem\",\"position\":2,\"name\":\"Shop\",\"item\":\"https:\\\/\\\/mediatrade.fi\\\/en\\\/shop\\\/\"},{\"@type\":\"ListItem\",\"position\":3,\"name\":\"Teranex Mini &#8211; HDMI to SDI 12G\"}]},{\"@type\":\"WebSite\",\"@id\":\"https:\\\/\\\/mediatrade.fi\\\/en\\\/#website\",\"url\":\"https:\\\/\\\/mediatrade.fi\\\/en\\\/\",\"name\":\"Mediatrade\",\"description\":\"\",\"publisher\":{\"@id\":\"https:\\\/\\\/mediatrade.fi\\\/en\\\/#organization\"},\"potentialAction\":[{\"@type\":\"SearchAction\",\"target\":{\"@type\":\"EntryPoint\",\"urlTemplate\":\"https:\\\/\\\/mediatrade.fi\\\/en\\\/?s={search_term_string}\"},\"query-input\":{\"@type\":\"PropertyValueSpecification\",\"valueRequired\":true,\"valueName\":\"search_term_string\"}}],\"inLanguage\":\"en-US\"},{\"@type\":\"Organization\",\"@id\":\"https:\\\/\\\/mediatrade.fi\\\/en\\\/#organization\",\"name\":\"Mediatrade\",\"url\":\"https:\\\/\\\/mediatrade.fi\\\/en\\\/\",\"logo\":{\"@type\":\"ImageObject\",\"inLanguage\":\"en-US\",\"@id\":\"https:\\\/\\\/mediatrade.fi\\\/en\\\/#\\\/schema\\\/logo\\\/image\\\/\",\"url\":\"https:\\\/\\\/mediatrade.fi\\\/wp-content\\\/uploads\\\/2022\\\/04\\\/Group-640.svg\",\"contentUrl\":\"https:\\\/\\\/mediatrade.fi\\\/wp-content\\\/uploads\\\/2022\\\/04\\\/Group-640.svg\",\"width\":128,\"height\":43,\"caption\":\"Mediatrade\"},\"image\":{\"@id\":\"https:\\\/\\\/mediatrade.fi\\\/en\\\/#\\\/schema\\\/logo\\\/image\\\/\"}}]}<\/script>\n<!-- \/ Yoast SEO plugin. -->","yoast_head_json":{"title":"Teranex Mini - HDMI to SDI 12G - Mediatrade","description":"Uusissa kompakteissa\u00a0Teranex Mini -konverttereissa k\u00e4ytet\u00e4\u00e4n patentoitua Teranex Image Processing teknologiaa.","robots":{"index":"index","follow":"follow","max-snippet":"max-snippet:-1","max-image-preview":"max-image-preview:large","max-video-preview":"max-video-preview:-1"},"canonical":"https:\/\/mediatrade.fi\/en\/product\/teranex-mini-hdmi-to-sdi-12g-2\/","og_locale":"en_US","og_type":"article","og_title":"Teranex Mini - HDMI to SDI 12G - Mediatrade","og_description":"Uusissa kompakteissa\u00a0Teranex Mini -konverttereissa k\u00e4ytet\u00e4\u00e4n patentoitua Teranex Image Processing teknologiaa.","og_url":"https:\/\/mediatrade.fi\/en\/product\/teranex-mini-hdmi-to-sdi-12g-2\/","og_site_name":"Mediatrade","article_modified_time":"2026-04-20T04:17:39+00:00","og_image":[{"width":2500,"height":2500,"url":"https:\/\/mediatrade.fi\/wp-content\/uploads\/2022\/05\/blackmagic_design_convntrm_ab_hsdi_teranex_mini_hdmi_1137299.jpg","type":"image\/jpeg"}],"twitter_card":"summary_large_image","twitter_misc":{"Est. reading time":"1 minute"},"schema":{"@context":"https:\/\/schema.org","@graph":[{"@type":"WebPage","@id":"https:\/\/mediatrade.fi\/en\/product\/teranex-mini-hdmi-to-sdi-12g-2\/","url":"https:\/\/mediatrade.fi\/en\/product\/teranex-mini-hdmi-to-sdi-12g-2\/","name":"Teranex Mini - HDMI to SDI 12G - Mediatrade","isPartOf":{"@id":"https:\/\/mediatrade.fi\/en\/#website"},"primaryImageOfPage":{"@id":"https:\/\/mediatrade.fi\/en\/product\/teranex-mini-hdmi-to-sdi-12g-2\/#primaryimage"},"image":{"@id":"https:\/\/mediatrade.fi\/en\/product\/teranex-mini-hdmi-to-sdi-12g-2\/#primaryimage"},"thumbnailUrl":"https:\/\/mediatrade.fi\/wp-content\/uploads\/2022\/05\/blackmagic_design_convntrm_ab_hsdi_teranex_mini_hdmi_1137299.jpg","datePublished":"2025-01-21T19:49:19+00:00","dateModified":"2026-04-20T04:17:39+00:00","description":"Uusissa kompakteissa\u00a0Teranex Mini -konverttereissa k\u00e4ytet\u00e4\u00e4n patentoitua Teranex Image Processing teknologiaa.","breadcrumb":{"@id":"https:\/\/mediatrade.fi\/en\/product\/teranex-mini-hdmi-to-sdi-12g-2\/#breadcrumb"},"inLanguage":"en-US","potentialAction":[{"@type":"ReadAction","target":["https:\/\/mediatrade.fi\/en\/product\/teranex-mini-hdmi-to-sdi-12g-2\/"]}]},{"@type":"ImageObject","inLanguage":"en-US","@id":"https:\/\/mediatrade.fi\/en\/product\/teranex-mini-hdmi-to-sdi-12g-2\/#primaryimage","url":"https:\/\/mediatrade.fi\/wp-content\/uploads\/2022\/05\/blackmagic_design_convntrm_ab_hsdi_teranex_mini_hdmi_1137299.jpg","contentUrl":"https:\/\/mediatrade.fi\/wp-content\/uploads\/2022\/05\/blackmagic_design_convntrm_ab_hsdi_teranex_mini_hdmi_1137299.jpg","width":2500,"height":2500},{"@type":"BreadcrumbList","@id":"https:\/\/mediatrade.fi\/en\/product\/teranex-mini-hdmi-to-sdi-12g-2\/#breadcrumb","itemListElement":[{"@type":"ListItem","position":1,"name":"Front Page","item":"https:\/\/mediatrade.fi\/en\/"},{"@type":"ListItem","position":2,"name":"Shop","item":"https:\/\/mediatrade.fi\/en\/shop\/"},{"@type":"ListItem","position":3,"name":"Teranex Mini &#8211; HDMI to SDI 12G"}]},{"@type":"WebSite","@id":"https:\/\/mediatrade.fi\/en\/#website","url":"https:\/\/mediatrade.fi\/en\/","name":"Mediatrade","description":"","publisher":{"@id":"https:\/\/mediatrade.fi\/en\/#organization"},"potentialAction":[{"@type":"SearchAction","target":{"@type":"EntryPoint","urlTemplate":"https:\/\/mediatrade.fi\/en\/?s={search_term_string}"},"query-input":{"@type":"PropertyValueSpecification","valueRequired":true,"valueName":"search_term_string"}}],"inLanguage":"en-US"},{"@type":"Organization","@id":"https:\/\/mediatrade.fi\/en\/#organization","name":"Mediatrade","url":"https:\/\/mediatrade.fi\/en\/","logo":{"@type":"ImageObject","inLanguage":"en-US","@id":"https:\/\/mediatrade.fi\/en\/#\/schema\/logo\/image\/","url":"https:\/\/mediatrade.fi\/wp-content\/uploads\/2022\/04\/Group-640.svg","contentUrl":"https:\/\/mediatrade.fi\/wp-content\/uploads\/2022\/04\/Group-640.svg","width":128,"height":43,"caption":"Mediatrade"},"image":{"@id":"https:\/\/mediatrade.fi\/en\/#\/schema\/logo\/image\/"}}]}},"_links":{"self":[{"href":"https:\/\/mediatrade.fi\/en\/wp-json\/wp\/v2\/product\/393633","targetHints":{"allow":["GET"]}}],"collection":[{"href":"https:\/\/mediatrade.fi\/en\/wp-json\/wp\/v2\/product"}],"about":[{"href":"https:\/\/mediatrade.fi\/en\/wp-json\/wp\/v2\/types\/product"}],"wp:featuredmedia":[{"embeddable":true,"href":"https:\/\/mediatrade.fi\/en\/wp-json\/wp\/v2\/media\/86082"}],"wp:attachment":[{"href":"https:\/\/mediatrade.fi\/en\/wp-json\/wp\/v2\/media?parent=393633"}],"wp:term":[{"taxonomy":"product_brand","embeddable":true,"href":"https:\/\/mediatrade.fi\/en\/wp-json\/wp\/v2\/product_brand?post=393633"},{"taxonomy":"product_cat","embeddable":true,"href":"https:\/\/mediatrade.fi\/en\/wp-json\/wp\/v2\/product_cat?post=393633"},{"taxonomy":"product_tag","embeddable":true,"href":"https:\/\/mediatrade.fi\/en\/wp-json\/wp\/v2\/product_tag?post=393633"},{"taxonomy":"brands","embeddable":true,"href":"https:\/\/mediatrade.fi\/en\/wp-json\/wp\/v2\/brands?post=393633"},{"taxonomy":"id_product_type","embeddable":true,"href":"https:\/\/mediatrade.fi\/en\/wp-json\/wp\/v2\/id_product_type?post=393633"}],"curies":[{"name":"wp","href":"https:\/\/api.w.org\/{rel}","templated":true}]}}