{"id":393677,"date":"2022-05-23T11:08:52","date_gmt":"2025-01-21T19:50:34","guid":{"rendered":"https:\/\/mediatrade.fi\/tuote\/blackmagic-ursa-mini-mic-mount-2\/"},"modified":"2026-04-20T07:19:46","modified_gmt":"2026-04-20T04:19:46","slug":"blackmagic-ursa-mini-mic-mount-2","status":"publish","type":"product","link":"https:\/\/mediatrade.fi\/en\/product\/blackmagic-ursa-mini-mic-mount-2\/","title":{"rendered":"Blackmagic URSA Mini Mic Mount"},"content":{"rendered":"\n<section class=\"block block-woocommerce-product-description container-fluid container-fluid \">\n    <div class=\"container\">\n        <div class=\"row\">\n            <div class=\"col-12 col-md-6 order-2 order-md-1 attachments-col\">\n                                            <\/div>\n\n            <div class=\"col-12 col-md-5 offset-md-1 order-1 order-md-2\">\n                <main class=\"entry-content\">\n                    \n\n<h2 class=\"wp-block-heading\">Tuotetiedot<\/h2>\n\n\n\n<p><strong>URSA Mini Mic Mount <\/strong>kitist\u00e4 l\u00f6ytyy suora ja kulmakiinnikkeet sek\u00e4 ruuvit kamerakiinnityst\u00e4 varten. Mikkitelineen kumiset nauhat suojaavat t\u00e4rin\u00e4lt\u00e4 ja ylim\u00e4\u00e4r\u00e4isilt\u00e4 \u00e4\u00e4nilt\u00e4. Suoraa kiinnikett\u00e4 voidaan k\u00e4ytt\u00e4\u00e4 suuremmissa rigeiss\u00e4 ja kulmakiinnike soveltuu hyvin kompakteihin rigeihin.<\/p>\n\n\n                <\/main>\n            <\/div>\n        <\/div>\n    <\/div>\n<\/section>\n\n\n\n","protected":false},"excerpt":{"rendered":"","protected":false},"featured_media":70998,"template":"","meta":{"_acf_changed":false,"_relevanssi_hide_post":"","_relevanssi_hide_content":"","_relevanssi_pin_for_all":"","_relevanssi_pin_keywords":"","_relevanssi_unpin_keywords":"","_relevanssi_related_keywords":"","_relevanssi_related_include_ids":"","_relevanssi_related_exclude_ids":"","_relevanssi_related_no_append":"","_relevanssi_related_not_related":"","_relevanssi_related_posts":"","_relevanssi_noindex_reason":""},"product_brand":[],"product_cat":[2486,2486],"product_tag":[947,560,2490,2490,1538,817,823,1537],"brands":[708],"id_product_type":[],"class_list":{"0":"post-393677","1":"product","2":"type-product","3":"status-publish","4":"has-post-thumbnail","6":"product_cat-all-products","8":"product_tag-blackmagic","9":"product_tag-blackmagic-design","10":"product_tag-mediatrade-en","12":"product_tag-mic-mount","13":"product_tag-ursa","14":"product_tag-ursa-mini","15":"product_tag-ursa-mini-mic-mount","17":"first","18":"onbackorder","19":"taxable","20":"shipping-taxable","21":"purchasable","22":"product-type-simple"},"bundled_by":[],"bundle_stock_status":"onbackorder","bundle_stock_quantity":0,"bundle_virtual":false,"bundle_layout":"","bundle_add_to_cart_form_location":"","bundle_editable_in_cart":false,"bundle_sold_individually_context":"","bundle_item_grouping":"","bundle_min_size":"","bundle_max_size":"","bundle_price":[],"bundled_items":[],"bundle_sell_ids":[],"acf":[],"yoast_head":"<!-- This site is optimized with the Yoast SEO plugin v27.4 - https:\/\/yoast.com\/product\/yoast-seo-wordpress\/ -->\n<title>Blackmagic URSA Mini Mic Mount - Mediatrade<\/title>\n<meta name=\"description\" content=\"URSA Mini Mic Mount kitist\u00e4 l\u00f6ytyy suora ja kulmakiinnikkeet sek\u00e4 ruuvit kamerakiinnityst\u00e4 varten.\" \/>\n<meta name=\"robots\" content=\"index, follow, max-snippet:-1, max-image-preview:large, max-video-preview:-1\" \/>\n<link rel=\"canonical\" href=\"https:\/\/mediatrade.fi\/en\/product\/blackmagic-ursa-mini-mic-mount-2\/\" \/>\n<meta property=\"og:locale\" content=\"en_US\" \/>\n<meta property=\"og:type\" content=\"article\" \/>\n<meta property=\"og:title\" content=\"Blackmagic URSA Mini Mic Mount - Mediatrade\" \/>\n<meta property=\"og:description\" content=\"URSA Mini Mic Mount kitist\u00e4 l\u00f6ytyy suora ja kulmakiinnikkeet sek\u00e4 ruuvit kamerakiinnityst\u00e4 varten.\" \/>\n<meta property=\"og:url\" content=\"https:\/\/mediatrade.fi\/en\/product\/blackmagic-ursa-mini-mic-mount-2\/\" \/>\n<meta property=\"og:site_name\" content=\"Mediatrade\" \/>\n<meta property=\"article:modified_time\" content=\"2026-04-20T04:19:46+00:00\" \/>\n<meta property=\"og:image\" content=\"https:\/\/mediatrade.fi\/wp-content\/uploads\/2022\/04\/blackmagicdesign-blackmagicursaminimic-mount.jpg\" \/>\n\t<meta property=\"og:image:width\" content=\"344\" \/>\n\t<meta property=\"og:image:height\" content=\"242\" \/>\n\t<meta property=\"og:image:type\" content=\"image\/jpeg\" \/>\n<meta name=\"twitter:card\" content=\"summary_large_image\" \/>\n<meta name=\"twitter:label1\" content=\"Est. reading time\" \/>\n\t<meta name=\"twitter:data1\" content=\"1 minute\" \/>\n<script type=\"application\/ld+json\" class=\"yoast-schema-graph\">{\"@context\":\"https:\\\/\\\/schema.org\",\"@graph\":[{\"@type\":\"WebPage\",\"@id\":\"https:\\\/\\\/mediatrade.fi\\\/en\\\/product\\\/blackmagic-ursa-mini-mic-mount-2\\\/\",\"url\":\"https:\\\/\\\/mediatrade.fi\\\/en\\\/product\\\/blackmagic-ursa-mini-mic-mount-2\\\/\",\"name\":\"Blackmagic URSA Mini Mic Mount - Mediatrade\",\"isPartOf\":{\"@id\":\"https:\\\/\\\/mediatrade.fi\\\/en\\\/#website\"},\"primaryImageOfPage\":{\"@id\":\"https:\\\/\\\/mediatrade.fi\\\/en\\\/product\\\/blackmagic-ursa-mini-mic-mount-2\\\/#primaryimage\"},\"image\":{\"@id\":\"https:\\\/\\\/mediatrade.fi\\\/en\\\/product\\\/blackmagic-ursa-mini-mic-mount-2\\\/#primaryimage\"},\"thumbnailUrl\":\"https:\\\/\\\/mediatrade.fi\\\/wp-content\\\/uploads\\\/2022\\\/04\\\/blackmagicdesign-blackmagicursaminimic-mount.jpg\",\"datePublished\":\"2025-01-21T19:50:34+00:00\",\"dateModified\":\"2026-04-20T04:19:46+00:00\",\"description\":\"URSA Mini Mic Mount kitist\u00e4 l\u00f6ytyy suora ja kulmakiinnikkeet sek\u00e4 ruuvit kamerakiinnityst\u00e4 varten.\",\"breadcrumb\":{\"@id\":\"https:\\\/\\\/mediatrade.fi\\\/en\\\/product\\\/blackmagic-ursa-mini-mic-mount-2\\\/#breadcrumb\"},\"inLanguage\":\"en-US\",\"potentialAction\":[{\"@type\":\"ReadAction\",\"target\":[\"https:\\\/\\\/mediatrade.fi\\\/en\\\/product\\\/blackmagic-ursa-mini-mic-mount-2\\\/\"]}]},{\"@type\":\"ImageObject\",\"inLanguage\":\"en-US\",\"@id\":\"https:\\\/\\\/mediatrade.fi\\\/en\\\/product\\\/blackmagic-ursa-mini-mic-mount-2\\\/#primaryimage\",\"url\":\"https:\\\/\\\/mediatrade.fi\\\/wp-content\\\/uploads\\\/2022\\\/04\\\/blackmagicdesign-blackmagicursaminimic-mount.jpg\",\"contentUrl\":\"https:\\\/\\\/mediatrade.fi\\\/wp-content\\\/uploads\\\/2022\\\/04\\\/blackmagicdesign-blackmagicursaminimic-mount.jpg\",\"width\":344,\"height\":242},{\"@type\":\"BreadcrumbList\",\"@id\":\"https:\\\/\\\/mediatrade.fi\\\/en\\\/product\\\/blackmagic-ursa-mini-mic-mount-2\\\/#breadcrumb\",\"itemListElement\":[{\"@type\":\"ListItem\",\"position\":1,\"name\":\"Front Page\",\"item\":\"https:\\\/\\\/mediatrade.fi\\\/en\\\/\"},{\"@type\":\"ListItem\",\"position\":2,\"name\":\"Shop\",\"item\":\"https:\\\/\\\/mediatrade.fi\\\/en\\\/shop\\\/\"},{\"@type\":\"ListItem\",\"position\":3,\"name\":\"Blackmagic URSA Mini Mic Mount\"}]},{\"@type\":\"WebSite\",\"@id\":\"https:\\\/\\\/mediatrade.fi\\\/en\\\/#website\",\"url\":\"https:\\\/\\\/mediatrade.fi\\\/en\\\/\",\"name\":\"Mediatrade\",\"description\":\"\",\"publisher\":{\"@id\":\"https:\\\/\\\/mediatrade.fi\\\/en\\\/#organization\"},\"potentialAction\":[{\"@type\":\"SearchAction\",\"target\":{\"@type\":\"EntryPoint\",\"urlTemplate\":\"https:\\\/\\\/mediatrade.fi\\\/en\\\/?s={search_term_string}\"},\"query-input\":{\"@type\":\"PropertyValueSpecification\",\"valueRequired\":true,\"valueName\":\"search_term_string\"}}],\"inLanguage\":\"en-US\"},{\"@type\":\"Organization\",\"@id\":\"https:\\\/\\\/mediatrade.fi\\\/en\\\/#organization\",\"name\":\"Mediatrade\",\"url\":\"https:\\\/\\\/mediatrade.fi\\\/en\\\/\",\"logo\":{\"@type\":\"ImageObject\",\"inLanguage\":\"en-US\",\"@id\":\"https:\\\/\\\/mediatrade.fi\\\/en\\\/#\\\/schema\\\/logo\\\/image\\\/\",\"url\":\"https:\\\/\\\/mediatrade.fi\\\/wp-content\\\/uploads\\\/2022\\\/04\\\/Group-640.svg\",\"contentUrl\":\"https:\\\/\\\/mediatrade.fi\\\/wp-content\\\/uploads\\\/2022\\\/04\\\/Group-640.svg\",\"width\":128,\"height\":43,\"caption\":\"Mediatrade\"},\"image\":{\"@id\":\"https:\\\/\\\/mediatrade.fi\\\/en\\\/#\\\/schema\\\/logo\\\/image\\\/\"}}]}<\/script>\n<!-- \/ Yoast SEO plugin. -->","yoast_head_json":{"title":"Blackmagic URSA Mini Mic Mount - Mediatrade","description":"URSA Mini Mic Mount kitist\u00e4 l\u00f6ytyy suora ja kulmakiinnikkeet sek\u00e4 ruuvit kamerakiinnityst\u00e4 varten.","robots":{"index":"index","follow":"follow","max-snippet":"max-snippet:-1","max-image-preview":"max-image-preview:large","max-video-preview":"max-video-preview:-1"},"canonical":"https:\/\/mediatrade.fi\/en\/product\/blackmagic-ursa-mini-mic-mount-2\/","og_locale":"en_US","og_type":"article","og_title":"Blackmagic URSA Mini Mic Mount - Mediatrade","og_description":"URSA Mini Mic Mount kitist\u00e4 l\u00f6ytyy suora ja kulmakiinnikkeet sek\u00e4 ruuvit kamerakiinnityst\u00e4 varten.","og_url":"https:\/\/mediatrade.fi\/en\/product\/blackmagic-ursa-mini-mic-mount-2\/","og_site_name":"Mediatrade","article_modified_time":"2026-04-20T04:19:46+00:00","og_image":[{"width":344,"height":242,"url":"https:\/\/mediatrade.fi\/wp-content\/uploads\/2022\/04\/blackmagicdesign-blackmagicursaminimic-mount.jpg","type":"image\/jpeg"}],"twitter_card":"summary_large_image","twitter_misc":{"Est. reading time":"1 minute"},"schema":{"@context":"https:\/\/schema.org","@graph":[{"@type":"WebPage","@id":"https:\/\/mediatrade.fi\/en\/product\/blackmagic-ursa-mini-mic-mount-2\/","url":"https:\/\/mediatrade.fi\/en\/product\/blackmagic-ursa-mini-mic-mount-2\/","name":"Blackmagic URSA Mini Mic Mount - Mediatrade","isPartOf":{"@id":"https:\/\/mediatrade.fi\/en\/#website"},"primaryImageOfPage":{"@id":"https:\/\/mediatrade.fi\/en\/product\/blackmagic-ursa-mini-mic-mount-2\/#primaryimage"},"image":{"@id":"https:\/\/mediatrade.fi\/en\/product\/blackmagic-ursa-mini-mic-mount-2\/#primaryimage"},"thumbnailUrl":"https:\/\/mediatrade.fi\/wp-content\/uploads\/2022\/04\/blackmagicdesign-blackmagicursaminimic-mount.jpg","datePublished":"2025-01-21T19:50:34+00:00","dateModified":"2026-04-20T04:19:46+00:00","description":"URSA Mini Mic Mount kitist\u00e4 l\u00f6ytyy suora ja kulmakiinnikkeet sek\u00e4 ruuvit kamerakiinnityst\u00e4 varten.","breadcrumb":{"@id":"https:\/\/mediatrade.fi\/en\/product\/blackmagic-ursa-mini-mic-mount-2\/#breadcrumb"},"inLanguage":"en-US","potentialAction":[{"@type":"ReadAction","target":["https:\/\/mediatrade.fi\/en\/product\/blackmagic-ursa-mini-mic-mount-2\/"]}]},{"@type":"ImageObject","inLanguage":"en-US","@id":"https:\/\/mediatrade.fi\/en\/product\/blackmagic-ursa-mini-mic-mount-2\/#primaryimage","url":"https:\/\/mediatrade.fi\/wp-content\/uploads\/2022\/04\/blackmagicdesign-blackmagicursaminimic-mount.jpg","contentUrl":"https:\/\/mediatrade.fi\/wp-content\/uploads\/2022\/04\/blackmagicdesign-blackmagicursaminimic-mount.jpg","width":344,"height":242},{"@type":"BreadcrumbList","@id":"https:\/\/mediatrade.fi\/en\/product\/blackmagic-ursa-mini-mic-mount-2\/#breadcrumb","itemListElement":[{"@type":"ListItem","position":1,"name":"Front Page","item":"https:\/\/mediatrade.fi\/en\/"},{"@type":"ListItem","position":2,"name":"Shop","item":"https:\/\/mediatrade.fi\/en\/shop\/"},{"@type":"ListItem","position":3,"name":"Blackmagic URSA Mini Mic Mount"}]},{"@type":"WebSite","@id":"https:\/\/mediatrade.fi\/en\/#website","url":"https:\/\/mediatrade.fi\/en\/","name":"Mediatrade","description":"","publisher":{"@id":"https:\/\/mediatrade.fi\/en\/#organization"},"potentialAction":[{"@type":"SearchAction","target":{"@type":"EntryPoint","urlTemplate":"https:\/\/mediatrade.fi\/en\/?s={search_term_string}"},"query-input":{"@type":"PropertyValueSpecification","valueRequired":true,"valueName":"search_term_string"}}],"inLanguage":"en-US"},{"@type":"Organization","@id":"https:\/\/mediatrade.fi\/en\/#organization","name":"Mediatrade","url":"https:\/\/mediatrade.fi\/en\/","logo":{"@type":"ImageObject","inLanguage":"en-US","@id":"https:\/\/mediatrade.fi\/en\/#\/schema\/logo\/image\/","url":"https:\/\/mediatrade.fi\/wp-content\/uploads\/2022\/04\/Group-640.svg","contentUrl":"https:\/\/mediatrade.fi\/wp-content\/uploads\/2022\/04\/Group-640.svg","width":128,"height":43,"caption":"Mediatrade"},"image":{"@id":"https:\/\/mediatrade.fi\/en\/#\/schema\/logo\/image\/"}}]}},"_links":{"self":[{"href":"https:\/\/mediatrade.fi\/en\/wp-json\/wp\/v2\/product\/393677","targetHints":{"allow":["GET"]}}],"collection":[{"href":"https:\/\/mediatrade.fi\/en\/wp-json\/wp\/v2\/product"}],"about":[{"href":"https:\/\/mediatrade.fi\/en\/wp-json\/wp\/v2\/types\/product"}],"wp:featuredmedia":[{"embeddable":true,"href":"https:\/\/mediatrade.fi\/en\/wp-json\/wp\/v2\/media\/70998"}],"wp:attachment":[{"href":"https:\/\/mediatrade.fi\/en\/wp-json\/wp\/v2\/media?parent=393677"}],"wp:term":[{"taxonomy":"product_brand","embeddable":true,"href":"https:\/\/mediatrade.fi\/en\/wp-json\/wp\/v2\/product_brand?post=393677"},{"taxonomy":"product_cat","embeddable":true,"href":"https:\/\/mediatrade.fi\/en\/wp-json\/wp\/v2\/product_cat?post=393677"},{"taxonomy":"product_tag","embeddable":true,"href":"https:\/\/mediatrade.fi\/en\/wp-json\/wp\/v2\/product_tag?post=393677"},{"taxonomy":"brands","embeddable":true,"href":"https:\/\/mediatrade.fi\/en\/wp-json\/wp\/v2\/brands?post=393677"},{"taxonomy":"id_product_type","embeddable":true,"href":"https:\/\/mediatrade.fi\/en\/wp-json\/wp\/v2\/id_product_type?post=393677"}],"curies":[{"name":"wp","href":"https:\/\/api.w.org\/{rel}","templated":true}]}}