{"id":393687,"date":"2022-05-23T09:50:34","date_gmt":"2025-01-21T19:50:41","guid":{"rendered":"https:\/\/mediatrade.fi\/tuote\/blackmagic-camera-fiber-converter-2\/"},"modified":"2026-02-16T11:08:16","modified_gmt":"2026-02-16T09:08:16","slug":"blackmagic-camera-fiber-converter-2","status":"publish","type":"product","link":"https:\/\/mediatrade.fi\/en\/product\/blackmagic-camera-fiber-converter-2\/","title":{"rendered":"Blackmagic Camera Fiber Converter"},"content":{"rendered":"\n<section class=\"block block-woocommerce-product-description container-fluid container-fluid \">\n    <div class=\"container\">\n        <div class=\"row\">\n            <div class=\"col-12 col-md-6 order-2 order-md-1 attachments-col\">\n                                            <\/div>\n\n            <div class=\"col-12 col-md-5 offset-md-1 order-1 order-md-2\">\n                <main class=\"entry-content\">\n                    \n\n<h2 class=\"wp-block-heading\">Tuotetiedot<\/h2>\n\n\n\n<p>Yhdist\u00e4 kamerat live-mixereihin jopa 2 kilometrin p\u00e4\u00e4st\u00e4 yhdell\u00e4 kaapelilla (video, talkback, ohjaus ja virta).<\/p>\n\n\n\n<p><strong>Camera Fiber Converterilla<\/strong> operoit URSA Broadcast-kameraasi jopa 2 kilometrin p\u00e4\u00e4st\u00e4 standardi SMPTE-kuitukaapelin avulla. Camera Fiber Converter sis\u00e4lt\u00e4\u00e4 yleisimm\u00e4t live-kameran ohjaimet sek\u00e4 useat talkback- ja kuulokeliit\u00e4nn\u00e4t.<\/p>\n\n\n\n<h3 class=\"wp-block-heading\"><strong>Paketti sis\u00e4lt\u00e4\u00e4<\/strong><\/h3>\n\n\n\n<ul class=\"wp-block-list\"><li>Blackmagic Camera Fiber Converter<\/li><li>Mounting Bracket and screws for attaching to URSA Mini and URSA Broadcast cameras<\/li><li>3x Short 12G SDI cables for SDI In and Out connection to URSA Mini and URSA Broadcast<\/li><li>SD card with software and manual<\/li><\/ul>\n\n\n\n<h3 class=\"wp-block-heading\">Connections<\/h3>\n\n\n\n<h4 class=\"wp-block-heading\">Optical Fiber Input<\/h4>\n\n\n\n<p>1x SMPTE Hybrid Fiber Optic with SMPTE 304 connector (Male).<\/p>\n\n\n\n<h4 class=\"wp-block-heading\">SDI Video Input<\/h4>\n\n\n\n<p>1x 12G SDI for Camera feed.<\/p>\n\n\n\n<h4 class=\"wp-block-heading\">SDI Video Output<\/h4>\n\n\n\n<p>1x 12G SDI for Camera return feed, 3x 3G SDI for Return SDI Outputs.<\/p>\n\n\n\n<h4 class=\"wp-block-heading\">Talkback Audio<\/h4>\n\n\n\n<p>2x 5-pin XLR for headset with three way audio mixer per output, 1x Tracker output.<\/p>\n\n\n\n<h4 class=\"wp-block-heading\">Analog Audio<\/h4>\n\n\n\n<p>2x 3-pin XLR Inputs for AES, Line or Mic input. Phantom Power available.<\/p>\n\n\n\n<h4 class=\"wp-block-heading\">Computer Interface<\/h4>\n\n\n\n<p>1x USB-C connector.<\/p>\n\n\n                <\/main>\n            <\/div>\n        <\/div>\n    <\/div>\n<\/section>\n\n\n\n","protected":false},"excerpt":{"rendered":"","protected":false},"featured_media":71061,"template":"","meta":{"_acf_changed":false,"_relevanssi_hide_post":"","_relevanssi_hide_content":"","_relevanssi_pin_for_all":"","_relevanssi_pin_keywords":"","_relevanssi_unpin_keywords":"","_relevanssi_related_keywords":"","_relevanssi_related_include_ids":"","_relevanssi_related_exclude_ids":"","_relevanssi_related_no_append":"","_relevanssi_related_not_related":"","_relevanssi_related_posts":"","_relevanssi_noindex_reason":""},"product_brand":[],"product_cat":[2486,3498,2486,3498,3496,3496],"product_tag":[947,560,1511,907,1512,2490,2490],"brands":[708],"id_product_type":[],"class_list":{"0":"post-393687","1":"product","2":"type-product","3":"status-publish","4":"has-post-thumbnail","6":"product_cat-all-products","7":"product_cat-converters","10":"product_cat-studio-technology","12":"product_tag-blackmagic","13":"product_tag-blackmagic-design","14":"product_tag-camera-fiber-converter","15":"product_tag-converter","16":"product_tag-fiber-conerter","17":"product_tag-mediatrade-en","20":"first","21":"onbackorder","22":"taxable","23":"shipping-taxable","24":"purchasable","25":"product-type-simple"},"bundled_by":[],"bundle_stock_status":"onbackorder","bundle_stock_quantity":0,"bundle_virtual":false,"bundle_layout":"","bundle_add_to_cart_form_location":"","bundle_editable_in_cart":false,"bundle_sold_individually_context":"","bundle_item_grouping":"","bundle_min_size":"","bundle_max_size":"","bundle_price":[],"bundled_items":[],"bundle_sell_ids":[],"acf":[],"yoast_head":"<!-- This site is optimized with the Yoast SEO plugin v27.1.1 - https:\/\/yoast.com\/product\/yoast-seo-wordpress\/ -->\n<title>Blackmagic Camera Fiber Converter - Mediatrade<\/title>\n<meta name=\"description\" content=\"Yhdist\u00e4 kamerat live-mixereihin jopa 2 kilometrin p\u00e4\u00e4st\u00e4 yhdell\u00e4 kaapelilla (video, talkback, ohjaus ja virta)\" \/>\n<meta name=\"robots\" content=\"index, follow, max-snippet:-1, max-image-preview:large, max-video-preview:-1\" \/>\n<link rel=\"canonical\" href=\"https:\/\/mediatrade.fi\/en\/product\/blackmagic-camera-fiber-converter-2\/\" \/>\n<meta property=\"og:locale\" content=\"en_US\" \/>\n<meta property=\"og:type\" content=\"article\" \/>\n<meta property=\"og:title\" content=\"Blackmagic Camera Fiber Converter - Mediatrade\" \/>\n<meta property=\"og:description\" content=\"Yhdist\u00e4 kamerat live-mixereihin jopa 2 kilometrin p\u00e4\u00e4st\u00e4 yhdell\u00e4 kaapelilla (video, talkback, ohjaus ja virta)\" \/>\n<meta property=\"og:url\" content=\"https:\/\/mediatrade.fi\/en\/product\/blackmagic-camera-fiber-converter-2\/\" \/>\n<meta property=\"og:site_name\" content=\"Mediatrade\" \/>\n<meta property=\"article:modified_time\" content=\"2026-02-16T09:08:16+00:00\" \/>\n<meta property=\"og:image\" content=\"https:\/\/mediatrade.fi\/wp-content\/uploads\/2022\/04\/blackmagicdesign-camerafiber-converter-scaled.jpg\" \/>\n\t<meta property=\"og:image:width\" content=\"2560\" \/>\n\t<meta property=\"og:image:height\" content=\"2133\" \/>\n\t<meta property=\"og:image:type\" content=\"image\/jpeg\" \/>\n<meta name=\"twitter:card\" content=\"summary_large_image\" \/>\n<meta name=\"twitter:label1\" content=\"Est. reading time\" \/>\n\t<meta name=\"twitter:data1\" content=\"1 minute\" \/>\n<script type=\"application\/ld+json\" class=\"yoast-schema-graph\">{\"@context\":\"https:\/\/schema.org\",\"@graph\":[{\"@type\":\"WebPage\",\"@id\":\"https:\/\/mediatrade.fi\/en\/product\/blackmagic-camera-fiber-converter-2\/\",\"url\":\"https:\/\/mediatrade.fi\/en\/product\/blackmagic-camera-fiber-converter-2\/\",\"name\":\"Blackmagic Camera Fiber Converter - Mediatrade\",\"isPartOf\":{\"@id\":\"https:\/\/mediatrade.fi\/en\/#website\"},\"primaryImageOfPage\":{\"@id\":\"https:\/\/mediatrade.fi\/en\/product\/blackmagic-camera-fiber-converter-2\/#primaryimage\"},\"image\":{\"@id\":\"https:\/\/mediatrade.fi\/en\/product\/blackmagic-camera-fiber-converter-2\/#primaryimage\"},\"thumbnailUrl\":\"https:\/\/mediatrade.fi\/wp-content\/uploads\/2022\/04\/blackmagicdesign-camerafiber-converter-scaled.jpg\",\"datePublished\":\"2025-01-21T19:50:41+00:00\",\"dateModified\":\"2026-02-16T09:08:16+00:00\",\"description\":\"Yhdist\u00e4 kamerat live-mixereihin jopa 2 kilometrin p\u00e4\u00e4st\u00e4 yhdell\u00e4 kaapelilla (video, talkback, ohjaus ja virta)\",\"breadcrumb\":{\"@id\":\"https:\/\/mediatrade.fi\/en\/product\/blackmagic-camera-fiber-converter-2\/#breadcrumb\"},\"inLanguage\":\"en-US\",\"potentialAction\":[{\"@type\":\"ReadAction\",\"target\":[\"https:\/\/mediatrade.fi\/en\/product\/blackmagic-camera-fiber-converter-2\/\"]}]},{\"@type\":\"ImageObject\",\"inLanguage\":\"en-US\",\"@id\":\"https:\/\/mediatrade.fi\/en\/product\/blackmagic-camera-fiber-converter-2\/#primaryimage\",\"url\":\"https:\/\/mediatrade.fi\/wp-content\/uploads\/2022\/04\/blackmagicdesign-camerafiber-converter-scaled.jpg\",\"contentUrl\":\"https:\/\/mediatrade.fi\/wp-content\/uploads\/2022\/04\/blackmagicdesign-camerafiber-converter-scaled.jpg\",\"width\":2560,\"height\":2133},{\"@type\":\"BreadcrumbList\",\"@id\":\"https:\/\/mediatrade.fi\/en\/product\/blackmagic-camera-fiber-converter-2\/#breadcrumb\",\"itemListElement\":[{\"@type\":\"ListItem\",\"position\":1,\"name\":\"Front Page\",\"item\":\"https:\/\/mediatrade.fi\/en\/\"},{\"@type\":\"ListItem\",\"position\":2,\"name\":\"Shop\",\"item\":\"https:\/\/mediatrade.fi\/en\/shop\/\"},{\"@type\":\"ListItem\",\"position\":3,\"name\":\"Blackmagic Camera Fiber Converter\"}]},{\"@type\":\"WebSite\",\"@id\":\"https:\/\/mediatrade.fi\/en\/#website\",\"url\":\"https:\/\/mediatrade.fi\/en\/\",\"name\":\"Mediatrade\",\"description\":\"\",\"publisher\":{\"@id\":\"https:\/\/mediatrade.fi\/en\/#organization\"},\"potentialAction\":[{\"@type\":\"SearchAction\",\"target\":{\"@type\":\"EntryPoint\",\"urlTemplate\":\"https:\/\/mediatrade.fi\/en\/?s={search_term_string}\"},\"query-input\":{\"@type\":\"PropertyValueSpecification\",\"valueRequired\":true,\"valueName\":\"search_term_string\"}}],\"inLanguage\":\"en-US\"},{\"@type\":\"Organization\",\"@id\":\"https:\/\/mediatrade.fi\/en\/#organization\",\"name\":\"Mediatrade\",\"url\":\"https:\/\/mediatrade.fi\/en\/\",\"logo\":{\"@type\":\"ImageObject\",\"inLanguage\":\"en-US\",\"@id\":\"https:\/\/mediatrade.fi\/en\/#\/schema\/logo\/image\/\",\"url\":\"https:\/\/mediatrade.fi\/wp-content\/uploads\/2022\/04\/Group-640.svg\",\"contentUrl\":\"https:\/\/mediatrade.fi\/wp-content\/uploads\/2022\/04\/Group-640.svg\",\"width\":128,\"height\":43,\"caption\":\"Mediatrade\"},\"image\":{\"@id\":\"https:\/\/mediatrade.fi\/en\/#\/schema\/logo\/image\/\"}}]}<\/script>\n<!-- \/ Yoast SEO plugin. -->","yoast_head_json":{"title":"Blackmagic Camera Fiber Converter - Mediatrade","description":"Yhdist\u00e4 kamerat live-mixereihin jopa 2 kilometrin p\u00e4\u00e4st\u00e4 yhdell\u00e4 kaapelilla (video, talkback, ohjaus ja virta)","robots":{"index":"index","follow":"follow","max-snippet":"max-snippet:-1","max-image-preview":"max-image-preview:large","max-video-preview":"max-video-preview:-1"},"canonical":"https:\/\/mediatrade.fi\/en\/product\/blackmagic-camera-fiber-converter-2\/","og_locale":"en_US","og_type":"article","og_title":"Blackmagic Camera Fiber Converter - Mediatrade","og_description":"Yhdist\u00e4 kamerat live-mixereihin jopa 2 kilometrin p\u00e4\u00e4st\u00e4 yhdell\u00e4 kaapelilla (video, talkback, ohjaus ja virta)","og_url":"https:\/\/mediatrade.fi\/en\/product\/blackmagic-camera-fiber-converter-2\/","og_site_name":"Mediatrade","article_modified_time":"2026-02-16T09:08:16+00:00","og_image":[{"width":2560,"height":2133,"url":"https:\/\/mediatrade.fi\/wp-content\/uploads\/2022\/04\/blackmagicdesign-camerafiber-converter-scaled.jpg","type":"image\/jpeg"}],"twitter_card":"summary_large_image","twitter_misc":{"Est. reading time":"1 minute"},"schema":{"@context":"https:\/\/schema.org","@graph":[{"@type":"WebPage","@id":"https:\/\/mediatrade.fi\/en\/product\/blackmagic-camera-fiber-converter-2\/","url":"https:\/\/mediatrade.fi\/en\/product\/blackmagic-camera-fiber-converter-2\/","name":"Blackmagic Camera Fiber Converter - Mediatrade","isPartOf":{"@id":"https:\/\/mediatrade.fi\/en\/#website"},"primaryImageOfPage":{"@id":"https:\/\/mediatrade.fi\/en\/product\/blackmagic-camera-fiber-converter-2\/#primaryimage"},"image":{"@id":"https:\/\/mediatrade.fi\/en\/product\/blackmagic-camera-fiber-converter-2\/#primaryimage"},"thumbnailUrl":"https:\/\/mediatrade.fi\/wp-content\/uploads\/2022\/04\/blackmagicdesign-camerafiber-converter-scaled.jpg","datePublished":"2025-01-21T19:50:41+00:00","dateModified":"2026-02-16T09:08:16+00:00","description":"Yhdist\u00e4 kamerat live-mixereihin jopa 2 kilometrin p\u00e4\u00e4st\u00e4 yhdell\u00e4 kaapelilla (video, talkback, ohjaus ja virta)","breadcrumb":{"@id":"https:\/\/mediatrade.fi\/en\/product\/blackmagic-camera-fiber-converter-2\/#breadcrumb"},"inLanguage":"en-US","potentialAction":[{"@type":"ReadAction","target":["https:\/\/mediatrade.fi\/en\/product\/blackmagic-camera-fiber-converter-2\/"]}]},{"@type":"ImageObject","inLanguage":"en-US","@id":"https:\/\/mediatrade.fi\/en\/product\/blackmagic-camera-fiber-converter-2\/#primaryimage","url":"https:\/\/mediatrade.fi\/wp-content\/uploads\/2022\/04\/blackmagicdesign-camerafiber-converter-scaled.jpg","contentUrl":"https:\/\/mediatrade.fi\/wp-content\/uploads\/2022\/04\/blackmagicdesign-camerafiber-converter-scaled.jpg","width":2560,"height":2133},{"@type":"BreadcrumbList","@id":"https:\/\/mediatrade.fi\/en\/product\/blackmagic-camera-fiber-converter-2\/#breadcrumb","itemListElement":[{"@type":"ListItem","position":1,"name":"Front Page","item":"https:\/\/mediatrade.fi\/en\/"},{"@type":"ListItem","position":2,"name":"Shop","item":"https:\/\/mediatrade.fi\/en\/shop\/"},{"@type":"ListItem","position":3,"name":"Blackmagic Camera Fiber Converter"}]},{"@type":"WebSite","@id":"https:\/\/mediatrade.fi\/en\/#website","url":"https:\/\/mediatrade.fi\/en\/","name":"Mediatrade","description":"","publisher":{"@id":"https:\/\/mediatrade.fi\/en\/#organization"},"potentialAction":[{"@type":"SearchAction","target":{"@type":"EntryPoint","urlTemplate":"https:\/\/mediatrade.fi\/en\/?s={search_term_string}"},"query-input":{"@type":"PropertyValueSpecification","valueRequired":true,"valueName":"search_term_string"}}],"inLanguage":"en-US"},{"@type":"Organization","@id":"https:\/\/mediatrade.fi\/en\/#organization","name":"Mediatrade","url":"https:\/\/mediatrade.fi\/en\/","logo":{"@type":"ImageObject","inLanguage":"en-US","@id":"https:\/\/mediatrade.fi\/en\/#\/schema\/logo\/image\/","url":"https:\/\/mediatrade.fi\/wp-content\/uploads\/2022\/04\/Group-640.svg","contentUrl":"https:\/\/mediatrade.fi\/wp-content\/uploads\/2022\/04\/Group-640.svg","width":128,"height":43,"caption":"Mediatrade"},"image":{"@id":"https:\/\/mediatrade.fi\/en\/#\/schema\/logo\/image\/"}}]}},"_links":{"self":[{"href":"https:\/\/mediatrade.fi\/en\/wp-json\/wp\/v2\/product\/393687","targetHints":{"allow":["GET"]}}],"collection":[{"href":"https:\/\/mediatrade.fi\/en\/wp-json\/wp\/v2\/product"}],"about":[{"href":"https:\/\/mediatrade.fi\/en\/wp-json\/wp\/v2\/types\/product"}],"wp:featuredmedia":[{"embeddable":true,"href":"https:\/\/mediatrade.fi\/en\/wp-json\/wp\/v2\/media\/71061"}],"wp:attachment":[{"href":"https:\/\/mediatrade.fi\/en\/wp-json\/wp\/v2\/media?parent=393687"}],"wp:term":[{"taxonomy":"product_brand","embeddable":true,"href":"https:\/\/mediatrade.fi\/en\/wp-json\/wp\/v2\/product_brand?post=393687"},{"taxonomy":"product_cat","embeddable":true,"href":"https:\/\/mediatrade.fi\/en\/wp-json\/wp\/v2\/product_cat?post=393687"},{"taxonomy":"product_tag","embeddable":true,"href":"https:\/\/mediatrade.fi\/en\/wp-json\/wp\/v2\/product_tag?post=393687"},{"taxonomy":"brands","embeddable":true,"href":"https:\/\/mediatrade.fi\/en\/wp-json\/wp\/v2\/brands?post=393687"},{"taxonomy":"id_product_type","embeddable":true,"href":"https:\/\/mediatrade.fi\/en\/wp-json\/wp\/v2\/id_product_type?post=393687"}],"curies":[{"name":"wp","href":"https:\/\/api.w.org\/{rel}","templated":true}]}}