{"id":393689,"date":"2022-05-23T09:26:30","date_gmt":"2022-05-23T06:26:30","guid":{"rendered":"https:\/\/mediatrade.fi\/tuote\/blackmagic-pocket-cinema-camera-4k-3\/"},"modified":"2026-02-16T11:06:50","modified_gmt":"2026-02-16T09:06:50","slug":"blackmagic-pocket-cinema-camera-4k-3","status":"publish","type":"product","link":"https:\/\/mediatrade.fi\/en\/product\/blackmagic-pocket-cinema-camera-4k-3\/","title":{"rendered":"Blackmagic Pocket Cinema Camera 4K"},"content":{"rendered":"\n<section class=\"block block-woocommerce-product-description container-fluid container-fluid \">\n    <div class=\"container\">\n        <div class=\"row\">\n            <div class=\"col-12 col-md-6 order-2 order-md-1 attachments-col\">\n                                            <\/div>\n\n            <div class=\"col-12 col-md-5 offset-md-1 order-1 order-md-2\">\n                <main class=\"entry-content\">\n                    \n\n<h2 class=\"wp-block-heading\">Blackmagic Pocket Cinema Camera 4K<\/h2>\n\n\n\n<h3 class=\"wp-block-heading\">Blackmagic Pocket Cinema Camera 4K on kevyt hiilikuiturunkoinen 4K-filmikamera<\/h3>\n\n\n\n<p>Pocket Cinema Camera 4K -kamera on tarkoitettu mm nopeisiin tuotantoihin, jossa uutuuden ominaisuudet tulevat&nbsp;parhaiten esiin. Blackmagic Design on lis\u00e4nnyt valmiita pikapainikkeita yleisimpiin toimintoihin, muun muassa&nbsp;shutter angle, ISO-arvo, white balance ja HFR.<\/p>\n\n\n\n<p>Kamerassa on Dual Native ISO -ominaisuus, ja maksimi ISO arvo on 25600.&nbsp;Kamerassa on hyv\u00e4laatuinen 5&#8243; kosketusn\u00e4ytt\u00f6 ja suora taltiontimahdollisuus USB-C-levylle. Tallennusmediana on CFast\/SD-kortit&nbsp;ja tallennusformaattina on 12-bit CinemaDNG RAW, RAW 3:1, RAW 4:1, sek\u00e4 ProRes 422HQ, 422, 422LT ja 422 Proxy.&nbsp;Dynaaminen alue on 13 stoppia. Kameralla saadaan taltioitua ylinopeuskuvaa jopa 120fps asti (HD windowed moodissa), ja 60fps (4K DCI). kameralla pystyy ottamaan my\u00f6s still-kuvia!<\/p>\n\n\n\n<h3 class=\"wp-block-heading\">Pocket Cinema Camera 4K ominaisuuksia:<\/h3>\n\n\n\n<ul class=\"wp-block-list\">\n<li>Bluetooth<\/li>\n\n\n\n<li>Edistyneet audio-ominaisuudet<\/li>\n\n\n\n<li>Color Science 4.0<\/li>\n\n\n\n<li>Dual Native ISO, 25600<\/li>\n\n\n\n<li>4\/3-kenno<\/li>\n\n\n\n<li>High framerate tallennus<\/li>\n\n\n\n<li>3D-LUT tuki<\/li>\n\n\n\n<li>Still-kuvat<\/li>\n\n\n\n<li>Suora taltionti ulkoiselle levylle (USB-C)<\/li>\n\n\n\n<li>5&#8243; kosketusn\u00e4ytt\u00f6<\/li>\n\n\n\n<li>Sama OS kuin Ursa Miniss\u00e4<\/li>\n\n\n\n<li>Full-HDMI output<\/li>\n\n\n\n<li>Tallennus: CinemaDNG RAW<\/li>\n\n\n\n<li>Tallennusmedia: CFast + SD<\/li>\n\n\n\n<li>Akku: LP-E6 akut<\/li>\n<\/ul>\n\n\n                <\/main>\n            <\/div>\n        <\/div>\n    <\/div>\n<\/section>\n\n\n\n","protected":false},"excerpt":{"rendered":"","protected":false},"featured_media":85650,"template":"","meta":{"_acf_changed":false,"_relevanssi_hide_post":"","_relevanssi_hide_content":"","_relevanssi_pin_for_all":"","_relevanssi_pin_keywords":"","_relevanssi_unpin_keywords":"","_relevanssi_related_keywords":"","_relevanssi_related_include_ids":"","_relevanssi_related_exclude_ids":"","_relevanssi_related_no_append":"","_relevanssi_related_not_related":"","_relevanssi_related_posts":"","_relevanssi_noindex_reason":""},"product_brand":[],"product_cat":[2486,3476,9057,9057,3473],"product_tag":[2490],"brands":[708],"id_product_type":[],"class_list":{"0":"post-393689","1":"product","2":"type-product","3":"status-publish","4":"has-post-thumbnail","6":"product_cat-all-products","7":"product_cat-cameras-and-equipment","8":"product_cat-in-store","10":"product_cat-video","11":"product_tag-mediatrade-en","13":"first","14":"instock","15":"taxable","16":"shipping-taxable","17":"purchasable","18":"product-type-simple"},"bundled_by":[],"bundle_stock_status":"instock","bundle_stock_quantity":1,"bundle_virtual":false,"bundle_layout":"","bundle_add_to_cart_form_location":"","bundle_editable_in_cart":false,"bundle_sold_individually_context":"","bundle_item_grouping":"","bundle_min_size":"","bundle_max_size":"","bundle_price":[],"bundled_items":[],"bundle_sell_ids":[],"acf":[],"yoast_head":"<!-- This site is optimized with the Yoast SEO plugin v27.1.1 - https:\/\/yoast.com\/product\/yoast-seo-wordpress\/ -->\n<title>Blackmagic Pocket Cinema Camera 4K - Mediatrade<\/title>\n<meta name=\"description\" content=\"Pocket Cinema Camera 4K -kamera on tarkoitettu mm nopeisiin tuotantoihin, jossa uutuuden ominaisuudet tulevat\u00a0parhaiten esiin.\" \/>\n<meta name=\"robots\" content=\"index, follow, max-snippet:-1, max-image-preview:large, max-video-preview:-1\" \/>\n<link rel=\"canonical\" href=\"https:\/\/mediatrade.fi\/en\/product\/blackmagic-pocket-cinema-camera-4k-3\/\" \/>\n<meta property=\"og:locale\" content=\"en_US\" \/>\n<meta property=\"og:type\" content=\"article\" \/>\n<meta property=\"og:title\" content=\"Blackmagic Pocket Cinema Camera 4K - Mediatrade\" \/>\n<meta property=\"og:description\" content=\"Pocket Cinema Camera 4K -kamera on tarkoitettu mm nopeisiin tuotantoihin, jossa uutuuden ominaisuudet tulevat\u00a0parhaiten esiin.\" \/>\n<meta property=\"og:url\" content=\"https:\/\/mediatrade.fi\/en\/product\/blackmagic-pocket-cinema-camera-4k-3\/\" \/>\n<meta property=\"og:site_name\" content=\"Mediatrade\" \/>\n<meta property=\"article:modified_time\" content=\"2026-02-16T09:06:50+00:00\" \/>\n<meta property=\"og:image\" content=\"https:\/\/mediatrade.fi\/wp-content\/uploads\/2022\/05\/blackmagic-pocket-cinema-camera-4k-hero-1.jpg\" \/>\n\t<meta property=\"og:image:width\" content=\"494\" \/>\n\t<meta property=\"og:image:height\" content=\"368\" \/>\n\t<meta property=\"og:image:type\" content=\"image\/jpeg\" \/>\n<meta name=\"twitter:card\" content=\"summary_large_image\" \/>\n<meta name=\"twitter:label1\" content=\"Est. reading time\" \/>\n\t<meta name=\"twitter:data1\" content=\"1 minute\" \/>\n<script type=\"application\/ld+json\" class=\"yoast-schema-graph\">{\"@context\":\"https:\/\/schema.org\",\"@graph\":[{\"@type\":\"WebPage\",\"@id\":\"https:\/\/mediatrade.fi\/en\/product\/blackmagic-pocket-cinema-camera-4k-3\/\",\"url\":\"https:\/\/mediatrade.fi\/en\/product\/blackmagic-pocket-cinema-camera-4k-3\/\",\"name\":\"Blackmagic Pocket Cinema Camera 4K - Mediatrade\",\"isPartOf\":{\"@id\":\"https:\/\/mediatrade.fi\/en\/#website\"},\"primaryImageOfPage\":{\"@id\":\"https:\/\/mediatrade.fi\/en\/product\/blackmagic-pocket-cinema-camera-4k-3\/#primaryimage\"},\"image\":{\"@id\":\"https:\/\/mediatrade.fi\/en\/product\/blackmagic-pocket-cinema-camera-4k-3\/#primaryimage\"},\"thumbnailUrl\":\"https:\/\/mediatrade.fi\/wp-content\/uploads\/2022\/05\/blackmagic-pocket-cinema-camera-4k-hero-1.jpg\",\"datePublished\":\"2022-05-23T06:26:30+00:00\",\"dateModified\":\"2026-02-16T09:06:50+00:00\",\"description\":\"Pocket Cinema Camera 4K -kamera on tarkoitettu mm nopeisiin tuotantoihin, jossa uutuuden ominaisuudet tulevat\u00a0parhaiten esiin.\",\"breadcrumb\":{\"@id\":\"https:\/\/mediatrade.fi\/en\/product\/blackmagic-pocket-cinema-camera-4k-3\/#breadcrumb\"},\"inLanguage\":\"en-US\",\"potentialAction\":[{\"@type\":\"ReadAction\",\"target\":[\"https:\/\/mediatrade.fi\/en\/product\/blackmagic-pocket-cinema-camera-4k-3\/\"]}]},{\"@type\":\"ImageObject\",\"inLanguage\":\"en-US\",\"@id\":\"https:\/\/mediatrade.fi\/en\/product\/blackmagic-pocket-cinema-camera-4k-3\/#primaryimage\",\"url\":\"https:\/\/mediatrade.fi\/wp-content\/uploads\/2022\/05\/blackmagic-pocket-cinema-camera-4k-hero-1.jpg\",\"contentUrl\":\"https:\/\/mediatrade.fi\/wp-content\/uploads\/2022\/05\/blackmagic-pocket-cinema-camera-4k-hero-1.jpg\",\"width\":494,\"height\":368},{\"@type\":\"BreadcrumbList\",\"@id\":\"https:\/\/mediatrade.fi\/en\/product\/blackmagic-pocket-cinema-camera-4k-3\/#breadcrumb\",\"itemListElement\":[{\"@type\":\"ListItem\",\"position\":1,\"name\":\"Front Page\",\"item\":\"https:\/\/mediatrade.fi\/en\/\"},{\"@type\":\"ListItem\",\"position\":2,\"name\":\"Shop\",\"item\":\"https:\/\/mediatrade.fi\/en\/shop\/\"},{\"@type\":\"ListItem\",\"position\":3,\"name\":\"Blackmagic Pocket Cinema Camera 4K\"}]},{\"@type\":\"WebSite\",\"@id\":\"https:\/\/mediatrade.fi\/en\/#website\",\"url\":\"https:\/\/mediatrade.fi\/en\/\",\"name\":\"Mediatrade\",\"description\":\"\",\"publisher\":{\"@id\":\"https:\/\/mediatrade.fi\/en\/#organization\"},\"potentialAction\":[{\"@type\":\"SearchAction\",\"target\":{\"@type\":\"EntryPoint\",\"urlTemplate\":\"https:\/\/mediatrade.fi\/en\/?s={search_term_string}\"},\"query-input\":{\"@type\":\"PropertyValueSpecification\",\"valueRequired\":true,\"valueName\":\"search_term_string\"}}],\"inLanguage\":\"en-US\"},{\"@type\":\"Organization\",\"@id\":\"https:\/\/mediatrade.fi\/en\/#organization\",\"name\":\"Mediatrade\",\"url\":\"https:\/\/mediatrade.fi\/en\/\",\"logo\":{\"@type\":\"ImageObject\",\"inLanguage\":\"en-US\",\"@id\":\"https:\/\/mediatrade.fi\/en\/#\/schema\/logo\/image\/\",\"url\":\"https:\/\/mediatrade.fi\/wp-content\/uploads\/2022\/04\/Group-640.svg\",\"contentUrl\":\"https:\/\/mediatrade.fi\/wp-content\/uploads\/2022\/04\/Group-640.svg\",\"width\":128,\"height\":43,\"caption\":\"Mediatrade\"},\"image\":{\"@id\":\"https:\/\/mediatrade.fi\/en\/#\/schema\/logo\/image\/\"}}]}<\/script>\n<!-- \/ Yoast SEO plugin. -->","yoast_head_json":{"title":"Blackmagic Pocket Cinema Camera 4K - Mediatrade","description":"Pocket Cinema Camera 4K -kamera on tarkoitettu mm nopeisiin tuotantoihin, jossa uutuuden ominaisuudet tulevat\u00a0parhaiten esiin.","robots":{"index":"index","follow":"follow","max-snippet":"max-snippet:-1","max-image-preview":"max-image-preview:large","max-video-preview":"max-video-preview:-1"},"canonical":"https:\/\/mediatrade.fi\/en\/product\/blackmagic-pocket-cinema-camera-4k-3\/","og_locale":"en_US","og_type":"article","og_title":"Blackmagic Pocket Cinema Camera 4K - Mediatrade","og_description":"Pocket Cinema Camera 4K -kamera on tarkoitettu mm nopeisiin tuotantoihin, jossa uutuuden ominaisuudet tulevat\u00a0parhaiten esiin.","og_url":"https:\/\/mediatrade.fi\/en\/product\/blackmagic-pocket-cinema-camera-4k-3\/","og_site_name":"Mediatrade","article_modified_time":"2026-02-16T09:06:50+00:00","og_image":[{"width":494,"height":368,"url":"https:\/\/mediatrade.fi\/wp-content\/uploads\/2022\/05\/blackmagic-pocket-cinema-camera-4k-hero-1.jpg","type":"image\/jpeg"}],"twitter_card":"summary_large_image","twitter_misc":{"Est. reading time":"1 minute"},"schema":{"@context":"https:\/\/schema.org","@graph":[{"@type":"WebPage","@id":"https:\/\/mediatrade.fi\/en\/product\/blackmagic-pocket-cinema-camera-4k-3\/","url":"https:\/\/mediatrade.fi\/en\/product\/blackmagic-pocket-cinema-camera-4k-3\/","name":"Blackmagic Pocket Cinema Camera 4K - Mediatrade","isPartOf":{"@id":"https:\/\/mediatrade.fi\/en\/#website"},"primaryImageOfPage":{"@id":"https:\/\/mediatrade.fi\/en\/product\/blackmagic-pocket-cinema-camera-4k-3\/#primaryimage"},"image":{"@id":"https:\/\/mediatrade.fi\/en\/product\/blackmagic-pocket-cinema-camera-4k-3\/#primaryimage"},"thumbnailUrl":"https:\/\/mediatrade.fi\/wp-content\/uploads\/2022\/05\/blackmagic-pocket-cinema-camera-4k-hero-1.jpg","datePublished":"2022-05-23T06:26:30+00:00","dateModified":"2026-02-16T09:06:50+00:00","description":"Pocket Cinema Camera 4K -kamera on tarkoitettu mm nopeisiin tuotantoihin, jossa uutuuden ominaisuudet tulevat\u00a0parhaiten esiin.","breadcrumb":{"@id":"https:\/\/mediatrade.fi\/en\/product\/blackmagic-pocket-cinema-camera-4k-3\/#breadcrumb"},"inLanguage":"en-US","potentialAction":[{"@type":"ReadAction","target":["https:\/\/mediatrade.fi\/en\/product\/blackmagic-pocket-cinema-camera-4k-3\/"]}]},{"@type":"ImageObject","inLanguage":"en-US","@id":"https:\/\/mediatrade.fi\/en\/product\/blackmagic-pocket-cinema-camera-4k-3\/#primaryimage","url":"https:\/\/mediatrade.fi\/wp-content\/uploads\/2022\/05\/blackmagic-pocket-cinema-camera-4k-hero-1.jpg","contentUrl":"https:\/\/mediatrade.fi\/wp-content\/uploads\/2022\/05\/blackmagic-pocket-cinema-camera-4k-hero-1.jpg","width":494,"height":368},{"@type":"BreadcrumbList","@id":"https:\/\/mediatrade.fi\/en\/product\/blackmagic-pocket-cinema-camera-4k-3\/#breadcrumb","itemListElement":[{"@type":"ListItem","position":1,"name":"Front Page","item":"https:\/\/mediatrade.fi\/en\/"},{"@type":"ListItem","position":2,"name":"Shop","item":"https:\/\/mediatrade.fi\/en\/shop\/"},{"@type":"ListItem","position":3,"name":"Blackmagic Pocket Cinema Camera 4K"}]},{"@type":"WebSite","@id":"https:\/\/mediatrade.fi\/en\/#website","url":"https:\/\/mediatrade.fi\/en\/","name":"Mediatrade","description":"","publisher":{"@id":"https:\/\/mediatrade.fi\/en\/#organization"},"potentialAction":[{"@type":"SearchAction","target":{"@type":"EntryPoint","urlTemplate":"https:\/\/mediatrade.fi\/en\/?s={search_term_string}"},"query-input":{"@type":"PropertyValueSpecification","valueRequired":true,"valueName":"search_term_string"}}],"inLanguage":"en-US"},{"@type":"Organization","@id":"https:\/\/mediatrade.fi\/en\/#organization","name":"Mediatrade","url":"https:\/\/mediatrade.fi\/en\/","logo":{"@type":"ImageObject","inLanguage":"en-US","@id":"https:\/\/mediatrade.fi\/en\/#\/schema\/logo\/image\/","url":"https:\/\/mediatrade.fi\/wp-content\/uploads\/2022\/04\/Group-640.svg","contentUrl":"https:\/\/mediatrade.fi\/wp-content\/uploads\/2022\/04\/Group-640.svg","width":128,"height":43,"caption":"Mediatrade"},"image":{"@id":"https:\/\/mediatrade.fi\/en\/#\/schema\/logo\/image\/"}}]}},"_links":{"self":[{"href":"https:\/\/mediatrade.fi\/en\/wp-json\/wp\/v2\/product\/393689","targetHints":{"allow":["GET"]}}],"collection":[{"href":"https:\/\/mediatrade.fi\/en\/wp-json\/wp\/v2\/product"}],"about":[{"href":"https:\/\/mediatrade.fi\/en\/wp-json\/wp\/v2\/types\/product"}],"wp:featuredmedia":[{"embeddable":true,"href":"https:\/\/mediatrade.fi\/en\/wp-json\/wp\/v2\/media\/85650"}],"wp:attachment":[{"href":"https:\/\/mediatrade.fi\/en\/wp-json\/wp\/v2\/media?parent=393689"}],"wp:term":[{"taxonomy":"product_brand","embeddable":true,"href":"https:\/\/mediatrade.fi\/en\/wp-json\/wp\/v2\/product_brand?post=393689"},{"taxonomy":"product_cat","embeddable":true,"href":"https:\/\/mediatrade.fi\/en\/wp-json\/wp\/v2\/product_cat?post=393689"},{"taxonomy":"product_tag","embeddable":true,"href":"https:\/\/mediatrade.fi\/en\/wp-json\/wp\/v2\/product_tag?post=393689"},{"taxonomy":"brands","embeddable":true,"href":"https:\/\/mediatrade.fi\/en\/wp-json\/wp\/v2\/brands?post=393689"},{"taxonomy":"id_product_type","embeddable":true,"href":"https:\/\/mediatrade.fi\/en\/wp-json\/wp\/v2\/id_product_type?post=393689"}],"curies":[{"name":"wp","href":"https:\/\/api.w.org\/{rel}","templated":true}]}}