{"id":393700,"date":"2022-05-19T16:15:15","date_gmt":"2025-01-21T19:50:51","guid":{"rendered":"https:\/\/mediatrade.fi\/tuote\/hyperdeck-extreme-8k-hdr-2\/"},"modified":"2026-04-20T07:16:42","modified_gmt":"2026-04-20T04:16:42","slug":"hyperdeck-extreme-8k-hdr-2","status":"publish","type":"product","link":"https:\/\/mediatrade.fi\/en\/product\/hyperdeck-extreme-8k-hdr-2\/","title":{"rendered":"HyperDeck Extreme 8K HDR"},"content":{"rendered":"\n<section class=\"block block-woocommerce-product-description container-fluid container-fluid \">\n    <div class=\"container\">\n        <div class=\"row\">\n            <div class=\"col-12 col-md-6 order-2 order-md-1 attachments-col\">\n                                            <\/div>\n\n            <div class=\"col-12 col-md-5 offset-md-1 order-1 order-md-2\">\n                <main class=\"entry-content\">\n                    \n\n<h2 class=\"wp-block-heading\">Tuotetiedot<\/h2>\n\n\n\n<h3 class=\"wp-block-heading\">HyperDeck Extreme 8K HDR jatkaa luotettavan HyperDeck -tuoteperheen sarjaa<\/h3>\n\n\n\n<p>HyperDeck Extremess\u00e4 on sis\u00e4inen v\u00e4limuisti, 3D LUTit, natiivi 8K ja HDR tuki. Laitteen hallittavuus on erinomainen fyysisten Play Stop ja Record nappien sek\u00e4 suuren kosketusn\u00e4yt\u00f6n ansiosta. Tallentimessa on kosketusn\u00e4ytt\u00f6, joten esimerkiski timelinelle liikkuminen on tehty helpoksi. Tallennetun materiaalin saa&nbsp;siirrytty\u00e4 vauhdikkaasti FTP-yhteydell\u00e4 (10G Ethernet-liit\u00e4nt\u00e4) arkistoon tai ty\u00f6levyille.<\/p>\n\n\n\n<p>HyperDeck Extreme Control (lis\u00e4ohjain) tuo perinteiset nauhuri-tyyppiset ohjainominaisuudet editointimahdollisuuksineen.&nbsp;HyperDeck Extreme Control pystyy ohjaamaan kahdeksaa tallenninta RS-422 yhteyden avulla.<\/p>\n\n\n\n<p>8K broadcast deck with the trusted reliability of HyperDeck combined with advanced H.265 recording, internal cache, 3D LUTs, native 8K and HDR support. Large touch screen to view your recording with dedicated buttons for play, stop and record, plus a mini timeline for scrolling through your recordings. You can even image swipe to jog! The LCD includes a heads up display of timecode, video standard, media status and audio meters and more!<\/p>\n\n\n                <\/main>\n            <\/div>\n        <\/div>\n    <\/div>\n<\/section>\n\n\n\n","protected":false},"excerpt":{"rendered":"","protected":false},"featured_media":71342,"template":"","meta":{"_acf_changed":false,"_relevanssi_hide_post":"","_relevanssi_hide_content":"","_relevanssi_pin_for_all":"","_relevanssi_pin_keywords":"","_relevanssi_unpin_keywords":"","_relevanssi_related_keywords":"","_relevanssi_related_include_ids":"","_relevanssi_related_exclude_ids":"","_relevanssi_related_no_append":"","_relevanssi_related_not_related":"","_relevanssi_related_posts":"","_relevanssi_noindex_reason":""},"product_brand":[],"product_cat":[2486,2486],"product_tag":[1350,947,560,1091,1358,1359,2490,2490],"brands":[708],"id_product_type":[],"class_list":{"0":"post-393700","1":"product","2":"type-product","3":"status-publish","4":"has-post-thumbnail","6":"product_cat-all-products","8":"product_tag-8k","9":"product_tag-blackmagic","10":"product_tag-blackmagic-design","11":"product_tag-hyperdeck","12":"product_tag-hyperdeck-extreme","13":"product_tag-hyperdeck-extreme-8k-hdr","14":"product_tag-mediatrade-en","17":"first","18":"onbackorder","19":"taxable","20":"shipping-taxable","21":"purchasable","22":"product-type-simple"},"bundled_by":[],"bundle_stock_status":"onbackorder","bundle_stock_quantity":0,"bundle_virtual":false,"bundle_layout":"","bundle_add_to_cart_form_location":"","bundle_editable_in_cart":false,"bundle_sold_individually_context":"","bundle_item_grouping":"","bundle_min_size":"","bundle_max_size":"","bundle_price":[],"bundled_items":[],"bundle_sell_ids":[],"acf":[],"yoast_head":"<!-- This site is optimized with the Yoast SEO plugin v27.4 - https:\/\/yoast.com\/product\/yoast-seo-wordpress\/ -->\n<title>HyperDeck Extreme 8K HDR - Mediatrade<\/title>\n<meta name=\"description\" content=\"HyperDeck Extreme 8K HDR jatkaa luotettavan HyperDeck -tuoteperheen sarjaa\" \/>\n<meta name=\"robots\" content=\"index, follow, max-snippet:-1, max-image-preview:large, max-video-preview:-1\" \/>\n<link rel=\"canonical\" href=\"https:\/\/mediatrade.fi\/en\/product\/hyperdeck-extreme-8k-hdr-2\/\" \/>\n<meta property=\"og:locale\" content=\"en_US\" \/>\n<meta property=\"og:type\" content=\"article\" \/>\n<meta property=\"og:title\" content=\"HyperDeck Extreme 8K HDR - Mediatrade\" \/>\n<meta property=\"og:description\" content=\"HyperDeck Extreme 8K HDR jatkaa luotettavan HyperDeck -tuoteperheen sarjaa\" \/>\n<meta property=\"og:url\" content=\"https:\/\/mediatrade.fi\/en\/product\/hyperdeck-extreme-8k-hdr-2\/\" \/>\n<meta property=\"og:site_name\" content=\"Mediatrade\" \/>\n<meta property=\"article:modified_time\" content=\"2026-04-20T04:16:42+00:00\" \/>\n<meta property=\"og:image\" content=\"https:\/\/mediatrade.fi\/wp-content\/uploads\/2022\/04\/blackmagicdesign-hyperdeckextreme8khdr.jpg\" \/>\n\t<meta property=\"og:image:width\" content=\"1834\" \/>\n\t<meta property=\"og:image:height\" content=\"1279\" \/>\n\t<meta property=\"og:image:type\" content=\"image\/jpeg\" \/>\n<meta name=\"twitter:card\" content=\"summary_large_image\" \/>\n<meta name=\"twitter:label1\" content=\"Est. reading time\" \/>\n\t<meta name=\"twitter:data1\" content=\"1 minute\" \/>\n<script type=\"application\/ld+json\" class=\"yoast-schema-graph\">{\"@context\":\"https:\\\/\\\/schema.org\",\"@graph\":[{\"@type\":\"WebPage\",\"@id\":\"https:\\\/\\\/mediatrade.fi\\\/en\\\/product\\\/hyperdeck-extreme-8k-hdr-2\\\/\",\"url\":\"https:\\\/\\\/mediatrade.fi\\\/en\\\/product\\\/hyperdeck-extreme-8k-hdr-2\\\/\",\"name\":\"HyperDeck Extreme 8K HDR - Mediatrade\",\"isPartOf\":{\"@id\":\"https:\\\/\\\/mediatrade.fi\\\/en\\\/#website\"},\"primaryImageOfPage\":{\"@id\":\"https:\\\/\\\/mediatrade.fi\\\/en\\\/product\\\/hyperdeck-extreme-8k-hdr-2\\\/#primaryimage\"},\"image\":{\"@id\":\"https:\\\/\\\/mediatrade.fi\\\/en\\\/product\\\/hyperdeck-extreme-8k-hdr-2\\\/#primaryimage\"},\"thumbnailUrl\":\"https:\\\/\\\/mediatrade.fi\\\/wp-content\\\/uploads\\\/2022\\\/04\\\/blackmagicdesign-hyperdeckextreme8khdr.jpg\",\"datePublished\":\"2025-01-21T19:50:51+00:00\",\"dateModified\":\"2026-04-20T04:16:42+00:00\",\"description\":\"HyperDeck Extreme 8K HDR jatkaa luotettavan HyperDeck -tuoteperheen sarjaa\",\"breadcrumb\":{\"@id\":\"https:\\\/\\\/mediatrade.fi\\\/en\\\/product\\\/hyperdeck-extreme-8k-hdr-2\\\/#breadcrumb\"},\"inLanguage\":\"en-US\",\"potentialAction\":[{\"@type\":\"ReadAction\",\"target\":[\"https:\\\/\\\/mediatrade.fi\\\/en\\\/product\\\/hyperdeck-extreme-8k-hdr-2\\\/\"]}]},{\"@type\":\"ImageObject\",\"inLanguage\":\"en-US\",\"@id\":\"https:\\\/\\\/mediatrade.fi\\\/en\\\/product\\\/hyperdeck-extreme-8k-hdr-2\\\/#primaryimage\",\"url\":\"https:\\\/\\\/mediatrade.fi\\\/wp-content\\\/uploads\\\/2022\\\/04\\\/blackmagicdesign-hyperdeckextreme8khdr.jpg\",\"contentUrl\":\"https:\\\/\\\/mediatrade.fi\\\/wp-content\\\/uploads\\\/2022\\\/04\\\/blackmagicdesign-hyperdeckextreme8khdr.jpg\",\"width\":1834,\"height\":1279},{\"@type\":\"BreadcrumbList\",\"@id\":\"https:\\\/\\\/mediatrade.fi\\\/en\\\/product\\\/hyperdeck-extreme-8k-hdr-2\\\/#breadcrumb\",\"itemListElement\":[{\"@type\":\"ListItem\",\"position\":1,\"name\":\"Front Page\",\"item\":\"https:\\\/\\\/mediatrade.fi\\\/en\\\/\"},{\"@type\":\"ListItem\",\"position\":2,\"name\":\"Shop\",\"item\":\"https:\\\/\\\/mediatrade.fi\\\/en\\\/shop\\\/\"},{\"@type\":\"ListItem\",\"position\":3,\"name\":\"HyperDeck Extreme 8K HDR\"}]},{\"@type\":\"WebSite\",\"@id\":\"https:\\\/\\\/mediatrade.fi\\\/en\\\/#website\",\"url\":\"https:\\\/\\\/mediatrade.fi\\\/en\\\/\",\"name\":\"Mediatrade\",\"description\":\"\",\"publisher\":{\"@id\":\"https:\\\/\\\/mediatrade.fi\\\/en\\\/#organization\"},\"potentialAction\":[{\"@type\":\"SearchAction\",\"target\":{\"@type\":\"EntryPoint\",\"urlTemplate\":\"https:\\\/\\\/mediatrade.fi\\\/en\\\/?s={search_term_string}\"},\"query-input\":{\"@type\":\"PropertyValueSpecification\",\"valueRequired\":true,\"valueName\":\"search_term_string\"}}],\"inLanguage\":\"en-US\"},{\"@type\":\"Organization\",\"@id\":\"https:\\\/\\\/mediatrade.fi\\\/en\\\/#organization\",\"name\":\"Mediatrade\",\"url\":\"https:\\\/\\\/mediatrade.fi\\\/en\\\/\",\"logo\":{\"@type\":\"ImageObject\",\"inLanguage\":\"en-US\",\"@id\":\"https:\\\/\\\/mediatrade.fi\\\/en\\\/#\\\/schema\\\/logo\\\/image\\\/\",\"url\":\"https:\\\/\\\/mediatrade.fi\\\/wp-content\\\/uploads\\\/2022\\\/04\\\/Group-640.svg\",\"contentUrl\":\"https:\\\/\\\/mediatrade.fi\\\/wp-content\\\/uploads\\\/2022\\\/04\\\/Group-640.svg\",\"width\":128,\"height\":43,\"caption\":\"Mediatrade\"},\"image\":{\"@id\":\"https:\\\/\\\/mediatrade.fi\\\/en\\\/#\\\/schema\\\/logo\\\/image\\\/\"}}]}<\/script>\n<!-- \/ Yoast SEO plugin. -->","yoast_head_json":{"title":"HyperDeck Extreme 8K HDR - Mediatrade","description":"HyperDeck Extreme 8K HDR jatkaa luotettavan HyperDeck -tuoteperheen sarjaa","robots":{"index":"index","follow":"follow","max-snippet":"max-snippet:-1","max-image-preview":"max-image-preview:large","max-video-preview":"max-video-preview:-1"},"canonical":"https:\/\/mediatrade.fi\/en\/product\/hyperdeck-extreme-8k-hdr-2\/","og_locale":"en_US","og_type":"article","og_title":"HyperDeck Extreme 8K HDR - Mediatrade","og_description":"HyperDeck Extreme 8K HDR jatkaa luotettavan HyperDeck -tuoteperheen sarjaa","og_url":"https:\/\/mediatrade.fi\/en\/product\/hyperdeck-extreme-8k-hdr-2\/","og_site_name":"Mediatrade","article_modified_time":"2026-04-20T04:16:42+00:00","og_image":[{"width":1834,"height":1279,"url":"https:\/\/mediatrade.fi\/wp-content\/uploads\/2022\/04\/blackmagicdesign-hyperdeckextreme8khdr.jpg","type":"image\/jpeg"}],"twitter_card":"summary_large_image","twitter_misc":{"Est. reading time":"1 minute"},"schema":{"@context":"https:\/\/schema.org","@graph":[{"@type":"WebPage","@id":"https:\/\/mediatrade.fi\/en\/product\/hyperdeck-extreme-8k-hdr-2\/","url":"https:\/\/mediatrade.fi\/en\/product\/hyperdeck-extreme-8k-hdr-2\/","name":"HyperDeck Extreme 8K HDR - Mediatrade","isPartOf":{"@id":"https:\/\/mediatrade.fi\/en\/#website"},"primaryImageOfPage":{"@id":"https:\/\/mediatrade.fi\/en\/product\/hyperdeck-extreme-8k-hdr-2\/#primaryimage"},"image":{"@id":"https:\/\/mediatrade.fi\/en\/product\/hyperdeck-extreme-8k-hdr-2\/#primaryimage"},"thumbnailUrl":"https:\/\/mediatrade.fi\/wp-content\/uploads\/2022\/04\/blackmagicdesign-hyperdeckextreme8khdr.jpg","datePublished":"2025-01-21T19:50:51+00:00","dateModified":"2026-04-20T04:16:42+00:00","description":"HyperDeck Extreme 8K HDR jatkaa luotettavan HyperDeck -tuoteperheen sarjaa","breadcrumb":{"@id":"https:\/\/mediatrade.fi\/en\/product\/hyperdeck-extreme-8k-hdr-2\/#breadcrumb"},"inLanguage":"en-US","potentialAction":[{"@type":"ReadAction","target":["https:\/\/mediatrade.fi\/en\/product\/hyperdeck-extreme-8k-hdr-2\/"]}]},{"@type":"ImageObject","inLanguage":"en-US","@id":"https:\/\/mediatrade.fi\/en\/product\/hyperdeck-extreme-8k-hdr-2\/#primaryimage","url":"https:\/\/mediatrade.fi\/wp-content\/uploads\/2022\/04\/blackmagicdesign-hyperdeckextreme8khdr.jpg","contentUrl":"https:\/\/mediatrade.fi\/wp-content\/uploads\/2022\/04\/blackmagicdesign-hyperdeckextreme8khdr.jpg","width":1834,"height":1279},{"@type":"BreadcrumbList","@id":"https:\/\/mediatrade.fi\/en\/product\/hyperdeck-extreme-8k-hdr-2\/#breadcrumb","itemListElement":[{"@type":"ListItem","position":1,"name":"Front Page","item":"https:\/\/mediatrade.fi\/en\/"},{"@type":"ListItem","position":2,"name":"Shop","item":"https:\/\/mediatrade.fi\/en\/shop\/"},{"@type":"ListItem","position":3,"name":"HyperDeck Extreme 8K HDR"}]},{"@type":"WebSite","@id":"https:\/\/mediatrade.fi\/en\/#website","url":"https:\/\/mediatrade.fi\/en\/","name":"Mediatrade","description":"","publisher":{"@id":"https:\/\/mediatrade.fi\/en\/#organization"},"potentialAction":[{"@type":"SearchAction","target":{"@type":"EntryPoint","urlTemplate":"https:\/\/mediatrade.fi\/en\/?s={search_term_string}"},"query-input":{"@type":"PropertyValueSpecification","valueRequired":true,"valueName":"search_term_string"}}],"inLanguage":"en-US"},{"@type":"Organization","@id":"https:\/\/mediatrade.fi\/en\/#organization","name":"Mediatrade","url":"https:\/\/mediatrade.fi\/en\/","logo":{"@type":"ImageObject","inLanguage":"en-US","@id":"https:\/\/mediatrade.fi\/en\/#\/schema\/logo\/image\/","url":"https:\/\/mediatrade.fi\/wp-content\/uploads\/2022\/04\/Group-640.svg","contentUrl":"https:\/\/mediatrade.fi\/wp-content\/uploads\/2022\/04\/Group-640.svg","width":128,"height":43,"caption":"Mediatrade"},"image":{"@id":"https:\/\/mediatrade.fi\/en\/#\/schema\/logo\/image\/"}}]}},"_links":{"self":[{"href":"https:\/\/mediatrade.fi\/en\/wp-json\/wp\/v2\/product\/393700","targetHints":{"allow":["GET"]}}],"collection":[{"href":"https:\/\/mediatrade.fi\/en\/wp-json\/wp\/v2\/product"}],"about":[{"href":"https:\/\/mediatrade.fi\/en\/wp-json\/wp\/v2\/types\/product"}],"wp:featuredmedia":[{"embeddable":true,"href":"https:\/\/mediatrade.fi\/en\/wp-json\/wp\/v2\/media\/71342"}],"wp:attachment":[{"href":"https:\/\/mediatrade.fi\/en\/wp-json\/wp\/v2\/media?parent=393700"}],"wp:term":[{"taxonomy":"product_brand","embeddable":true,"href":"https:\/\/mediatrade.fi\/en\/wp-json\/wp\/v2\/product_brand?post=393700"},{"taxonomy":"product_cat","embeddable":true,"href":"https:\/\/mediatrade.fi\/en\/wp-json\/wp\/v2\/product_cat?post=393700"},{"taxonomy":"product_tag","embeddable":true,"href":"https:\/\/mediatrade.fi\/en\/wp-json\/wp\/v2\/product_tag?post=393700"},{"taxonomy":"brands","embeddable":true,"href":"https:\/\/mediatrade.fi\/en\/wp-json\/wp\/v2\/brands?post=393700"},{"taxonomy":"id_product_type","embeddable":true,"href":"https:\/\/mediatrade.fi\/en\/wp-json\/wp\/v2\/id_product_type?post=393700"}],"curies":[{"name":"wp","href":"https:\/\/api.w.org\/{rel}","templated":true}]}}