{"id":393703,"date":"2022-05-19T16:02:16","date_gmt":"2025-01-21T19:50:54","guid":{"rendered":"https:\/\/mediatrade.fi\/tuote\/atem-constellation-8k-2\/"},"modified":"2026-02-16T11:05:47","modified_gmt":"2026-02-16T09:05:47","slug":"atem-constellation-8k-2","status":"publish","type":"product","link":"https:\/\/mediatrade.fi\/en\/product\/atem-constellation-8k-2\/","title":{"rendered":"ATEM Constellation 8K"},"content":{"rendered":"\n<section class=\"block block-woocommerce-product-description container-fluid container-fluid \">\n    <div class=\"container\">\n        <div class=\"row\">\n            <div class=\"col-12 col-md-6 order-2 order-md-1 attachments-col\">\n                                <div style=\"height: 100%;\" class=\"oembed oembed-youtube\">        <div class=\"cookieconsent-optout-marketing\">            <a href=\"javascript:Cookiebot.renew()\">Hyv\u00e4ksy markkinointiev\u00e4steet<\/a>            katsoaksesi videon.        <\/div><iframe title=\"ATEM Constellation 8K\" width=\"840\" height=\"473\" src=\"https:\/\/www.youtube.com\/embed\/_vaSRpEjZsk?feature=oembed\" frameborder=\"0\" allow=\"accelerometer; autoplay; clipboard-write; encrypted-media; gyroscope; picture-in-picture\" allowfullscreen><\/iframe><\/div>            <\/div>\n\n            <div class=\"col-12 col-md-5 offset-md-1 order-1 order-md-2\">\n                <main class=\"entry-content\">\n                    \n\n<h2 class=\"wp-block-heading\">Tuotetiedot<\/h2>\n\n\n\n<h3 class=\"wp-block-heading\">ATEM Constellation 8K on UHD kuvamikseri, josta ei v\u00e4\u00e4nt\u00f6 lopu aivan heti!<\/h3>\n\n\n\n<p>4 M\/E mikseri sis\u00e4lt\u00e4\u00e4 40kpl 12G-SDI sis\u00e4\u00e4ntuloa ja 24kpl 12G-SDI AUX ulostuloa, 4 DVE, 16 ATEM Advanced Kromakeyeri\u00e4, 4 media playeri\u00e4, 4 erillist\u00e4 monikuvajakajaa, 2 SuperSource -prosessoria, ja jopa formaatin muuntimen kaikissa sis\u00e4\u00e4ntuloissa. \u00c4\u00e4ni\u00e4k\u00e4\u00e4n ei t\u00e4ss\u00e4 supermikseriss\u00e4 ole unohdettu. 156 kanavaisella Fairlight \u00e4\u00e4nimikserill\u00e4 voidaan miksata SDI embedded ja MADI \u00e4\u00e4net sek\u00e4 videoulostuloihin, ett\u00e4 kahteen erilliseen 32 kanavaiseen stereo MADI v\u00e4yl\u00e4\u00e4n.Mikseri on Softa-ohjauspaneelin lis\u00e4ksi yhteensopiva kaikkien ATEM -mikseripaneeleiden kanssa.<\/p>\n\n\n\n<p>The new ATEM Constellation 8K is an Ultra HD live production switcher with so many features, you can combine them all to make an incredibly powerful 8K switcher! You get 4 M\/Es, 40 x 12G\u2011SDI inputs, 24 x 12G\u2011SDI aux outputs, 4 DVEs, 16 Keyers, 4 media players, 4 multi viewers, 2 SuperSource and standards conversion on every SDI input! Then when switched to 8K, all these features combine to make a powerful 8K switcher! You even get built in talkback and a professional 156 channel Fairlight audio mixer with EQ and dynamics! That\u2019s an audio mixer so big, you can connect and use a full Fairlight audio console! ATEM Constellation 8K has also been designed as an ideal upgrade for ATEM Television Studio!<\/p>\n\n\n                <\/main>\n            <\/div>\n        <\/div>\n    <\/div>\n<\/section>\n\n\n\n","protected":false},"excerpt":{"rendered":"","protected":false},"featured_media":85327,"template":"","meta":{"_acf_changed":false,"_relevanssi_hide_post":"","_relevanssi_hide_content":"","_relevanssi_pin_for_all":"","_relevanssi_pin_keywords":"","_relevanssi_unpin_keywords":"","_relevanssi_related_keywords":"","_relevanssi_related_include_ids":"","_relevanssi_related_exclude_ids":"","_relevanssi_related_no_append":"","_relevanssi_related_not_related":"","_relevanssi_related_posts":"","_relevanssi_noindex_reason":""},"product_brand":[],"product_cat":[2486,2486],"product_tag":[809,1352,1351,1353,947,560,2490,2490],"brands":[708],"id_product_type":[],"class_list":{"0":"post-393703","1":"product","2":"type-product","3":"status-publish","4":"has-post-thumbnail","6":"product_cat-all-products","8":"product_tag-atem","9":"product_tag-atem-8","10":"product_tag-atem-8k","11":"product_tag-atem-constellation","12":"product_tag-blackmagic","13":"product_tag-blackmagic-design","14":"product_tag-mediatrade-en","17":"first","18":"onbackorder","19":"taxable","20":"shipping-taxable","21":"purchasable","22":"product-type-simple"},"bundled_by":[],"bundle_stock_status":"onbackorder","bundle_stock_quantity":0,"bundle_virtual":false,"bundle_layout":"","bundle_add_to_cart_form_location":"","bundle_editable_in_cart":false,"bundle_sold_individually_context":"","bundle_item_grouping":"","bundle_min_size":"","bundle_max_size":"","bundle_price":[],"bundled_items":[],"bundle_sell_ids":[],"acf":[],"yoast_head":"<!-- This site is optimized with the Yoast SEO plugin v27.1.1 - https:\/\/yoast.com\/product\/yoast-seo-wordpress\/ -->\n<title>ATEM Constellation 8K - Mediatrade<\/title>\n<meta name=\"description\" content=\"ATEM Constellation 8K on UHD kuvamikseri, josta ei v\u00e4\u00e4nt\u00f6 lopu aivan heti!\" \/>\n<meta name=\"robots\" content=\"index, follow, max-snippet:-1, max-image-preview:large, max-video-preview:-1\" \/>\n<link rel=\"canonical\" href=\"https:\/\/mediatrade.fi\/en\/product\/atem-constellation-8k-2\/\" \/>\n<meta property=\"og:locale\" content=\"en_US\" \/>\n<meta property=\"og:type\" content=\"article\" \/>\n<meta property=\"og:title\" content=\"ATEM Constellation 8K - Mediatrade\" \/>\n<meta property=\"og:description\" content=\"ATEM Constellation 8K on UHD kuvamikseri, josta ei v\u00e4\u00e4nt\u00f6 lopu aivan heti!\" \/>\n<meta property=\"og:url\" content=\"https:\/\/mediatrade.fi\/en\/product\/atem-constellation-8k-2\/\" \/>\n<meta property=\"og:site_name\" content=\"Mediatrade\" \/>\n<meta property=\"article:modified_time\" content=\"2026-02-16T09:05:47+00:00\" \/>\n<meta property=\"og:image\" content=\"https:\/\/mediatrade.fi\/wp-content\/uploads\/2022\/05\/16309908_800.jpg\" \/>\n\t<meta property=\"og:image:width\" content=\"600\" \/>\n\t<meta property=\"og:image:height\" content=\"600\" \/>\n\t<meta property=\"og:image:type\" content=\"image\/jpeg\" \/>\n<meta name=\"twitter:card\" content=\"summary_large_image\" \/>\n<meta name=\"twitter:label1\" content=\"Est. reading time\" \/>\n\t<meta name=\"twitter:data1\" content=\"2 minutes\" \/>\n<script type=\"application\/ld+json\" class=\"yoast-schema-graph\">{\"@context\":\"https:\/\/schema.org\",\"@graph\":[{\"@type\":\"WebPage\",\"@id\":\"https:\/\/mediatrade.fi\/en\/product\/atem-constellation-8k-2\/\",\"url\":\"https:\/\/mediatrade.fi\/en\/product\/atem-constellation-8k-2\/\",\"name\":\"ATEM Constellation 8K - Mediatrade\",\"isPartOf\":{\"@id\":\"https:\/\/mediatrade.fi\/en\/#website\"},\"primaryImageOfPage\":{\"@id\":\"https:\/\/mediatrade.fi\/en\/product\/atem-constellation-8k-2\/#primaryimage\"},\"image\":{\"@id\":\"https:\/\/mediatrade.fi\/en\/product\/atem-constellation-8k-2\/#primaryimage\"},\"thumbnailUrl\":\"https:\/\/mediatrade.fi\/wp-content\/uploads\/2022\/05\/16309908_800.jpg\",\"datePublished\":\"2025-01-21T19:50:54+00:00\",\"dateModified\":\"2026-02-16T09:05:47+00:00\",\"description\":\"ATEM Constellation 8K on UHD kuvamikseri, josta ei v\u00e4\u00e4nt\u00f6 lopu aivan heti!\",\"breadcrumb\":{\"@id\":\"https:\/\/mediatrade.fi\/en\/product\/atem-constellation-8k-2\/#breadcrumb\"},\"inLanguage\":\"en-US\",\"potentialAction\":[{\"@type\":\"ReadAction\",\"target\":[\"https:\/\/mediatrade.fi\/en\/product\/atem-constellation-8k-2\/\"]}]},{\"@type\":\"ImageObject\",\"inLanguage\":\"en-US\",\"@id\":\"https:\/\/mediatrade.fi\/en\/product\/atem-constellation-8k-2\/#primaryimage\",\"url\":\"https:\/\/mediatrade.fi\/wp-content\/uploads\/2022\/05\/16309908_800.jpg\",\"contentUrl\":\"https:\/\/mediatrade.fi\/wp-content\/uploads\/2022\/05\/16309908_800.jpg\",\"width\":600,\"height\":600},{\"@type\":\"BreadcrumbList\",\"@id\":\"https:\/\/mediatrade.fi\/en\/product\/atem-constellation-8k-2\/#breadcrumb\",\"itemListElement\":[{\"@type\":\"ListItem\",\"position\":1,\"name\":\"Front Page\",\"item\":\"https:\/\/mediatrade.fi\/en\/\"},{\"@type\":\"ListItem\",\"position\":2,\"name\":\"Shop\",\"item\":\"https:\/\/mediatrade.fi\/en\/shop\/\"},{\"@type\":\"ListItem\",\"position\":3,\"name\":\"ATEM Constellation 8K\"}]},{\"@type\":\"WebSite\",\"@id\":\"https:\/\/mediatrade.fi\/en\/#website\",\"url\":\"https:\/\/mediatrade.fi\/en\/\",\"name\":\"Mediatrade\",\"description\":\"\",\"publisher\":{\"@id\":\"https:\/\/mediatrade.fi\/en\/#organization\"},\"potentialAction\":[{\"@type\":\"SearchAction\",\"target\":{\"@type\":\"EntryPoint\",\"urlTemplate\":\"https:\/\/mediatrade.fi\/en\/?s={search_term_string}\"},\"query-input\":{\"@type\":\"PropertyValueSpecification\",\"valueRequired\":true,\"valueName\":\"search_term_string\"}}],\"inLanguage\":\"en-US\"},{\"@type\":\"Organization\",\"@id\":\"https:\/\/mediatrade.fi\/en\/#organization\",\"name\":\"Mediatrade\",\"url\":\"https:\/\/mediatrade.fi\/en\/\",\"logo\":{\"@type\":\"ImageObject\",\"inLanguage\":\"en-US\",\"@id\":\"https:\/\/mediatrade.fi\/en\/#\/schema\/logo\/image\/\",\"url\":\"https:\/\/mediatrade.fi\/wp-content\/uploads\/2022\/04\/Group-640.svg\",\"contentUrl\":\"https:\/\/mediatrade.fi\/wp-content\/uploads\/2022\/04\/Group-640.svg\",\"width\":128,\"height\":43,\"caption\":\"Mediatrade\"},\"image\":{\"@id\":\"https:\/\/mediatrade.fi\/en\/#\/schema\/logo\/image\/\"}}]}<\/script>\n<!-- \/ Yoast SEO plugin. -->","yoast_head_json":{"title":"ATEM Constellation 8K - Mediatrade","description":"ATEM Constellation 8K on UHD kuvamikseri, josta ei v\u00e4\u00e4nt\u00f6 lopu aivan heti!","robots":{"index":"index","follow":"follow","max-snippet":"max-snippet:-1","max-image-preview":"max-image-preview:large","max-video-preview":"max-video-preview:-1"},"canonical":"https:\/\/mediatrade.fi\/en\/product\/atem-constellation-8k-2\/","og_locale":"en_US","og_type":"article","og_title":"ATEM Constellation 8K - Mediatrade","og_description":"ATEM Constellation 8K on UHD kuvamikseri, josta ei v\u00e4\u00e4nt\u00f6 lopu aivan heti!","og_url":"https:\/\/mediatrade.fi\/en\/product\/atem-constellation-8k-2\/","og_site_name":"Mediatrade","article_modified_time":"2026-02-16T09:05:47+00:00","og_image":[{"width":600,"height":600,"url":"https:\/\/mediatrade.fi\/wp-content\/uploads\/2022\/05\/16309908_800.jpg","type":"image\/jpeg"}],"twitter_card":"summary_large_image","twitter_misc":{"Est. reading time":"2 minutes"},"schema":{"@context":"https:\/\/schema.org","@graph":[{"@type":"WebPage","@id":"https:\/\/mediatrade.fi\/en\/product\/atem-constellation-8k-2\/","url":"https:\/\/mediatrade.fi\/en\/product\/atem-constellation-8k-2\/","name":"ATEM Constellation 8K - Mediatrade","isPartOf":{"@id":"https:\/\/mediatrade.fi\/en\/#website"},"primaryImageOfPage":{"@id":"https:\/\/mediatrade.fi\/en\/product\/atem-constellation-8k-2\/#primaryimage"},"image":{"@id":"https:\/\/mediatrade.fi\/en\/product\/atem-constellation-8k-2\/#primaryimage"},"thumbnailUrl":"https:\/\/mediatrade.fi\/wp-content\/uploads\/2022\/05\/16309908_800.jpg","datePublished":"2025-01-21T19:50:54+00:00","dateModified":"2026-02-16T09:05:47+00:00","description":"ATEM Constellation 8K on UHD kuvamikseri, josta ei v\u00e4\u00e4nt\u00f6 lopu aivan heti!","breadcrumb":{"@id":"https:\/\/mediatrade.fi\/en\/product\/atem-constellation-8k-2\/#breadcrumb"},"inLanguage":"en-US","potentialAction":[{"@type":"ReadAction","target":["https:\/\/mediatrade.fi\/en\/product\/atem-constellation-8k-2\/"]}]},{"@type":"ImageObject","inLanguage":"en-US","@id":"https:\/\/mediatrade.fi\/en\/product\/atem-constellation-8k-2\/#primaryimage","url":"https:\/\/mediatrade.fi\/wp-content\/uploads\/2022\/05\/16309908_800.jpg","contentUrl":"https:\/\/mediatrade.fi\/wp-content\/uploads\/2022\/05\/16309908_800.jpg","width":600,"height":600},{"@type":"BreadcrumbList","@id":"https:\/\/mediatrade.fi\/en\/product\/atem-constellation-8k-2\/#breadcrumb","itemListElement":[{"@type":"ListItem","position":1,"name":"Front Page","item":"https:\/\/mediatrade.fi\/en\/"},{"@type":"ListItem","position":2,"name":"Shop","item":"https:\/\/mediatrade.fi\/en\/shop\/"},{"@type":"ListItem","position":3,"name":"ATEM Constellation 8K"}]},{"@type":"WebSite","@id":"https:\/\/mediatrade.fi\/en\/#website","url":"https:\/\/mediatrade.fi\/en\/","name":"Mediatrade","description":"","publisher":{"@id":"https:\/\/mediatrade.fi\/en\/#organization"},"potentialAction":[{"@type":"SearchAction","target":{"@type":"EntryPoint","urlTemplate":"https:\/\/mediatrade.fi\/en\/?s={search_term_string}"},"query-input":{"@type":"PropertyValueSpecification","valueRequired":true,"valueName":"search_term_string"}}],"inLanguage":"en-US"},{"@type":"Organization","@id":"https:\/\/mediatrade.fi\/en\/#organization","name":"Mediatrade","url":"https:\/\/mediatrade.fi\/en\/","logo":{"@type":"ImageObject","inLanguage":"en-US","@id":"https:\/\/mediatrade.fi\/en\/#\/schema\/logo\/image\/","url":"https:\/\/mediatrade.fi\/wp-content\/uploads\/2022\/04\/Group-640.svg","contentUrl":"https:\/\/mediatrade.fi\/wp-content\/uploads\/2022\/04\/Group-640.svg","width":128,"height":43,"caption":"Mediatrade"},"image":{"@id":"https:\/\/mediatrade.fi\/en\/#\/schema\/logo\/image\/"}}]}},"_links":{"self":[{"href":"https:\/\/mediatrade.fi\/en\/wp-json\/wp\/v2\/product\/393703","targetHints":{"allow":["GET"]}}],"collection":[{"href":"https:\/\/mediatrade.fi\/en\/wp-json\/wp\/v2\/product"}],"about":[{"href":"https:\/\/mediatrade.fi\/en\/wp-json\/wp\/v2\/types\/product"}],"wp:featuredmedia":[{"embeddable":true,"href":"https:\/\/mediatrade.fi\/en\/wp-json\/wp\/v2\/media\/85327"}],"wp:attachment":[{"href":"https:\/\/mediatrade.fi\/en\/wp-json\/wp\/v2\/media?parent=393703"}],"wp:term":[{"taxonomy":"product_brand","embeddable":true,"href":"https:\/\/mediatrade.fi\/en\/wp-json\/wp\/v2\/product_brand?post=393703"},{"taxonomy":"product_cat","embeddable":true,"href":"https:\/\/mediatrade.fi\/en\/wp-json\/wp\/v2\/product_cat?post=393703"},{"taxonomy":"product_tag","embeddable":true,"href":"https:\/\/mediatrade.fi\/en\/wp-json\/wp\/v2\/product_tag?post=393703"},{"taxonomy":"brands","embeddable":true,"href":"https:\/\/mediatrade.fi\/en\/wp-json\/wp\/v2\/brands?post=393703"},{"taxonomy":"id_product_type","embeddable":true,"href":"https:\/\/mediatrade.fi\/en\/wp-json\/wp\/v2\/id_product_type?post=393703"}],"curies":[{"name":"wp","href":"https:\/\/api.w.org\/{rel}","templated":true}]}}