{"id":393745,"date":"2022-05-17T10:58:38","date_gmt":"2022-05-17T07:58:38","guid":{"rendered":"https:\/\/mediatrade.fi\/tuote\/blackmagic-pocket-camera-battery-pro-grip-2\/"},"modified":"2026-02-16T11:07:25","modified_gmt":"2026-02-16T09:07:25","slug":"blackmagic-pocket-camera-battery-pro-grip-2","status":"publish","type":"product","link":"https:\/\/mediatrade.fi\/en\/product\/blackmagic-pocket-camera-battery-pro-grip-2\/","title":{"rendered":"Blackmagic Pocket Camera Battery Pro Grip"},"content":{"rendered":"\n<section class=\"block block-woocommerce-product-description container-fluid container-fluid \">\n    <div class=\"container\">\n        <div class=\"row\">\n            <div class=\"col-12 col-md-6 order-2 order-md-1 attachments-col\">\n                                            <\/div>\n\n            <div class=\"col-12 col-md-5 offset-md-1 order-1 order-md-2\">\n                <main class=\"entry-content\">\n                    \n\n<h2 class=\"wp-block-heading\">Tuotetiedot<\/h2>\n\n\n\n<p>Laajennusosa Pocket Cinema Camera 6K Pro:lle. Akkugripin avulla kuvaat jopa 3 tuntia putkeen! Grippiin mahtuu kaksi NP-F570-akkua, jotka lis\u00e4\u00e4v\u00e4t kuvausaikaa 2 tunnilla.<\/p>\n\n\n\n<p><strong>Batter Pro Grip<\/strong> on hiilikuitua ja se tekee kamerasta my\u00f6s helpommin k\u00e4sitelt\u00e4v\u00e4n muotoilunsa puolesta. Ottojen v\u00e4lill\u00e4 akut latautuvat kameran DC:n kautta ja akkujen keston voi tarkastaa kameran n\u00e4yt\u00f6lt\u00e4.<\/p>\n\n\n\n<p><a href=\"https:\/\/www.blackmagicdesign.com\/fi\/products\/blackmagicpocketcinemacamera\/accessories#blackmagicpocketcamerabatteryprogrip\" target=\"_blank\" rel=\"noreferrer noopener\">LUE LIS\u00c4\u00c4 BLACKMAGIC DESIGNIN SIVUILTA<\/a><\/p>\n\n\n                <\/main>\n            <\/div>\n        <\/div>\n    <\/div>\n<\/section>\n\n\n\n","protected":false},"excerpt":{"rendered":"","protected":false},"featured_media":84603,"template":"","meta":{"_acf_changed":false,"_relevanssi_hide_post":"","_relevanssi_hide_content":"","_relevanssi_pin_for_all":"","_relevanssi_pin_keywords":"","_relevanssi_unpin_keywords":"","_relevanssi_related_keywords":"","_relevanssi_related_include_ids":"","_relevanssi_related_exclude_ids":"","_relevanssi_related_no_append":"","_relevanssi_related_not_related":"","_relevanssi_related_posts":"","_relevanssi_noindex_reason":""},"product_brand":[],"product_cat":[2486,9057,8189],"product_tag":[2490],"brands":[708],"id_product_type":[],"class_list":{"0":"post-393745","1":"product","2":"type-product","3":"status-publish","4":"has-post-thumbnail","6":"product_cat-all-products","7":"product_cat-in-store","8":"product_cat-varastossa","9":"product_tag-mediatrade-en","11":"first","12":"instock","13":"taxable","14":"shipping-taxable","15":"purchasable","16":"product-type-simple"},"bundled_by":[],"bundle_stock_status":"instock","bundle_stock_quantity":1,"bundle_virtual":false,"bundle_layout":"","bundle_add_to_cart_form_location":"","bundle_editable_in_cart":false,"bundle_sold_individually_context":"","bundle_item_grouping":"","bundle_min_size":"","bundle_max_size":"","bundle_price":[],"bundled_items":[],"bundle_sell_ids":[],"acf":[],"yoast_head":"<!-- This site is optimized with the Yoast SEO plugin v27.1.1 - https:\/\/yoast.com\/product\/yoast-seo-wordpress\/ -->\n<title>Blackmagic Pocket Camera Battery Pro Grip - Mediatrade<\/title>\n<meta name=\"description\" content=\"Laajennusosa Pocket Cinema Camera 6K Pro:lle. Akkugripin avulla kuvaat jopa 3 tuntia putkeen!\" \/>\n<meta name=\"robots\" content=\"index, follow, max-snippet:-1, max-image-preview:large, max-video-preview:-1\" \/>\n<link rel=\"canonical\" href=\"https:\/\/mediatrade.fi\/en\/product\/blackmagic-pocket-camera-battery-pro-grip-2\/\" \/>\n<meta property=\"og:locale\" content=\"en_US\" \/>\n<meta property=\"og:type\" content=\"article\" \/>\n<meta property=\"og:title\" content=\"Blackmagic Pocket Camera Battery Pro Grip - Mediatrade\" \/>\n<meta property=\"og:description\" content=\"Laajennusosa Pocket Cinema Camera 6K Pro:lle. Akkugripin avulla kuvaat jopa 3 tuntia putkeen!\" \/>\n<meta property=\"og:url\" content=\"https:\/\/mediatrade.fi\/en\/product\/blackmagic-pocket-camera-battery-pro-grip-2\/\" \/>\n<meta property=\"og:site_name\" content=\"Mediatrade\" \/>\n<meta property=\"article:modified_time\" content=\"2026-02-16T09:07:25+00:00\" \/>\n<meta property=\"og:image\" content=\"https:\/\/mediatrade.fi\/wp-content\/uploads\/2022\/05\/blackmagic-pocket-camera-battery-pro-grip-hero.jpg\" \/>\n\t<meta property=\"og:image:width\" content=\"494\" \/>\n\t<meta property=\"og:image:height\" content=\"368\" \/>\n\t<meta property=\"og:image:type\" content=\"image\/jpeg\" \/>\n<meta name=\"twitter:card\" content=\"summary_large_image\" \/>\n<meta name=\"twitter:label1\" content=\"Est. reading time\" \/>\n\t<meta name=\"twitter:data1\" content=\"1 minute\" \/>\n<script type=\"application\/ld+json\" class=\"yoast-schema-graph\">{\"@context\":\"https:\/\/schema.org\",\"@graph\":[{\"@type\":\"WebPage\",\"@id\":\"https:\/\/mediatrade.fi\/en\/product\/blackmagic-pocket-camera-battery-pro-grip-2\/\",\"url\":\"https:\/\/mediatrade.fi\/en\/product\/blackmagic-pocket-camera-battery-pro-grip-2\/\",\"name\":\"Blackmagic Pocket Camera Battery Pro Grip - Mediatrade\",\"isPartOf\":{\"@id\":\"https:\/\/mediatrade.fi\/en\/#website\"},\"primaryImageOfPage\":{\"@id\":\"https:\/\/mediatrade.fi\/en\/product\/blackmagic-pocket-camera-battery-pro-grip-2\/#primaryimage\"},\"image\":{\"@id\":\"https:\/\/mediatrade.fi\/en\/product\/blackmagic-pocket-camera-battery-pro-grip-2\/#primaryimage\"},\"thumbnailUrl\":\"https:\/\/mediatrade.fi\/wp-content\/uploads\/2022\/05\/blackmagic-pocket-camera-battery-pro-grip-hero.jpg\",\"datePublished\":\"2022-05-17T07:58:38+00:00\",\"dateModified\":\"2026-02-16T09:07:25+00:00\",\"description\":\"Laajennusosa Pocket Cinema Camera 6K Pro:lle. Akkugripin avulla kuvaat jopa 3 tuntia putkeen!\",\"breadcrumb\":{\"@id\":\"https:\/\/mediatrade.fi\/en\/product\/blackmagic-pocket-camera-battery-pro-grip-2\/#breadcrumb\"},\"inLanguage\":\"en-US\",\"potentialAction\":[{\"@type\":\"ReadAction\",\"target\":[\"https:\/\/mediatrade.fi\/en\/product\/blackmagic-pocket-camera-battery-pro-grip-2\/\"]}]},{\"@type\":\"ImageObject\",\"inLanguage\":\"en-US\",\"@id\":\"https:\/\/mediatrade.fi\/en\/product\/blackmagic-pocket-camera-battery-pro-grip-2\/#primaryimage\",\"url\":\"https:\/\/mediatrade.fi\/wp-content\/uploads\/2022\/05\/blackmagic-pocket-camera-battery-pro-grip-hero.jpg\",\"contentUrl\":\"https:\/\/mediatrade.fi\/wp-content\/uploads\/2022\/05\/blackmagic-pocket-camera-battery-pro-grip-hero.jpg\",\"width\":494,\"height\":368},{\"@type\":\"BreadcrumbList\",\"@id\":\"https:\/\/mediatrade.fi\/en\/product\/blackmagic-pocket-camera-battery-pro-grip-2\/#breadcrumb\",\"itemListElement\":[{\"@type\":\"ListItem\",\"position\":1,\"name\":\"Front Page\",\"item\":\"https:\/\/mediatrade.fi\/en\/\"},{\"@type\":\"ListItem\",\"position\":2,\"name\":\"Shop\",\"item\":\"https:\/\/mediatrade.fi\/en\/shop\/\"},{\"@type\":\"ListItem\",\"position\":3,\"name\":\"Blackmagic Pocket Camera Battery Pro Grip\"}]},{\"@type\":\"WebSite\",\"@id\":\"https:\/\/mediatrade.fi\/en\/#website\",\"url\":\"https:\/\/mediatrade.fi\/en\/\",\"name\":\"Mediatrade\",\"description\":\"\",\"publisher\":{\"@id\":\"https:\/\/mediatrade.fi\/en\/#organization\"},\"potentialAction\":[{\"@type\":\"SearchAction\",\"target\":{\"@type\":\"EntryPoint\",\"urlTemplate\":\"https:\/\/mediatrade.fi\/en\/?s={search_term_string}\"},\"query-input\":{\"@type\":\"PropertyValueSpecification\",\"valueRequired\":true,\"valueName\":\"search_term_string\"}}],\"inLanguage\":\"en-US\"},{\"@type\":\"Organization\",\"@id\":\"https:\/\/mediatrade.fi\/en\/#organization\",\"name\":\"Mediatrade\",\"url\":\"https:\/\/mediatrade.fi\/en\/\",\"logo\":{\"@type\":\"ImageObject\",\"inLanguage\":\"en-US\",\"@id\":\"https:\/\/mediatrade.fi\/en\/#\/schema\/logo\/image\/\",\"url\":\"https:\/\/mediatrade.fi\/wp-content\/uploads\/2022\/04\/Group-640.svg\",\"contentUrl\":\"https:\/\/mediatrade.fi\/wp-content\/uploads\/2022\/04\/Group-640.svg\",\"width\":128,\"height\":43,\"caption\":\"Mediatrade\"},\"image\":{\"@id\":\"https:\/\/mediatrade.fi\/en\/#\/schema\/logo\/image\/\"}}]}<\/script>\n<!-- \/ Yoast SEO plugin. -->","yoast_head_json":{"title":"Blackmagic Pocket Camera Battery Pro Grip - Mediatrade","description":"Laajennusosa Pocket Cinema Camera 6K Pro:lle. Akkugripin avulla kuvaat jopa 3 tuntia putkeen!","robots":{"index":"index","follow":"follow","max-snippet":"max-snippet:-1","max-image-preview":"max-image-preview:large","max-video-preview":"max-video-preview:-1"},"canonical":"https:\/\/mediatrade.fi\/en\/product\/blackmagic-pocket-camera-battery-pro-grip-2\/","og_locale":"en_US","og_type":"article","og_title":"Blackmagic Pocket Camera Battery Pro Grip - Mediatrade","og_description":"Laajennusosa Pocket Cinema Camera 6K Pro:lle. Akkugripin avulla kuvaat jopa 3 tuntia putkeen!","og_url":"https:\/\/mediatrade.fi\/en\/product\/blackmagic-pocket-camera-battery-pro-grip-2\/","og_site_name":"Mediatrade","article_modified_time":"2026-02-16T09:07:25+00:00","og_image":[{"width":494,"height":368,"url":"https:\/\/mediatrade.fi\/wp-content\/uploads\/2022\/05\/blackmagic-pocket-camera-battery-pro-grip-hero.jpg","type":"image\/jpeg"}],"twitter_card":"summary_large_image","twitter_misc":{"Est. reading time":"1 minute"},"schema":{"@context":"https:\/\/schema.org","@graph":[{"@type":"WebPage","@id":"https:\/\/mediatrade.fi\/en\/product\/blackmagic-pocket-camera-battery-pro-grip-2\/","url":"https:\/\/mediatrade.fi\/en\/product\/blackmagic-pocket-camera-battery-pro-grip-2\/","name":"Blackmagic Pocket Camera Battery Pro Grip - Mediatrade","isPartOf":{"@id":"https:\/\/mediatrade.fi\/en\/#website"},"primaryImageOfPage":{"@id":"https:\/\/mediatrade.fi\/en\/product\/blackmagic-pocket-camera-battery-pro-grip-2\/#primaryimage"},"image":{"@id":"https:\/\/mediatrade.fi\/en\/product\/blackmagic-pocket-camera-battery-pro-grip-2\/#primaryimage"},"thumbnailUrl":"https:\/\/mediatrade.fi\/wp-content\/uploads\/2022\/05\/blackmagic-pocket-camera-battery-pro-grip-hero.jpg","datePublished":"2022-05-17T07:58:38+00:00","dateModified":"2026-02-16T09:07:25+00:00","description":"Laajennusosa Pocket Cinema Camera 6K Pro:lle. Akkugripin avulla kuvaat jopa 3 tuntia putkeen!","breadcrumb":{"@id":"https:\/\/mediatrade.fi\/en\/product\/blackmagic-pocket-camera-battery-pro-grip-2\/#breadcrumb"},"inLanguage":"en-US","potentialAction":[{"@type":"ReadAction","target":["https:\/\/mediatrade.fi\/en\/product\/blackmagic-pocket-camera-battery-pro-grip-2\/"]}]},{"@type":"ImageObject","inLanguage":"en-US","@id":"https:\/\/mediatrade.fi\/en\/product\/blackmagic-pocket-camera-battery-pro-grip-2\/#primaryimage","url":"https:\/\/mediatrade.fi\/wp-content\/uploads\/2022\/05\/blackmagic-pocket-camera-battery-pro-grip-hero.jpg","contentUrl":"https:\/\/mediatrade.fi\/wp-content\/uploads\/2022\/05\/blackmagic-pocket-camera-battery-pro-grip-hero.jpg","width":494,"height":368},{"@type":"BreadcrumbList","@id":"https:\/\/mediatrade.fi\/en\/product\/blackmagic-pocket-camera-battery-pro-grip-2\/#breadcrumb","itemListElement":[{"@type":"ListItem","position":1,"name":"Front Page","item":"https:\/\/mediatrade.fi\/en\/"},{"@type":"ListItem","position":2,"name":"Shop","item":"https:\/\/mediatrade.fi\/en\/shop\/"},{"@type":"ListItem","position":3,"name":"Blackmagic Pocket Camera Battery Pro Grip"}]},{"@type":"WebSite","@id":"https:\/\/mediatrade.fi\/en\/#website","url":"https:\/\/mediatrade.fi\/en\/","name":"Mediatrade","description":"","publisher":{"@id":"https:\/\/mediatrade.fi\/en\/#organization"},"potentialAction":[{"@type":"SearchAction","target":{"@type":"EntryPoint","urlTemplate":"https:\/\/mediatrade.fi\/en\/?s={search_term_string}"},"query-input":{"@type":"PropertyValueSpecification","valueRequired":true,"valueName":"search_term_string"}}],"inLanguage":"en-US"},{"@type":"Organization","@id":"https:\/\/mediatrade.fi\/en\/#organization","name":"Mediatrade","url":"https:\/\/mediatrade.fi\/en\/","logo":{"@type":"ImageObject","inLanguage":"en-US","@id":"https:\/\/mediatrade.fi\/en\/#\/schema\/logo\/image\/","url":"https:\/\/mediatrade.fi\/wp-content\/uploads\/2022\/04\/Group-640.svg","contentUrl":"https:\/\/mediatrade.fi\/wp-content\/uploads\/2022\/04\/Group-640.svg","width":128,"height":43,"caption":"Mediatrade"},"image":{"@id":"https:\/\/mediatrade.fi\/en\/#\/schema\/logo\/image\/"}}]}},"_links":{"self":[{"href":"https:\/\/mediatrade.fi\/en\/wp-json\/wp\/v2\/product\/393745","targetHints":{"allow":["GET"]}}],"collection":[{"href":"https:\/\/mediatrade.fi\/en\/wp-json\/wp\/v2\/product"}],"about":[{"href":"https:\/\/mediatrade.fi\/en\/wp-json\/wp\/v2\/types\/product"}],"wp:featuredmedia":[{"embeddable":true,"href":"https:\/\/mediatrade.fi\/en\/wp-json\/wp\/v2\/media\/84603"}],"wp:attachment":[{"href":"https:\/\/mediatrade.fi\/en\/wp-json\/wp\/v2\/media?parent=393745"}],"wp:term":[{"taxonomy":"product_brand","embeddable":true,"href":"https:\/\/mediatrade.fi\/en\/wp-json\/wp\/v2\/product_brand?post=393745"},{"taxonomy":"product_cat","embeddable":true,"href":"https:\/\/mediatrade.fi\/en\/wp-json\/wp\/v2\/product_cat?post=393745"},{"taxonomy":"product_tag","embeddable":true,"href":"https:\/\/mediatrade.fi\/en\/wp-json\/wp\/v2\/product_tag?post=393745"},{"taxonomy":"brands","embeddable":true,"href":"https:\/\/mediatrade.fi\/en\/wp-json\/wp\/v2\/brands?post=393745"},{"taxonomy":"id_product_type","embeddable":true,"href":"https:\/\/mediatrade.fi\/en\/wp-json\/wp\/v2\/id_product_type?post=393745"}],"curies":[{"name":"wp","href":"https:\/\/api.w.org\/{rel}","templated":true}]}}