{"id":393797,"date":"2022-05-12T14:02:50","date_gmt":"2025-01-21T19:53:21","guid":{"rendered":"https:\/\/mediatrade.fi\/tuote\/fairlight-desktop-console-2\/"},"modified":"2026-04-20T07:16:45","modified_gmt":"2026-04-20T04:16:45","slug":"fairlight-desktop-console-2-2","status":"publish","type":"product","link":"https:\/\/mediatrade.fi\/en\/product\/fairlight-desktop-console-2-2\/","title":{"rendered":"Fairlight Desktop Console"},"content":{"rendered":"\n<section class=\"block block-woocommerce-product-description container-fluid container-fluid \">\n    <div class=\"container\">\n        <div class=\"row\">\n            <div class=\"col-12 col-md-6 order-2 order-md-1 attachments-col\">\n                                            <\/div>\n\n            <div class=\"col-12 col-md-5 offset-md-1 order-1 order-md-2\">\n                <main class=\"entry-content\">\n                    \n\n<h2 class=\"wp-block-heading\">Tuotetiedot<\/h2>\n\n\n\n<p><strong>Fairlight Desktop Console<\/strong> auttaa ty\u00f6st\u00e4m\u00e4\u00e4n \u00e4\u00e4nt\u00e4 tehokkaasti, koska voit miksata useampia \u00e4\u00e4ni\u00e4 ja s\u00e4\u00e4t\u00f6j\u00e4 samanaikaisesti, suurella tarkkuudella.<\/p>\n\n\n\n<p>Fairlight-paneelit on suunniteltu yhteisty\u00f6ss\u00e4 er\u00e4iden maailman johtavien audio-insin\u00f6\u00f6rien kanssa, joten konsolin k\u00e4ytt\u00f6 on intuitiivista.<br>HDMI-ulostulon avulla konsoliin voi kiinnitt\u00e4\u00e4 erillisen n\u00e4yt\u00f6n.<br><br><a href=\"https:\/\/www.blackmagicdesign.com\/fi\/products\/davinciresolve\/consoles\" target=\"_blank\" rel=\"noreferrer noopener\">LUE LIS\u00c4\u00c4 BLACKMAGIC DESIGNIN SIVUILTA<\/a><\/p>\n\n\n                <\/main>\n            <\/div>\n        <\/div>\n    <\/div>\n<\/section>\n\n\n\n<section class=\"block block-profile-listing container-fluid \">\n    <div class=\"container\">\n        <div class=\"row\">\n            <main class=\"entry-content col-12\">\n                \n\n<h2 class=\"wp-block-heading\">Asiantuntijat<\/h2>\n\n\n            <\/main>\n                        <div class=\"col-12 col-lg-6\">\n                <div class=\"person-wrapper\">\n                    <div class=\"image-wrapper\">\n                        <img decoding=\"async\" width=\"1920\" height=\"3414\" src=\"https:\/\/mediatrade.fi\/wp-content\/uploads\/2022\/04\/Kaposempi-mr.-Tommi-Rosnell-1920x3414.jpg\" class=\"attachment-post-thumbnail size-post-thumbnail wp-post-image\" alt=\"\" srcset=\"https:\/\/mediatrade.fi\/wp-content\/uploads\/2022\/04\/Kaposempi-mr.-Tommi-Rosnell-1920x3414.jpg 1920w, https:\/\/mediatrade.fi\/wp-content\/uploads\/2022\/04\/Kaposempi-mr.-Tommi-Rosnell-169x300.jpg 169w, https:\/\/mediatrade.fi\/wp-content\/uploads\/2022\/04\/Kaposempi-mr.-Tommi-Rosnell-576x1024.jpg 576w, https:\/\/mediatrade.fi\/wp-content\/uploads\/2022\/04\/Kaposempi-mr.-Tommi-Rosnell-768x1365.jpg 768w, https:\/\/mediatrade.fi\/wp-content\/uploads\/2022\/04\/Kaposempi-mr.-Tommi-Rosnell-864x1536.jpg 864w, https:\/\/mediatrade.fi\/wp-content\/uploads\/2022\/04\/Kaposempi-mr.-Tommi-Rosnell-1152x2048.jpg 1152w, https:\/\/mediatrade.fi\/wp-content\/uploads\/2022\/04\/Kaposempi-mr.-Tommi-Rosnell-600x1067.jpg 600w, https:\/\/mediatrade.fi\/wp-content\/uploads\/2022\/04\/Kaposempi-mr.-Tommi-Rosnell-scaled.jpg 1440w\" sizes=\"(max-width: 575px) 100vw, (max-width: 767px) 570, (max-width: 991px) 830, (max-width: 1199px) 930, 994px\" \/>                    <\/div>\n                    <div class=\"content-wrapper\">\n                        <h4 class=\"name\">Tommi Rosnell<\/h4>\n                        <p class=\"title\">Business Development Manager<\/p>\n                        <p class=\"summary\">I work as a production lighting specialist at Mediatrade. My expertise lies in designing studio lighting and planning production workflows.<\/p>\n                                                <span class=\"knowledge-title\">Area of expertise<\/span>\n                        <p class=\"knowledge\">Post-production, cinematography, lighting<\/p>\n                                                <p class=\"phone\">+358201557730<\/p>\n                        <p class=\"email\">tommi.rosnell@mediatrade.fi<\/p>\n                    <\/div>\n                <\/div>\n            <\/div>\n                                <\/div>\n    <\/div>\n<\/section>\n","protected":false},"excerpt":{"rendered":"","protected":false},"featured_media":41261,"template":"","meta":{"_acf_changed":false,"_relevanssi_hide_post":"","_relevanssi_hide_content":"","_relevanssi_pin_for_all":"","_relevanssi_pin_keywords":"","_relevanssi_unpin_keywords":"","_relevanssi_related_keywords":"","_relevanssi_related_include_ids":"","_relevanssi_related_exclude_ids":"","_relevanssi_related_no_append":"","_relevanssi_related_not_related":"","_relevanssi_related_posts":"113484,113481,113477,113478,113479,113480","_relevanssi_noindex_reason":""},"product_brand":[],"product_cat":[2500,2486,2500,3464,2486,3466,3466,3464,3492,3492],"product_tag":[947,560,1047,588,2490,2490],"brands":[708],"id_product_type":[],"class_list":{"0":"post-393797","1":"product","2":"type-product","3":"status-publish","4":"has-post-thumbnail","6":"product_cat-audio","7":"product_cat-all-products","9":"product_cat-post-production","11":"product_cat-panels","14":"product_cat-studio-devices-equipment","16":"product_tag-blackmagic","17":"product_tag-blackmagic-design","18":"product_tag-desktop-console","19":"product_tag-fairlight-desktop-console","20":"product_tag-mediatrade-en","23":"first","24":"onbackorder","25":"taxable","26":"shipping-taxable","27":"purchasable","28":"product-type-simple"},"bundled_by":[],"bundle_stock_status":"onbackorder","bundle_stock_quantity":0,"bundle_virtual":false,"bundle_layout":"","bundle_add_to_cart_form_location":"","bundle_editable_in_cart":false,"bundle_sold_individually_context":"","bundle_item_grouping":"","bundle_min_size":"","bundle_max_size":"","bundle_price":[],"bundled_items":[],"bundle_sell_ids":[],"acf":[],"yoast_head":"<!-- This site is optimized with the Yoast SEO plugin v27.4 - https:\/\/yoast.com\/product\/yoast-seo-wordpress\/ -->\n<title>Fairlight Desktop Console - Mediatrade<\/title>\n<meta name=\"robots\" content=\"index, follow, max-snippet:-1, max-image-preview:large, max-video-preview:-1\" \/>\n<link rel=\"canonical\" href=\"https:\/\/mediatrade.fi\/en\/product\/fairlight-desktop-console-2-2\/\" \/>\n<meta property=\"og:locale\" content=\"en_US\" \/>\n<meta property=\"og:type\" content=\"article\" \/>\n<meta property=\"og:title\" content=\"Fairlight Desktop Console - Mediatrade\" \/>\n<meta property=\"og:url\" content=\"https:\/\/mediatrade.fi\/en\/product\/fairlight-desktop-console-2-2\/\" \/>\n<meta property=\"og:site_name\" content=\"Mediatrade\" \/>\n<meta property=\"article:modified_time\" content=\"2026-04-20T04:16:45+00:00\" \/>\n<meta property=\"og:image\" content=\"https:\/\/mediatrade.fi\/wp-content\/uploads\/2022\/04\/blackmagicdesign-fairlightdesktop-console_0-scaled.jpg\" \/>\n\t<meta property=\"og:image:width\" content=\"2560\" \/>\n\t<meta property=\"og:image:height\" content=\"1440\" \/>\n\t<meta property=\"og:image:type\" content=\"image\/jpeg\" \/>\n<meta name=\"twitter:card\" content=\"summary_large_image\" \/>\n<meta name=\"twitter:label1\" content=\"Est. reading time\" \/>\n\t<meta name=\"twitter:data1\" content=\"2 minutes\" \/>\n<script type=\"application\/ld+json\" class=\"yoast-schema-graph\">{\"@context\":\"https:\\\/\\\/schema.org\",\"@graph\":[{\"@type\":\"WebPage\",\"@id\":\"https:\\\/\\\/mediatrade.fi\\\/en\\\/product\\\/fairlight-desktop-console-2-2\\\/\",\"url\":\"https:\\\/\\\/mediatrade.fi\\\/en\\\/product\\\/fairlight-desktop-console-2-2\\\/\",\"name\":\"Fairlight Desktop Console - Mediatrade\",\"isPartOf\":{\"@id\":\"https:\\\/\\\/mediatrade.fi\\\/en\\\/#website\"},\"primaryImageOfPage\":{\"@id\":\"https:\\\/\\\/mediatrade.fi\\\/en\\\/product\\\/fairlight-desktop-console-2-2\\\/#primaryimage\"},\"image\":{\"@id\":\"https:\\\/\\\/mediatrade.fi\\\/en\\\/product\\\/fairlight-desktop-console-2-2\\\/#primaryimage\"},\"thumbnailUrl\":\"https:\\\/\\\/mediatrade.fi\\\/wp-content\\\/uploads\\\/2022\\\/04\\\/blackmagicdesign-fairlightdesktop-console_0-scaled.jpg\",\"datePublished\":\"2025-01-21T19:53:21+00:00\",\"dateModified\":\"2026-04-20T04:16:45+00:00\",\"breadcrumb\":{\"@id\":\"https:\\\/\\\/mediatrade.fi\\\/en\\\/product\\\/fairlight-desktop-console-2-2\\\/#breadcrumb\"},\"inLanguage\":\"en-US\",\"potentialAction\":[{\"@type\":\"ReadAction\",\"target\":[\"https:\\\/\\\/mediatrade.fi\\\/en\\\/product\\\/fairlight-desktop-console-2-2\\\/\"]}]},{\"@type\":\"ImageObject\",\"inLanguage\":\"en-US\",\"@id\":\"https:\\\/\\\/mediatrade.fi\\\/en\\\/product\\\/fairlight-desktop-console-2-2\\\/#primaryimage\",\"url\":\"https:\\\/\\\/mediatrade.fi\\\/wp-content\\\/uploads\\\/2022\\\/04\\\/blackmagicdesign-fairlightdesktop-console_0-scaled.jpg\",\"contentUrl\":\"https:\\\/\\\/mediatrade.fi\\\/wp-content\\\/uploads\\\/2022\\\/04\\\/blackmagicdesign-fairlightdesktop-console_0-scaled.jpg\",\"width\":2560,\"height\":1440},{\"@type\":\"BreadcrumbList\",\"@id\":\"https:\\\/\\\/mediatrade.fi\\\/en\\\/product\\\/fairlight-desktop-console-2-2\\\/#breadcrumb\",\"itemListElement\":[{\"@type\":\"ListItem\",\"position\":1,\"name\":\"Front Page\",\"item\":\"https:\\\/\\\/mediatrade.fi\\\/en\\\/\"},{\"@type\":\"ListItem\",\"position\":2,\"name\":\"Shop\",\"item\":\"https:\\\/\\\/mediatrade.fi\\\/en\\\/shop\\\/\"},{\"@type\":\"ListItem\",\"position\":3,\"name\":\"Fairlight Desktop Console\"}]},{\"@type\":\"WebSite\",\"@id\":\"https:\\\/\\\/mediatrade.fi\\\/en\\\/#website\",\"url\":\"https:\\\/\\\/mediatrade.fi\\\/en\\\/\",\"name\":\"Mediatrade\",\"description\":\"\",\"publisher\":{\"@id\":\"https:\\\/\\\/mediatrade.fi\\\/en\\\/#organization\"},\"potentialAction\":[{\"@type\":\"SearchAction\",\"target\":{\"@type\":\"EntryPoint\",\"urlTemplate\":\"https:\\\/\\\/mediatrade.fi\\\/en\\\/?s={search_term_string}\"},\"query-input\":{\"@type\":\"PropertyValueSpecification\",\"valueRequired\":true,\"valueName\":\"search_term_string\"}}],\"inLanguage\":\"en-US\"},{\"@type\":\"Organization\",\"@id\":\"https:\\\/\\\/mediatrade.fi\\\/en\\\/#organization\",\"name\":\"Mediatrade\",\"url\":\"https:\\\/\\\/mediatrade.fi\\\/en\\\/\",\"logo\":{\"@type\":\"ImageObject\",\"inLanguage\":\"en-US\",\"@id\":\"https:\\\/\\\/mediatrade.fi\\\/en\\\/#\\\/schema\\\/logo\\\/image\\\/\",\"url\":\"https:\\\/\\\/mediatrade.fi\\\/wp-content\\\/uploads\\\/2022\\\/04\\\/Group-640.svg\",\"contentUrl\":\"https:\\\/\\\/mediatrade.fi\\\/wp-content\\\/uploads\\\/2022\\\/04\\\/Group-640.svg\",\"width\":128,\"height\":43,\"caption\":\"Mediatrade\"},\"image\":{\"@id\":\"https:\\\/\\\/mediatrade.fi\\\/en\\\/#\\\/schema\\\/logo\\\/image\\\/\"}}]}<\/script>\n<!-- \/ Yoast SEO plugin. -->","yoast_head_json":{"title":"Fairlight Desktop Console - Mediatrade","robots":{"index":"index","follow":"follow","max-snippet":"max-snippet:-1","max-image-preview":"max-image-preview:large","max-video-preview":"max-video-preview:-1"},"canonical":"https:\/\/mediatrade.fi\/en\/product\/fairlight-desktop-console-2-2\/","og_locale":"en_US","og_type":"article","og_title":"Fairlight Desktop Console - Mediatrade","og_url":"https:\/\/mediatrade.fi\/en\/product\/fairlight-desktop-console-2-2\/","og_site_name":"Mediatrade","article_modified_time":"2026-04-20T04:16:45+00:00","og_image":[{"width":2560,"height":1440,"url":"https:\/\/mediatrade.fi\/wp-content\/uploads\/2022\/04\/blackmagicdesign-fairlightdesktop-console_0-scaled.jpg","type":"image\/jpeg"}],"twitter_card":"summary_large_image","twitter_misc":{"Est. reading time":"2 minutes"},"schema":{"@context":"https:\/\/schema.org","@graph":[{"@type":"WebPage","@id":"https:\/\/mediatrade.fi\/en\/product\/fairlight-desktop-console-2-2\/","url":"https:\/\/mediatrade.fi\/en\/product\/fairlight-desktop-console-2-2\/","name":"Fairlight Desktop Console - Mediatrade","isPartOf":{"@id":"https:\/\/mediatrade.fi\/en\/#website"},"primaryImageOfPage":{"@id":"https:\/\/mediatrade.fi\/en\/product\/fairlight-desktop-console-2-2\/#primaryimage"},"image":{"@id":"https:\/\/mediatrade.fi\/en\/product\/fairlight-desktop-console-2-2\/#primaryimage"},"thumbnailUrl":"https:\/\/mediatrade.fi\/wp-content\/uploads\/2022\/04\/blackmagicdesign-fairlightdesktop-console_0-scaled.jpg","datePublished":"2025-01-21T19:53:21+00:00","dateModified":"2026-04-20T04:16:45+00:00","breadcrumb":{"@id":"https:\/\/mediatrade.fi\/en\/product\/fairlight-desktop-console-2-2\/#breadcrumb"},"inLanguage":"en-US","potentialAction":[{"@type":"ReadAction","target":["https:\/\/mediatrade.fi\/en\/product\/fairlight-desktop-console-2-2\/"]}]},{"@type":"ImageObject","inLanguage":"en-US","@id":"https:\/\/mediatrade.fi\/en\/product\/fairlight-desktop-console-2-2\/#primaryimage","url":"https:\/\/mediatrade.fi\/wp-content\/uploads\/2022\/04\/blackmagicdesign-fairlightdesktop-console_0-scaled.jpg","contentUrl":"https:\/\/mediatrade.fi\/wp-content\/uploads\/2022\/04\/blackmagicdesign-fairlightdesktop-console_0-scaled.jpg","width":2560,"height":1440},{"@type":"BreadcrumbList","@id":"https:\/\/mediatrade.fi\/en\/product\/fairlight-desktop-console-2-2\/#breadcrumb","itemListElement":[{"@type":"ListItem","position":1,"name":"Front Page","item":"https:\/\/mediatrade.fi\/en\/"},{"@type":"ListItem","position":2,"name":"Shop","item":"https:\/\/mediatrade.fi\/en\/shop\/"},{"@type":"ListItem","position":3,"name":"Fairlight Desktop Console"}]},{"@type":"WebSite","@id":"https:\/\/mediatrade.fi\/en\/#website","url":"https:\/\/mediatrade.fi\/en\/","name":"Mediatrade","description":"","publisher":{"@id":"https:\/\/mediatrade.fi\/en\/#organization"},"potentialAction":[{"@type":"SearchAction","target":{"@type":"EntryPoint","urlTemplate":"https:\/\/mediatrade.fi\/en\/?s={search_term_string}"},"query-input":{"@type":"PropertyValueSpecification","valueRequired":true,"valueName":"search_term_string"}}],"inLanguage":"en-US"},{"@type":"Organization","@id":"https:\/\/mediatrade.fi\/en\/#organization","name":"Mediatrade","url":"https:\/\/mediatrade.fi\/en\/","logo":{"@type":"ImageObject","inLanguage":"en-US","@id":"https:\/\/mediatrade.fi\/en\/#\/schema\/logo\/image\/","url":"https:\/\/mediatrade.fi\/wp-content\/uploads\/2022\/04\/Group-640.svg","contentUrl":"https:\/\/mediatrade.fi\/wp-content\/uploads\/2022\/04\/Group-640.svg","width":128,"height":43,"caption":"Mediatrade"},"image":{"@id":"https:\/\/mediatrade.fi\/en\/#\/schema\/logo\/image\/"}}]}},"_links":{"self":[{"href":"https:\/\/mediatrade.fi\/en\/wp-json\/wp\/v2\/product\/393797","targetHints":{"allow":["GET"]}}],"collection":[{"href":"https:\/\/mediatrade.fi\/en\/wp-json\/wp\/v2\/product"}],"about":[{"href":"https:\/\/mediatrade.fi\/en\/wp-json\/wp\/v2\/types\/product"}],"wp:featuredmedia":[{"embeddable":true,"href":"https:\/\/mediatrade.fi\/en\/wp-json\/wp\/v2\/media\/41261"}],"wp:attachment":[{"href":"https:\/\/mediatrade.fi\/en\/wp-json\/wp\/v2\/media?parent=393797"}],"wp:term":[{"taxonomy":"product_brand","embeddable":true,"href":"https:\/\/mediatrade.fi\/en\/wp-json\/wp\/v2\/product_brand?post=393797"},{"taxonomy":"product_cat","embeddable":true,"href":"https:\/\/mediatrade.fi\/en\/wp-json\/wp\/v2\/product_cat?post=393797"},{"taxonomy":"product_tag","embeddable":true,"href":"https:\/\/mediatrade.fi\/en\/wp-json\/wp\/v2\/product_tag?post=393797"},{"taxonomy":"brands","embeddable":true,"href":"https:\/\/mediatrade.fi\/en\/wp-json\/wp\/v2\/brands?post=393797"},{"taxonomy":"id_product_type","embeddable":true,"href":"https:\/\/mediatrade.fi\/en\/wp-json\/wp\/v2\/id_product_type?post=393797"}],"curies":[{"name":"wp","href":"https:\/\/api.w.org\/{rel}","templated":true}]}}