{"id":394860,"date":"2022-05-11T10:50:07","date_gmt":"2025-01-21T20:16:21","guid":{"rendered":"https:\/\/mediatrade.fi\/tuote\/f-5a\/"},"modified":"2026-03-31T06:35:15","modified_gmt":"2026-03-31T03:35:15","slug":"f-5a","status":"publish","type":"product","link":"https:\/\/mediatrade.fi\/en\/product\/f-5a\/","title":{"rendered":"F-5A"},"content":{"rendered":"\n<section class=\"block block-woocommerce-product-description container-fluid container-fluid \">\n    <div class=\"container\">\n        <div class=\"row\">\n            <div class=\"col-12 col-md-6 order-2 order-md-1 attachments-col\">\n                                            <\/div>\n\n            <div class=\"col-12 col-md-5 offset-md-1 order-1 order-md-2\">\n                <main class=\"entry-content\">\n                    \n\n<h2 class=\"wp-block-heading\">Tuotetiedot<\/h2>\n\n\n\n<p>TVLogic F-5A on 5,5 tuuman kokoinen FHD IPS-LCD-kentt\u00e4monitori<\/p>\n\n\n\n<p>F-5A on kompakti ja kevyt kameramonitori, jossa on Full HD-resoluutio 1920 x 1080, laaja katselukulma sek\u00e4 500nit&nbsp; luminanssitaso. Uuden kuvaprosessorin avulla F-5A on entist\u00e4 ter\u00e4v\u00e4mpi ja tarjoaa hyv\u00e4t ja tehokkaat tarkennusavut.&nbsp;<\/p>\n\n\n\n<p>Monitorissa on 3G-SDI- ja HDMI 1.3 -liit\u00e4nn\u00e4t ja se tukee useita eri formaatteja. Lis\u00e4ksi monitorista l\u00f6ytyy ammattitasoiset&nbsp; ominaisuudet, kuten Waveform \/ Vectorscope, Focus Assist, 3D LUT, kameralokit ja HDR-emulointi.<\/p>\n\n\n\n<h3 class=\"wp-block-heading\">Tekniset tiedot<\/h3>\n\n\n\n<p>Display Specs:<\/p>\n\n\n\n<ul class=\"wp-block-list\">\n<li>Size 5.5&#8243;<\/li>\n\n\n\n<li>Resolution 1920 X 1080 (16:9)<\/li>\n\n\n\n<li>Pixe Pitch 0.0213(W) X 0.063p(H)mm<\/li>\n\n\n\n<li>Color Depth 16.7M<\/li>\n\n\n\n<li>Viewing Angle 160\u00b0(H) \/ 160\u00b0(V)<\/li>\n\n\n\n<li>Luminance 500cd\/m2<\/li>\n\n\n\n<li>Contrast Ratio 1,000 : 1<\/li>\n\n\n\n<li>Display Area 122.7(H) \u00d7 69(V) mm<\/li>\n<\/ul>\n\n\n\n<p>Input:<\/p>\n\n\n\n<ul class=\"wp-block-list\">\n<li>1 X 3G-SDI A Channel Input<\/li>\n\n\n\n<li>1 X HDMI Input<\/li>\n<\/ul>\n\n\n\n<p>Output:<\/p>\n\n\n\n<ul class=\"wp-block-list\">\n<li>1 X 3G-SDI Output<\/li>\n\n\n\n<li>1 X HDMI Output<\/li>\n<\/ul>\n\n\n\n<p>Audio:&nbsp;<\/p>\n\n\n\n<ul class=\"wp-block-list\">\n<li>Audio In Embedded Audio\/Analog Stereo (Phone Jack)<\/li>\n\n\n\n<li>Audio Out Analog Stereo (Phone Jack), Internal Speaker(Mono)<\/li>\n<\/ul>\n\n\n                <\/main>\n            <\/div>\n        <\/div>\n    <\/div>\n<\/section>\n\n\n\n    \n\n<section class=\"block woocommerce-similar-products container-fluid \">\n    \n<div class=\"partial-block-header\">\n    <div class=\"container\">\n        <div class=\"row align-items-center\">\n            <div class=\"col col-12 col-md-6 d-flex justify-content-start title-col\">\n                                <h2 class=\"block-title\">Liittyv\u00e4t tuotteet<\/h2>\n                            <\/div>\n            <div class=\"col col-12 col-md-6 d-flex justify-content-md-end cta-col\">\n                            <\/div>\n        <\/div>\n    <\/div>\n<\/div>\n    <div class=\"container\">\n                <div class=\"row card-row\">\n            <div class=\"col\">\n                \n<div class=\"swiper\">\n            <div class=\"slide\">\n            <div class=\"card product product-feature-tracking\" onclick=\"document.getElementById('card-link-69d25e6e5fd8f').click();\" data-product='{\"title\":\"Protection Screen F-5A, VFM-055A (Clear Acrylic)\",\"sku\":\"OPT-AF-055A\",\"price\":\"58\",\"brand_name\":\"TVLogic\",\"link\":\"https:\\\/\\\/mediatrade.fi\\\/en\\\/product\\\/protection-screen-f-5a-vfm-055a-clear-acrylic-2\\\/\"}'>\n    <div class=\"thumbnail-wrap\">\n        <a href=\"https:\/\/mediatrade.fi\/en\/product\/protection-screen-f-5a-vfm-055a-clear-acrylic-2\/\" title=\"Protection Screen F-5A, VFM-055A (Clear Acrylic)\">\n            <div class=\"card-thumbnail\">\n                <img decoding=\"async\" width=\"300\" height=\"300\" src=\"https:\/\/mediatrade.fi\/wp-content\/uploads\/2022\/05\/1512042437_1365424-300x300.jpg\" class=\"attachment-medium size-medium wp-post-image\" alt=\"\" srcset=\"https:\/\/mediatrade.fi\/wp-content\/uploads\/2022\/05\/1512042437_1365424-300x300.jpg 300w, https:\/\/mediatrade.fi\/wp-content\/uploads\/2022\/05\/1512042437_1365424-400x400.jpg 400w, https:\/\/mediatrade.fi\/wp-content\/uploads\/2022\/05\/1512042437_1365424-150x150.jpg 150w, https:\/\/mediatrade.fi\/wp-content\/uploads\/2022\/05\/1512042437_1365424-100x100.jpg 100w, https:\/\/mediatrade.fi\/wp-content\/uploads\/2022\/05\/1512042437_1365424.jpg 500w\" sizes=\"300px\" \/>            <\/div>\n        <\/a>\n\n        <div class=\"product-tags\">\n            \n            \n            \n                    <\/div>\n    <\/div>\n    <div class=\"card-content\">\n                <div class=\"brand\">\n            <a class=\"brand-link\" href=\"https:\/\/mediatrade.fi\/en\/tuote-osasto\/all-products\/?brands=tvlogic\">TVLogic<\/a>\n        <\/div>\n                <h3 class=\"h3 card-title\"><a class=\"product-card-link\" id=\"card-link-69d25e6e5fd8f\" href=\"https:\/\/mediatrade.fi\/en\/product\/protection-screen-f-5a-vfm-055a-clear-acrylic-2\/\" rel=\"bookmark\">Protection Screen F-5A, VFM-055A (Clear Acrylic)<\/a><\/h3>                            <div class=\"price\">\n                <span class=\"ask-offer\">Request a quote<\/span>\n            <\/div>\n            <\/div>\n<\/div>\n        <\/div>\n        <\/div>            <\/div>\n        <\/div>\n            <\/div>\n<\/section>\n\n\n\n<section class=\"block block-profile-listing container-fluid \">\n    <div class=\"container\">\n        <div class=\"row\">\n            <main class=\"entry-content col-12\">\n                \n\n<h2 class=\"wp-block-heading\">Asiantuntijamme<\/h2>\n\n\n            <\/main>\n                        <div class=\"col-12 col-lg-6\">\n                <div class=\"person-wrapper\">\n                    <div class=\"image-wrapper\">\n                        <img decoding=\"async\" width=\"576\" height=\"1024\" src=\"https:\/\/mediatrade.fi\/wp-content\/uploads\/2022\/04\/Lauri_Virkki-576x1024-1.jpg\" class=\"attachment-post-thumbnail size-post-thumbnail wp-post-image\" alt=\"\" srcset=\"https:\/\/mediatrade.fi\/wp-content\/uploads\/2022\/04\/Lauri_Virkki-576x1024-1.jpg 576w, https:\/\/mediatrade.fi\/wp-content\/uploads\/2022\/04\/Lauri_Virkki-576x1024-1-169x300.jpg 169w\" sizes=\"(max-width: 575px) 100vw, (max-width: 767px) 570, (max-width: 991px) 830, (max-width: 1199px) 930, 994px\" \/>                    <\/div>\n                    <div class=\"content-wrapper\">\n                        <h4 class=\"name\">Lauri Virkki<\/h4>\n                        <p class=\"title\">Project Manager<\/p>\n                        <p class=\"summary\">I manage Mediatrade&#8217;s projects and handle system design. I\u2019m well-versed in production technology challenges, tools, and workflows.<\/p>\n                                                <span class=\"knowledge-title\">Area of expertise<\/span>\n                        <p class=\"knowledge\">Cinematography, program production, IP technologies<\/p>\n                                                <p class=\"phone\">+358201557720<\/p>\n                        <p class=\"email\"> lauri.virkki@mediatrade.fi<\/p>\n                    <\/div>\n                <\/div>\n            <\/div>\n                                <\/div>\n    <\/div>\n<\/section>\n","protected":false},"excerpt":{"rendered":"","protected":false},"featured_media":73547,"template":"","meta":{"_acf_changed":false,"_relevanssi_hide_post":"","_relevanssi_hide_content":"","_relevanssi_pin_for_all":"","_relevanssi_pin_keywords":"","_relevanssi_unpin_keywords":"","_relevanssi_related_keywords":"","_relevanssi_related_include_ids":"","_relevanssi_related_exclude_ids":"","_relevanssi_related_no_append":"","_relevanssi_related_not_related":"","_relevanssi_related_posts":"117091,117093,117090,117085,117092,127524","_relevanssi_noindex_reason":""},"product_brand":[],"product_cat":[2486,15,225,3479],"product_tag":[992,993,2490,838,994,991],"brands":[705],"id_product_type":[],"class_list":{"0":"post-394860","1":"product","2":"type-product","3":"status-publish","4":"has-post-thumbnail","6":"product_cat-all-products","7":"product_cat-kaikki","8":"product_cat-monitorit-tarvikkeet","9":"product_cat-monitors-and-equipment","10":"product_tag-f-5a","11":"product_tag-lcd","12":"product_tag-mediatrade-en","13":"product_tag-mediatrade","14":"product_tag-monitor","15":"product_tag-tvlogic","17":"first","18":"onbackorder","19":"taxable","20":"shipping-taxable","21":"purchasable","22":"product-type-simple"},"bundled_by":[],"bundle_stock_status":"onbackorder","bundle_stock_quantity":0,"bundle_virtual":false,"bundle_layout":"","bundle_add_to_cart_form_location":"","bundle_editable_in_cart":false,"bundle_sold_individually_context":"","bundle_item_grouping":"","bundle_min_size":"","bundle_max_size":"","bundle_price":[],"bundled_items":[],"bundle_sell_ids":[],"acf":[],"yoast_head":"<!-- This site is optimized with the Yoast SEO plugin v27.1.1 - https:\/\/yoast.com\/product\/yoast-seo-wordpress\/ -->\n<title>F-5A - Mediatrade<\/title>\n<meta name=\"description\" content=\"TVLogic F-5A on 5,5 tuuman kokoinen FHD IPS-LCD-kentt\u00e4monitori\" \/>\n<meta name=\"robots\" content=\"index, follow, max-snippet:-1, max-image-preview:large, max-video-preview:-1\" \/>\n<link rel=\"canonical\" href=\"https:\/\/mediatrade.fi\/en\/product\/f-5a\/\" \/>\n<meta property=\"og:locale\" content=\"en_US\" \/>\n<meta property=\"og:type\" content=\"article\" \/>\n<meta property=\"og:title\" content=\"F-5A - Mediatrade\" \/>\n<meta property=\"og:description\" content=\"TVLogic F-5A on 5,5 tuuman kokoinen FHD IPS-LCD-kentt\u00e4monitori\" \/>\n<meta property=\"og:url\" content=\"https:\/\/mediatrade.fi\/en\/product\/f-5a\/\" \/>\n<meta property=\"og:site_name\" content=\"Mediatrade\" \/>\n<meta property=\"article:modified_time\" content=\"2026-03-31T03:35:15+00:00\" \/>\n<meta property=\"og:image\" content=\"https:\/\/mediatrade.fi\/wp-content\/uploads\/2022\/05\/00-1_F5A_1.jpg\" \/>\n\t<meta property=\"og:image:width\" content=\"1042\" \/>\n\t<meta property=\"og:image:height\" content=\"782\" \/>\n\t<meta property=\"og:image:type\" content=\"image\/jpeg\" \/>\n<meta name=\"twitter:card\" content=\"summary_large_image\" \/>\n<meta name=\"twitter:label1\" content=\"Est. reading time\" \/>\n\t<meta name=\"twitter:data1\" content=\"3 minutes\" \/>\n<script type=\"application\/ld+json\" class=\"yoast-schema-graph\">{\"@context\":\"https:\/\/schema.org\",\"@graph\":[{\"@type\":\"WebPage\",\"@id\":\"https:\/\/mediatrade.fi\/en\/product\/f-5a\/\",\"url\":\"https:\/\/mediatrade.fi\/en\/product\/f-5a\/\",\"name\":\"F-5A - Mediatrade\",\"isPartOf\":{\"@id\":\"https:\/\/mediatrade.fi\/en\/#website\"},\"primaryImageOfPage\":{\"@id\":\"https:\/\/mediatrade.fi\/en\/product\/f-5a\/#primaryimage\"},\"image\":{\"@id\":\"https:\/\/mediatrade.fi\/en\/product\/f-5a\/#primaryimage\"},\"thumbnailUrl\":\"https:\/\/mediatrade.fi\/wp-content\/uploads\/2022\/05\/00-1_F5A_1.jpg\",\"datePublished\":\"2025-01-21T20:16:21+00:00\",\"dateModified\":\"2026-03-31T03:35:15+00:00\",\"description\":\"TVLogic F-5A on 5,5 tuuman kokoinen FHD IPS-LCD-kentt\u00e4monitori\",\"breadcrumb\":{\"@id\":\"https:\/\/mediatrade.fi\/en\/product\/f-5a\/#breadcrumb\"},\"inLanguage\":\"en-US\",\"potentialAction\":[{\"@type\":\"ReadAction\",\"target\":[\"https:\/\/mediatrade.fi\/en\/product\/f-5a\/\"]}]},{\"@type\":\"ImageObject\",\"inLanguage\":\"en-US\",\"@id\":\"https:\/\/mediatrade.fi\/en\/product\/f-5a\/#primaryimage\",\"url\":\"https:\/\/mediatrade.fi\/wp-content\/uploads\/2022\/05\/00-1_F5A_1.jpg\",\"contentUrl\":\"https:\/\/mediatrade.fi\/wp-content\/uploads\/2022\/05\/00-1_F5A_1.jpg\",\"width\":1042,\"height\":782},{\"@type\":\"BreadcrumbList\",\"@id\":\"https:\/\/mediatrade.fi\/en\/product\/f-5a\/#breadcrumb\",\"itemListElement\":[{\"@type\":\"ListItem\",\"position\":1,\"name\":\"Front Page\",\"item\":\"https:\/\/mediatrade.fi\/en\/\"},{\"@type\":\"ListItem\",\"position\":2,\"name\":\"Shop\",\"item\":\"https:\/\/mediatrade.fi\/en\/shop\/\"},{\"@type\":\"ListItem\",\"position\":3,\"name\":\"F-5A\"}]},{\"@type\":\"WebSite\",\"@id\":\"https:\/\/mediatrade.fi\/en\/#website\",\"url\":\"https:\/\/mediatrade.fi\/en\/\",\"name\":\"Mediatrade\",\"description\":\"\",\"publisher\":{\"@id\":\"https:\/\/mediatrade.fi\/en\/#organization\"},\"potentialAction\":[{\"@type\":\"SearchAction\",\"target\":{\"@type\":\"EntryPoint\",\"urlTemplate\":\"https:\/\/mediatrade.fi\/en\/?s={search_term_string}\"},\"query-input\":{\"@type\":\"PropertyValueSpecification\",\"valueRequired\":true,\"valueName\":\"search_term_string\"}}],\"inLanguage\":\"en-US\"},{\"@type\":\"Organization\",\"@id\":\"https:\/\/mediatrade.fi\/en\/#organization\",\"name\":\"Mediatrade\",\"url\":\"https:\/\/mediatrade.fi\/en\/\",\"logo\":{\"@type\":\"ImageObject\",\"inLanguage\":\"en-US\",\"@id\":\"https:\/\/mediatrade.fi\/en\/#\/schema\/logo\/image\/\",\"url\":\"https:\/\/mediatrade.fi\/wp-content\/uploads\/2022\/04\/Group-640.svg\",\"contentUrl\":\"https:\/\/mediatrade.fi\/wp-content\/uploads\/2022\/04\/Group-640.svg\",\"width\":128,\"height\":43,\"caption\":\"Mediatrade\"},\"image\":{\"@id\":\"https:\/\/mediatrade.fi\/en\/#\/schema\/logo\/image\/\"}}]}<\/script>\n<!-- \/ Yoast SEO plugin. -->","yoast_head_json":{"title":"F-5A - Mediatrade","description":"TVLogic F-5A on 5,5 tuuman kokoinen FHD IPS-LCD-kentt\u00e4monitori","robots":{"index":"index","follow":"follow","max-snippet":"max-snippet:-1","max-image-preview":"max-image-preview:large","max-video-preview":"max-video-preview:-1"},"canonical":"https:\/\/mediatrade.fi\/en\/product\/f-5a\/","og_locale":"en_US","og_type":"article","og_title":"F-5A - Mediatrade","og_description":"TVLogic F-5A on 5,5 tuuman kokoinen FHD IPS-LCD-kentt\u00e4monitori","og_url":"https:\/\/mediatrade.fi\/en\/product\/f-5a\/","og_site_name":"Mediatrade","article_modified_time":"2026-03-31T03:35:15+00:00","og_image":[{"width":1042,"height":782,"url":"https:\/\/mediatrade.fi\/wp-content\/uploads\/2022\/05\/00-1_F5A_1.jpg","type":"image\/jpeg"}],"twitter_card":"summary_large_image","twitter_misc":{"Est. reading time":"3 minutes"},"schema":{"@context":"https:\/\/schema.org","@graph":[{"@type":"WebPage","@id":"https:\/\/mediatrade.fi\/en\/product\/f-5a\/","url":"https:\/\/mediatrade.fi\/en\/product\/f-5a\/","name":"F-5A - Mediatrade","isPartOf":{"@id":"https:\/\/mediatrade.fi\/en\/#website"},"primaryImageOfPage":{"@id":"https:\/\/mediatrade.fi\/en\/product\/f-5a\/#primaryimage"},"image":{"@id":"https:\/\/mediatrade.fi\/en\/product\/f-5a\/#primaryimage"},"thumbnailUrl":"https:\/\/mediatrade.fi\/wp-content\/uploads\/2022\/05\/00-1_F5A_1.jpg","datePublished":"2025-01-21T20:16:21+00:00","dateModified":"2026-03-31T03:35:15+00:00","description":"TVLogic F-5A on 5,5 tuuman kokoinen FHD IPS-LCD-kentt\u00e4monitori","breadcrumb":{"@id":"https:\/\/mediatrade.fi\/en\/product\/f-5a\/#breadcrumb"},"inLanguage":"en-US","potentialAction":[{"@type":"ReadAction","target":["https:\/\/mediatrade.fi\/en\/product\/f-5a\/"]}]},{"@type":"ImageObject","inLanguage":"en-US","@id":"https:\/\/mediatrade.fi\/en\/product\/f-5a\/#primaryimage","url":"https:\/\/mediatrade.fi\/wp-content\/uploads\/2022\/05\/00-1_F5A_1.jpg","contentUrl":"https:\/\/mediatrade.fi\/wp-content\/uploads\/2022\/05\/00-1_F5A_1.jpg","width":1042,"height":782},{"@type":"BreadcrumbList","@id":"https:\/\/mediatrade.fi\/en\/product\/f-5a\/#breadcrumb","itemListElement":[{"@type":"ListItem","position":1,"name":"Front Page","item":"https:\/\/mediatrade.fi\/en\/"},{"@type":"ListItem","position":2,"name":"Shop","item":"https:\/\/mediatrade.fi\/en\/shop\/"},{"@type":"ListItem","position":3,"name":"F-5A"}]},{"@type":"WebSite","@id":"https:\/\/mediatrade.fi\/en\/#website","url":"https:\/\/mediatrade.fi\/en\/","name":"Mediatrade","description":"","publisher":{"@id":"https:\/\/mediatrade.fi\/en\/#organization"},"potentialAction":[{"@type":"SearchAction","target":{"@type":"EntryPoint","urlTemplate":"https:\/\/mediatrade.fi\/en\/?s={search_term_string}"},"query-input":{"@type":"PropertyValueSpecification","valueRequired":true,"valueName":"search_term_string"}}],"inLanguage":"en-US"},{"@type":"Organization","@id":"https:\/\/mediatrade.fi\/en\/#organization","name":"Mediatrade","url":"https:\/\/mediatrade.fi\/en\/","logo":{"@type":"ImageObject","inLanguage":"en-US","@id":"https:\/\/mediatrade.fi\/en\/#\/schema\/logo\/image\/","url":"https:\/\/mediatrade.fi\/wp-content\/uploads\/2022\/04\/Group-640.svg","contentUrl":"https:\/\/mediatrade.fi\/wp-content\/uploads\/2022\/04\/Group-640.svg","width":128,"height":43,"caption":"Mediatrade"},"image":{"@id":"https:\/\/mediatrade.fi\/en\/#\/schema\/logo\/image\/"}}]}},"_links":{"self":[{"href":"https:\/\/mediatrade.fi\/en\/wp-json\/wp\/v2\/product\/394860","targetHints":{"allow":["GET"]}}],"collection":[{"href":"https:\/\/mediatrade.fi\/en\/wp-json\/wp\/v2\/product"}],"about":[{"href":"https:\/\/mediatrade.fi\/en\/wp-json\/wp\/v2\/types\/product"}],"wp:featuredmedia":[{"embeddable":true,"href":"https:\/\/mediatrade.fi\/en\/wp-json\/wp\/v2\/media\/73547"}],"wp:attachment":[{"href":"https:\/\/mediatrade.fi\/en\/wp-json\/wp\/v2\/media?parent=394860"}],"wp:term":[{"taxonomy":"product_brand","embeddable":true,"href":"https:\/\/mediatrade.fi\/en\/wp-json\/wp\/v2\/product_brand?post=394860"},{"taxonomy":"product_cat","embeddable":true,"href":"https:\/\/mediatrade.fi\/en\/wp-json\/wp\/v2\/product_cat?post=394860"},{"taxonomy":"product_tag","embeddable":true,"href":"https:\/\/mediatrade.fi\/en\/wp-json\/wp\/v2\/product_tag?post=394860"},{"taxonomy":"brands","embeddable":true,"href":"https:\/\/mediatrade.fi\/en\/wp-json\/wp\/v2\/brands?post=394860"},{"taxonomy":"id_product_type","embeddable":true,"href":"https:\/\/mediatrade.fi\/en\/wp-json\/wp\/v2\/id_product_type?post=394860"}],"curies":[{"name":"wp","href":"https:\/\/api.w.org\/{rel}","templated":true}]}}