{"id":394868,"date":"2022-05-10T14:16:02","date_gmt":"2025-01-21T20:16:27","guid":{"rendered":"https:\/\/mediatrade.fi\/tuote\/davinci-resolve-micro-panel-3\/"},"modified":"2026-02-16T11:08:07","modified_gmt":"2026-02-16T09:08:07","slug":"davinci-resolve-micro-panel-3","status":"publish","type":"product","link":"https:\/\/mediatrade.fi\/en\/product\/davinci-resolve-micro-panel-3\/","title":{"rendered":"DaVinci Resolve Micro Panel"},"content":{"rendered":"\n<section class=\"block block-woocommerce-product-description container-fluid container-fluid \">\n    <div class=\"container\">\n        <div class=\"row\">\n            <div class=\"col-12 col-md-6 order-2 order-md-1 attachments-col\">\n                                            <\/div>\n\n            <div class=\"col-12 col-md-5 offset-md-1 order-1 order-md-2\">\n                <main class=\"entry-content\">\n                    \n\n<h3 class=\"wp-block-heading\">Tuotetiedot<\/h3>\n\n\n\n<p><strong>DaVinci Resolve Micro Panel<\/strong> on kompakti, helposti mukana kuljetettava hallintapaneeli.<\/p>\n\n\n\n<p>Ammattitason v\u00e4rim\u00e4\u00e4rittely on k\u00e4tesi ulottuvilla. Resolve Micro Panelilla ty\u00f6skentelysi nopeutuu merkitt\u00e4v\u00e4sti. Paneeleiden komponentit ja k\u00e4ytt\u00f6tuntuma ovat samat kuin Resolven lippulaivassa, Advanced Panelissa. Micro Panel on kompaktin kokoinen v\u00e4rim\u00e4\u00e4rittelyty\u00f6kalu, josta l\u00f6yd\u00e4t t\u00e4rkeimm\u00e4t perusominaisuudet v\u00e4rikorjaukseen ja videon toistoon. Liikut my\u00f6s helposti eri nodejen v\u00e4lill\u00e4. Laite tarvitsee toimiakseen vain USB-portin.<\/p>\n\n\n\n<p>A remarkably small, portable hardware control panel with 3 high resolution weighted trackballs, 12 control knobs for essential tools, 18 dedicated navigation and transport keys, and more!<\/p>\n\n\n\n<h3 class=\"wp-block-heading\">Ominaisuudet<\/h3>\n\n\n\n<ul class=\"wp-block-list\"><li>3 x High-Resolution Track Balls<\/li><li>12 Primary Correction-Control Knobs<\/li><li>18 Navigation and Transport Keys<\/li><li>USB Type-C Interface<\/li><li>Supports Mac and Windows<\/li><li>Supports Select Linux Installations<\/li><li>USB 3.0 Type-A to Type-C Cable Included<\/li><\/ul>\n\n\n\n<p><br><a href=\"https:\/\/www.blackmagicdesign.com\/products\/davinciresolve\/panels\" target=\"_blank\" rel=\"noreferrer noopener\">https:\/\/www.blackmagicdesign.com\/products\/davinciresolve\/panels<\/a><br><br><br><br><br><\/p>\n\n\n                <\/main>\n            <\/div>\n        <\/div>\n    <\/div>\n<\/section>\n\n\n\n<section class=\"block block-profile-listing container-fluid \">\n    <div class=\"container\">\n        <div class=\"row\">\n            <main class=\"entry-content col-12\">\n                \n\n<h2 class=\"wp-block-heading\">Asiantuntijamme<\/h2>\n\n\n            <\/main>\n                        <div class=\"col-12 col-lg-6\">\n                <div class=\"person-wrapper\">\n                    <div class=\"image-wrapper\">\n                        <img decoding=\"async\" width=\"1920\" height=\"3414\" src=\"https:\/\/mediatrade.fi\/wp-content\/uploads\/2022\/04\/Kaposempi-mr.-Tommi-Rosnell-1920x3414.jpg\" class=\"attachment-post-thumbnail size-post-thumbnail wp-post-image\" alt=\"\" srcset=\"https:\/\/mediatrade.fi\/wp-content\/uploads\/2022\/04\/Kaposempi-mr.-Tommi-Rosnell-1920x3414.jpg 1920w, https:\/\/mediatrade.fi\/wp-content\/uploads\/2022\/04\/Kaposempi-mr.-Tommi-Rosnell-169x300.jpg 169w, https:\/\/mediatrade.fi\/wp-content\/uploads\/2022\/04\/Kaposempi-mr.-Tommi-Rosnell-576x1024.jpg 576w, https:\/\/mediatrade.fi\/wp-content\/uploads\/2022\/04\/Kaposempi-mr.-Tommi-Rosnell-768x1365.jpg 768w, https:\/\/mediatrade.fi\/wp-content\/uploads\/2022\/04\/Kaposempi-mr.-Tommi-Rosnell-864x1536.jpg 864w, https:\/\/mediatrade.fi\/wp-content\/uploads\/2022\/04\/Kaposempi-mr.-Tommi-Rosnell-1152x2048.jpg 1152w, https:\/\/mediatrade.fi\/wp-content\/uploads\/2022\/04\/Kaposempi-mr.-Tommi-Rosnell-600x1067.jpg 600w, https:\/\/mediatrade.fi\/wp-content\/uploads\/2022\/04\/Kaposempi-mr.-Tommi-Rosnell-scaled.jpg 1440w\" sizes=\"(max-width: 575px) 100vw, (max-width: 767px) 570, (max-width: 991px) 830, (max-width: 1199px) 930, 994px\" \/>                    <\/div>\n                    <div class=\"content-wrapper\">\n                        <h4 class=\"name\">Tommi Rosnell<\/h4>\n                        <p class=\"title\">Business Development Manager<\/p>\n                        <p class=\"summary\">I work as a production lighting specialist at Mediatrade. My expertise lies in designing studio lighting and planning production workflows.<\/p>\n                                                <span class=\"knowledge-title\">Area of expertise<\/span>\n                        <p class=\"knowledge\">Post-production, cinematography, lighting<\/p>\n                                                <p class=\"phone\">+358201557730<\/p>\n                        <p class=\"email\">tommi.rosnell@mediatrade.fi<\/p>\n                    <\/div>\n                <\/div>\n            <\/div>\n                        <div class=\"col-12 col-lg-6\">\n                <div class=\"person-wrapper\">\n                    <div class=\"image-wrapper\">\n                        <img decoding=\"async\" width=\"576\" height=\"1024\" src=\"https:\/\/mediatrade.fi\/wp-content\/uploads\/2022\/04\/Sampo_Kaikkonen-576x1024-1.jpg\" class=\"attachment-post-thumbnail size-post-thumbnail wp-post-image\" alt=\"\" srcset=\"https:\/\/mediatrade.fi\/wp-content\/uploads\/2022\/04\/Sampo_Kaikkonen-576x1024-1.jpg 576w, https:\/\/mediatrade.fi\/wp-content\/uploads\/2022\/04\/Sampo_Kaikkonen-576x1024-1-169x300.jpg 169w\" sizes=\"(max-width: 575px) 100vw, (max-width: 767px) 570, (max-width: 991px) 830, (max-width: 1199px) 930, 994px\" \/>                    <\/div>\n                    <div class=\"content-wrapper\">\n                        <h4 class=\"name\">Sampo Kaikkonen<\/h4>\n                        <p class=\"title\">System Specialist<\/p>\n                        <p class=\"summary\">My role at Mediatrade primarily involves the design, sales, and technical support of post-production, media management, and storage systems.<\/p>\n                                                <span class=\"knowledge-title\">Area of expertise<\/span>\n                        <p class=\"knowledge\">Post-production, file-based workflows, storage systems, archiving<\/p>\n                                                <p class=\"phone\">+358201557728<\/p>\n                        <p class=\"email\">sampo.kaikkonen@mediatrade.fi<\/p>\n                    <\/div>\n                <\/div>\n            <\/div>\n                                <\/div>\n    <\/div>\n<\/section>\n","protected":false},"excerpt":{"rendered":"","protected":false},"featured_media":83951,"template":"","meta":{"_acf_changed":false,"_relevanssi_hide_post":"","_relevanssi_hide_content":"","_relevanssi_pin_for_all":"","_relevanssi_pin_keywords":"","_relevanssi_unpin_keywords":"","_relevanssi_related_keywords":"","_relevanssi_related_include_ids":"","_relevanssi_related_exclude_ids":"","_relevanssi_related_no_append":"","_relevanssi_related_not_related":"","_relevanssi_related_posts":"140504,60481,60485,60494,60492,60486","_relevanssi_noindex_reason":""},"product_brand":[],"product_cat":[2486,15,232,3466],"product_tag":[947,949,948,2490,838,592,951,950],"brands":[708],"id_product_type":[],"class_list":{"0":"post-394868","1":"product","2":"type-product","3":"status-publish","4":"has-post-thumbnail","6":"product_cat-all-products","7":"product_cat-kaikki","8":"product_cat-paneelit","9":"product_cat-panels","10":"product_tag-blackmagic","11":"product_tag-color-correction","12":"product_tag-color-grading","13":"product_tag-mediatrade-en","14":"product_tag-mediatrade","15":"product_tag-mini-panel","16":"product_tag-paneeli","17":"product_tag-varimaarittely","19":"first","20":"onbackorder","21":"taxable","22":"shipping-taxable","23":"purchasable","24":"product-type-simple"},"bundled_by":[],"bundle_stock_status":"onbackorder","bundle_stock_quantity":0,"bundle_virtual":false,"bundle_layout":"","bundle_add_to_cart_form_location":"","bundle_editable_in_cart":false,"bundle_sold_individually_context":"","bundle_item_grouping":"","bundle_min_size":"","bundle_max_size":"","bundle_price":[],"bundled_items":[],"bundle_sell_ids":[],"acf":[],"yoast_head":"<!-- This site is optimized with the Yoast SEO plugin v27.1.1 - https:\/\/yoast.com\/product\/yoast-seo-wordpress\/ -->\n<title>DaVinci Resolve Micro Panel - Mediatrade<\/title>\n<meta name=\"description\" content=\"DaVinci Resolve Micro Panel on kompakti, helposti mukana kuljetettava hallintapaneeli.\" \/>\n<meta name=\"robots\" content=\"index, follow, max-snippet:-1, max-image-preview:large, max-video-preview:-1\" \/>\n<link rel=\"canonical\" href=\"https:\/\/mediatrade.fi\/en\/product\/davinci-resolve-micro-panel-3\/\" \/>\n<meta property=\"og:locale\" content=\"en_US\" \/>\n<meta property=\"og:type\" content=\"article\" \/>\n<meta property=\"og:title\" content=\"DaVinci Resolve Micro Panel - Mediatrade\" \/>\n<meta property=\"og:description\" content=\"DaVinci Resolve Micro Panel on kompakti, helposti mukana kuljetettava hallintapaneeli.\" \/>\n<meta property=\"og:url\" content=\"https:\/\/mediatrade.fi\/en\/product\/davinci-resolve-micro-panel-3\/\" \/>\n<meta property=\"og:site_name\" content=\"Mediatrade\" \/>\n<meta property=\"article:modified_time\" content=\"2026-02-16T09:08:07+00:00\" \/>\n<meta property=\"og:image\" content=\"https:\/\/mediatrade.fi\/wp-content\/uploads\/2022\/05\/index-16.jpg\" \/>\n\t<meta property=\"og:image:width\" content=\"224\" \/>\n\t<meta property=\"og:image:height\" content=\"224\" \/>\n\t<meta property=\"og:image:type\" content=\"image\/jpeg\" \/>\n<meta name=\"twitter:card\" content=\"summary_large_image\" \/>\n<meta name=\"twitter:label1\" content=\"Est. reading time\" \/>\n\t<meta name=\"twitter:data1\" content=\"3 minutes\" \/>\n<script type=\"application\/ld+json\" class=\"yoast-schema-graph\">{\"@context\":\"https:\/\/schema.org\",\"@graph\":[{\"@type\":\"WebPage\",\"@id\":\"https:\/\/mediatrade.fi\/en\/product\/davinci-resolve-micro-panel-3\/\",\"url\":\"https:\/\/mediatrade.fi\/en\/product\/davinci-resolve-micro-panel-3\/\",\"name\":\"DaVinci Resolve Micro Panel - Mediatrade\",\"isPartOf\":{\"@id\":\"https:\/\/mediatrade.fi\/en\/#website\"},\"primaryImageOfPage\":{\"@id\":\"https:\/\/mediatrade.fi\/en\/product\/davinci-resolve-micro-panel-3\/#primaryimage\"},\"image\":{\"@id\":\"https:\/\/mediatrade.fi\/en\/product\/davinci-resolve-micro-panel-3\/#primaryimage\"},\"thumbnailUrl\":\"https:\/\/mediatrade.fi\/wp-content\/uploads\/2022\/05\/index-16.jpg\",\"datePublished\":\"2025-01-21T20:16:27+00:00\",\"dateModified\":\"2026-02-16T09:08:07+00:00\",\"description\":\"DaVinci Resolve Micro Panel on kompakti, helposti mukana kuljetettava hallintapaneeli.\",\"breadcrumb\":{\"@id\":\"https:\/\/mediatrade.fi\/en\/product\/davinci-resolve-micro-panel-3\/#breadcrumb\"},\"inLanguage\":\"en-US\",\"potentialAction\":[{\"@type\":\"ReadAction\",\"target\":[\"https:\/\/mediatrade.fi\/en\/product\/davinci-resolve-micro-panel-3\/\"]}]},{\"@type\":\"ImageObject\",\"inLanguage\":\"en-US\",\"@id\":\"https:\/\/mediatrade.fi\/en\/product\/davinci-resolve-micro-panel-3\/#primaryimage\",\"url\":\"https:\/\/mediatrade.fi\/wp-content\/uploads\/2022\/05\/index-16.jpg\",\"contentUrl\":\"https:\/\/mediatrade.fi\/wp-content\/uploads\/2022\/05\/index-16.jpg\",\"width\":224,\"height\":224},{\"@type\":\"BreadcrumbList\",\"@id\":\"https:\/\/mediatrade.fi\/en\/product\/davinci-resolve-micro-panel-3\/#breadcrumb\",\"itemListElement\":[{\"@type\":\"ListItem\",\"position\":1,\"name\":\"Front Page\",\"item\":\"https:\/\/mediatrade.fi\/en\/\"},{\"@type\":\"ListItem\",\"position\":2,\"name\":\"Shop\",\"item\":\"https:\/\/mediatrade.fi\/en\/shop\/\"},{\"@type\":\"ListItem\",\"position\":3,\"name\":\"DaVinci Resolve Micro Panel\"}]},{\"@type\":\"WebSite\",\"@id\":\"https:\/\/mediatrade.fi\/en\/#website\",\"url\":\"https:\/\/mediatrade.fi\/en\/\",\"name\":\"Mediatrade\",\"description\":\"\",\"publisher\":{\"@id\":\"https:\/\/mediatrade.fi\/en\/#organization\"},\"potentialAction\":[{\"@type\":\"SearchAction\",\"target\":{\"@type\":\"EntryPoint\",\"urlTemplate\":\"https:\/\/mediatrade.fi\/en\/?s={search_term_string}\"},\"query-input\":{\"@type\":\"PropertyValueSpecification\",\"valueRequired\":true,\"valueName\":\"search_term_string\"}}],\"inLanguage\":\"en-US\"},{\"@type\":\"Organization\",\"@id\":\"https:\/\/mediatrade.fi\/en\/#organization\",\"name\":\"Mediatrade\",\"url\":\"https:\/\/mediatrade.fi\/en\/\",\"logo\":{\"@type\":\"ImageObject\",\"inLanguage\":\"en-US\",\"@id\":\"https:\/\/mediatrade.fi\/en\/#\/schema\/logo\/image\/\",\"url\":\"https:\/\/mediatrade.fi\/wp-content\/uploads\/2022\/04\/Group-640.svg\",\"contentUrl\":\"https:\/\/mediatrade.fi\/wp-content\/uploads\/2022\/04\/Group-640.svg\",\"width\":128,\"height\":43,\"caption\":\"Mediatrade\"},\"image\":{\"@id\":\"https:\/\/mediatrade.fi\/en\/#\/schema\/logo\/image\/\"}}]}<\/script>\n<!-- \/ Yoast SEO plugin. -->","yoast_head_json":{"title":"DaVinci Resolve Micro Panel - Mediatrade","description":"DaVinci Resolve Micro Panel on kompakti, helposti mukana kuljetettava hallintapaneeli.","robots":{"index":"index","follow":"follow","max-snippet":"max-snippet:-1","max-image-preview":"max-image-preview:large","max-video-preview":"max-video-preview:-1"},"canonical":"https:\/\/mediatrade.fi\/en\/product\/davinci-resolve-micro-panel-3\/","og_locale":"en_US","og_type":"article","og_title":"DaVinci Resolve Micro Panel - Mediatrade","og_description":"DaVinci Resolve Micro Panel on kompakti, helposti mukana kuljetettava hallintapaneeli.","og_url":"https:\/\/mediatrade.fi\/en\/product\/davinci-resolve-micro-panel-3\/","og_site_name":"Mediatrade","article_modified_time":"2026-02-16T09:08:07+00:00","og_image":[{"width":224,"height":224,"url":"https:\/\/mediatrade.fi\/wp-content\/uploads\/2022\/05\/index-16.jpg","type":"image\/jpeg"}],"twitter_card":"summary_large_image","twitter_misc":{"Est. reading time":"3 minutes"},"schema":{"@context":"https:\/\/schema.org","@graph":[{"@type":"WebPage","@id":"https:\/\/mediatrade.fi\/en\/product\/davinci-resolve-micro-panel-3\/","url":"https:\/\/mediatrade.fi\/en\/product\/davinci-resolve-micro-panel-3\/","name":"DaVinci Resolve Micro Panel - Mediatrade","isPartOf":{"@id":"https:\/\/mediatrade.fi\/en\/#website"},"primaryImageOfPage":{"@id":"https:\/\/mediatrade.fi\/en\/product\/davinci-resolve-micro-panel-3\/#primaryimage"},"image":{"@id":"https:\/\/mediatrade.fi\/en\/product\/davinci-resolve-micro-panel-3\/#primaryimage"},"thumbnailUrl":"https:\/\/mediatrade.fi\/wp-content\/uploads\/2022\/05\/index-16.jpg","datePublished":"2025-01-21T20:16:27+00:00","dateModified":"2026-02-16T09:08:07+00:00","description":"DaVinci Resolve Micro Panel on kompakti, helposti mukana kuljetettava hallintapaneeli.","breadcrumb":{"@id":"https:\/\/mediatrade.fi\/en\/product\/davinci-resolve-micro-panel-3\/#breadcrumb"},"inLanguage":"en-US","potentialAction":[{"@type":"ReadAction","target":["https:\/\/mediatrade.fi\/en\/product\/davinci-resolve-micro-panel-3\/"]}]},{"@type":"ImageObject","inLanguage":"en-US","@id":"https:\/\/mediatrade.fi\/en\/product\/davinci-resolve-micro-panel-3\/#primaryimage","url":"https:\/\/mediatrade.fi\/wp-content\/uploads\/2022\/05\/index-16.jpg","contentUrl":"https:\/\/mediatrade.fi\/wp-content\/uploads\/2022\/05\/index-16.jpg","width":224,"height":224},{"@type":"BreadcrumbList","@id":"https:\/\/mediatrade.fi\/en\/product\/davinci-resolve-micro-panel-3\/#breadcrumb","itemListElement":[{"@type":"ListItem","position":1,"name":"Front Page","item":"https:\/\/mediatrade.fi\/en\/"},{"@type":"ListItem","position":2,"name":"Shop","item":"https:\/\/mediatrade.fi\/en\/shop\/"},{"@type":"ListItem","position":3,"name":"DaVinci Resolve Micro Panel"}]},{"@type":"WebSite","@id":"https:\/\/mediatrade.fi\/en\/#website","url":"https:\/\/mediatrade.fi\/en\/","name":"Mediatrade","description":"","publisher":{"@id":"https:\/\/mediatrade.fi\/en\/#organization"},"potentialAction":[{"@type":"SearchAction","target":{"@type":"EntryPoint","urlTemplate":"https:\/\/mediatrade.fi\/en\/?s={search_term_string}"},"query-input":{"@type":"PropertyValueSpecification","valueRequired":true,"valueName":"search_term_string"}}],"inLanguage":"en-US"},{"@type":"Organization","@id":"https:\/\/mediatrade.fi\/en\/#organization","name":"Mediatrade","url":"https:\/\/mediatrade.fi\/en\/","logo":{"@type":"ImageObject","inLanguage":"en-US","@id":"https:\/\/mediatrade.fi\/en\/#\/schema\/logo\/image\/","url":"https:\/\/mediatrade.fi\/wp-content\/uploads\/2022\/04\/Group-640.svg","contentUrl":"https:\/\/mediatrade.fi\/wp-content\/uploads\/2022\/04\/Group-640.svg","width":128,"height":43,"caption":"Mediatrade"},"image":{"@id":"https:\/\/mediatrade.fi\/en\/#\/schema\/logo\/image\/"}}]}},"_links":{"self":[{"href":"https:\/\/mediatrade.fi\/en\/wp-json\/wp\/v2\/product\/394868","targetHints":{"allow":["GET"]}}],"collection":[{"href":"https:\/\/mediatrade.fi\/en\/wp-json\/wp\/v2\/product"}],"about":[{"href":"https:\/\/mediatrade.fi\/en\/wp-json\/wp\/v2\/types\/product"}],"wp:featuredmedia":[{"embeddable":true,"href":"https:\/\/mediatrade.fi\/en\/wp-json\/wp\/v2\/media\/83951"}],"wp:attachment":[{"href":"https:\/\/mediatrade.fi\/en\/wp-json\/wp\/v2\/media?parent=394868"}],"wp:term":[{"taxonomy":"product_brand","embeddable":true,"href":"https:\/\/mediatrade.fi\/en\/wp-json\/wp\/v2\/product_brand?post=394868"},{"taxonomy":"product_cat","embeddable":true,"href":"https:\/\/mediatrade.fi\/en\/wp-json\/wp\/v2\/product_cat?post=394868"},{"taxonomy":"product_tag","embeddable":true,"href":"https:\/\/mediatrade.fi\/en\/wp-json\/wp\/v2\/product_tag?post=394868"},{"taxonomy":"brands","embeddable":true,"href":"https:\/\/mediatrade.fi\/en\/wp-json\/wp\/v2\/brands?post=394868"},{"taxonomy":"id_product_type","embeddable":true,"href":"https:\/\/mediatrade.fi\/en\/wp-json\/wp\/v2\/id_product_type?post=394868"}],"curies":[{"name":"wp","href":"https:\/\/api.w.org\/{rel}","templated":true}]}}