{"id":394883,"date":"2022-05-06T15:16:52","date_gmt":"2022-05-06T12:16:52","guid":{"rendered":"https:\/\/mediatrade.fi\/tuote\/md-hx-2\/"},"modified":"2026-04-09T16:45:09","modified_gmt":"2026-04-09T13:45:09","slug":"md-hx-2","status":"publish","type":"product","link":"https:\/\/mediatrade.fi\/en\/product\/md-hx-2\/","title":{"rendered":"MD-HX"},"content":{"rendered":"\n<section class=\"block block-woocommerce-product-description container-fluid container-fluid \">\n    <div class=\"container\">\n        <div class=\"row\">\n            <div class=\"col-12 col-md-6 order-2 order-md-1 attachments-col\">\n                                            <\/div>\n\n            <div class=\"col-12 col-md-5 offset-md-1 order-1 order-md-2\">\n                <main class=\"entry-content\">\n                    \n\n<h2 class=\"wp-block-heading\">Tuotetiedot<\/h2>\n\n\n\n<p>Erinomainen ja monipuolinen HDMI-SDI signaalimuunnin\/ konvertteripurkki, joka taipuu moneen eri k\u00e4ytt\u00f6tarkoitukseen. Kaikki SDI-HDMI-signaalimuunnokset yhden konvertterin hinnalla! MD-HX tarjoaa 14 erilaista toimintamoodia skaalauksineen ja kuvataajuusmuutoksineen. Laite tukee 3G Level A ja Level B SDI-formaatteja in&amp;out sek\u00e4 n\u00e4iden v\u00e4lisi\u00e4 muunnoksia. Kuvan pysty- ja vaakasuuntainen k\u00e4\u00e4nt\u00f6 skaalaimen kautta. Koteloitu tukevaan alumiinikoteloon ja varustettu LCD-n\u00e4yt\u00f6ll\u00e4 ja k\u00e4ytt\u00f6painikkeilla hallintaa varten. Lis\u00e4ksi MD-HX:ssa on USB-portti ohjausta ja kovop\u00e4ivityksi\u00e4 varten. Toimitus sis\u00e4lt\u00e4\u00e4 virtal\u00e4hteen, HDMI-kaapelin ja USB-kaapelin.<\/p>\n\n\n\n<h3 class=\"wp-block-heading\">MD-HX HDMI\/SDI Cross Converter:<\/h3>\n\n\n\n<ul class=\"wp-block-list\">\n<li>SDI IN to HDMI and SDI OUT<\/li>\n\n\n\n<li>SDI IN to SDI OUT and HDMI IN to HDMI OUT<\/li>\n\n\n\n<li>SDI IN to SDI OUT and Scaled SDI IN to HDMI OUT<\/li>\n\n\n\n<li>SDI IN to SDI OUT and Scaled HDMI IN to HDMI OUT<\/li>\n\n\n\n<li>HDMI IN to SDI OUT and SDI IN to HDMI OUT<\/li>\n\n\n\n<li>HDMI IN to HDMI and SDI OUT<\/li>\n\n\n\n<li>HDMI IN to SDI OUT and Scaled SDI IN to HDMI OUT<\/li>\n\n\n\n<li>HDMI IN to SDI OUT and Scaled HDMI IN to HDMI OUT<\/li>\n\n\n\n<li>Scaled SDI IN to SDI OUT and SDI IN to HDMI OUT<\/li>\n\n\n\n<li>Scaled SDI IN to SDI OUT and HDMI IN to HDMI OUT<\/li>\n\n\n\n<li>Scaled SDI IN to HDMI and SDI OUT<\/li>\n\n\n\n<li>Scaled HDMI IN to SDI OUT and SDI IN to HDMI OUT<\/li>\n\n\n\n<li>Scaled HDMI IN to SDI OUT and HDMI IN to HDMI OUT<\/li>\n\n\n\n<li>Scaled HDMI IN to HDMI and SDI OUT<\/li>\n<\/ul>\n\n\n                <\/main>\n            <\/div>\n        <\/div>\n    <\/div>\n<\/section>\n\n\n\n    \n\n<section class=\"block woocommerce-similar-products container-fluid \">\n    \n<div class=\"partial-block-header\">\n    <div class=\"container\">\n        <div class=\"row align-items-center\">\n            <div class=\"col col-12 col-md-6 d-flex justify-content-start title-col\">\n                                <h2 class=\"block-title\">Liittyv\u00e4t tuotteet<\/h2>\n                            <\/div>\n            <div class=\"col col-12 col-md-6 d-flex justify-content-md-end cta-col\">\n                            <\/div>\n        <\/div>\n    <\/div>\n<\/div>\n    <div class=\"container\">\n                <div class=\"row card-row\">\n            <div class=\"col\">\n                \n<div class=\"swiper\">\n            <div class=\"slide\">\n            <div class=\"card product product-feature-tracking\" onclick=\"document.getElementById('card-link-69dcab86b3596').click();\" data-product='{\"title\":\"DECIMATOR 2\",\"sku\":\"DD-DEC-2\",\"price\":\"395\",\"brand_name\":\"Decimator\",\"link\":\"https:\\\/\\\/mediatrade.fi\\\/en\\\/product\\\/decimator-2-2\\\/\"}'>\n    <div class=\"thumbnail-wrap\">\n        <a href=\"https:\/\/mediatrade.fi\/en\/product\/decimator-2-2\/\" title=\"DECIMATOR 2\">\n            <div class=\"card-thumbnail\">\n                <img decoding=\"async\" width=\"300\" height=\"256\" src=\"https:\/\/mediatrade.fi\/wp-content\/uploads\/2022\/05\/decimatordesign-3ghdsd-sditohdmiwithde-embeddedanalogue-aud_b-300x256.jpg\" class=\"attachment-medium size-medium wp-post-image\" alt=\"\" srcset=\"https:\/\/mediatrade.fi\/wp-content\/uploads\/2022\/05\/decimatordesign-3ghdsd-sditohdmiwithde-embeddedanalogue-aud_b-300x256.jpg 300w, https:\/\/mediatrade.fi\/wp-content\/uploads\/2022\/05\/decimatordesign-3ghdsd-sditohdmiwithde-embeddedanalogue-aud_b-768x655.jpg 768w, https:\/\/mediatrade.fi\/wp-content\/uploads\/2022\/05\/decimatordesign-3ghdsd-sditohdmiwithde-embeddedanalogue-aud_b-600x512.jpg 600w, https:\/\/mediatrade.fi\/wp-content\/uploads\/2022\/05\/decimatordesign-3ghdsd-sditohdmiwithde-embeddedanalogue-aud_b-352x300.jpg 352w, https:\/\/mediatrade.fi\/wp-content\/uploads\/2022\/05\/decimatordesign-3ghdsd-sditohdmiwithde-embeddedanalogue-aud_b.jpg 1024w\" sizes=\"300px\" \/>            <\/div>\n        <\/a>\n\n        <div class=\"product-tags\">\n            \n            \n            \n                    <\/div>\n    <\/div>\n    <div class=\"card-content\">\n                <div class=\"brand\">\n            <a class=\"brand-link\" href=\"https:\/\/mediatrade.fi\/en\/tuote-osasto\/all-products\/?brands=decimator\">Decimator<\/a>\n        <\/div>\n                <h3 class=\"h3 card-title\"><a class=\"product-card-link\" id=\"card-link-69dcab86b3596\" href=\"https:\/\/mediatrade.fi\/en\/product\/decimator-2-2\/\" rel=\"bookmark\">DECIMATOR 2<\/a><\/h3>                    <div class=\"price\">\n                395&nbsp;&euro;<span class=\"tax\">(VAT 0%)<\/span>\n            <\/div>\n                    <\/div>\n<\/div>\n        <\/div>\n            <div class=\"slide\">\n            <div class=\"card product product-feature-tracking\" onclick=\"document.getElementById('card-link-69dcab86b4e27').click();\" data-product='{\"title\":\"MD-DUCC\",\"sku\":\"DD-DUCC\",\"price\":\"495\",\"brand_name\":\"Decimator\",\"link\":\"https:\\\/\\\/mediatrade.fi\\\/en\\\/product\\\/md-ducc-2\\\/\"}'>\n    <div class=\"thumbnail-wrap\">\n        <a href=\"https:\/\/mediatrade.fi\/en\/product\/md-ducc-2\/\" title=\"MD-DUCC\">\n            <div class=\"card-thumbnail\">\n                <img decoding=\"async\" width=\"297\" height=\"300\" src=\"https:\/\/mediatrade.fi\/wp-content\/uploads\/2022\/04\/decimatordesign-multi-definitionupdowncross-converter-297x300.jpg\" class=\"attachment-medium size-medium wp-post-image\" alt=\"\" srcset=\"https:\/\/mediatrade.fi\/wp-content\/uploads\/2022\/04\/decimatordesign-multi-definitionupdowncross-converter-297x300.jpg 297w, https:\/\/mediatrade.fi\/wp-content\/uploads\/2022\/04\/decimatordesign-multi-definitionupdowncross-converter-1014x1024.jpg 1014w, https:\/\/mediatrade.fi\/wp-content\/uploads\/2022\/04\/decimatordesign-multi-definitionupdowncross-converter-768x775.jpg 768w, https:\/\/mediatrade.fi\/wp-content\/uploads\/2022\/04\/decimatordesign-multi-definitionupdowncross-converter-1521x1536.jpg 1521w, https:\/\/mediatrade.fi\/wp-content\/uploads\/2022\/04\/decimatordesign-multi-definitionupdowncross-converter-600x606.jpg 600w, https:\/\/mediatrade.fi\/wp-content\/uploads\/2022\/04\/decimatordesign-multi-definitionupdowncross-converter-100x100.jpg 100w, https:\/\/mediatrade.fi\/wp-content\/uploads\/2022\/04\/decimatordesign-multi-definitionupdowncross-converter.jpg 1562w\" sizes=\"297px\" \/>            <\/div>\n        <\/a>\n\n        <div class=\"product-tags\">\n            \n            \n            \n                    <\/div>\n    <\/div>\n    <div class=\"card-content\">\n                <div class=\"brand\">\n            <a class=\"brand-link\" href=\"https:\/\/mediatrade.fi\/en\/tuote-osasto\/all-products\/?brands=decimator\">Decimator<\/a>\n        <\/div>\n                <h3 class=\"h3 card-title\"><a class=\"product-card-link\" id=\"card-link-69dcab86b4e27\" href=\"https:\/\/mediatrade.fi\/en\/product\/md-ducc-2\/\" rel=\"bookmark\">MD-DUCC<\/a><\/h3>                    <div class=\"price\">\n                495&nbsp;&euro;<span class=\"tax\">(VAT 0%)<\/span>\n            <\/div>\n                    <\/div>\n<\/div>\n        <\/div>\n            <div class=\"slide\">\n            <div class=\"card product product-feature-tracking\" onclick=\"document.getElementById('card-link-69dcab86b5b6a').click();\" data-product='{\"title\":\"MD-LX\",\"sku\":\"DD-LX\",\"price\":\"99\",\"brand_name\":\"Decimator\",\"link\":\"https:\\\/\\\/mediatrade.fi\\\/en\\\/product\\\/md-lx-2\\\/\"}'>\n    <div class=\"thumbnail-wrap\">\n        <a href=\"https:\/\/mediatrade.fi\/en\/product\/md-lx-2\/\" title=\"MD-LX\">\n            <div class=\"card-thumbnail\">\n                <img decoding=\"async\" width=\"300\" height=\"300\" src=\"https:\/\/mediatrade.fi\/wp-content\/uploads\/2022\/05\/MD-LX_o-300x300.jpg\" class=\"attachment-medium size-medium wp-post-image\" alt=\"\" srcset=\"https:\/\/mediatrade.fi\/wp-content\/uploads\/2022\/05\/MD-LX_o-300x300.jpg 300w, https:\/\/mediatrade.fi\/wp-content\/uploads\/2022\/05\/MD-LX_o-400x400.jpg 400w, https:\/\/mediatrade.fi\/wp-content\/uploads\/2022\/05\/MD-LX_o-150x150.jpg 150w, https:\/\/mediatrade.fi\/wp-content\/uploads\/2022\/05\/MD-LX_o-100x100.jpg 100w, https:\/\/mediatrade.fi\/wp-content\/uploads\/2022\/05\/MD-LX_o.jpg 500w\" sizes=\"300px\" \/>            <\/div>\n        <\/a>\n\n        <div class=\"product-tags\">\n            \n            \n            \n                    <\/div>\n    <\/div>\n    <div class=\"card-content\">\n                <div class=\"brand\">\n            <a class=\"brand-link\" href=\"https:\/\/mediatrade.fi\/en\/tuote-osasto\/all-products\/?brands=decimator\">Decimator<\/a>\n        <\/div>\n                <h3 class=\"h3 card-title\"><a class=\"product-card-link\" id=\"card-link-69dcab86b5b6a\" href=\"https:\/\/mediatrade.fi\/en\/product\/md-lx-2\/\" rel=\"bookmark\">MD-LX<\/a><\/h3>                    <div class=\"price\">\n                99&nbsp;&euro;<span class=\"tax\">(VAT 0%)<\/span>\n            <\/div>\n                    <\/div>\n<\/div>\n        <\/div>\n            <div class=\"slide\">\n            <div class=\"card product product-feature-tracking\" onclick=\"document.getElementById('card-link-69dcab86b6949').click();\" data-product='{\"title\":\"Mini Converter &#8211; UpDownCross HD\",\"sku\":\"CONVMUDCSTD\\\/HD\",\"price\":\"143\",\"brand_name\":\"Blackmagic Design\",\"link\":\"https:\\\/\\\/mediatrade.fi\\\/en\\\/product\\\/mini-converter-updowncross-hd-3\\\/\"}'>\n    <div class=\"thumbnail-wrap\">\n        <a href=\"https:\/\/mediatrade.fi\/en\/product\/mini-converter-updowncross-hd-3\/\" title=\"Mini Converter &#8211; UpDownCross HD\">\n            <div class=\"card-thumbnail\">\n                <img decoding=\"async\" width=\"300\" height=\"240\" src=\"https:\/\/mediatrade.fi\/wp-content\/uploads\/2022\/04\/blackmagicdesign-miniconverter-updowncross-hd-300x240.jpg\" class=\"attachment-medium size-medium wp-post-image\" alt=\"\" srcset=\"https:\/\/mediatrade.fi\/wp-content\/uploads\/2022\/04\/blackmagicdesign-miniconverter-updowncross-hd-300x240.jpg 300w, https:\/\/mediatrade.fi\/wp-content\/uploads\/2022\/04\/blackmagicdesign-miniconverter-updowncross-hd-1024x819.jpg 1024w, https:\/\/mediatrade.fi\/wp-content\/uploads\/2022\/04\/blackmagicdesign-miniconverter-updowncross-hd-768x614.jpg 768w, https:\/\/mediatrade.fi\/wp-content\/uploads\/2022\/04\/blackmagicdesign-miniconverter-updowncross-hd-1536x1229.jpg 1536w, https:\/\/mediatrade.fi\/wp-content\/uploads\/2022\/04\/blackmagicdesign-miniconverter-updowncross-hd-2048x1638.jpg 2048w, https:\/\/mediatrade.fi\/wp-content\/uploads\/2022\/04\/blackmagicdesign-miniconverter-updowncross-hd-1920x1536.jpg 1920w, https:\/\/mediatrade.fi\/wp-content\/uploads\/2022\/04\/blackmagicdesign-miniconverter-updowncross-hd-600x480.jpg 600w, https:\/\/mediatrade.fi\/wp-content\/uploads\/2022\/04\/blackmagicdesign-miniconverter-updowncross-hd-scaled-375x300.jpg 375w\" sizes=\"300px\" \/>            <\/div>\n        <\/a>\n\n        <div class=\"product-tags\">\n            \n            \n            \n                    <\/div>\n    <\/div>\n    <div class=\"card-content\">\n                <div class=\"brand\">\n            <a class=\"brand-link\" href=\"https:\/\/mediatrade.fi\/en\/tuote-osasto\/all-products\/?brands=blackmagic-design\">Blackmagic Design<\/a>\n        <\/div>\n                <h3 class=\"h3 card-title\"><a class=\"product-card-link\" id=\"card-link-69dcab86b6949\" href=\"https:\/\/mediatrade.fi\/en\/product\/mini-converter-updowncross-hd-3\/\" rel=\"bookmark\">Mini Converter &#8211; UpDownCross HD<\/a><\/h3>                    <div class=\"price\">\n                143&nbsp;&euro;<span class=\"tax\">(VAT 0%)<\/span>\n            <\/div>\n                    <\/div>\n<\/div>\n        <\/div>\n        <\/div>            <\/div>\n        <\/div>\n            <\/div>\n<\/section>\n\n\n\n<section class=\"block block-profile-listing container-fluid \">\n    <div class=\"container\">\n        <div class=\"row\">\n            <main class=\"entry-content col-12\">\n                \n\n<h2 class=\"wp-block-heading\">Asiantuntijamme<\/h2>\n\n\n            <\/main>\n                        <div class=\"col-12 col-lg-6\">\n                <div class=\"person-wrapper\">\n                    <div class=\"image-wrapper\">\n                        <img decoding=\"async\" width=\"576\" height=\"1024\" src=\"https:\/\/mediatrade.fi\/wp-content\/uploads\/2022\/04\/Lauri_Virkki-576x1024-1.jpg\" class=\"attachment-post-thumbnail size-post-thumbnail wp-post-image\" alt=\"\" srcset=\"https:\/\/mediatrade.fi\/wp-content\/uploads\/2022\/04\/Lauri_Virkki-576x1024-1.jpg 576w, https:\/\/mediatrade.fi\/wp-content\/uploads\/2022\/04\/Lauri_Virkki-576x1024-1-169x300.jpg 169w\" sizes=\"(max-width: 575px) 100vw, (max-width: 767px) 570, (max-width: 991px) 830, (max-width: 1199px) 930, 994px\" \/>                    <\/div>\n                    <div class=\"content-wrapper\">\n                        <h4 class=\"name\">Lauri Virkki<\/h4>\n                        <p class=\"title\">Project Manager<\/p>\n                        <p class=\"summary\">I manage Mediatrade&#8217;s projects and handle system design. I\u2019m well-versed in production technology challenges, tools, and workflows.<\/p>\n                                                <span class=\"knowledge-title\">Area of expertise<\/span>\n                        <p class=\"knowledge\">Cinematography, program production, IP technologies<\/p>\n                                                <p class=\"phone\">+358201557720<\/p>\n                        <p class=\"email\"> lauri.virkki@mediatrade.fi<\/p>\n                    <\/div>\n                <\/div>\n            <\/div>\n                                <\/div>\n    <\/div>\n<\/section>\n","protected":false},"excerpt":{"rendered":"","protected":false},"featured_media":73148,"template":"","meta":{"_acf_changed":false,"_relevanssi_hide_post":"","_relevanssi_hide_content":"","_relevanssi_pin_for_all":"","_relevanssi_pin_keywords":"","_relevanssi_unpin_keywords":"","_relevanssi_related_keywords":"","_relevanssi_related_include_ids":"","_relevanssi_related_exclude_ids":"","_relevanssi_related_no_append":"","_relevanssi_related_not_related":"","_relevanssi_related_posts":"394880,394886,394887,458348,394878,394871","_relevanssi_noindex_reason":""},"product_brand":[],"product_cat":[2486,3498,9057,3496],"product_tag":[2490],"brands":[8332],"id_product_type":[],"class_list":{"0":"post-394883","1":"product","2":"type-product","3":"status-publish","4":"has-post-thumbnail","6":"product_cat-all-products","7":"product_cat-converters","8":"product_cat-in-store","9":"product_cat-studio-technology","10":"product_tag-mediatrade-en","12":"first","13":"instock","14":"taxable","15":"shipping-taxable","16":"purchasable","17":"product-type-simple"},"bundled_by":[],"bundle_stock_status":"instock","bundle_stock_quantity":3,"bundle_virtual":false,"bundle_layout":"","bundle_add_to_cart_form_location":"","bundle_editable_in_cart":false,"bundle_sold_individually_context":"","bundle_item_grouping":"","bundle_min_size":"","bundle_max_size":"","bundle_price":[],"bundled_items":[],"bundle_sell_ids":[],"acf":[],"yoast_head":"<!-- This site is optimized with the Yoast SEO plugin v27.1.1 - https:\/\/yoast.com\/product\/yoast-seo-wordpress\/ -->\n<title>MD-HX - Mediatrade<\/title>\n<meta name=\"description\" content=\"Erinomainen ja monipuolinen HDMI-SDI signaalimuunnin\/ konvertteripurkki, joka taipuu moneen eri k\u00e4ytt\u00f6tarkoitukseen.\" \/>\n<meta name=\"robots\" content=\"index, follow, max-snippet:-1, max-image-preview:large, max-video-preview:-1\" \/>\n<link rel=\"canonical\" href=\"https:\/\/mediatrade.fi\/en\/product\/md-hx-2\/\" \/>\n<meta property=\"og:locale\" content=\"en_US\" \/>\n<meta property=\"og:type\" content=\"article\" \/>\n<meta property=\"og:title\" content=\"MD-HX - Mediatrade\" \/>\n<meta property=\"og:description\" content=\"Erinomainen ja monipuolinen HDMI-SDI signaalimuunnin\/ konvertteripurkki, joka taipuu moneen eri k\u00e4ytt\u00f6tarkoitukseen.\" \/>\n<meta property=\"og:url\" content=\"https:\/\/mediatrade.fi\/en\/product\/md-hx-2\/\" \/>\n<meta property=\"og:site_name\" content=\"Mediatrade\" \/>\n<meta property=\"article:modified_time\" content=\"2026-04-09T13:45:09+00:00\" \/>\n<meta property=\"og:image\" content=\"https:\/\/mediatrade.fi\/wp-content\/uploads\/2022\/05\/decimatordesign-hdmisdicrossconverterwscaling_0_b.jpg\" \/>\n\t<meta property=\"og:image:width\" content=\"1024\" \/>\n\t<meta property=\"og:image:height\" content=\"751\" \/>\n\t<meta property=\"og:image:type\" content=\"image\/jpeg\" \/>\n<meta name=\"twitter:card\" content=\"summary_large_image\" \/>\n<meta name=\"twitter:label1\" content=\"Est. reading time\" \/>\n\t<meta name=\"twitter:data1\" content=\"2 minutes\" \/>\n<script type=\"application\/ld+json\" class=\"yoast-schema-graph\">{\"@context\":\"https:\/\/schema.org\",\"@graph\":[{\"@type\":\"WebPage\",\"@id\":\"https:\/\/mediatrade.fi\/en\/product\/md-hx-2\/\",\"url\":\"https:\/\/mediatrade.fi\/en\/product\/md-hx-2\/\",\"name\":\"MD-HX - Mediatrade\",\"isPartOf\":{\"@id\":\"https:\/\/mediatrade.fi\/en\/#website\"},\"primaryImageOfPage\":{\"@id\":\"https:\/\/mediatrade.fi\/en\/product\/md-hx-2\/#primaryimage\"},\"image\":{\"@id\":\"https:\/\/mediatrade.fi\/en\/product\/md-hx-2\/#primaryimage\"},\"thumbnailUrl\":\"https:\/\/mediatrade.fi\/wp-content\/uploads\/2022\/05\/decimatordesign-hdmisdicrossconverterwscaling_0_b.jpg\",\"datePublished\":\"2022-05-06T12:16:52+00:00\",\"dateModified\":\"2026-04-09T13:45:09+00:00\",\"description\":\"Erinomainen ja monipuolinen HDMI-SDI signaalimuunnin\/ konvertteripurkki, joka taipuu moneen eri k\u00e4ytt\u00f6tarkoitukseen.\",\"breadcrumb\":{\"@id\":\"https:\/\/mediatrade.fi\/en\/product\/md-hx-2\/#breadcrumb\"},\"inLanguage\":\"en-US\",\"potentialAction\":[{\"@type\":\"ReadAction\",\"target\":[\"https:\/\/mediatrade.fi\/en\/product\/md-hx-2\/\"]}]},{\"@type\":\"ImageObject\",\"inLanguage\":\"en-US\",\"@id\":\"https:\/\/mediatrade.fi\/en\/product\/md-hx-2\/#primaryimage\",\"url\":\"https:\/\/mediatrade.fi\/wp-content\/uploads\/2022\/05\/decimatordesign-hdmisdicrossconverterwscaling_0_b.jpg\",\"contentUrl\":\"https:\/\/mediatrade.fi\/wp-content\/uploads\/2022\/05\/decimatordesign-hdmisdicrossconverterwscaling_0_b.jpg\",\"width\":1024,\"height\":751},{\"@type\":\"BreadcrumbList\",\"@id\":\"https:\/\/mediatrade.fi\/en\/product\/md-hx-2\/#breadcrumb\",\"itemListElement\":[{\"@type\":\"ListItem\",\"position\":1,\"name\":\"Front Page\",\"item\":\"https:\/\/mediatrade.fi\/en\/\"},{\"@type\":\"ListItem\",\"position\":2,\"name\":\"Shop\",\"item\":\"https:\/\/mediatrade.fi\/en\/shop\/\"},{\"@type\":\"ListItem\",\"position\":3,\"name\":\"MD-HX\"}]},{\"@type\":\"WebSite\",\"@id\":\"https:\/\/mediatrade.fi\/en\/#website\",\"url\":\"https:\/\/mediatrade.fi\/en\/\",\"name\":\"Mediatrade\",\"description\":\"\",\"publisher\":{\"@id\":\"https:\/\/mediatrade.fi\/en\/#organization\"},\"potentialAction\":[{\"@type\":\"SearchAction\",\"target\":{\"@type\":\"EntryPoint\",\"urlTemplate\":\"https:\/\/mediatrade.fi\/en\/?s={search_term_string}\"},\"query-input\":{\"@type\":\"PropertyValueSpecification\",\"valueRequired\":true,\"valueName\":\"search_term_string\"}}],\"inLanguage\":\"en-US\"},{\"@type\":\"Organization\",\"@id\":\"https:\/\/mediatrade.fi\/en\/#organization\",\"name\":\"Mediatrade\",\"url\":\"https:\/\/mediatrade.fi\/en\/\",\"logo\":{\"@type\":\"ImageObject\",\"inLanguage\":\"en-US\",\"@id\":\"https:\/\/mediatrade.fi\/en\/#\/schema\/logo\/image\/\",\"url\":\"https:\/\/mediatrade.fi\/wp-content\/uploads\/2022\/04\/Group-640.svg\",\"contentUrl\":\"https:\/\/mediatrade.fi\/wp-content\/uploads\/2022\/04\/Group-640.svg\",\"width\":128,\"height\":43,\"caption\":\"Mediatrade\"},\"image\":{\"@id\":\"https:\/\/mediatrade.fi\/en\/#\/schema\/logo\/image\/\"}}]}<\/script>\n<!-- \/ Yoast SEO plugin. -->","yoast_head_json":{"title":"MD-HX - Mediatrade","description":"Erinomainen ja monipuolinen HDMI-SDI signaalimuunnin\/ konvertteripurkki, joka taipuu moneen eri k\u00e4ytt\u00f6tarkoitukseen.","robots":{"index":"index","follow":"follow","max-snippet":"max-snippet:-1","max-image-preview":"max-image-preview:large","max-video-preview":"max-video-preview:-1"},"canonical":"https:\/\/mediatrade.fi\/en\/product\/md-hx-2\/","og_locale":"en_US","og_type":"article","og_title":"MD-HX - Mediatrade","og_description":"Erinomainen ja monipuolinen HDMI-SDI signaalimuunnin\/ konvertteripurkki, joka taipuu moneen eri k\u00e4ytt\u00f6tarkoitukseen.","og_url":"https:\/\/mediatrade.fi\/en\/product\/md-hx-2\/","og_site_name":"Mediatrade","article_modified_time":"2026-04-09T13:45:09+00:00","og_image":[{"width":1024,"height":751,"url":"https:\/\/mediatrade.fi\/wp-content\/uploads\/2022\/05\/decimatordesign-hdmisdicrossconverterwscaling_0_b.jpg","type":"image\/jpeg"}],"twitter_card":"summary_large_image","twitter_misc":{"Est. reading time":"2 minutes"},"schema":{"@context":"https:\/\/schema.org","@graph":[{"@type":"WebPage","@id":"https:\/\/mediatrade.fi\/en\/product\/md-hx-2\/","url":"https:\/\/mediatrade.fi\/en\/product\/md-hx-2\/","name":"MD-HX - Mediatrade","isPartOf":{"@id":"https:\/\/mediatrade.fi\/en\/#website"},"primaryImageOfPage":{"@id":"https:\/\/mediatrade.fi\/en\/product\/md-hx-2\/#primaryimage"},"image":{"@id":"https:\/\/mediatrade.fi\/en\/product\/md-hx-2\/#primaryimage"},"thumbnailUrl":"https:\/\/mediatrade.fi\/wp-content\/uploads\/2022\/05\/decimatordesign-hdmisdicrossconverterwscaling_0_b.jpg","datePublished":"2022-05-06T12:16:52+00:00","dateModified":"2026-04-09T13:45:09+00:00","description":"Erinomainen ja monipuolinen HDMI-SDI signaalimuunnin\/ konvertteripurkki, joka taipuu moneen eri k\u00e4ytt\u00f6tarkoitukseen.","breadcrumb":{"@id":"https:\/\/mediatrade.fi\/en\/product\/md-hx-2\/#breadcrumb"},"inLanguage":"en-US","potentialAction":[{"@type":"ReadAction","target":["https:\/\/mediatrade.fi\/en\/product\/md-hx-2\/"]}]},{"@type":"ImageObject","inLanguage":"en-US","@id":"https:\/\/mediatrade.fi\/en\/product\/md-hx-2\/#primaryimage","url":"https:\/\/mediatrade.fi\/wp-content\/uploads\/2022\/05\/decimatordesign-hdmisdicrossconverterwscaling_0_b.jpg","contentUrl":"https:\/\/mediatrade.fi\/wp-content\/uploads\/2022\/05\/decimatordesign-hdmisdicrossconverterwscaling_0_b.jpg","width":1024,"height":751},{"@type":"BreadcrumbList","@id":"https:\/\/mediatrade.fi\/en\/product\/md-hx-2\/#breadcrumb","itemListElement":[{"@type":"ListItem","position":1,"name":"Front Page","item":"https:\/\/mediatrade.fi\/en\/"},{"@type":"ListItem","position":2,"name":"Shop","item":"https:\/\/mediatrade.fi\/en\/shop\/"},{"@type":"ListItem","position":3,"name":"MD-HX"}]},{"@type":"WebSite","@id":"https:\/\/mediatrade.fi\/en\/#website","url":"https:\/\/mediatrade.fi\/en\/","name":"Mediatrade","description":"","publisher":{"@id":"https:\/\/mediatrade.fi\/en\/#organization"},"potentialAction":[{"@type":"SearchAction","target":{"@type":"EntryPoint","urlTemplate":"https:\/\/mediatrade.fi\/en\/?s={search_term_string}"},"query-input":{"@type":"PropertyValueSpecification","valueRequired":true,"valueName":"search_term_string"}}],"inLanguage":"en-US"},{"@type":"Organization","@id":"https:\/\/mediatrade.fi\/en\/#organization","name":"Mediatrade","url":"https:\/\/mediatrade.fi\/en\/","logo":{"@type":"ImageObject","inLanguage":"en-US","@id":"https:\/\/mediatrade.fi\/en\/#\/schema\/logo\/image\/","url":"https:\/\/mediatrade.fi\/wp-content\/uploads\/2022\/04\/Group-640.svg","contentUrl":"https:\/\/mediatrade.fi\/wp-content\/uploads\/2022\/04\/Group-640.svg","width":128,"height":43,"caption":"Mediatrade"},"image":{"@id":"https:\/\/mediatrade.fi\/en\/#\/schema\/logo\/image\/"}}]}},"_links":{"self":[{"href":"https:\/\/mediatrade.fi\/en\/wp-json\/wp\/v2\/product\/394883","targetHints":{"allow":["GET"]}}],"collection":[{"href":"https:\/\/mediatrade.fi\/en\/wp-json\/wp\/v2\/product"}],"about":[{"href":"https:\/\/mediatrade.fi\/en\/wp-json\/wp\/v2\/types\/product"}],"wp:featuredmedia":[{"embeddable":true,"href":"https:\/\/mediatrade.fi\/en\/wp-json\/wp\/v2\/media\/73148"}],"wp:attachment":[{"href":"https:\/\/mediatrade.fi\/en\/wp-json\/wp\/v2\/media?parent=394883"}],"wp:term":[{"taxonomy":"product_brand","embeddable":true,"href":"https:\/\/mediatrade.fi\/en\/wp-json\/wp\/v2\/product_brand?post=394883"},{"taxonomy":"product_cat","embeddable":true,"href":"https:\/\/mediatrade.fi\/en\/wp-json\/wp\/v2\/product_cat?post=394883"},{"taxonomy":"product_tag","embeddable":true,"href":"https:\/\/mediatrade.fi\/en\/wp-json\/wp\/v2\/product_tag?post=394883"},{"taxonomy":"brands","embeddable":true,"href":"https:\/\/mediatrade.fi\/en\/wp-json\/wp\/v2\/brands?post=394883"},{"taxonomy":"id_product_type","embeddable":true,"href":"https:\/\/mediatrade.fi\/en\/wp-json\/wp\/v2\/id_product_type?post=394883"}],"curies":[{"name":"wp","href":"https:\/\/api.w.org\/{rel}","templated":true}]}}