{"id":395036,"date":"2022-05-04T11:22:26","date_gmt":"2022-05-04T08:22:26","guid":{"rendered":"https:\/\/mediatrade.fi\/tuote\/2-ch-endura-sequential-charger-with-4-pin-xlr-dc-2\/"},"modified":"2026-01-26T12:45:15","modified_gmt":"2026-01-26T10:45:15","slug":"2-ch-endura-sequential-charger-with-4-pin-xlr-dc-2","status":"publish","type":"product","link":"https:\/\/mediatrade.fi\/en\/product\/2-ch-endura-sequential-charger-with-4-pin-xlr-dc-2\/","title":{"rendered":"2 Ch. ENDURA Sequential Charger with 4 pin XLR DC"},"content":{"rendered":"\n<section class=\"block block-woocommerce-product-description container-fluid container-fluid \">\n    <div class=\"container\">\n        <div class=\"row\">\n            <div class=\"col-12 col-md-6 order-2 order-md-1 attachments-col\">\n                                            <\/div>\n\n            <div class=\"col-12 col-md-5 offset-md-1 order-1 order-md-2\">\n                <main class=\"entry-content\">\n                    \n\n<h2 class=\"wp-block-heading\">Tuotetiedot<\/h2>\n\n\n\n<p>VL-2X on pienikokoinen, kevyt ja hiljainen kahden akun laturi IDX:lt\u00e4. Ja kaiken lis\u00e4ksi eritt\u00e4in kohtuuhintainen!<\/p>\n\n\n\n<p>&nbsp;Ominaisuudet:<\/p>\n\n\n\n<ul class=\"wp-block-list\">\n<li>Sequential 2-channel charging in either position. The VL-2X will charge the first battery connected to either VMount channel, automatically switching to charge the second battery after the first is fully charged.<\/li>\n\n\n\n<li>Integrated 36W DC power supply provides 36W XLR output for the camera, lighting or ancillary broadcast devices.<\/li>\n\n\n\n<li>Compact, lightweight charger body<\/li>\n\n\n\n<li>Advanced fanless design<\/li>\n\n\n\n<li>Integrated locking support stand<\/li>\n\n\n\n<li>Internal safety features protect both the battery and charger from serious damage should faulty or misused batteries be placed on charge. The VL-2X will automatically stop charging should any battery reach an over voltage condition.<\/li>\n\n\n\n<li>System includes 60W AC-Adaptor Power Supply for power<\/li>\n<\/ul>\n\n\n\n<p>IDX-akkujen latausajat VL-2X-laturilla (1 akku\/2 akkua):<\/p>\n\n\n\n<ul class=\"wp-block-list\">\n<li>DUO-C190 7h\/14h<\/li>\n\n\n\n<li>DUO-150 5h\/10h<\/li>\n\n\n\n<li>CUE-D150 5h\/10h<\/li>\n\n\n\n<li>ELITE 4:50h\/7:40h<\/li>\n\n\n\n<li>E-HL10DS 3:40h\/7:20h<\/li>\n\n\n\n<li>DUO-C95 3:40h\/7:20h<\/li>\n\n\n\n<li>DUO-95 3:30h\/7:00h<\/li>\n\n\n\n<li>CUE-D95 3:30h\/7:00h<\/li>\n\n\n\n<li>E-HL9 3:20h\/6:40h<\/li>\n\n\n\n<li>CUE-D75 3:00h\/6:00h<\/li>\n\n\n\n<li>NP-L7S 3:00h\/6:00h<\/li>\n<\/ul>\n\n\n                <\/main>\n            <\/div>\n        <\/div>\n    <\/div>\n<\/section>\n\n\n\n","protected":false},"excerpt":{"rendered":"","protected":false},"featured_media":39511,"template":"","meta":{"_acf_changed":false,"_relevanssi_hide_post":"","_relevanssi_hide_content":"","_relevanssi_pin_for_all":"","_relevanssi_pin_keywords":"","_relevanssi_unpin_keywords":"","_relevanssi_related_keywords":"","_relevanssi_related_include_ids":"","_relevanssi_related_exclude_ids":"","_relevanssi_related_no_append":"","_relevanssi_related_not_related":"","_relevanssi_related_posts":"","_relevanssi_noindex_reason":""},"product_brand":[],"product_cat":[2486,3504,3502,9057,8318,9055,3481,8189,3473],"product_tag":[2490],"brands":[619],"id_product_type":[],"class_list":{"0":"post-395036","1":"product","2":"type-product","3":"status-publish","4":"has-post-thumbnail","6":"product_cat-all-products","7":"product_cat-batteries-and-equipment","8":"product_cat-equipment","9":"product_cat-in-store","10":"product_cat-outlet","11":"product_cat-outlet-en","12":"product_cat-power-solutions","13":"product_cat-varastossa","14":"product_cat-video","15":"product_tag-mediatrade-en","17":"first","18":"instock","19":"taxable","20":"shipping-taxable","21":"purchasable","22":"product-type-simple"},"bundled_by":[],"bundle_stock_status":"instock","bundle_stock_quantity":8,"bundle_virtual":false,"bundle_layout":"","bundle_add_to_cart_form_location":"","bundle_editable_in_cart":false,"bundle_sold_individually_context":"","bundle_item_grouping":"","bundle_min_size":"","bundle_max_size":"","bundle_price":[],"bundled_items":[],"bundle_sell_ids":[],"acf":[],"yoast_head":"<!-- This site is optimized with the Yoast SEO plugin v27.1.1 - https:\/\/yoast.com\/product\/yoast-seo-wordpress\/ -->\n<title>2 Ch. ENDURA Sequential Charger with 4 pin XLR DC - Mediatrade<\/title>\n<meta name=\"description\" content=\"VL-2X on pienikokoinen, kevyt ja hiljainen kahden akun laturi IDX:lt\u00e4. Ja kaiken lis\u00e4ksi eritt\u00e4in kohtuuhintainen!\" \/>\n<meta name=\"robots\" content=\"index, follow, max-snippet:-1, max-image-preview:large, max-video-preview:-1\" \/>\n<link rel=\"canonical\" href=\"https:\/\/mediatrade.fi\/en\/product\/2-ch-endura-sequential-charger-with-4-pin-xlr-dc-2\/\" \/>\n<meta property=\"og:locale\" content=\"en_US\" \/>\n<meta property=\"og:type\" content=\"article\" \/>\n<meta property=\"og:title\" content=\"2 Ch. ENDURA Sequential Charger with 4 pin XLR DC - Mediatrade\" \/>\n<meta property=\"og:description\" content=\"VL-2X on pienikokoinen, kevyt ja hiljainen kahden akun laturi IDX:lt\u00e4. Ja kaiken lis\u00e4ksi eritt\u00e4in kohtuuhintainen!\" \/>\n<meta property=\"og:url\" content=\"https:\/\/mediatrade.fi\/en\/product\/2-ch-endura-sequential-charger-with-4-pin-xlr-dc-2\/\" \/>\n<meta property=\"og:site_name\" content=\"Mediatrade\" \/>\n<meta property=\"article:modified_time\" content=\"2026-01-26T10:45:15+00:00\" \/>\n<meta property=\"og:image\" content=\"https:\/\/mediatrade.fi\/wp-content\/uploads\/2022\/04\/idx-vl-2x2chendurasequentialcharger.jpg\" \/>\n\t<meta property=\"og:image:width\" content=\"500\" \/>\n\t<meta property=\"og:image:height\" content=\"400\" \/>\n\t<meta property=\"og:image:type\" content=\"image\/jpeg\" \/>\n<meta name=\"twitter:card\" content=\"summary_large_image\" \/>\n<meta name=\"twitter:label1\" content=\"Est. reading time\" \/>\n\t<meta name=\"twitter:data1\" content=\"1 minute\" \/>\n<script type=\"application\/ld+json\" class=\"yoast-schema-graph\">{\"@context\":\"https:\/\/schema.org\",\"@graph\":[{\"@type\":\"WebPage\",\"@id\":\"https:\/\/mediatrade.fi\/en\/product\/2-ch-endura-sequential-charger-with-4-pin-xlr-dc-2\/\",\"url\":\"https:\/\/mediatrade.fi\/en\/product\/2-ch-endura-sequential-charger-with-4-pin-xlr-dc-2\/\",\"name\":\"2 Ch. ENDURA Sequential Charger with 4 pin XLR DC - Mediatrade\",\"isPartOf\":{\"@id\":\"https:\/\/mediatrade.fi\/en\/#website\"},\"primaryImageOfPage\":{\"@id\":\"https:\/\/mediatrade.fi\/en\/product\/2-ch-endura-sequential-charger-with-4-pin-xlr-dc-2\/#primaryimage\"},\"image\":{\"@id\":\"https:\/\/mediatrade.fi\/en\/product\/2-ch-endura-sequential-charger-with-4-pin-xlr-dc-2\/#primaryimage\"},\"thumbnailUrl\":\"https:\/\/mediatrade.fi\/wp-content\/uploads\/2022\/04\/idx-vl-2x2chendurasequentialcharger.jpg\",\"datePublished\":\"2022-05-04T08:22:26+00:00\",\"dateModified\":\"2026-01-26T10:45:15+00:00\",\"description\":\"VL-2X on pienikokoinen, kevyt ja hiljainen kahden akun laturi IDX:lt\u00e4. Ja kaiken lis\u00e4ksi eritt\u00e4in kohtuuhintainen!\",\"breadcrumb\":{\"@id\":\"https:\/\/mediatrade.fi\/en\/product\/2-ch-endura-sequential-charger-with-4-pin-xlr-dc-2\/#breadcrumb\"},\"inLanguage\":\"en-US\",\"potentialAction\":[{\"@type\":\"ReadAction\",\"target\":[\"https:\/\/mediatrade.fi\/en\/product\/2-ch-endura-sequential-charger-with-4-pin-xlr-dc-2\/\"]}]},{\"@type\":\"ImageObject\",\"inLanguage\":\"en-US\",\"@id\":\"https:\/\/mediatrade.fi\/en\/product\/2-ch-endura-sequential-charger-with-4-pin-xlr-dc-2\/#primaryimage\",\"url\":\"https:\/\/mediatrade.fi\/wp-content\/uploads\/2022\/04\/idx-vl-2x2chendurasequentialcharger.jpg\",\"contentUrl\":\"https:\/\/mediatrade.fi\/wp-content\/uploads\/2022\/04\/idx-vl-2x2chendurasequentialcharger.jpg\",\"width\":500,\"height\":400},{\"@type\":\"BreadcrumbList\",\"@id\":\"https:\/\/mediatrade.fi\/en\/product\/2-ch-endura-sequential-charger-with-4-pin-xlr-dc-2\/#breadcrumb\",\"itemListElement\":[{\"@type\":\"ListItem\",\"position\":1,\"name\":\"Front Page\",\"item\":\"https:\/\/mediatrade.fi\/en\/\"},{\"@type\":\"ListItem\",\"position\":2,\"name\":\"Shop\",\"item\":\"https:\/\/mediatrade.fi\/en\/shop\/\"},{\"@type\":\"ListItem\",\"position\":3,\"name\":\"2 Ch. ENDURA Sequential Charger with 4 pin XLR DC\"}]},{\"@type\":\"WebSite\",\"@id\":\"https:\/\/mediatrade.fi\/en\/#website\",\"url\":\"https:\/\/mediatrade.fi\/en\/\",\"name\":\"Mediatrade\",\"description\":\"\",\"publisher\":{\"@id\":\"https:\/\/mediatrade.fi\/en\/#organization\"},\"potentialAction\":[{\"@type\":\"SearchAction\",\"target\":{\"@type\":\"EntryPoint\",\"urlTemplate\":\"https:\/\/mediatrade.fi\/en\/?s={search_term_string}\"},\"query-input\":{\"@type\":\"PropertyValueSpecification\",\"valueRequired\":true,\"valueName\":\"search_term_string\"}}],\"inLanguage\":\"en-US\"},{\"@type\":\"Organization\",\"@id\":\"https:\/\/mediatrade.fi\/en\/#organization\",\"name\":\"Mediatrade\",\"url\":\"https:\/\/mediatrade.fi\/en\/\",\"logo\":{\"@type\":\"ImageObject\",\"inLanguage\":\"en-US\",\"@id\":\"https:\/\/mediatrade.fi\/en\/#\/schema\/logo\/image\/\",\"url\":\"https:\/\/mediatrade.fi\/wp-content\/uploads\/2022\/04\/Group-640.svg\",\"contentUrl\":\"https:\/\/mediatrade.fi\/wp-content\/uploads\/2022\/04\/Group-640.svg\",\"width\":128,\"height\":43,\"caption\":\"Mediatrade\"},\"image\":{\"@id\":\"https:\/\/mediatrade.fi\/en\/#\/schema\/logo\/image\/\"}}]}<\/script>\n<!-- \/ Yoast SEO plugin. -->","yoast_head_json":{"title":"2 Ch. ENDURA Sequential Charger with 4 pin XLR DC - Mediatrade","description":"VL-2X on pienikokoinen, kevyt ja hiljainen kahden akun laturi IDX:lt\u00e4. Ja kaiken lis\u00e4ksi eritt\u00e4in kohtuuhintainen!","robots":{"index":"index","follow":"follow","max-snippet":"max-snippet:-1","max-image-preview":"max-image-preview:large","max-video-preview":"max-video-preview:-1"},"canonical":"https:\/\/mediatrade.fi\/en\/product\/2-ch-endura-sequential-charger-with-4-pin-xlr-dc-2\/","og_locale":"en_US","og_type":"article","og_title":"2 Ch. ENDURA Sequential Charger with 4 pin XLR DC - Mediatrade","og_description":"VL-2X on pienikokoinen, kevyt ja hiljainen kahden akun laturi IDX:lt\u00e4. Ja kaiken lis\u00e4ksi eritt\u00e4in kohtuuhintainen!","og_url":"https:\/\/mediatrade.fi\/en\/product\/2-ch-endura-sequential-charger-with-4-pin-xlr-dc-2\/","og_site_name":"Mediatrade","article_modified_time":"2026-01-26T10:45:15+00:00","og_image":[{"width":500,"height":400,"url":"https:\/\/mediatrade.fi\/wp-content\/uploads\/2022\/04\/idx-vl-2x2chendurasequentialcharger.jpg","type":"image\/jpeg"}],"twitter_card":"summary_large_image","twitter_misc":{"Est. reading time":"1 minute"},"schema":{"@context":"https:\/\/schema.org","@graph":[{"@type":"WebPage","@id":"https:\/\/mediatrade.fi\/en\/product\/2-ch-endura-sequential-charger-with-4-pin-xlr-dc-2\/","url":"https:\/\/mediatrade.fi\/en\/product\/2-ch-endura-sequential-charger-with-4-pin-xlr-dc-2\/","name":"2 Ch. ENDURA Sequential Charger with 4 pin XLR DC - Mediatrade","isPartOf":{"@id":"https:\/\/mediatrade.fi\/en\/#website"},"primaryImageOfPage":{"@id":"https:\/\/mediatrade.fi\/en\/product\/2-ch-endura-sequential-charger-with-4-pin-xlr-dc-2\/#primaryimage"},"image":{"@id":"https:\/\/mediatrade.fi\/en\/product\/2-ch-endura-sequential-charger-with-4-pin-xlr-dc-2\/#primaryimage"},"thumbnailUrl":"https:\/\/mediatrade.fi\/wp-content\/uploads\/2022\/04\/idx-vl-2x2chendurasequentialcharger.jpg","datePublished":"2022-05-04T08:22:26+00:00","dateModified":"2026-01-26T10:45:15+00:00","description":"VL-2X on pienikokoinen, kevyt ja hiljainen kahden akun laturi IDX:lt\u00e4. Ja kaiken lis\u00e4ksi eritt\u00e4in kohtuuhintainen!","breadcrumb":{"@id":"https:\/\/mediatrade.fi\/en\/product\/2-ch-endura-sequential-charger-with-4-pin-xlr-dc-2\/#breadcrumb"},"inLanguage":"en-US","potentialAction":[{"@type":"ReadAction","target":["https:\/\/mediatrade.fi\/en\/product\/2-ch-endura-sequential-charger-with-4-pin-xlr-dc-2\/"]}]},{"@type":"ImageObject","inLanguage":"en-US","@id":"https:\/\/mediatrade.fi\/en\/product\/2-ch-endura-sequential-charger-with-4-pin-xlr-dc-2\/#primaryimage","url":"https:\/\/mediatrade.fi\/wp-content\/uploads\/2022\/04\/idx-vl-2x2chendurasequentialcharger.jpg","contentUrl":"https:\/\/mediatrade.fi\/wp-content\/uploads\/2022\/04\/idx-vl-2x2chendurasequentialcharger.jpg","width":500,"height":400},{"@type":"BreadcrumbList","@id":"https:\/\/mediatrade.fi\/en\/product\/2-ch-endura-sequential-charger-with-4-pin-xlr-dc-2\/#breadcrumb","itemListElement":[{"@type":"ListItem","position":1,"name":"Front Page","item":"https:\/\/mediatrade.fi\/en\/"},{"@type":"ListItem","position":2,"name":"Shop","item":"https:\/\/mediatrade.fi\/en\/shop\/"},{"@type":"ListItem","position":3,"name":"2 Ch. ENDURA Sequential Charger with 4 pin XLR DC"}]},{"@type":"WebSite","@id":"https:\/\/mediatrade.fi\/en\/#website","url":"https:\/\/mediatrade.fi\/en\/","name":"Mediatrade","description":"","publisher":{"@id":"https:\/\/mediatrade.fi\/en\/#organization"},"potentialAction":[{"@type":"SearchAction","target":{"@type":"EntryPoint","urlTemplate":"https:\/\/mediatrade.fi\/en\/?s={search_term_string}"},"query-input":{"@type":"PropertyValueSpecification","valueRequired":true,"valueName":"search_term_string"}}],"inLanguage":"en-US"},{"@type":"Organization","@id":"https:\/\/mediatrade.fi\/en\/#organization","name":"Mediatrade","url":"https:\/\/mediatrade.fi\/en\/","logo":{"@type":"ImageObject","inLanguage":"en-US","@id":"https:\/\/mediatrade.fi\/en\/#\/schema\/logo\/image\/","url":"https:\/\/mediatrade.fi\/wp-content\/uploads\/2022\/04\/Group-640.svg","contentUrl":"https:\/\/mediatrade.fi\/wp-content\/uploads\/2022\/04\/Group-640.svg","width":128,"height":43,"caption":"Mediatrade"},"image":{"@id":"https:\/\/mediatrade.fi\/en\/#\/schema\/logo\/image\/"}}]}},"_links":{"self":[{"href":"https:\/\/mediatrade.fi\/en\/wp-json\/wp\/v2\/product\/395036","targetHints":{"allow":["GET"]}}],"collection":[{"href":"https:\/\/mediatrade.fi\/en\/wp-json\/wp\/v2\/product"}],"about":[{"href":"https:\/\/mediatrade.fi\/en\/wp-json\/wp\/v2\/types\/product"}],"wp:featuredmedia":[{"embeddable":true,"href":"https:\/\/mediatrade.fi\/en\/wp-json\/wp\/v2\/media\/39511"}],"wp:attachment":[{"href":"https:\/\/mediatrade.fi\/en\/wp-json\/wp\/v2\/media?parent=395036"}],"wp:term":[{"taxonomy":"product_brand","embeddable":true,"href":"https:\/\/mediatrade.fi\/en\/wp-json\/wp\/v2\/product_brand?post=395036"},{"taxonomy":"product_cat","embeddable":true,"href":"https:\/\/mediatrade.fi\/en\/wp-json\/wp\/v2\/product_cat?post=395036"},{"taxonomy":"product_tag","embeddable":true,"href":"https:\/\/mediatrade.fi\/en\/wp-json\/wp\/v2\/product_tag?post=395036"},{"taxonomy":"brands","embeddable":true,"href":"https:\/\/mediatrade.fi\/en\/wp-json\/wp\/v2\/brands?post=395036"},{"taxonomy":"id_product_type","embeddable":true,"href":"https:\/\/mediatrade.fi\/en\/wp-json\/wp\/v2\/id_product_type?post=395036"}],"curies":[{"name":"wp","href":"https:\/\/api.w.org\/{rel}","templated":true}]}}