{"id":398099,"date":"2022-05-04T09:11:59","date_gmt":"2025-01-21T21:22:49","guid":{"rendered":"https:\/\/mediatrade.fi\/tuote\/dcr822-a1b1-compact-digital-receiver\/"},"modified":"2026-01-23T12:06:15","modified_gmt":"2026-01-23T10:06:15","slug":"dcr822-a1b1-compact-digital-receiver","status":"publish","type":"product","link":"https:\/\/mediatrade.fi\/en\/product\/dcr822-a1b1-compact-digital-receiver\/","title":{"rendered":"DCR822-A1B1 &#8211; Compact Digital Receiver"},"content":{"rendered":"\n<section class=\"block block-woocommerce-product-description container-fluid container-fluid \">\n    <div class=\"container\">\n        <div class=\"row\">\n            <div class=\"col-12 col-md-6 order-2 order-md-1 attachments-col\">\n                                <div style=\"height: 100%;\" class=\"oembed oembed-youtube\">        <div class=\"cookieconsent-optout-marketing\">            <a href=\"javascript:Cookiebot.renew()\">Hyv\u00e4ksy markkinointiev\u00e4steet<\/a>            katsoaksesi videon.        <\/div><iframe title=\"Lectrosonics DCR822 Dual-channel Portable Digital Receiver Intro\" width=\"840\" height=\"473\" src=\"https:\/\/www.youtube.com\/embed\/vWQ4-s6s8gg?feature=oembed&#038;enablejsapi=1&#038;origin=https:\/\/mediatrade.fi\" frameborder=\"0\" allow=\"accelerometer; autoplay; clipboard-write; encrypted-media; gyroscope; picture-in-picture; web-share\" allowfullscreen><\/iframe><\/div>            <\/div>\n\n            <div class=\"col-12 col-md-5 offset-md-1 order-1 order-md-2\">\n                <main class=\"entry-content\">\n                    \n\n<h2 class=\"wp-block-heading\">Product<\/h2>\n\n\n\n<p>The successor to the esteemed UCR411a, the <strong>Lectrosonics DCR822<\/strong> is a compact, dual-channel digital wireless receiver that offers twice the channels in the same physical size. It offers a host of versatile, field-proven features for use in portable bag systems and on sound carts. The receiver is compatible with mono transmitters from the D-Squared line (DBu, DHu, DPR) and is also capable of decoding signals from the company&#8217;s stereo transmitters like the DCHT and M2R. The unit is backward-compatible with Digital Hybrid wireless transmitters.<\/p>\n\n\n\n<p><strong>Operating Frequencies<\/strong> (MHz):<br><strong>Model A1\/B1<\/strong>: 470.100 &#8211; 614.375<br>Model B1\/C1: 537.600 &#8211; 691.175<\/p>\n\n\n\n<h3 class=\"wp-block-heading\">Key Features<\/h3>\n\n\n\n<ul class=\"wp-block-list\">\n<li>Dual Independent Channels\/Compact Design<\/li>\n\n\n\n<li>Vector Diversity with RF Front Ends<\/li>\n\n\n\n<li>Dual AES3 &amp; Analog Mic\/Line Outputs<\/li>\n\n\n\n<li>Onboard Recorder with microSDHC Card<\/li>\n\n\n\n<li>24-Bit\/48 kHz Digital<\/li>\n\n\n\n<li>6-Hour AA Batteries + DC Powering Option<\/li>\n\n\n\n<li>Backward-Compatible with Digital Hybrid<\/li>\n\n\n\n<li>AES 256-CTR Encryption<\/li>\n<\/ul>\n\n\n\n<p>Tuote on tarkoitettu vain ammattik\u00e4ytt\u00f6\u00f6n. Ei takuuta.<\/p>\n\n\n                <\/main>\n            <\/div>\n        <\/div>\n    <\/div>\n<\/section>\n","protected":false},"excerpt":{"rendered":"","protected":false},"featured_media":94074,"template":"","meta":{"_acf_changed":false,"_relevanssi_hide_post":"","_relevanssi_hide_content":"","_relevanssi_pin_for_all":"","_relevanssi_pin_keywords":"","_relevanssi_unpin_keywords":"","_relevanssi_related_keywords":"","_relevanssi_related_include_ids":"","_relevanssi_related_exclude_ids":"","_relevanssi_related_no_append":"","_relevanssi_related_not_related":"","_relevanssi_related_posts":"","_relevanssi_noindex_reason":""},"product_brand":[],"product_cat":[2500,3494,2486,2500,9057,2486,9058,9055,9055,3494,9057,9058],"product_tag":[3986,3987,2986,2490,2490,3789,3663],"brands":[8313],"id_product_type":[],"class_list":{"0":"post-398099","1":"product","2":"type-product","3":"status-publish","4":"has-post-thumbnail","6":"product_cat-audio","7":"product_cat-recording-devices-equipment","8":"product_cat-all-products","10":"product_cat-in-store","12":"product_cat-wireless-accessories","13":"product_cat-outlet-en","18":"product_tag-dcr822","19":"product_tag-dual-channel-digital-wiriless-receiver","20":"product_tag-lectrosonics","21":"product_tag-mediatrade-en","23":"product_tag-rcvr","24":"product_tag-wireless-receiver","26":"first","27":"instock","28":"taxable","29":"shipping-taxable","30":"purchasable","31":"product-type-simple"},"bundled_by":[],"bundle_stock_status":"instock","bundle_stock_quantity":1,"bundle_virtual":false,"bundle_layout":"","bundle_add_to_cart_form_location":"","bundle_editable_in_cart":false,"bundle_sold_individually_context":"","bundle_item_grouping":"","bundle_min_size":"","bundle_max_size":"","bundle_price":[],"bundled_items":[],"bundle_sell_ids":[],"acf":[],"yoast_head":"<!-- This site is optimized with the Yoast SEO plugin v27.4 - https:\/\/yoast.com\/product\/yoast-seo-wordpress\/ -->\n<title>DCR822-A1B1 - Compact Digital Receiver - Mediatrade<\/title>\n<meta name=\"description\" content=\"Lectrosonics DCR822 is a compact, dual-channel digital wireless receiver that offers twice the channels in the same physical size.\" \/>\n<meta name=\"robots\" content=\"index, follow, max-snippet:-1, max-image-preview:large, max-video-preview:-1\" \/>\n<link rel=\"canonical\" href=\"https:\/\/mediatrade.fi\/en\/product\/dcr822-a1b1-compact-digital-receiver\/\" \/>\n<meta property=\"og:locale\" content=\"en_US\" \/>\n<meta property=\"og:type\" content=\"article\" \/>\n<meta property=\"og:title\" content=\"DCR822-A1B1 - Compact Digital Receiver - Mediatrade\" \/>\n<meta property=\"og:description\" content=\"Lectrosonics DCR822 is a compact, dual-channel digital wireless receiver that offers twice the channels in the same physical size.\" \/>\n<meta property=\"og:url\" content=\"https:\/\/mediatrade.fi\/en\/product\/dcr822-a1b1-compact-digital-receiver\/\" \/>\n<meta property=\"og:site_name\" content=\"Mediatrade\" \/>\n<meta property=\"article:modified_time\" content=\"2026-01-23T10:06:15+00:00\" \/>\n<meta property=\"og:image\" content=\"https:\/\/mediatrade.fi\/wp-content\/uploads\/2022\/05\/1601984728_1597459.jpg\" \/>\n\t<meta property=\"og:image:width\" content=\"500\" \/>\n\t<meta property=\"og:image:height\" content=\"500\" \/>\n\t<meta property=\"og:image:type\" content=\"image\/jpeg\" \/>\n<meta name=\"twitter:card\" content=\"summary_large_image\" \/>\n<meta name=\"twitter:label1\" content=\"Est. reading time\" \/>\n\t<meta name=\"twitter:data1\" content=\"2 minutes\" \/>\n<script type=\"application\/ld+json\" class=\"yoast-schema-graph\">{\"@context\":\"https:\\\/\\\/schema.org\",\"@graph\":[{\"@type\":\"WebPage\",\"@id\":\"https:\\\/\\\/mediatrade.fi\\\/en\\\/product\\\/dcr822-a1b1-compact-digital-receiver\\\/\",\"url\":\"https:\\\/\\\/mediatrade.fi\\\/en\\\/product\\\/dcr822-a1b1-compact-digital-receiver\\\/\",\"name\":\"DCR822-A1B1 - Compact Digital Receiver - Mediatrade\",\"isPartOf\":{\"@id\":\"https:\\\/\\\/mediatrade.fi\\\/en\\\/#website\"},\"primaryImageOfPage\":{\"@id\":\"https:\\\/\\\/mediatrade.fi\\\/en\\\/product\\\/dcr822-a1b1-compact-digital-receiver\\\/#primaryimage\"},\"image\":{\"@id\":\"https:\\\/\\\/mediatrade.fi\\\/en\\\/product\\\/dcr822-a1b1-compact-digital-receiver\\\/#primaryimage\"},\"thumbnailUrl\":\"https:\\\/\\\/mediatrade.fi\\\/wp-content\\\/uploads\\\/2022\\\/05\\\/1601984728_1597459.jpg\",\"datePublished\":\"2025-01-21T21:22:49+00:00\",\"dateModified\":\"2026-01-23T10:06:15+00:00\",\"description\":\"Lectrosonics DCR822 is a compact, dual-channel digital wireless receiver that offers twice the channels in the same physical size.\",\"breadcrumb\":{\"@id\":\"https:\\\/\\\/mediatrade.fi\\\/en\\\/product\\\/dcr822-a1b1-compact-digital-receiver\\\/#breadcrumb\"},\"inLanguage\":\"en-US\",\"potentialAction\":[{\"@type\":\"ReadAction\",\"target\":[\"https:\\\/\\\/mediatrade.fi\\\/en\\\/product\\\/dcr822-a1b1-compact-digital-receiver\\\/\"]}]},{\"@type\":\"ImageObject\",\"inLanguage\":\"en-US\",\"@id\":\"https:\\\/\\\/mediatrade.fi\\\/en\\\/product\\\/dcr822-a1b1-compact-digital-receiver\\\/#primaryimage\",\"url\":\"https:\\\/\\\/mediatrade.fi\\\/wp-content\\\/uploads\\\/2022\\\/05\\\/1601984728_1597459.jpg\",\"contentUrl\":\"https:\\\/\\\/mediatrade.fi\\\/wp-content\\\/uploads\\\/2022\\\/05\\\/1601984728_1597459.jpg\",\"width\":500,\"height\":500},{\"@type\":\"BreadcrumbList\",\"@id\":\"https:\\\/\\\/mediatrade.fi\\\/en\\\/product\\\/dcr822-a1b1-compact-digital-receiver\\\/#breadcrumb\",\"itemListElement\":[{\"@type\":\"ListItem\",\"position\":1,\"name\":\"Front Page\",\"item\":\"https:\\\/\\\/mediatrade.fi\\\/en\\\/\"},{\"@type\":\"ListItem\",\"position\":2,\"name\":\"Shop\",\"item\":\"https:\\\/\\\/mediatrade.fi\\\/en\\\/shop\\\/\"},{\"@type\":\"ListItem\",\"position\":3,\"name\":\"DCR822-A1B1 &#8211; Compact Digital Receiver\"}]},{\"@type\":\"WebSite\",\"@id\":\"https:\\\/\\\/mediatrade.fi\\\/en\\\/#website\",\"url\":\"https:\\\/\\\/mediatrade.fi\\\/en\\\/\",\"name\":\"Mediatrade\",\"description\":\"\",\"publisher\":{\"@id\":\"https:\\\/\\\/mediatrade.fi\\\/en\\\/#organization\"},\"potentialAction\":[{\"@type\":\"SearchAction\",\"target\":{\"@type\":\"EntryPoint\",\"urlTemplate\":\"https:\\\/\\\/mediatrade.fi\\\/en\\\/?s={search_term_string}\"},\"query-input\":{\"@type\":\"PropertyValueSpecification\",\"valueRequired\":true,\"valueName\":\"search_term_string\"}}],\"inLanguage\":\"en-US\"},{\"@type\":\"Organization\",\"@id\":\"https:\\\/\\\/mediatrade.fi\\\/en\\\/#organization\",\"name\":\"Mediatrade\",\"url\":\"https:\\\/\\\/mediatrade.fi\\\/en\\\/\",\"logo\":{\"@type\":\"ImageObject\",\"inLanguage\":\"en-US\",\"@id\":\"https:\\\/\\\/mediatrade.fi\\\/en\\\/#\\\/schema\\\/logo\\\/image\\\/\",\"url\":\"https:\\\/\\\/mediatrade.fi\\\/wp-content\\\/uploads\\\/2022\\\/04\\\/Group-640.svg\",\"contentUrl\":\"https:\\\/\\\/mediatrade.fi\\\/wp-content\\\/uploads\\\/2022\\\/04\\\/Group-640.svg\",\"width\":128,\"height\":43,\"caption\":\"Mediatrade\"},\"image\":{\"@id\":\"https:\\\/\\\/mediatrade.fi\\\/en\\\/#\\\/schema\\\/logo\\\/image\\\/\"}}]}<\/script>\n<!-- \/ Yoast SEO plugin. -->","yoast_head_json":{"title":"DCR822-A1B1 - Compact Digital Receiver - Mediatrade","description":"Lectrosonics DCR822 is a compact, dual-channel digital wireless receiver that offers twice the channels in the same physical size.","robots":{"index":"index","follow":"follow","max-snippet":"max-snippet:-1","max-image-preview":"max-image-preview:large","max-video-preview":"max-video-preview:-1"},"canonical":"https:\/\/mediatrade.fi\/en\/product\/dcr822-a1b1-compact-digital-receiver\/","og_locale":"en_US","og_type":"article","og_title":"DCR822-A1B1 - Compact Digital Receiver - Mediatrade","og_description":"Lectrosonics DCR822 is a compact, dual-channel digital wireless receiver that offers twice the channels in the same physical size.","og_url":"https:\/\/mediatrade.fi\/en\/product\/dcr822-a1b1-compact-digital-receiver\/","og_site_name":"Mediatrade","article_modified_time":"2026-01-23T10:06:15+00:00","og_image":[{"width":500,"height":500,"url":"https:\/\/mediatrade.fi\/wp-content\/uploads\/2022\/05\/1601984728_1597459.jpg","type":"image\/jpeg"}],"twitter_card":"summary_large_image","twitter_misc":{"Est. reading time":"2 minutes"},"schema":{"@context":"https:\/\/schema.org","@graph":[{"@type":"WebPage","@id":"https:\/\/mediatrade.fi\/en\/product\/dcr822-a1b1-compact-digital-receiver\/","url":"https:\/\/mediatrade.fi\/en\/product\/dcr822-a1b1-compact-digital-receiver\/","name":"DCR822-A1B1 - Compact Digital Receiver - Mediatrade","isPartOf":{"@id":"https:\/\/mediatrade.fi\/en\/#website"},"primaryImageOfPage":{"@id":"https:\/\/mediatrade.fi\/en\/product\/dcr822-a1b1-compact-digital-receiver\/#primaryimage"},"image":{"@id":"https:\/\/mediatrade.fi\/en\/product\/dcr822-a1b1-compact-digital-receiver\/#primaryimage"},"thumbnailUrl":"https:\/\/mediatrade.fi\/wp-content\/uploads\/2022\/05\/1601984728_1597459.jpg","datePublished":"2025-01-21T21:22:49+00:00","dateModified":"2026-01-23T10:06:15+00:00","description":"Lectrosonics DCR822 is a compact, dual-channel digital wireless receiver that offers twice the channels in the same physical size.","breadcrumb":{"@id":"https:\/\/mediatrade.fi\/en\/product\/dcr822-a1b1-compact-digital-receiver\/#breadcrumb"},"inLanguage":"en-US","potentialAction":[{"@type":"ReadAction","target":["https:\/\/mediatrade.fi\/en\/product\/dcr822-a1b1-compact-digital-receiver\/"]}]},{"@type":"ImageObject","inLanguage":"en-US","@id":"https:\/\/mediatrade.fi\/en\/product\/dcr822-a1b1-compact-digital-receiver\/#primaryimage","url":"https:\/\/mediatrade.fi\/wp-content\/uploads\/2022\/05\/1601984728_1597459.jpg","contentUrl":"https:\/\/mediatrade.fi\/wp-content\/uploads\/2022\/05\/1601984728_1597459.jpg","width":500,"height":500},{"@type":"BreadcrumbList","@id":"https:\/\/mediatrade.fi\/en\/product\/dcr822-a1b1-compact-digital-receiver\/#breadcrumb","itemListElement":[{"@type":"ListItem","position":1,"name":"Front Page","item":"https:\/\/mediatrade.fi\/en\/"},{"@type":"ListItem","position":2,"name":"Shop","item":"https:\/\/mediatrade.fi\/en\/shop\/"},{"@type":"ListItem","position":3,"name":"DCR822-A1B1 &#8211; Compact Digital Receiver"}]},{"@type":"WebSite","@id":"https:\/\/mediatrade.fi\/en\/#website","url":"https:\/\/mediatrade.fi\/en\/","name":"Mediatrade","description":"","publisher":{"@id":"https:\/\/mediatrade.fi\/en\/#organization"},"potentialAction":[{"@type":"SearchAction","target":{"@type":"EntryPoint","urlTemplate":"https:\/\/mediatrade.fi\/en\/?s={search_term_string}"},"query-input":{"@type":"PropertyValueSpecification","valueRequired":true,"valueName":"search_term_string"}}],"inLanguage":"en-US"},{"@type":"Organization","@id":"https:\/\/mediatrade.fi\/en\/#organization","name":"Mediatrade","url":"https:\/\/mediatrade.fi\/en\/","logo":{"@type":"ImageObject","inLanguage":"en-US","@id":"https:\/\/mediatrade.fi\/en\/#\/schema\/logo\/image\/","url":"https:\/\/mediatrade.fi\/wp-content\/uploads\/2022\/04\/Group-640.svg","contentUrl":"https:\/\/mediatrade.fi\/wp-content\/uploads\/2022\/04\/Group-640.svg","width":128,"height":43,"caption":"Mediatrade"},"image":{"@id":"https:\/\/mediatrade.fi\/en\/#\/schema\/logo\/image\/"}}]}},"_links":{"self":[{"href":"https:\/\/mediatrade.fi\/en\/wp-json\/wp\/v2\/product\/398099","targetHints":{"allow":["GET"]}}],"collection":[{"href":"https:\/\/mediatrade.fi\/en\/wp-json\/wp\/v2\/product"}],"about":[{"href":"https:\/\/mediatrade.fi\/en\/wp-json\/wp\/v2\/types\/product"}],"wp:featuredmedia":[{"embeddable":true,"href":"https:\/\/mediatrade.fi\/en\/wp-json\/wp\/v2\/media\/94074"}],"wp:attachment":[{"href":"https:\/\/mediatrade.fi\/en\/wp-json\/wp\/v2\/media?parent=398099"}],"wp:term":[{"taxonomy":"product_brand","embeddable":true,"href":"https:\/\/mediatrade.fi\/en\/wp-json\/wp\/v2\/product_brand?post=398099"},{"taxonomy":"product_cat","embeddable":true,"href":"https:\/\/mediatrade.fi\/en\/wp-json\/wp\/v2\/product_cat?post=398099"},{"taxonomy":"product_tag","embeddable":true,"href":"https:\/\/mediatrade.fi\/en\/wp-json\/wp\/v2\/product_tag?post=398099"},{"taxonomy":"brands","embeddable":true,"href":"https:\/\/mediatrade.fi\/en\/wp-json\/wp\/v2\/brands?post=398099"},{"taxonomy":"id_product_type","embeddable":true,"href":"https:\/\/mediatrade.fi\/en\/wp-json\/wp\/v2\/id_product_type?post=398099"}],"curies":[{"name":"wp","href":"https:\/\/api.w.org\/{rel}","templated":true}]}}